{"id":724,"date":"2024-10-12T21:39:54","date_gmt":"2024-10-12T21:39:54","guid":{"rendered":"https:\/\/frcs-research.com\/?post_type=product&#038;p=724"},"modified":"2026-04-15T20:22:36","modified_gmt":"2026-04-15T20:22:36","slug":"4-mmc-pulver-zu-verkaufen","status":"publish","type":"product","link":"https:\/\/frcs-research.com\/de\/product\/4-mmc-pulver-zu-verkaufen\/","title":{"rendered":"4-MMC"},"content":{"rendered":"<h1>Kaufen Sie Mephedron (4-MMC) online<\/h1>\n<p>Mephedron, auch bekannt als <strong>4-MMC<\/strong>ist ein beliebtes <strong>synthetisches Cathinon<\/strong> bekannt f\u00fcr seine stimulierende und empathogene Wirkung, wodurch es Substanzen wie <strong>MDMA<\/strong> Und <strong>Amphetamine<\/strong>Wenn Sie auf der Suche nach <strong>Mephedron kaufen<\/strong> f\u00fcr Forschungszwecke oder zu anderen Zwecken, <strong>FRCS-Forschung<\/strong> Angebote <strong>hochreines 4-MMC<\/strong> in Pulverform, ideal f\u00fcr Laborstudien. Diese Verbindung wird umfassend untersucht auf ihre Auswirkungen auf <strong>Dopamin- und Serotoninrezeptoren<\/strong>, was es zu einem festen Bestandteil in vielen Forschungsumgebungen macht.<\/p>\n<ul>\n<li><strong>Schlagw\u00f6rter<\/strong>: Mephedron online kaufen, 4-MMC-Pulver zu verkaufen, Mephedron-Forschungschemikalien kaufen, wo man synthetische Cathinone kaufen kann.<\/li>\n<li><strong>Aufruf zum Handeln<\/strong>: Kaufen <strong>Mephedron (4-MMC)<\/strong> Pulver noch heute und profitieren Sie vom schnellen, diskreten Versand beim sicheren Online-Kauf.<\/li>\n<\/ul>","protected":false},"excerpt":{"rendered":"<p>Buy Mephedrone (4-MMC) Online Mephedrone, also known as 4-MMC, is a popular synthetic cathinone known for its stimulating and empathogenic effects, making it similar to substances like MDMA and amphetamines.&hellip;<\/p>\n<p class=\"product woocommerce add_to_cart_inline\" style=\"border:4px solid #ccc; padding: 12px;\"><del aria-hidden=\"true\"><span class=\"woocommerce-Price-amount amount\"><bdi><span class=\"woocommerce-Price-currencySymbol\">&euro;<\/span>2,600.00<\/bdi><\/span><\/del> <span class=\"screen-reader-text\" data-no-translation=\"\" data-trp-gettext=\"\">Urspr\u00fcnglicher Preis war: &euro;2,600.00.<\/span><ins aria-hidden=\"true\"><span class=\"woocommerce-Price-amount amount\"><bdi><span class=\"woocommerce-Price-currencySymbol\">&euro;<\/span>2,400.00<\/bdi><\/span><\/ins><span class=\"screen-reader-text\" data-no-translation=\"\" data-trp-gettext=\"\">Der aktuelle Preis betr\u00e4gt: &euro;2,400.00.<\/span><a href=\"\/de\/wp-json\/wp\/v2\/product\/724?add-to-cart=724\" aria-describedby=\"woocommerce_loop_add_to_cart_link_describedby_724\" data-quantity=\"1\" class=\"button product_type_simple add_to_cart_button ajax_add_to_cart\" data-product_id=\"724\" data-product_sku=\"\" aria-label=\"In den Warenkorb legen: \u201e4-MMC\u201c\" rel=\"nofollow\" data-success_message=\"\u201e4-MMC\u201c wurde deinem Warenkorb hinzugef\u00fcgt\" data-no-translation=\"\" data-trp-gettext=\"\" data-no-translation-aria-label=\"\" data-no-translation-data-success_message=\"\">In den Warenkorb legen<\/a>\t<span id=\"woocommerce_loop_add_to_cart_link_describedby_724\" class=\"screen-reader-text\"><br \/>\n\t\t\t<\/span><\/p>","protected":false},"featured_media":725,"comment_status":"open","ping_status":"closed","template":"","meta":{"_uag_custom_page_level_css":""},"product_brand":[],"product_cat":[26],"product_tag":[269,270,264,261,263,257,271,267,268,262,258,266,265,259,260],"class_list":{"0":"post-724","1":"product","2":"type-product","3":"status-publish","4":"has-post-thumbnail","6":"product_cat-synthetic-cathinones","7":"product_tag-4-methylmethcathinone-bulk-buy","8":"product_tag-4-mmc-cheap-price","9":"product_tag-best-place-to-buy-mephedrone","10":"product_tag-buy-4-methylmethcathinone-legally","11":"product_tag-buy-meow-meow-powder","12":"product_tag-buy-mephedrone-online","13":"product_tag-buy-pure-mephedrone","14":"product_tag-buy-research-chemicals-4-mmc","15":"product_tag-meow-meow-fast-shipping","16":"product_tag-mephedrone-4mmc-buy","17":"product_tag-mephedrone-for-sale","18":"product_tag-mephedrone-vendor","19":"product_tag-order-4-mmc-online","20":"product_tag-purchase-4-mmc","21":"product_tag-where-to-buy-mephedrone","23":"first","24":"instock","25":"sale","26":"shipping-taxable","27":"purchasable","28":"product-type-simple"},"yoast_head":"<!-- This site is optimized with the Yoast SEO plugin v27.1.1 - https:\/\/yoast.com\/product\/yoast-seo-wordpress\/ -->\n<title>Buy Mephedrone (4-MMC) Powder Online | High-Purity Research<\/title>\n<meta name=\"description\" content=\"4-MMC powder for sale, premium-quality Mephedrone (4-MMC) powder from FRCS Research. Get fast, secure shipping and discreet delivery of 4-MMC\" \/>\n<meta name=\"robots\" content=\"index, follow, max-snippet:-1, max-image-preview:large, max-video-preview:-1\" \/>\n<link rel=\"canonical\" href=\"https:\/\/frcs-research.com\/de\/product\/4-mmc-pulver-zu-verkaufen\/\" \/>\n<meta property=\"og:locale\" content=\"de_DE\" \/>\n<meta property=\"og:type\" content=\"article\" \/>\n<meta property=\"og:title\" content=\"Buy Mephedrone (4-MMC) Powder Online | High-Purity Research\" \/>\n<meta property=\"og:description\" content=\"4-MMC powder for sale, premium-quality Mephedrone (4-MMC) powder from FRCS Research. Get fast, secure shipping and discreet delivery of 4-MMC\" \/>\n<meta property=\"og:url\" content=\"https:\/\/frcs-research.com\/de\/product\/4-mmc-pulver-zu-verkaufen\/\" \/>\n<meta property=\"og:site_name\" content=\"wholesale supplier of research chemicals, 4mmc, 3mmc, MDPHP, Alpha PVP and more\" \/>\n<meta property=\"article:modified_time\" content=\"2026-04-15T20:22:36+00:00\" \/>\n<meta property=\"og:image\" content=\"https:\/\/frcs-research.com\/wp-content\/uploads\/2024\/10\/1_RpLx7mJH84OMoNkXThkJqQ-1.jpeg\" \/>\n\t<meta property=\"og:image:width\" content=\"600\" \/>\n\t<meta property=\"og:image:height\" content=\"600\" \/>\n\t<meta property=\"og:image:type\" content=\"image\/jpeg\" \/>\n<meta name=\"twitter:card\" content=\"summary_large_image\" \/>\n<meta name=\"twitter:label1\" content=\"Preis\" \/>\n\t<meta name=\"twitter:data1\" content=\"&euro;2,400.00\" \/>\n\t<meta name=\"twitter:label2\" content=\"Verf\u00fcgbarkeit\" \/>\n\t<meta name=\"twitter:data2\" content=\"Auf Lager\" \/>\n<script type=\"application\/ld+json\" class=\"yoast-schema-graph\">{\"@context\":\"https:\/\/schema.org\",\"@graph\":[{\"@type\":[\"WebPage\",\"ItemPage\"],\"@id\":\"https:\/\/frcs-research.com\/product\/4-mmc-powder-for-sale\/\",\"url\":\"https:\/\/frcs-research.com\/product\/4-mmc-powder-for-sale\/\",\"name\":\"Buy Mephedrone (4-MMC) Powder Online | High-Purity Research\",\"isPartOf\":{\"@id\":\"https:\/\/frcs-research.com\/#website\"},\"primaryImageOfPage\":{\"@id\":\"https:\/\/frcs-research.com\/product\/4-mmc-powder-for-sale\/#primaryimage\"},\"image\":{\"@id\":\"https:\/\/frcs-research.com\/product\/4-mmc-powder-for-sale\/#primaryimage\"},\"thumbnailUrl\":\"https:\/\/frcs-research.com\/wp-content\/uploads\/2024\/10\/1_RpLx7mJH84OMoNkXThkJqQ-1.jpeg\",\"datePublished\":\"2024-10-12T21:39:54+00:00\",\"dateModified\":\"2026-04-15T20:22:36+00:00\",\"description\":\"4-MMC powder for sale, premium-quality Mephedrone (4-MMC) powder from FRCS Research. Get fast, secure shipping and discreet delivery of 4-MMC\",\"breadcrumb\":{\"@id\":\"https:\/\/frcs-research.com\/product\/4-mmc-powder-for-sale\/#breadcrumb\"},\"inLanguage\":\"de\",\"potentialAction\":[{\"@type\":\"ReadAction\",\"target\":[\"https:\/\/frcs-research.com\/product\/4-mmc-powder-for-sale\/\"]}]},{\"@type\":\"ImageObject\",\"inLanguage\":\"de\",\"@id\":\"https:\/\/frcs-research.com\/product\/4-mmc-powder-for-sale\/#primaryimage\",\"url\":\"https:\/\/frcs-research.com\/wp-content\/uploads\/2024\/10\/1_RpLx7mJH84OMoNkXThkJqQ-1.jpeg\",\"contentUrl\":\"https:\/\/frcs-research.com\/wp-content\/uploads\/2024\/10\/1_RpLx7mJH84OMoNkXThkJqQ-1.jpeg\",\"width\":600,\"height\":600},{\"@type\":\"BreadcrumbList\",\"@id\":\"https:\/\/frcs-research.com\/product\/4-mmc-powder-for-sale\/#breadcrumb\",\"itemListElement\":[{\"@type\":\"ListItem\",\"position\":1,\"name\":\"Home\",\"item\":\"https:\/\/frcs-research.com\/\"},{\"@type\":\"ListItem\",\"position\":2,\"name\":\"Shop\",\"item\":\"https:\/\/frcs-research.com\/shop\/\"},{\"@type\":\"ListItem\",\"position\":3,\"name\":\"4-MMC\"}]},{\"@type\":\"WebSite\",\"@id\":\"https:\/\/frcs-research.com\/#website\",\"url\":\"https:\/\/frcs-research.com\/\",\"name\":\"wholesale supplier of research chemicals, 4mmc, 3mmc, MDPHP, Alpha PVP and more\",\"description\":\"Wholesale research chemicals\",\"potentialAction\":[{\"@type\":\"SearchAction\",\"target\":{\"@type\":\"EntryPoint\",\"urlTemplate\":\"https:\/\/frcs-research.com\/?s={search_term_string}\"},\"query-input\":{\"@type\":\"PropertyValueSpecification\",\"valueRequired\":true,\"valueName\":\"search_term_string\"}}],\"inLanguage\":\"de\"}]}<\/script>\n<meta property=\"product:price:amount\" content=\"2400.00\" \/>\n<meta property=\"product:price:currency\" content=\"EUR\" \/>\n<meta property=\"og:availability\" content=\"instock\" \/>\n<meta property=\"product:availability\" content=\"instock\" \/>\n<meta property=\"product:condition\" content=\"new\" \/>\n<!-- \/ Yoast SEO plugin. -->","yoast_head_json":{"title":"Mephedron (4-MMC) Pulver online kaufen | Hochreine Forschung","description":"4-MMC-Pulver zu verkaufen, hochwertiges Mephedron-Pulver (4-MMC) von FRCS Research. Erhalten Sie schnellen, sicheren Versand und diskrete Lieferung von 4-MMC","robots":{"index":"index","follow":"follow","max-snippet":"max-snippet:-1","max-image-preview":"max-image-preview:large","max-video-preview":"max-video-preview:-1"},"canonical":"https:\/\/frcs-research.com\/de\/product\/4-mmc-pulver-zu-verkaufen\/","og_locale":"de_DE","og_type":"article","og_title":"Buy Mephedrone (4-MMC) Powder Online | High-Purity Research","og_description":"4-MMC powder for sale, premium-quality Mephedrone (4-MMC) powder from FRCS Research. Get fast, secure shipping and discreet delivery of 4-MMC","og_url":"https:\/\/frcs-research.com\/de\/product\/4-mmc-pulver-zu-verkaufen\/","og_site_name":"wholesale supplier of research chemicals, 4mmc, 3mmc, MDPHP, Alpha PVP and more","article_modified_time":"2026-04-15T20:22:36+00:00","og_image":[{"width":600,"height":600,"url":"https:\/\/frcs-research.com\/wp-content\/uploads\/2024\/10\/1_RpLx7mJH84OMoNkXThkJqQ-1.jpeg","type":"image\/jpeg"}],"twitter_card":"summary_large_image","twitter_misc":{"Preis":"&euro;2,400.00","Verf\u00fcgbarkeit":"Auf Lager"},"schema":{"@context":"https:\/\/schema.org","@graph":[{"@type":["WebPage","ItemPage"],"@id":"https:\/\/frcs-research.com\/product\/4-mmc-powder-for-sale\/","url":"https:\/\/frcs-research.com\/product\/4-mmc-powder-for-sale\/","name":"Mephedron (4-MMC) Pulver online kaufen | Hochreine Forschung","isPartOf":{"@id":"https:\/\/frcs-research.com\/#website"},"primaryImageOfPage":{"@id":"https:\/\/frcs-research.com\/product\/4-mmc-powder-for-sale\/#primaryimage"},"image":{"@id":"https:\/\/frcs-research.com\/product\/4-mmc-powder-for-sale\/#primaryimage"},"thumbnailUrl":"https:\/\/frcs-research.com\/wp-content\/uploads\/2024\/10\/1_RpLx7mJH84OMoNkXThkJqQ-1.jpeg","datePublished":"2024-10-12T21:39:54+00:00","dateModified":"2026-04-15T20:22:36+00:00","description":"4-MMC-Pulver zu verkaufen, hochwertiges Mephedron-Pulver (4-MMC) von FRCS Research. Erhalten Sie schnellen, sicheren Versand und diskrete Lieferung von 4-MMC","breadcrumb":{"@id":"https:\/\/frcs-research.com\/product\/4-mmc-powder-for-sale\/#breadcrumb"},"inLanguage":"de","potentialAction":[{"@type":"ReadAction","target":["https:\/\/frcs-research.com\/product\/4-mmc-powder-for-sale\/"]}]},{"@type":"ImageObject","inLanguage":"de","@id":"https:\/\/frcs-research.com\/product\/4-mmc-powder-for-sale\/#primaryimage","url":"https:\/\/frcs-research.com\/wp-content\/uploads\/2024\/10\/1_RpLx7mJH84OMoNkXThkJqQ-1.jpeg","contentUrl":"https:\/\/frcs-research.com\/wp-content\/uploads\/2024\/10\/1_RpLx7mJH84OMoNkXThkJqQ-1.jpeg","width":600,"height":600},{"@type":"BreadcrumbList","@id":"https:\/\/frcs-research.com\/product\/4-mmc-powder-for-sale\/#breadcrumb","itemListElement":[{"@type":"ListItem","position":1,"name":"Home","item":"https:\/\/frcs-research.com\/"},{"@type":"ListItem","position":2,"name":"Shop","item":"https:\/\/frcs-research.com\/shop\/"},{"@type":"ListItem","position":3,"name":"4-MMC"}]},{"@type":"WebSite","@id":"https:\/\/frcs-research.com\/#website","url":"https:\/\/frcs-research.com\/","name":"Gro\u00dfh\u00e4ndler f\u00fcr Forschungschemikalien, 4mmc, 3mmc, MDPHP, Alpha PVP und mehr","description":"Gro\u00dfhandel mit Forschungschemikalien","potentialAction":[{"@type":"SearchAction","target":{"@type":"EntryPoint","urlTemplate":"https:\/\/frcs-research.com\/?s={search_term_string}"},"query-input":{"@type":"PropertyValueSpecification","valueRequired":true,"valueName":"search_term_string"}}],"inLanguage":"de"}]},"product_price_amount":"2400.00","product_price_currency":"EUR","og_availability":"instock","product_availability":"instock","product_condition":"new"},"uagb_featured_image_src":{"full":["https:\/\/frcs-research.com\/wp-content\/uploads\/2024\/10\/1_RpLx7mJH84OMoNkXThkJqQ-1.jpeg",600,600,false],"thumbnail":["https:\/\/frcs-research.com\/wp-content\/uploads\/2024\/10\/1_RpLx7mJH84OMoNkXThkJqQ-1-150x150.jpeg",150,150,true],"medium":["https:\/\/frcs-research.com\/wp-content\/uploads\/2024\/10\/1_RpLx7mJH84OMoNkXThkJqQ-1-300x300.jpeg",300,300,true],"medium_large":["https:\/\/frcs-research.com\/wp-content\/uploads\/2024\/10\/1_RpLx7mJH84OMoNkXThkJqQ-1.jpeg",600,600,false],"large":["https:\/\/frcs-research.com\/wp-content\/uploads\/2024\/10\/1_RpLx7mJH84OMoNkXThkJqQ-1.jpeg",600,600,false],"1536x1536":["https:\/\/frcs-research.com\/wp-content\/uploads\/2024\/10\/1_RpLx7mJH84OMoNkXThkJqQ-1.jpeg",600,600,false],"2048x2048":["https:\/\/frcs-research.com\/wp-content\/uploads\/2024\/10\/1_RpLx7mJH84OMoNkXThkJqQ-1.jpeg",600,600,false],"trp-custom-language-flag":["https:\/\/frcs-research.com\/wp-content\/uploads\/2024\/10\/1_RpLx7mJH84OMoNkXThkJqQ-1.jpeg",12,12,false],"post-thumbnail":["https:\/\/frcs-research.com\/wp-content\/uploads\/2024\/10\/1_RpLx7mJH84OMoNkXThkJqQ-1.jpeg",600,600,false],"elite-commerce-slider":["https:\/\/frcs-research.com\/wp-content\/uploads\/2024\/10\/1_RpLx7mJH84OMoNkXThkJqQ-1.jpeg",600,600,false],"elite-commerce-hero":["https:\/\/frcs-research.com\/wp-content\/uploads\/2024\/10\/1_RpLx7mJH84OMoNkXThkJqQ-1.jpeg",600,600,false],"elite-commerce-portfolio":["https:\/\/frcs-research.com\/wp-content\/uploads\/2024\/10\/1_RpLx7mJH84OMoNkXThkJqQ-1.jpeg",400,400,false],"woocommerce_thumbnail":["https:\/\/frcs-research.com\/wp-content\/uploads\/2024\/10\/1_RpLx7mJH84OMoNkXThkJqQ-1-300x300.jpeg",300,300,true],"woocommerce_single":["https:\/\/frcs-research.com\/wp-content\/uploads\/2024\/10\/1_RpLx7mJH84OMoNkXThkJqQ-1.jpeg",600,600,false],"woocommerce_gallery_thumbnail":["https:\/\/frcs-research.com\/wp-content\/uploads\/2024\/10\/1_RpLx7mJH84OMoNkXThkJqQ-1-100x100.jpeg",100,100,true]},"uagb_author_info":{"display_name":"Richard Wood","author_link":"https:\/\/frcs-research.com\/de\/author\/"},"uagb_comment_info":871,"uagb_excerpt":"Buy Mephedrone (4-MMC) Online Mephedrone, also known as 4-MMC, is a popular synthetic cathinone known for its stimulating and empathogenic effects, making it similar to substances like MDMA and amphetamines.&hellip;&euro;2,600.00 Urspr\u00fcnglicher Preis war: &euro;2,600.00.&euro;2,400.00Der aktuelle Preis betr\u00e4gt: &euro;2,400.00.In den Warenkorb legen","_links":{"self":[{"href":"https:\/\/frcs-research.com\/de\/wp-json\/wp\/v2\/product\/724","targetHints":{"allow":["GET"]}}],"collection":[{"href":"https:\/\/frcs-research.com\/de\/wp-json\/wp\/v2\/product"}],"about":[{"href":"https:\/\/frcs-research.com\/de\/wp-json\/wp\/v2\/types\/product"}],"replies":[{"embeddable":true,"href":"https:\/\/frcs-research.com\/de\/wp-json\/wp\/v2\/comments?post=724"}],"wp:featuredmedia":[{"embeddable":true,"href":"https:\/\/frcs-research.com\/de\/wp-json\/wp\/v2\/media\/725"}],"wp:attachment":[{"href":"https:\/\/frcs-research.com\/de\/wp-json\/wp\/v2\/media?parent=724"}],"wp:term":[{"taxonomy":"product_brand","embeddable":true,"href":"https:\/\/frcs-research.com\/de\/wp-json\/wp\/v2\/product_brand?post=724"},{"taxonomy":"product_cat","embeddable":true,"href":"https:\/\/frcs-research.com\/de\/wp-json\/wp\/v2\/product_cat?post=724"},{"taxonomy":"product_tag","embeddable":true,"href":"https:\/\/frcs-research.com\/de\/wp-json\/wp\/v2\/product_tag?post=724"}],"curies":[{"name":"wp","href":"https:\/\/api.w.org\/{rel}","templated":true}]}}