{"id":739,"date":"2024-10-12T22:16:14","date_gmt":"2024-10-12T22:16:14","guid":{"rendered":"https:\/\/frcs-research.com\/?post_type=product&#038;p=739"},"modified":"2026-04-03T13:02:30","modified_gmt":"2026-04-03T13:02:30","slug":"methoxetamin-kaufen","status":"publish","type":"product","link":"https:\/\/frcs-research.com\/de\/product\/methoxetamin-kaufen\/","title":{"rendered":"Methoxetamine (MXE) 100g"},"content":{"rendered":"<h3><strong>Kaufen Sie Methoxetamin (MXE)-Pulver online<\/strong><\/h3>\n<p>Wir freuen uns auf <strong>Methoxetamin (MXE)-Pulver kaufen<\/strong> f\u00fcr Ihre Forschung? <strong>Methoxetamin<\/strong> ist eine bemerkenswerte dissoziative Forschungschemikalie, bekannt f\u00fcr ihre strukturelle \u00c4hnlichkeit mit <strong>Ketamin<\/strong>, bietet einzigartige Eigenschaften f\u00fcr das Studium <strong>NMDA-Rezeptor<\/strong> Interaktionen. Es hat durch seine Anwendung in kognitiven und Verhaltensstudien Aufmerksamkeit erregt. <strong>FRCS-Forschung<\/strong> bietet hochreine <strong>MXE-Pulver<\/strong> speziell f\u00fcr Forschungszwecke, um Konsistenz und Qualit\u00e4t Ihrer Laborexperimente zu gew\u00e4hrleisten.<\/p>\n<ul>\n<li><strong>Schlagw\u00f6rter<\/strong>: MXE online kaufen, Methoxetamin kaufen, MXE-Pulver zu verkaufen, Forschungschemikalien MXE.<\/li>\n<li><strong>Aufruf zum Handeln<\/strong>: Sichern Sie Ihre <strong>Methoxetaminpulver<\/strong> aus <strong>FRCS-Forschung<\/strong> und profitieren Sie von diskretem, weltweitem Versand. Ideal f\u00fcr <strong>Kognitions- und Verhaltensforschung<\/strong>.<\/li>\n<\/ul>","protected":false},"excerpt":{"rendered":"<p>Purchase Methoxetamine (MXE) Powder Online Looking to buy methoxetamine (MXE) powder for your research? Methoxetamine is a notable dissociative research chemical known for its structural similarity to ketamine, offering unique&hellip;<\/p>\n<p class=\"product woocommerce add_to_cart_inline\" style=\"border:4px solid #ccc; padding: 12px;\"><del aria-hidden=\"true\"><span class=\"woocommerce-Price-amount amount\"><bdi><span class=\"woocommerce-Price-currencySymbol\">&euro;<\/span>280.00<\/bdi><\/span><\/del> <span class=\"screen-reader-text\" data-no-translation=\"\" data-trp-gettext=\"\">Urspr\u00fcnglicher Preis war: &euro;280.00.<\/span><ins aria-hidden=\"true\"><span class=\"woocommerce-Price-amount amount\"><bdi><span class=\"woocommerce-Price-currencySymbol\">&euro;<\/span>265.00<\/bdi><\/span><\/ins><span class=\"screen-reader-text\" data-no-translation=\"\" data-trp-gettext=\"\">Der aktuelle Preis betr\u00e4gt: &euro;265.00.<\/span><a href=\"\/de\/wp-json\/wp\/v2\/product\/739?add-to-cart=739\" aria-describedby=\"woocommerce_loop_add_to_cart_link_describedby_739\" data-quantity=\"1\" class=\"button product_type_simple add_to_cart_button ajax_add_to_cart\" data-product_id=\"739\" data-product_sku=\"\" aria-label=\"In den Warenkorb legen: \u201eMethoxetamine (MXE) 100g\u201c\" rel=\"nofollow\" data-success_message=\"\u201eMethoxetamine (MXE) 100g\u201c wurde deinem Warenkorb hinzugef\u00fcgt\" data-no-translation=\"\" data-trp-gettext=\"\" data-no-translation-aria-label=\"\" data-no-translation-data-success_message=\"\">In den Warenkorb legen<\/a>\t<span id=\"woocommerce_loop_add_to_cart_link_describedby_739\" class=\"screen-reader-text\"><br \/>\n\t\t\t<\/span><\/p>","protected":false},"featured_media":740,"comment_status":"open","ping_status":"closed","template":"","meta":{"_uag_custom_page_level_css":""},"product_brand":[],"product_cat":[28],"product_tag":[208,194,206,199,197,201,207,202,204,198,200,195,205,203,196],"class_list":{"0":"post-739","1":"product","2":"type-product","3":"status-publish","4":"has-post-thumbnail","6":"product_cat-dissociatives","7":"product_tag-buy-methoxetamine-in-bulk","8":"product_tag-buy-methoxetamine-online","9":"product_tag-buy-methoxetamine-safely","10":"product_tag-buy-methoxetamine-usa","11":"product_tag-buy-mxe-online-legally","12":"product_tag-buy-mxe-powder","13":"product_tag-find-methoxetamine-online","14":"product_tag-methoxetamine-for-sale","15":"product_tag-methoxetamine-online-shop","16":"product_tag-methoxetamine-vendors","17":"product_tag-order-methoxetamine-europe","18":"product_tag-order-mxe","19":"product_tag-purchase-mxe-powder","20":"product_tag-where-to-buy-mxe-online","21":"product_tag-where-to-purchase-methoxetamine","23":"first","24":"instock","25":"sale","26":"shipping-taxable","27":"purchasable","28":"product-type-simple"},"yoast_head":"<!-- This site is optimized with the Yoast SEO plugin v27.1.1 - https:\/\/yoast.com\/product\/yoast-seo-wordpress\/ -->\n<title>Buy Methoxetamine (MXE) Powder Online for Research<\/title>\n<meta name=\"description\" content=\"Buy methoxetamine (MXE) high purity powder for research at FRCS Research. Ideal for cognitive and behavioral studies. Enjoy secure shipping options.\" \/>\n<meta name=\"robots\" content=\"index, follow, max-snippet:-1, max-image-preview:large, max-video-preview:-1\" \/>\n<link rel=\"canonical\" href=\"https:\/\/frcs-research.com\/de\/product\/methoxetamin-kaufen\/\" \/>\n<meta property=\"og:locale\" content=\"de_DE\" \/>\n<meta property=\"og:type\" content=\"article\" \/>\n<meta property=\"og:title\" content=\"Buy Methoxetamine (MXE) Powder Online for Research\" \/>\n<meta property=\"og:description\" content=\"Buy methoxetamine (MXE) high purity powder for research at FRCS Research. Ideal for cognitive and behavioral studies. Enjoy secure shipping options.\" \/>\n<meta property=\"og:url\" content=\"https:\/\/frcs-research.com\/de\/product\/methoxetamin-kaufen\/\" \/>\n<meta property=\"og:site_name\" content=\"wholesale supplier of research chemicals, 4mmc, 3mmc, MDPHP, Alpha PVP and more\" \/>\n<meta property=\"article:modified_time\" content=\"2026-04-03T13:02:30+00:00\" \/>\n<meta property=\"og:image\" content=\"https:\/\/frcs-research.com\/wp-content\/uploads\/2024\/10\/methoxetamine-powder-1642738.jpg\" \/>\n\t<meta property=\"og:image:width\" content=\"420\" \/>\n\t<meta property=\"og:image:height\" content=\"314\" \/>\n\t<meta property=\"og:image:type\" content=\"image\/jpeg\" \/>\n<meta name=\"twitter:card\" content=\"summary_large_image\" \/>\n<meta name=\"twitter:label1\" content=\"Preis\" \/>\n\t<meta name=\"twitter:data1\" content=\"&euro;265.00\" \/>\n\t<meta name=\"twitter:label2\" content=\"Verf\u00fcgbarkeit\" \/>\n\t<meta name=\"twitter:data2\" content=\"Auf Lager\" \/>\n<script type=\"application\/ld+json\" class=\"yoast-schema-graph\">{\"@context\":\"https:\/\/schema.org\",\"@graph\":[{\"@type\":[\"WebPage\",\"ItemPage\"],\"@id\":\"https:\/\/frcs-research.com\/product\/buy-methoxetamine\/\",\"url\":\"https:\/\/frcs-research.com\/product\/buy-methoxetamine\/\",\"name\":\"Buy Methoxetamine (MXE) Powder Online for Research\",\"isPartOf\":{\"@id\":\"https:\/\/frcs-research.com\/#website\"},\"primaryImageOfPage\":{\"@id\":\"https:\/\/frcs-research.com\/product\/buy-methoxetamine\/#primaryimage\"},\"image\":{\"@id\":\"https:\/\/frcs-research.com\/product\/buy-methoxetamine\/#primaryimage\"},\"thumbnailUrl\":\"https:\/\/frcs-research.com\/wp-content\/uploads\/2024\/10\/methoxetamine-powder-1642738.jpg\",\"datePublished\":\"2024-10-12T22:16:14+00:00\",\"dateModified\":\"2026-04-03T13:02:30+00:00\",\"description\":\"Buy methoxetamine (MXE) high purity powder for research at FRCS Research. Ideal for cognitive and behavioral studies. Enjoy secure shipping options.\",\"breadcrumb\":{\"@id\":\"https:\/\/frcs-research.com\/product\/buy-methoxetamine\/#breadcrumb\"},\"inLanguage\":\"de\",\"potentialAction\":[{\"@type\":\"ReadAction\",\"target\":[\"https:\/\/frcs-research.com\/product\/buy-methoxetamine\/\"]}]},{\"@type\":\"ImageObject\",\"inLanguage\":\"de\",\"@id\":\"https:\/\/frcs-research.com\/product\/buy-methoxetamine\/#primaryimage\",\"url\":\"https:\/\/frcs-research.com\/wp-content\/uploads\/2024\/10\/methoxetamine-powder-1642738.jpg\",\"contentUrl\":\"https:\/\/frcs-research.com\/wp-content\/uploads\/2024\/10\/methoxetamine-powder-1642738.jpg\",\"width\":420,\"height\":314,\"caption\":\"buy methoxetamine\"},{\"@type\":\"BreadcrumbList\",\"@id\":\"https:\/\/frcs-research.com\/product\/buy-methoxetamine\/#breadcrumb\",\"itemListElement\":[{\"@type\":\"ListItem\",\"position\":1,\"name\":\"Home\",\"item\":\"https:\/\/frcs-research.com\/\"},{\"@type\":\"ListItem\",\"position\":2,\"name\":\"Shop\",\"item\":\"https:\/\/frcs-research.com\/shop\/\"},{\"@type\":\"ListItem\",\"position\":3,\"name\":\"Methoxetamine (MXE) 100g\"}]},{\"@type\":\"WebSite\",\"@id\":\"https:\/\/frcs-research.com\/#website\",\"url\":\"https:\/\/frcs-research.com\/\",\"name\":\"wholesale supplier of research chemicals, 4mmc, 3mmc, MDPHP, Alpha PVP and more\",\"description\":\"Wholesale research chemicals\",\"potentialAction\":[{\"@type\":\"SearchAction\",\"target\":{\"@type\":\"EntryPoint\",\"urlTemplate\":\"https:\/\/frcs-research.com\/?s={search_term_string}\"},\"query-input\":{\"@type\":\"PropertyValueSpecification\",\"valueRequired\":true,\"valueName\":\"search_term_string\"}}],\"inLanguage\":\"de\"}]}<\/script>\n<meta property=\"product:price:amount\" content=\"265.00\" \/>\n<meta property=\"product:price:currency\" content=\"EUR\" \/>\n<meta property=\"og:availability\" content=\"instock\" \/>\n<meta property=\"product:availability\" content=\"instock\" \/>\n<meta property=\"product:condition\" content=\"new\" \/>\n<!-- \/ Yoast SEO plugin. -->","yoast_head_json":{"title":"Kaufen Sie Methoxetamin (MXE)-Pulver online f\u00fcr Forschungszwecke","description":"Kaufen Sie hochreines Methoxetamin (MXE)-Pulver f\u00fcr Forschungszwecke bei FRCS Research. Ideal f\u00fcr kognitive und Verhaltensstudien. Profitieren Sie von sicheren Versandoptionen.","robots":{"index":"index","follow":"follow","max-snippet":"max-snippet:-1","max-image-preview":"max-image-preview:large","max-video-preview":"max-video-preview:-1"},"canonical":"https:\/\/frcs-research.com\/de\/product\/methoxetamin-kaufen\/","og_locale":"de_DE","og_type":"article","og_title":"Buy Methoxetamine (MXE) Powder Online for Research","og_description":"Buy methoxetamine (MXE) high purity powder for research at FRCS Research. Ideal for cognitive and behavioral studies. Enjoy secure shipping options.","og_url":"https:\/\/frcs-research.com\/de\/product\/methoxetamin-kaufen\/","og_site_name":"wholesale supplier of research chemicals, 4mmc, 3mmc, MDPHP, Alpha PVP and more","article_modified_time":"2026-04-03T13:02:30+00:00","og_image":[{"width":420,"height":314,"url":"https:\/\/frcs-research.com\/wp-content\/uploads\/2024\/10\/methoxetamine-powder-1642738.jpg","type":"image\/jpeg"}],"twitter_card":"summary_large_image","twitter_misc":{"Preis":"&euro;265.00","Verf\u00fcgbarkeit":"Auf Lager"},"schema":{"@context":"https:\/\/schema.org","@graph":[{"@type":["WebPage","ItemPage"],"@id":"https:\/\/frcs-research.com\/product\/buy-methoxetamine\/","url":"https:\/\/frcs-research.com\/product\/buy-methoxetamine\/","name":"Kaufen Sie Methoxetamin (MXE)-Pulver online f\u00fcr Forschungszwecke","isPartOf":{"@id":"https:\/\/frcs-research.com\/#website"},"primaryImageOfPage":{"@id":"https:\/\/frcs-research.com\/product\/buy-methoxetamine\/#primaryimage"},"image":{"@id":"https:\/\/frcs-research.com\/product\/buy-methoxetamine\/#primaryimage"},"thumbnailUrl":"https:\/\/frcs-research.com\/wp-content\/uploads\/2024\/10\/methoxetamine-powder-1642738.jpg","datePublished":"2024-10-12T22:16:14+00:00","dateModified":"2026-04-03T13:02:30+00:00","description":"Kaufen Sie hochreines Methoxetamin (MXE)-Pulver f\u00fcr Forschungszwecke bei FRCS Research. Ideal f\u00fcr kognitive und Verhaltensstudien. Profitieren Sie von sicheren Versandoptionen.","breadcrumb":{"@id":"https:\/\/frcs-research.com\/product\/buy-methoxetamine\/#breadcrumb"},"inLanguage":"de","potentialAction":[{"@type":"ReadAction","target":["https:\/\/frcs-research.com\/product\/buy-methoxetamine\/"]}]},{"@type":"ImageObject","inLanguage":"de","@id":"https:\/\/frcs-research.com\/product\/buy-methoxetamine\/#primaryimage","url":"https:\/\/frcs-research.com\/wp-content\/uploads\/2024\/10\/methoxetamine-powder-1642738.jpg","contentUrl":"https:\/\/frcs-research.com\/wp-content\/uploads\/2024\/10\/methoxetamine-powder-1642738.jpg","width":420,"height":314,"caption":"buy methoxetamine"},{"@type":"BreadcrumbList","@id":"https:\/\/frcs-research.com\/product\/buy-methoxetamine\/#breadcrumb","itemListElement":[{"@type":"ListItem","position":1,"name":"Home","item":"https:\/\/frcs-research.com\/"},{"@type":"ListItem","position":2,"name":"Shop","item":"https:\/\/frcs-research.com\/shop\/"},{"@type":"ListItem","position":3,"name":"Methoxetamine (MXE) 100g"}]},{"@type":"WebSite","@id":"https:\/\/frcs-research.com\/#website","url":"https:\/\/frcs-research.com\/","name":"Gro\u00dfh\u00e4ndler f\u00fcr Forschungschemikalien, 4mmc, 3mmc, MDPHP, Alpha PVP und mehr","description":"Gro\u00dfhandel mit Forschungschemikalien","potentialAction":[{"@type":"SearchAction","target":{"@type":"EntryPoint","urlTemplate":"https:\/\/frcs-research.com\/?s={search_term_string}"},"query-input":{"@type":"PropertyValueSpecification","valueRequired":true,"valueName":"search_term_string"}}],"inLanguage":"de"}]},"product_price_amount":"265.00","product_price_currency":"EUR","og_availability":"instock","product_availability":"instock","product_condition":"new"},"uagb_featured_image_src":{"full":["https:\/\/frcs-research.com\/wp-content\/uploads\/2024\/10\/methoxetamine-powder-1642738.jpg",420,314,false],"thumbnail":["https:\/\/frcs-research.com\/wp-content\/uploads\/2024\/10\/methoxetamine-powder-1642738-150x150.jpg",150,150,true],"medium":["https:\/\/frcs-research.com\/wp-content\/uploads\/2024\/10\/methoxetamine-powder-1642738-300x224.jpg",300,224,true],"medium_large":["https:\/\/frcs-research.com\/wp-content\/uploads\/2024\/10\/methoxetamine-powder-1642738.jpg",420,314,false],"large":["https:\/\/frcs-research.com\/wp-content\/uploads\/2024\/10\/methoxetamine-powder-1642738.jpg",420,314,false],"1536x1536":["https:\/\/frcs-research.com\/wp-content\/uploads\/2024\/10\/methoxetamine-powder-1642738.jpg",420,314,false],"2048x2048":["https:\/\/frcs-research.com\/wp-content\/uploads\/2024\/10\/methoxetamine-powder-1642738.jpg",420,314,false],"trp-custom-language-flag":["https:\/\/frcs-research.com\/wp-content\/uploads\/2024\/10\/methoxetamine-powder-1642738.jpg",16,12,false],"post-thumbnail":["https:\/\/frcs-research.com\/wp-content\/uploads\/2024\/10\/methoxetamine-powder-1642738.jpg",420,314,false],"elite-commerce-slider":["https:\/\/frcs-research.com\/wp-content\/uploads\/2024\/10\/methoxetamine-powder-1642738.jpg",420,314,false],"elite-commerce-hero":["https:\/\/frcs-research.com\/wp-content\/uploads\/2024\/10\/methoxetamine-powder-1642738.jpg",420,314,false],"elite-commerce-portfolio":["https:\/\/frcs-research.com\/wp-content\/uploads\/2024\/10\/methoxetamine-powder-1642738.jpg",400,299,false],"woocommerce_thumbnail":["https:\/\/frcs-research.com\/wp-content\/uploads\/2024\/10\/methoxetamine-powder-1642738-300x300.jpg",300,300,true],"woocommerce_single":["https:\/\/frcs-research.com\/wp-content\/uploads\/2024\/10\/methoxetamine-powder-1642738.jpg",420,314,false],"woocommerce_gallery_thumbnail":["https:\/\/frcs-research.com\/wp-content\/uploads\/2024\/10\/methoxetamine-powder-1642738-100x100.jpg",100,100,true]},"uagb_author_info":{"display_name":"Richard Wood","author_link":"https:\/\/frcs-research.com\/de\/author\/"},"uagb_comment_info":778,"uagb_excerpt":"Purchase Methoxetamine (MXE) Powder Online Looking to buy methoxetamine (MXE) powder for your research? Methoxetamine is a notable dissociative research chemical known for its structural similarity to ketamine, offering unique&hellip;&euro;280.00 Urspr\u00fcnglicher Preis war: &euro;280.00.&euro;265.00Der aktuelle Preis betr\u00e4gt: &euro;265.00.In den Warenkorb legen","_links":{"self":[{"href":"https:\/\/frcs-research.com\/de\/wp-json\/wp\/v2\/product\/739","targetHints":{"allow":["GET"]}}],"collection":[{"href":"https:\/\/frcs-research.com\/de\/wp-json\/wp\/v2\/product"}],"about":[{"href":"https:\/\/frcs-research.com\/de\/wp-json\/wp\/v2\/types\/product"}],"replies":[{"embeddable":true,"href":"https:\/\/frcs-research.com\/de\/wp-json\/wp\/v2\/comments?post=739"}],"wp:featuredmedia":[{"embeddable":true,"href":"https:\/\/frcs-research.com\/de\/wp-json\/wp\/v2\/media\/740"}],"wp:attachment":[{"href":"https:\/\/frcs-research.com\/de\/wp-json\/wp\/v2\/media?parent=739"}],"wp:term":[{"taxonomy":"product_brand","embeddable":true,"href":"https:\/\/frcs-research.com\/de\/wp-json\/wp\/v2\/product_brand?post=739"},{"taxonomy":"product_cat","embeddable":true,"href":"https:\/\/frcs-research.com\/de\/wp-json\/wp\/v2\/product_cat?post=739"},{"taxonomy":"product_tag","embeddable":true,"href":"https:\/\/frcs-research.com\/de\/wp-json\/wp\/v2\/product_tag?post=739"}],"curies":[{"name":"wp","href":"https:\/\/api.w.org\/{rel}","templated":true}]}}