{"id":746,"date":"2024-10-12T22:29:08","date_gmt":"2024-10-12T22:29:08","guid":{"rendered":"https:\/\/frcs-research.com\/?post_type=product&#038;p=746"},"modified":"2026-04-03T18:02:19","modified_gmt":"2026-04-03T18:02:19","slug":"lsd-online-kaufen","status":"publish","type":"product","link":"https:\/\/frcs-research.com\/de\/product\/lsd-online-kaufen\/","title":{"rendered":"LSD 10z"},"content":{"rendered":"<h1>Kaufen Sie hochreines LSD online | FRCS Research<\/h1>\n<p>Wenn Sie auf der Suche nach <strong>LSD online kaufen<\/strong>, <strong>Lysergs\u00e4urediethylamid<\/strong> (LSD) ist eine starke psychedelische Forschungschemikalie, die f\u00fcr ihre tiefgreifenden Auswirkungen auf Wahrnehmung, Kognition und Bewusstsein bekannt ist. LSD wurde urspr\u00fcnglich in den 1930er Jahren aus Mutterkornalkaloiden synthetisiert und ist zu einem festen Bestandteil der psychedelischen Forschung geworden.<\/p>\n<p>LSD wirkt haupts\u00e4chlich durch die Interaktion mit Serotoninrezeptoren im Gehirn, was zu ver\u00e4nderten Sinneswahrnehmungen, verst\u00e4rkten Gef\u00fchlszust\u00e4nden und visuellen Halluzinationen f\u00fchren kann. Neuere Studien legen nahe, dass LSD therapeutisches Potenzial bei der Behandlung von Erkrankungen wie Angstzust\u00e4nden, Depressionen und PTBS haben k\u00f6nnte. Da Forscher seine Wirkungen weiter erforschen, ist die Nachfrage nach hochreinem LSD f\u00fcr Forschungszwecke deutlich gestiegen.<\/p>\n<p>Bei <strong>FRCS-Forschung<\/strong>bieten wir hochwertiges LSD-Pulver an, das f\u00fcr Laboranalysen und wissenschaftliche Studien geeignet ist. Egal, ob Sie die pharmakologischen Wirkungen untersuchen oder seine therapeutischen Anwendungen erforschen, unser LSD-Produkt ist so konzipiert, dass es den strengen Standards wissenschaftlicher Forschung entspricht.<\/p>\n<h4>Kaufen Sie LSD online, kaufen Sie LSD-Pulver, hochreines LSD f\u00fcr Forschungszwecke, LSD-Forschungschemikalien.<\/h4>\n<h4>Meta-Beschreibung:<\/h4>\n<p>\u201eKaufen Sie hochreines LSD online bei FRCS Research. Entdecken Sie seine tiefgreifenden Auswirkungen in der psychedelischen Forschung. Sicherer und diskreter Versand weltweit m\u00f6glich.\u201c<\/p>","protected":false},"excerpt":{"rendered":"<p>Buy High-Purity LSD Online | FRCS Research If you\u2019re looking to buy LSD online, Lysergic Acid Diethylamide (LSD) is a powerful psychedelic research chemical known for its profound effects on&hellip;<\/p>\n<p class=\"product woocommerce add_to_cart_inline\" style=\"border:4px solid #ccc; padding: 12px;\"><span class=\"woocommerce-Price-amount amount\"><bdi><span class=\"woocommerce-Price-currencySymbol\">&euro;<\/span>210.00<\/bdi><\/span><a href=\"\/de\/wp-json\/wp\/v2\/product\/746?add-to-cart=746\" aria-describedby=\"woocommerce_loop_add_to_cart_link_describedby_746\" data-quantity=\"1\" class=\"button product_type_simple add_to_cart_button ajax_add_to_cart\" data-product_id=\"746\" data-product_sku=\"\" aria-label=\"In den Warenkorb legen: \u201eLSD 10z\u201c\" rel=\"nofollow\" data-success_message=\"\u201eLSD 10z\u201c wurde deinem Warenkorb hinzugef\u00fcgt\" data-no-translation=\"\" data-trp-gettext=\"\" data-no-translation-aria-label=\"\" data-no-translation-data-success_message=\"\">In den Warenkorb legen<\/a>\t<span id=\"woocommerce_loop_add_to_cart_link_describedby_746\" class=\"screen-reader-text\"><br \/>\n\t\t\t<\/span><\/p>","protected":false},"featured_media":747,"comment_status":"open","ping_status":"closed","template":"","meta":{"_uag_custom_page_level_css":""},"product_brand":[],"product_cat":[29],"product_tag":[93,99,94,97,91,96,98,92,100,95],"class_list":{"0":"post-746","1":"product","2":"type-product","3":"status-publish","4":"has-post-thumbnail","6":"product_cat-psychedelics","7":"product_tag-acid-dreams","8":"product_tag-euphoria-drops","9":"product_tag-lsd-elixir","10":"product_tag-lsd-journey","11":"product_tag-lsd-pure","12":"product_tag-lsd-vibes","13":"product_tag-lucid-acid","14":"product_tag-lysergic-bliss","15":"product_tag-mind-expander","16":"product_tag-psychedelic-liquid","18":"first","19":"instock","20":"shipping-taxable","21":"purchasable","22":"product-type-simple"},"yoast_head":"<!-- This site is optimized with the Yoast SEO plugin v27.1.1 - https:\/\/yoast.com\/product\/yoast-seo-wordpress\/ -->\n<title>Buy High-Purity LSD Online | FRCS Research<\/title>\n<meta name=\"description\" content=\"Purchase high-purity LSD online at FRCS Research. Explore its profound effects in psychedelic research. Secure and discreet shipping available worldwide\" \/>\n<meta name=\"robots\" content=\"index, follow, max-snippet:-1, max-image-preview:large, max-video-preview:-1\" \/>\n<link rel=\"canonical\" href=\"https:\/\/frcs-research.com\/de\/product\/lsd-online-kaufen\/\" \/>\n<meta property=\"og:locale\" content=\"de_DE\" \/>\n<meta property=\"og:type\" content=\"article\" \/>\n<meta property=\"og:title\" content=\"Buy High-Purity LSD Online | FRCS Research\" \/>\n<meta property=\"og:description\" content=\"Purchase high-purity LSD online at FRCS Research. Explore its profound effects in psychedelic research. Secure and discreet shipping available worldwide\" \/>\n<meta property=\"og:url\" content=\"https:\/\/frcs-research.com\/de\/product\/lsd-online-kaufen\/\" \/>\n<meta property=\"og:site_name\" content=\"wholesale supplier of research chemicals, 4mmc, 3mmc, MDPHP, Alpha PVP and more\" \/>\n<meta property=\"article:modified_time\" content=\"2026-04-03T18:02:19+00:00\" \/>\n<meta property=\"og:image\" content=\"https:\/\/frcs-research.com\/wp-content\/uploads\/2024\/10\/OIP-3.jpg\" \/>\n\t<meta property=\"og:image:width\" content=\"474\" \/>\n\t<meta property=\"og:image:height\" content=\"296\" \/>\n\t<meta property=\"og:image:type\" content=\"image\/jpeg\" \/>\n<meta name=\"twitter:card\" content=\"summary_large_image\" \/>\n<meta name=\"twitter:label1\" content=\"Preis\" \/>\n\t<meta name=\"twitter:data1\" content=\"&euro;210.00\" \/>\n\t<meta name=\"twitter:label2\" content=\"Verf\u00fcgbarkeit\" \/>\n\t<meta name=\"twitter:data2\" content=\"Auf Lager\" \/>\n<script type=\"application\/ld+json\" class=\"yoast-schema-graph\">{\"@context\":\"https:\/\/schema.org\",\"@graph\":[{\"@type\":[\"WebPage\",\"ItemPage\"],\"@id\":\"https:\/\/frcs-research.com\/product\/buy-lsd-online\/\",\"url\":\"https:\/\/frcs-research.com\/product\/buy-lsd-online\/\",\"name\":\"Buy High-Purity LSD Online | FRCS Research\",\"isPartOf\":{\"@id\":\"https:\/\/frcs-research.com\/#website\"},\"primaryImageOfPage\":{\"@id\":\"https:\/\/frcs-research.com\/product\/buy-lsd-online\/#primaryimage\"},\"image\":{\"@id\":\"https:\/\/frcs-research.com\/product\/buy-lsd-online\/#primaryimage\"},\"thumbnailUrl\":\"https:\/\/frcs-research.com\/wp-content\/uploads\/2024\/10\/OIP-3.jpg\",\"datePublished\":\"2024-10-12T22:29:08+00:00\",\"dateModified\":\"2026-04-03T18:02:19+00:00\",\"description\":\"Purchase high-purity LSD online at FRCS Research. Explore its profound effects in psychedelic research. Secure and discreet shipping available worldwide\",\"breadcrumb\":{\"@id\":\"https:\/\/frcs-research.com\/product\/buy-lsd-online\/#breadcrumb\"},\"inLanguage\":\"de\",\"potentialAction\":[{\"@type\":\"ReadAction\",\"target\":[\"https:\/\/frcs-research.com\/product\/buy-lsd-online\/\"]}]},{\"@type\":\"ImageObject\",\"inLanguage\":\"de\",\"@id\":\"https:\/\/frcs-research.com\/product\/buy-lsd-online\/#primaryimage\",\"url\":\"https:\/\/frcs-research.com\/wp-content\/uploads\/2024\/10\/OIP-3.jpg\",\"contentUrl\":\"https:\/\/frcs-research.com\/wp-content\/uploads\/2024\/10\/OIP-3.jpg\",\"width\":474,\"height\":296,\"caption\":\"Buy High-Purity LSD Online\"},{\"@type\":\"BreadcrumbList\",\"@id\":\"https:\/\/frcs-research.com\/product\/buy-lsd-online\/#breadcrumb\",\"itemListElement\":[{\"@type\":\"ListItem\",\"position\":1,\"name\":\"Home\",\"item\":\"https:\/\/frcs-research.com\/\"},{\"@type\":\"ListItem\",\"position\":2,\"name\":\"Shop\",\"item\":\"https:\/\/frcs-research.com\/shop\/\"},{\"@type\":\"ListItem\",\"position\":3,\"name\":\"LSD 10z\"}]},{\"@type\":\"WebSite\",\"@id\":\"https:\/\/frcs-research.com\/#website\",\"url\":\"https:\/\/frcs-research.com\/\",\"name\":\"wholesale supplier of research chemicals, 4mmc, 3mmc, MDPHP, Alpha PVP and more\",\"description\":\"Wholesale research chemicals\",\"potentialAction\":[{\"@type\":\"SearchAction\",\"target\":{\"@type\":\"EntryPoint\",\"urlTemplate\":\"https:\/\/frcs-research.com\/?s={search_term_string}\"},\"query-input\":{\"@type\":\"PropertyValueSpecification\",\"valueRequired\":true,\"valueName\":\"search_term_string\"}}],\"inLanguage\":\"de\"}]}<\/script>\n<meta property=\"product:price:amount\" content=\"210.00\" \/>\n<meta property=\"product:price:currency\" content=\"EUR\" \/>\n<meta property=\"og:availability\" content=\"instock\" \/>\n<meta property=\"product:availability\" content=\"instock\" \/>\n<meta property=\"product:condition\" content=\"new\" \/>\n<!-- \/ Yoast SEO plugin. -->","yoast_head_json":{"title":"Kaufen Sie hochreines LSD online | FRCS Research","description":"Kaufen Sie hochreines LSD online bei FRCS Research. Entdecken Sie seine tiefgreifenden Auswirkungen in der psychedelischen Forschung. Sicherer und diskreter Versand weltweit m\u00f6glich","robots":{"index":"index","follow":"follow","max-snippet":"max-snippet:-1","max-image-preview":"max-image-preview:large","max-video-preview":"max-video-preview:-1"},"canonical":"https:\/\/frcs-research.com\/de\/product\/lsd-online-kaufen\/","og_locale":"de_DE","og_type":"article","og_title":"Buy High-Purity LSD Online | FRCS Research","og_description":"Purchase high-purity LSD online at FRCS Research. Explore its profound effects in psychedelic research. Secure and discreet shipping available worldwide","og_url":"https:\/\/frcs-research.com\/de\/product\/lsd-online-kaufen\/","og_site_name":"wholesale supplier of research chemicals, 4mmc, 3mmc, MDPHP, Alpha PVP and more","article_modified_time":"2026-04-03T18:02:19+00:00","og_image":[{"width":474,"height":296,"url":"https:\/\/frcs-research.com\/wp-content\/uploads\/2024\/10\/OIP-3.jpg","type":"image\/jpeg"}],"twitter_card":"summary_large_image","twitter_misc":{"Preis":"&euro;210.00","Verf\u00fcgbarkeit":"Auf Lager"},"schema":{"@context":"https:\/\/schema.org","@graph":[{"@type":["WebPage","ItemPage"],"@id":"https:\/\/frcs-research.com\/product\/buy-lsd-online\/","url":"https:\/\/frcs-research.com\/product\/buy-lsd-online\/","name":"Kaufen Sie hochreines LSD online | FRCS Research","isPartOf":{"@id":"https:\/\/frcs-research.com\/#website"},"primaryImageOfPage":{"@id":"https:\/\/frcs-research.com\/product\/buy-lsd-online\/#primaryimage"},"image":{"@id":"https:\/\/frcs-research.com\/product\/buy-lsd-online\/#primaryimage"},"thumbnailUrl":"https:\/\/frcs-research.com\/wp-content\/uploads\/2024\/10\/OIP-3.jpg","datePublished":"2024-10-12T22:29:08+00:00","dateModified":"2026-04-03T18:02:19+00:00","description":"Kaufen Sie hochreines LSD online bei FRCS Research. Entdecken Sie seine tiefgreifenden Auswirkungen in der psychedelischen Forschung. Sicherer und diskreter Versand weltweit m\u00f6glich","breadcrumb":{"@id":"https:\/\/frcs-research.com\/product\/buy-lsd-online\/#breadcrumb"},"inLanguage":"de","potentialAction":[{"@type":"ReadAction","target":["https:\/\/frcs-research.com\/product\/buy-lsd-online\/"]}]},{"@type":"ImageObject","inLanguage":"de","@id":"https:\/\/frcs-research.com\/product\/buy-lsd-online\/#primaryimage","url":"https:\/\/frcs-research.com\/wp-content\/uploads\/2024\/10\/OIP-3.jpg","contentUrl":"https:\/\/frcs-research.com\/wp-content\/uploads\/2024\/10\/OIP-3.jpg","width":474,"height":296,"caption":"Buy High-Purity LSD Online"},{"@type":"BreadcrumbList","@id":"https:\/\/frcs-research.com\/product\/buy-lsd-online\/#breadcrumb","itemListElement":[{"@type":"ListItem","position":1,"name":"Home","item":"https:\/\/frcs-research.com\/"},{"@type":"ListItem","position":2,"name":"Shop","item":"https:\/\/frcs-research.com\/shop\/"},{"@type":"ListItem","position":3,"name":"LSD 10z"}]},{"@type":"WebSite","@id":"https:\/\/frcs-research.com\/#website","url":"https:\/\/frcs-research.com\/","name":"Gro\u00dfh\u00e4ndler f\u00fcr Forschungschemikalien, 4mmc, 3mmc, MDPHP, Alpha PVP und mehr","description":"Gro\u00dfhandel mit Forschungschemikalien","potentialAction":[{"@type":"SearchAction","target":{"@type":"EntryPoint","urlTemplate":"https:\/\/frcs-research.com\/?s={search_term_string}"},"query-input":{"@type":"PropertyValueSpecification","valueRequired":true,"valueName":"search_term_string"}}],"inLanguage":"de"}]},"product_price_amount":"210.00","product_price_currency":"EUR","og_availability":"instock","product_availability":"instock","product_condition":"new"},"uagb_featured_image_src":{"full":["https:\/\/frcs-research.com\/wp-content\/uploads\/2024\/10\/OIP-3.jpg",474,296,false],"thumbnail":["https:\/\/frcs-research.com\/wp-content\/uploads\/2024\/10\/OIP-3-150x150.jpg",150,150,true],"medium":["https:\/\/frcs-research.com\/wp-content\/uploads\/2024\/10\/OIP-3-300x187.jpg",300,187,true],"medium_large":["https:\/\/frcs-research.com\/wp-content\/uploads\/2024\/10\/OIP-3.jpg",474,296,false],"large":["https:\/\/frcs-research.com\/wp-content\/uploads\/2024\/10\/OIP-3.jpg",474,296,false],"1536x1536":["https:\/\/frcs-research.com\/wp-content\/uploads\/2024\/10\/OIP-3.jpg",474,296,false],"2048x2048":["https:\/\/frcs-research.com\/wp-content\/uploads\/2024\/10\/OIP-3.jpg",474,296,false],"trp-custom-language-flag":["https:\/\/frcs-research.com\/wp-content\/uploads\/2024\/10\/OIP-3.jpg",18,12,false],"post-thumbnail":["https:\/\/frcs-research.com\/wp-content\/uploads\/2024\/10\/OIP-3.jpg",474,296,false],"elite-commerce-slider":["https:\/\/frcs-research.com\/wp-content\/uploads\/2024\/10\/OIP-3.jpg",474,296,false],"elite-commerce-hero":["https:\/\/frcs-research.com\/wp-content\/uploads\/2024\/10\/OIP-3.jpg",474,296,false],"elite-commerce-portfolio":["https:\/\/frcs-research.com\/wp-content\/uploads\/2024\/10\/OIP-3.jpg",400,250,false],"woocommerce_thumbnail":["https:\/\/frcs-research.com\/wp-content\/uploads\/2024\/10\/OIP-3-300x296.jpg",300,296,true],"woocommerce_single":["https:\/\/frcs-research.com\/wp-content\/uploads\/2024\/10\/OIP-3.jpg",474,296,false],"woocommerce_gallery_thumbnail":["https:\/\/frcs-research.com\/wp-content\/uploads\/2024\/10\/OIP-3-100x100.jpg",100,100,true]},"uagb_author_info":{"display_name":"Richard Wood","author_link":"https:\/\/frcs-research.com\/de\/author\/"},"uagb_comment_info":779,"uagb_excerpt":"Buy High-Purity LSD Online | FRCS Research If you\u2019re looking to buy LSD online, Lysergic Acid Diethylamide (LSD) is a powerful psychedelic research chemical known for its profound effects on&hellip;&euro;210.00In den Warenkorb legen","_links":{"self":[{"href":"https:\/\/frcs-research.com\/de\/wp-json\/wp\/v2\/product\/746","targetHints":{"allow":["GET"]}}],"collection":[{"href":"https:\/\/frcs-research.com\/de\/wp-json\/wp\/v2\/product"}],"about":[{"href":"https:\/\/frcs-research.com\/de\/wp-json\/wp\/v2\/types\/product"}],"replies":[{"embeddable":true,"href":"https:\/\/frcs-research.com\/de\/wp-json\/wp\/v2\/comments?post=746"}],"wp:featuredmedia":[{"embeddable":true,"href":"https:\/\/frcs-research.com\/de\/wp-json\/wp\/v2\/media\/747"}],"wp:attachment":[{"href":"https:\/\/frcs-research.com\/de\/wp-json\/wp\/v2\/media?parent=746"}],"wp:term":[{"taxonomy":"product_brand","embeddable":true,"href":"https:\/\/frcs-research.com\/de\/wp-json\/wp\/v2\/product_brand?post=746"},{"taxonomy":"product_cat","embeddable":true,"href":"https:\/\/frcs-research.com\/de\/wp-json\/wp\/v2\/product_cat?post=746"},{"taxonomy":"product_tag","embeddable":true,"href":"https:\/\/frcs-research.com\/de\/wp-json\/wp\/v2\/product_tag?post=746"}],"curies":[{"name":"wp","href":"https:\/\/api.w.org\/{rel}","templated":true}]}}