{"id":749,"date":"2024-10-12T22:33:45","date_gmt":"2024-10-12T22:33:45","guid":{"rendered":"https:\/\/frcs-research.com\/?post_type=product&#038;p=749"},"modified":"2026-04-23T20:32:39","modified_gmt":"2026-04-23T20:32:39","slug":"psilocybin-kaufen","status":"publish","type":"product","link":"https:\/\/frcs-research.com\/de\/product\/psilocybin-kaufen\/","title":{"rendered":"Psilocybin 1kg"},"content":{"rendered":"<h4>Kaufen Sie Psilocybin-Pilze in Pulverform online | FRCS Research<\/h4>\n<h4><\/h4>\n<p>Wenn Sie wollen <strong>Psilocybin kaufen<\/strong> f\u00fcr Forschungszwecke sind <strong>Psilocybin-Pilze<\/strong>. Diese nat\u00fcrlich vorkommende psychedelische Verbindung, die in verschiedenen Pilzarten vorkommt, ist f\u00fcr ihre bemerkenswerte Wirkung auf Stimmung, Wahrnehmung und Bewusstsein bekannt.<\/p>\n<p>Untersuchungen haben gezeigt, dass Psilocybin bei der Behandlung von Angstzust\u00e4nden, Depressionen und PTBS wirksam sein kann. Die Verbindung wirkt durch Interaktion mit Serotoninrezeptoren, was zu Ver\u00e4nderungen der Denkmuster und Gef\u00fchlszust\u00e4nde f\u00fchrt. Da die wissenschaftliche Gemeinschaft sein therapeutisches Potenzial zunehmend erkennt, ist die Nachfrage nach hochwertigen Psilocybin-Produkten stark gestiegen.<\/p>\n<p>Bei <strong>FRCS-Forschung<\/strong>, wir bieten hochwertiges Psilocybin-Pilzpulver f\u00fcr wissenschaftliche Forschung und Studien. Unser Engagement f\u00fcr Reinheit stellt sicher, dass Sie ein Produkt erhalten, das Ihren Forschungsanforderungen entspricht.<\/p>\n<h4><\/h4>\n<p>&#8220;.&#8221;<\/p>","protected":false},"excerpt":{"rendered":"<p>Buy Psilocybin Mushrooms Powder Online | FRCS Research If you want to buy psilocybin for research purposes, look no further than psilocybin mushrooms. This naturally occurring psychedelic compound, found in&hellip;<\/p>\n<p class=\"product woocommerce add_to_cart_inline\" style=\"border:4px solid #ccc; padding: 12px;\"><del aria-hidden=\"true\"><span class=\"woocommerce-Price-amount amount\"><bdi><span class=\"woocommerce-Price-currencySymbol\">&euro;<\/span>4,000.00<\/bdi><\/span><\/del> <span class=\"screen-reader-text\" data-no-translation=\"\" data-trp-gettext=\"\">Urspr\u00fcnglicher Preis war: &euro;4,000.00.<\/span><ins aria-hidden=\"true\"><span class=\"woocommerce-Price-amount amount\"><bdi><span class=\"woocommerce-Price-currencySymbol\">&euro;<\/span>3,800.00<\/bdi><\/span><\/ins><span class=\"screen-reader-text\" data-no-translation=\"\" data-trp-gettext=\"\">Der aktuelle Preis betr\u00e4gt: &euro;3,800.00.<\/span><a href=\"\/de\/wp-json\/wp\/v2\/product\/749?add-to-cart=749\" aria-describedby=\"woocommerce_loop_add_to_cart_link_describedby_749\" data-quantity=\"1\" class=\"button product_type_simple add_to_cart_button ajax_add_to_cart\" data-product_id=\"749\" data-product_sku=\"\" aria-label=\"In den Warenkorb legen: \u201ePsilocybin 1kg\u201c\" rel=\"nofollow\" data-success_message=\"\u201ePsilocybin 1kg\u201c wurde deinem Warenkorb hinzugef\u00fcgt\" data-no-translation=\"\" data-trp-gettext=\"\" data-no-translation-aria-label=\"\" data-no-translation-data-success_message=\"\">In den Warenkorb legen<\/a>\t<span id=\"woocommerce_loop_add_to_cart_link_describedby_749\" class=\"screen-reader-text\"><br \/>\n\t\t\t<\/span><\/p>","protected":false},"featured_media":750,"comment_status":"open","ping_status":"closed","template":"","meta":{"_uag_custom_page_level_css":""},"product_brand":[],"product_cat":[29],"product_tag":[85,88,86,82,81,84,90,83,87,89],"class_list":{"0":"post-749","1":"product","2":"type-product","3":"status-publish","4":"has-post-thumbnail","6":"product_cat-psychedelics","7":"product_tag-dream-shrooms","8":"product_tag-enlightenment-shrooms","9":"product_tag-mindful-mushrooms","10":"product_tag-mushroom-magic","11":"product_tag-psilocybin-bliss","12":"product_tag-psilocybin-essence","13":"product_tag-psilocybin-journey","14":"product_tag-psychedelic-shrooms","15":"product_tag-psychoactive-fungi","16":"product_tag-visionary-mushrooms","18":"first","19":"instock","20":"sale","21":"shipping-taxable","22":"purchasable","23":"product-type-simple"},"yoast_head":"<!-- This site is optimized with the Yoast SEO plugin v27.1.1 - https:\/\/yoast.com\/product\/yoast-seo-wordpress\/ -->\n<title>Buy Psilocybin Mushrooms Powder Online | FRCS Research<\/title>\n<meta name=\"description\" content=\"Order psilocybin mushrooms powder online at FRCS Research. Discover its therapeutic potential for anxiety and depression.\" \/>\n<meta name=\"robots\" content=\"index, follow, max-snippet:-1, max-image-preview:large, max-video-preview:-1\" \/>\n<link rel=\"canonical\" href=\"https:\/\/frcs-research.com\/de\/product\/psilocybin-kaufen\/\" \/>\n<meta property=\"og:locale\" content=\"de_DE\" \/>\n<meta property=\"og:type\" content=\"article\" \/>\n<meta property=\"og:title\" content=\"Buy Psilocybin Mushrooms Powder Online | FRCS Research\" \/>\n<meta property=\"og:description\" content=\"Order psilocybin mushrooms powder online at FRCS Research. Discover its therapeutic potential for anxiety and depression.\" \/>\n<meta property=\"og:url\" content=\"https:\/\/frcs-research.com\/de\/product\/psilocybin-kaufen\/\" \/>\n<meta property=\"og:site_name\" content=\"wholesale supplier of research chemicals, 4mmc, 3mmc, MDPHP, Alpha PVP and more\" \/>\n<meta property=\"article:modified_time\" content=\"2026-04-23T20:32:39+00:00\" \/>\n<meta property=\"og:image\" content=\"https:\/\/frcs-research.com\/wp-content\/uploads\/2024\/10\/OIP-4.jpg\" \/>\n\t<meta property=\"og:image:width\" content=\"474\" \/>\n\t<meta property=\"og:image:height\" content=\"548\" \/>\n\t<meta property=\"og:image:type\" content=\"image\/jpeg\" \/>\n<meta name=\"twitter:card\" content=\"summary_large_image\" \/>\n<meta name=\"twitter:label1\" content=\"Preis\" \/>\n\t<meta name=\"twitter:data1\" content=\"&euro;3,800.00\" \/>\n\t<meta name=\"twitter:label2\" content=\"Verf\u00fcgbarkeit\" \/>\n\t<meta name=\"twitter:data2\" content=\"Auf Lager\" \/>\n<script type=\"application\/ld+json\" class=\"yoast-schema-graph\">{\"@context\":\"https:\/\/schema.org\",\"@graph\":[{\"@type\":[\"WebPage\",\"ItemPage\"],\"@id\":\"https:\/\/frcs-research.com\/product\/buy-psilocybin\/\",\"url\":\"https:\/\/frcs-research.com\/product\/buy-psilocybin\/\",\"name\":\"Buy Psilocybin Mushrooms Powder Online | FRCS Research\",\"isPartOf\":{\"@id\":\"https:\/\/frcs-research.com\/#website\"},\"primaryImageOfPage\":{\"@id\":\"https:\/\/frcs-research.com\/product\/buy-psilocybin\/#primaryimage\"},\"image\":{\"@id\":\"https:\/\/frcs-research.com\/product\/buy-psilocybin\/#primaryimage\"},\"thumbnailUrl\":\"https:\/\/frcs-research.com\/wp-content\/uploads\/2024\/10\/OIP-4.jpg\",\"datePublished\":\"2024-10-12T22:33:45+00:00\",\"dateModified\":\"2026-04-23T20:32:39+00:00\",\"description\":\"Order psilocybin mushrooms powder online at FRCS Research. Discover its therapeutic potential for anxiety and depression.\",\"breadcrumb\":{\"@id\":\"https:\/\/frcs-research.com\/product\/buy-psilocybin\/#breadcrumb\"},\"inLanguage\":\"de\",\"potentialAction\":[{\"@type\":\"ReadAction\",\"target\":[\"https:\/\/frcs-research.com\/product\/buy-psilocybin\/\"]}]},{\"@type\":\"ImageObject\",\"inLanguage\":\"de\",\"@id\":\"https:\/\/frcs-research.com\/product\/buy-psilocybin\/#primaryimage\",\"url\":\"https:\/\/frcs-research.com\/wp-content\/uploads\/2024\/10\/OIP-4.jpg\",\"contentUrl\":\"https:\/\/frcs-research.com\/wp-content\/uploads\/2024\/10\/OIP-4.jpg\",\"width\":474,\"height\":548,\"caption\":\"Buy Psilocybin\"},{\"@type\":\"BreadcrumbList\",\"@id\":\"https:\/\/frcs-research.com\/product\/buy-psilocybin\/#breadcrumb\",\"itemListElement\":[{\"@type\":\"ListItem\",\"position\":1,\"name\":\"Home\",\"item\":\"https:\/\/frcs-research.com\/\"},{\"@type\":\"ListItem\",\"position\":2,\"name\":\"Shop\",\"item\":\"https:\/\/frcs-research.com\/shop\/\"},{\"@type\":\"ListItem\",\"position\":3,\"name\":\"Psilocybin 1kg\"}]},{\"@type\":\"WebSite\",\"@id\":\"https:\/\/frcs-research.com\/#website\",\"url\":\"https:\/\/frcs-research.com\/\",\"name\":\"wholesale supplier of research chemicals, 4mmc, 3mmc, MDPHP, Alpha PVP and more\",\"description\":\"Wholesale research chemicals\",\"potentialAction\":[{\"@type\":\"SearchAction\",\"target\":{\"@type\":\"EntryPoint\",\"urlTemplate\":\"https:\/\/frcs-research.com\/?s={search_term_string}\"},\"query-input\":{\"@type\":\"PropertyValueSpecification\",\"valueRequired\":true,\"valueName\":\"search_term_string\"}}],\"inLanguage\":\"de\"}]}<\/script>\n<meta property=\"product:price:amount\" content=\"3800.00\" \/>\n<meta property=\"product:price:currency\" content=\"EUR\" \/>\n<meta property=\"og:availability\" content=\"instock\" \/>\n<meta property=\"product:availability\" content=\"instock\" \/>\n<meta property=\"product:condition\" content=\"new\" \/>\n<!-- \/ Yoast SEO plugin. -->","yoast_head_json":{"title":"Kaufen Sie Psilocybin-Pilze in Pulverform online | FRCS Research","description":"Bestellen Sie Psilocybin-Pilzpulver online bei FRCS Research. Entdecken Sie sein therapeutisches Potenzial gegen Angstzust\u00e4nde und Depressionen.","robots":{"index":"index","follow":"follow","max-snippet":"max-snippet:-1","max-image-preview":"max-image-preview:large","max-video-preview":"max-video-preview:-1"},"canonical":"https:\/\/frcs-research.com\/de\/product\/psilocybin-kaufen\/","og_locale":"de_DE","og_type":"article","og_title":"Buy Psilocybin Mushrooms Powder Online | FRCS Research","og_description":"Order psilocybin mushrooms powder online at FRCS Research. Discover its therapeutic potential for anxiety and depression.","og_url":"https:\/\/frcs-research.com\/de\/product\/psilocybin-kaufen\/","og_site_name":"wholesale supplier of research chemicals, 4mmc, 3mmc, MDPHP, Alpha PVP and more","article_modified_time":"2026-04-23T20:32:39+00:00","og_image":[{"width":474,"height":548,"url":"https:\/\/frcs-research.com\/wp-content\/uploads\/2024\/10\/OIP-4.jpg","type":"image\/jpeg"}],"twitter_card":"summary_large_image","twitter_misc":{"Preis":"&euro;3,800.00","Verf\u00fcgbarkeit":"Auf Lager"},"schema":{"@context":"https:\/\/schema.org","@graph":[{"@type":["WebPage","ItemPage"],"@id":"https:\/\/frcs-research.com\/product\/buy-psilocybin\/","url":"https:\/\/frcs-research.com\/product\/buy-psilocybin\/","name":"Kaufen Sie Psilocybin-Pilze in Pulverform online | FRCS Research","isPartOf":{"@id":"https:\/\/frcs-research.com\/#website"},"primaryImageOfPage":{"@id":"https:\/\/frcs-research.com\/product\/buy-psilocybin\/#primaryimage"},"image":{"@id":"https:\/\/frcs-research.com\/product\/buy-psilocybin\/#primaryimage"},"thumbnailUrl":"https:\/\/frcs-research.com\/wp-content\/uploads\/2024\/10\/OIP-4.jpg","datePublished":"2024-10-12T22:33:45+00:00","dateModified":"2026-04-23T20:32:39+00:00","description":"Bestellen Sie Psilocybin-Pilzpulver online bei FRCS Research. Entdecken Sie sein therapeutisches Potenzial gegen Angstzust\u00e4nde und Depressionen.","breadcrumb":{"@id":"https:\/\/frcs-research.com\/product\/buy-psilocybin\/#breadcrumb"},"inLanguage":"de","potentialAction":[{"@type":"ReadAction","target":["https:\/\/frcs-research.com\/product\/buy-psilocybin\/"]}]},{"@type":"ImageObject","inLanguage":"de","@id":"https:\/\/frcs-research.com\/product\/buy-psilocybin\/#primaryimage","url":"https:\/\/frcs-research.com\/wp-content\/uploads\/2024\/10\/OIP-4.jpg","contentUrl":"https:\/\/frcs-research.com\/wp-content\/uploads\/2024\/10\/OIP-4.jpg","width":474,"height":548,"caption":"Buy Psilocybin"},{"@type":"BreadcrumbList","@id":"https:\/\/frcs-research.com\/product\/buy-psilocybin\/#breadcrumb","itemListElement":[{"@type":"ListItem","position":1,"name":"Home","item":"https:\/\/frcs-research.com\/"},{"@type":"ListItem","position":2,"name":"Shop","item":"https:\/\/frcs-research.com\/shop\/"},{"@type":"ListItem","position":3,"name":"Psilocybin 1kg"}]},{"@type":"WebSite","@id":"https:\/\/frcs-research.com\/#website","url":"https:\/\/frcs-research.com\/","name":"Gro\u00dfh\u00e4ndler f\u00fcr Forschungschemikalien, 4mmc, 3mmc, MDPHP, Alpha PVP und mehr","description":"Gro\u00dfhandel mit Forschungschemikalien","potentialAction":[{"@type":"SearchAction","target":{"@type":"EntryPoint","urlTemplate":"https:\/\/frcs-research.com\/?s={search_term_string}"},"query-input":{"@type":"PropertyValueSpecification","valueRequired":true,"valueName":"search_term_string"}}],"inLanguage":"de"}]},"product_price_amount":"3800.00","product_price_currency":"EUR","og_availability":"instock","product_availability":"instock","product_condition":"new"},"uagb_featured_image_src":{"full":["https:\/\/frcs-research.com\/wp-content\/uploads\/2024\/10\/OIP-4.jpg",474,548,false],"thumbnail":["https:\/\/frcs-research.com\/wp-content\/uploads\/2024\/10\/OIP-4-150x150.jpg",150,150,true],"medium":["https:\/\/frcs-research.com\/wp-content\/uploads\/2024\/10\/OIP-4-259x300.jpg",259,300,true],"medium_large":["https:\/\/frcs-research.com\/wp-content\/uploads\/2024\/10\/OIP-4.jpg",474,548,false],"large":["https:\/\/frcs-research.com\/wp-content\/uploads\/2024\/10\/OIP-4.jpg",474,548,false],"1536x1536":["https:\/\/frcs-research.com\/wp-content\/uploads\/2024\/10\/OIP-4.jpg",474,548,false],"2048x2048":["https:\/\/frcs-research.com\/wp-content\/uploads\/2024\/10\/OIP-4.jpg",474,548,false],"trp-custom-language-flag":["https:\/\/frcs-research.com\/wp-content\/uploads\/2024\/10\/OIP-4.jpg",10,12,false],"post-thumbnail":["https:\/\/frcs-research.com\/wp-content\/uploads\/2024\/10\/OIP-4.jpg",474,548,false],"elite-commerce-slider":["https:\/\/frcs-research.com\/wp-content\/uploads\/2024\/10\/OIP-4.jpg",474,548,false],"elite-commerce-hero":["https:\/\/frcs-research.com\/wp-content\/uploads\/2024\/10\/OIP-4.jpg",474,548,false],"elite-commerce-portfolio":["https:\/\/frcs-research.com\/wp-content\/uploads\/2024\/10\/OIP-4.jpg",389,450,false],"woocommerce_thumbnail":["https:\/\/frcs-research.com\/wp-content\/uploads\/2024\/10\/OIP-4-300x300.jpg",300,300,true],"woocommerce_single":["https:\/\/frcs-research.com\/wp-content\/uploads\/2024\/10\/OIP-4.jpg",474,548,false],"woocommerce_gallery_thumbnail":["https:\/\/frcs-research.com\/wp-content\/uploads\/2024\/10\/OIP-4-100x100.jpg",100,100,true]},"uagb_author_info":{"display_name":"Richard Wood","author_link":"https:\/\/frcs-research.com\/de\/author\/"},"uagb_comment_info":774,"uagb_excerpt":"Buy Psilocybin Mushrooms Powder Online | FRCS Research If you want to buy psilocybin for research purposes, look no further than psilocybin mushrooms. This naturally occurring psychedelic compound, found in&hellip;&euro;4,000.00 Urspr\u00fcnglicher Preis war: &euro;4,000.00.&euro;3,800.00Der aktuelle Preis betr\u00e4gt: &euro;3,800.00.In den Warenkorb legen","_links":{"self":[{"href":"https:\/\/frcs-research.com\/de\/wp-json\/wp\/v2\/product\/749","targetHints":{"allow":["GET"]}}],"collection":[{"href":"https:\/\/frcs-research.com\/de\/wp-json\/wp\/v2\/product"}],"about":[{"href":"https:\/\/frcs-research.com\/de\/wp-json\/wp\/v2\/types\/product"}],"replies":[{"embeddable":true,"href":"https:\/\/frcs-research.com\/de\/wp-json\/wp\/v2\/comments?post=749"}],"wp:featuredmedia":[{"embeddable":true,"href":"https:\/\/frcs-research.com\/de\/wp-json\/wp\/v2\/media\/750"}],"wp:attachment":[{"href":"https:\/\/frcs-research.com\/de\/wp-json\/wp\/v2\/media?parent=749"}],"wp:term":[{"taxonomy":"product_brand","embeddable":true,"href":"https:\/\/frcs-research.com\/de\/wp-json\/wp\/v2\/product_brand?post=749"},{"taxonomy":"product_cat","embeddable":true,"href":"https:\/\/frcs-research.com\/de\/wp-json\/wp\/v2\/product_cat?post=749"},{"taxonomy":"product_tag","embeddable":true,"href":"https:\/\/frcs-research.com\/de\/wp-json\/wp\/v2\/product_tag?post=749"}],"curies":[{"name":"wp","href":"https:\/\/api.w.org\/{rel}","templated":true}]}}