{"id":751,"date":"2024-10-12T22:37:14","date_gmt":"2024-10-12T22:37:14","guid":{"rendered":"https:\/\/frcs-research.com\/?post_type=product&#038;p=751"},"modified":"2026-04-23T10:32:23","modified_gmt":"2026-04-23T10:32:23","slug":"dmt-online-kaufen","status":"publish","type":"product","link":"https:\/\/frcs-research.com\/de\/product\/dmt-online-kaufen\/","title":{"rendered":"N,N-Dimethyltryptamine (DMT) 1kg"},"content":{"rendered":"<h4>Kaufen Sie DMT-Pulver f\u00fcr die Forschung | FRCS Research<\/h4>\n<h4><\/h4>\n<p>F\u00fcr diejenigen, die <strong>DMT online kaufen<\/strong>, <strong>N,N-Dimethyltryptamin<\/strong> (DMT) ist eine starke psychedelische Verbindung, die f\u00fcr ihre intensiven und kurzlebigen Wirkungen bekannt ist. DMT kommt in verschiedenen Pflanzen vor und ist daf\u00fcr bekannt, tiefgreifende Ver\u00e4nderungen des Bewusstseins und der Wahrnehmung hervorzurufen.<\/p>\n<p>DMT wirkt auf die Serotoninrezeptoren und f\u00fchrt zu Erfahrungen, die durch lebhafte visuelle und akustische Halluzinationen gekennzeichnet sind. Seine einzigartigen Eigenschaften haben das Interesse an der Erforschung seines potenziellen therapeutischen Nutzens geweckt, insbesondere bei der Behandlung von Angstzust\u00e4nden und Depressionen. Mit der Ausweitung der DMT-Forschung w\u00e4chst auch die Nachfrage nach hochreinem DMT f\u00fcr wissenschaftliche Studien.<\/p>\n<p>Bei <strong>FRCS-Forschung<\/strong>bieten wir hochwertiges DMT-Pulver an, das speziell f\u00fcr Forschungszwecke entwickelt wurde. Unser DMT beziehen wir von renommierten Lieferanten, sodass Sie ein Produkt erhalten, das den h\u00f6chsten Reinheits- und Qualit\u00e4tsstandards entspricht.<\/p>\n<h4>Schl\u00fcsselw\u00f6rter: DMT online kaufen, DMT-Pulver kaufen, hochwertiges DMT f\u00fcr die Forschung, DMT-Forschungschemikalien.<\/h4>\n<p>&nbsp;<\/p>\n<p>&nbsp;<\/p>","protected":false},"excerpt":{"rendered":"<p>Buy DMT Powder for Research | FRCS Research For those seeking to buy DMT online, N,N-Dimethyltryptamine (DMT) is a powerful psychedelic compound renowned for its intense and short-lived effects. Found&hellip;<\/p>\n<p class=\"product woocommerce add_to_cart_inline\" style=\"border:4px solid #ccc; padding: 12px;\"><del aria-hidden=\"true\"><span class=\"woocommerce-Price-amount amount\"><bdi><span class=\"woocommerce-Price-currencySymbol\">&euro;<\/span>6,000.00<\/bdi><\/span><\/del> <span class=\"screen-reader-text\" data-no-translation=\"\" data-trp-gettext=\"\">Urspr\u00fcnglicher Preis war: &euro;6,000.00.<\/span><ins aria-hidden=\"true\"><span class=\"woocommerce-Price-amount amount\"><bdi><span class=\"woocommerce-Price-currencySymbol\">&euro;<\/span>5,700.00<\/bdi><\/span><\/ins><span class=\"screen-reader-text\" data-no-translation=\"\" data-trp-gettext=\"\">Der aktuelle Preis betr\u00e4gt: &euro;5,700.00.<\/span><a href=\"\/de\/wp-json\/wp\/v2\/product\/751?add-to-cart=751\" aria-describedby=\"woocommerce_loop_add_to_cart_link_describedby_751\" data-quantity=\"1\" class=\"button product_type_simple add_to_cart_button ajax_add_to_cart\" data-product_id=\"751\" data-product_sku=\"\" aria-label=\"In den Warenkorb legen: \u201eN,N-Dimethyltryptamine (DMT) 1kg\u201c\" rel=\"nofollow\" data-success_message=\"\u201eN,N-Dimethyltryptamine (DMT) 1kg\u201c wurde deinem Warenkorb hinzugef\u00fcgt\" data-no-translation=\"\" data-trp-gettext=\"\" data-no-translation-aria-label=\"\" data-no-translation-data-success_message=\"\">In den Warenkorb legen<\/a>\t<span id=\"woocommerce_loop_add_to_cart_link_describedby_751\" class=\"screen-reader-text\"><br \/>\n\t\t\t<\/span><\/p>","protected":false},"featured_media":752,"comment_status":"open","ping_status":"closed","template":"","meta":{"_uag_custom_page_level_css":""},"product_brand":[],"product_cat":[29],"product_tag":[173,175,168,177,171,176,174,169,172,170],"class_list":{"0":"post-751","1":"product","2":"type-product","3":"status-publish","4":"has-post-thumbnail","6":"product_cat-psychedelics","7":"product_tag-best-place-to-buy-dmt","8":"product_tag-buy-dmt-in-the-usa","9":"product_tag-buy-dmt-online","10":"product_tag-buy-dmt-online-legally","11":"product_tag-dmt-for-sale","12":"product_tag-dmt-shipping","13":"product_tag-dmt-vendor","14":"product_tag-order-dmt-crystals","15":"product_tag-purchase-dmt-legally","16":"product_tag-where-to-buy-dmt","18":"first","19":"instock","20":"sale","21":"shipping-taxable","22":"purchasable","23":"product-type-simple"},"yoast_head":"<!-- This site is optimized with the Yoast SEO plugin v27.1.1 - https:\/\/yoast.com\/product\/yoast-seo-wordpress\/ -->\n<title>N,N-Dimethyltryptamine (DMT) 1kg - wholesale supplier of research chemicals, 4mmc, 3mmc, MDPHP, Alpha PVP and more<\/title>\n<meta name=\"description\" content=\"Buy DMT powder for research purposes at FRCS Research. Explore its potential therapeutic benefits with our high-quality product.\" \/>\n<meta name=\"robots\" content=\"index, follow, max-snippet:-1, max-image-preview:large, max-video-preview:-1\" \/>\n<link rel=\"canonical\" href=\"https:\/\/frcs-research.com\/de\/product\/dmt-online-kaufen\/\" \/>\n<meta property=\"og:locale\" content=\"de_DE\" \/>\n<meta property=\"og:type\" content=\"article\" \/>\n<meta property=\"og:title\" content=\"N,N-Dimethyltryptamine (DMT) 1kg - wholesale supplier of research chemicals, 4mmc, 3mmc, MDPHP, Alpha PVP and more\" \/>\n<meta property=\"og:description\" content=\"Buy DMT powder for research purposes at FRCS Research. Explore its potential therapeutic benefits with our high-quality product.\" \/>\n<meta property=\"og:url\" content=\"https:\/\/frcs-research.com\/de\/product\/dmt-online-kaufen\/\" \/>\n<meta property=\"og:site_name\" content=\"wholesale supplier of research chemicals, 4mmc, 3mmc, MDPHP, Alpha PVP and more\" \/>\n<meta property=\"article:modified_time\" content=\"2026-04-23T10:32:23+00:00\" \/>\n<meta property=\"og:image\" content=\"https:\/\/frcs-research.com\/wp-content\/uploads\/2024\/10\/zircon-sand-500x500-1.webp\" \/>\n\t<meta property=\"og:image:width\" content=\"500\" \/>\n\t<meta property=\"og:image:height\" content=\"500\" \/>\n\t<meta property=\"og:image:type\" content=\"image\/webp\" \/>\n<meta name=\"twitter:card\" content=\"summary_large_image\" \/>\n<meta name=\"twitter:label1\" content=\"Preis\" \/>\n\t<meta name=\"twitter:data1\" content=\"&euro;5,700.00\" \/>\n\t<meta name=\"twitter:label2\" content=\"Verf\u00fcgbarkeit\" \/>\n\t<meta name=\"twitter:data2\" content=\"Auf Lager\" \/>\n<script type=\"application\/ld+json\" class=\"yoast-schema-graph\">{\"@context\":\"https:\/\/schema.org\",\"@graph\":[{\"@type\":[\"WebPage\",\"ItemPage\"],\"@id\":\"https:\/\/frcs-research.com\/product\/buy-dmt-online\/\",\"url\":\"https:\/\/frcs-research.com\/product\/buy-dmt-online\/\",\"name\":\"N,N-Dimethyltryptamine (DMT) 1kg - wholesale supplier of research chemicals, 4mmc, 3mmc, MDPHP, Alpha PVP and more\",\"isPartOf\":{\"@id\":\"https:\/\/frcs-research.com\/#website\"},\"primaryImageOfPage\":{\"@id\":\"https:\/\/frcs-research.com\/product\/buy-dmt-online\/#primaryimage\"},\"image\":{\"@id\":\"https:\/\/frcs-research.com\/product\/buy-dmt-online\/#primaryimage\"},\"thumbnailUrl\":\"https:\/\/frcs-research.com\/wp-content\/uploads\/2024\/10\/zircon-sand-500x500-1.webp\",\"datePublished\":\"2024-10-12T22:37:14+00:00\",\"dateModified\":\"2026-04-23T10:32:23+00:00\",\"description\":\"Buy DMT powder for research purposes at FRCS Research. Explore its potential therapeutic benefits with our high-quality product.\",\"breadcrumb\":{\"@id\":\"https:\/\/frcs-research.com\/product\/buy-dmt-online\/#breadcrumb\"},\"inLanguage\":\"de\",\"potentialAction\":[{\"@type\":\"ReadAction\",\"target\":[\"https:\/\/frcs-research.com\/product\/buy-dmt-online\/\"]}]},{\"@type\":\"ImageObject\",\"inLanguage\":\"de\",\"@id\":\"https:\/\/frcs-research.com\/product\/buy-dmt-online\/#primaryimage\",\"url\":\"https:\/\/frcs-research.com\/wp-content\/uploads\/2024\/10\/zircon-sand-500x500-1.webp\",\"contentUrl\":\"https:\/\/frcs-research.com\/wp-content\/uploads\/2024\/10\/zircon-sand-500x500-1.webp\",\"width\":500,\"height\":500,\"caption\":\"buy DMT online\"},{\"@type\":\"BreadcrumbList\",\"@id\":\"https:\/\/frcs-research.com\/product\/buy-dmt-online\/#breadcrumb\",\"itemListElement\":[{\"@type\":\"ListItem\",\"position\":1,\"name\":\"Home\",\"item\":\"https:\/\/frcs-research.com\/\"},{\"@type\":\"ListItem\",\"position\":2,\"name\":\"Shop\",\"item\":\"https:\/\/frcs-research.com\/shop\/\"},{\"@type\":\"ListItem\",\"position\":3,\"name\":\"N,N-Dimethyltryptamine (DMT) 1kg\"}]},{\"@type\":\"WebSite\",\"@id\":\"https:\/\/frcs-research.com\/#website\",\"url\":\"https:\/\/frcs-research.com\/\",\"name\":\"wholesale supplier of research chemicals, 4mmc, 3mmc, MDPHP, Alpha PVP and more\",\"description\":\"Wholesale research chemicals\",\"potentialAction\":[{\"@type\":\"SearchAction\",\"target\":{\"@type\":\"EntryPoint\",\"urlTemplate\":\"https:\/\/frcs-research.com\/?s={search_term_string}\"},\"query-input\":{\"@type\":\"PropertyValueSpecification\",\"valueRequired\":true,\"valueName\":\"search_term_string\"}}],\"inLanguage\":\"de\"}]}<\/script>\n<meta property=\"product:price:amount\" content=\"5700.00\" \/>\n<meta property=\"product:price:currency\" content=\"EUR\" \/>\n<meta property=\"og:availability\" content=\"instock\" \/>\n<meta property=\"product:availability\" content=\"instock\" \/>\n<meta property=\"product:condition\" content=\"new\" \/>\n<!-- \/ Yoast SEO plugin. -->","yoast_head_json":{"title":"N,N-Dimethyltryptamine (DMT) 1kg - wholesale supplier of research chemicals, 4mmc, 3mmc, MDPHP, Alpha PVP and more","description":"Kaufen Sie DMT-Pulver f\u00fcr Forschungszwecke bei FRCS Research. Entdecken Sie die potenziellen therapeutischen Vorteile unseres hochwertigen Produkts.","robots":{"index":"index","follow":"follow","max-snippet":"max-snippet:-1","max-image-preview":"max-image-preview:large","max-video-preview":"max-video-preview:-1"},"canonical":"https:\/\/frcs-research.com\/de\/product\/dmt-online-kaufen\/","og_locale":"de_DE","og_type":"article","og_title":"N,N-Dimethyltryptamine (DMT) 1kg - wholesale supplier of research chemicals, 4mmc, 3mmc, MDPHP, Alpha PVP and more","og_description":"Buy DMT powder for research purposes at FRCS Research. Explore its potential therapeutic benefits with our high-quality product.","og_url":"https:\/\/frcs-research.com\/de\/product\/dmt-online-kaufen\/","og_site_name":"wholesale supplier of research chemicals, 4mmc, 3mmc, MDPHP, Alpha PVP and more","article_modified_time":"2026-04-23T10:32:23+00:00","og_image":[{"width":500,"height":500,"url":"https:\/\/frcs-research.com\/wp-content\/uploads\/2024\/10\/zircon-sand-500x500-1.webp","type":"image\/webp"}],"twitter_card":"summary_large_image","twitter_misc":{"Preis":"&euro;5,700.00","Verf\u00fcgbarkeit":"Auf Lager"},"schema":{"@context":"https:\/\/schema.org","@graph":[{"@type":["WebPage","ItemPage"],"@id":"https:\/\/frcs-research.com\/product\/buy-dmt-online\/","url":"https:\/\/frcs-research.com\/product\/buy-dmt-online\/","name":"N,N-Dimethyltryptamine (DMT) 1kg - wholesale supplier of research chemicals, 4mmc, 3mmc, MDPHP, Alpha PVP and more","isPartOf":{"@id":"https:\/\/frcs-research.com\/#website"},"primaryImageOfPage":{"@id":"https:\/\/frcs-research.com\/product\/buy-dmt-online\/#primaryimage"},"image":{"@id":"https:\/\/frcs-research.com\/product\/buy-dmt-online\/#primaryimage"},"thumbnailUrl":"https:\/\/frcs-research.com\/wp-content\/uploads\/2024\/10\/zircon-sand-500x500-1.webp","datePublished":"2024-10-12T22:37:14+00:00","dateModified":"2026-04-23T10:32:23+00:00","description":"Kaufen Sie DMT-Pulver f\u00fcr Forschungszwecke bei FRCS Research. Entdecken Sie die potenziellen therapeutischen Vorteile unseres hochwertigen Produkts.","breadcrumb":{"@id":"https:\/\/frcs-research.com\/product\/buy-dmt-online\/#breadcrumb"},"inLanguage":"de","potentialAction":[{"@type":"ReadAction","target":["https:\/\/frcs-research.com\/product\/buy-dmt-online\/"]}]},{"@type":"ImageObject","inLanguage":"de","@id":"https:\/\/frcs-research.com\/product\/buy-dmt-online\/#primaryimage","url":"https:\/\/frcs-research.com\/wp-content\/uploads\/2024\/10\/zircon-sand-500x500-1.webp","contentUrl":"https:\/\/frcs-research.com\/wp-content\/uploads\/2024\/10\/zircon-sand-500x500-1.webp","width":500,"height":500,"caption":"buy DMT online"},{"@type":"BreadcrumbList","@id":"https:\/\/frcs-research.com\/product\/buy-dmt-online\/#breadcrumb","itemListElement":[{"@type":"ListItem","position":1,"name":"Home","item":"https:\/\/frcs-research.com\/"},{"@type":"ListItem","position":2,"name":"Shop","item":"https:\/\/frcs-research.com\/shop\/"},{"@type":"ListItem","position":3,"name":"N,N-Dimethyltryptamine (DMT) 1kg"}]},{"@type":"WebSite","@id":"https:\/\/frcs-research.com\/#website","url":"https:\/\/frcs-research.com\/","name":"Gro\u00dfh\u00e4ndler f\u00fcr Forschungschemikalien, 4mmc, 3mmc, MDPHP, Alpha PVP und mehr","description":"Gro\u00dfhandel mit Forschungschemikalien","potentialAction":[{"@type":"SearchAction","target":{"@type":"EntryPoint","urlTemplate":"https:\/\/frcs-research.com\/?s={search_term_string}"},"query-input":{"@type":"PropertyValueSpecification","valueRequired":true,"valueName":"search_term_string"}}],"inLanguage":"de"}]},"product_price_amount":"5700.00","product_price_currency":"EUR","og_availability":"instock","product_availability":"instock","product_condition":"new"},"uagb_featured_image_src":{"full":["https:\/\/frcs-research.com\/wp-content\/uploads\/2024\/10\/zircon-sand-500x500-1.webp",500,500,false],"thumbnail":["https:\/\/frcs-research.com\/wp-content\/uploads\/2024\/10\/zircon-sand-500x500-1-150x150.webp",150,150,true],"medium":["https:\/\/frcs-research.com\/wp-content\/uploads\/2024\/10\/zircon-sand-500x500-1-300x300.webp",300,300,true],"medium_large":["https:\/\/frcs-research.com\/wp-content\/uploads\/2024\/10\/zircon-sand-500x500-1.webp",500,500,false],"large":["https:\/\/frcs-research.com\/wp-content\/uploads\/2024\/10\/zircon-sand-500x500-1.webp",500,500,false],"1536x1536":["https:\/\/frcs-research.com\/wp-content\/uploads\/2024\/10\/zircon-sand-500x500-1.webp",500,500,false],"2048x2048":["https:\/\/frcs-research.com\/wp-content\/uploads\/2024\/10\/zircon-sand-500x500-1.webp",500,500,false],"trp-custom-language-flag":["https:\/\/frcs-research.com\/wp-content\/uploads\/2024\/10\/zircon-sand-500x500-1.webp",12,12,false],"post-thumbnail":["https:\/\/frcs-research.com\/wp-content\/uploads\/2024\/10\/zircon-sand-500x500-1.webp",500,500,false],"elite-commerce-slider":["https:\/\/frcs-research.com\/wp-content\/uploads\/2024\/10\/zircon-sand-500x500-1.webp",500,500,false],"elite-commerce-hero":["https:\/\/frcs-research.com\/wp-content\/uploads\/2024\/10\/zircon-sand-500x500-1.webp",500,500,false],"elite-commerce-portfolio":["https:\/\/frcs-research.com\/wp-content\/uploads\/2024\/10\/zircon-sand-500x500-1.webp",400,400,false],"woocommerce_thumbnail":["https:\/\/frcs-research.com\/wp-content\/uploads\/2024\/10\/zircon-sand-500x500-1-300x300.webp",300,300,true],"woocommerce_single":["https:\/\/frcs-research.com\/wp-content\/uploads\/2024\/10\/zircon-sand-500x500-1.webp",500,500,false],"woocommerce_gallery_thumbnail":["https:\/\/frcs-research.com\/wp-content\/uploads\/2024\/10\/zircon-sand-500x500-1-100x100.webp",100,100,true]},"uagb_author_info":{"display_name":"Richard Wood","author_link":"https:\/\/frcs-research.com\/de\/author\/"},"uagb_comment_info":760,"uagb_excerpt":"Buy DMT Powder for Research | FRCS Research For those seeking to buy DMT online, N,N-Dimethyltryptamine (DMT) is a powerful psychedelic compound renowned for its intense and short-lived effects. Found&hellip;&euro;6,000.00 Urspr\u00fcnglicher Preis war: &euro;6,000.00.&euro;5,700.00Der aktuelle Preis betr\u00e4gt: &euro;5,700.00.In den Warenkorb legen","_links":{"self":[{"href":"https:\/\/frcs-research.com\/de\/wp-json\/wp\/v2\/product\/751","targetHints":{"allow":["GET"]}}],"collection":[{"href":"https:\/\/frcs-research.com\/de\/wp-json\/wp\/v2\/product"}],"about":[{"href":"https:\/\/frcs-research.com\/de\/wp-json\/wp\/v2\/types\/product"}],"replies":[{"embeddable":true,"href":"https:\/\/frcs-research.com\/de\/wp-json\/wp\/v2\/comments?post=751"}],"wp:featuredmedia":[{"embeddable":true,"href":"https:\/\/frcs-research.com\/de\/wp-json\/wp\/v2\/media\/752"}],"wp:attachment":[{"href":"https:\/\/frcs-research.com\/de\/wp-json\/wp\/v2\/media?parent=751"}],"wp:term":[{"taxonomy":"product_brand","embeddable":true,"href":"https:\/\/frcs-research.com\/de\/wp-json\/wp\/v2\/product_brand?post=751"},{"taxonomy":"product_cat","embeddable":true,"href":"https:\/\/frcs-research.com\/de\/wp-json\/wp\/v2\/product_cat?post=751"},{"taxonomy":"product_tag","embeddable":true,"href":"https:\/\/frcs-research.com\/de\/wp-json\/wp\/v2\/product_tag?post=751"}],"curies":[{"name":"wp","href":"https:\/\/api.w.org\/{rel}","templated":true}]}}