{"id":753,"date":"2024-10-12T22:39:09","date_gmt":"2024-10-12T22:39:09","guid":{"rendered":"https:\/\/frcs-research.com\/?post_type=product&#038;p=753"},"modified":"2026-04-24T00:02:52","modified_gmt":"2026-04-24T00:02:52","slug":"2c-b-pulver-kaufen","status":"publish","type":"product","link":"https:\/\/frcs-research.com\/de\/product\/2c-b-pulver-kaufen\/","title":{"rendered":"2C-B (4-Bromo-2,5-dimethoxyphenethylamine) 50g"},"content":{"rendered":"<h4>Kaufen Sie 2C-B-Pulver online f\u00fcr die Forschung | FRCS Research<\/h4>\n<h4><\/h4>\n<p>Wenn Sie interessiert sind an <strong>2C-B online kaufen<\/strong>, <strong>2C-B<\/strong> ist ein synthetisches Psychedelikum, das f\u00fcr seine einzigartige Kombination halluzinogener und entaktogener Effekte bekannt ist. 2C-B wurde urspr\u00fcnglich in den 1970er Jahren entwickelt, hat aufgrund seiner potenziellen therapeutischen Anwendungen an Popularit\u00e4t gewonnen und wird h\u00e4ufig in klinischen Umgebungen untersucht.<\/p>\n<table>\n<thead>\n<tr>\n<th><strong>Eigentum<\/strong><\/th>\n<th><strong>Spezifikation<\/strong><\/th>\n<\/tr>\n<\/thead>\n<tbody>\n<tr>\n<td><strong>Chemischer Name<\/strong><\/td>\n<td>2,5-Dimethoxy-4-bromphenethylamin<\/td>\n<\/tr>\n<tr>\n<td><strong>Summenformel<\/strong><\/td>\n<td>C\u2081\u2080H\u2081\u2084BrNO\u2082<\/td>\n<\/tr>\n<tr>\n<td><strong>Molekulargewicht<\/strong><\/td>\n<td>260,13 g\/mol<\/td>\n<\/tr>\n<tr>\n<td><strong>Aussehen<\/strong><\/td>\n<td>Typischerweise als wei\u00dfes oder cremefarbenes kristallines Pulver oder in gepressten Tabletten erh\u00e4ltlich<\/td>\n<\/tr>\n<tr>\n<td><strong>L\u00f6slichkeit<\/strong><\/td>\n<td>L\u00f6slich in Ethanol und anderen polaren organischen L\u00f6sungsmitteln; begrenzte L\u00f6slichkeit in Wasser<\/td>\n<\/tr>\n<tr>\n<td><strong>Schmelzpunkt<\/strong><\/td>\n<td>Etwa 238-240\u00b0C<\/td>\n<\/tr>\n<tr>\n<td><strong>Chemische Struktur<\/strong><\/td>\n<td>Phenethylamin-R\u00fcckgrat mit Brom am Benzolring an Position 4 und zwei Methoxygruppen an den Positionen 2 und 5<\/td>\n<\/tr>\n<tr>\n<td><strong>Wirkmechanismus<\/strong><\/td>\n<td>Fungiert als <strong>partieller Agonist<\/strong> bei <strong>5-HT\u2082A<\/strong> Und <strong>5-HT\u2082C-Rezeptoren<\/strong>, mit zus\u00e4tzlichen Auswirkungen auf Dopaminrezeptoren<\/td>\n<\/tr>\n<tr>\n<td><strong>Auswirkungen<\/strong><\/td>\n<td>Leichte bis mittelschwere visuelle Halluzinationen, verst\u00e4rkte Farben und Ger\u00e4usche, Euphorie, empathogene Effekte, ver\u00e4nderte Wahrnehmung von Raum und Zeit<\/td>\n<\/tr>\n<tr>\n<td><strong>Beginn der Wirkungen<\/strong><\/td>\n<td>Typischerweise <strong>20-90 Minuten<\/strong> bei oraler Einnahme<\/td>\n<\/tr>\n<tr>\n<td><strong>Wirkungsdauer<\/strong><\/td>\n<td>Rund <strong>4-8 Stunden<\/strong>, abh\u00e4ngig von der Dosis und individuellen Faktoren<\/td>\n<\/tr>\n<tr>\n<td><strong>Dosierungsbereich<\/strong><\/td>\n<td>Die \u00fcbliche orale Dosierung reicht von <strong>10-25 mg<\/strong>; die Wirkungen variieren erheblich je nach Dosis<\/td>\n<\/tr>\n<tr>\n<td><strong>Sicherheit und Nebenwirkungen<\/strong><\/td>\n<td>M\u00f6gliche Nebenwirkungen sind \u00dcbelkeit, Angst, Herzrasen, Schwitzen und Verwirrtheit; h\u00f6here Dosen erh\u00f6hen das Risiko von Nebenwirkungen<\/td>\n<\/tr>\n<tr>\n<td><strong>Rechtsstatus<\/strong><\/td>\n<td>Klassifiziert als <strong>Stoffe der Liste I<\/strong> in vielen L\u00e4ndern, aber die Legalit\u00e4t variiert weltweit<\/td>\n<\/tr>\n<\/tbody>\n<\/table>\n<p>Untersuchungen zeigen, dass 2C-B emotionale Verbindungen st\u00e4rken und die Sinneswahrnehmung steigern kann, was es f\u00fcr Psychologen und Forscher gleicherma\u00dfen zu einem interessanten Thema macht. Seine Wirkungen sind typischerweise milder als die anderer Psychedelika, was zu seiner Attraktivit\u00e4t in therapeutischen Umgebungen beitr\u00e4gt.<\/p>\n<p>Bei <strong>FRCS-Forschung<\/strong>, wir liefern hochwertiges 2C-B-Pulver, das f\u00fcr wissenschaftliche Forschung und Analyse geeignet ist. Unser Engagement f\u00fcr Reinheit stellt sicher, dass Sie ein Produkt erhalten, das perfekt f\u00fcr Ihre Studien \u00fcber die Wirkung von Psychedelika geeignet ist.<\/p>\n<p>&nbsp;<\/p>","protected":false},"excerpt":{"rendered":"<p>Buy 2C-B Powder Online for Research | FRCS Research If you&#8217;re interested in buying 2C-B online, 2C-B is a synthetic psychedelic known for its unique combination of hallucinogenic and entactogenic&hellip;<\/p>\n<p class=\"product woocommerce add_to_cart_inline\" style=\"border:4px solid #ccc; padding: 12px;\"><del aria-hidden=\"true\"><span class=\"woocommerce-Price-amount amount\"><bdi><span class=\"woocommerce-Price-currencySymbol\">&euro;<\/span>260.00<\/bdi><\/span><\/del> <span class=\"screen-reader-text\" data-no-translation=\"\" data-trp-gettext=\"\">Urspr\u00fcnglicher Preis war: &euro;260.00.<\/span><ins aria-hidden=\"true\"><span class=\"woocommerce-Price-amount amount\"><bdi><span class=\"woocommerce-Price-currencySymbol\">&euro;<\/span>250.00<\/bdi><\/span><\/ins><span class=\"screen-reader-text\" data-no-translation=\"\" data-trp-gettext=\"\">Der aktuelle Preis betr\u00e4gt: &euro;250.00.<\/span><a href=\"\/de\/wp-json\/wp\/v2\/product\/753?add-to-cart=753\" aria-describedby=\"woocommerce_loop_add_to_cart_link_describedby_753\" data-quantity=\"1\" class=\"button product_type_simple add_to_cart_button ajax_add_to_cart\" data-product_id=\"753\" data-product_sku=\"\" aria-label=\"In den Warenkorb legen: \u201e2C-B (4-Bromo-2,5-dimethoxyphenethylamine) 50g\u201c\" rel=\"nofollow\" data-success_message=\"\u201e2C-B (4-Bromo-2,5-dimethoxyphenethylamine) 50g\u201c wurde deinem Warenkorb hinzugef\u00fcgt\" data-no-translation=\"\" data-trp-gettext=\"\" data-no-translation-aria-label=\"\" data-no-translation-data-success_message=\"\">In den Warenkorb legen<\/a>\t<span id=\"woocommerce_loop_add_to_cart_link_describedby_753\" class=\"screen-reader-text\"><br \/>\n\t\t\t<\/span><\/p>","protected":false},"featured_media":754,"comment_status":"open","ping_status":"closed","template":"","meta":{"_uag_custom_page_level_css":""},"product_brand":[],"product_cat":[29],"product_tag":[108,103,102,101,110,106,109,107,105,104],"class_list":{"0":"post-753","1":"product","2":"type-product","3":"status-publish","4":"has-post-thumbnail","6":"product_cat-psychedelics","7":"product_tag-108","8":"product_tag-2c-b-crystal","9":"product_tag-2c-b-powder","10":"product_tag-2c-b-fly","11":"product_tag-2c-bromine","12":"product_tag-4-bromo-2","13":"product_tag-5-dimethoxy-4-bromophenethylamine","14":"product_tag-5-dimethoxyphenethylamine","15":"product_tag-pink-champagne","16":"product_tag-psychedelic-phenethylamine","18":"first","19":"instock","20":"sale","21":"shipping-taxable","22":"purchasable","23":"product-type-simple"},"yoast_head":"<!-- This site is optimized with the Yoast SEO plugin v27.1.1 - https:\/\/yoast.com\/product\/yoast-seo-wordpress\/ -->\n<title>Buy 2C-B Powder Online for Research | FRCS Research<\/title>\n<meta name=\"description\" content=\"Order 2C-B powder online from FRCS Research for your research needs. Discover its unique effects in therapeutic applications. Fast, secure shipping available\" \/>\n<meta name=\"robots\" content=\"index, follow, max-snippet:-1, max-image-preview:large, max-video-preview:-1\" \/>\n<link rel=\"canonical\" href=\"https:\/\/frcs-research.com\/de\/product\/2c-b-pulver-kaufen\/\" \/>\n<meta property=\"og:locale\" content=\"de_DE\" \/>\n<meta property=\"og:type\" content=\"article\" \/>\n<meta property=\"og:title\" content=\"Buy 2C-B Powder Online for Research | FRCS Research\" \/>\n<meta property=\"og:description\" content=\"Order 2C-B powder online from FRCS Research for your research needs. Discover its unique effects in therapeutic applications. Fast, secure shipping available\" \/>\n<meta property=\"og:url\" content=\"https:\/\/frcs-research.com\/de\/product\/2c-b-pulver-kaufen\/\" \/>\n<meta property=\"og:site_name\" content=\"wholesale supplier of research chemicals, 4mmc, 3mmc, MDPHP, Alpha PVP and more\" \/>\n<meta property=\"article:modified_time\" content=\"2026-04-24T00:02:52+00:00\" \/>\n<meta property=\"og:image\" content=\"https:\/\/frcs-research.com\/wp-content\/uploads\/2024\/10\/R.jpg\" \/>\n\t<meta property=\"og:image:width\" content=\"524\" \/>\n\t<meta property=\"og:image:height\" content=\"424\" \/>\n\t<meta property=\"og:image:type\" content=\"image\/jpeg\" \/>\n<meta name=\"twitter:card\" content=\"summary_large_image\" \/>\n<meta name=\"twitter:label1\" content=\"Preis\" \/>\n\t<meta name=\"twitter:data1\" content=\"&euro;250.00\" \/>\n\t<meta name=\"twitter:label2\" content=\"Verf\u00fcgbarkeit\" \/>\n\t<meta name=\"twitter:data2\" content=\"Auf Lager\" \/>\n<script type=\"application\/ld+json\" class=\"yoast-schema-graph\">{\"@context\":\"https:\/\/schema.org\",\"@graph\":[{\"@type\":[\"WebPage\",\"ItemPage\"],\"@id\":\"https:\/\/frcs-research.com\/product\/buy-2c-b-powder\/\",\"url\":\"https:\/\/frcs-research.com\/product\/buy-2c-b-powder\/\",\"name\":\"Buy 2C-B Powder Online for Research | FRCS Research\",\"isPartOf\":{\"@id\":\"https:\/\/frcs-research.com\/#website\"},\"primaryImageOfPage\":{\"@id\":\"https:\/\/frcs-research.com\/product\/buy-2c-b-powder\/#primaryimage\"},\"image\":{\"@id\":\"https:\/\/frcs-research.com\/product\/buy-2c-b-powder\/#primaryimage\"},\"thumbnailUrl\":\"https:\/\/frcs-research.com\/wp-content\/uploads\/2024\/10\/R.jpg\",\"datePublished\":\"2024-10-12T22:39:09+00:00\",\"dateModified\":\"2026-04-24T00:02:52+00:00\",\"description\":\"Order 2C-B powder online from FRCS Research for your research needs. Discover its unique effects in therapeutic applications. Fast, secure shipping available\",\"breadcrumb\":{\"@id\":\"https:\/\/frcs-research.com\/product\/buy-2c-b-powder\/#breadcrumb\"},\"inLanguage\":\"de\",\"potentialAction\":[{\"@type\":\"ReadAction\",\"target\":[\"https:\/\/frcs-research.com\/product\/buy-2c-b-powder\/\"]}]},{\"@type\":\"ImageObject\",\"inLanguage\":\"de\",\"@id\":\"https:\/\/frcs-research.com\/product\/buy-2c-b-powder\/#primaryimage\",\"url\":\"https:\/\/frcs-research.com\/wp-content\/uploads\/2024\/10\/R.jpg\",\"contentUrl\":\"https:\/\/frcs-research.com\/wp-content\/uploads\/2024\/10\/R.jpg\",\"width\":524,\"height\":424,\"caption\":\"Buy 2C-B Powder\"},{\"@type\":\"BreadcrumbList\",\"@id\":\"https:\/\/frcs-research.com\/product\/buy-2c-b-powder\/#breadcrumb\",\"itemListElement\":[{\"@type\":\"ListItem\",\"position\":1,\"name\":\"Home\",\"item\":\"https:\/\/frcs-research.com\/\"},{\"@type\":\"ListItem\",\"position\":2,\"name\":\"Shop\",\"item\":\"https:\/\/frcs-research.com\/shop\/\"},{\"@type\":\"ListItem\",\"position\":3,\"name\":\"2C-B (4-Bromo-2,5-dimethoxyphenethylamine) 50g\"}]},{\"@type\":\"WebSite\",\"@id\":\"https:\/\/frcs-research.com\/#website\",\"url\":\"https:\/\/frcs-research.com\/\",\"name\":\"wholesale supplier of research chemicals, 4mmc, 3mmc, MDPHP, Alpha PVP and more\",\"description\":\"Wholesale research chemicals\",\"potentialAction\":[{\"@type\":\"SearchAction\",\"target\":{\"@type\":\"EntryPoint\",\"urlTemplate\":\"https:\/\/frcs-research.com\/?s={search_term_string}\"},\"query-input\":{\"@type\":\"PropertyValueSpecification\",\"valueRequired\":true,\"valueName\":\"search_term_string\"}}],\"inLanguage\":\"de\"}]}<\/script>\n<meta property=\"product:price:amount\" content=\"250.00\" \/>\n<meta property=\"product:price:currency\" content=\"EUR\" \/>\n<meta property=\"og:availability\" content=\"instock\" \/>\n<meta property=\"product:availability\" content=\"instock\" \/>\n<meta property=\"product:condition\" content=\"new\" \/>\n<!-- \/ Yoast SEO plugin. -->","yoast_head_json":{"title":"Kaufen Sie 2C-B-Pulver online f\u00fcr die Forschung | FRCS Research","description":"Bestellen Sie 2C-B-Pulver online bei FRCS Research f\u00fcr Ihre Forschungsanforderungen. Entdecken Sie seine einzigartigen Wirkungen in therapeutischen Anwendungen. Schneller, sicherer Versand m\u00f6glich","robots":{"index":"index","follow":"follow","max-snippet":"max-snippet:-1","max-image-preview":"max-image-preview:large","max-video-preview":"max-video-preview:-1"},"canonical":"https:\/\/frcs-research.com\/de\/product\/2c-b-pulver-kaufen\/","og_locale":"de_DE","og_type":"article","og_title":"Buy 2C-B Powder Online for Research | FRCS Research","og_description":"Order 2C-B powder online from FRCS Research for your research needs. Discover its unique effects in therapeutic applications. Fast, secure shipping available","og_url":"https:\/\/frcs-research.com\/de\/product\/2c-b-pulver-kaufen\/","og_site_name":"wholesale supplier of research chemicals, 4mmc, 3mmc, MDPHP, Alpha PVP and more","article_modified_time":"2026-04-24T00:02:52+00:00","og_image":[{"width":524,"height":424,"url":"https:\/\/frcs-research.com\/wp-content\/uploads\/2024\/10\/R.jpg","type":"image\/jpeg"}],"twitter_card":"summary_large_image","twitter_misc":{"Preis":"&euro;250.00","Verf\u00fcgbarkeit":"Auf Lager"},"schema":{"@context":"https:\/\/schema.org","@graph":[{"@type":["WebPage","ItemPage"],"@id":"https:\/\/frcs-research.com\/product\/buy-2c-b-powder\/","url":"https:\/\/frcs-research.com\/product\/buy-2c-b-powder\/","name":"Kaufen Sie 2C-B-Pulver online f\u00fcr die Forschung | FRCS Research","isPartOf":{"@id":"https:\/\/frcs-research.com\/#website"},"primaryImageOfPage":{"@id":"https:\/\/frcs-research.com\/product\/buy-2c-b-powder\/#primaryimage"},"image":{"@id":"https:\/\/frcs-research.com\/product\/buy-2c-b-powder\/#primaryimage"},"thumbnailUrl":"https:\/\/frcs-research.com\/wp-content\/uploads\/2024\/10\/R.jpg","datePublished":"2024-10-12T22:39:09+00:00","dateModified":"2026-04-24T00:02:52+00:00","description":"Bestellen Sie 2C-B-Pulver online bei FRCS Research f\u00fcr Ihre Forschungsanforderungen. Entdecken Sie seine einzigartigen Wirkungen in therapeutischen Anwendungen. Schneller, sicherer Versand m\u00f6glich","breadcrumb":{"@id":"https:\/\/frcs-research.com\/product\/buy-2c-b-powder\/#breadcrumb"},"inLanguage":"de","potentialAction":[{"@type":"ReadAction","target":["https:\/\/frcs-research.com\/product\/buy-2c-b-powder\/"]}]},{"@type":"ImageObject","inLanguage":"de","@id":"https:\/\/frcs-research.com\/product\/buy-2c-b-powder\/#primaryimage","url":"https:\/\/frcs-research.com\/wp-content\/uploads\/2024\/10\/R.jpg","contentUrl":"https:\/\/frcs-research.com\/wp-content\/uploads\/2024\/10\/R.jpg","width":524,"height":424,"caption":"Buy 2C-B Powder"},{"@type":"BreadcrumbList","@id":"https:\/\/frcs-research.com\/product\/buy-2c-b-powder\/#breadcrumb","itemListElement":[{"@type":"ListItem","position":1,"name":"Home","item":"https:\/\/frcs-research.com\/"},{"@type":"ListItem","position":2,"name":"Shop","item":"https:\/\/frcs-research.com\/shop\/"},{"@type":"ListItem","position":3,"name":"2C-B (4-Bromo-2,5-dimethoxyphenethylamine) 50g"}]},{"@type":"WebSite","@id":"https:\/\/frcs-research.com\/#website","url":"https:\/\/frcs-research.com\/","name":"Gro\u00dfh\u00e4ndler f\u00fcr Forschungschemikalien, 4mmc, 3mmc, MDPHP, Alpha PVP und mehr","description":"Gro\u00dfhandel mit Forschungschemikalien","potentialAction":[{"@type":"SearchAction","target":{"@type":"EntryPoint","urlTemplate":"https:\/\/frcs-research.com\/?s={search_term_string}"},"query-input":{"@type":"PropertyValueSpecification","valueRequired":true,"valueName":"search_term_string"}}],"inLanguage":"de"}]},"product_price_amount":"250.00","product_price_currency":"EUR","og_availability":"instock","product_availability":"instock","product_condition":"new"},"uagb_featured_image_src":{"full":["https:\/\/frcs-research.com\/wp-content\/uploads\/2024\/10\/R.jpg",524,424,false],"thumbnail":["https:\/\/frcs-research.com\/wp-content\/uploads\/2024\/10\/R-150x150.jpg",150,150,true],"medium":["https:\/\/frcs-research.com\/wp-content\/uploads\/2024\/10\/R-300x243.jpg",300,243,true],"medium_large":["https:\/\/frcs-research.com\/wp-content\/uploads\/2024\/10\/R.jpg",524,424,false],"large":["https:\/\/frcs-research.com\/wp-content\/uploads\/2024\/10\/R.jpg",524,424,false],"1536x1536":["https:\/\/frcs-research.com\/wp-content\/uploads\/2024\/10\/R.jpg",524,424,false],"2048x2048":["https:\/\/frcs-research.com\/wp-content\/uploads\/2024\/10\/R.jpg",524,424,false],"trp-custom-language-flag":["https:\/\/frcs-research.com\/wp-content\/uploads\/2024\/10\/R.jpg",15,12,false],"post-thumbnail":["https:\/\/frcs-research.com\/wp-content\/uploads\/2024\/10\/R.jpg",524,424,false],"elite-commerce-slider":["https:\/\/frcs-research.com\/wp-content\/uploads\/2024\/10\/R.jpg",524,424,false],"elite-commerce-hero":["https:\/\/frcs-research.com\/wp-content\/uploads\/2024\/10\/R.jpg",524,424,false],"elite-commerce-portfolio":["https:\/\/frcs-research.com\/wp-content\/uploads\/2024\/10\/R.jpg",400,324,false],"woocommerce_thumbnail":["https:\/\/frcs-research.com\/wp-content\/uploads\/2024\/10\/R-300x300.jpg",300,300,true],"woocommerce_single":["https:\/\/frcs-research.com\/wp-content\/uploads\/2024\/10\/R.jpg",524,424,false],"woocommerce_gallery_thumbnail":["https:\/\/frcs-research.com\/wp-content\/uploads\/2024\/10\/R-100x100.jpg",100,100,true]},"uagb_author_info":{"display_name":"Richard Wood","author_link":"https:\/\/frcs-research.com\/de\/author\/"},"uagb_comment_info":809,"uagb_excerpt":"Buy 2C-B Powder Online for Research | FRCS Research If you&#8217;re interested in buying 2C-B online, 2C-B is a synthetic psychedelic known for its unique combination of hallucinogenic and entactogenic&hellip;&euro;260.00 Urspr\u00fcnglicher Preis war: &euro;260.00.&euro;250.00Der aktuelle Preis betr\u00e4gt: &euro;250.00.In den Warenkorb legen","_links":{"self":[{"href":"https:\/\/frcs-research.com\/de\/wp-json\/wp\/v2\/product\/753","targetHints":{"allow":["GET"]}}],"collection":[{"href":"https:\/\/frcs-research.com\/de\/wp-json\/wp\/v2\/product"}],"about":[{"href":"https:\/\/frcs-research.com\/de\/wp-json\/wp\/v2\/types\/product"}],"replies":[{"embeddable":true,"href":"https:\/\/frcs-research.com\/de\/wp-json\/wp\/v2\/comments?post=753"}],"wp:featuredmedia":[{"embeddable":true,"href":"https:\/\/frcs-research.com\/de\/wp-json\/wp\/v2\/media\/754"}],"wp:attachment":[{"href":"https:\/\/frcs-research.com\/de\/wp-json\/wp\/v2\/media?parent=753"}],"wp:term":[{"taxonomy":"product_brand","embeddable":true,"href":"https:\/\/frcs-research.com\/de\/wp-json\/wp\/v2\/product_brand?post=753"},{"taxonomy":"product_cat","embeddable":true,"href":"https:\/\/frcs-research.com\/de\/wp-json\/wp\/v2\/product_cat?post=753"},{"taxonomy":"product_tag","embeddable":true,"href":"https:\/\/frcs-research.com\/de\/wp-json\/wp\/v2\/product_tag?post=753"}],"curies":[{"name":"wp","href":"https:\/\/api.w.org\/{rel}","templated":true}]}}