{"id":807,"date":"2024-10-13T09:49:18","date_gmt":"2024-10-13T09:49:18","guid":{"rendered":"https:\/\/frcs-research.com\/?post_type=product&#038;p=807"},"modified":"2026-04-09T13:22:34","modified_gmt":"2026-04-09T13:22:34","slug":"diablo-k2-spray-kaufen","status":"publish","type":"product","link":"https:\/\/frcs-research.com\/de\/product\/diablo-k2-spray-kaufen\/","title":{"rendered":"Diablo K2 Spray"},"content":{"rendered":"<h1><strong>Diablo K2 Spray online kaufen \u2013 Das st\u00e4rkste K2 Spray zum Verkauf bei FRCSResearch<\/strong><\/h1>\n<p>Auf der Suche nach dem <strong>st\u00e4rkstes K2 Spray<\/strong> auf dem Markt? <strong>Diablo K2 Spray<\/strong> ist Ihre ultimative Wahl! Bei <strong>FRCSForschung<\/strong>bieten wir Premium <strong>Diablo K2 Spray zu verkaufen<\/strong>, die ein leistungsstarkes und lang anhaltendes Erlebnis bieten, das seinesgleichen sucht. Egal, ob Sie ein erfahrener Benutzer oder neu in der Welt der <strong>K2 Gew\u00fcrzsprays<\/strong>Dieses Produkt verspricht die Intensit\u00e4t, die Sie suchen.<\/p>\n<hr \/>\n<h3>Warum Diablo K2 Spray kaufen?<\/h3>\n<p><strong>Diablo K2 Spray<\/strong> ist bekannt als einer der wirksamsten <strong>K2 Gew\u00fcrzsprays<\/strong> erh\u00e4ltlich. Bekannt f\u00fcr seine schnell einsetzende Wirkung und sein starkes High, ist es perfekt f\u00fcr diejenigen, die eine starke, bewusstseinsver\u00e4ndernde Erfahrung suchen. Hier ist, warum Sie <strong>Diablo K2 Spray online kaufen<\/strong> aus <strong>FRCSForschung<\/strong>:<\/p>\n<ul>\n<li><strong>Extrem wirksam<\/strong>: Einer der <strong>st\u00e4rkste K2 Gew\u00fcrzsprays<\/strong> auf dem Markt, konzipiert f\u00fcr erfahrene Benutzer.<\/li>\n<li><strong>Langanhaltende Wirkung<\/strong>: Genie\u00dfen Sie die anhaltende Euphorie und Entspannung, die <strong>Diablo K2<\/strong> liefert und sorgt f\u00fcr ein unvergleichliches High.<\/li>\n<li><strong>Diskreter und sicherer Versand<\/strong>: Alle Bestellungen werden sorgf\u00e4ltig versandt, um Ihre Privatsph\u00e4re zu sch\u00fctzen.<\/li>\n<li><strong>Im Labor auf Qualit\u00e4t gepr\u00fcft<\/strong>: Unser <a href=\"https:\/\/frcs-research.com\/de\/product-category\/synthetische-cannabinoide\/gewurz-und-k2\/\"><strong>K2 Sprays<\/strong><\/a> werden im Labor getestet, um h\u00f6chste Qualit\u00e4ts- und Sicherheitsstandards zu gew\u00e4hrleisten.<\/li>\n<\/ul>\n<hr \/>\n<h3>Diablo K2 Spray \u2013 Das Beste unter den K2-Gew\u00fcrzprodukten<\/h3>\n<p>Wenn Sie auf der Suche nach dem <strong>bestes K2 Gew\u00fcrzspray<\/strong>, <strong>Diablo K2<\/strong> sollte ganz oben auf Ihrer Liste stehen. Dieses hochwirksame Produkt hat sich den Ruf erworben, eines der intensivsten synthetischen Cannabinoide auf dem Markt zu sein. Schon mit einer kleinen Menge k\u00f6nnen Sie ein stundenlang anhaltendes High erleben.<\/p>\n<p><strong>Hauptmerkmale des Diablo K2 Sprays<\/strong>:<\/p>\n<ul>\n<li>Einer der <strong>st\u00e4rkste K2 Sprays zu verkaufen<\/strong><\/li>\n<li>Perfekt f\u00fcr alle, die nach einem <strong>Legales High<\/strong> und intensive Effekte<\/li>\n<li>Schnell wirkende Formel f\u00fcr sofortige Ergebnisse<\/li>\n<li>Ideal f\u00fcr den Einsatz auf <strong>K2-Papier<\/strong> oder <strong>Kr\u00e4uterweihrauch<\/strong><\/li>\n<\/ul>\n<hr \/>\n<h3>Wo kann man Diablo K2 Spray online kaufen?<\/h3>\n<p>Sie k\u00f6nnen ganz einfach <strong>Diablo K2 Spray kaufen<\/strong> aus <strong>FRCSForschung<\/strong>, Ihre vertrauensw\u00fcrdige Quelle f\u00fcr K2-Produkte h\u00f6chster Qualit\u00e4t. Mit unserem einfachen, sicheren Checkout-Prozess und diskreten Versandoptionen kaufen Sie <strong>Diablo K2 Spray<\/strong> war noch nie einfacher.<\/p>\n<p>Bei <strong>FRCSForschung<\/strong>, wir verstehen Ihr Bed\u00fcrfnis nach einer zuverl\u00e4ssigen Quelle f\u00fcr <strong>K2 Gew\u00fcrzspray online kaufen<\/strong>Wir stellen sicher, dass jede Flasche <strong>Diablo K2 Spray<\/strong> erf\u00fcllt strenge Qualit\u00e4tsstandards, damit Sie das Beste genie\u00dfen k\u00f6nnen <strong>K2 Gew\u00fcrz<\/strong> Erfahrung vorhanden.<\/p>\n<hr \/>\n<h3>Kaufen Sie Diablo K2 Spray bei FRCSResearch<\/h3>\n<p><strong>FRCSForschung<\/strong> ist der beste Ort, um <strong>Diablo K2 Spray online kaufen<\/strong>. Wir f\u00fchren nur die h\u00f6chste Qualit\u00e4t <strong>K2 Gew\u00fcrzsprays<\/strong>und bietet Ihnen das Beste <strong>Kr\u00e4uterweihrauch<\/strong> Und <a href=\"https:\/\/frcs-research.com\/de\/product-category\/synthetische-cannabinoide\/gewurz-und-k2\/\"><strong>K2 Produkte<\/strong><\/a> auf dem Markt. Unsere wettbewerbsf\u00e4higen Preise, der schnelle Versand und unser Engagement f\u00fcr Qualit\u00e4t machen uns zur ersten Wahl f\u00fcr K2-K\u00e4ufer.<\/p>\n<hr \/>\n<h3>Warum FRCSResearch w\u00e4hlen?<\/h3>\n<ul>\n<li><strong>St\u00e4rkstes K2 Spray zu verkaufen<\/strong>: Wir sind spezialisiert auf hochwirksame K2-Produkte wie <strong>Diablo K2 Spray<\/strong>.<\/li>\n<li><strong>Erschwingliche Preise<\/strong>: Holen Sie sich hochwertige K2 Gew\u00fcrzsprays zu g\u00fcnstigen Preisen.<\/li>\n<li><strong>Diskreter Versand<\/strong>: Alle Bestellungen werden vertraulich behandelt und schnell ausgeliefert.<\/li>\n<li><strong>Zuverl\u00e4ssige Quelle<\/strong>: Wir sind ein vertrauensw\u00fcrdiger Lieferant f\u00fcr alle Arten von <strong>K2 Gew\u00fcrz<\/strong> Produkte, einschlie\u00dflich <strong>K2 Spray auf Papier<\/strong> Und <strong>K2 Weihrauch<\/strong>.<\/li>\n<\/ul>\n<hr \/>\n<h3>Kaufen Sie Diablo K2 Spray noch heute!<\/h3>\n<p>Warten Sie nicht! <strong>Diablo K2 Spray online kaufen<\/strong> jetzt bei <strong>FRCSForschung<\/strong> und erleben Sie das st\u00e4rkste und zuverl\u00e4ssigste K2 Gew\u00fcrzspray auf dem Markt. Egal, ob Sie ein h\u00e4ufiger Benutzer sind oder nur versuchen <strong>K2 Gew\u00fcrzspray<\/strong> zum ersten Mal werden Sie die starken, langanhaltenden Wirkungen lieben von <strong>Diablo K2<\/strong>. Bestellen Sie noch heute und profitieren Sie von einer schnellen, diskreten Lieferung und den besten Preisen auf dem Markt.<\/p>","protected":false},"excerpt":{"rendered":"<p>Buy Diablo K2 Spray Online \u2013 The Strongest K2 Spray for Sale at FRCSResearch Looking for the strongest K2 spray on the market? Diablo K2 Spray is your ultimate choice!&hellip;<\/p>\n<p class=\"product woocommerce add_to_cart_inline\" style=\"border:4px solid #ccc; padding: 12px;\"><del aria-hidden=\"true\"><span class=\"woocommerce-Price-amount amount\"><bdi><span class=\"woocommerce-Price-currencySymbol\">&euro;<\/span>250.00<\/bdi><\/span><\/del> <span class=\"screen-reader-text\" data-no-translation=\"\" data-trp-gettext=\"\">Urspr\u00fcnglicher Preis war: &euro;250.00.<\/span><ins aria-hidden=\"true\"><span class=\"woocommerce-Price-amount amount\"><bdi><span class=\"woocommerce-Price-currencySymbol\">&euro;<\/span>245.00<\/bdi><\/span><\/ins><span class=\"screen-reader-text\" data-no-translation=\"\" data-trp-gettext=\"\">Der aktuelle Preis betr\u00e4gt: &euro;245.00.<\/span><a href=\"\/de\/wp-json\/wp\/v2\/product\/807?add-to-cart=807\" aria-describedby=\"woocommerce_loop_add_to_cart_link_describedby_807\" data-quantity=\"1\" class=\"button product_type_simple add_to_cart_button ajax_add_to_cart\" data-product_id=\"807\" data-product_sku=\"\" aria-label=\"In den Warenkorb legen: \u201eDiablo K2 Spray\u201c\" rel=\"nofollow\" data-success_message=\"\u201eDiablo K2 Spray\u201c wurde deinem Warenkorb hinzugef\u00fcgt\" data-no-translation=\"\" data-trp-gettext=\"\" data-no-translation-aria-label=\"\" data-no-translation-data-success_message=\"\">In den Warenkorb legen<\/a>\t<span id=\"woocommerce_loop_add_to_cart_link_describedby_807\" class=\"screen-reader-text\"><br \/>\n\t\t\t<\/span><\/p>","protected":false},"featured_media":808,"comment_status":"open","ping_status":"closed","template":"","meta":{"_uag_custom_page_level_css":""},"product_brand":[],"product_cat":[124],"product_tag":[],"class_list":{"0":"post-807","1":"product","2":"type-product","3":"status-publish","4":"has-post-thumbnail","6":"product_cat-spice-and-k2","8":"first","9":"instock","10":"sale","11":"shipping-taxable","12":"purchasable","13":"product-type-simple"},"yoast_head":"<!-- This site is optimized with the Yoast SEO plugin v27.1.1 - https:\/\/yoast.com\/product\/yoast-seo-wordpress\/ -->\n<title>Buy Diablo K2 Spray Online \u2013 Strongest K2 Spice Spray for Sale<\/title>\n<meta name=\"description\" content=\"Purchase the strongest Diablo K2 spray online at FRCSResearch. Enjoy potent, long-lasting effects from the best K2 spice spray on the market. Fast, discreet shipping available.\" \/>\n<meta name=\"robots\" content=\"index, follow, max-snippet:-1, max-image-preview:large, max-video-preview:-1\" \/>\n<link rel=\"canonical\" href=\"https:\/\/frcs-research.com\/de\/product\/diablo-k2-spray-kaufen\/\" \/>\n<meta property=\"og:locale\" content=\"de_DE\" \/>\n<meta property=\"og:type\" content=\"article\" \/>\n<meta property=\"og:title\" content=\"Buy Diablo K2 Spray Online \u2013 Strongest K2 Spice Spray for Sale\" \/>\n<meta property=\"og:description\" content=\"Purchase the strongest Diablo K2 spray online at FRCSResearch. Enjoy potent, long-lasting effects from the best K2 spice spray on the market. Fast, discreet shipping available.\" \/>\n<meta property=\"og:url\" content=\"https:\/\/frcs-research.com\/de\/product\/diablo-k2-spray-kaufen\/\" \/>\n<meta property=\"og:site_name\" content=\"wholesale supplier of research chemicals, 4mmc, 3mmc, MDPHP, Alpha PVP and more\" \/>\n<meta property=\"article:modified_time\" content=\"2026-04-09T13:22:34+00:00\" \/>\n<meta property=\"og:image\" content=\"https:\/\/frcs-research.com\/wp-content\/uploads\/2024\/10\/Diablo-K2-spice-spray-768x687-1.jpeg\" \/>\n\t<meta property=\"og:image:width\" content=\"768\" \/>\n\t<meta property=\"og:image:height\" content=\"687\" \/>\n\t<meta property=\"og:image:type\" content=\"image\/jpeg\" \/>\n<meta name=\"twitter:card\" content=\"summary_large_image\" \/>\n<meta name=\"twitter:label1\" content=\"Preis\" \/>\n\t<meta name=\"twitter:data1\" content=\"&euro;245.00\" \/>\n\t<meta name=\"twitter:label2\" content=\"Verf\u00fcgbarkeit\" \/>\n\t<meta name=\"twitter:data2\" content=\"Auf Lager\" \/>\n<script type=\"application\/ld+json\" class=\"yoast-schema-graph\">{\"@context\":\"https:\/\/schema.org\",\"@graph\":[{\"@type\":[\"WebPage\",\"ItemPage\"],\"@id\":\"https:\/\/frcs-research.com\/product\/buy-diablo-k2-spray\/\",\"url\":\"https:\/\/frcs-research.com\/product\/buy-diablo-k2-spray\/\",\"name\":\"Buy Diablo K2 Spray Online \u2013 Strongest K2 Spice Spray for Sale\",\"isPartOf\":{\"@id\":\"https:\/\/frcs-research.com\/#website\"},\"primaryImageOfPage\":{\"@id\":\"https:\/\/frcs-research.com\/product\/buy-diablo-k2-spray\/#primaryimage\"},\"image\":{\"@id\":\"https:\/\/frcs-research.com\/product\/buy-diablo-k2-spray\/#primaryimage\"},\"thumbnailUrl\":\"https:\/\/frcs-research.com\/wp-content\/uploads\/2024\/10\/Diablo-K2-spice-spray-768x687-1.jpeg\",\"datePublished\":\"2024-10-13T09:49:18+00:00\",\"dateModified\":\"2026-04-09T13:22:34+00:00\",\"description\":\"Purchase the strongest Diablo K2 spray online at FRCSResearch. Enjoy potent, long-lasting effects from the best K2 spice spray on the market. Fast, discreet shipping available.\",\"breadcrumb\":{\"@id\":\"https:\/\/frcs-research.com\/product\/buy-diablo-k2-spray\/#breadcrumb\"},\"inLanguage\":\"de\",\"potentialAction\":[{\"@type\":\"ReadAction\",\"target\":[\"https:\/\/frcs-research.com\/product\/buy-diablo-k2-spray\/\"]}]},{\"@type\":\"ImageObject\",\"inLanguage\":\"de\",\"@id\":\"https:\/\/frcs-research.com\/product\/buy-diablo-k2-spray\/#primaryimage\",\"url\":\"https:\/\/frcs-research.com\/wp-content\/uploads\/2024\/10\/Diablo-K2-spice-spray-768x687-1.jpeg\",\"contentUrl\":\"https:\/\/frcs-research.com\/wp-content\/uploads\/2024\/10\/Diablo-K2-spice-spray-768x687-1.jpeg\",\"width\":768,\"height\":687,\"caption\":\"Diablo K2 Spray\"},{\"@type\":\"BreadcrumbList\",\"@id\":\"https:\/\/frcs-research.com\/product\/buy-diablo-k2-spray\/#breadcrumb\",\"itemListElement\":[{\"@type\":\"ListItem\",\"position\":1,\"name\":\"Home\",\"item\":\"https:\/\/frcs-research.com\/\"},{\"@type\":\"ListItem\",\"position\":2,\"name\":\"Shop\",\"item\":\"https:\/\/frcs-research.com\/shop\/\"},{\"@type\":\"ListItem\",\"position\":3,\"name\":\"Diablo K2 Spray\"}]},{\"@type\":\"WebSite\",\"@id\":\"https:\/\/frcs-research.com\/#website\",\"url\":\"https:\/\/frcs-research.com\/\",\"name\":\"wholesale supplier of research chemicals, 4mmc, 3mmc, MDPHP, Alpha PVP and more\",\"description\":\"Wholesale research chemicals\",\"potentialAction\":[{\"@type\":\"SearchAction\",\"target\":{\"@type\":\"EntryPoint\",\"urlTemplate\":\"https:\/\/frcs-research.com\/?s={search_term_string}\"},\"query-input\":{\"@type\":\"PropertyValueSpecification\",\"valueRequired\":true,\"valueName\":\"search_term_string\"}}],\"inLanguage\":\"de\"}]}<\/script>\n<meta property=\"product:price:amount\" content=\"245.00\" \/>\n<meta property=\"product:price:currency\" content=\"EUR\" \/>\n<meta property=\"og:availability\" content=\"instock\" \/>\n<meta property=\"product:availability\" content=\"instock\" \/>\n<meta property=\"product:condition\" content=\"new\" \/>\n<!-- \/ Yoast SEO plugin. -->","yoast_head_json":{"title":"Diablo K2 Spray online kaufen \u2013 St\u00e4rkstes K2 Spice Spray zum Verkauf","description":"Kaufen Sie das st\u00e4rkste Diablo K2-Spray online bei FRCSResearch. Genie\u00dfen Sie die starke, langanhaltende Wirkung des besten K2-Gew\u00fcrzsprays auf dem Markt. Schneller, diskreter Versand m\u00f6glich.","robots":{"index":"index","follow":"follow","max-snippet":"max-snippet:-1","max-image-preview":"max-image-preview:large","max-video-preview":"max-video-preview:-1"},"canonical":"https:\/\/frcs-research.com\/de\/product\/diablo-k2-spray-kaufen\/","og_locale":"de_DE","og_type":"article","og_title":"Buy Diablo K2 Spray Online \u2013 Strongest K2 Spice Spray for Sale","og_description":"Purchase the strongest Diablo K2 spray online at FRCSResearch. Enjoy potent, long-lasting effects from the best K2 spice spray on the market. Fast, discreet shipping available.","og_url":"https:\/\/frcs-research.com\/de\/product\/diablo-k2-spray-kaufen\/","og_site_name":"wholesale supplier of research chemicals, 4mmc, 3mmc, MDPHP, Alpha PVP and more","article_modified_time":"2026-04-09T13:22:34+00:00","og_image":[{"width":768,"height":687,"url":"https:\/\/frcs-research.com\/wp-content\/uploads\/2024\/10\/Diablo-K2-spice-spray-768x687-1.jpeg","type":"image\/jpeg"}],"twitter_card":"summary_large_image","twitter_misc":{"Preis":"&euro;245.00","Verf\u00fcgbarkeit":"Auf Lager"},"schema":{"@context":"https:\/\/schema.org","@graph":[{"@type":["WebPage","ItemPage"],"@id":"https:\/\/frcs-research.com\/product\/buy-diablo-k2-spray\/","url":"https:\/\/frcs-research.com\/product\/buy-diablo-k2-spray\/","name":"Diablo K2 Spray online kaufen \u2013 St\u00e4rkstes K2 Spice Spray zum Verkauf","isPartOf":{"@id":"https:\/\/frcs-research.com\/#website"},"primaryImageOfPage":{"@id":"https:\/\/frcs-research.com\/product\/buy-diablo-k2-spray\/#primaryimage"},"image":{"@id":"https:\/\/frcs-research.com\/product\/buy-diablo-k2-spray\/#primaryimage"},"thumbnailUrl":"https:\/\/frcs-research.com\/wp-content\/uploads\/2024\/10\/Diablo-K2-spice-spray-768x687-1.jpeg","datePublished":"2024-10-13T09:49:18+00:00","dateModified":"2026-04-09T13:22:34+00:00","description":"Kaufen Sie das st\u00e4rkste Diablo K2-Spray online bei FRCSResearch. Genie\u00dfen Sie die starke, langanhaltende Wirkung des besten K2-Gew\u00fcrzsprays auf dem Markt. Schneller, diskreter Versand m\u00f6glich.","breadcrumb":{"@id":"https:\/\/frcs-research.com\/product\/buy-diablo-k2-spray\/#breadcrumb"},"inLanguage":"de","potentialAction":[{"@type":"ReadAction","target":["https:\/\/frcs-research.com\/product\/buy-diablo-k2-spray\/"]}]},{"@type":"ImageObject","inLanguage":"de","@id":"https:\/\/frcs-research.com\/product\/buy-diablo-k2-spray\/#primaryimage","url":"https:\/\/frcs-research.com\/wp-content\/uploads\/2024\/10\/Diablo-K2-spice-spray-768x687-1.jpeg","contentUrl":"https:\/\/frcs-research.com\/wp-content\/uploads\/2024\/10\/Diablo-K2-spice-spray-768x687-1.jpeg","width":768,"height":687,"caption":"Diablo K2 Spray"},{"@type":"BreadcrumbList","@id":"https:\/\/frcs-research.com\/product\/buy-diablo-k2-spray\/#breadcrumb","itemListElement":[{"@type":"ListItem","position":1,"name":"Home","item":"https:\/\/frcs-research.com\/"},{"@type":"ListItem","position":2,"name":"Shop","item":"https:\/\/frcs-research.com\/shop\/"},{"@type":"ListItem","position":3,"name":"Diablo K2 Spray"}]},{"@type":"WebSite","@id":"https:\/\/frcs-research.com\/#website","url":"https:\/\/frcs-research.com\/","name":"Gro\u00dfh\u00e4ndler f\u00fcr Forschungschemikalien, 4mmc, 3mmc, MDPHP, Alpha PVP und mehr","description":"Gro\u00dfhandel mit Forschungschemikalien","potentialAction":[{"@type":"SearchAction","target":{"@type":"EntryPoint","urlTemplate":"https:\/\/frcs-research.com\/?s={search_term_string}"},"query-input":{"@type":"PropertyValueSpecification","valueRequired":true,"valueName":"search_term_string"}}],"inLanguage":"de"}]},"product_price_amount":"245.00","product_price_currency":"EUR","og_availability":"instock","product_availability":"instock","product_condition":"new"},"uagb_featured_image_src":{"full":["https:\/\/frcs-research.com\/wp-content\/uploads\/2024\/10\/Diablo-K2-spice-spray-768x687-1.jpeg",768,687,false],"thumbnail":["https:\/\/frcs-research.com\/wp-content\/uploads\/2024\/10\/Diablo-K2-spice-spray-768x687-1-150x150.jpeg",150,150,true],"medium":["https:\/\/frcs-research.com\/wp-content\/uploads\/2024\/10\/Diablo-K2-spice-spray-768x687-1-300x268.jpeg",300,268,true],"medium_large":["https:\/\/frcs-research.com\/wp-content\/uploads\/2024\/10\/Diablo-K2-spice-spray-768x687-1.jpeg",768,687,false],"large":["https:\/\/frcs-research.com\/wp-content\/uploads\/2024\/10\/Diablo-K2-spice-spray-768x687-1.jpeg",768,687,false],"1536x1536":["https:\/\/frcs-research.com\/wp-content\/uploads\/2024\/10\/Diablo-K2-spice-spray-768x687-1.jpeg",768,687,false],"2048x2048":["https:\/\/frcs-research.com\/wp-content\/uploads\/2024\/10\/Diablo-K2-spice-spray-768x687-1.jpeg",768,687,false],"trp-custom-language-flag":["https:\/\/frcs-research.com\/wp-content\/uploads\/2024\/10\/Diablo-K2-spice-spray-768x687-1.jpeg",13,12,false],"post-thumbnail":["https:\/\/frcs-research.com\/wp-content\/uploads\/2024\/10\/Diablo-K2-spice-spray-768x687-1.jpeg",693,620,false],"elite-commerce-slider":["https:\/\/frcs-research.com\/wp-content\/uploads\/2024\/10\/Diablo-K2-spice-spray-768x687-1.jpeg",768,687,false],"elite-commerce-hero":["https:\/\/frcs-research.com\/wp-content\/uploads\/2024\/10\/Diablo-K2-spice-spray-768x687-1.jpeg",600,537,false],"elite-commerce-portfolio":["https:\/\/frcs-research.com\/wp-content\/uploads\/2024\/10\/Diablo-K2-spice-spray-768x687-1.jpeg",400,358,false],"woocommerce_thumbnail":["https:\/\/frcs-research.com\/wp-content\/uploads\/2024\/10\/Diablo-K2-spice-spray-768x687-1-300x300.jpeg",300,300,true],"woocommerce_single":["https:\/\/frcs-research.com\/wp-content\/uploads\/2024\/10\/Diablo-K2-spice-spray-768x687-1-600x537.jpeg",600,537,true],"woocommerce_gallery_thumbnail":["https:\/\/frcs-research.com\/wp-content\/uploads\/2024\/10\/Diablo-K2-spice-spray-768x687-1-100x100.jpeg",100,100,true]},"uagb_author_info":{"display_name":"Richard Wood","author_link":"https:\/\/frcs-research.com\/de\/author\/"},"uagb_comment_info":815,"uagb_excerpt":"Buy Diablo K2 Spray Online \u2013 The Strongest K2 Spray for Sale at FRCSResearch Looking for the strongest K2 spray on the market? Diablo K2 Spray is your ultimate choice!&hellip;&euro;250.00 Urspr\u00fcnglicher Preis war: &euro;250.00.&euro;245.00Der aktuelle Preis betr\u00e4gt: &euro;245.00.In den Warenkorb legen","_links":{"self":[{"href":"https:\/\/frcs-research.com\/de\/wp-json\/wp\/v2\/product\/807","targetHints":{"allow":["GET"]}}],"collection":[{"href":"https:\/\/frcs-research.com\/de\/wp-json\/wp\/v2\/product"}],"about":[{"href":"https:\/\/frcs-research.com\/de\/wp-json\/wp\/v2\/types\/product"}],"replies":[{"embeddable":true,"href":"https:\/\/frcs-research.com\/de\/wp-json\/wp\/v2\/comments?post=807"}],"wp:featuredmedia":[{"embeddable":true,"href":"https:\/\/frcs-research.com\/de\/wp-json\/wp\/v2\/media\/808"}],"wp:attachment":[{"href":"https:\/\/frcs-research.com\/de\/wp-json\/wp\/v2\/media?parent=807"}],"wp:term":[{"taxonomy":"product_brand","embeddable":true,"href":"https:\/\/frcs-research.com\/de\/wp-json\/wp\/v2\/product_brand?post=807"},{"taxonomy":"product_cat","embeddable":true,"href":"https:\/\/frcs-research.com\/de\/wp-json\/wp\/v2\/product_cat?post=807"},{"taxonomy":"product_tag","embeddable":true,"href":"https:\/\/frcs-research.com\/de\/wp-json\/wp\/v2\/product_tag?post=807"}],"curies":[{"name":"wp","href":"https:\/\/api.w.org\/{rel}","templated":true}]}}