{"id":11,"date":"2024-10-06T20:27:37","date_gmt":"2024-10-06T20:27:37","guid":{"rendered":"https:\/\/frcs-research.com\/about\/"},"modified":"2024-10-13T00:30:47","modified_gmt":"2024-10-13T00:30:47","slug":"base-libre-mdphp","status":"publish","type":"page","link":"https:\/\/frcs-research.com\/es\/base-libre-mdphp\/","title":{"rendered":"BASE LIBRE MDPHP"},"content":{"rendered":"<div class=\"wp-block-uagb-container uagb-block-ddbe5c65 alignfull uagb-is-root-container\"><div class=\"uagb-container-inner-blocks-wrap\">\n<div class=\"wp-block-uagb-advanced-heading uagb-block-fa4e7c56\"><h1 class=\"uagb-heading-text\">Compre MDPHP en l\u00ednea: MDPHP de alta calidad para investigaci\u00f3n en FRCS Research<\/h1><p class=\"uagb-desc-text\">Buscando a <strong>comprar MDPHP en l\u00ednea<\/strong>? Bienvenido a <strong><a href=\"https:\/\/frcs-research.com\/es\/\">Investigaci\u00f3n del FRCS<\/a><\/strong>, su fuente confiable de productos premium probados en laboratorio. <strong>MDPHP (3\u2032,4\u2032-metilendioxi-\u03b1-pirrolidinohexiofenona)<\/strong>Como proveedor l\u00edder de alta pureza <strong>productos qu\u00edmicos de investigaci\u00f3n<\/strong>Ofrecemos MDPHP para fines de investigaci\u00f3n cient\u00edfica y anal\u00edtica, garantizando seguridad, calidad y resultados confiables en cada pedido.<\/p><\/div>\n<\/div><\/div>\n\n\n\n<div class=\"wp-block-uagb-container uagb-block-f4853f72 alignfull uagb-is-root-container\"><div class=\"uagb-container-inner-blocks-wrap\">\n<div class=\"wp-block-uagb-image uagb-block-066e3443 wp-block-uagb-image--layout-default wp-block-uagb-image--effect-static wp-block-uagb-image--align-none\"><figure class=\"wp-block-uagb-image__figure\"><img decoding=\"async\" srcset=\"https:\/\/frcs-research.com\/wp-content\/uploads\/2024\/10\/photo_2024-10-09_01-29-18-939x1024.jpg ,https:\/\/frcs-research.com\/wp-content\/uploads\/2024\/10\/photo_2024-10-09_01-29-18.jpg 780w, https:\/\/frcs-research.com\/wp-content\/uploads\/2024\/10\/photo_2024-10-09_01-29-18.jpg 360w\" sizes=\"auto, (max-width: 480px) 150px\" src=\"https:\/\/frcs-research.com\/wp-content\/uploads\/2024\/10\/photo_2024-10-09_01-29-18-939x1024.jpg\" alt=\"comprar mdphp en l\u00ednea\" class=\"uag-image-607\" width=\"560\" height=\"440\" title=\"foto_2024-10-09_01-29-18\" loading=\"lazy\" role=\"img\"\/><\/figure><\/div>\n\n\n\n<div class=\"wp-block-uagb-container uagb-block-959de5be\">\n<div class=\"wp-block-uagb-advanced-heading uagb-block-a679106e\"><h2 class=\"uagb-heading-text\">\u00bfQu\u00e9 es MDPHP?<\/h2><p class=\"uagb-desc-text\"><strong>Ministerio de Salud P\u00fablica<\/strong> es un potente <strong><a href=\"http:\/\/encrypted payment methods\">catinona sint\u00e9tica<\/a><\/strong> conocido por su <strong>propiedades estimulantes<\/strong>. Estructuralmente similar a otros productos qu\u00edmicos de investigaci\u00f3n como <strong><a href=\"https:\/\/frcs-research.com\/es\/product\/comprar-pvp-alfa\/\">Alfa-PVP<\/a><\/strong> y <strong><a href=\"https:\/\/frcs-research.com\/es\/product\/mdpv-metilendioxipirovalerona\/\">VMPD<\/a><\/strong>El MDPHP se utiliza ampliamente en estudios centrados en sus efectos sobre <strong>dopamina y noradrenalina<\/strong> En el cerebro. Los investigadores y los laboratorios estudian el MDPHP para comprender su impacto en el sistema nervioso central, lo que lo convierte en una sustancia qu\u00edmica importante para la investigaci\u00f3n conductual, neurol\u00f3gica y psicoestimulante.<\/p><\/div>\n<\/div>\n<\/div><\/div>\n\n\n\n<div class=\"wp-block-uagb-container uagb-layout-grid uagb-block-395f69b9 alignfull uagb-is-root-container\"><div class=\"uagb-container-inner-blocks-wrap\">\n<div class=\"wp-block-uagb-advanced-heading uagb-block-992e1d53\"><h3 class=\"uagb-heading-text\">\u00bfPor qu\u00e9 elegir FRCS Research para comprar MDPHP?<\/h3><p class=\"uagb-desc-text\">En <strong>Investigaci\u00f3n del FRCS<\/strong>Priorizamos la calidad y pureza de nuestros productos qu\u00edmicos de investigaci\u00f3n. Cuando compra MDPHP con nosotros, est\u00e1 eligiendo:<br><strong>Alta pureza<\/strong>: Nuestro <strong>Ministerio de Salud P\u00fablica<\/strong> Proviene de fabricantes confiables y se prueba en laboratorios para garantizar que cumple con los m\u00e1s altos est\u00e1ndares para uso en investigaci\u00f3n.<br><strong>Compras seguras y protegidas<\/strong>:Ofrecemos <strong>embalaje discreto<\/strong> y <strong>Opciones de pago seguras<\/strong> para proteger su privacidad y garantizar una experiencia de compra fluida.<br><strong>Env\u00edo r\u00e1pido a nivel mundial<\/strong>:Con fiabilidad y <strong>Env\u00edo r\u00e1pido<\/strong>, nos aseguramos de su <strong>Orden del MDPHP<\/strong> llega sano y salvo, sin importar d\u00f3nde est\u00e9s.<\/p><\/div>\n\n\n\n<div class=\"wp-block-uagb-container uagb-block-6d4e5b67\">\n<div class=\"wp-block-uagb-advanced-heading uagb-block-bbe91d67\"><h3 class=\"uagb-heading-text\">\u00bfPor qu\u00e9 comprar MDPHP para investigaci\u00f3n?<\/h3><\/div>\n\n\n\n<div class=\"wp-block-uagb-icon-list uagb-block-60b012d5\"><div class=\"uagb-icon-list__wrap\">\n<div class=\"wp-block-uagb-icon-list-child uagb-block-8bcb204e\"><a target=\"_self\" aria-label=\"El MDPHP forma parte de la clase de sustancias qu\u00edmicas sint\u00e9ticas llamadas catinonas, lo que lo convierte en un tema interesante para diversos estudios cient\u00edficos. Los investigadores utilizan el MDPHP para examinar: Efectos psicoestimulantes: Comprender c\u00f3mo el MDPHP afecta los sistemas de recompensa y placer del cerebro.\" rel=\"noopener noreferrer\" href=\"#\"> <\/a><span class=\"uagb-icon-list__source-wrap\"><svg xmlns=\"https:\/\/www.w3.org\/2000\/svg\" viewbox=\"0 0 512 512\"><path d=\"M0 256C0 114.6 114.6 0 256 0C397.4 0 512 114.6 512 256C512 397.4 397.4 512 256 512C114.6 512 0 397.4 0 256zM371.8 211.8C382.7 200.9 382.7 183.1 371.8 172.2C360.9 161.3 343.1 161.3 332.2 172.2L224 280.4L179.8 236.2C168.9 225.3 151.1 225.3 140.2 236.2C129.3 247.1 129.3 264.9 140.2 275.8L204.2 339.8C215.1 350.7 232.9 350.7 243.8 339.8L371.8 211.8z\"><\/path><\/svg><\/span><span class=\"uagb-icon-list__label\"><strong>Ministerio de Salud P\u00fablica<\/strong> es parte de la <strong>catinona sint\u00e9tica<\/strong> Clase de sustancias qu\u00edmicas, lo que la convierte en un tema interesante para diversos estudios cient\u00edficos. Los investigadores utilizan el MDPHP para examinar:<br><strong>Efectos psicoestimulantes<\/strong>:Entendiendo c\u00f3mo <strong>Ministerio de Salud P\u00fablica<\/strong> Afecta los sistemas de recompensa y placer del cerebro.<\/span><\/div>\n\n\n\n<div class=\"wp-block-uagb-icon-list-child uagb-block-d18e95cd\"><a target=\"_self\" aria-label=\"V\u00edas neurol\u00f3gicas: investigaci\u00f3n de c\u00f3mo el MDPHP influye en neurotransmisores como la dopamina y la noradrenalina. Si est\u00e1 realizando una investigaci\u00f3n avanzada sobre derivados de catinona, el MDPHP es un compuesto valioso para explorar los efectos de los estimulantes sint\u00e9ticos.\" rel=\"noopener noreferrer\" href=\"#\"> <\/a><span class=\"uagb-icon-list__source-wrap\"><svg xmlns=\"https:\/\/www.w3.org\/2000\/svg\" viewbox=\"0 0 512 512\"><path d=\"M0 256C0 114.6 114.6 0 256 0C397.4 0 512 114.6 512 256C512 397.4 397.4 512 256 512C114.6 512 0 397.4 0 256zM371.8 211.8C382.7 200.9 382.7 183.1 371.8 172.2C360.9 161.3 343.1 161.3 332.2 172.2L224 280.4L179.8 236.2C168.9 225.3 151.1 225.3 140.2 236.2C129.3 247.1 129.3 264.9 140.2 275.8L204.2 339.8C215.1 350.7 232.9 350.7 243.8 339.8L371.8 211.8z\"><\/path><\/svg><\/span><span class=\"uagb-icon-list__label\"><strong>V\u00edas neurol\u00f3gicas<\/strong>:Investigando c\u00f3mo el MDPHP influye en neurotransmisores como <strong>dopamina<\/strong> y <strong>noradrenalina<\/strong>.<br>Si est\u00e1 realizando una investigaci\u00f3n avanzada sobre <strong>derivados de catinona<\/strong>El MDPHP es un compuesto valioso para explorar los efectos de los estimulantes sint\u00e9ticos.<\/span><\/div>\n\n\n\n<div class=\"wp-block-uagb-icon-list-child uagb-block-fe34200d\"><a target=\"_self\" aria-label=\"Impacto en el comportamiento: estudio del impacto del compuesto en la actividad, la motivaci\u00f3n y la concentraci\u00f3n.\" rel=\"noopener noreferrer\" href=\"#\"> <\/a><span class=\"uagb-icon-list__source-wrap\"><svg xmlns=\"https:\/\/www.w3.org\/2000\/svg\" viewbox=\"0 0 512 512\"><path d=\"M0 256C0 114.6 114.6 0 256 0C397.4 0 512 114.6 512 256C512 397.4 397.4 512 256 512C114.6 512 0 397.4 0 256zM371.8 211.8C382.7 200.9 382.7 183.1 371.8 172.2C360.9 161.3 343.1 161.3 332.2 172.2L224 280.4L179.8 236.2C168.9 225.3 151.1 225.3 140.2 236.2C129.3 247.1 129.3 264.9 140.2 275.8L204.2 339.8C215.1 350.7 232.9 350.7 243.8 339.8L371.8 211.8z\"><\/path><\/svg><\/span><span class=\"uagb-icon-list__label\"><strong>Impacto conductual<\/strong>:Estudio del impacto del compuesto en la actividad, la motivaci\u00f3n y la concentraci\u00f3n.<\/span><\/div>\n<\/div><\/div>\n<\/div>\n<\/div><\/div>\n\n\n\n<div class=\"wp-block-uagb-container uagb-layout-flex uagb-block-cd23d4e7 alignfull uagb-is-root-container\"><div class=\"uagb-container-inner-blocks-wrap\">\n<div class=\"wp-block-uagb-container uagb-block-38ac57af\">\n<div class=\"wp-block-uagb-advanced-heading uagb-block-ab8e889b\"><h2 class=\"uagb-heading-text\">Comprar MDPHP en l\u00ednea: qu\u00e9 esperar de la investigaci\u00f3n de FRCS<\/h2><p class=\"uagb-desc-text\">En <strong>Investigaci\u00f3n del FRCS<\/strong>Garantizamos calidad y seguridad cuando compra MDPHP con nosotros. Estas son las razones por las que puede confiar en nosotros para sus necesidades de investigaci\u00f3n:<br><strong>Probado y certificado<\/strong>:Todos nuestros productos qu\u00edmicos, incluidos <strong>Ministerio de Salud P\u00fablica<\/strong>, se prueban en cuanto a pureza y consistencia para garantizar que reciba resultados confiables en sus estudios.<br><strong>Transacciones seguras<\/strong>Utilizamos m\u00e9todos de pago encriptados y procesos de pago seguros para garantizar que su informaci\u00f3n est\u00e9 protegida.<br><strong>Entrega discreta<\/strong>Entendemos la importancia de la privacidad, por eso ofrecemos env\u00edos discretos y confiables a todo el mundo.<\/p><\/div>\n\n\n\n<div class=\"wp-block-uagb-icon-list uagb-block-e61dcdb2\"><div class=\"uagb-icon-list__wrap\"><\/div><\/div>\n<\/div>\n\n\n\n<div class=\"wp-block-uagb-image alignright uagb-block-1bba2fd8 wp-block-uagb-image--layout-default wp-block-uagb-image--effect-static wp-block-uagb-image--align-right\"><figure class=\"wp-block-uagb-image__figure\"><img decoding=\"async\" srcset=\"https:\/\/frcs-research.com\/wp-content\/uploads\/2024\/10\/ghvkbjl-768x1024.jpg ,https:\/\/frcs-research.com\/wp-content\/uploads\/2024\/10\/ghvkbjl.jpg 780w, https:\/\/frcs-research.com\/wp-content\/uploads\/2024\/10\/ghvkbjl.jpg 360w\" sizes=\"auto, (max-width: 480px) 150px\" src=\"https:\/\/frcs-research.com\/wp-content\/uploads\/2024\/10\/ghvkbjl-768x1024.jpg\" alt=\"comprar mdphp\" class=\"uag-image-609\" width=\"560\" height=\"448\" title=\"ghvkbjl\" loading=\"lazy\" role=\"img\"\/><\/figure><\/div>\n<\/div><\/div>","protected":false},"excerpt":{"rendered":"<p>Buy MDPHP Online \u2013 High-Quality MDPHP for Research at FRCS Research Looking to buy MDPHP online? Welcome to FRCS Research, your trusted source for premium, lab-tested MDPHP (3&#8242;,4&#8242;-Methylenedioxy-\u03b1-pyrrolidinohexiophenone). As a&hellip;<a href=\"https:\/\/frcs-research.com\/es\/base-libre-mdphp\/\" class=\"more-link\"><span class=\"more-button\">Continue reading<span class=\"screen-reader-text\">BASE LIBRE MDPHP<\/span><\/span><\/a><\/p>","protected":false},"author":1,"featured_media":0,"parent":0,"menu_order":0,"comment_status":"closed","ping_status":"closed","template":"","meta":{"_uag_custom_page_level_css":"","footnotes":""},"class_list":["post-11","page","type-page","status-publish","hentry"],"yoast_head":"<!-- This site is optimized with the Yoast SEO plugin v27.1.1 - https:\/\/yoast.com\/product\/yoast-seo-wordpress\/ -->\n<title>Buy MDPHP Online \u2013 High-Quality Research Chemical<\/title>\n<meta name=\"description\" content=\"Buy premium MDPHP online at FRCS Research. Trusted source for lab-tested MDPHP for research purposes, offering secure payments and discreet worldwide shipping.\" \/>\n<meta name=\"robots\" content=\"index, follow, max-snippet:-1, max-image-preview:large, max-video-preview:-1\" \/>\n<link rel=\"canonical\" href=\"https:\/\/frcs-research.com\/es\/base-libre-mdphp\/\" \/>\n<meta property=\"og:locale\" content=\"es_ES\" \/>\n<meta property=\"og:type\" content=\"article\" \/>\n<meta property=\"og:title\" content=\"Buy MDPHP Online \u2013 High-Quality Research Chemical\" \/>\n<meta property=\"og:description\" content=\"Buy premium MDPHP online at FRCS Research. Trusted source for lab-tested MDPHP for research purposes, offering secure payments and discreet worldwide shipping.\" \/>\n<meta property=\"og:url\" content=\"https:\/\/frcs-research.com\/es\/base-libre-mdphp\/\" \/>\n<meta property=\"og:site_name\" content=\"wholesale supplier of research chemicals, 4mmc, 3mmc, MDPHP, Alpha PVP and more\" \/>\n<meta property=\"article:modified_time\" content=\"2024-10-13T00:30:47+00:00\" \/>\n<meta property=\"og:image\" content=\"https:\/\/frcs-research.com\/wp-content\/uploads\/2024\/10\/photo_2024-10-09_01-29-18-939x1024.jpg\" \/>\n<meta name=\"twitter:card\" content=\"summary_large_image\" \/>\n<meta name=\"twitter:label1\" content=\"Tiempo de lectura\" \/>\n\t<meta name=\"twitter:data1\" content=\"3 minutos\" \/>\n<script type=\"application\/ld+json\" class=\"yoast-schema-graph\">{\"@context\":\"https:\/\/schema.org\",\"@graph\":[{\"@type\":\"WebPage\",\"@id\":\"https:\/\/frcs-research.com\/mdphp-freebase\/\",\"url\":\"https:\/\/frcs-research.com\/mdphp-freebase\/\",\"name\":\"Buy MDPHP Online \u2013 High-Quality Research Chemical\",\"isPartOf\":{\"@id\":\"https:\/\/frcs-research.com\/#website\"},\"primaryImageOfPage\":{\"@id\":\"https:\/\/frcs-research.com\/mdphp-freebase\/#primaryimage\"},\"image\":{\"@id\":\"https:\/\/frcs-research.com\/mdphp-freebase\/#primaryimage\"},\"thumbnailUrl\":\"https:\/\/frcs-research.com\/wp-content\/uploads\/2024\/10\/photo_2024-10-09_01-29-18-939x1024.jpg\",\"datePublished\":\"2024-10-06T20:27:37+00:00\",\"dateModified\":\"2024-10-13T00:30:47+00:00\",\"description\":\"Buy premium MDPHP online at FRCS Research. Trusted source for lab-tested MDPHP for research purposes, offering secure payments and discreet worldwide shipping.\",\"breadcrumb\":{\"@id\":\"https:\/\/frcs-research.com\/mdphp-freebase\/#breadcrumb\"},\"inLanguage\":\"es\",\"potentialAction\":[{\"@type\":\"ReadAction\",\"target\":[\"https:\/\/frcs-research.com\/mdphp-freebase\/\"]}]},{\"@type\":\"ImageObject\",\"inLanguage\":\"es\",\"@id\":\"https:\/\/frcs-research.com\/mdphp-freebase\/#primaryimage\",\"url\":\"https:\/\/frcs-research.com\/wp-content\/uploads\/2024\/10\/photo_2024-10-09_01-29-18-939x1024.jpg\",\"contentUrl\":\"https:\/\/frcs-research.com\/wp-content\/uploads\/2024\/10\/photo_2024-10-09_01-29-18-939x1024.jpg\"},{\"@type\":\"BreadcrumbList\",\"@id\":\"https:\/\/frcs-research.com\/mdphp-freebase\/#breadcrumb\",\"itemListElement\":[{\"@type\":\"ListItem\",\"position\":1,\"name\":\"Home\",\"item\":\"https:\/\/frcs-research.com\/\"},{\"@type\":\"ListItem\",\"position\":2,\"name\":\"MDPHP FREEBASE\"}]},{\"@type\":\"WebSite\",\"@id\":\"https:\/\/frcs-research.com\/#website\",\"url\":\"https:\/\/frcs-research.com\/\",\"name\":\"wholesale supplier of research chemicals, 4mmc, 3mmc, MDPHP, Alpha PVP and more\",\"description\":\"Wholesale research chemicals\",\"potentialAction\":[{\"@type\":\"SearchAction\",\"target\":{\"@type\":\"EntryPoint\",\"urlTemplate\":\"https:\/\/frcs-research.com\/?s={search_term_string}\"},\"query-input\":{\"@type\":\"PropertyValueSpecification\",\"valueRequired\":true,\"valueName\":\"search_term_string\"}}],\"inLanguage\":\"es\"}]}<\/script>\n<!-- \/ Yoast SEO plugin. -->","yoast_head_json":{"title":"Compre MDPHP en l\u00ednea: productos qu\u00edmicos de investigaci\u00f3n de alta calidad","description":"Compre MDPHP de primera calidad en l\u00ednea en FRCS Research. Fuente confiable de MDPHP probado en laboratorio para fines de investigaci\u00f3n, que ofrece pagos seguros y env\u00edo discreto a todo el mundo.","robots":{"index":"index","follow":"follow","max-snippet":"max-snippet:-1","max-image-preview":"max-image-preview:large","max-video-preview":"max-video-preview:-1"},"canonical":"https:\/\/frcs-research.com\/es\/base-libre-mdphp\/","og_locale":"es_ES","og_type":"article","og_title":"Buy MDPHP Online \u2013 High-Quality Research Chemical","og_description":"Buy premium MDPHP online at FRCS Research. Trusted source for lab-tested MDPHP for research purposes, offering secure payments and discreet worldwide shipping.","og_url":"https:\/\/frcs-research.com\/es\/base-libre-mdphp\/","og_site_name":"wholesale supplier of research chemicals, 4mmc, 3mmc, MDPHP, Alpha PVP and more","article_modified_time":"2024-10-13T00:30:47+00:00","og_image":[{"url":"https:\/\/frcs-research.com\/wp-content\/uploads\/2024\/10\/photo_2024-10-09_01-29-18-939x1024.jpg","type":"","width":"","height":""}],"twitter_card":"summary_large_image","twitter_misc":{"Tiempo de lectura":"3 minutos"},"schema":{"@context":"https:\/\/schema.org","@graph":[{"@type":"WebPage","@id":"https:\/\/frcs-research.com\/mdphp-freebase\/","url":"https:\/\/frcs-research.com\/mdphp-freebase\/","name":"Compre MDPHP en l\u00ednea: productos qu\u00edmicos de investigaci\u00f3n de alta calidad","isPartOf":{"@id":"https:\/\/frcs-research.com\/#website"},"primaryImageOfPage":{"@id":"https:\/\/frcs-research.com\/mdphp-freebase\/#primaryimage"},"image":{"@id":"https:\/\/frcs-research.com\/mdphp-freebase\/#primaryimage"},"thumbnailUrl":"https:\/\/frcs-research.com\/wp-content\/uploads\/2024\/10\/photo_2024-10-09_01-29-18-939x1024.jpg","datePublished":"2024-10-06T20:27:37+00:00","dateModified":"2024-10-13T00:30:47+00:00","description":"Compre MDPHP de primera calidad en l\u00ednea en FRCS Research. Fuente confiable de MDPHP probado en laboratorio para fines de investigaci\u00f3n, que ofrece pagos seguros y env\u00edo discreto a todo el mundo.","breadcrumb":{"@id":"https:\/\/frcs-research.com\/mdphp-freebase\/#breadcrumb"},"inLanguage":"es","potentialAction":[{"@type":"ReadAction","target":["https:\/\/frcs-research.com\/mdphp-freebase\/"]}]},{"@type":"ImageObject","inLanguage":"es","@id":"https:\/\/frcs-research.com\/mdphp-freebase\/#primaryimage","url":"https:\/\/frcs-research.com\/wp-content\/uploads\/2024\/10\/photo_2024-10-09_01-29-18-939x1024.jpg","contentUrl":"https:\/\/frcs-research.com\/wp-content\/uploads\/2024\/10\/photo_2024-10-09_01-29-18-939x1024.jpg"},{"@type":"BreadcrumbList","@id":"https:\/\/frcs-research.com\/mdphp-freebase\/#breadcrumb","itemListElement":[{"@type":"ListItem","position":1,"name":"Home","item":"https:\/\/frcs-research.com\/"},{"@type":"ListItem","position":2,"name":"MDPHP FREEBASE"}]},{"@type":"WebSite","@id":"https:\/\/frcs-research.com\/#website","url":"https:\/\/frcs-research.com\/","name":"Proveedor mayorista de productos qu\u00edmicos de investigaci\u00f3n, 4 mmc, 3 mmc, MDPHP, Alpha PVP y m\u00e1s","description":"Productos qu\u00edmicos de investigaci\u00f3n al por mayor","potentialAction":[{"@type":"SearchAction","target":{"@type":"EntryPoint","urlTemplate":"https:\/\/frcs-research.com\/?s={search_term_string}"},"query-input":{"@type":"PropertyValueSpecification","valueRequired":true,"valueName":"search_term_string"}}],"inLanguage":"es"}]}},"uagb_featured_image_src":{"full":false,"thumbnail":false,"medium":false,"medium_large":false,"large":false,"1536x1536":false,"2048x2048":false,"trp-custom-language-flag":false,"post-thumbnail":false,"elite-commerce-slider":false,"elite-commerce-hero":false,"elite-commerce-portfolio":false,"woocommerce_thumbnail":false,"woocommerce_single":false,"woocommerce_gallery_thumbnail":false},"uagb_author_info":{"display_name":"Richard Wood","author_link":"https:\/\/frcs-research.com\/es\/author\/expireddomains1000gmail-com\/"},"uagb_comment_info":0,"uagb_excerpt":"Buy MDPHP Online \u2013 High-Quality MDPHP for Research at FRCS Research Looking to buy MDPHP online? Welcome to FRCS Research, your trusted source for premium, lab-tested MDPHP (3&#8242;,4&#8242;-Methylenedioxy-\u03b1-pyrrolidinohexiophenone). As a&hellip;Continue readingMDPHP FREEBASE","_links":{"self":[{"href":"https:\/\/frcs-research.com\/es\/wp-json\/wp\/v2\/pages\/11","targetHints":{"allow":["GET"]}}],"collection":[{"href":"https:\/\/frcs-research.com\/es\/wp-json\/wp\/v2\/pages"}],"about":[{"href":"https:\/\/frcs-research.com\/es\/wp-json\/wp\/v2\/types\/page"}],"author":[{"embeddable":true,"href":"https:\/\/frcs-research.com\/es\/wp-json\/wp\/v2\/users\/1"}],"replies":[{"embeddable":true,"href":"https:\/\/frcs-research.com\/es\/wp-json\/wp\/v2\/comments?post=11"}],"version-history":[{"count":9,"href":"https:\/\/frcs-research.com\/es\/wp-json\/wp\/v2\/pages\/11\/revisions"}],"predecessor-version":[{"id":780,"href":"https:\/\/frcs-research.com\/es\/wp-json\/wp\/v2\/pages\/11\/revisions\/780"}],"wp:attachment":[{"href":"https:\/\/frcs-research.com\/es\/wp-json\/wp\/v2\/media?parent=11"}],"curies":[{"name":"wp","href":"https:\/\/api.w.org\/{rel}","templated":true}]}}