{"id":578,"date":"2024-10-08T22:53:38","date_gmt":"2024-10-08T22:53:38","guid":{"rendered":"https:\/\/frcs-research.com\/about-2\/"},"modified":"2024-10-13T01:01:13","modified_gmt":"2024-10-13T01:01:13","slug":"alrededor-de-2","status":"publish","type":"page","link":"https:\/\/frcs-research.com\/es\/alrededor-de-2\/","title":{"rendered":"Acerca de"},"content":{"rendered":"<div class=\"wp-block-uagb-container uagb-block-ddbe5c65 alignfull uagb-is-root-container\"><div class=\"uagb-container-inner-blocks-wrap\">\n<div class=\"wp-block-uagb-advanced-heading uagb-block-fa4e7c56\"><h1 class=\"uagb-heading-text\">Sobre nosotros<br><\/h1><p class=\"uagb-desc-text\">Bienvenido a <strong>Investigaci\u00f3n del FRCS<\/strong>, su socio de confianza en el mundo de los productos qu\u00edmicos para la investigaci\u00f3n. Fundada por un equipo de cient\u00edficos e investigadores experimentados, estamos comprometidos a proporcionar productos confiables y de alta calidad para la comunidad cient\u00edfica. Nuestra misi\u00f3n es apoyar las iniciativas de investigaci\u00f3n que exploran el vasto potencial de varios compuestos, incluidos los psicod\u00e9licos, los cannabinoides y las catinonas sint\u00e9ticas.<\/p><\/div>\n<\/div><\/div>\n\n\n\n<div class=\"wp-block-uagb-container uagb-block-f4853f72 alignfull uagb-is-root-container\"><div class=\"uagb-container-inner-blocks-wrap\">\n<div class=\"wp-block-uagb-image uagb-block-066e3443 wp-block-uagb-image--layout-default wp-block-uagb-image--effect-static wp-block-uagb-image--align-none\"><figure class=\"wp-block-uagb-image__figure\"><img decoding=\"async\" srcset=\"https:\/\/frcs-research.com\/wp-content\/uploads\/2024\/10\/DALL\u00b7E-2024-10-13-02.53.06-A-professional-scientist-working-in-a-modern-laboratory.-The-scientist-wearing-a-lab-coat-and-safety-goggles-is-carefully-measuring-out-a-research-c.webp ,https:\/\/frcs-research.com\/wp-content\/uploads\/2024\/10\/DALL\u00b7E-2024-10-13-02.53.06-A-professional-scientist-working-in-a-modern-laboratory.-The-scientist-wearing-a-lab-coat-and-safety-goggles-is-carefully-measuring-out-a-research-c.webp 780w, https:\/\/frcs-research.com\/wp-content\/uploads\/2024\/10\/DALL\u00b7E-2024-10-13-02.53.06-A-professional-scientist-working-in-a-modern-laboratory.-The-scientist-wearing-a-lab-coat-and-safety-goggles-is-carefully-measuring-out-a-research-c.webp 360w\" sizes=\"auto, (max-width: 480px) 150px\" src=\"https:\/\/frcs-research.com\/wp-content\/uploads\/2024\/10\/DALL\u00b7E-2024-10-13-02.53.06-A-professional-scientist-working-in-a-modern-laboratory.-The-scientist-wearing-a-lab-coat-and-safety-goggles-is-carefully-measuring-out-a-research-c.webp\" alt=\"\" class=\"uag-image-790\" width=\"560\" height=\"440\" title=\"DALL\u00b7E 2024-10-13 02.53.06 - Un cient\u00edfico profesional que trabaja en un laboratorio moderno. El cient\u00edfico, que lleva una bata de laboratorio y gafas de seguridad, mide cuidadosamente un producto de investigaci\u00f3n.\" loading=\"lazy\" role=\"img\"\/><\/figure><\/div>\n\n\n\n<div class=\"wp-block-uagb-container uagb-block-959de5be\">\n<div class=\"wp-block-uagb-advanced-heading uagb-block-a679106e\"><h2 class=\"uagb-heading-text\">Nuestro compromiso con la calidad<br><\/h2><p class=\"uagb-desc-text\">En FRCS Research, la calidad es nuestra m\u00e1xima prioridad. Obtenemos nuestros productos qu\u00edmicos de proveedores de confianza, lo que garantiza que cada producto se someta a pruebas rigurosas de pureza y potencia. Nuestras instalaciones de \u00faltima generaci\u00f3n cumplen con los est\u00e1ndares m\u00e1s altos de la industria, lo que nos permite ofrecer productos en los que los investigadores pueden confiar. Comprendemos la importancia de obtener resultados precisos y confiables en la investigaci\u00f3n y nos dedicamos a proporcionar solo lo mejor.<\/p><\/div>\n<\/div>\n<\/div><\/div>\n\n\n\n<div class=\"wp-block-uagb-container uagb-layout-grid uagb-block-395f69b9 alignfull uagb-is-root-container\"><div class=\"uagb-container-inner-blocks-wrap\">\n<div class=\"wp-block-uagb-advanced-heading uagb-block-992e1d53\"><h3 class=\"uagb-heading-text\">Experiencia e innovaci\u00f3n<br><\/h3><p class=\"uagb-desc-text\">Nuestro equipo est\u00e1 formado por expertos de diversos \u00e1mbitos en qu\u00edmica, farmacolog\u00eda y biotecnolog\u00eda. Nos mantenemos a la vanguardia de los avances cient\u00edficos y buscamos continuamente innovar y ampliar nuestra oferta de productos. Al colaborar con investigadores e instituciones, nuestro objetivo es fomentar una comprensi\u00f3n m\u00e1s profunda de los compuestos que ofrecemos y sus posibles aplicaciones en diversos campos.<\/p><\/div>\n\n\n\n<div class=\"wp-block-uagb-container uagb-block-6d4e5b67\">\n<div class=\"wp-block-uagb-advanced-heading uagb-block-bbe91d67\"><h3 class=\"uagb-heading-text\">Enfoque centrado en el cliente<br><\/h3><\/div>\n\n\n\n<div class=\"wp-block-uagb-icon-list uagb-block-60b012d5\"><div class=\"uagb-icon-list__wrap\">\n<div class=\"wp-block-uagb-icon-list-child uagb-block-8bcb204e\"><a target=\"_self\" aria-label=\"En FRCS Research, valoramos a nuestros clientes y nos esforzamos por brindar un servicio excepcional. Creemos en construir relaciones duraderas basadas en la confianza y la transparencia. Nuestro experto equipo de soporte siempre est\u00e1 listo para ayudarlo con sus consultas, selecci\u00f3n de productos y cumplimiento de pedidos. Su satisfacci\u00f3n es nuestro compromiso y estamos aqu\u00ed para garantizar que sus necesidades de investigaci\u00f3n se satisfagan de manera eficiente y eficaz.\" rel=\"noopener noreferrer\" href=\"#\"> <\/a><span class=\"uagb-icon-list__source-wrap\"><svg xmlns=\"https:\/\/www.w3.org\/2000\/svg\" viewbox=\"0 0 512 512\"><path d=\"M0 256C0 114.6 114.6 0 256 0C397.4 0 512 114.6 512 256C512 397.4 397.4 512 256 512C114.6 512 0 397.4 0 256zM371.8 211.8C382.7 200.9 382.7 183.1 371.8 172.2C360.9 161.3 343.1 161.3 332.2 172.2L224 280.4L179.8 236.2C168.9 225.3 151.1 225.3 140.2 236.2C129.3 247.1 129.3 264.9 140.2 275.8L204.2 339.8C215.1 350.7 232.9 350.7 243.8 339.8L371.8 211.8z\"><\/path><\/svg><\/span><span class=\"uagb-icon-list__label\">En FRCS Research, valoramos a nuestros clientes y nos esforzamos por brindar un servicio excepcional. Creemos en construir relaciones duraderas basadas en la confianza y la transparencia. Nuestro experto equipo de soporte siempre est\u00e1 listo para ayudarlo con sus consultas, selecci\u00f3n de productos y cumplimiento de pedidos. Su satisfacci\u00f3n es nuestro compromiso y estamos aqu\u00ed para garantizar que sus necesidades de investigaci\u00f3n se satisfagan de manera eficiente y eficaz.<\/span><\/div>\n<\/div><\/div>\n<\/div>\n<\/div><\/div>\n\n\n\n<div class=\"wp-block-uagb-container uagb-layout-flex uagb-block-cd23d4e7 alignfull uagb-is-root-container\"><div class=\"uagb-container-inner-blocks-wrap\">\n<div class=\"wp-block-uagb-container uagb-block-38ac57af\">\n<div class=\"wp-block-uagb-advanced-heading uagb-block-ab8e889b\"><h2 class=\"uagb-heading-text\">\u00danase a nosotros en nuestro viaje<br><\/h2><p class=\"uagb-desc-text\">A medida que el panorama de los productos qu\u00edmicos de investigaci\u00f3n contin\u00faa evolucionando, lo invitamos a unirse a nosotros en este emocionante viaje. Explore nuestro amplio cat\u00e1logo de productos dise\u00f1ados para satisfacer las necesidades de investigadores y entusiastas por igual. Ya sea que est\u00e9 investigando el potencial terap\u00e9utico de los psicod\u00e9licos o estudiando los efectos de los cannabinoides, estamos aqu\u00ed para apoyarlo en cada paso del camino.<br>Gracias por elegir FRCS Research. Juntos, avancemos en las fronteras de la ciencia y el descubrimiento.<\/p><\/div>\n\n\n\n<div class=\"wp-block-uagb-icon-list uagb-block-e61dcdb2\"><div class=\"uagb-icon-list__wrap\">\n<div class=\"wp-block-uagb-icon-list-child uagb-block-55d1f747\"><a target=\"_self\" aria-label=\"Personal altamente calificado\" rel=\"noopener noreferrer\" href=\"#\"> <\/a><span class=\"uagb-icon-list__source-wrap\"><svg xmlns=\"https:\/\/www.w3.org\/2000\/svg\" viewbox=\"0 0 512 512\"><path d=\"M0 256C0 114.6 114.6 0 256 0C397.4 0 512 114.6 512 256C512 397.4 397.4 512 256 512C114.6 512 0 397.4 0 256zM371.8 211.8C382.7 200.9 382.7 183.1 371.8 172.2C360.9 161.3 343.1 161.3 332.2 172.2L224 280.4L179.8 236.2C168.9 225.3 151.1 225.3 140.2 236.2C129.3 247.1 129.3 264.9 140.2 275.8L204.2 339.8C215.1 350.7 232.9 350.7 243.8 339.8L371.8 211.8z\"><\/path><\/svg><\/span><span class=\"uagb-icon-list__label\">Personal altamente calificado<\/span><\/div>\n\n\n\n<div class=\"wp-block-uagb-icon-list-child uagb-block-0bb7ef6d\"><a target=\"_self\" aria-label=\"Precios honestos y fijos\" rel=\"noopener noreferrer\" href=\"#\"> <\/a><span class=\"uagb-icon-list__source-wrap\"><svg xmlns=\"https:\/\/www.w3.org\/2000\/svg\" viewbox=\"0 0 512 512\"><path d=\"M0 256C0 114.6 114.6 0 256 0C397.4 0 512 114.6 512 256C512 397.4 397.4 512 256 512C114.6 512 0 397.4 0 256zM371.8 211.8C382.7 200.9 382.7 183.1 371.8 172.2C360.9 161.3 343.1 161.3 332.2 172.2L224 280.4L179.8 236.2C168.9 225.3 151.1 225.3 140.2 236.2C129.3 247.1 129.3 264.9 140.2 275.8L204.2 339.8C215.1 350.7 232.9 350.7 243.8 339.8L371.8 211.8z\"><\/path><\/svg><\/span><span class=\"uagb-icon-list__label\">Precios honestos y fijos<\/span><\/div>\n\n\n\n<div class=\"wp-block-uagb-icon-list-child uagb-block-685a5aa8\"><a target=\"_self\" aria-label=\"100% satisfacci\u00f3n garantizada\" rel=\"noopener noreferrer\" href=\"#\"> <\/a><span class=\"uagb-icon-list__source-wrap\"><svg xmlns=\"https:\/\/www.w3.org\/2000\/svg\" viewbox=\"0 0 512 512\"><path d=\"M0 256C0 114.6 114.6 0 256 0C397.4 0 512 114.6 512 256C512 397.4 397.4 512 256 512C114.6 512 0 397.4 0 256zM371.8 211.8C382.7 200.9 382.7 183.1 371.8 172.2C360.9 161.3 343.1 161.3 332.2 172.2L224 280.4L179.8 236.2C168.9 225.3 151.1 225.3 140.2 236.2C129.3 247.1 129.3 264.9 140.2 275.8L204.2 339.8C215.1 350.7 232.9 350.7 243.8 339.8L371.8 211.8z\"><\/path><\/svg><\/span><span class=\"uagb-icon-list__label\">100% satisfacci\u00f3n garantizada<\/span><\/div>\n\n\n\n<div class=\"wp-block-uagb-icon-list-child uagb-block-6b0a0d04\"><a target=\"_self\" aria-label=\"Amplia \u00e1rea de servicio\" rel=\"noopener noreferrer\" href=\"#\"> <\/a><span class=\"uagb-icon-list__source-wrap\"><svg xmlns=\"https:\/\/www.w3.org\/2000\/svg\" viewbox=\"0 0 512 512\"><path d=\"M0 256C0 114.6 114.6 0 256 0C397.4 0 512 114.6 512 256C512 397.4 397.4 512 256 512C114.6 512 0 397.4 0 256zM371.8 211.8C382.7 200.9 382.7 183.1 371.8 172.2C360.9 161.3 343.1 161.3 332.2 172.2L224 280.4L179.8 236.2C168.9 225.3 151.1 225.3 140.2 236.2C129.3 247.1 129.3 264.9 140.2 275.8L204.2 339.8C215.1 350.7 232.9 350.7 243.8 339.8L371.8 211.8z\"><\/path><\/svg><\/span><span class=\"uagb-icon-list__label\">Amplia \u00e1rea de servicio<\/span><\/div>\n\n\n\n<div class=\"wp-block-uagb-icon-list-child uagb-block-41c6ad22\"><a target=\"_self\" aria-label=\"Servicios de emergencia a demanda\" rel=\"noopener noreferrer\" href=\"#\"> <\/a><span class=\"uagb-icon-list__source-wrap\"><svg xmlns=\"https:\/\/www.w3.org\/2000\/svg\" viewbox=\"0 0 512 512\"><path d=\"M0 256C0 114.6 114.6 0 256 0C397.4 0 512 114.6 512 256C512 397.4 397.4 512 256 512C114.6 512 0 397.4 0 256zM371.8 211.8C382.7 200.9 382.7 183.1 371.8 172.2C360.9 161.3 343.1 161.3 332.2 172.2L224 280.4L179.8 236.2C168.9 225.3 151.1 225.3 140.2 236.2C129.3 247.1 129.3 264.9 140.2 275.8L204.2 339.8C215.1 350.7 232.9 350.7 243.8 339.8L371.8 211.8z\"><\/path><\/svg><\/span><span class=\"uagb-icon-list__label\">Servicios de emergencia a demanda<\/span><\/div>\n<\/div><\/div>\n<\/div>\n\n\n\n<div class=\"wp-block-uagb-image alignright uagb-block-1bba2fd8 wp-block-uagb-image--layout-default wp-block-uagb-image--effect-static wp-block-uagb-image--align-right\"><figure class=\"wp-block-uagb-image__figure\"><img decoding=\"async\" srcset=\"https:\/\/frcs-research.com\/wp-content\/uploads\/2024\/10\/e5e303d5-a00c-4c99-9117-5bcdc29f25ad.webp ,https:\/\/frcs-research.com\/wp-content\/uploads\/2024\/10\/e5e303d5-a00c-4c99-9117-5bcdc29f25ad.webp 780w, https:\/\/frcs-research.com\/wp-content\/uploads\/2024\/10\/e5e303d5-a00c-4c99-9117-5bcdc29f25ad.webp 360w\" sizes=\"auto, (max-width: 480px) 150px\" src=\"https:\/\/frcs-research.com\/wp-content\/uploads\/2024\/10\/e5e303d5-a00c-4c99-9117-5bcdc29f25ad.webp\" alt=\"\" class=\"uag-image-791\" width=\"560\" height=\"448\" title=\"e5e303d5-a00c-4c99-9117-5bcdc29f25ad\" loading=\"lazy\" role=\"img\"\/><\/figure><\/div>\n<\/div><\/div>\n\n\n\n<div class=\"wp-block-uagb-container uagb-block-724ccc2b alignfull uagb-is-root-container\"><div class=\"uagb-container-inner-blocks-wrap\"><\/div><\/div>","protected":false},"excerpt":{"rendered":"<p>About Us Welcome to FRCS Research, your trusted partner in the world of research chemicals. Founded by a team of experienced scientists and researchers, we are committed to providing high-quality,&hellip;<a href=\"https:\/\/frcs-research.com\/es\/alrededor-de-2\/\" class=\"more-link\"><span class=\"more-button\">Continue reading<span class=\"screen-reader-text\">Acerca de<\/span><\/span><\/a><\/p>","protected":false},"author":1,"featured_media":0,"parent":0,"menu_order":0,"comment_status":"closed","ping_status":"closed","template":"","meta":{"_uag_custom_page_level_css":"","footnotes":""},"class_list":["post-578","page","type-page","status-publish","hentry"],"yoast_head":"<!-- This site is optimized with the Yoast SEO plugin v27.1.1 - https:\/\/yoast.com\/product\/yoast-seo-wordpress\/ -->\n<title>About FRCSResearch Your Trusted Partner in Research Chemicals<\/title>\n<meta name=\"description\" content=\"Learn about FRCS Research, your reliable source for high-quality research chemicals. Our expert team is dedicated to supporting scientific inquiries with a focus on purity, innovation, and customer satisfaction. Join us in advancing the frontiers of research!\" \/>\n<meta name=\"robots\" content=\"index, follow, max-snippet:-1, max-image-preview:large, max-video-preview:-1\" \/>\n<link rel=\"canonical\" href=\"https:\/\/frcs-research.com\/es\/alrededor-de-2\/\" \/>\n<meta property=\"og:locale\" content=\"es_ES\" \/>\n<meta property=\"og:type\" content=\"article\" \/>\n<meta property=\"og:title\" content=\"About FRCSResearch Your Trusted Partner in Research Chemicals\" \/>\n<meta property=\"og:description\" content=\"Learn about FRCS Research, your reliable source for high-quality research chemicals. Our expert team is dedicated to supporting scientific inquiries with a focus on purity, innovation, and customer satisfaction. Join us in advancing the frontiers of research!\" \/>\n<meta property=\"og:url\" content=\"https:\/\/frcs-research.com\/es\/alrededor-de-2\/\" \/>\n<meta property=\"og:site_name\" content=\"wholesale supplier of research chemicals, 4mmc, 3mmc, MDPHP, Alpha PVP and more\" \/>\n<meta property=\"article:modified_time\" content=\"2024-10-13T01:01:13+00:00\" \/>\n<meta property=\"og:image\" content=\"https:\/\/frcs-research.com\/wp-content\/uploads\/2024\/10\/e5e303d5-a00c-4c99-9117-5bcdc29f25ad.webp\" \/>\n<meta name=\"twitter:card\" content=\"summary_large_image\" \/>\n<meta name=\"twitter:label1\" content=\"Tiempo de lectura\" \/>\n\t<meta name=\"twitter:data1\" content=\"2 minutos\" \/>\n<script type=\"application\/ld+json\" class=\"yoast-schema-graph\">{\"@context\":\"https:\/\/schema.org\",\"@graph\":[{\"@type\":\"WebPage\",\"@id\":\"https:\/\/frcs-research.com\/about-2\/\",\"url\":\"https:\/\/frcs-research.com\/about-2\/\",\"name\":\"About FRCSResearch Your Trusted Partner in Research Chemicals\",\"isPartOf\":{\"@id\":\"https:\/\/frcs-research.com\/#website\"},\"primaryImageOfPage\":{\"@id\":\"https:\/\/frcs-research.com\/about-2\/#primaryimage\"},\"image\":{\"@id\":\"https:\/\/frcs-research.com\/about-2\/#primaryimage\"},\"thumbnailUrl\":\"https:\/\/frcs-research.com\/wp-content\/uploads\/2024\/10\/e5e303d5-a00c-4c99-9117-5bcdc29f25ad.webp\",\"datePublished\":\"2024-10-08T22:53:38+00:00\",\"dateModified\":\"2024-10-13T01:01:13+00:00\",\"description\":\"Learn about FRCS Research, your reliable source for high-quality research chemicals. Our expert team is dedicated to supporting scientific inquiries with a focus on purity, innovation, and customer satisfaction. Join us in advancing the frontiers of research!\",\"breadcrumb\":{\"@id\":\"https:\/\/frcs-research.com\/about-2\/#breadcrumb\"},\"inLanguage\":\"es\",\"potentialAction\":[{\"@type\":\"ReadAction\",\"target\":[\"https:\/\/frcs-research.com\/about-2\/\"]}]},{\"@type\":\"ImageObject\",\"inLanguage\":\"es\",\"@id\":\"https:\/\/frcs-research.com\/about-2\/#primaryimage\",\"url\":\"https:\/\/frcs-research.com\/wp-content\/uploads\/2024\/10\/e5e303d5-a00c-4c99-9117-5bcdc29f25ad.webp\",\"contentUrl\":\"https:\/\/frcs-research.com\/wp-content\/uploads\/2024\/10\/e5e303d5-a00c-4c99-9117-5bcdc29f25ad.webp\"},{\"@type\":\"BreadcrumbList\",\"@id\":\"https:\/\/frcs-research.com\/about-2\/#breadcrumb\",\"itemListElement\":[{\"@type\":\"ListItem\",\"position\":1,\"name\":\"Home\",\"item\":\"https:\/\/frcs-research.com\/\"},{\"@type\":\"ListItem\",\"position\":2,\"name\":\"About\"}]},{\"@type\":\"WebSite\",\"@id\":\"https:\/\/frcs-research.com\/#website\",\"url\":\"https:\/\/frcs-research.com\/\",\"name\":\"wholesale supplier of research chemicals, 4mmc, 3mmc, MDPHP, Alpha PVP and more\",\"description\":\"Wholesale research chemicals\",\"potentialAction\":[{\"@type\":\"SearchAction\",\"target\":{\"@type\":\"EntryPoint\",\"urlTemplate\":\"https:\/\/frcs-research.com\/?s={search_term_string}\"},\"query-input\":{\"@type\":\"PropertyValueSpecification\",\"valueRequired\":true,\"valueName\":\"search_term_string\"}}],\"inLanguage\":\"es\"}]}<\/script>\n<!-- \/ Yoast SEO plugin. -->","yoast_head_json":{"title":"Acerca de FRCSResearch Su socio de confianza en productos qu\u00edmicos para investigaci\u00f3n","description":"Inf\u00f3rmese sobre FRCS Research, su fuente confiable de productos qu\u00edmicos de investigaci\u00f3n de alta calidad. Nuestro equipo de expertos se dedica a respaldar las investigaciones cient\u00edficas con un enfoque en la pureza, la innovaci\u00f3n y la satisfacci\u00f3n del cliente. \u00a1\u00danase a nosotros para avanzar en las fronteras de la investigaci\u00f3n!","robots":{"index":"index","follow":"follow","max-snippet":"max-snippet:-1","max-image-preview":"max-image-preview:large","max-video-preview":"max-video-preview:-1"},"canonical":"https:\/\/frcs-research.com\/es\/alrededor-de-2\/","og_locale":"es_ES","og_type":"article","og_title":"About FRCSResearch Your Trusted Partner in Research Chemicals","og_description":"Learn about FRCS Research, your reliable source for high-quality research chemicals. Our expert team is dedicated to supporting scientific inquiries with a focus on purity, innovation, and customer satisfaction. Join us in advancing the frontiers of research!","og_url":"https:\/\/frcs-research.com\/es\/alrededor-de-2\/","og_site_name":"wholesale supplier of research chemicals, 4mmc, 3mmc, MDPHP, Alpha PVP and more","article_modified_time":"2024-10-13T01:01:13+00:00","og_image":[{"url":"https:\/\/frcs-research.com\/wp-content\/uploads\/2024\/10\/e5e303d5-a00c-4c99-9117-5bcdc29f25ad.webp","type":"","width":"","height":""}],"twitter_card":"summary_large_image","twitter_misc":{"Tiempo de lectura":"2 minutos"},"schema":{"@context":"https:\/\/schema.org","@graph":[{"@type":"WebPage","@id":"https:\/\/frcs-research.com\/about-2\/","url":"https:\/\/frcs-research.com\/about-2\/","name":"Acerca de FRCSResearch Su socio de confianza en productos qu\u00edmicos para investigaci\u00f3n","isPartOf":{"@id":"https:\/\/frcs-research.com\/#website"},"primaryImageOfPage":{"@id":"https:\/\/frcs-research.com\/about-2\/#primaryimage"},"image":{"@id":"https:\/\/frcs-research.com\/about-2\/#primaryimage"},"thumbnailUrl":"https:\/\/frcs-research.com\/wp-content\/uploads\/2024\/10\/e5e303d5-a00c-4c99-9117-5bcdc29f25ad.webp","datePublished":"2024-10-08T22:53:38+00:00","dateModified":"2024-10-13T01:01:13+00:00","description":"Inf\u00f3rmese sobre FRCS Research, su fuente confiable de productos qu\u00edmicos de investigaci\u00f3n de alta calidad. Nuestro equipo de expertos se dedica a respaldar las investigaciones cient\u00edficas con un enfoque en la pureza, la innovaci\u00f3n y la satisfacci\u00f3n del cliente. \u00a1\u00danase a nosotros para avanzar en las fronteras de la investigaci\u00f3n!","breadcrumb":{"@id":"https:\/\/frcs-research.com\/about-2\/#breadcrumb"},"inLanguage":"es","potentialAction":[{"@type":"ReadAction","target":["https:\/\/frcs-research.com\/about-2\/"]}]},{"@type":"ImageObject","inLanguage":"es","@id":"https:\/\/frcs-research.com\/about-2\/#primaryimage","url":"https:\/\/frcs-research.com\/wp-content\/uploads\/2024\/10\/e5e303d5-a00c-4c99-9117-5bcdc29f25ad.webp","contentUrl":"https:\/\/frcs-research.com\/wp-content\/uploads\/2024\/10\/e5e303d5-a00c-4c99-9117-5bcdc29f25ad.webp"},{"@type":"BreadcrumbList","@id":"https:\/\/frcs-research.com\/about-2\/#breadcrumb","itemListElement":[{"@type":"ListItem","position":1,"name":"Home","item":"https:\/\/frcs-research.com\/"},{"@type":"ListItem","position":2,"name":"About"}]},{"@type":"WebSite","@id":"https:\/\/frcs-research.com\/#website","url":"https:\/\/frcs-research.com\/","name":"Proveedor mayorista de productos qu\u00edmicos de investigaci\u00f3n, 4 mmc, 3 mmc, MDPHP, Alpha PVP y m\u00e1s","description":"Productos qu\u00edmicos de investigaci\u00f3n al por mayor","potentialAction":[{"@type":"SearchAction","target":{"@type":"EntryPoint","urlTemplate":"https:\/\/frcs-research.com\/?s={search_term_string}"},"query-input":{"@type":"PropertyValueSpecification","valueRequired":true,"valueName":"search_term_string"}}],"inLanguage":"es"}]}},"uagb_featured_image_src":{"full":false,"thumbnail":false,"medium":false,"medium_large":false,"large":false,"1536x1536":false,"2048x2048":false,"trp-custom-language-flag":false,"post-thumbnail":false,"elite-commerce-slider":false,"elite-commerce-hero":false,"elite-commerce-portfolio":false,"woocommerce_thumbnail":false,"woocommerce_single":false,"woocommerce_gallery_thumbnail":false},"uagb_author_info":{"display_name":"Richard Wood","author_link":"https:\/\/frcs-research.com\/es\/author\/expireddomains1000gmail-com\/"},"uagb_comment_info":0,"uagb_excerpt":"About Us Welcome to FRCS Research, your trusted partner in the world of research chemicals. Founded by a team of experienced scientists and researchers, we are committed to providing high-quality,&hellip;Continue readingAbout","_links":{"self":[{"href":"https:\/\/frcs-research.com\/es\/wp-json\/wp\/v2\/pages\/578","targetHints":{"allow":["GET"]}}],"collection":[{"href":"https:\/\/frcs-research.com\/es\/wp-json\/wp\/v2\/pages"}],"about":[{"href":"https:\/\/frcs-research.com\/es\/wp-json\/wp\/v2\/types\/page"}],"author":[{"embeddable":true,"href":"https:\/\/frcs-research.com\/es\/wp-json\/wp\/v2\/users\/1"}],"replies":[{"embeddable":true,"href":"https:\/\/frcs-research.com\/es\/wp-json\/wp\/v2\/comments?post=578"}],"version-history":[{"count":6,"href":"https:\/\/frcs-research.com\/es\/wp-json\/wp\/v2\/pages\/578\/revisions"}],"predecessor-version":[{"id":796,"href":"https:\/\/frcs-research.com\/es\/wp-json\/wp\/v2\/pages\/578\/revisions\/796"}],"wp:attachment":[{"href":"https:\/\/frcs-research.com\/es\/wp-json\/wp\/v2\/media?parent=578"}],"curies":[{"name":"wp","href":"https:\/\/api.w.org\/{rel}","templated":true}]}}