{"id":1110,"date":"2026-01-29T18:52:33","date_gmt":"2026-01-29T18:52:33","guid":{"rendered":"https:\/\/frcs-research.com\/?post_type=product&#038;p=1110"},"modified":"2026-04-20T13:12:24","modified_gmt":"2026-04-20T13:12:24","slug":"pump-it-powder-bath-salts","status":"publish","type":"product","link":"https:\/\/frcs-research.com\/es\/product\/pump-it-powder-bath-salts\/","title":{"rendered":"Pump-It Powder Bath Salts"},"content":{"rendered":"<h3 style=\"text-align: center\"><strong>Buy Pump-It Powder Bath Salts Online<\/strong><\/h3>\n<p>Buy Pump-It Powder Bath Salts from us an we provides the highest-quality bathing products such as bath salts. bath salts provide you with a smooth, sensual bath that will leave you feeling cleansed. However, our clients are guaranteed of the highest quality available in the market. Nevertheless, we do wholesale and retail other concentrated bath salts available <a href=\"https:\/\/researchchemicalshop.com\/shop\/\">en<\/a> good prices.<\/p>\n<h4><strong>Our bath salts have a very strong aroma!<\/strong><\/h4>\n<p>Pump-It Powder Bath Salts is designed to take your bathing experience to the next level of stimulation, energy and euphoria. Just a small amount is necessary for profound effects. However, just add a small amount to a hot bath to naturally soften the water which will leave you feeling very energized and euphoric. Nevertheless, it is used to mimic the natural hot springs of the greek sea. ake note. Notwithstanding, Used properly, Pump-It Powder can help you reach summits thought<a href=\"https:\/\/spaceclubdisposableonline.com\/shop\/\">.<\/a><\/p>","protected":false},"excerpt":{"rendered":"<p>Buy Pump-It Powder Bath Salts Online Buy Pump-It Powder Bath Salts from us an we provides the highest-quality bathing products such as bath salts. bath salts provide you with a&hellip;<\/p>\n<p class=\"product woocommerce add_to_cart_inline\" style=\"border:4px solid #ccc; padding: 12px;\"><span class=\"woocommerce-Price-amount amount\" aria-hidden=\"true\"><bdi><span class=\"woocommerce-Price-currencySymbol\">&euro;<\/span>160.00<\/bdi><\/span> <span aria-hidden=\"true\">&#8211;<\/span> <span class=\"woocommerce-Price-amount amount\" aria-hidden=\"true\"><bdi><span class=\"woocommerce-Price-currencySymbol\">&euro;<\/span>720.00<\/bdi><\/span><span class=\"screen-reader-text\" data-no-translation=\"\" data-trp-gettext=\"\">Rango de precios: desde &euro;160.00 hasta &euro;720.00<\/span><a href=\"https:\/\/frcs-research.com\/es\/product\/pump-it-powder-bath-salts\/\" aria-describedby=\"woocommerce_loop_add_to_cart_link_describedby_1110\" data-quantity=\"1\" class=\"button product_type_variable add_to_cart_button\" data-product_id=\"1110\" data-product_sku=\"\" aria-label=\"Elige las opciones para \u201cPump-It Powder Bath Salts\u201d\" rel=\"nofollow\" data-no-translation=\"\" data-trp-gettext=\"\" data-no-translation-aria-label=\"\">Seleccionar opciones<\/a>\t<span id=\"woocommerce_loop_add_to_cart_link_describedby_1110\" class=\"screen-reader-text\"><br \/>\n\t\tEste producto tiene m\u00faltiples variantes. Las opciones se pueden elegir en la p\u00e1gina de producto\t<\/span><\/p>","protected":false},"featured_media":1134,"comment_status":"closed","ping_status":"closed","template":"","meta":{"_uag_custom_page_level_css":""},"product_brand":[],"product_cat":[329],"product_tag":[330,331,332,333,334,338,339,340,341,342,343,344,373,345,349,350,351,352,353,354],"class_list":{"0":"post-1110","1":"product","2":"type-product","3":"status-publish","4":"has-post-thumbnail","6":"product_cat-bath-salts","7":"product_tag-bath-salts","8":"product_tag-bath-salts-drug","9":"product_tag-bath-salts-drugs","10":"product_tag-bath-salts-for-bath","11":"product_tag-best-bath-salts","12":"product_tag-cbd-bath-salts","13":"product_tag-diy-bath-salts","14":"product_tag-how-to-make-bath-salts","15":"product_tag-how-to-use-bath-salts","16":"product_tag-lavender-bath-salts","17":"product_tag-magnesium-bath-salts","18":"product_tag-people-on-bath-salts","19":"product_tag-pump-it-powder-bath-salts","20":"product_tag-smoking-bath-salts","21":"product_tag-vicks-bath-salts","22":"product_tag-what-are-bath-salts","23":"product_tag-what-are-bath-salts-drug","24":"product_tag-what-are-bath-salts-used-for","25":"product_tag-what-do-bath-salts-do","26":"product_tag-what-is-bath-salts","28":"first","29":"instock","30":"shipping-taxable","31":"purchasable","32":"product-type-variable"},"yoast_head":"<!-- This site is optimized with the Yoast SEO plugin v27.1.1 - https:\/\/yoast.com\/product\/yoast-seo-wordpress\/ -->\n<title>Pump-It Powder Bath Salts - wholesale supplier of research chemicals, 4mmc, 3mmc, MDPHP, Alpha PVP and more<\/title>\n<meta name=\"robots\" content=\"index, follow, max-snippet:-1, max-image-preview:large, max-video-preview:-1\" \/>\n<link rel=\"canonical\" href=\"https:\/\/frcs-research.com\/es\/product\/pump-it-powder-bath-salts\/\" \/>\n<meta property=\"og:locale\" content=\"es_ES\" \/>\n<meta property=\"og:type\" content=\"article\" \/>\n<meta property=\"og:title\" content=\"Pump-It Powder Bath Salts - wholesale supplier of research chemicals, 4mmc, 3mmc, MDPHP, Alpha PVP and more\" \/>\n<meta property=\"og:description\" content=\"Buy Pump-It Powder Bath Salts Online Buy Pump-It Powder Bath Salts from us an we provides the highest-quality bathing products such as bath salts. bath salts provide you with a&hellip;&euro;160.00 - &euro;720.00Rango de precios: desde &euro;160.00 hasta &euro;720.00Seleccionar opciones  Este producto tiene m\u00faltiples variantes. Las opciones se pueden elegir en la p\u00e1gina de producto\" \/>\n<meta property=\"og:url\" content=\"https:\/\/frcs-research.com\/es\/product\/pump-it-powder-bath-salts\/\" \/>\n<meta property=\"og:site_name\" content=\"wholesale supplier of research chemicals, 4mmc, 3mmc, MDPHP, Alpha PVP and more\" \/>\n<meta property=\"article:modified_time\" content=\"2026-04-20T13:12:24+00:00\" \/>\n<meta name=\"twitter:card\" content=\"summary_large_image\" \/>\n<meta name=\"twitter:label1\" content=\"Disponibilidad\" \/>\n\t<meta name=\"twitter:data1\" content=\"Disponible\" \/>\n<script type=\"application\/ld+json\" class=\"yoast-schema-graph\">{\"@context\":\"https:\/\/schema.org\",\"@graph\":[{\"@type\":[\"WebPage\",\"ItemPage\"],\"@id\":\"https:\/\/frcs-research.com\/product\/pump-it-powder-bath-salts\/\",\"url\":\"https:\/\/frcs-research.com\/product\/pump-it-powder-bath-salts\/\",\"name\":\"Pump-It Powder Bath Salts - wholesale supplier of research chemicals, 4mmc, 3mmc, MDPHP, Alpha PVP and more\",\"isPartOf\":{\"@id\":\"https:\/\/frcs-research.com\/#website\"},\"primaryImageOfPage\":{\"@id\":\"https:\/\/frcs-research.com\/product\/pump-it-powder-bath-salts\/#primaryimage\"},\"image\":{\"@id\":\"https:\/\/frcs-research.com\/product\/pump-it-powder-bath-salts\/#primaryimage\"},\"thumbnailUrl\":\"https:\/\/frcs-research.com\/wp-content\/uploads\/2026\/01\/Pump-It-Powder-Bath-Salts.jpg\",\"datePublished\":\"2026-01-29T18:52:33+00:00\",\"dateModified\":\"2026-04-20T13:12:24+00:00\",\"breadcrumb\":{\"@id\":\"https:\/\/frcs-research.com\/product\/pump-it-powder-bath-salts\/#breadcrumb\"},\"inLanguage\":\"es\",\"potentialAction\":[{\"@type\":\"ReadAction\",\"target\":[\"https:\/\/frcs-research.com\/product\/pump-it-powder-bath-salts\/\"]}]},{\"@type\":\"ImageObject\",\"inLanguage\":\"es\",\"@id\":\"https:\/\/frcs-research.com\/product\/pump-it-powder-bath-salts\/#primaryimage\",\"url\":\"https:\/\/frcs-research.com\/wp-content\/uploads\/2026\/01\/Pump-It-Powder-Bath-Salts.jpg\",\"contentUrl\":\"https:\/\/frcs-research.com\/wp-content\/uploads\/2026\/01\/Pump-It-Powder-Bath-Salts.jpg\",\"width\":391,\"height\":498},{\"@type\":\"BreadcrumbList\",\"@id\":\"https:\/\/frcs-research.com\/product\/pump-it-powder-bath-salts\/#breadcrumb\",\"itemListElement\":[{\"@type\":\"ListItem\",\"position\":1,\"name\":\"Home\",\"item\":\"https:\/\/frcs-research.com\/\"},{\"@type\":\"ListItem\",\"position\":2,\"name\":\"Shop\",\"item\":\"https:\/\/frcs-research.com\/shop\/\"},{\"@type\":\"ListItem\",\"position\":3,\"name\":\"Pump-It Powder Bath Salts\"}]},{\"@type\":\"WebSite\",\"@id\":\"https:\/\/frcs-research.com\/#website\",\"url\":\"https:\/\/frcs-research.com\/\",\"name\":\"wholesale supplier of research chemicals, 4mmc, 3mmc, MDPHP, Alpha PVP and more\",\"description\":\"Wholesale research chemicals\",\"potentialAction\":[{\"@type\":\"SearchAction\",\"target\":{\"@type\":\"EntryPoint\",\"urlTemplate\":\"https:\/\/frcs-research.com\/?s={search_term_string}\"},\"query-input\":{\"@type\":\"PropertyValueSpecification\",\"valueRequired\":true,\"valueName\":\"search_term_string\"}}],\"inLanguage\":\"es\"}]}<\/script>\n<meta property=\"og:availability\" content=\"instock\" \/>\n<meta property=\"product:availability\" content=\"instock\" \/>\n<meta property=\"product:condition\" content=\"new\" \/>\n<!-- \/ Yoast SEO plugin. -->","yoast_head_json":{"title":"Pump-It Powder Bath Salts - wholesale supplier of research chemicals, 4mmc, 3mmc, MDPHP, Alpha PVP and more","robots":{"index":"index","follow":"follow","max-snippet":"max-snippet:-1","max-image-preview":"max-image-preview:large","max-video-preview":"max-video-preview:-1"},"canonical":"https:\/\/frcs-research.com\/es\/product\/pump-it-powder-bath-salts\/","og_locale":"es_ES","og_type":"article","og_title":"Pump-It Powder Bath Salts - wholesale supplier of research chemicals, 4mmc, 3mmc, MDPHP, Alpha PVP and more","og_description":"Buy Pump-It Powder Bath Salts Online Buy Pump-It Powder Bath Salts from us an we provides the highest-quality bathing products such as bath salts. bath salts provide you with a&hellip;&euro;160.00 - &euro;720.00Rango de precios: desde &euro;160.00 hasta &euro;720.00Seleccionar opciones  Este producto tiene m\u00faltiples variantes. Las opciones se pueden elegir en la p\u00e1gina de producto","og_url":"https:\/\/frcs-research.com\/es\/product\/pump-it-powder-bath-salts\/","og_site_name":"wholesale supplier of research chemicals, 4mmc, 3mmc, MDPHP, Alpha PVP and more","article_modified_time":"2026-04-20T13:12:24+00:00","twitter_card":"summary_large_image","twitter_misc":{"Disponibilidad":"Disponible"},"schema":{"@context":"https:\/\/schema.org","@graph":[{"@type":["WebPage","ItemPage"],"@id":"https:\/\/frcs-research.com\/product\/pump-it-powder-bath-salts\/","url":"https:\/\/frcs-research.com\/product\/pump-it-powder-bath-salts\/","name":"Pump-It Powder Bath Salts - wholesale supplier of research chemicals, 4mmc, 3mmc, MDPHP, Alpha PVP and more","isPartOf":{"@id":"https:\/\/frcs-research.com\/#website"},"primaryImageOfPage":{"@id":"https:\/\/frcs-research.com\/product\/pump-it-powder-bath-salts\/#primaryimage"},"image":{"@id":"https:\/\/frcs-research.com\/product\/pump-it-powder-bath-salts\/#primaryimage"},"thumbnailUrl":"https:\/\/frcs-research.com\/wp-content\/uploads\/2026\/01\/Pump-It-Powder-Bath-Salts.jpg","datePublished":"2026-01-29T18:52:33+00:00","dateModified":"2026-04-20T13:12:24+00:00","breadcrumb":{"@id":"https:\/\/frcs-research.com\/product\/pump-it-powder-bath-salts\/#breadcrumb"},"inLanguage":"es","potentialAction":[{"@type":"ReadAction","target":["https:\/\/frcs-research.com\/product\/pump-it-powder-bath-salts\/"]}]},{"@type":"ImageObject","inLanguage":"es","@id":"https:\/\/frcs-research.com\/product\/pump-it-powder-bath-salts\/#primaryimage","url":"https:\/\/frcs-research.com\/wp-content\/uploads\/2026\/01\/Pump-It-Powder-Bath-Salts.jpg","contentUrl":"https:\/\/frcs-research.com\/wp-content\/uploads\/2026\/01\/Pump-It-Powder-Bath-Salts.jpg","width":391,"height":498},{"@type":"BreadcrumbList","@id":"https:\/\/frcs-research.com\/product\/pump-it-powder-bath-salts\/#breadcrumb","itemListElement":[{"@type":"ListItem","position":1,"name":"Home","item":"https:\/\/frcs-research.com\/"},{"@type":"ListItem","position":2,"name":"Shop","item":"https:\/\/frcs-research.com\/shop\/"},{"@type":"ListItem","position":3,"name":"Pump-It Powder Bath Salts"}]},{"@type":"WebSite","@id":"https:\/\/frcs-research.com\/#website","url":"https:\/\/frcs-research.com\/","name":"Proveedor mayorista de productos qu\u00edmicos de investigaci\u00f3n, 4 mmc, 3 mmc, MDPHP, Alpha PVP y m\u00e1s","description":"Productos qu\u00edmicos de investigaci\u00f3n al por mayor","potentialAction":[{"@type":"SearchAction","target":{"@type":"EntryPoint","urlTemplate":"https:\/\/frcs-research.com\/?s={search_term_string}"},"query-input":{"@type":"PropertyValueSpecification","valueRequired":true,"valueName":"search_term_string"}}],"inLanguage":"es"}]},"og_availability":"instock","product_availability":"instock","product_condition":"new"},"uagb_featured_image_src":{"full":["https:\/\/frcs-research.com\/wp-content\/uploads\/2026\/01\/Pump-It-Powder-Bath-Salts.jpg",391,498,false],"thumbnail":["https:\/\/frcs-research.com\/wp-content\/uploads\/2026\/01\/Pump-It-Powder-Bath-Salts-150x150.jpg",150,150,true],"medium":["https:\/\/frcs-research.com\/wp-content\/uploads\/2026\/01\/Pump-It-Powder-Bath-Salts-236x300.jpg",236,300,true],"medium_large":["https:\/\/frcs-research.com\/wp-content\/uploads\/2026\/01\/Pump-It-Powder-Bath-Salts.jpg",391,498,false],"large":["https:\/\/frcs-research.com\/wp-content\/uploads\/2026\/01\/Pump-It-Powder-Bath-Salts.jpg",391,498,false],"1536x1536":["https:\/\/frcs-research.com\/wp-content\/uploads\/2026\/01\/Pump-It-Powder-Bath-Salts.jpg",391,498,false],"2048x2048":["https:\/\/frcs-research.com\/wp-content\/uploads\/2026\/01\/Pump-It-Powder-Bath-Salts.jpg",391,498,false],"trp-custom-language-flag":["https:\/\/frcs-research.com\/wp-content\/uploads\/2026\/01\/Pump-It-Powder-Bath-Salts-9x12.jpg",9,12,true],"post-thumbnail":["https:\/\/frcs-research.com\/wp-content\/uploads\/2026\/01\/Pump-It-Powder-Bath-Salts.jpg",391,498,false],"elite-commerce-slider":["https:\/\/frcs-research.com\/wp-content\/uploads\/2026\/01\/Pump-It-Powder-Bath-Salts.jpg",391,498,false],"elite-commerce-hero":["https:\/\/frcs-research.com\/wp-content\/uploads\/2026\/01\/Pump-It-Powder-Bath-Salts.jpg",391,498,false],"elite-commerce-portfolio":["https:\/\/frcs-research.com\/wp-content\/uploads\/2026\/01\/Pump-It-Powder-Bath-Salts-353x450.jpg",353,450,true],"woocommerce_thumbnail":["https:\/\/frcs-research.com\/wp-content\/uploads\/2026\/01\/Pump-It-Powder-Bath-Salts-300x300.jpg",300,300,true],"woocommerce_single":["https:\/\/frcs-research.com\/wp-content\/uploads\/2026\/01\/Pump-It-Powder-Bath-Salts.jpg",391,498,false],"woocommerce_gallery_thumbnail":["https:\/\/frcs-research.com\/wp-content\/uploads\/2026\/01\/Pump-It-Powder-Bath-Salts-100x100.jpg",100,100,true]},"uagb_author_info":{"display_name":"Richard Wood","author_link":"https:\/\/frcs-research.com\/es\/author\/"},"uagb_comment_info":109,"uagb_excerpt":"Buy Pump-It Powder Bath Salts Online Buy Pump-It Powder Bath Salts from us an we provides the highest-quality bathing products such as bath salts. bath salts provide you with a&hellip;&euro;160.00 - &euro;720.00Rango de precios: desde &euro;160.00 hasta &euro;720.00Seleccionar opciones Este producto tiene m\u00faltiples variantes. Las opciones se pueden elegir en la&hellip;","_links":{"self":[{"href":"https:\/\/frcs-research.com\/es\/wp-json\/wp\/v2\/product\/1110","targetHints":{"allow":["GET"]}}],"collection":[{"href":"https:\/\/frcs-research.com\/es\/wp-json\/wp\/v2\/product"}],"about":[{"href":"https:\/\/frcs-research.com\/es\/wp-json\/wp\/v2\/types\/product"}],"replies":[{"embeddable":true,"href":"https:\/\/frcs-research.com\/es\/wp-json\/wp\/v2\/comments?post=1110"}],"wp:featuredmedia":[{"embeddable":true,"href":"https:\/\/frcs-research.com\/es\/wp-json\/wp\/v2\/media\/1134"}],"wp:attachment":[{"href":"https:\/\/frcs-research.com\/es\/wp-json\/wp\/v2\/media?parent=1110"}],"wp:term":[{"taxonomy":"product_brand","embeddable":true,"href":"https:\/\/frcs-research.com\/es\/wp-json\/wp\/v2\/product_brand?post=1110"},{"taxonomy":"product_cat","embeddable":true,"href":"https:\/\/frcs-research.com\/es\/wp-json\/wp\/v2\/product_cat?post=1110"},{"taxonomy":"product_tag","embeddable":true,"href":"https:\/\/frcs-research.com\/es\/wp-json\/wp\/v2\/product_tag?post=1110"}],"curies":[{"name":"wp","href":"https:\/\/api.w.org\/{rel}","templated":true}]}}