{"id":1113,"date":"2026-01-29T18:52:33","date_gmt":"2026-01-29T18:52:33","guid":{"rendered":"https:\/\/frcs-research.com\/?post_type=product&#038;p=1113"},"modified":"2026-04-20T11:33:07","modified_gmt":"2026-04-20T11:33:07","slug":"sextacy-bath-salts","status":"publish","type":"product","link":"https:\/\/frcs-research.com\/es\/product\/sextacy-bath-salts\/","title":{"rendered":"Sextacy Bath Salts"},"content":{"rendered":"<h3 style=\"text-align: center\"><strong>Sextacy Bath Salts<\/strong><\/h3>\n<p>Sextacy Bath Salts concentrated bath salt. However, relax and soak away with Sextacy. Add the contents to a hot bath to naturally soften the water which will leave you feeling very soothed and relaxed. Please, if you are a first time user of Sextacy bath salt we strongly recommend to start with a very tiny amount to your bath to see your body\u2019s tolerance<a href=\"https:\/\/smokiezediblesonline.com\/shop\/\">.<\/a><\/p>\n<p>This is the stronger version of an excellent and premium product, very similar to Ivory Wave but it has some extra stuff added to it so it became an excellent aphrodisiac. Nevertheless, it makes you very very horny and puts you in wonderland in the middle of your bath. Don\u2019t be surprised if you find yourself on top of your loved one for about 7 hours, we warned you USE IT WITH CAUTION, very strong and will make your bath very fast. Start with very tiny amount. Comes in about <a href=\"https:\/\/researchchemicalshop.com\/shop\/\">10<\/a> minutes lasts for 6-9 hours. Notwithstanding, Sextacy bath salt is very similar to Ivory Ultra but it still has its unique magic touch LOL . However, great product folks, highly recommended with caution and keep the feedbacks coming! A MUST TRY!<\/p>","protected":false},"excerpt":{"rendered":"<p>Sextacy Bath Salts Sextacy Bath Salts concentrated bath salt. However, relax and soak away with Sextacy. Add the contents to a hot bath to naturally soften the water which will&hellip;<\/p>\n<p class=\"product woocommerce add_to_cart_inline\" style=\"border:4px solid #ccc; padding: 12px;\"><span class=\"woocommerce-Price-amount amount\" aria-hidden=\"true\"><bdi><span class=\"woocommerce-Price-currencySymbol\">&euro;<\/span>160.00<\/bdi><\/span> <span aria-hidden=\"true\">&#8211;<\/span> <span class=\"woocommerce-Price-amount amount\" aria-hidden=\"true\"><bdi><span class=\"woocommerce-Price-currencySymbol\">&euro;<\/span>720.00<\/bdi><\/span><span class=\"screen-reader-text\" data-no-translation=\"\" data-trp-gettext=\"\">Rango de precios: desde &euro;160.00 hasta &euro;720.00<\/span><a href=\"https:\/\/frcs-research.com\/es\/product\/sextacy-bath-salts\/\" aria-describedby=\"woocommerce_loop_add_to_cart_link_describedby_1113\" data-quantity=\"1\" class=\"button product_type_variable add_to_cart_button\" data-product_id=\"1113\" data-product_sku=\"\" aria-label=\"Elige las opciones para \u201cSextacy Bath Salts\u201d\" rel=\"nofollow\" data-no-translation=\"\" data-trp-gettext=\"\" data-no-translation-aria-label=\"\">Seleccionar opciones<\/a>\t<span id=\"woocommerce_loop_add_to_cart_link_describedby_1113\" class=\"screen-reader-text\"><br \/>\n\t\tEste producto tiene m\u00faltiples variantes. Las opciones se pueden elegir en la p\u00e1gina de producto\t<\/span><\/p>","protected":false},"featured_media":1135,"comment_status":"closed","ping_status":"closed","template":"","meta":{"_uag_custom_page_level_css":""},"product_brand":[],"product_cat":[329],"product_tag":[330,331,332,333,334,338,374,339,340,341,342,343,344,375,376,345,349,350,351,352,353,354],"class_list":{"0":"post-1113","1":"product","2":"type-product","3":"status-publish","4":"has-post-thumbnail","6":"product_cat-bath-salts","7":"product_tag-bath-salts","8":"product_tag-bath-salts-drug","9":"product_tag-bath-salts-drugs","10":"product_tag-bath-salts-for-bath","11":"product_tag-best-bath-salts","12":"product_tag-cbd-bath-salts","13":"product_tag-concentrated-sextacy-bath-salts","14":"product_tag-diy-bath-salts","15":"product_tag-how-to-make-bath-salts","16":"product_tag-how-to-use-bath-salts","17":"product_tag-lavender-bath-salts","18":"product_tag-magnesium-bath-salts","19":"product_tag-people-on-bath-salts","20":"product_tag-sextacy-bath-salts","21":"product_tag-sextacy-bath-salts-for-sale","22":"product_tag-smoking-bath-salts","23":"product_tag-vicks-bath-salts","24":"product_tag-what-are-bath-salts","25":"product_tag-what-are-bath-salts-drug","26":"product_tag-what-are-bath-salts-used-for","27":"product_tag-what-do-bath-salts-do","28":"product_tag-what-is-bath-salts","30":"first","31":"instock","32":"shipping-taxable","33":"purchasable","34":"product-type-variable"},"yoast_head":"<!-- This site is optimized with the Yoast SEO plugin v27.1.1 - https:\/\/yoast.com\/product\/yoast-seo-wordpress\/ -->\n<title>Sextacy Bath Salts - wholesale supplier of research chemicals, 4mmc, 3mmc, MDPHP, Alpha PVP and more<\/title>\n<meta name=\"robots\" content=\"index, follow, max-snippet:-1, max-image-preview:large, max-video-preview:-1\" \/>\n<link rel=\"canonical\" href=\"https:\/\/frcs-research.com\/es\/product\/sextacy-bath-salts\/\" \/>\n<meta property=\"og:locale\" content=\"es_ES\" \/>\n<meta property=\"og:type\" content=\"article\" \/>\n<meta property=\"og:title\" content=\"Sextacy Bath Salts - wholesale supplier of research chemicals, 4mmc, 3mmc, MDPHP, Alpha PVP and more\" \/>\n<meta property=\"og:description\" content=\"Sextacy Bath Salts Sextacy Bath Salts concentrated bath salt. However, relax and soak away with Sextacy. Add the contents to a hot bath to naturally soften the water which will&hellip;&euro;160.00 - &euro;720.00Rango de precios: desde &euro;160.00 hasta &euro;720.00Seleccionar opciones  Este producto tiene m\u00faltiples variantes. Las opciones se pueden elegir en la p\u00e1gina de producto\" \/>\n<meta property=\"og:url\" content=\"https:\/\/frcs-research.com\/es\/product\/sextacy-bath-salts\/\" \/>\n<meta property=\"og:site_name\" content=\"wholesale supplier of research chemicals, 4mmc, 3mmc, MDPHP, Alpha PVP and more\" \/>\n<meta property=\"article:modified_time\" content=\"2026-04-20T11:33:07+00:00\" \/>\n<meta name=\"twitter:card\" content=\"summary_large_image\" \/>\n<meta name=\"twitter:label1\" content=\"Disponibilidad\" \/>\n\t<meta name=\"twitter:data1\" content=\"Disponible\" \/>\n<script type=\"application\/ld+json\" class=\"yoast-schema-graph\">{\"@context\":\"https:\/\/schema.org\",\"@graph\":[{\"@type\":[\"WebPage\",\"ItemPage\"],\"@id\":\"https:\/\/frcs-research.com\/product\/sextacy-bath-salts\/\",\"url\":\"https:\/\/frcs-research.com\/product\/sextacy-bath-salts\/\",\"name\":\"Sextacy Bath Salts - wholesale supplier of research chemicals, 4mmc, 3mmc, MDPHP, Alpha PVP and more\",\"isPartOf\":{\"@id\":\"https:\/\/frcs-research.com\/#website\"},\"primaryImageOfPage\":{\"@id\":\"https:\/\/frcs-research.com\/product\/sextacy-bath-salts\/#primaryimage\"},\"image\":{\"@id\":\"https:\/\/frcs-research.com\/product\/sextacy-bath-salts\/#primaryimage\"},\"thumbnailUrl\":\"https:\/\/frcs-research.com\/wp-content\/uploads\/2026\/01\/Sextacy-Bath-Salts.jpg\",\"datePublished\":\"2026-01-29T18:52:33+00:00\",\"dateModified\":\"2026-04-20T11:33:07+00:00\",\"breadcrumb\":{\"@id\":\"https:\/\/frcs-research.com\/product\/sextacy-bath-salts\/#breadcrumb\"},\"inLanguage\":\"es\",\"potentialAction\":[{\"@type\":\"ReadAction\",\"target\":[\"https:\/\/frcs-research.com\/product\/sextacy-bath-salts\/\"]}]},{\"@type\":\"ImageObject\",\"inLanguage\":\"es\",\"@id\":\"https:\/\/frcs-research.com\/product\/sextacy-bath-salts\/#primaryimage\",\"url\":\"https:\/\/frcs-research.com\/wp-content\/uploads\/2026\/01\/Sextacy-Bath-Salts.jpg\",\"contentUrl\":\"https:\/\/frcs-research.com\/wp-content\/uploads\/2026\/01\/Sextacy-Bath-Salts.jpg\",\"width\":319,\"height\":445},{\"@type\":\"BreadcrumbList\",\"@id\":\"https:\/\/frcs-research.com\/product\/sextacy-bath-salts\/#breadcrumb\",\"itemListElement\":[{\"@type\":\"ListItem\",\"position\":1,\"name\":\"Home\",\"item\":\"https:\/\/frcs-research.com\/\"},{\"@type\":\"ListItem\",\"position\":2,\"name\":\"Shop\",\"item\":\"https:\/\/frcs-research.com\/shop\/\"},{\"@type\":\"ListItem\",\"position\":3,\"name\":\"Sextacy Bath Salts\"}]},{\"@type\":\"WebSite\",\"@id\":\"https:\/\/frcs-research.com\/#website\",\"url\":\"https:\/\/frcs-research.com\/\",\"name\":\"wholesale supplier of research chemicals, 4mmc, 3mmc, MDPHP, Alpha PVP and more\",\"description\":\"Wholesale research chemicals\",\"potentialAction\":[{\"@type\":\"SearchAction\",\"target\":{\"@type\":\"EntryPoint\",\"urlTemplate\":\"https:\/\/frcs-research.com\/?s={search_term_string}\"},\"query-input\":{\"@type\":\"PropertyValueSpecification\",\"valueRequired\":true,\"valueName\":\"search_term_string\"}}],\"inLanguage\":\"es\"}]}<\/script>\n<meta property=\"og:availability\" content=\"instock\" \/>\n<meta property=\"product:availability\" content=\"instock\" \/>\n<meta property=\"product:condition\" content=\"new\" \/>\n<!-- \/ Yoast SEO plugin. -->","yoast_head_json":{"title":"Sextacy Bath Salts - wholesale supplier of research chemicals, 4mmc, 3mmc, MDPHP, Alpha PVP and more","robots":{"index":"index","follow":"follow","max-snippet":"max-snippet:-1","max-image-preview":"max-image-preview:large","max-video-preview":"max-video-preview:-1"},"canonical":"https:\/\/frcs-research.com\/es\/product\/sextacy-bath-salts\/","og_locale":"es_ES","og_type":"article","og_title":"Sextacy Bath Salts - wholesale supplier of research chemicals, 4mmc, 3mmc, MDPHP, Alpha PVP and more","og_description":"Sextacy Bath Salts Sextacy Bath Salts concentrated bath salt. However, relax and soak away with Sextacy. Add the contents to a hot bath to naturally soften the water which will&hellip;&euro;160.00 - &euro;720.00Rango de precios: desde &euro;160.00 hasta &euro;720.00Seleccionar opciones  Este producto tiene m\u00faltiples variantes. Las opciones se pueden elegir en la p\u00e1gina de producto","og_url":"https:\/\/frcs-research.com\/es\/product\/sextacy-bath-salts\/","og_site_name":"wholesale supplier of research chemicals, 4mmc, 3mmc, MDPHP, Alpha PVP and more","article_modified_time":"2026-04-20T11:33:07+00:00","twitter_card":"summary_large_image","twitter_misc":{"Disponibilidad":"Disponible"},"schema":{"@context":"https:\/\/schema.org","@graph":[{"@type":["WebPage","ItemPage"],"@id":"https:\/\/frcs-research.com\/product\/sextacy-bath-salts\/","url":"https:\/\/frcs-research.com\/product\/sextacy-bath-salts\/","name":"Sextacy Bath Salts - wholesale supplier of research chemicals, 4mmc, 3mmc, MDPHP, Alpha PVP and more","isPartOf":{"@id":"https:\/\/frcs-research.com\/#website"},"primaryImageOfPage":{"@id":"https:\/\/frcs-research.com\/product\/sextacy-bath-salts\/#primaryimage"},"image":{"@id":"https:\/\/frcs-research.com\/product\/sextacy-bath-salts\/#primaryimage"},"thumbnailUrl":"https:\/\/frcs-research.com\/wp-content\/uploads\/2026\/01\/Sextacy-Bath-Salts.jpg","datePublished":"2026-01-29T18:52:33+00:00","dateModified":"2026-04-20T11:33:07+00:00","breadcrumb":{"@id":"https:\/\/frcs-research.com\/product\/sextacy-bath-salts\/#breadcrumb"},"inLanguage":"es","potentialAction":[{"@type":"ReadAction","target":["https:\/\/frcs-research.com\/product\/sextacy-bath-salts\/"]}]},{"@type":"ImageObject","inLanguage":"es","@id":"https:\/\/frcs-research.com\/product\/sextacy-bath-salts\/#primaryimage","url":"https:\/\/frcs-research.com\/wp-content\/uploads\/2026\/01\/Sextacy-Bath-Salts.jpg","contentUrl":"https:\/\/frcs-research.com\/wp-content\/uploads\/2026\/01\/Sextacy-Bath-Salts.jpg","width":319,"height":445},{"@type":"BreadcrumbList","@id":"https:\/\/frcs-research.com\/product\/sextacy-bath-salts\/#breadcrumb","itemListElement":[{"@type":"ListItem","position":1,"name":"Home","item":"https:\/\/frcs-research.com\/"},{"@type":"ListItem","position":2,"name":"Shop","item":"https:\/\/frcs-research.com\/shop\/"},{"@type":"ListItem","position":3,"name":"Sextacy Bath Salts"}]},{"@type":"WebSite","@id":"https:\/\/frcs-research.com\/#website","url":"https:\/\/frcs-research.com\/","name":"Proveedor mayorista de productos qu\u00edmicos de investigaci\u00f3n, 4 mmc, 3 mmc, MDPHP, Alpha PVP y m\u00e1s","description":"Productos qu\u00edmicos de investigaci\u00f3n al por mayor","potentialAction":[{"@type":"SearchAction","target":{"@type":"EntryPoint","urlTemplate":"https:\/\/frcs-research.com\/?s={search_term_string}"},"query-input":{"@type":"PropertyValueSpecification","valueRequired":true,"valueName":"search_term_string"}}],"inLanguage":"es"}]},"og_availability":"instock","product_availability":"instock","product_condition":"new"},"uagb_featured_image_src":{"full":["https:\/\/frcs-research.com\/wp-content\/uploads\/2026\/01\/Sextacy-Bath-Salts.jpg",319,445,false],"thumbnail":["https:\/\/frcs-research.com\/wp-content\/uploads\/2026\/01\/Sextacy-Bath-Salts-150x150.jpg",150,150,true],"medium":["https:\/\/frcs-research.com\/wp-content\/uploads\/2026\/01\/Sextacy-Bath-Salts-215x300.jpg",215,300,true],"medium_large":["https:\/\/frcs-research.com\/wp-content\/uploads\/2026\/01\/Sextacy-Bath-Salts.jpg",319,445,false],"large":["https:\/\/frcs-research.com\/wp-content\/uploads\/2026\/01\/Sextacy-Bath-Salts.jpg",319,445,false],"1536x1536":["https:\/\/frcs-research.com\/wp-content\/uploads\/2026\/01\/Sextacy-Bath-Salts.jpg",319,445,false],"2048x2048":["https:\/\/frcs-research.com\/wp-content\/uploads\/2026\/01\/Sextacy-Bath-Salts.jpg",319,445,false],"trp-custom-language-flag":["https:\/\/frcs-research.com\/wp-content\/uploads\/2026\/01\/Sextacy-Bath-Salts-9x12.jpg",9,12,true],"post-thumbnail":["https:\/\/frcs-research.com\/wp-content\/uploads\/2026\/01\/Sextacy-Bath-Salts.jpg",319,445,false],"elite-commerce-slider":["https:\/\/frcs-research.com\/wp-content\/uploads\/2026\/01\/Sextacy-Bath-Salts.jpg",319,445,false],"elite-commerce-hero":["https:\/\/frcs-research.com\/wp-content\/uploads\/2026\/01\/Sextacy-Bath-Salts.jpg",319,445,false],"elite-commerce-portfolio":["https:\/\/frcs-research.com\/wp-content\/uploads\/2026\/01\/Sextacy-Bath-Salts.jpg",319,445,false],"woocommerce_thumbnail":["https:\/\/frcs-research.com\/wp-content\/uploads\/2026\/01\/Sextacy-Bath-Salts-300x300.jpg",300,300,true],"woocommerce_single":["https:\/\/frcs-research.com\/wp-content\/uploads\/2026\/01\/Sextacy-Bath-Salts.jpg",319,445,false],"woocommerce_gallery_thumbnail":["https:\/\/frcs-research.com\/wp-content\/uploads\/2026\/01\/Sextacy-Bath-Salts-100x100.jpg",100,100,true]},"uagb_author_info":{"display_name":"Richard Wood","author_link":"https:\/\/frcs-research.com\/es\/author\/"},"uagb_comment_info":114,"uagb_excerpt":"Sextacy Bath Salts Sextacy Bath Salts concentrated bath salt. However, relax and soak away with Sextacy. Add the contents to a hot bath to naturally soften the water which will&hellip;&euro;160.00 - &euro;720.00Rango de precios: desde &euro;160.00 hasta &euro;720.00Seleccionar opciones Este producto tiene m\u00faltiples variantes. Las opciones se pueden elegir en la&hellip;","_links":{"self":[{"href":"https:\/\/frcs-research.com\/es\/wp-json\/wp\/v2\/product\/1113","targetHints":{"allow":["GET"]}}],"collection":[{"href":"https:\/\/frcs-research.com\/es\/wp-json\/wp\/v2\/product"}],"about":[{"href":"https:\/\/frcs-research.com\/es\/wp-json\/wp\/v2\/types\/product"}],"replies":[{"embeddable":true,"href":"https:\/\/frcs-research.com\/es\/wp-json\/wp\/v2\/comments?post=1113"}],"wp:featuredmedia":[{"embeddable":true,"href":"https:\/\/frcs-research.com\/es\/wp-json\/wp\/v2\/media\/1135"}],"wp:attachment":[{"href":"https:\/\/frcs-research.com\/es\/wp-json\/wp\/v2\/media?parent=1113"}],"wp:term":[{"taxonomy":"product_brand","embeddable":true,"href":"https:\/\/frcs-research.com\/es\/wp-json\/wp\/v2\/product_brand?post=1113"},{"taxonomy":"product_cat","embeddable":true,"href":"https:\/\/frcs-research.com\/es\/wp-json\/wp\/v2\/product_cat?post=1113"},{"taxonomy":"product_tag","embeddable":true,"href":"https:\/\/frcs-research.com\/es\/wp-json\/wp\/v2\/product_tag?post=1113"}],"curies":[{"name":"wp","href":"https:\/\/api.w.org\/{rel}","templated":true}]}}