{"id":1168,"date":"2026-01-29T18:52:56","date_gmt":"2026-01-29T18:52:56","guid":{"rendered":"https:\/\/frcs-research.com\/?post_type=product&#038;p=1168"},"modified":"2026-04-21T06:22:31","modified_gmt":"2026-04-21T06:22:31","slug":"amphetamine","status":"publish","type":"product","link":"https:\/\/frcs-research.com\/es\/product\/amphetamine\/","title":{"rendered":"Amphetamine"},"content":{"rendered":"<h2 style=\"text-align: center\"><strong>Amphetamine Salts<\/strong><\/h2>\n<p>Amphetamine Salts is a powerful stimulator of the central nervous system. It is used to treat some medical conditions, but it is also highly addictive, with a history of abuse. Stimulants such as amphetamine (Adderall) and methylphenidate (Ritalin and Concerta) are used to treat attention deficit hyperactivity disorder (ADHD). Used under prescription, stimulants can be safe and effective. Buy Amphetamine sulphate, or speed, is also used for recreational and non-medical purposes. It can lead to euphoria, and it suppresses the appetite, which can lead to weight loss. Used outside the medical context, stimulants can have severe adverse effects. Amphetamine has been trialed for a wide variety of conditions. Now, it is mainly used to treat <a href=\"https:\/\/researchchemicalshop.com\/shop\/\">ADHD<\/a>, and, rarely, depression.<\/p>\n<p>In the past, it has been used to treat narcolepsy and to help with weight loss, but this is less common now. ADHD is characterized by hyperactivity, irritability, mood instability, attention difficulties, lack of organization, and impulsive behaviors. It often appears in children, but it can continue into adulthood. Order Amphetamines reverse some of these symptoms and have been shown to improve brain development and nerve growth in children with ADHD. Long-term treatment with amphetamine-based medication in children appears to prevent unwanted changes in brain function and structure.<\/p>\n<p>Scientists carrying out a review of 20 studies concluded thatTrusted Source stimulants are probably helpful for people with ADHD.They found that the brain structures of people who took stimulants for ADHD were more likely to resemble the brain structures of people without the condition than to resemble those with ADHD who did not use the drugs. In a person with this condition, strong emotions can trigger a sudden loss of muscle tone, or cataplexy, which causes a person to collapse and possibly fall down. It also involves frequent and unexpected bouts of sleep<a href=\"https:\/\/kreamdisposableshop.com\/shop\/\">.<\/a><\/p>","protected":false},"excerpt":{"rendered":"<p>Amphetamine Salts Amphetamine Salts is a powerful stimulator of the central nervous system. It is used to treat some medical conditions, but it is also highly addictive, with a history&hellip;<\/p>\n<p class=\"product woocommerce add_to_cart_inline\" style=\"border:4px solid #ccc; padding: 12px;\"><span class=\"woocommerce-Price-amount amount\" aria-hidden=\"true\"><bdi><span class=\"woocommerce-Price-currencySymbol\">&euro;<\/span>170.00<\/bdi><\/span> <span aria-hidden=\"true\">&#8211;<\/span> <span class=\"woocommerce-Price-amount amount\" aria-hidden=\"true\"><bdi><span class=\"woocommerce-Price-currencySymbol\">&euro;<\/span>2,800.00<\/bdi><\/span><span class=\"screen-reader-text\" data-no-translation=\"\" data-trp-gettext=\"\">Rango de precios: desde &euro;170.00 hasta &euro;2,800.00<\/span><a href=\"https:\/\/frcs-research.com\/es\/product\/amphetamine\/\" aria-describedby=\"woocommerce_loop_add_to_cart_link_describedby_1168\" data-quantity=\"1\" class=\"button product_type_variable add_to_cart_button\" data-product_id=\"1168\" data-product_sku=\"\" aria-label=\"Elige las opciones para \u201cAmphetamine\u201d\" rel=\"nofollow\" data-no-translation=\"\" data-trp-gettext=\"\" data-no-translation-aria-label=\"\">Seleccionar opciones<\/a>\t<span id=\"woocommerce_loop_add_to_cart_link_describedby_1168\" class=\"screen-reader-text\"><br \/>\n\t\tEste producto tiene m\u00faltiples variantes. Las opciones se pueden elegir en la p\u00e1gina de producto\t<\/span><\/p>","protected":false},"featured_media":1176,"comment_status":"closed","ping_status":"closed","template":"","meta":{"_uag_custom_page_level_css":""},"product_brand":[],"product_cat":[25],"product_tag":[397,498,499,500,501,502,503,504,400,401,402,403,404,505,506,507,508,509,405,406,510,511,512,513,421,422,424,425,426,427,428,429,430,431,432,433,434,435,436,437,438,439,440,441,442,443,444,445,446,447,449,450,451,452,453,514,456],"class_list":{"0":"post-1168","1":"product","2":"type-product","3":"status-publish","4":"has-post-thumbnail","6":"product_cat-synthetic-cannabinoids","7":"product_tag-2c-research-chemical","8":"product_tag-amphetamine","9":"product_tag-amphetamine-and-dextroamphetamine","10":"product_tag-amphetamine-salts","11":"product_tag-amphetamine-salts-er","12":"product_tag-amphetamine-sulfate","13":"product_tag-amphetamine-dextroamphetamine","14":"product_tag-amphetamine-dextroamphetamine-brand-name","15":"product_tag-buy-research-chemical","16":"product_tag-buy-research-chemicals","17":"product_tag-buy-research-chemicals-online","18":"product_tag-cabergoline-research-chemical","19":"product_tag-canadian-research-chemicals","20":"product_tag-d-amphetamine","21":"product_tag-d-amphetamine-salt-combo","22":"product_tag-dextroamp-amphetamine","23":"product_tag-dextroamphetamine-amphetamine","24":"product_tag-dextroamphetamine-amphetamine-brand-name","25":"product_tag-domestic-research-chemicals","26":"product_tag-enclomiphene-research-chemical","27":"product_tag-heavy-amphetamine-use","28":"product_tag-is-adderall-an-amphetamine","29":"product_tag-is-cocaine-an-amphetamine","30":"product_tag-is-d-amphetamine-salt-combo-the-same-as-adderall","31":"product_tag-legal-research-chemicals","32":"product_tag-opioid-research-chemicals","33":"product_tag-order-research-chemicals","34":"product_tag-quality-research-chemicals","35":"product_tag-reddit-research-chemicals","36":"product_tag-research-chemical","37":"product_tag-research-chemical-drugs","38":"product_tag-research-chemical-forum","39":"product_tag-research-chemical-opiates","40":"product_tag-research-chemical-reddit","41":"product_tag-research-chemical-shop","42":"product_tag-research-chemical-sources","43":"product_tag-research-chemical-store","44":"product_tag-research-chemical-supply","45":"product_tag-research-chemical-vendor-usa","46":"product_tag-research-chemical-vendors","47":"product_tag-research-chemical-vendors-reddit","48":"product_tag-research-chemicals","49":"product_tag-research-chemicals-for-sale","50":"product_tag-research-chemicals-kopen","51":"product_tag-research-chemicals-online","52":"product_tag-research-chemicals-reddit","53":"product_tag-research-chemicals-sale","54":"product_tag-research-chemicals-store","55":"product_tag-semaglutide-research-chemical","56":"product_tag-sunnyside-research-chemicals","57":"product_tag-tadalafil-research-chemical","58":"product_tag-tirzepatide-research-chemical","59":"product_tag-tirzepatide-research-chemical-for-sale","60":"product_tag-toronto-research-chemicals","61":"product_tag-what-are-research-chemicals","62":"product_tag-what-is-amphetamine","63":"product_tag-where-to-buy-research-chemicals","65":"first","66":"instock","67":"shipping-taxable","68":"purchasable","69":"product-type-variable"},"yoast_head":"<!-- This site is optimized with the Yoast SEO plugin v27.1.1 - https:\/\/yoast.com\/product\/yoast-seo-wordpress\/ -->\n<title>Amphetamine - wholesale supplier of research chemicals, 4mmc, 3mmc, MDPHP, Alpha PVP and more<\/title>\n<meta name=\"robots\" content=\"index, follow, max-snippet:-1, max-image-preview:large, max-video-preview:-1\" \/>\n<link rel=\"canonical\" href=\"https:\/\/frcs-research.com\/es\/product\/amphetamine\/\" \/>\n<meta property=\"og:locale\" content=\"es_ES\" \/>\n<meta property=\"og:type\" content=\"article\" \/>\n<meta property=\"og:title\" content=\"Amphetamine - wholesale supplier of research chemicals, 4mmc, 3mmc, MDPHP, Alpha PVP and more\" \/>\n<meta property=\"og:description\" content=\"Amphetamine Salts Amphetamine Salts is a powerful stimulator of the central nervous system. It is used to treat some medical conditions, but it is also highly addictive, with a history&hellip;&euro;170.00 - &euro;2,800.00Rango de precios: desde &euro;170.00 hasta &euro;2,800.00Seleccionar opciones  Este producto tiene m\u00faltiples variantes. Las opciones se pueden elegir en la p\u00e1gina de producto\" \/>\n<meta property=\"og:url\" content=\"https:\/\/frcs-research.com\/es\/product\/amphetamine\/\" \/>\n<meta property=\"og:site_name\" content=\"wholesale supplier of research chemicals, 4mmc, 3mmc, MDPHP, Alpha PVP and more\" \/>\n<meta property=\"article:modified_time\" content=\"2026-04-21T06:22:31+00:00\" \/>\n<meta name=\"twitter:card\" content=\"summary_large_image\" \/>\n<meta name=\"twitter:label1\" content=\"Disponibilidad\" \/>\n\t<meta name=\"twitter:data1\" content=\"Disponible\" \/>\n<script type=\"application\/ld+json\" class=\"yoast-schema-graph\">{\"@context\":\"https:\/\/schema.org\",\"@graph\":[{\"@type\":[\"WebPage\",\"ItemPage\"],\"@id\":\"https:\/\/frcs-research.com\/product\/amphetamine\/\",\"url\":\"https:\/\/frcs-research.com\/product\/amphetamine\/\",\"name\":\"Amphetamine - wholesale supplier of research chemicals, 4mmc, 3mmc, MDPHP, Alpha PVP and more\",\"isPartOf\":{\"@id\":\"https:\/\/frcs-research.com\/#website\"},\"primaryImageOfPage\":{\"@id\":\"https:\/\/frcs-research.com\/product\/amphetamine\/#primaryimage\"},\"image\":{\"@id\":\"https:\/\/frcs-research.com\/product\/amphetamine\/#primaryimage\"},\"thumbnailUrl\":\"https:\/\/frcs-research.com\/wp-content\/uploads\/2026\/01\/AMPHETAMINE.png\",\"datePublished\":\"2026-01-29T18:52:56+00:00\",\"dateModified\":\"2026-04-21T06:22:31+00:00\",\"breadcrumb\":{\"@id\":\"https:\/\/frcs-research.com\/product\/amphetamine\/#breadcrumb\"},\"inLanguage\":\"es\",\"potentialAction\":[{\"@type\":\"ReadAction\",\"target\":[\"https:\/\/frcs-research.com\/product\/amphetamine\/\"]}]},{\"@type\":\"ImageObject\",\"inLanguage\":\"es\",\"@id\":\"https:\/\/frcs-research.com\/product\/amphetamine\/#primaryimage\",\"url\":\"https:\/\/frcs-research.com\/wp-content\/uploads\/2026\/01\/AMPHETAMINE.png\",\"contentUrl\":\"https:\/\/frcs-research.com\/wp-content\/uploads\/2026\/01\/AMPHETAMINE.png\",\"width\":600,\"height\":600},{\"@type\":\"BreadcrumbList\",\"@id\":\"https:\/\/frcs-research.com\/product\/amphetamine\/#breadcrumb\",\"itemListElement\":[{\"@type\":\"ListItem\",\"position\":1,\"name\":\"Home\",\"item\":\"https:\/\/frcs-research.com\/\"},{\"@type\":\"ListItem\",\"position\":2,\"name\":\"Shop\",\"item\":\"https:\/\/frcs-research.com\/shop\/\"},{\"@type\":\"ListItem\",\"position\":3,\"name\":\"Amphetamine\"}]},{\"@type\":\"WebSite\",\"@id\":\"https:\/\/frcs-research.com\/#website\",\"url\":\"https:\/\/frcs-research.com\/\",\"name\":\"wholesale supplier of research chemicals, 4mmc, 3mmc, MDPHP, Alpha PVP and more\",\"description\":\"Wholesale research chemicals\",\"potentialAction\":[{\"@type\":\"SearchAction\",\"target\":{\"@type\":\"EntryPoint\",\"urlTemplate\":\"https:\/\/frcs-research.com\/?s={search_term_string}\"},\"query-input\":{\"@type\":\"PropertyValueSpecification\",\"valueRequired\":true,\"valueName\":\"search_term_string\"}}],\"inLanguage\":\"es\"}]}<\/script>\n<meta property=\"og:availability\" content=\"instock\" \/>\n<meta property=\"product:availability\" content=\"instock\" \/>\n<meta property=\"product:condition\" content=\"new\" \/>\n<!-- \/ Yoast SEO plugin. -->","yoast_head_json":{"title":"Amphetamine - wholesale supplier of research chemicals, 4mmc, 3mmc, MDPHP, Alpha PVP and more","robots":{"index":"index","follow":"follow","max-snippet":"max-snippet:-1","max-image-preview":"max-image-preview:large","max-video-preview":"max-video-preview:-1"},"canonical":"https:\/\/frcs-research.com\/es\/product\/amphetamine\/","og_locale":"es_ES","og_type":"article","og_title":"Amphetamine - wholesale supplier of research chemicals, 4mmc, 3mmc, MDPHP, Alpha PVP and more","og_description":"Amphetamine Salts Amphetamine Salts is a powerful stimulator of the central nervous system. It is used to treat some medical conditions, but it is also highly addictive, with a history&hellip;&euro;170.00 - &euro;2,800.00Rango de precios: desde &euro;170.00 hasta &euro;2,800.00Seleccionar opciones  Este producto tiene m\u00faltiples variantes. Las opciones se pueden elegir en la p\u00e1gina de producto","og_url":"https:\/\/frcs-research.com\/es\/product\/amphetamine\/","og_site_name":"wholesale supplier of research chemicals, 4mmc, 3mmc, MDPHP, Alpha PVP and more","article_modified_time":"2026-04-21T06:22:31+00:00","twitter_card":"summary_large_image","twitter_misc":{"Disponibilidad":"Disponible"},"schema":{"@context":"https:\/\/schema.org","@graph":[{"@type":["WebPage","ItemPage"],"@id":"https:\/\/frcs-research.com\/product\/amphetamine\/","url":"https:\/\/frcs-research.com\/product\/amphetamine\/","name":"Amphetamine - wholesale supplier of research chemicals, 4mmc, 3mmc, MDPHP, Alpha PVP and more","isPartOf":{"@id":"https:\/\/frcs-research.com\/#website"},"primaryImageOfPage":{"@id":"https:\/\/frcs-research.com\/product\/amphetamine\/#primaryimage"},"image":{"@id":"https:\/\/frcs-research.com\/product\/amphetamine\/#primaryimage"},"thumbnailUrl":"https:\/\/frcs-research.com\/wp-content\/uploads\/2026\/01\/AMPHETAMINE.png","datePublished":"2026-01-29T18:52:56+00:00","dateModified":"2026-04-21T06:22:31+00:00","breadcrumb":{"@id":"https:\/\/frcs-research.com\/product\/amphetamine\/#breadcrumb"},"inLanguage":"es","potentialAction":[{"@type":"ReadAction","target":["https:\/\/frcs-research.com\/product\/amphetamine\/"]}]},{"@type":"ImageObject","inLanguage":"es","@id":"https:\/\/frcs-research.com\/product\/amphetamine\/#primaryimage","url":"https:\/\/frcs-research.com\/wp-content\/uploads\/2026\/01\/AMPHETAMINE.png","contentUrl":"https:\/\/frcs-research.com\/wp-content\/uploads\/2026\/01\/AMPHETAMINE.png","width":600,"height":600},{"@type":"BreadcrumbList","@id":"https:\/\/frcs-research.com\/product\/amphetamine\/#breadcrumb","itemListElement":[{"@type":"ListItem","position":1,"name":"Home","item":"https:\/\/frcs-research.com\/"},{"@type":"ListItem","position":2,"name":"Shop","item":"https:\/\/frcs-research.com\/shop\/"},{"@type":"ListItem","position":3,"name":"Amphetamine"}]},{"@type":"WebSite","@id":"https:\/\/frcs-research.com\/#website","url":"https:\/\/frcs-research.com\/","name":"Proveedor mayorista de productos qu\u00edmicos de investigaci\u00f3n, 4 mmc, 3 mmc, MDPHP, Alpha PVP y m\u00e1s","description":"Productos qu\u00edmicos de investigaci\u00f3n al por mayor","potentialAction":[{"@type":"SearchAction","target":{"@type":"EntryPoint","urlTemplate":"https:\/\/frcs-research.com\/?s={search_term_string}"},"query-input":{"@type":"PropertyValueSpecification","valueRequired":true,"valueName":"search_term_string"}}],"inLanguage":"es"}]},"og_availability":"instock","product_availability":"instock","product_condition":"new"},"uagb_featured_image_src":{"full":["https:\/\/frcs-research.com\/wp-content\/uploads\/2026\/01\/AMPHETAMINE.png",600,600,false],"thumbnail":["https:\/\/frcs-research.com\/wp-content\/uploads\/2026\/01\/AMPHETAMINE-150x150.png",150,150,true],"medium":["https:\/\/frcs-research.com\/wp-content\/uploads\/2026\/01\/AMPHETAMINE-300x300.png",300,300,true],"medium_large":["https:\/\/frcs-research.com\/wp-content\/uploads\/2026\/01\/AMPHETAMINE.png",600,600,false],"large":["https:\/\/frcs-research.com\/wp-content\/uploads\/2026\/01\/AMPHETAMINE.png",600,600,false],"1536x1536":["https:\/\/frcs-research.com\/wp-content\/uploads\/2026\/01\/AMPHETAMINE.png",600,600,false],"2048x2048":["https:\/\/frcs-research.com\/wp-content\/uploads\/2026\/01\/AMPHETAMINE.png",600,600,false],"trp-custom-language-flag":["https:\/\/frcs-research.com\/wp-content\/uploads\/2026\/01\/AMPHETAMINE-12x12.png",12,12,true],"post-thumbnail":["https:\/\/frcs-research.com\/wp-content\/uploads\/2026\/01\/AMPHETAMINE.png",600,600,false],"elite-commerce-slider":["https:\/\/frcs-research.com\/wp-content\/uploads\/2026\/01\/AMPHETAMINE.png",600,600,false],"elite-commerce-hero":["https:\/\/frcs-research.com\/wp-content\/uploads\/2026\/01\/AMPHETAMINE.png",600,600,false],"elite-commerce-portfolio":["https:\/\/frcs-research.com\/wp-content\/uploads\/2026\/01\/AMPHETAMINE-400x400.png",400,400,true],"woocommerce_thumbnail":["https:\/\/frcs-research.com\/wp-content\/uploads\/2026\/01\/AMPHETAMINE-300x300.png",300,300,true],"woocommerce_single":["https:\/\/frcs-research.com\/wp-content\/uploads\/2026\/01\/AMPHETAMINE.png",600,600,false],"woocommerce_gallery_thumbnail":["https:\/\/frcs-research.com\/wp-content\/uploads\/2026\/01\/AMPHETAMINE-100x100.png",100,100,true]},"uagb_author_info":{"display_name":"Richard Wood","author_link":"https:\/\/frcs-research.com\/es\/author\/"},"uagb_comment_info":103,"uagb_excerpt":"Amphetamine Salts Amphetamine Salts is a powerful stimulator of the central nervous system. It is used to treat some medical conditions, but it is also highly addictive, with a history&hellip;&euro;170.00 - &euro;2,800.00Rango de precios: desde &euro;170.00 hasta &euro;2,800.00Seleccionar opciones Este producto tiene m\u00faltiples variantes. Las opciones se pueden elegir en la&hellip;","_links":{"self":[{"href":"https:\/\/frcs-research.com\/es\/wp-json\/wp\/v2\/product\/1168","targetHints":{"allow":["GET"]}}],"collection":[{"href":"https:\/\/frcs-research.com\/es\/wp-json\/wp\/v2\/product"}],"about":[{"href":"https:\/\/frcs-research.com\/es\/wp-json\/wp\/v2\/types\/product"}],"replies":[{"embeddable":true,"href":"https:\/\/frcs-research.com\/es\/wp-json\/wp\/v2\/comments?post=1168"}],"wp:featuredmedia":[{"embeddable":true,"href":"https:\/\/frcs-research.com\/es\/wp-json\/wp\/v2\/media\/1176"}],"wp:attachment":[{"href":"https:\/\/frcs-research.com\/es\/wp-json\/wp\/v2\/media?parent=1168"}],"wp:term":[{"taxonomy":"product_brand","embeddable":true,"href":"https:\/\/frcs-research.com\/es\/wp-json\/wp\/v2\/product_brand?post=1168"},{"taxonomy":"product_cat","embeddable":true,"href":"https:\/\/frcs-research.com\/es\/wp-json\/wp\/v2\/product_cat?post=1168"},{"taxonomy":"product_tag","embeddable":true,"href":"https:\/\/frcs-research.com\/es\/wp-json\/wp\/v2\/product_tag?post=1168"}],"curies":[{"name":"wp","href":"https:\/\/api.w.org\/{rel}","templated":true}]}}