{"id":1188,"date":"2026-01-29T18:53:14","date_gmt":"2026-01-29T18:53:14","guid":{"rendered":"https:\/\/frcs-research.com\/?post_type=product&#038;p=1188"},"modified":"2026-04-20T23:22:28","modified_gmt":"2026-04-20T23:22:28","slug":"lsd-powder-crystal","status":"publish","type":"product","link":"https:\/\/frcs-research.com\/es\/product\/lsd-powder-crystal\/","title":{"rendered":"LSD Powder Crystal"},"content":{"rendered":"<h2 style=\"text-align: center\"><strong>LSD Crystal Online<\/strong><\/h2>\n<p>LSD Crystal is one of the most potent, mood-changing chemicals. It is manufactured from lysergic acid, which is found in the ergot fungus that grows on rye and other grains. It is produced in crystal <a href=\"https:\/\/researchchemicalshop.com\/shop\/\">form<\/a> in illegal laboratories, mainly in the United States. These crystals are converted to a liquid for distribution. It is odorless, colorless, and has a slightly bitter taste. LSD Blotter users call an LSD experience a \u201ctrip,\u201d typically lasting twelve hours or so. When things go wrong, which often happens, it is called a \u201cbad trip,\u201d another name for a living hell.<\/p>\n<p>In its pure state, LSD is a white odourless crystalline substance. However, LSD is so potent that an effective dose of pure drug is so small it is virtually invisible. LSD Powder (Crystals), As a result it is usually diluted with other materials. The most common form of LSD, is drops of LSD solution dried onto gelatin sheets, pieces of blotting paper or sugar cubes, which release the drug when they are swallowed. LSD is also sometimes sold as a liquid, in a tablet or in capsules<a href=\"https:\/\/frydcartsdisposableshop.com\/shop\/\">.<\/a><\/p>\n<p><strong>In addition ,There is no safe level of drug use<\/strong>.<\/p>\n<p>Use of any drug always carries some risk. It\u2019s important to be careful when taking any type of drug.<\/p>\n<p>LSD can affect everyone differently, based on:<\/p>\n<ul>\n<li>Size, weight, body type and health.<\/li>\n<li>Whether the person is use to taking it<\/li>\n<li>Whether other drugs are take around the same time<\/li>\n<li>The amount take<\/li>\n<li>The strength of the drug (varies from batch to batch)<\/li>\n<\/ul>\n<p>Lastly, Sometimes you can experience a \u2018bad trip\u2019 , involving a disturbing hallucination. This can lead to panic and risky behaviour, like running across a road or attempting self-harm. We have the best research chemicals, bath salts for you today at our store.<\/p>","protected":false},"excerpt":{"rendered":"<p>LSD Crystal Online LSD Crystal is one of the most potent, mood-changing chemicals. It is manufactured from lysergic acid, which is found in the ergot fungus that grows on rye&hellip;<\/p>\n<p class=\"product woocommerce add_to_cart_inline\" style=\"border:4px solid #ccc; padding: 12px;\"><span class=\"woocommerce-Price-amount amount\" aria-hidden=\"true\"><bdi><span class=\"woocommerce-Price-currencySymbol\">&euro;<\/span>170.00<\/bdi><\/span> <span aria-hidden=\"true\">&#8211;<\/span> <span class=\"woocommerce-Price-amount amount\" aria-hidden=\"true\"><bdi><span class=\"woocommerce-Price-currencySymbol\">&euro;<\/span>2,800.00<\/bdi><\/span><span class=\"screen-reader-text\" data-no-translation=\"\" data-trp-gettext=\"\">Rango de precios: desde &euro;170.00 hasta &euro;2,800.00<\/span><a href=\"https:\/\/frcs-research.com\/es\/product\/lsd-powder-crystal\/\" aria-describedby=\"woocommerce_loop_add_to_cart_link_describedby_1188\" data-quantity=\"1\" class=\"button product_type_variable add_to_cart_button\" data-product_id=\"1188\" data-product_sku=\"\" aria-label=\"Elige las opciones para \u201cLSD Powder Crystal\u201d\" rel=\"nofollow\" data-no-translation=\"\" data-trp-gettext=\"\" data-no-translation-aria-label=\"\">Seleccionar opciones<\/a>\t<span id=\"woocommerce_loop_add_to_cart_link_describedby_1188\" class=\"screen-reader-text\"><br \/>\n\t\tEste producto tiene m\u00faltiples variantes. Las opciones se pueden elegir en la p\u00e1gina de producto\t<\/span><\/p>","protected":false},"featured_media":1208,"comment_status":"closed","ping_status":"closed","template":"","meta":{"_uag_custom_page_level_css":""},"product_brand":[],"product_cat":[25],"product_tag":[397,518,519,400,401,402,403,404,520,405,406,521,421,522,523,524,525,526,527,528,529,530,531,532,533,534,422,424,535,536,425,537,426,427,428,429,430,431,432,433,434,435,436,437,438,439,440,441,442,443,444,445,446,447,449,450,451,452,538,453,456],"class_list":{"0":"post-1188","1":"product","2":"type-product","3":"status-publish","4":"has-post-thumbnail","6":"product_cat-synthetic-cannabinoids","7":"product_tag-2c-research-chemical","8":"product_tag-acid-lsd-crystal","9":"product_tag-aztec-lsd-crystal","10":"product_tag-buy-research-chemical","11":"product_tag-buy-research-chemicals","12":"product_tag-buy-research-chemicals-online","13":"product_tag-cabergoline-research-chemical","14":"product_tag-canadian-research-chemicals","15":"product_tag-different-types-of-lsd-crystal","16":"product_tag-domestic-research-chemicals","17":"product_tag-enclomiphene-research-chemical","18":"product_tag-how-to-make-lsd-crystal","19":"product_tag-legal-research-chemicals","20":"product_tag-lsd-crystal","21":"product_tag-lsd-crystal-family","22":"product_tag-lsd-crystal-form","23":"product_tag-lsd-crystal-pictures","24":"product_tag-lsd-crystal-reddit","25":"product_tag-lsd-crystal-structure","26":"product_tag-lsd-crystal-tab","27":"product_tag-lsd-crystal-thumbprint","28":"product_tag-lsd-crystal-to-blotter","29":"product_tag-lsd-crystal-to-liquid","30":"product_tag-lsd-crystal-under-microscope","31":"product_tag-lsd-powder-crystal","32":"product_tag-making-lsd-crystal","33":"product_tag-opioid-research-chemicals","34":"product_tag-order-research-chemicals","35":"product_tag-pink-lsd-crystal","36":"product_tag-pure-lsd-crystal","37":"product_tag-quality-research-chemicals","38":"product_tag-raw-lsd-crystal","39":"product_tag-reddit-research-chemicals","40":"product_tag-research-chemical","41":"product_tag-research-chemical-drugs","42":"product_tag-research-chemical-forum","43":"product_tag-research-chemical-opiates","44":"product_tag-research-chemical-reddit","45":"product_tag-research-chemical-shop","46":"product_tag-research-chemical-sources","47":"product_tag-research-chemical-store","48":"product_tag-research-chemical-supply","49":"product_tag-research-chemical-vendor-usa","50":"product_tag-research-chemical-vendors","51":"product_tag-research-chemical-vendors-reddit","52":"product_tag-research-chemicals","53":"product_tag-research-chemicals-for-sale","54":"product_tag-research-chemicals-kopen","55":"product_tag-research-chemicals-online","56":"product_tag-research-chemicals-reddit","57":"product_tag-research-chemicals-sale","58":"product_tag-research-chemicals-store","59":"product_tag-semaglutide-research-chemical","60":"product_tag-sunnyside-research-chemicals","61":"product_tag-tadalafil-research-chemical","62":"product_tag-tirzepatide-research-chemical","63":"product_tag-tirzepatide-research-chemical-for-sale","64":"product_tag-toronto-research-chemicals","65":"product_tag-types-of-lsd-crystal","66":"product_tag-what-are-research-chemicals","67":"product_tag-where-to-buy-research-chemicals","69":"first","70":"instock","71":"shipping-taxable","72":"purchasable","73":"product-type-variable"},"yoast_head":"<!-- This site is optimized with the Yoast SEO plugin v27.1.1 - https:\/\/yoast.com\/product\/yoast-seo-wordpress\/ -->\n<title>LSD Powder Crystal - wholesale supplier of research chemicals, 4mmc, 3mmc, MDPHP, Alpha PVP and more<\/title>\n<meta name=\"robots\" content=\"index, follow, max-snippet:-1, max-image-preview:large, max-video-preview:-1\" \/>\n<link rel=\"canonical\" href=\"https:\/\/frcs-research.com\/es\/product\/lsd-powder-crystal\/\" \/>\n<meta property=\"og:locale\" content=\"es_ES\" \/>\n<meta property=\"og:type\" content=\"article\" \/>\n<meta property=\"og:title\" content=\"LSD Powder Crystal - wholesale supplier of research chemicals, 4mmc, 3mmc, MDPHP, Alpha PVP and more\" \/>\n<meta property=\"og:description\" content=\"LSD Crystal Online LSD Crystal is one of the most potent, mood-changing chemicals. It is manufactured from lysergic acid, which is found in the ergot fungus that grows on rye&hellip;&euro;170.00 - &euro;2,800.00Rango de precios: desde &euro;170.00 hasta &euro;2,800.00Seleccionar opciones  Este producto tiene m\u00faltiples variantes. Las opciones se pueden elegir en la p\u00e1gina de producto\" \/>\n<meta property=\"og:url\" content=\"https:\/\/frcs-research.com\/es\/product\/lsd-powder-crystal\/\" \/>\n<meta property=\"og:site_name\" content=\"wholesale supplier of research chemicals, 4mmc, 3mmc, MDPHP, Alpha PVP and more\" \/>\n<meta property=\"article:modified_time\" content=\"2026-04-20T23:22:28+00:00\" \/>\n<meta name=\"twitter:card\" content=\"summary_large_image\" \/>\n<meta name=\"twitter:label1\" content=\"Disponibilidad\" \/>\n\t<meta name=\"twitter:data1\" content=\"Disponible\" \/>\n<script type=\"application\/ld+json\" class=\"yoast-schema-graph\">{\"@context\":\"https:\/\/schema.org\",\"@graph\":[{\"@type\":[\"WebPage\",\"ItemPage\"],\"@id\":\"https:\/\/frcs-research.com\/product\/lsd-powder-crystal\/\",\"url\":\"https:\/\/frcs-research.com\/product\/lsd-powder-crystal\/\",\"name\":\"LSD Powder Crystal - wholesale supplier of research chemicals, 4mmc, 3mmc, MDPHP, Alpha PVP and more\",\"isPartOf\":{\"@id\":\"https:\/\/frcs-research.com\/#website\"},\"primaryImageOfPage\":{\"@id\":\"https:\/\/frcs-research.com\/product\/lsd-powder-crystal\/#primaryimage\"},\"image\":{\"@id\":\"https:\/\/frcs-research.com\/product\/lsd-powder-crystal\/#primaryimage\"},\"thumbnailUrl\":\"https:\/\/frcs-research.com\/wp-content\/uploads\/2026\/01\/LSD-POWDER-CRYSTAL-.png\",\"datePublished\":\"2026-01-29T18:53:14+00:00\",\"dateModified\":\"2026-04-20T23:22:28+00:00\",\"breadcrumb\":{\"@id\":\"https:\/\/frcs-research.com\/product\/lsd-powder-crystal\/#breadcrumb\"},\"inLanguage\":\"es\",\"potentialAction\":[{\"@type\":\"ReadAction\",\"target\":[\"https:\/\/frcs-research.com\/product\/lsd-powder-crystal\/\"]}]},{\"@type\":\"ImageObject\",\"inLanguage\":\"es\",\"@id\":\"https:\/\/frcs-research.com\/product\/lsd-powder-crystal\/#primaryimage\",\"url\":\"https:\/\/frcs-research.com\/wp-content\/uploads\/2026\/01\/LSD-POWDER-CRYSTAL-.png\",\"contentUrl\":\"https:\/\/frcs-research.com\/wp-content\/uploads\/2026\/01\/LSD-POWDER-CRYSTAL-.png\",\"width\":300,\"height\":434},{\"@type\":\"BreadcrumbList\",\"@id\":\"https:\/\/frcs-research.com\/product\/lsd-powder-crystal\/#breadcrumb\",\"itemListElement\":[{\"@type\":\"ListItem\",\"position\":1,\"name\":\"Home\",\"item\":\"https:\/\/frcs-research.com\/\"},{\"@type\":\"ListItem\",\"position\":2,\"name\":\"Shop\",\"item\":\"https:\/\/frcs-research.com\/shop\/\"},{\"@type\":\"ListItem\",\"position\":3,\"name\":\"LSD Powder Crystal\"}]},{\"@type\":\"WebSite\",\"@id\":\"https:\/\/frcs-research.com\/#website\",\"url\":\"https:\/\/frcs-research.com\/\",\"name\":\"wholesale supplier of research chemicals, 4mmc, 3mmc, MDPHP, Alpha PVP and more\",\"description\":\"Wholesale research chemicals\",\"potentialAction\":[{\"@type\":\"SearchAction\",\"target\":{\"@type\":\"EntryPoint\",\"urlTemplate\":\"https:\/\/frcs-research.com\/?s={search_term_string}\"},\"query-input\":{\"@type\":\"PropertyValueSpecification\",\"valueRequired\":true,\"valueName\":\"search_term_string\"}}],\"inLanguage\":\"es\"}]}<\/script>\n<meta property=\"og:availability\" content=\"instock\" \/>\n<meta property=\"product:availability\" content=\"instock\" \/>\n<meta property=\"product:condition\" content=\"new\" \/>\n<!-- \/ Yoast SEO plugin. -->","yoast_head_json":{"title":"LSD Powder Crystal - wholesale supplier of research chemicals, 4mmc, 3mmc, MDPHP, Alpha PVP and more","robots":{"index":"index","follow":"follow","max-snippet":"max-snippet:-1","max-image-preview":"max-image-preview:large","max-video-preview":"max-video-preview:-1"},"canonical":"https:\/\/frcs-research.com\/es\/product\/lsd-powder-crystal\/","og_locale":"es_ES","og_type":"article","og_title":"LSD Powder Crystal - wholesale supplier of research chemicals, 4mmc, 3mmc, MDPHP, Alpha PVP and more","og_description":"LSD Crystal Online LSD Crystal is one of the most potent, mood-changing chemicals. It is manufactured from lysergic acid, which is found in the ergot fungus that grows on rye&hellip;&euro;170.00 - &euro;2,800.00Rango de precios: desde &euro;170.00 hasta &euro;2,800.00Seleccionar opciones  Este producto tiene m\u00faltiples variantes. Las opciones se pueden elegir en la p\u00e1gina de producto","og_url":"https:\/\/frcs-research.com\/es\/product\/lsd-powder-crystal\/","og_site_name":"wholesale supplier of research chemicals, 4mmc, 3mmc, MDPHP, Alpha PVP and more","article_modified_time":"2026-04-20T23:22:28+00:00","twitter_card":"summary_large_image","twitter_misc":{"Disponibilidad":"Disponible"},"schema":{"@context":"https:\/\/schema.org","@graph":[{"@type":["WebPage","ItemPage"],"@id":"https:\/\/frcs-research.com\/product\/lsd-powder-crystal\/","url":"https:\/\/frcs-research.com\/product\/lsd-powder-crystal\/","name":"LSD Powder Crystal - wholesale supplier of research chemicals, 4mmc, 3mmc, MDPHP, Alpha PVP and more","isPartOf":{"@id":"https:\/\/frcs-research.com\/#website"},"primaryImageOfPage":{"@id":"https:\/\/frcs-research.com\/product\/lsd-powder-crystal\/#primaryimage"},"image":{"@id":"https:\/\/frcs-research.com\/product\/lsd-powder-crystal\/#primaryimage"},"thumbnailUrl":"https:\/\/frcs-research.com\/wp-content\/uploads\/2026\/01\/LSD-POWDER-CRYSTAL-.png","datePublished":"2026-01-29T18:53:14+00:00","dateModified":"2026-04-20T23:22:28+00:00","breadcrumb":{"@id":"https:\/\/frcs-research.com\/product\/lsd-powder-crystal\/#breadcrumb"},"inLanguage":"es","potentialAction":[{"@type":"ReadAction","target":["https:\/\/frcs-research.com\/product\/lsd-powder-crystal\/"]}]},{"@type":"ImageObject","inLanguage":"es","@id":"https:\/\/frcs-research.com\/product\/lsd-powder-crystal\/#primaryimage","url":"https:\/\/frcs-research.com\/wp-content\/uploads\/2026\/01\/LSD-POWDER-CRYSTAL-.png","contentUrl":"https:\/\/frcs-research.com\/wp-content\/uploads\/2026\/01\/LSD-POWDER-CRYSTAL-.png","width":300,"height":434},{"@type":"BreadcrumbList","@id":"https:\/\/frcs-research.com\/product\/lsd-powder-crystal\/#breadcrumb","itemListElement":[{"@type":"ListItem","position":1,"name":"Home","item":"https:\/\/frcs-research.com\/"},{"@type":"ListItem","position":2,"name":"Shop","item":"https:\/\/frcs-research.com\/shop\/"},{"@type":"ListItem","position":3,"name":"LSD Powder Crystal"}]},{"@type":"WebSite","@id":"https:\/\/frcs-research.com\/#website","url":"https:\/\/frcs-research.com\/","name":"Proveedor mayorista de productos qu\u00edmicos de investigaci\u00f3n, 4 mmc, 3 mmc, MDPHP, Alpha PVP y m\u00e1s","description":"Productos qu\u00edmicos de investigaci\u00f3n al por mayor","potentialAction":[{"@type":"SearchAction","target":{"@type":"EntryPoint","urlTemplate":"https:\/\/frcs-research.com\/?s={search_term_string}"},"query-input":{"@type":"PropertyValueSpecification","valueRequired":true,"valueName":"search_term_string"}}],"inLanguage":"es"}]},"og_availability":"instock","product_availability":"instock","product_condition":"new"},"uagb_featured_image_src":{"full":["https:\/\/frcs-research.com\/wp-content\/uploads\/2026\/01\/LSD-POWDER-CRYSTAL-.png",300,434,false],"thumbnail":["https:\/\/frcs-research.com\/wp-content\/uploads\/2026\/01\/LSD-POWDER-CRYSTAL--150x150.png",150,150,true],"medium":["https:\/\/frcs-research.com\/wp-content\/uploads\/2026\/01\/LSD-POWDER-CRYSTAL--207x300.png",207,300,true],"medium_large":["https:\/\/frcs-research.com\/wp-content\/uploads\/2026\/01\/LSD-POWDER-CRYSTAL-.png",300,434,false],"large":["https:\/\/frcs-research.com\/wp-content\/uploads\/2026\/01\/LSD-POWDER-CRYSTAL-.png",300,434,false],"1536x1536":["https:\/\/frcs-research.com\/wp-content\/uploads\/2026\/01\/LSD-POWDER-CRYSTAL-.png",300,434,false],"2048x2048":["https:\/\/frcs-research.com\/wp-content\/uploads\/2026\/01\/LSD-POWDER-CRYSTAL-.png",300,434,false],"trp-custom-language-flag":["https:\/\/frcs-research.com\/wp-content\/uploads\/2026\/01\/LSD-POWDER-CRYSTAL--8x12.png",8,12,true],"post-thumbnail":["https:\/\/frcs-research.com\/wp-content\/uploads\/2026\/01\/LSD-POWDER-CRYSTAL-.png",300,434,false],"elite-commerce-slider":["https:\/\/frcs-research.com\/wp-content\/uploads\/2026\/01\/LSD-POWDER-CRYSTAL-.png",300,434,false],"elite-commerce-hero":["https:\/\/frcs-research.com\/wp-content\/uploads\/2026\/01\/LSD-POWDER-CRYSTAL-.png",300,434,false],"elite-commerce-portfolio":["https:\/\/frcs-research.com\/wp-content\/uploads\/2026\/01\/LSD-POWDER-CRYSTAL-.png",300,434,false],"woocommerce_thumbnail":["https:\/\/frcs-research.com\/wp-content\/uploads\/2026\/01\/LSD-POWDER-CRYSTAL--300x300.png",300,300,true],"woocommerce_single":["https:\/\/frcs-research.com\/wp-content\/uploads\/2026\/01\/LSD-POWDER-CRYSTAL-.png",300,434,false],"woocommerce_gallery_thumbnail":["https:\/\/frcs-research.com\/wp-content\/uploads\/2026\/01\/LSD-POWDER-CRYSTAL--100x100.png",100,100,true]},"uagb_author_info":{"display_name":"Richard Wood","author_link":"https:\/\/frcs-research.com\/es\/author\/"},"uagb_comment_info":99,"uagb_excerpt":"LSD Crystal Online LSD Crystal is one of the most potent, mood-changing chemicals. It is manufactured from lysergic acid, which is found in the ergot fungus that grows on rye&hellip;&euro;170.00 - &euro;2,800.00Rango de precios: desde &euro;170.00 hasta &euro;2,800.00Seleccionar opciones Este producto tiene m\u00faltiples variantes. Las opciones se pueden elegir en la&hellip;","_links":{"self":[{"href":"https:\/\/frcs-research.com\/es\/wp-json\/wp\/v2\/product\/1188","targetHints":{"allow":["GET"]}}],"collection":[{"href":"https:\/\/frcs-research.com\/es\/wp-json\/wp\/v2\/product"}],"about":[{"href":"https:\/\/frcs-research.com\/es\/wp-json\/wp\/v2\/types\/product"}],"replies":[{"embeddable":true,"href":"https:\/\/frcs-research.com\/es\/wp-json\/wp\/v2\/comments?post=1188"}],"wp:featuredmedia":[{"embeddable":true,"href":"https:\/\/frcs-research.com\/es\/wp-json\/wp\/v2\/media\/1208"}],"wp:attachment":[{"href":"https:\/\/frcs-research.com\/es\/wp-json\/wp\/v2\/media?parent=1188"}],"wp:term":[{"taxonomy":"product_brand","embeddable":true,"href":"https:\/\/frcs-research.com\/es\/wp-json\/wp\/v2\/product_brand?post=1188"},{"taxonomy":"product_cat","embeddable":true,"href":"https:\/\/frcs-research.com\/es\/wp-json\/wp\/v2\/product_cat?post=1188"},{"taxonomy":"product_tag","embeddable":true,"href":"https:\/\/frcs-research.com\/es\/wp-json\/wp\/v2\/product_tag?post=1188"}],"curies":[{"name":"wp","href":"https:\/\/api.w.org\/{rel}","templated":true}]}}