{"id":1202,"date":"2026-01-29T18:53:15","date_gmt":"2026-01-29T18:53:15","guid":{"rendered":"https:\/\/frcs-research.com\/?post_type=product&#038;p=1202"},"modified":"2026-04-21T18:42:22","modified_gmt":"2026-04-21T18:42:22","slug":"mdma-crystal-powder","status":"publish","type":"product","link":"https:\/\/frcs-research.com\/es\/product\/mdma-crystal-powder\/","title":{"rendered":"MDMA Crystal Powder"},"content":{"rendered":"<div class=\"woocommerce-product-details__short-description\">\n<div class=\"woocommerce-product-details__short-description\">\n<h3 style=\"text-align: center\"><strong>MDMA Crystal Powder<\/strong><\/h3>\n<p>MDMA Crystal Powder is a drug that can make people feel euphoric and empathetic. Molly is the street name for powder or crystal MDMA, often sold in capsules. Ecstasy is the street name for pill form of MDMA. 3,4-Methylenedioxymethamphetamine (MDMA) is a common recreational drug. It is also known as Molly or Ecstasy, and to a lesser extent, Mandy or Adam. MDMA is also beginning Phase 3 trials with the <a href=\"https:\/\/researchchemicalshop.com\/shop\/\">US<\/a> FDA for the treatment of PTSD. \u201cMDMA\u2019s risk profile is low enough to justify further explorations in clinical trial settings. However, this only applies to carefully designed research contexts with screened adult subjects, and does not apply to any other use of MDMA.<\/p>\n<p>MDMA does not put holes in your brain. This myth comes from messages broadcast by anti-drug campaigns in the late 1990s\/early 2000s. Does MDMA (ecstasy) drain your spinal fluid?, No. This myth probably comes from experiments where researchers measured breakdown products of serotonin in the spinal fluid of animals who had taken MDMA. MDMA does not damage your spine.<\/p>\n<p>Does MDMA (ecstasy) cause Parkinson\u2019s disease?, MDMA does not cause Parkinsons. This myth may come from an experiment where researchersaccidentally gave methamphetamine (crystal meth) to laboratory monkeys instead of MDMA. There is a horribly toxic chemical with a four-letter acronym, MPTP, which does cause parkinsonism. It has appeared as an unwanted impurity in a heroin-like (opiate) drug called MPPP, causing the people who took the contaminated drug to \u2018freeze up\u2019 by destroying dopamine neurons in the brain, just as Parkinson\u2019s disease does. Neither MPTP or MPPP have any relation to MDMA<a href=\"https:\/\/fastautoengines.com\/shop\/\">.<\/a><\/p>\n<\/p><\/div>\n<\/p><\/div>","protected":false},"excerpt":{"rendered":"<p>MDMA Crystal Powder MDMA Crystal Powder is a drug that can make people feel euphoric and empathetic. Molly is the street name for powder or crystal MDMA, often sold in&hellip;<\/p>\n<p class=\"product woocommerce add_to_cart_inline\" style=\"border:4px solid #ccc; padding: 12px;\"><span class=\"woocommerce-Price-amount amount\" aria-hidden=\"true\"><bdi><span class=\"woocommerce-Price-currencySymbol\">&euro;<\/span>190.00<\/bdi><\/span> <span aria-hidden=\"true\">&#8211;<\/span> <span class=\"woocommerce-Price-amount amount\" aria-hidden=\"true\"><bdi><span class=\"woocommerce-Price-currencySymbol\">&euro;<\/span>2,900.00<\/bdi><\/span><span class=\"screen-reader-text\" data-no-translation=\"\" data-trp-gettext=\"\">Rango de precios: desde &euro;190.00 hasta &euro;2,900.00<\/span><a href=\"https:\/\/frcs-research.com\/es\/product\/mdma-crystal-powder\/\" aria-describedby=\"woocommerce_loop_add_to_cart_link_describedby_1202\" data-quantity=\"1\" class=\"button product_type_variable add_to_cart_button\" data-product_id=\"1202\" data-product_sku=\"\" aria-label=\"Elige las opciones para \u201cMDMA Crystal Powder\u201d\" rel=\"nofollow\" data-no-translation=\"\" data-trp-gettext=\"\" data-no-translation-aria-label=\"\">Seleccionar opciones<\/a>\t<span id=\"woocommerce_loop_add_to_cart_link_describedby_1202\" class=\"screen-reader-text\"><br \/>\n\t\tEste producto tiene m\u00faltiples variantes. Las opciones se pueden elegir en la p\u00e1gina de producto\t<\/span><\/p>","protected":false},"featured_media":1210,"comment_status":"closed","ping_status":"closed","template":"","meta":{"_uag_custom_page_level_css":""},"product_brand":[],"product_cat":[25],"product_tag":[397,400,401,402,403,404,405,406,558,559,421,560,561,562,563,564,565,566,567,568,569,570,571,572,573,574,422,424,425,426,427,428,429,430,431,432,433,434,435,436,437,438,439,440,441,442,443,444,445,446,447,449,450,451,452,453,575,576,577,456],"class_list":{"0":"post-1202","1":"product","2":"type-product","3":"status-publish","4":"has-post-thumbnail","6":"product_cat-synthetic-cannabinoids","7":"product_tag-2c-research-chemical","8":"product_tag-buy-research-chemical","9":"product_tag-buy-research-chemicals","10":"product_tag-buy-research-chemicals-online","11":"product_tag-cabergoline-research-chemical","12":"product_tag-canadian-research-chemicals","13":"product_tag-domestic-research-chemicals","14":"product_tag-enclomiphene-research-chemical","15":"product_tag-how-long-does-mdma-last","16":"product_tag-how-long-does-mdma-stay-in-your-system","17":"product_tag-legal-research-chemicals","18":"product_tag-mda-vs-mdma","19":"product_tag-mdma","20":"product_tag-mdma-crystal-powder","21":"product_tag-mdma-drug","22":"product_tag-mdma-effects","23":"product_tag-mdma-fda","24":"product_tag-mdma-fda-approval","25":"product_tag-mdma-for-ptsd","26":"product_tag-mdma-function","27":"product_tag-mdma-porn","28":"product_tag-mdma-side-effects","29":"product_tag-mdma-structure","30":"product_tag-mdma-test-kit","31":"product_tag-mdma-therapy","32":"product_tag-microdosing-mdma","33":"product_tag-opioid-research-chemicals","34":"product_tag-order-research-chemicals","35":"product_tag-quality-research-chemicals","36":"product_tag-reddit-research-chemicals","37":"product_tag-research-chemical","38":"product_tag-research-chemical-drugs","39":"product_tag-research-chemical-forum","40":"product_tag-research-chemical-opiates","41":"product_tag-research-chemical-reddit","42":"product_tag-research-chemical-shop","43":"product_tag-research-chemical-sources","44":"product_tag-research-chemical-store","45":"product_tag-research-chemical-supply","46":"product_tag-research-chemical-vendor-usa","47":"product_tag-research-chemical-vendors","48":"product_tag-research-chemical-vendors-reddit","49":"product_tag-research-chemicals","50":"product_tag-research-chemicals-for-sale","51":"product_tag-research-chemicals-kopen","52":"product_tag-research-chemicals-online","53":"product_tag-research-chemicals-reddit","54":"product_tag-research-chemicals-sale","55":"product_tag-research-chemicals-store","56":"product_tag-semaglutide-research-chemical","57":"product_tag-sunnyside-research-chemicals","58":"product_tag-tadalafil-research-chemical","59":"product_tag-tirzepatide-research-chemical","60":"product_tag-tirzepatide-research-chemical-for-sale","61":"product_tag-toronto-research-chemicals","62":"product_tag-what-are-research-chemicals","63":"product_tag-what-does-mdma-stand-for","64":"product_tag-what-is-mdma","65":"product_tag-whats-mdma","66":"product_tag-where-to-buy-research-chemicals","68":"first","69":"instock","70":"shipping-taxable","71":"purchasable","72":"product-type-variable"},"yoast_head":"<!-- This site is optimized with the Yoast SEO plugin v27.1.1 - https:\/\/yoast.com\/product\/yoast-seo-wordpress\/ -->\n<title>MDMA Crystal Powder - wholesale supplier of research chemicals, 4mmc, 3mmc, MDPHP, Alpha PVP and more<\/title>\n<meta name=\"robots\" content=\"index, follow, max-snippet:-1, max-image-preview:large, max-video-preview:-1\" \/>\n<link rel=\"canonical\" href=\"https:\/\/frcs-research.com\/es\/product\/mdma-crystal-powder\/\" \/>\n<meta property=\"og:locale\" content=\"es_ES\" \/>\n<meta property=\"og:type\" content=\"article\" \/>\n<meta property=\"og:title\" content=\"MDMA Crystal Powder - wholesale supplier of research chemicals, 4mmc, 3mmc, MDPHP, Alpha PVP and more\" \/>\n<meta property=\"og:description\" content=\"MDMA Crystal Powder MDMA Crystal Powder is a drug that can make people feel euphoric and empathetic. Molly is the street name for powder or crystal MDMA, often sold in&hellip;&euro;190.00 - &euro;2,900.00Rango de precios: desde &euro;190.00 hasta &euro;2,900.00Seleccionar opciones  Este producto tiene m\u00faltiples variantes. Las opciones se pueden elegir en la p\u00e1gina de producto\" \/>\n<meta property=\"og:url\" content=\"https:\/\/frcs-research.com\/es\/product\/mdma-crystal-powder\/\" \/>\n<meta property=\"og:site_name\" content=\"wholesale supplier of research chemicals, 4mmc, 3mmc, MDPHP, Alpha PVP and more\" \/>\n<meta property=\"article:modified_time\" content=\"2026-04-21T18:42:22+00:00\" \/>\n<meta name=\"twitter:card\" content=\"summary_large_image\" \/>\n<meta name=\"twitter:label1\" content=\"Disponibilidad\" \/>\n\t<meta name=\"twitter:data1\" content=\"Disponible\" \/>\n<script type=\"application\/ld+json\" class=\"yoast-schema-graph\">{\"@context\":\"https:\/\/schema.org\",\"@graph\":[{\"@type\":[\"WebPage\",\"ItemPage\"],\"@id\":\"https:\/\/frcs-research.com\/product\/mdma-crystal-powder\/\",\"url\":\"https:\/\/frcs-research.com\/product\/mdma-crystal-powder\/\",\"name\":\"MDMA Crystal Powder - wholesale supplier of research chemicals, 4mmc, 3mmc, MDPHP, Alpha PVP and more\",\"isPartOf\":{\"@id\":\"https:\/\/frcs-research.com\/#website\"},\"primaryImageOfPage\":{\"@id\":\"https:\/\/frcs-research.com\/product\/mdma-crystal-powder\/#primaryimage\"},\"image\":{\"@id\":\"https:\/\/frcs-research.com\/product\/mdma-crystal-powder\/#primaryimage\"},\"thumbnailUrl\":\"https:\/\/frcs-research.com\/wp-content\/uploads\/2026\/01\/MDMA-CRYSTAL-POWDER.jpg\",\"datePublished\":\"2026-01-29T18:53:15+00:00\",\"dateModified\":\"2026-04-21T18:42:22+00:00\",\"breadcrumb\":{\"@id\":\"https:\/\/frcs-research.com\/product\/mdma-crystal-powder\/#breadcrumb\"},\"inLanguage\":\"es\",\"potentialAction\":[{\"@type\":\"ReadAction\",\"target\":[\"https:\/\/frcs-research.com\/product\/mdma-crystal-powder\/\"]}]},{\"@type\":\"ImageObject\",\"inLanguage\":\"es\",\"@id\":\"https:\/\/frcs-research.com\/product\/mdma-crystal-powder\/#primaryimage\",\"url\":\"https:\/\/frcs-research.com\/wp-content\/uploads\/2026\/01\/MDMA-CRYSTAL-POWDER.jpg\",\"contentUrl\":\"https:\/\/frcs-research.com\/wp-content\/uploads\/2026\/01\/MDMA-CRYSTAL-POWDER.jpg\",\"width\":386,\"height\":599},{\"@type\":\"BreadcrumbList\",\"@id\":\"https:\/\/frcs-research.com\/product\/mdma-crystal-powder\/#breadcrumb\",\"itemListElement\":[{\"@type\":\"ListItem\",\"position\":1,\"name\":\"Home\",\"item\":\"https:\/\/frcs-research.com\/\"},{\"@type\":\"ListItem\",\"position\":2,\"name\":\"Shop\",\"item\":\"https:\/\/frcs-research.com\/shop\/\"},{\"@type\":\"ListItem\",\"position\":3,\"name\":\"MDMA Crystal Powder\"}]},{\"@type\":\"WebSite\",\"@id\":\"https:\/\/frcs-research.com\/#website\",\"url\":\"https:\/\/frcs-research.com\/\",\"name\":\"wholesale supplier of research chemicals, 4mmc, 3mmc, MDPHP, Alpha PVP and more\",\"description\":\"Wholesale research chemicals\",\"potentialAction\":[{\"@type\":\"SearchAction\",\"target\":{\"@type\":\"EntryPoint\",\"urlTemplate\":\"https:\/\/frcs-research.com\/?s={search_term_string}\"},\"query-input\":{\"@type\":\"PropertyValueSpecification\",\"valueRequired\":true,\"valueName\":\"search_term_string\"}}],\"inLanguage\":\"es\"}]}<\/script>\n<meta property=\"og:availability\" content=\"instock\" \/>\n<meta property=\"product:availability\" content=\"instock\" \/>\n<meta property=\"product:condition\" content=\"new\" \/>\n<!-- \/ Yoast SEO plugin. -->","yoast_head_json":{"title":"MDMA Crystal Powder - wholesale supplier of research chemicals, 4mmc, 3mmc, MDPHP, Alpha PVP and more","robots":{"index":"index","follow":"follow","max-snippet":"max-snippet:-1","max-image-preview":"max-image-preview:large","max-video-preview":"max-video-preview:-1"},"canonical":"https:\/\/frcs-research.com\/es\/product\/mdma-crystal-powder\/","og_locale":"es_ES","og_type":"article","og_title":"MDMA Crystal Powder - wholesale supplier of research chemicals, 4mmc, 3mmc, MDPHP, Alpha PVP and more","og_description":"MDMA Crystal Powder MDMA Crystal Powder is a drug that can make people feel euphoric and empathetic. Molly is the street name for powder or crystal MDMA, often sold in&hellip;&euro;190.00 - &euro;2,900.00Rango de precios: desde &euro;190.00 hasta &euro;2,900.00Seleccionar opciones  Este producto tiene m\u00faltiples variantes. Las opciones se pueden elegir en la p\u00e1gina de producto","og_url":"https:\/\/frcs-research.com\/es\/product\/mdma-crystal-powder\/","og_site_name":"wholesale supplier of research chemicals, 4mmc, 3mmc, MDPHP, Alpha PVP and more","article_modified_time":"2026-04-21T18:42:22+00:00","twitter_card":"summary_large_image","twitter_misc":{"Disponibilidad":"Disponible"},"schema":{"@context":"https:\/\/schema.org","@graph":[{"@type":["WebPage","ItemPage"],"@id":"https:\/\/frcs-research.com\/product\/mdma-crystal-powder\/","url":"https:\/\/frcs-research.com\/product\/mdma-crystal-powder\/","name":"MDMA Crystal Powder - wholesale supplier of research chemicals, 4mmc, 3mmc, MDPHP, Alpha PVP and more","isPartOf":{"@id":"https:\/\/frcs-research.com\/#website"},"primaryImageOfPage":{"@id":"https:\/\/frcs-research.com\/product\/mdma-crystal-powder\/#primaryimage"},"image":{"@id":"https:\/\/frcs-research.com\/product\/mdma-crystal-powder\/#primaryimage"},"thumbnailUrl":"https:\/\/frcs-research.com\/wp-content\/uploads\/2026\/01\/MDMA-CRYSTAL-POWDER.jpg","datePublished":"2026-01-29T18:53:15+00:00","dateModified":"2026-04-21T18:42:22+00:00","breadcrumb":{"@id":"https:\/\/frcs-research.com\/product\/mdma-crystal-powder\/#breadcrumb"},"inLanguage":"es","potentialAction":[{"@type":"ReadAction","target":["https:\/\/frcs-research.com\/product\/mdma-crystal-powder\/"]}]},{"@type":"ImageObject","inLanguage":"es","@id":"https:\/\/frcs-research.com\/product\/mdma-crystal-powder\/#primaryimage","url":"https:\/\/frcs-research.com\/wp-content\/uploads\/2026\/01\/MDMA-CRYSTAL-POWDER.jpg","contentUrl":"https:\/\/frcs-research.com\/wp-content\/uploads\/2026\/01\/MDMA-CRYSTAL-POWDER.jpg","width":386,"height":599},{"@type":"BreadcrumbList","@id":"https:\/\/frcs-research.com\/product\/mdma-crystal-powder\/#breadcrumb","itemListElement":[{"@type":"ListItem","position":1,"name":"Home","item":"https:\/\/frcs-research.com\/"},{"@type":"ListItem","position":2,"name":"Shop","item":"https:\/\/frcs-research.com\/shop\/"},{"@type":"ListItem","position":3,"name":"MDMA Crystal Powder"}]},{"@type":"WebSite","@id":"https:\/\/frcs-research.com\/#website","url":"https:\/\/frcs-research.com\/","name":"Proveedor mayorista de productos qu\u00edmicos de investigaci\u00f3n, 4 mmc, 3 mmc, MDPHP, Alpha PVP y m\u00e1s","description":"Productos qu\u00edmicos de investigaci\u00f3n al por mayor","potentialAction":[{"@type":"SearchAction","target":{"@type":"EntryPoint","urlTemplate":"https:\/\/frcs-research.com\/?s={search_term_string}"},"query-input":{"@type":"PropertyValueSpecification","valueRequired":true,"valueName":"search_term_string"}}],"inLanguage":"es"}]},"og_availability":"instock","product_availability":"instock","product_condition":"new"},"uagb_featured_image_src":{"full":["https:\/\/frcs-research.com\/wp-content\/uploads\/2026\/01\/MDMA-CRYSTAL-POWDER.jpg",386,599,false],"thumbnail":["https:\/\/frcs-research.com\/wp-content\/uploads\/2026\/01\/MDMA-CRYSTAL-POWDER-150x150.jpg",150,150,true],"medium":["https:\/\/frcs-research.com\/wp-content\/uploads\/2026\/01\/MDMA-CRYSTAL-POWDER-193x300.jpg",193,300,true],"medium_large":["https:\/\/frcs-research.com\/wp-content\/uploads\/2026\/01\/MDMA-CRYSTAL-POWDER.jpg",386,599,false],"large":["https:\/\/frcs-research.com\/wp-content\/uploads\/2026\/01\/MDMA-CRYSTAL-POWDER.jpg",386,599,false],"1536x1536":["https:\/\/frcs-research.com\/wp-content\/uploads\/2026\/01\/MDMA-CRYSTAL-POWDER.jpg",386,599,false],"2048x2048":["https:\/\/frcs-research.com\/wp-content\/uploads\/2026\/01\/MDMA-CRYSTAL-POWDER.jpg",386,599,false],"trp-custom-language-flag":["https:\/\/frcs-research.com\/wp-content\/uploads\/2026\/01\/MDMA-CRYSTAL-POWDER-8x12.jpg",8,12,true],"post-thumbnail":["https:\/\/frcs-research.com\/wp-content\/uploads\/2026\/01\/MDMA-CRYSTAL-POWDER.jpg",386,599,false],"elite-commerce-slider":["https:\/\/frcs-research.com\/wp-content\/uploads\/2026\/01\/MDMA-CRYSTAL-POWDER.jpg",386,599,false],"elite-commerce-hero":["https:\/\/frcs-research.com\/wp-content\/uploads\/2026\/01\/MDMA-CRYSTAL-POWDER.jpg",386,599,false],"elite-commerce-portfolio":["https:\/\/frcs-research.com\/wp-content\/uploads\/2026\/01\/MDMA-CRYSTAL-POWDER-290x450.jpg",290,450,true],"woocommerce_thumbnail":["https:\/\/frcs-research.com\/wp-content\/uploads\/2026\/01\/MDMA-CRYSTAL-POWDER-300x300.jpg",300,300,true],"woocommerce_single":["https:\/\/frcs-research.com\/wp-content\/uploads\/2026\/01\/MDMA-CRYSTAL-POWDER.jpg",386,599,false],"woocommerce_gallery_thumbnail":["https:\/\/frcs-research.com\/wp-content\/uploads\/2026\/01\/MDMA-CRYSTAL-POWDER-100x100.jpg",100,100,true]},"uagb_author_info":{"display_name":"Richard Wood","author_link":"https:\/\/frcs-research.com\/es\/author\/"},"uagb_comment_info":117,"uagb_excerpt":"MDMA Crystal Powder MDMA Crystal Powder is a drug that can make people feel euphoric and empathetic. Molly is the street name for powder or crystal MDMA, often sold in&hellip;&euro;190.00 - &euro;2,900.00Rango de precios: desde &euro;190.00 hasta &euro;2,900.00Seleccionar opciones Este producto tiene m\u00faltiples variantes. Las opciones se pueden elegir en la&hellip;","_links":{"self":[{"href":"https:\/\/frcs-research.com\/es\/wp-json\/wp\/v2\/product\/1202","targetHints":{"allow":["GET"]}}],"collection":[{"href":"https:\/\/frcs-research.com\/es\/wp-json\/wp\/v2\/product"}],"about":[{"href":"https:\/\/frcs-research.com\/es\/wp-json\/wp\/v2\/types\/product"}],"replies":[{"embeddable":true,"href":"https:\/\/frcs-research.com\/es\/wp-json\/wp\/v2\/comments?post=1202"}],"wp:featuredmedia":[{"embeddable":true,"href":"https:\/\/frcs-research.com\/es\/wp-json\/wp\/v2\/media\/1210"}],"wp:attachment":[{"href":"https:\/\/frcs-research.com\/es\/wp-json\/wp\/v2\/media?parent=1202"}],"wp:term":[{"taxonomy":"product_brand","embeddable":true,"href":"https:\/\/frcs-research.com\/es\/wp-json\/wp\/v2\/product_brand?post=1202"},{"taxonomy":"product_cat","embeddable":true,"href":"https:\/\/frcs-research.com\/es\/wp-json\/wp\/v2\/product_cat?post=1202"},{"taxonomy":"product_tag","embeddable":true,"href":"https:\/\/frcs-research.com\/es\/wp-json\/wp\/v2\/product_tag?post=1202"}],"curies":[{"name":"wp","href":"https:\/\/api.w.org\/{rel}","templated":true}]}}