{"id":1234,"date":"2026-01-29T18:53:29","date_gmt":"2026-01-29T18:53:29","guid":{"rendered":"https:\/\/frcs-research.com\/?post_type=product&#038;p=1234"},"modified":"2026-04-22T23:02:20","modified_gmt":"2026-04-22T23:02:20","slug":"4-cprc","status":"publish","type":"product","link":"https:\/\/frcs-research.com\/es\/product\/4-cprc\/","title":{"rendered":"4-CPrC"},"content":{"rendered":"<div class=\"woocommerce-product-details__short-description\">\n<h3 style=\"text-align: center\"><strong>4-CPrC<\/strong><\/h3>\n<p>4-CPrC is a research chemical that has various similarities with methcathinone and occurs as white crystals or as a white powder in some cases. As an analogue of the drug it is likely to be more potent as well as more addictive as similar analogues like MDPV and pyrovalerone have exhibited the same behavior. It is more than 99% and as a ring-substituted analogue of the alpha-PPP it carries the potential for drug abuse having the same stimulant activity as the alpha-<a href=\"https:\/\/researchchemicalshop.com\/shop\/\">PPP<\/a> as well as acting as a cathinone under which it is classified.<\/p>\n<p>Alpha-PPP\u2019s structure is similar to that of diethylpropion which is an appetite suppressant and studies have shown that it has similar effects when administered to animals, \u00a0ingested whilst interfering with the re-uptake of hormones such as epinephrine, norepinephrine and serotonin into the CNS.\u00a04-CRrC or 4-Chloro-alpha-PPP and is a halogen-substitute of \u03b1-Pyrrolidinopropiophenone (alpha-PPP), a drug classified as a stimulant<a href=\"https:\/\/spaceclubdisposableonline.com\/shop\/\">.\u00a0<\/a><\/p>\n<\/p><\/div>","protected":false},"excerpt":{"rendered":"<p>4-CPrC 4-CPrC is a research chemical that has various similarities with methcathinone and occurs as white crystals or as a white powder in some cases. As an analogue of the&hellip;<\/p>\n<p class=\"product woocommerce add_to_cart_inline\" style=\"border:4px solid #ccc; padding: 12px;\"><span class=\"woocommerce-Price-amount amount\" aria-hidden=\"true\"><bdi><span class=\"woocommerce-Price-currencySymbol\">&euro;<\/span>160.00<\/bdi><\/span> <span aria-hidden=\"true\">&#8211;<\/span> <span class=\"woocommerce-Price-amount amount\" aria-hidden=\"true\"><bdi><span class=\"woocommerce-Price-currencySymbol\">&euro;<\/span>2,550.00<\/bdi><\/span><span class=\"screen-reader-text\" data-no-translation=\"\" data-trp-gettext=\"\">Rango de precios: desde &euro;160.00 hasta &euro;2,550.00<\/span><a href=\"https:\/\/frcs-research.com\/es\/product\/4-cprc\/\" aria-describedby=\"woocommerce_loop_add_to_cart_link_describedby_1234\" data-quantity=\"1\" class=\"button product_type_variable add_to_cart_button\" data-product_id=\"1234\" data-product_sku=\"\" aria-label=\"Elige las opciones para \u201c4-CPrC\u201d\" rel=\"nofollow\" data-no-translation=\"\" data-trp-gettext=\"\" data-no-translation-aria-label=\"\">Seleccionar opciones<\/a>\t<span id=\"woocommerce_loop_add_to_cart_link_describedby_1234\" class=\"screen-reader-text\"><br \/>\n\t\tEste producto tiene m\u00faltiples variantes. Las opciones se pueden elegir en la p\u00e1gina de producto\t<\/span><\/p>","protected":false},"featured_media":1244,"comment_status":"closed","ping_status":"closed","template":"","meta":{"_uag_custom_page_level_css":""},"product_brand":[],"product_cat":[25],"product_tag":[397,628,629,630,631,632,633,634,400,401,402,403,404,405,406,421,422,424,425,426,427,428,429,430,431,432,433,434,435,436,437,438,439,440,441,442,443,444,445,446,447,449,450,451,452,453,456],"class_list":{"0":"post-1234","1":"product","2":"type-product","3":"status-publish","4":"has-post-thumbnail","6":"product_cat-synthetic-cannabinoids","7":"product_tag-2c-research-chemical","8":"product_tag-4-cprc","9":"product_tag-4-cprc-crystal-or-powder","10":"product_tag-4-cprc-effects","11":"product_tag-4-cprc-erowid","12":"product_tag-4-cprc-experience","13":"product_tag-4-cprc-review","14":"product_tag-4-cprc-wiki","15":"product_tag-buy-research-chemical","16":"product_tag-buy-research-chemicals","17":"product_tag-buy-research-chemicals-online","18":"product_tag-cabergoline-research-chemical","19":"product_tag-canadian-research-chemicals","20":"product_tag-domestic-research-chemicals","21":"product_tag-enclomiphene-research-chemical","22":"product_tag-legal-research-chemicals","23":"product_tag-opioid-research-chemicals","24":"product_tag-order-research-chemicals","25":"product_tag-quality-research-chemicals","26":"product_tag-reddit-research-chemicals","27":"product_tag-research-chemical","28":"product_tag-research-chemical-drugs","29":"product_tag-research-chemical-forum","30":"product_tag-research-chemical-opiates","31":"product_tag-research-chemical-reddit","32":"product_tag-research-chemical-shop","33":"product_tag-research-chemical-sources","34":"product_tag-research-chemical-store","35":"product_tag-research-chemical-supply","36":"product_tag-research-chemical-vendor-usa","37":"product_tag-research-chemical-vendors","38":"product_tag-research-chemical-vendors-reddit","39":"product_tag-research-chemicals","40":"product_tag-research-chemicals-for-sale","41":"product_tag-research-chemicals-kopen","42":"product_tag-research-chemicals-online","43":"product_tag-research-chemicals-reddit","44":"product_tag-research-chemicals-sale","45":"product_tag-research-chemicals-store","46":"product_tag-semaglutide-research-chemical","47":"product_tag-sunnyside-research-chemicals","48":"product_tag-tadalafil-research-chemical","49":"product_tag-tirzepatide-research-chemical","50":"product_tag-tirzepatide-research-chemical-for-sale","51":"product_tag-toronto-research-chemicals","52":"product_tag-what-are-research-chemicals","53":"product_tag-where-to-buy-research-chemicals","55":"first","56":"instock","57":"shipping-taxable","58":"purchasable","59":"product-type-variable"},"yoast_head":"<!-- This site is optimized with the Yoast SEO plugin v27.1.1 - https:\/\/yoast.com\/product\/yoast-seo-wordpress\/ -->\n<title>4-CPrC - wholesale supplier of research chemicals, 4mmc, 3mmc, MDPHP, Alpha PVP and more<\/title>\n<meta name=\"robots\" content=\"index, follow, max-snippet:-1, max-image-preview:large, max-video-preview:-1\" \/>\n<link rel=\"canonical\" href=\"https:\/\/frcs-research.com\/es\/product\/4-cprc\/\" \/>\n<meta property=\"og:locale\" content=\"es_ES\" \/>\n<meta property=\"og:type\" content=\"article\" \/>\n<meta property=\"og:title\" content=\"4-CPrC - wholesale supplier of research chemicals, 4mmc, 3mmc, MDPHP, Alpha PVP and more\" \/>\n<meta property=\"og:description\" content=\"4-CPrC 4-CPrC is a research chemical that has various similarities with methcathinone and occurs as white crystals or as a white powder in some cases. As an analogue of the&hellip;&euro;160.00 - &euro;2,550.00Rango de precios: desde &euro;160.00 hasta &euro;2,550.00Seleccionar opciones  Este producto tiene m\u00faltiples variantes. Las opciones se pueden elegir en la p\u00e1gina de producto\" \/>\n<meta property=\"og:url\" content=\"https:\/\/frcs-research.com\/es\/product\/4-cprc\/\" \/>\n<meta property=\"og:site_name\" content=\"wholesale supplier of research chemicals, 4mmc, 3mmc, MDPHP, Alpha PVP and more\" \/>\n<meta property=\"article:modified_time\" content=\"2026-04-22T23:02:20+00:00\" \/>\n<meta name=\"twitter:card\" content=\"summary_large_image\" \/>\n<meta name=\"twitter:label1\" content=\"Disponibilidad\" \/>\n\t<meta name=\"twitter:data1\" content=\"Disponible\" \/>\n<script type=\"application\/ld+json\" class=\"yoast-schema-graph\">{\"@context\":\"https:\/\/schema.org\",\"@graph\":[{\"@type\":[\"WebPage\",\"ItemPage\"],\"@id\":\"https:\/\/frcs-research.com\/product\/4-cprc\/\",\"url\":\"https:\/\/frcs-research.com\/product\/4-cprc\/\",\"name\":\"4-CPrC - wholesale supplier of research chemicals, 4mmc, 3mmc, MDPHP, Alpha PVP and more\",\"isPartOf\":{\"@id\":\"https:\/\/frcs-research.com\/#website\"},\"primaryImageOfPage\":{\"@id\":\"https:\/\/frcs-research.com\/product\/4-cprc\/#primaryimage\"},\"image\":{\"@id\":\"https:\/\/frcs-research.com\/product\/4-cprc\/#primaryimage\"},\"thumbnailUrl\":\"https:\/\/frcs-research.com\/wp-content\/uploads\/2026\/01\/4-CPRC.jpg\",\"datePublished\":\"2026-01-29T18:53:29+00:00\",\"dateModified\":\"2026-04-22T23:02:20+00:00\",\"breadcrumb\":{\"@id\":\"https:\/\/frcs-research.com\/product\/4-cprc\/#breadcrumb\"},\"inLanguage\":\"es\",\"potentialAction\":[{\"@type\":\"ReadAction\",\"target\":[\"https:\/\/frcs-research.com\/product\/4-cprc\/\"]}]},{\"@type\":\"ImageObject\",\"inLanguage\":\"es\",\"@id\":\"https:\/\/frcs-research.com\/product\/4-cprc\/#primaryimage\",\"url\":\"https:\/\/frcs-research.com\/wp-content\/uploads\/2026\/01\/4-CPRC.jpg\",\"contentUrl\":\"https:\/\/frcs-research.com\/wp-content\/uploads\/2026\/01\/4-CPRC.jpg\",\"width\":500,\"height\":400},{\"@type\":\"BreadcrumbList\",\"@id\":\"https:\/\/frcs-research.com\/product\/4-cprc\/#breadcrumb\",\"itemListElement\":[{\"@type\":\"ListItem\",\"position\":1,\"name\":\"Home\",\"item\":\"https:\/\/frcs-research.com\/\"},{\"@type\":\"ListItem\",\"position\":2,\"name\":\"Shop\",\"item\":\"https:\/\/frcs-research.com\/shop\/\"},{\"@type\":\"ListItem\",\"position\":3,\"name\":\"4-CPrC\"}]},{\"@type\":\"WebSite\",\"@id\":\"https:\/\/frcs-research.com\/#website\",\"url\":\"https:\/\/frcs-research.com\/\",\"name\":\"wholesale supplier of research chemicals, 4mmc, 3mmc, MDPHP, Alpha PVP and more\",\"description\":\"Wholesale research chemicals\",\"potentialAction\":[{\"@type\":\"SearchAction\",\"target\":{\"@type\":\"EntryPoint\",\"urlTemplate\":\"https:\/\/frcs-research.com\/?s={search_term_string}\"},\"query-input\":{\"@type\":\"PropertyValueSpecification\",\"valueRequired\":true,\"valueName\":\"search_term_string\"}}],\"inLanguage\":\"es\"}]}<\/script>\n<meta property=\"og:availability\" content=\"instock\" \/>\n<meta property=\"product:availability\" content=\"instock\" \/>\n<meta property=\"product:condition\" content=\"new\" \/>\n<!-- \/ Yoast SEO plugin. -->","yoast_head_json":{"title":"4-CPrC - wholesale supplier of research chemicals, 4mmc, 3mmc, MDPHP, Alpha PVP and more","robots":{"index":"index","follow":"follow","max-snippet":"max-snippet:-1","max-image-preview":"max-image-preview:large","max-video-preview":"max-video-preview:-1"},"canonical":"https:\/\/frcs-research.com\/es\/product\/4-cprc\/","og_locale":"es_ES","og_type":"article","og_title":"4-CPrC - wholesale supplier of research chemicals, 4mmc, 3mmc, MDPHP, Alpha PVP and more","og_description":"4-CPrC 4-CPrC is a research chemical that has various similarities with methcathinone and occurs as white crystals or as a white powder in some cases. As an analogue of the&hellip;&euro;160.00 - &euro;2,550.00Rango de precios: desde &euro;160.00 hasta &euro;2,550.00Seleccionar opciones  Este producto tiene m\u00faltiples variantes. Las opciones se pueden elegir en la p\u00e1gina de producto","og_url":"https:\/\/frcs-research.com\/es\/product\/4-cprc\/","og_site_name":"wholesale supplier of research chemicals, 4mmc, 3mmc, MDPHP, Alpha PVP and more","article_modified_time":"2026-04-22T23:02:20+00:00","twitter_card":"summary_large_image","twitter_misc":{"Disponibilidad":"Disponible"},"schema":{"@context":"https:\/\/schema.org","@graph":[{"@type":["WebPage","ItemPage"],"@id":"https:\/\/frcs-research.com\/product\/4-cprc\/","url":"https:\/\/frcs-research.com\/product\/4-cprc\/","name":"4-CPrC - wholesale supplier of research chemicals, 4mmc, 3mmc, MDPHP, Alpha PVP and more","isPartOf":{"@id":"https:\/\/frcs-research.com\/#website"},"primaryImageOfPage":{"@id":"https:\/\/frcs-research.com\/product\/4-cprc\/#primaryimage"},"image":{"@id":"https:\/\/frcs-research.com\/product\/4-cprc\/#primaryimage"},"thumbnailUrl":"https:\/\/frcs-research.com\/wp-content\/uploads\/2026\/01\/4-CPRC.jpg","datePublished":"2026-01-29T18:53:29+00:00","dateModified":"2026-04-22T23:02:20+00:00","breadcrumb":{"@id":"https:\/\/frcs-research.com\/product\/4-cprc\/#breadcrumb"},"inLanguage":"es","potentialAction":[{"@type":"ReadAction","target":["https:\/\/frcs-research.com\/product\/4-cprc\/"]}]},{"@type":"ImageObject","inLanguage":"es","@id":"https:\/\/frcs-research.com\/product\/4-cprc\/#primaryimage","url":"https:\/\/frcs-research.com\/wp-content\/uploads\/2026\/01\/4-CPRC.jpg","contentUrl":"https:\/\/frcs-research.com\/wp-content\/uploads\/2026\/01\/4-CPRC.jpg","width":500,"height":400},{"@type":"BreadcrumbList","@id":"https:\/\/frcs-research.com\/product\/4-cprc\/#breadcrumb","itemListElement":[{"@type":"ListItem","position":1,"name":"Home","item":"https:\/\/frcs-research.com\/"},{"@type":"ListItem","position":2,"name":"Shop","item":"https:\/\/frcs-research.com\/shop\/"},{"@type":"ListItem","position":3,"name":"4-CPrC"}]},{"@type":"WebSite","@id":"https:\/\/frcs-research.com\/#website","url":"https:\/\/frcs-research.com\/","name":"Proveedor mayorista de productos qu\u00edmicos de investigaci\u00f3n, 4 mmc, 3 mmc, MDPHP, Alpha PVP y m\u00e1s","description":"Productos qu\u00edmicos de investigaci\u00f3n al por mayor","potentialAction":[{"@type":"SearchAction","target":{"@type":"EntryPoint","urlTemplate":"https:\/\/frcs-research.com\/?s={search_term_string}"},"query-input":{"@type":"PropertyValueSpecification","valueRequired":true,"valueName":"search_term_string"}}],"inLanguage":"es"}]},"og_availability":"instock","product_availability":"instock","product_condition":"new"},"uagb_featured_image_src":{"full":["https:\/\/frcs-research.com\/wp-content\/uploads\/2026\/01\/4-CPRC.jpg",500,400,false],"thumbnail":["https:\/\/frcs-research.com\/wp-content\/uploads\/2026\/01\/4-CPRC-150x150.jpg",150,150,true],"medium":["https:\/\/frcs-research.com\/wp-content\/uploads\/2026\/01\/4-CPRC-300x240.jpg",300,240,true],"medium_large":["https:\/\/frcs-research.com\/wp-content\/uploads\/2026\/01\/4-CPRC.jpg",500,400,false],"large":["https:\/\/frcs-research.com\/wp-content\/uploads\/2026\/01\/4-CPRC.jpg",500,400,false],"1536x1536":["https:\/\/frcs-research.com\/wp-content\/uploads\/2026\/01\/4-CPRC.jpg",500,400,false],"2048x2048":["https:\/\/frcs-research.com\/wp-content\/uploads\/2026\/01\/4-CPRC.jpg",500,400,false],"trp-custom-language-flag":["https:\/\/frcs-research.com\/wp-content\/uploads\/2026\/01\/4-CPRC-15x12.jpg",15,12,true],"post-thumbnail":["https:\/\/frcs-research.com\/wp-content\/uploads\/2026\/01\/4-CPRC.jpg",500,400,false],"elite-commerce-slider":["https:\/\/frcs-research.com\/wp-content\/uploads\/2026\/01\/4-CPRC.jpg",500,400,false],"elite-commerce-hero":["https:\/\/frcs-research.com\/wp-content\/uploads\/2026\/01\/4-CPRC.jpg",500,400,false],"elite-commerce-portfolio":["https:\/\/frcs-research.com\/wp-content\/uploads\/2026\/01\/4-CPRC-400x320.jpg",400,320,true],"woocommerce_thumbnail":["https:\/\/frcs-research.com\/wp-content\/uploads\/2026\/01\/4-CPRC-300x300.jpg",300,300,true],"woocommerce_single":["https:\/\/frcs-research.com\/wp-content\/uploads\/2026\/01\/4-CPRC.jpg",500,400,false],"woocommerce_gallery_thumbnail":["https:\/\/frcs-research.com\/wp-content\/uploads\/2026\/01\/4-CPRC-100x100.jpg",100,100,true]},"uagb_author_info":{"display_name":"Richard Wood","author_link":"https:\/\/frcs-research.com\/es\/author\/"},"uagb_comment_info":99,"uagb_excerpt":"4-CPrC 4-CPrC is a research chemical that has various similarities with methcathinone and occurs as white crystals or as a white powder in some cases. As an analogue of the&hellip;&euro;160.00 - &euro;2,550.00Rango de precios: desde &euro;160.00 hasta &euro;2,550.00Seleccionar opciones Este producto tiene m\u00faltiples variantes. Las opciones se pueden elegir en la&hellip;","_links":{"self":[{"href":"https:\/\/frcs-research.com\/es\/wp-json\/wp\/v2\/product\/1234","targetHints":{"allow":["GET"]}}],"collection":[{"href":"https:\/\/frcs-research.com\/es\/wp-json\/wp\/v2\/product"}],"about":[{"href":"https:\/\/frcs-research.com\/es\/wp-json\/wp\/v2\/types\/product"}],"replies":[{"embeddable":true,"href":"https:\/\/frcs-research.com\/es\/wp-json\/wp\/v2\/comments?post=1234"}],"wp:featuredmedia":[{"embeddable":true,"href":"https:\/\/frcs-research.com\/es\/wp-json\/wp\/v2\/media\/1244"}],"wp:attachment":[{"href":"https:\/\/frcs-research.com\/es\/wp-json\/wp\/v2\/media?parent=1234"}],"wp:term":[{"taxonomy":"product_brand","embeddable":true,"href":"https:\/\/frcs-research.com\/es\/wp-json\/wp\/v2\/product_brand?post=1234"},{"taxonomy":"product_cat","embeddable":true,"href":"https:\/\/frcs-research.com\/es\/wp-json\/wp\/v2\/product_cat?post=1234"},{"taxonomy":"product_tag","embeddable":true,"href":"https:\/\/frcs-research.com\/es\/wp-json\/wp\/v2\/product_tag?post=1234"}],"curies":[{"name":"wp","href":"https:\/\/api.w.org\/{rel}","templated":true}]}}