{"id":1317,"date":"2026-01-29T18:54:11","date_gmt":"2026-01-29T18:54:11","guid":{"rendered":"https:\/\/frcs-research.com\/?post_type=product&#038;p=1317"},"modified":"2026-04-20T05:22:24","modified_gmt":"2026-04-20T05:22:24","slug":"4-aco-dmt","status":"publish","type":"product","link":"https:\/\/frcs-research.com\/es\/product\/4-aco-dmt\/","title":{"rendered":"4-ACO-DMT"},"content":{"rendered":"<div class=\"woocommerce-product-details__short-description\">\n<h3 style=\"text-align: center\"><strong>4-ACO-DMT<\/strong><\/h3>\n<p>4-ACO-DMT is a synthetically produced psychoactive drug to be a potentially useful alternative to psilocybin for pharmacological studies. The compound has been a potentially useful alternative to psilocybin for pharmacological studies. O-Acetylpsilocin is a synthetically produced psychoactive <a href=\"https:\/\/researchchemicalshop.com\/shop\/\">drug<\/a> potentially for pharmacological studies. Its structural similarities to psilocin and psilocybin results in an identical subjective effect profile and the three compounds can be said to feel indistinguishable from each other. It is the acetylated form of the psilocybin mushroom alkaloid psilocin and is a lower homolog. This allows 4-AcO to function as a perfect substitute for psilocybin mushrooms<a href=\"https:\/\/timelessvapesshop.com\/shop\/\">.<\/a><\/p>\n<\/p><\/div>","protected":false},"excerpt":{"rendered":"<p>4-ACO-DMT 4-ACO-DMT is a synthetically produced psychoactive drug to be a potentially useful alternative to psilocybin for pharmacological studies. The compound has been a potentially useful alternative to psilocybin for&hellip;<\/p>\n<p class=\"product woocommerce add_to_cart_inline\" style=\"border:4px solid #ccc; padding: 12px;\"><span class=\"woocommerce-Price-amount amount\" aria-hidden=\"true\"><bdi><span class=\"woocommerce-Price-currencySymbol\">&euro;<\/span>190.00<\/bdi><\/span> <span aria-hidden=\"true\">&#8211;<\/span> <span class=\"woocommerce-Price-amount amount\" aria-hidden=\"true\"><bdi><span class=\"woocommerce-Price-currencySymbol\">&euro;<\/span>2,900.00<\/bdi><\/span><span class=\"screen-reader-text\" data-no-translation=\"\" data-trp-gettext=\"\">Rango de precios: desde &euro;190.00 hasta &euro;2,900.00<\/span><a href=\"https:\/\/frcs-research.com\/es\/product\/4-aco-dmt\/\" aria-describedby=\"woocommerce_loop_add_to_cart_link_describedby_1317\" data-quantity=\"1\" class=\"button product_type_variable add_to_cart_button\" data-product_id=\"1317\" data-product_sku=\"\" aria-label=\"Elige las opciones para \u201c4-ACO-DMT\u201d\" rel=\"nofollow\" data-no-translation=\"\" data-trp-gettext=\"\" data-no-translation-aria-label=\"\">Seleccionar opciones<\/a>\t<span id=\"woocommerce_loop_add_to_cart_link_describedby_1317\" class=\"screen-reader-text\"><br \/>\n\t\tEste producto tiene m\u00faltiples variantes. Las opciones se pueden elegir en la p\u00e1gina de producto\t<\/span><\/p>","protected":false},"featured_media":1344,"comment_status":"closed","ping_status":"closed","template":"","meta":{"_uag_custom_page_level_css":""},"product_brand":[],"product_cat":[25],"product_tag":[397,774,775,776,777,778,779,780,781,782,783,784,785,786,787,788,789,790,791,400,401,402,403,404,405,406,792,421,422,424,425,426,427,428,429,430,431,432,433,434,435,436,437,438,439,440,441,442,443,444,445,446,447,449,450,451,452,453,793,456],"class_list":{"0":"post-1317","1":"product","2":"type-product","3":"status-publish","4":"has-post-thumbnail","6":"product_cat-synthetic-cannabinoids","7":"product_tag-2c-research-chemical","8":"product_tag-4-aco-dmt","9":"product_tag-4-aco-dmt-buy","10":"product_tag-4-aco-dmt-chocolate","11":"product_tag-4-aco-dmt-dosage","12":"product_tag-4-aco-dmt-effects","13":"product_tag-4-aco-dmt-for-sale","14":"product_tag-4-aco-dmt-fumarate","15":"product_tag-4-aco-dmt-gummies","16":"product_tag-4-aco-dmt-legal","17":"product_tag-4-aco-dmt-legality","18":"product_tag-4-aco-dmt-purchase","19":"product_tag-4-aco-dmt-reddit","20":"product_tag-4-aco-dmt-research-chemical","21":"product_tag-4-aco-dmt-side-effects","22":"product_tag-4-aco-dmt-synthesis","23":"product_tag-4-aco-dmt-tolerance","24":"product_tag-4-aco-dmt-vendor","25":"product_tag-buy-4-aco-dmt","26":"product_tag-buy-research-chemical","27":"product_tag-buy-research-chemicals","28":"product_tag-buy-research-chemicals-online","29":"product_tag-cabergoline-research-chemical","30":"product_tag-canadian-research-chemicals","31":"product_tag-domestic-research-chemicals","32":"product_tag-enclomiphene-research-chemical","33":"product_tag-is-4-aco-dmt-legal","34":"product_tag-legal-research-chemicals","35":"product_tag-opioid-research-chemicals","36":"product_tag-order-research-chemicals","37":"product_tag-quality-research-chemicals","38":"product_tag-reddit-research-chemicals","39":"product_tag-research-chemical","40":"product_tag-research-chemical-drugs","41":"product_tag-research-chemical-forum","42":"product_tag-research-chemical-opiates","43":"product_tag-research-chemical-reddit","44":"product_tag-research-chemical-shop","45":"product_tag-research-chemical-sources","46":"product_tag-research-chemical-store","47":"product_tag-research-chemical-supply","48":"product_tag-research-chemical-vendor-usa","49":"product_tag-research-chemical-vendors","50":"product_tag-research-chemical-vendors-reddit","51":"product_tag-research-chemicals","52":"product_tag-research-chemicals-for-sale","53":"product_tag-research-chemicals-kopen","54":"product_tag-research-chemicals-online","55":"product_tag-research-chemicals-reddit","56":"product_tag-research-chemicals-sale","57":"product_tag-research-chemicals-store","58":"product_tag-semaglutide-research-chemical","59":"product_tag-sunnyside-research-chemicals","60":"product_tag-tadalafil-research-chemical","61":"product_tag-tirzepatide-research-chemical","62":"product_tag-tirzepatide-research-chemical-for-sale","63":"product_tag-toronto-research-chemicals","64":"product_tag-what-are-research-chemicals","65":"product_tag-what-is-4-aco-dmt","66":"product_tag-where-to-buy-research-chemicals","68":"first","69":"instock","70":"shipping-taxable","71":"purchasable","72":"product-type-variable"},"yoast_head":"<!-- This site is optimized with the Yoast SEO plugin v27.1.1 - https:\/\/yoast.com\/product\/yoast-seo-wordpress\/ -->\n<title>4-ACO-DMT - wholesale supplier of research chemicals, 4mmc, 3mmc, MDPHP, Alpha PVP and more<\/title>\n<meta name=\"robots\" content=\"index, follow, max-snippet:-1, max-image-preview:large, max-video-preview:-1\" \/>\n<link rel=\"canonical\" href=\"https:\/\/frcs-research.com\/es\/product\/4-aco-dmt\/\" \/>\n<meta property=\"og:locale\" content=\"es_ES\" \/>\n<meta property=\"og:type\" content=\"article\" \/>\n<meta property=\"og:title\" content=\"4-ACO-DMT - wholesale supplier of research chemicals, 4mmc, 3mmc, MDPHP, Alpha PVP and more\" \/>\n<meta property=\"og:description\" content=\"4-ACO-DMT 4-ACO-DMT is a synthetically produced psychoactive drug to be a potentially useful alternative to psilocybin for pharmacological studies. The compound has been a potentially useful alternative to psilocybin for&hellip;&euro;190.00 - &euro;2,900.00Rango de precios: desde &euro;190.00 hasta &euro;2,900.00Seleccionar opciones  Este producto tiene m\u00faltiples variantes. Las opciones se pueden elegir en la p\u00e1gina de producto\" \/>\n<meta property=\"og:url\" content=\"https:\/\/frcs-research.com\/es\/product\/4-aco-dmt\/\" \/>\n<meta property=\"og:site_name\" content=\"wholesale supplier of research chemicals, 4mmc, 3mmc, MDPHP, Alpha PVP and more\" \/>\n<meta property=\"article:modified_time\" content=\"2026-04-20T05:22:24+00:00\" \/>\n<meta name=\"twitter:card\" content=\"summary_large_image\" \/>\n<meta name=\"twitter:label1\" content=\"Disponibilidad\" \/>\n\t<meta name=\"twitter:data1\" content=\"Disponible\" \/>\n<script type=\"application\/ld+json\" class=\"yoast-schema-graph\">{\"@context\":\"https:\/\/schema.org\",\"@graph\":[{\"@type\":[\"WebPage\",\"ItemPage\"],\"@id\":\"https:\/\/frcs-research.com\/product\/4-aco-dmt\/\",\"url\":\"https:\/\/frcs-research.com\/product\/4-aco-dmt\/\",\"name\":\"4-ACO-DMT - wholesale supplier of research chemicals, 4mmc, 3mmc, MDPHP, Alpha PVP and more\",\"isPartOf\":{\"@id\":\"https:\/\/frcs-research.com\/#website\"},\"primaryImageOfPage\":{\"@id\":\"https:\/\/frcs-research.com\/product\/4-aco-dmt\/#primaryimage\"},\"image\":{\"@id\":\"https:\/\/frcs-research.com\/product\/4-aco-dmt\/#primaryimage\"},\"thumbnailUrl\":\"https:\/\/frcs-research.com\/wp-content\/uploads\/2026\/01\/4-ACO-DMT.jpg\",\"datePublished\":\"2026-01-29T18:54:11+00:00\",\"dateModified\":\"2026-04-20T05:22:24+00:00\",\"breadcrumb\":{\"@id\":\"https:\/\/frcs-research.com\/product\/4-aco-dmt\/#breadcrumb\"},\"inLanguage\":\"es\",\"potentialAction\":[{\"@type\":\"ReadAction\",\"target\":[\"https:\/\/frcs-research.com\/product\/4-aco-dmt\/\"]}]},{\"@type\":\"ImageObject\",\"inLanguage\":\"es\",\"@id\":\"https:\/\/frcs-research.com\/product\/4-aco-dmt\/#primaryimage\",\"url\":\"https:\/\/frcs-research.com\/wp-content\/uploads\/2026\/01\/4-ACO-DMT.jpg\",\"contentUrl\":\"https:\/\/frcs-research.com\/wp-content\/uploads\/2026\/01\/4-ACO-DMT.jpg\",\"width\":600,\"height\":600},{\"@type\":\"BreadcrumbList\",\"@id\":\"https:\/\/frcs-research.com\/product\/4-aco-dmt\/#breadcrumb\",\"itemListElement\":[{\"@type\":\"ListItem\",\"position\":1,\"name\":\"Home\",\"item\":\"https:\/\/frcs-research.com\/\"},{\"@type\":\"ListItem\",\"position\":2,\"name\":\"Shop\",\"item\":\"https:\/\/frcs-research.com\/shop\/\"},{\"@type\":\"ListItem\",\"position\":3,\"name\":\"4-ACO-DMT\"}]},{\"@type\":\"WebSite\",\"@id\":\"https:\/\/frcs-research.com\/#website\",\"url\":\"https:\/\/frcs-research.com\/\",\"name\":\"wholesale supplier of research chemicals, 4mmc, 3mmc, MDPHP, Alpha PVP and more\",\"description\":\"Wholesale research chemicals\",\"potentialAction\":[{\"@type\":\"SearchAction\",\"target\":{\"@type\":\"EntryPoint\",\"urlTemplate\":\"https:\/\/frcs-research.com\/?s={search_term_string}\"},\"query-input\":{\"@type\":\"PropertyValueSpecification\",\"valueRequired\":true,\"valueName\":\"search_term_string\"}}],\"inLanguage\":\"es\"}]}<\/script>\n<meta property=\"og:availability\" content=\"instock\" \/>\n<meta property=\"product:availability\" content=\"instock\" \/>\n<meta property=\"product:condition\" content=\"new\" \/>\n<!-- \/ Yoast SEO plugin. -->","yoast_head_json":{"title":"4-ACO-DMT - wholesale supplier of research chemicals, 4mmc, 3mmc, MDPHP, Alpha PVP and more","robots":{"index":"index","follow":"follow","max-snippet":"max-snippet:-1","max-image-preview":"max-image-preview:large","max-video-preview":"max-video-preview:-1"},"canonical":"https:\/\/frcs-research.com\/es\/product\/4-aco-dmt\/","og_locale":"es_ES","og_type":"article","og_title":"4-ACO-DMT - wholesale supplier of research chemicals, 4mmc, 3mmc, MDPHP, Alpha PVP and more","og_description":"4-ACO-DMT 4-ACO-DMT is a synthetically produced psychoactive drug to be a potentially useful alternative to psilocybin for pharmacological studies. The compound has been a potentially useful alternative to psilocybin for&hellip;&euro;190.00 - &euro;2,900.00Rango de precios: desde &euro;190.00 hasta &euro;2,900.00Seleccionar opciones  Este producto tiene m\u00faltiples variantes. Las opciones se pueden elegir en la p\u00e1gina de producto","og_url":"https:\/\/frcs-research.com\/es\/product\/4-aco-dmt\/","og_site_name":"wholesale supplier of research chemicals, 4mmc, 3mmc, MDPHP, Alpha PVP and more","article_modified_time":"2026-04-20T05:22:24+00:00","twitter_card":"summary_large_image","twitter_misc":{"Disponibilidad":"Disponible"},"schema":{"@context":"https:\/\/schema.org","@graph":[{"@type":["WebPage","ItemPage"],"@id":"https:\/\/frcs-research.com\/product\/4-aco-dmt\/","url":"https:\/\/frcs-research.com\/product\/4-aco-dmt\/","name":"4-ACO-DMT - wholesale supplier of research chemicals, 4mmc, 3mmc, MDPHP, Alpha PVP and more","isPartOf":{"@id":"https:\/\/frcs-research.com\/#website"},"primaryImageOfPage":{"@id":"https:\/\/frcs-research.com\/product\/4-aco-dmt\/#primaryimage"},"image":{"@id":"https:\/\/frcs-research.com\/product\/4-aco-dmt\/#primaryimage"},"thumbnailUrl":"https:\/\/frcs-research.com\/wp-content\/uploads\/2026\/01\/4-ACO-DMT.jpg","datePublished":"2026-01-29T18:54:11+00:00","dateModified":"2026-04-20T05:22:24+00:00","breadcrumb":{"@id":"https:\/\/frcs-research.com\/product\/4-aco-dmt\/#breadcrumb"},"inLanguage":"es","potentialAction":[{"@type":"ReadAction","target":["https:\/\/frcs-research.com\/product\/4-aco-dmt\/"]}]},{"@type":"ImageObject","inLanguage":"es","@id":"https:\/\/frcs-research.com\/product\/4-aco-dmt\/#primaryimage","url":"https:\/\/frcs-research.com\/wp-content\/uploads\/2026\/01\/4-ACO-DMT.jpg","contentUrl":"https:\/\/frcs-research.com\/wp-content\/uploads\/2026\/01\/4-ACO-DMT.jpg","width":600,"height":600},{"@type":"BreadcrumbList","@id":"https:\/\/frcs-research.com\/product\/4-aco-dmt\/#breadcrumb","itemListElement":[{"@type":"ListItem","position":1,"name":"Home","item":"https:\/\/frcs-research.com\/"},{"@type":"ListItem","position":2,"name":"Shop","item":"https:\/\/frcs-research.com\/shop\/"},{"@type":"ListItem","position":3,"name":"4-ACO-DMT"}]},{"@type":"WebSite","@id":"https:\/\/frcs-research.com\/#website","url":"https:\/\/frcs-research.com\/","name":"Proveedor mayorista de productos qu\u00edmicos de investigaci\u00f3n, 4 mmc, 3 mmc, MDPHP, Alpha PVP y m\u00e1s","description":"Productos qu\u00edmicos de investigaci\u00f3n al por mayor","potentialAction":[{"@type":"SearchAction","target":{"@type":"EntryPoint","urlTemplate":"https:\/\/frcs-research.com\/?s={search_term_string}"},"query-input":{"@type":"PropertyValueSpecification","valueRequired":true,"valueName":"search_term_string"}}],"inLanguage":"es"}]},"og_availability":"instock","product_availability":"instock","product_condition":"new"},"uagb_featured_image_src":{"full":["https:\/\/frcs-research.com\/wp-content\/uploads\/2026\/01\/4-ACO-DMT.jpg",600,600,false],"thumbnail":["https:\/\/frcs-research.com\/wp-content\/uploads\/2026\/01\/4-ACO-DMT-150x150.jpg",150,150,true],"medium":["https:\/\/frcs-research.com\/wp-content\/uploads\/2026\/01\/4-ACO-DMT-300x300.jpg",300,300,true],"medium_large":["https:\/\/frcs-research.com\/wp-content\/uploads\/2026\/01\/4-ACO-DMT.jpg",600,600,false],"large":["https:\/\/frcs-research.com\/wp-content\/uploads\/2026\/01\/4-ACO-DMT.jpg",600,600,false],"1536x1536":["https:\/\/frcs-research.com\/wp-content\/uploads\/2026\/01\/4-ACO-DMT.jpg",600,600,false],"2048x2048":["https:\/\/frcs-research.com\/wp-content\/uploads\/2026\/01\/4-ACO-DMT.jpg",600,600,false],"trp-custom-language-flag":["https:\/\/frcs-research.com\/wp-content\/uploads\/2026\/01\/4-ACO-DMT-12x12.jpg",12,12,true],"post-thumbnail":["https:\/\/frcs-research.com\/wp-content\/uploads\/2026\/01\/4-ACO-DMT.jpg",600,600,false],"elite-commerce-slider":["https:\/\/frcs-research.com\/wp-content\/uploads\/2026\/01\/4-ACO-DMT.jpg",600,600,false],"elite-commerce-hero":["https:\/\/frcs-research.com\/wp-content\/uploads\/2026\/01\/4-ACO-DMT.jpg",600,600,false],"elite-commerce-portfolio":["https:\/\/frcs-research.com\/wp-content\/uploads\/2026\/01\/4-ACO-DMT-400x400.jpg",400,400,true],"woocommerce_thumbnail":["https:\/\/frcs-research.com\/wp-content\/uploads\/2026\/01\/4-ACO-DMT-300x300.jpg",300,300,true],"woocommerce_single":["https:\/\/frcs-research.com\/wp-content\/uploads\/2026\/01\/4-ACO-DMT.jpg",600,600,false],"woocommerce_gallery_thumbnail":["https:\/\/frcs-research.com\/wp-content\/uploads\/2026\/01\/4-ACO-DMT-100x100.jpg",100,100,true]},"uagb_author_info":{"display_name":"Richard Wood","author_link":"https:\/\/frcs-research.com\/es\/author\/"},"uagb_comment_info":100,"uagb_excerpt":"4-ACO-DMT 4-ACO-DMT is a synthetically produced psychoactive drug to be a potentially useful alternative to psilocybin for pharmacological studies. The compound has been a potentially useful alternative to psilocybin for&hellip;&euro;190.00 - &euro;2,900.00Rango de precios: desde &euro;190.00 hasta &euro;2,900.00Seleccionar opciones Este producto tiene m\u00faltiples variantes. Las opciones se pueden elegir en la&hellip;","_links":{"self":[{"href":"https:\/\/frcs-research.com\/es\/wp-json\/wp\/v2\/product\/1317","targetHints":{"allow":["GET"]}}],"collection":[{"href":"https:\/\/frcs-research.com\/es\/wp-json\/wp\/v2\/product"}],"about":[{"href":"https:\/\/frcs-research.com\/es\/wp-json\/wp\/v2\/types\/product"}],"replies":[{"embeddable":true,"href":"https:\/\/frcs-research.com\/es\/wp-json\/wp\/v2\/comments?post=1317"}],"wp:featuredmedia":[{"embeddable":true,"href":"https:\/\/frcs-research.com\/es\/wp-json\/wp\/v2\/media\/1344"}],"wp:attachment":[{"href":"https:\/\/frcs-research.com\/es\/wp-json\/wp\/v2\/media?parent=1317"}],"wp:term":[{"taxonomy":"product_brand","embeddable":true,"href":"https:\/\/frcs-research.com\/es\/wp-json\/wp\/v2\/product_brand?post=1317"},{"taxonomy":"product_cat","embeddable":true,"href":"https:\/\/frcs-research.com\/es\/wp-json\/wp\/v2\/product_cat?post=1317"},{"taxonomy":"product_tag","embeddable":true,"href":"https:\/\/frcs-research.com\/es\/wp-json\/wp\/v2\/product_tag?post=1317"}],"curies":[{"name":"wp","href":"https:\/\/api.w.org\/{rel}","templated":true}]}}