{"id":1356,"date":"2026-01-29T18:54:25","date_gmt":"2026-01-29T18:54:25","guid":{"rendered":"https:\/\/frcs-research.com\/?post_type=product&#038;p=1356"},"modified":"2026-04-05T13:42:21","modified_gmt":"2026-04-05T13:42:21","slug":"pentedrone","status":"publish","type":"product","link":"https:\/\/frcs-research.com\/es\/product\/pentedrone\/","title":{"rendered":"Pentedrone"},"content":{"rendered":"<h3 style=\"text-align: center\"><strong>Pentedrone<\/strong><\/h3>\n<p>Pentedrone (also known as\u03b1-Methylamino-Valerophenone, MAVP, PD), acts as a designer drug with stimulant effects. It was found since 2010 as an ingredient in a number of \u201cbath salt\u201d mixes sold as legal highs. It acts as a reuptake inhibitor for dopamine and norepinephrine without causing release, the same mechanism of action as methylphenidate<a href=\"https:\/\/packmancartsshop.com\/shop\/\">.<\/a><\/p>\n<h2>How To Buy Pentedrone Online?<\/h2>\n<p>We offers you the possibility to get it online without hassles or awkwardness. We work endlessly to make sure you save money every time you order online from our research chemicals <a href=\"https:\/\/researchchemicalshop.com\/shop\/\">comercio<\/a>. Our goal is to make our clients pay less and get more.<\/p>\n<h2>Product Information<\/h2>\n<table class=\"shop_attributes\" width=\"1020\">\n<tbody>\n<tr>\n<th>Product name<\/th>\n<td>\u00a0\u00a0 Pentedrone<\/td>\n<\/tr>\n<tr>\n<th>Nombre qu\u00edmico<\/th>\n<td>\u00a0\u00a0 (\u00b1)-1-phenyl-2-(methylamino)pentan-1-one<\/td>\n<\/tr>\n<tr>\n<th>Formal Name<\/th>\n<td>\u00a0\u00a0 \u03b1-Methylamino-Valerophenone, MAVP, PD, 2-(methylamino)-1-phenylpentan-1-one , \u03b1-methylamino-valerophenone<\/td>\n<\/tr>\n<tr>\n<th>Formula<\/th>\n<td>\u00a0\u00a0 C12H17NO<\/td>\n<\/tr>\n<tr>\n<th>Molar mass<\/th>\n<td>\u00a0\u00a0 191.27<\/td>\n<\/tr>\n<tr>\n<th>Apariencia<\/th>\n<td>\u00a0\u00a0 A crystalline solid<\/td>\n<\/tr>\n<tr>\n<th>Purity<\/th>\n<td>\u00a0\u00a0 \u2265 99%<\/td>\n<\/tr>\n<tr>\n<th>Stability<\/th>\n<td>\u00a0\u00a0 2 Years<\/td>\n<\/tr>\n<tr>\n<th>Storage<\/th>\n<td>\u00a0\u00a0 -20\u00b0<\/td>\n<\/tr>\n<\/tbody>\n<\/table>","protected":false},"excerpt":{"rendered":"<p>Pentedrone Pentedrone (also known as\u03b1-Methylamino-Valerophenone, MAVP, PD), acts as a designer drug with stimulant effects. It was found since 2010 as an ingredient in a number of \u201cbath salt\u201d mixes&hellip;<\/p>\n<p class=\"product woocommerce add_to_cart_inline\" style=\"border:4px solid #ccc; padding: 12px;\"><span class=\"woocommerce-Price-amount amount\" aria-hidden=\"true\"><bdi><span class=\"woocommerce-Price-currencySymbol\">&euro;<\/span>175.00<\/bdi><\/span> <span aria-hidden=\"true\">&#8211;<\/span> <span class=\"woocommerce-Price-amount amount\" aria-hidden=\"true\"><bdi><span class=\"woocommerce-Price-currencySymbol\">&euro;<\/span>2,800.00<\/bdi><\/span><span class=\"screen-reader-text\" data-no-translation=\"\" data-trp-gettext=\"\">Rango de precios: desde &euro;175.00 hasta &euro;2,800.00<\/span><a href=\"https:\/\/frcs-research.com\/es\/product\/pentedrone\/\" aria-describedby=\"woocommerce_loop_add_to_cart_link_describedby_1356\" data-quantity=\"1\" class=\"button product_type_variable add_to_cart_button\" data-product_id=\"1356\" data-product_sku=\"\" aria-label=\"Elige las opciones para \u201cPentedrone\u201d\" rel=\"nofollow\" data-no-translation=\"\" data-trp-gettext=\"\" data-no-translation-aria-label=\"\">Seleccionar opciones<\/a>\t<span id=\"woocommerce_loop_add_to_cart_link_describedby_1356\" class=\"screen-reader-text\"><br \/>\n\t\tEste producto tiene m\u00faltiples variantes. Las opciones se pueden elegir en la p\u00e1gina de producto\t<\/span><\/p>","protected":false},"featured_media":1379,"comment_status":"closed","ping_status":"closed","template":"","meta":{"_uag_custom_page_level_css":""},"product_brand":[],"product_cat":[25],"product_tag":[397,870,871,872,873,400,401,402,403,404,405,406,874,421,875,876,877,878,422,424,879,880,881,882,883,884,885,886,425,426,427,428,429,430,431,432,433,434,435,436,437,438,439,440,441,442,443,444,445,446,447,887,449,450,451,452,453,456],"class_list":{"0":"post-1356","1":"product","2":"type-product","3":"status-publish","4":"has-post-thumbnail","6":"product_cat-synthetic-cannabinoids","7":"product_tag-2c-research-chemical","8":"product_tag-4-methyl-pentedrone","9":"product_tag-4-chloro-pentedrone","10":"product_tag-4-methyl-pentedrone-experience","11":"product_tag-buy-pentedrone","12":"product_tag-buy-research-chemical","13":"product_tag-buy-research-chemicals","14":"product_tag-buy-research-chemicals-online","15":"product_tag-cabergoline-research-chemical","16":"product_tag-canadian-research-chemicals","17":"product_tag-domestic-research-chemicals","18":"product_tag-enclomiphene-research-chemical","19":"product_tag-ethyl-pentedrone","20":"product_tag-legal-research-chemicals","21":"product_tag-n-ethyl-nor-pentedrone","22":"product_tag-n-ethyl-pentedrone","23":"product_tag-n-ethyl-pentedrone-buy","24":"product_tag-n-ethyl-pentedrone-vape","25":"product_tag-opioid-research-chemicals","26":"product_tag-order-research-chemicals","27":"product_tag-pentedrone","28":"product_tag-pentedrone-5e","29":"product_tag-pentedrone-dd","30":"product_tag-pentedrone-erowid","31":"product_tag-pentedrone-for-sale","32":"product_tag-pentedrone-norephedrine","33":"product_tag-pentedrone-online","34":"product_tag-pentedrone-usa","35":"product_tag-quality-research-chemicals","36":"product_tag-reddit-research-chemicals","37":"product_tag-research-chemical","38":"product_tag-research-chemical-drugs","39":"product_tag-research-chemical-forum","40":"product_tag-research-chemical-opiates","41":"product_tag-research-chemical-reddit","42":"product_tag-research-chemical-shop","43":"product_tag-research-chemical-sources","44":"product_tag-research-chemical-store","45":"product_tag-research-chemical-supply","46":"product_tag-research-chemical-vendor-usa","47":"product_tag-research-chemical-vendors","48":"product_tag-research-chemical-vendors-reddit","49":"product_tag-research-chemicals","50":"product_tag-research-chemicals-for-sale","51":"product_tag-research-chemicals-kopen","52":"product_tag-research-chemicals-online","53":"product_tag-research-chemicals-reddit","54":"product_tag-research-chemicals-sale","55":"product_tag-research-chemicals-store","56":"product_tag-semaglutide-research-chemical","57":"product_tag-sunnyside-research-chemicals","58":"product_tag-synthesis-of-pentedrone","59":"product_tag-tadalafil-research-chemical","60":"product_tag-tirzepatide-research-chemical","61":"product_tag-tirzepatide-research-chemical-for-sale","62":"product_tag-toronto-research-chemicals","63":"product_tag-what-are-research-chemicals","64":"product_tag-where-to-buy-research-chemicals","66":"first","67":"instock","68":"shipping-taxable","69":"purchasable","70":"product-type-variable"},"yoast_head":"<!-- This site is optimized with the Yoast SEO plugin v27.1.1 - https:\/\/yoast.com\/product\/yoast-seo-wordpress\/ -->\n<title>Pentedrone - wholesale supplier of research chemicals, 4mmc, 3mmc, MDPHP, Alpha PVP and more<\/title>\n<meta name=\"robots\" content=\"index, follow, max-snippet:-1, max-image-preview:large, max-video-preview:-1\" \/>\n<link rel=\"canonical\" href=\"https:\/\/frcs-research.com\/es\/product\/pentedrone\/\" \/>\n<meta property=\"og:locale\" content=\"es_ES\" \/>\n<meta property=\"og:type\" content=\"article\" \/>\n<meta property=\"og:title\" content=\"Pentedrone - wholesale supplier of research chemicals, 4mmc, 3mmc, MDPHP, Alpha PVP and more\" \/>\n<meta property=\"og:description\" content=\"Pentedrone Pentedrone (also known as\u03b1-Methylamino-Valerophenone, MAVP, PD), acts as a designer drug with stimulant effects. It was found since 2010 as an ingredient in a number of \u201cbath salt\u201d mixes&hellip;&euro;175.00 - &euro;2,800.00Rango de precios: desde &euro;175.00 hasta &euro;2,800.00Seleccionar opciones  Este producto tiene m\u00faltiples variantes. Las opciones se pueden elegir en la p\u00e1gina de producto\" \/>\n<meta property=\"og:url\" content=\"https:\/\/frcs-research.com\/es\/product\/pentedrone\/\" \/>\n<meta property=\"og:site_name\" content=\"wholesale supplier of research chemicals, 4mmc, 3mmc, MDPHP, Alpha PVP and more\" \/>\n<meta property=\"article:modified_time\" content=\"2026-04-05T13:42:21+00:00\" \/>\n<meta name=\"twitter:card\" content=\"summary_large_image\" \/>\n<meta name=\"twitter:label1\" content=\"Disponibilidad\" \/>\n\t<meta name=\"twitter:data1\" content=\"Disponible\" \/>\n<script type=\"application\/ld+json\" class=\"yoast-schema-graph\">{\"@context\":\"https:\/\/schema.org\",\"@graph\":[{\"@type\":[\"WebPage\",\"ItemPage\"],\"@id\":\"https:\/\/frcs-research.com\/product\/pentedrone\/\",\"url\":\"https:\/\/frcs-research.com\/product\/pentedrone\/\",\"name\":\"Pentedrone - wholesale supplier of research chemicals, 4mmc, 3mmc, MDPHP, Alpha PVP and more\",\"isPartOf\":{\"@id\":\"https:\/\/frcs-research.com\/#website\"},\"primaryImageOfPage\":{\"@id\":\"https:\/\/frcs-research.com\/product\/pentedrone\/#primaryimage\"},\"image\":{\"@id\":\"https:\/\/frcs-research.com\/product\/pentedrone\/#primaryimage\"},\"thumbnailUrl\":\"https:\/\/frcs-research.com\/wp-content\/uploads\/2026\/01\/Pentedrone.jpg\",\"datePublished\":\"2026-01-29T18:54:25+00:00\",\"dateModified\":\"2026-04-05T13:42:21+00:00\",\"breadcrumb\":{\"@id\":\"https:\/\/frcs-research.com\/product\/pentedrone\/#breadcrumb\"},\"inLanguage\":\"es\",\"potentialAction\":[{\"@type\":\"ReadAction\",\"target\":[\"https:\/\/frcs-research.com\/product\/pentedrone\/\"]}]},{\"@type\":\"ImageObject\",\"inLanguage\":\"es\",\"@id\":\"https:\/\/frcs-research.com\/product\/pentedrone\/#primaryimage\",\"url\":\"https:\/\/frcs-research.com\/wp-content\/uploads\/2026\/01\/Pentedrone.jpg\",\"contentUrl\":\"https:\/\/frcs-research.com\/wp-content\/uploads\/2026\/01\/Pentedrone.jpg\",\"width\":600,\"height\":600},{\"@type\":\"BreadcrumbList\",\"@id\":\"https:\/\/frcs-research.com\/product\/pentedrone\/#breadcrumb\",\"itemListElement\":[{\"@type\":\"ListItem\",\"position\":1,\"name\":\"Home\",\"item\":\"https:\/\/frcs-research.com\/\"},{\"@type\":\"ListItem\",\"position\":2,\"name\":\"Shop\",\"item\":\"https:\/\/frcs-research.com\/shop\/\"},{\"@type\":\"ListItem\",\"position\":3,\"name\":\"Pentedrone\"}]},{\"@type\":\"WebSite\",\"@id\":\"https:\/\/frcs-research.com\/#website\",\"url\":\"https:\/\/frcs-research.com\/\",\"name\":\"wholesale supplier of research chemicals, 4mmc, 3mmc, MDPHP, Alpha PVP and more\",\"description\":\"Wholesale research chemicals\",\"potentialAction\":[{\"@type\":\"SearchAction\",\"target\":{\"@type\":\"EntryPoint\",\"urlTemplate\":\"https:\/\/frcs-research.com\/?s={search_term_string}\"},\"query-input\":{\"@type\":\"PropertyValueSpecification\",\"valueRequired\":true,\"valueName\":\"search_term_string\"}}],\"inLanguage\":\"es\"}]}<\/script>\n<meta property=\"og:availability\" content=\"instock\" \/>\n<meta property=\"product:availability\" content=\"instock\" \/>\n<meta property=\"product:condition\" content=\"new\" \/>\n<!-- \/ Yoast SEO plugin. -->","yoast_head_json":{"title":"Pentedrone - wholesale supplier of research chemicals, 4mmc, 3mmc, MDPHP, Alpha PVP and more","robots":{"index":"index","follow":"follow","max-snippet":"max-snippet:-1","max-image-preview":"max-image-preview:large","max-video-preview":"max-video-preview:-1"},"canonical":"https:\/\/frcs-research.com\/es\/product\/pentedrone\/","og_locale":"es_ES","og_type":"article","og_title":"Pentedrone - wholesale supplier of research chemicals, 4mmc, 3mmc, MDPHP, Alpha PVP and more","og_description":"Pentedrone Pentedrone (also known as\u03b1-Methylamino-Valerophenone, MAVP, PD), acts as a designer drug with stimulant effects. It was found since 2010 as an ingredient in a number of \u201cbath salt\u201d mixes&hellip;&euro;175.00 - &euro;2,800.00Rango de precios: desde &euro;175.00 hasta &euro;2,800.00Seleccionar opciones  Este producto tiene m\u00faltiples variantes. Las opciones se pueden elegir en la p\u00e1gina de producto","og_url":"https:\/\/frcs-research.com\/es\/product\/pentedrone\/","og_site_name":"wholesale supplier of research chemicals, 4mmc, 3mmc, MDPHP, Alpha PVP and more","article_modified_time":"2026-04-05T13:42:21+00:00","twitter_card":"summary_large_image","twitter_misc":{"Disponibilidad":"Disponible"},"schema":{"@context":"https:\/\/schema.org","@graph":[{"@type":["WebPage","ItemPage"],"@id":"https:\/\/frcs-research.com\/product\/pentedrone\/","url":"https:\/\/frcs-research.com\/product\/pentedrone\/","name":"Pentedrone - wholesale supplier of research chemicals, 4mmc, 3mmc, MDPHP, Alpha PVP and more","isPartOf":{"@id":"https:\/\/frcs-research.com\/#website"},"primaryImageOfPage":{"@id":"https:\/\/frcs-research.com\/product\/pentedrone\/#primaryimage"},"image":{"@id":"https:\/\/frcs-research.com\/product\/pentedrone\/#primaryimage"},"thumbnailUrl":"https:\/\/frcs-research.com\/wp-content\/uploads\/2026\/01\/Pentedrone.jpg","datePublished":"2026-01-29T18:54:25+00:00","dateModified":"2026-04-05T13:42:21+00:00","breadcrumb":{"@id":"https:\/\/frcs-research.com\/product\/pentedrone\/#breadcrumb"},"inLanguage":"es","potentialAction":[{"@type":"ReadAction","target":["https:\/\/frcs-research.com\/product\/pentedrone\/"]}]},{"@type":"ImageObject","inLanguage":"es","@id":"https:\/\/frcs-research.com\/product\/pentedrone\/#primaryimage","url":"https:\/\/frcs-research.com\/wp-content\/uploads\/2026\/01\/Pentedrone.jpg","contentUrl":"https:\/\/frcs-research.com\/wp-content\/uploads\/2026\/01\/Pentedrone.jpg","width":600,"height":600},{"@type":"BreadcrumbList","@id":"https:\/\/frcs-research.com\/product\/pentedrone\/#breadcrumb","itemListElement":[{"@type":"ListItem","position":1,"name":"Home","item":"https:\/\/frcs-research.com\/"},{"@type":"ListItem","position":2,"name":"Shop","item":"https:\/\/frcs-research.com\/shop\/"},{"@type":"ListItem","position":3,"name":"Pentedrone"}]},{"@type":"WebSite","@id":"https:\/\/frcs-research.com\/#website","url":"https:\/\/frcs-research.com\/","name":"Proveedor mayorista de productos qu\u00edmicos de investigaci\u00f3n, 4 mmc, 3 mmc, MDPHP, Alpha PVP y m\u00e1s","description":"Productos qu\u00edmicos de investigaci\u00f3n al por mayor","potentialAction":[{"@type":"SearchAction","target":{"@type":"EntryPoint","urlTemplate":"https:\/\/frcs-research.com\/?s={search_term_string}"},"query-input":{"@type":"PropertyValueSpecification","valueRequired":true,"valueName":"search_term_string"}}],"inLanguage":"es"}]},"og_availability":"instock","product_availability":"instock","product_condition":"new"},"uagb_featured_image_src":{"full":["https:\/\/frcs-research.com\/wp-content\/uploads\/2026\/01\/Pentedrone.jpg",600,600,false],"thumbnail":["https:\/\/frcs-research.com\/wp-content\/uploads\/2026\/01\/Pentedrone-150x150.jpg",150,150,true],"medium":["https:\/\/frcs-research.com\/wp-content\/uploads\/2026\/01\/Pentedrone-300x300.jpg",300,300,true],"medium_large":["https:\/\/frcs-research.com\/wp-content\/uploads\/2026\/01\/Pentedrone.jpg",600,600,false],"large":["https:\/\/frcs-research.com\/wp-content\/uploads\/2026\/01\/Pentedrone.jpg",600,600,false],"1536x1536":["https:\/\/frcs-research.com\/wp-content\/uploads\/2026\/01\/Pentedrone.jpg",600,600,false],"2048x2048":["https:\/\/frcs-research.com\/wp-content\/uploads\/2026\/01\/Pentedrone.jpg",600,600,false],"trp-custom-language-flag":["https:\/\/frcs-research.com\/wp-content\/uploads\/2026\/01\/Pentedrone-12x12.jpg",12,12,true],"post-thumbnail":["https:\/\/frcs-research.com\/wp-content\/uploads\/2026\/01\/Pentedrone.jpg",600,600,false],"elite-commerce-slider":["https:\/\/frcs-research.com\/wp-content\/uploads\/2026\/01\/Pentedrone.jpg",600,600,false],"elite-commerce-hero":["https:\/\/frcs-research.com\/wp-content\/uploads\/2026\/01\/Pentedrone.jpg",600,600,false],"elite-commerce-portfolio":["https:\/\/frcs-research.com\/wp-content\/uploads\/2026\/01\/Pentedrone-400x400.jpg",400,400,true],"woocommerce_thumbnail":["https:\/\/frcs-research.com\/wp-content\/uploads\/2026\/01\/Pentedrone-300x300.jpg",300,300,true],"woocommerce_single":["https:\/\/frcs-research.com\/wp-content\/uploads\/2026\/01\/Pentedrone.jpg",600,600,false],"woocommerce_gallery_thumbnail":["https:\/\/frcs-research.com\/wp-content\/uploads\/2026\/01\/Pentedrone-100x100.jpg",100,100,true]},"uagb_author_info":{"display_name":"Richard Wood","author_link":"https:\/\/frcs-research.com\/es\/author\/"},"uagb_comment_info":91,"uagb_excerpt":"Pentedrone Pentedrone (also known as\u03b1-Methylamino-Valerophenone, MAVP, PD), acts as a designer drug with stimulant effects. It was found since 2010 as an ingredient in a number of \u201cbath salt\u201d mixes&hellip;&euro;175.00 - &euro;2,800.00Rango de precios: desde &euro;175.00 hasta &euro;2,800.00Seleccionar opciones Este producto tiene m\u00faltiples variantes. Las opciones se pueden elegir en la&hellip;","_links":{"self":[{"href":"https:\/\/frcs-research.com\/es\/wp-json\/wp\/v2\/product\/1356","targetHints":{"allow":["GET"]}}],"collection":[{"href":"https:\/\/frcs-research.com\/es\/wp-json\/wp\/v2\/product"}],"about":[{"href":"https:\/\/frcs-research.com\/es\/wp-json\/wp\/v2\/types\/product"}],"replies":[{"embeddable":true,"href":"https:\/\/frcs-research.com\/es\/wp-json\/wp\/v2\/comments?post=1356"}],"wp:featuredmedia":[{"embeddable":true,"href":"https:\/\/frcs-research.com\/es\/wp-json\/wp\/v2\/media\/1379"}],"wp:attachment":[{"href":"https:\/\/frcs-research.com\/es\/wp-json\/wp\/v2\/media?parent=1356"}],"wp:term":[{"taxonomy":"product_brand","embeddable":true,"href":"https:\/\/frcs-research.com\/es\/wp-json\/wp\/v2\/product_brand?post=1356"},{"taxonomy":"product_cat","embeddable":true,"href":"https:\/\/frcs-research.com\/es\/wp-json\/wp\/v2\/product_cat?post=1356"},{"taxonomy":"product_tag","embeddable":true,"href":"https:\/\/frcs-research.com\/es\/wp-json\/wp\/v2\/product_tag?post=1356"}],"curies":[{"name":"wp","href":"https:\/\/api.w.org\/{rel}","templated":true}]}}