{"id":1370,"date":"2026-01-29T18:54:26","date_gmt":"2026-01-29T18:54:26","guid":{"rendered":"https:\/\/frcs-research.com\/?post_type=product&#038;p=1370"},"modified":"2026-04-05T11:32:21","modified_gmt":"2026-04-05T11:32:21","slug":"methamphetamine","status":"publish","type":"product","link":"https:\/\/frcs-research.com\/es\/product\/methamphetamine\/","title":{"rendered":"Methamphetamine"},"content":{"rendered":"<h3 style=\"text-align: center\"><strong>Methamphetamine<\/strong><\/h3>\n<p>Methamphetamine is a powerful, highly addictive stimulant that affects the central nervous system. Crystal methamphetamine is a form of the drug that looks like glass fragments or shiny, bluish-white rocks. It is chemically similar to amphetamine, a drug used to treat attention-deficit hyperactivity disorder (ADHD) and narcolepsy, a sleep disorder.<\/p>\n<h2>How To Buy Methamphetamine Online?<\/h2>\n<p>We offers you the possibility to get it online without hassles or awkwardness. We work endlessly to make sure you save money every time you order methamphetamine online from our research chemicals <a href=\"https:\/\/researchchemicalshop.com\/shop\/\">comercio<\/a>. Our goal is to make our clients pay less and get more.<\/p>\n<h2>Street and Chemical Names<\/h2>\n<p>It is available in the market under various names such as <i>blue, crystal, ice, meth, <\/i>y <i>speed<\/i>. . Since it is a common recreational drug which is why it has become associated with various street names such as <strong>blue<\/strong>, <strong>crystal<\/strong>, <strong>ice<\/strong>, <strong>meth<\/strong>, y <strong>speed<\/strong><a href=\"https:\/\/motorboatsmarine.com\/shop\/\">.<\/a><\/p>\n<h2>Uses<\/h2>\n<p class=\"highlight\">People can take methamphetamine by:<\/p>\n<ul>\n<li>Smoking<\/li>\n<li>Swallowing (pill)<\/li>\n<li>Snorting<\/li>\n<li>Injecting the powder that has been dissolved in water\/alcohol<\/li>\n<\/ul>\n<p>Because the \u201chigh\u201d from the drug both starts and fades quickly, people often take repeated doses in a \u201cbinge and crash\u201d pattern. In some cases, people take it in a form of binging known as a \u201crun,\u201d giving up food and sleep while continuing to take the drug every few hours for up to several days.<\/p>","protected":false},"excerpt":{"rendered":"<p>Methamphetamine Methamphetamine is a powerful, highly addictive stimulant that affects the central nervous system. Crystal methamphetamine is a form of the drug that looks like glass fragments or shiny, bluish-white&hellip;<\/p>\n<p class=\"product woocommerce add_to_cart_inline\" style=\"border:4px solid #ccc; padding: 12px;\"><span class=\"woocommerce-Price-amount amount\" aria-hidden=\"true\"><bdi><span class=\"woocommerce-Price-currencySymbol\">&euro;<\/span>160.00<\/bdi><\/span> <span aria-hidden=\"true\">&#8211;<\/span> <span class=\"woocommerce-Price-amount amount\" aria-hidden=\"true\"><bdi><span class=\"woocommerce-Price-currencySymbol\">&euro;<\/span>2,600.00<\/bdi><\/span><span class=\"screen-reader-text\" data-no-translation=\"\" data-trp-gettext=\"\">Rango de precios: desde &euro;160.00 hasta &euro;2,600.00<\/span><a href=\"https:\/\/frcs-research.com\/es\/product\/methamphetamine\/\" aria-describedby=\"woocommerce_loop_add_to_cart_link_describedby_1370\" data-quantity=\"1\" class=\"button product_type_variable add_to_cart_button\" data-product_id=\"1370\" data-product_sku=\"\" aria-label=\"Elige las opciones para \u201cMethamphetamine\u201d\" rel=\"nofollow\" data-no-translation=\"\" data-trp-gettext=\"\" data-no-translation-aria-label=\"\">Seleccionar opciones<\/a>\t<span id=\"woocommerce_loop_add_to_cart_link_describedby_1370\" class=\"screen-reader-text\"><br \/>\n\t\tEste producto tiene m\u00faltiples variantes. Las opciones se pueden elegir en la p\u00e1gina de producto\t<\/span><\/p>","protected":false},"featured_media":1381,"comment_status":"closed","ping_status":"closed","template":"","meta":{"_uag_custom_page_level_css":""},"product_brand":[],"product_cat":[25],"product_tag":[397,899,400,401,402,403,404,900,405,406,901,902,903,421,904,905,906,907,908,909,910,911,912,913,914,915,916,917,422,424,425,426,427,428,429,430,431,432,433,434,435,436,437,438,439,440,441,442,443,444,445,446,447,449,450,451,452,453,918,456],"class_list":{"0":"post-1370","1":"product","2":"type-product","3":"status-publish","4":"has-post-thumbnail","6":"product_cat-synthetic-cannabinoids","7":"product_tag-2c-research-chemical","8":"product_tag-amphetamine-vs-methamphetamine","9":"product_tag-buy-research-chemical","10":"product_tag-buy-research-chemicals","11":"product_tag-buy-research-chemicals-online","12":"product_tag-cabergoline-research-chemical","13":"product_tag-canadian-research-chemicals","14":"product_tag-crystal-methamphetamine","15":"product_tag-domestic-research-chemicals","16":"product_tag-enclomiphene-research-chemical","17":"product_tag-how-long-does-methamphetamine-stay-in-your-system","18":"product_tag-how-methamphetamine-works","19":"product_tag-how-to-make-methamphetamine","20":"product_tag-legal-research-chemicals","21":"product_tag-methamphetamine","22":"product_tag-methamphetamine-abuse-icd-10","23":"product_tag-methamphetamine-chemical-structure","24":"product_tag-methamphetamine-dosage","25":"product_tag-methamphetamine-effects","26":"product_tag-methamphetamine-hydrochloride","27":"product_tag-methamphetamine-interactions","28":"product_tag-methamphetamine-meaning","29":"product_tag-methamphetamine-side-effects","30":"product_tag-methamphetamine-structure","31":"product_tag-methamphetamine-use-icd-10","32":"product_tag-methamphetamine-vs-amphetamine","33":"product_tag-methamphetamine-induced-rhabdomyolysis","34":"product_tag-methamphetamine-induced-rhabdomyolysis-symptoms","35":"product_tag-opioid-research-chemicals","36":"product_tag-order-research-chemicals","37":"product_tag-quality-research-chemicals","38":"product_tag-reddit-research-chemicals","39":"product_tag-research-chemical","40":"product_tag-research-chemical-drugs","41":"product_tag-research-chemical-forum","42":"product_tag-research-chemical-opiates","43":"product_tag-research-chemical-reddit","44":"product_tag-research-chemical-shop","45":"product_tag-research-chemical-sources","46":"product_tag-research-chemical-store","47":"product_tag-research-chemical-supply","48":"product_tag-research-chemical-vendor-usa","49":"product_tag-research-chemical-vendors","50":"product_tag-research-chemical-vendors-reddit","51":"product_tag-research-chemicals","52":"product_tag-research-chemicals-for-sale","53":"product_tag-research-chemicals-kopen","54":"product_tag-research-chemicals-online","55":"product_tag-research-chemicals-reddit","56":"product_tag-research-chemicals-sale","57":"product_tag-research-chemicals-store","58":"product_tag-semaglutide-research-chemical","59":"product_tag-sunnyside-research-chemicals","60":"product_tag-tadalafil-research-chemical","61":"product_tag-tirzepatide-research-chemical","62":"product_tag-tirzepatide-research-chemical-for-sale","63":"product_tag-toronto-research-chemicals","64":"product_tag-what-are-research-chemicals","65":"product_tag-what-is-methamphetamine","66":"product_tag-where-to-buy-research-chemicals","68":"first","69":"instock","70":"shipping-taxable","71":"purchasable","72":"product-type-variable"},"yoast_head":"<!-- This site is optimized with the Yoast SEO plugin v27.1.1 - https:\/\/yoast.com\/product\/yoast-seo-wordpress\/ -->\n<title>Methamphetamine - wholesale supplier of research chemicals, 4mmc, 3mmc, MDPHP, Alpha PVP and more<\/title>\n<meta name=\"robots\" content=\"index, follow, max-snippet:-1, max-image-preview:large, max-video-preview:-1\" \/>\n<link rel=\"canonical\" href=\"https:\/\/frcs-research.com\/es\/product\/methamphetamine\/\" \/>\n<meta property=\"og:locale\" content=\"es_ES\" \/>\n<meta property=\"og:type\" content=\"article\" \/>\n<meta property=\"og:title\" content=\"Methamphetamine - wholesale supplier of research chemicals, 4mmc, 3mmc, MDPHP, Alpha PVP and more\" \/>\n<meta property=\"og:description\" content=\"Methamphetamine Methamphetamine is a powerful, highly addictive stimulant that affects the central nervous system. Crystal methamphetamine is a form of the drug that looks like glass fragments or shiny, bluish-white&hellip;&euro;160.00 - &euro;2,600.00Rango de precios: desde &euro;160.00 hasta &euro;2,600.00Seleccionar opciones  Este producto tiene m\u00faltiples variantes. Las opciones se pueden elegir en la p\u00e1gina de producto\" \/>\n<meta property=\"og:url\" content=\"https:\/\/frcs-research.com\/es\/product\/methamphetamine\/\" \/>\n<meta property=\"og:site_name\" content=\"wholesale supplier of research chemicals, 4mmc, 3mmc, MDPHP, Alpha PVP and more\" \/>\n<meta property=\"article:modified_time\" content=\"2026-04-05T11:32:21+00:00\" \/>\n<meta name=\"twitter:card\" content=\"summary_large_image\" \/>\n<meta name=\"twitter:label1\" content=\"Disponibilidad\" \/>\n\t<meta name=\"twitter:data1\" content=\"Disponible\" \/>\n<script type=\"application\/ld+json\" class=\"yoast-schema-graph\">{\"@context\":\"https:\/\/schema.org\",\"@graph\":[{\"@type\":[\"WebPage\",\"ItemPage\"],\"@id\":\"https:\/\/frcs-research.com\/product\/methamphetamine\/\",\"url\":\"https:\/\/frcs-research.com\/product\/methamphetamine\/\",\"name\":\"Methamphetamine - wholesale supplier of research chemicals, 4mmc, 3mmc, MDPHP, Alpha PVP and more\",\"isPartOf\":{\"@id\":\"https:\/\/frcs-research.com\/#website\"},\"primaryImageOfPage\":{\"@id\":\"https:\/\/frcs-research.com\/product\/methamphetamine\/#primaryimage\"},\"image\":{\"@id\":\"https:\/\/frcs-research.com\/product\/methamphetamine\/#primaryimage\"},\"thumbnailUrl\":\"https:\/\/frcs-research.com\/wp-content\/uploads\/2026\/01\/Methamphetamine.png\",\"datePublished\":\"2026-01-29T18:54:26+00:00\",\"dateModified\":\"2026-04-05T11:32:21+00:00\",\"breadcrumb\":{\"@id\":\"https:\/\/frcs-research.com\/product\/methamphetamine\/#breadcrumb\"},\"inLanguage\":\"es\",\"potentialAction\":[{\"@type\":\"ReadAction\",\"target\":[\"https:\/\/frcs-research.com\/product\/methamphetamine\/\"]}]},{\"@type\":\"ImageObject\",\"inLanguage\":\"es\",\"@id\":\"https:\/\/frcs-research.com\/product\/methamphetamine\/#primaryimage\",\"url\":\"https:\/\/frcs-research.com\/wp-content\/uploads\/2026\/01\/Methamphetamine.png\",\"contentUrl\":\"https:\/\/frcs-research.com\/wp-content\/uploads\/2026\/01\/Methamphetamine.png\",\"width\":600,\"height\":600},{\"@type\":\"BreadcrumbList\",\"@id\":\"https:\/\/frcs-research.com\/product\/methamphetamine\/#breadcrumb\",\"itemListElement\":[{\"@type\":\"ListItem\",\"position\":1,\"name\":\"Home\",\"item\":\"https:\/\/frcs-research.com\/\"},{\"@type\":\"ListItem\",\"position\":2,\"name\":\"Shop\",\"item\":\"https:\/\/frcs-research.com\/shop\/\"},{\"@type\":\"ListItem\",\"position\":3,\"name\":\"Methamphetamine\"}]},{\"@type\":\"WebSite\",\"@id\":\"https:\/\/frcs-research.com\/#website\",\"url\":\"https:\/\/frcs-research.com\/\",\"name\":\"wholesale supplier of research chemicals, 4mmc, 3mmc, MDPHP, Alpha PVP and more\",\"description\":\"Wholesale research chemicals\",\"potentialAction\":[{\"@type\":\"SearchAction\",\"target\":{\"@type\":\"EntryPoint\",\"urlTemplate\":\"https:\/\/frcs-research.com\/?s={search_term_string}\"},\"query-input\":{\"@type\":\"PropertyValueSpecification\",\"valueRequired\":true,\"valueName\":\"search_term_string\"}}],\"inLanguage\":\"es\"}]}<\/script>\n<meta property=\"og:availability\" content=\"instock\" \/>\n<meta property=\"product:availability\" content=\"instock\" \/>\n<meta property=\"product:condition\" content=\"new\" \/>\n<!-- \/ Yoast SEO plugin. -->","yoast_head_json":{"title":"Methamphetamine - wholesale supplier of research chemicals, 4mmc, 3mmc, MDPHP, Alpha PVP and more","robots":{"index":"index","follow":"follow","max-snippet":"max-snippet:-1","max-image-preview":"max-image-preview:large","max-video-preview":"max-video-preview:-1"},"canonical":"https:\/\/frcs-research.com\/es\/product\/methamphetamine\/","og_locale":"es_ES","og_type":"article","og_title":"Methamphetamine - wholesale supplier of research chemicals, 4mmc, 3mmc, MDPHP, Alpha PVP and more","og_description":"Methamphetamine Methamphetamine is a powerful, highly addictive stimulant that affects the central nervous system. Crystal methamphetamine is a form of the drug that looks like glass fragments or shiny, bluish-white&hellip;&euro;160.00 - &euro;2,600.00Rango de precios: desde &euro;160.00 hasta &euro;2,600.00Seleccionar opciones  Este producto tiene m\u00faltiples variantes. Las opciones se pueden elegir en la p\u00e1gina de producto","og_url":"https:\/\/frcs-research.com\/es\/product\/methamphetamine\/","og_site_name":"wholesale supplier of research chemicals, 4mmc, 3mmc, MDPHP, Alpha PVP and more","article_modified_time":"2026-04-05T11:32:21+00:00","twitter_card":"summary_large_image","twitter_misc":{"Disponibilidad":"Disponible"},"schema":{"@context":"https:\/\/schema.org","@graph":[{"@type":["WebPage","ItemPage"],"@id":"https:\/\/frcs-research.com\/product\/methamphetamine\/","url":"https:\/\/frcs-research.com\/product\/methamphetamine\/","name":"Methamphetamine - wholesale supplier of research chemicals, 4mmc, 3mmc, MDPHP, Alpha PVP and more","isPartOf":{"@id":"https:\/\/frcs-research.com\/#website"},"primaryImageOfPage":{"@id":"https:\/\/frcs-research.com\/product\/methamphetamine\/#primaryimage"},"image":{"@id":"https:\/\/frcs-research.com\/product\/methamphetamine\/#primaryimage"},"thumbnailUrl":"https:\/\/frcs-research.com\/wp-content\/uploads\/2026\/01\/Methamphetamine.png","datePublished":"2026-01-29T18:54:26+00:00","dateModified":"2026-04-05T11:32:21+00:00","breadcrumb":{"@id":"https:\/\/frcs-research.com\/product\/methamphetamine\/#breadcrumb"},"inLanguage":"es","potentialAction":[{"@type":"ReadAction","target":["https:\/\/frcs-research.com\/product\/methamphetamine\/"]}]},{"@type":"ImageObject","inLanguage":"es","@id":"https:\/\/frcs-research.com\/product\/methamphetamine\/#primaryimage","url":"https:\/\/frcs-research.com\/wp-content\/uploads\/2026\/01\/Methamphetamine.png","contentUrl":"https:\/\/frcs-research.com\/wp-content\/uploads\/2026\/01\/Methamphetamine.png","width":600,"height":600},{"@type":"BreadcrumbList","@id":"https:\/\/frcs-research.com\/product\/methamphetamine\/#breadcrumb","itemListElement":[{"@type":"ListItem","position":1,"name":"Home","item":"https:\/\/frcs-research.com\/"},{"@type":"ListItem","position":2,"name":"Shop","item":"https:\/\/frcs-research.com\/shop\/"},{"@type":"ListItem","position":3,"name":"Methamphetamine"}]},{"@type":"WebSite","@id":"https:\/\/frcs-research.com\/#website","url":"https:\/\/frcs-research.com\/","name":"Proveedor mayorista de productos qu\u00edmicos de investigaci\u00f3n, 4 mmc, 3 mmc, MDPHP, Alpha PVP y m\u00e1s","description":"Productos qu\u00edmicos de investigaci\u00f3n al por mayor","potentialAction":[{"@type":"SearchAction","target":{"@type":"EntryPoint","urlTemplate":"https:\/\/frcs-research.com\/?s={search_term_string}"},"query-input":{"@type":"PropertyValueSpecification","valueRequired":true,"valueName":"search_term_string"}}],"inLanguage":"es"}]},"og_availability":"instock","product_availability":"instock","product_condition":"new"},"uagb_featured_image_src":{"full":["https:\/\/frcs-research.com\/wp-content\/uploads\/2026\/01\/Methamphetamine.png",600,600,false],"thumbnail":["https:\/\/frcs-research.com\/wp-content\/uploads\/2026\/01\/Methamphetamine-150x150.png",150,150,true],"medium":["https:\/\/frcs-research.com\/wp-content\/uploads\/2026\/01\/Methamphetamine-300x300.png",300,300,true],"medium_large":["https:\/\/frcs-research.com\/wp-content\/uploads\/2026\/01\/Methamphetamine.png",600,600,false],"large":["https:\/\/frcs-research.com\/wp-content\/uploads\/2026\/01\/Methamphetamine.png",600,600,false],"1536x1536":["https:\/\/frcs-research.com\/wp-content\/uploads\/2026\/01\/Methamphetamine.png",600,600,false],"2048x2048":["https:\/\/frcs-research.com\/wp-content\/uploads\/2026\/01\/Methamphetamine.png",600,600,false],"trp-custom-language-flag":["https:\/\/frcs-research.com\/wp-content\/uploads\/2026\/01\/Methamphetamine-12x12.png",12,12,true],"post-thumbnail":["https:\/\/frcs-research.com\/wp-content\/uploads\/2026\/01\/Methamphetamine.png",600,600,false],"elite-commerce-slider":["https:\/\/frcs-research.com\/wp-content\/uploads\/2026\/01\/Methamphetamine.png",600,600,false],"elite-commerce-hero":["https:\/\/frcs-research.com\/wp-content\/uploads\/2026\/01\/Methamphetamine.png",600,600,false],"elite-commerce-portfolio":["https:\/\/frcs-research.com\/wp-content\/uploads\/2026\/01\/Methamphetamine-400x400.png",400,400,true],"woocommerce_thumbnail":["https:\/\/frcs-research.com\/wp-content\/uploads\/2026\/01\/Methamphetamine-300x300.png",300,300,true],"woocommerce_single":["https:\/\/frcs-research.com\/wp-content\/uploads\/2026\/01\/Methamphetamine.png",600,600,false],"woocommerce_gallery_thumbnail":["https:\/\/frcs-research.com\/wp-content\/uploads\/2026\/01\/Methamphetamine-100x100.png",100,100,true]},"uagb_author_info":{"display_name":"Richard Wood","author_link":"https:\/\/frcs-research.com\/es\/author\/"},"uagb_comment_info":64,"uagb_excerpt":"Methamphetamine Methamphetamine is a powerful, highly addictive stimulant that affects the central nervous system. Crystal methamphetamine is a form of the drug that looks like glass fragments or shiny, bluish-white&hellip;&euro;160.00 - &euro;2,600.00Rango de precios: desde &euro;160.00 hasta &euro;2,600.00Seleccionar opciones Este producto tiene m\u00faltiples variantes. Las opciones se pueden elegir en la&hellip;","_links":{"self":[{"href":"https:\/\/frcs-research.com\/es\/wp-json\/wp\/v2\/product\/1370","targetHints":{"allow":["GET"]}}],"collection":[{"href":"https:\/\/frcs-research.com\/es\/wp-json\/wp\/v2\/product"}],"about":[{"href":"https:\/\/frcs-research.com\/es\/wp-json\/wp\/v2\/types\/product"}],"replies":[{"embeddable":true,"href":"https:\/\/frcs-research.com\/es\/wp-json\/wp\/v2\/comments?post=1370"}],"wp:featuredmedia":[{"embeddable":true,"href":"https:\/\/frcs-research.com\/es\/wp-json\/wp\/v2\/media\/1381"}],"wp:attachment":[{"href":"https:\/\/frcs-research.com\/es\/wp-json\/wp\/v2\/media?parent=1370"}],"wp:term":[{"taxonomy":"product_brand","embeddable":true,"href":"https:\/\/frcs-research.com\/es\/wp-json\/wp\/v2\/product_brand?post=1370"},{"taxonomy":"product_cat","embeddable":true,"href":"https:\/\/frcs-research.com\/es\/wp-json\/wp\/v2\/product_cat?post=1370"},{"taxonomy":"product_tag","embeddable":true,"href":"https:\/\/frcs-research.com\/es\/wp-json\/wp\/v2\/product_tag?post=1370"}],"curies":[{"name":"wp","href":"https:\/\/api.w.org\/{rel}","templated":true}]}}