{"id":1453,"date":"2026-01-29T18:55:14","date_gmt":"2026-01-29T18:55:14","guid":{"rendered":"https:\/\/frcs-research.com\/?post_type=product&#038;p=1453"},"modified":"2026-04-04T05:22:31","modified_gmt":"2026-04-04T05:22:31","slug":"cocaine","status":"publish","type":"product","link":"https:\/\/frcs-research.com\/es\/product\/cocaine\/","title":{"rendered":"Coca\u00edna"},"content":{"rendered":"<h3 style=\"text-align: center\"><strong>Cocaine<\/strong><\/h3>\n<p>Cocaine is a powerfully addictive stimulant that directly affects the brain. It was labeled the drug of the 1980s and \u201990s, because of its extensive popularity and use during this period. However, It is not a new drug. In fact, it is one of the oldest known drugs. The pure chemical, hydrochloride, has been an abused substance for more than 100 years, and coca leaves, the source of it, have been ingested for thousands of years<a href=\"https:\/\/fastautoengines.com\/shop\/\">.<\/a><\/p>\n<h2>How To Buy Cocaine Online ?<\/h2>\n<p>We offers you the possibility to get it online without hassles or awkwardness. We work endlessly to make sure you save money every time you order online from our research chemicals <a href=\"https:\/\/researchchemicalshop.com\/shop\/\">shop<\/a>. Our goal is to make our clients pay less and get more.<\/p>\n<h2>Product Information<\/h2>\n<table class=\"shop_attributes\" width=\"932\">\n<tbody>\n<tr>\n<th>Synonyms<\/th>\n<td>Benzoylmethylecgonine, coke<\/td>\n<\/tr>\n<tr>\n<th>IUPAC<\/th>\n<td>methyl (1R,2R,3S,5S)-3- (benzoyloxy)-8-methyl-8-azabicyclo[3.2.1] octane-2-carboxylate<\/td>\n<\/tr>\n<tr>\n<th>Formula<\/th>\n<td>C17H21NO4<\/td>\n<\/tr>\n<tr>\n<th>Molecular weight<\/th>\n<td>303.353 g\/mol<\/td>\n<\/tr>\n<tr>\n<th>Biological half-life<\/th>\n<td>1 hour<\/td>\n<\/tr>\n<tr>\n<th>Duration of action<\/th>\n<td>5 to 90 minutes<\/td>\n<\/tr>\n<tr>\n<th>Solubility in water<\/th>\n<td>1.8 mg\/mL (20 \u00b0C)<\/td>\n<\/tr>\n<tr>\n<th>CAS<\/th>\n<td>50-36-2<\/td>\n<\/tr>\n<tr>\n<th>Appearance<\/th>\n<td>white powder<\/td>\n<\/tr>\n<tr>\n<th>Purity<\/th>\n<td>\u226579%<\/td>\n<\/tr>\n<\/tbody>\n<\/table>\n","protected":false},"excerpt":{"rendered":"<p>Cocaine Cocaine is a powerfully addictive stimulant that directly affects the brain. It was labeled the drug of the 1980s and \u201990s, because of its extensive popularity and use during&hellip;<\/p>\n<p class=\"product woocommerce add_to_cart_inline\" style=\"border:4px solid #ccc; padding: 12px;\"><span class=\"woocommerce-Price-amount amount\" aria-hidden=\"true\"><bdi><span class=\"woocommerce-Price-currencySymbol\">&euro;<\/span>190.00<\/bdi><\/span> <span aria-hidden=\"true\">&#8211;<\/span> <span class=\"woocommerce-Price-amount amount\" aria-hidden=\"true\"><bdi><span class=\"woocommerce-Price-currencySymbol\">&euro;<\/span>2,900.00<\/bdi><\/span><span class=\"screen-reader-text\" data-no-translation=\"\" data-trp-gettext=\"\">Rango de precios: desde &euro;190.00 hasta &euro;2,900.00<\/span><a href=\"https:\/\/frcs-research.com\/es\/product\/cocaine\/\" aria-describedby=\"woocommerce_loop_add_to_cart_link_describedby_1453\" data-quantity=\"1\" class=\"button product_type_variable add_to_cart_button\" data-product_id=\"1453\" data-product_sku=\"\" aria-label=\"Elige las opciones para \u201cCocaine\u201d\" rel=\"nofollow\" data-no-translation=\"\" data-trp-gettext=\"\" data-no-translation-aria-label=\"\">Seleccionar opciones<\/a>\t<span id=\"woocommerce_loop_add_to_cart_link_describedby_1453\" class=\"screen-reader-text\"><br \/>\n\t\tEste producto tiene m\u00faltiples variantes. Las opciones se pueden elegir en la p\u00e1gina de producto\t<\/span><\/p>","protected":false},"featured_media":1481,"comment_status":"closed","ping_status":"closed","template":"","meta":{"_uag_custom_page_level_css":""},"product_brand":[],"product_cat":[25],"product_tag":[397,400,401,402,403,404,1054,1055,1056,1057,1058,1059,1060,1061,1062,1063,1064,1065,405,406,1066,1067,1068,1069,421,422,424,1070,425,426,427,428,429,430,431,432,433,434,435,436,437,438,439,440,441,442,443,444,445,446,447,449,450,451,452,1071,453,1072,1073,456],"class_list":{"0":"post-1453","1":"product","2":"type-product","3":"status-publish","4":"has-post-thumbnail","6":"product_cat-synthetic-cannabinoids","7":"product_tag-2c-research-chemical","8":"product_tag-buy-research-chemical","9":"product_tag-buy-research-chemicals","10":"product_tag-buy-research-chemicals-online","11":"product_tag-cabergoline-research-chemical","12":"product_tag-canadian-research-chemicals","13":"product_tag-cast-of-cocaine-bear","14":"product_tag-cast-of-hotel-cocaine","15":"product_tag-cocaine","16":"product_tag-cocaine-bear","17":"product_tag-cocaine-bear-true-story","18":"product_tag-cocaine-cowboys","19":"product_tag-cocaine-cowboys-2","20":"product_tag-cocaine-effects","21":"product_tag-cocaine-nose","22":"product_tag-cocaine-plant","23":"product_tag-cocaine-shark","24":"product_tag-crack-cocaine","25":"product_tag-domestic-research-chemicals","26":"product_tag-enclomiphene-research-chemical","27":"product_tag-hotel-cocaine","28":"product_tag-how-is-cocaine-made","29":"product_tag-how-long-does-cocaine-stay-in-urine","30":"product_tag-how-long-does-cocaine-stay-in-your-system","31":"product_tag-legal-research-chemicals","32":"product_tag-opioid-research-chemicals","33":"product_tag-order-research-chemicals","34":"product_tag-pink-cocaine","35":"product_tag-quality-research-chemicals","36":"product_tag-reddit-research-chemicals","37":"product_tag-research-chemical","38":"product_tag-research-chemical-drugs","39":"product_tag-research-chemical-forum","40":"product_tag-research-chemical-opiates","41":"product_tag-research-chemical-reddit","42":"product_tag-research-chemical-shop","43":"product_tag-research-chemical-sources","44":"product_tag-research-chemical-store","45":"product_tag-research-chemical-supply","46":"product_tag-research-chemical-vendor-usa","47":"product_tag-research-chemical-vendors","48":"product_tag-research-chemical-vendors-reddit","49":"product_tag-research-chemicals","50":"product_tag-research-chemicals-for-sale","51":"product_tag-research-chemicals-kopen","52":"product_tag-research-chemicals-online","53":"product_tag-research-chemicals-reddit","54":"product_tag-research-chemicals-sale","55":"product_tag-research-chemicals-store","56":"product_tag-semaglutide-research-chemical","57":"product_tag-sunnyside-research-chemicals","58":"product_tag-tadalafil-research-chemical","59":"product_tag-tirzepatide-research-chemical","60":"product_tag-tirzepatide-research-chemical-for-sale","61":"product_tag-toronto-research-chemicals","62":"product_tag-watch-cocaine-bear","63":"product_tag-what-are-research-chemicals","64":"product_tag-what-is-cocaine","65":"product_tag-what-is-pink-cocaine","66":"product_tag-where-to-buy-research-chemicals","68":"first","69":"instock","70":"shipping-taxable","71":"purchasable","72":"product-type-variable"},"yoast_head":"<!-- This site is optimized with the Yoast SEO plugin v27.1.1 - https:\/\/yoast.com\/product\/yoast-seo-wordpress\/ -->\n<title>Cocaine - wholesale supplier of research chemicals, 4mmc, 3mmc, MDPHP, Alpha PVP and more<\/title>\n<meta name=\"robots\" content=\"index, follow, max-snippet:-1, max-image-preview:large, max-video-preview:-1\" \/>\n<link rel=\"canonical\" href=\"https:\/\/frcs-research.com\/es\/product\/cocaine\/\" \/>\n<meta property=\"og:locale\" content=\"es_ES\" \/>\n<meta property=\"og:type\" content=\"article\" \/>\n<meta property=\"og:title\" content=\"Cocaine - wholesale supplier of research chemicals, 4mmc, 3mmc, MDPHP, Alpha PVP and more\" \/>\n<meta property=\"og:description\" content=\"Cocaine Cocaine is a powerfully addictive stimulant that directly affects the brain. It was labeled the drug of the 1980s and \u201990s, because of its extensive popularity and use during&hellip;&euro;190.00 - &euro;2,900.00Rango de precios: desde &euro;190.00 hasta &euro;2,900.00Seleccionar opciones  Este producto tiene m\u00faltiples variantes. Las opciones se pueden elegir en la p\u00e1gina de producto\" \/>\n<meta property=\"og:url\" content=\"https:\/\/frcs-research.com\/es\/product\/cocaine\/\" \/>\n<meta property=\"og:site_name\" content=\"wholesale supplier of research chemicals, 4mmc, 3mmc, MDPHP, Alpha PVP and more\" \/>\n<meta property=\"article:modified_time\" content=\"2026-04-04T05:22:31+00:00\" \/>\n<meta name=\"twitter:card\" content=\"summary_large_image\" \/>\n<meta name=\"twitter:label1\" content=\"Disponibilidad\" \/>\n\t<meta name=\"twitter:data1\" content=\"Disponible\" \/>\n<script type=\"application\/ld+json\" class=\"yoast-schema-graph\">{\"@context\":\"https:\/\/schema.org\",\"@graph\":[{\"@type\":[\"WebPage\",\"ItemPage\"],\"@id\":\"https:\/\/frcs-research.com\/product\/cocaine\/\",\"url\":\"https:\/\/frcs-research.com\/product\/cocaine\/\",\"name\":\"Cocaine - wholesale supplier of research chemicals, 4mmc, 3mmc, MDPHP, Alpha PVP and more\",\"isPartOf\":{\"@id\":\"https:\/\/frcs-research.com\/#website\"},\"primaryImageOfPage\":{\"@id\":\"https:\/\/frcs-research.com\/product\/cocaine\/#primaryimage\"},\"image\":{\"@id\":\"https:\/\/frcs-research.com\/product\/cocaine\/#primaryimage\"},\"thumbnailUrl\":\"https:\/\/frcs-research.com\/wp-content\/uploads\/2026\/01\/Cocaine.png\",\"datePublished\":\"2026-01-29T18:55:14+00:00\",\"dateModified\":\"2026-04-04T05:22:31+00:00\",\"breadcrumb\":{\"@id\":\"https:\/\/frcs-research.com\/product\/cocaine\/#breadcrumb\"},\"inLanguage\":\"es\",\"potentialAction\":[{\"@type\":\"ReadAction\",\"target\":[\"https:\/\/frcs-research.com\/product\/cocaine\/\"]}]},{\"@type\":\"ImageObject\",\"inLanguage\":\"es\",\"@id\":\"https:\/\/frcs-research.com\/product\/cocaine\/#primaryimage\",\"url\":\"https:\/\/frcs-research.com\/wp-content\/uploads\/2026\/01\/Cocaine.png\",\"contentUrl\":\"https:\/\/frcs-research.com\/wp-content\/uploads\/2026\/01\/Cocaine.png\",\"width\":650,\"height\":650},{\"@type\":\"BreadcrumbList\",\"@id\":\"https:\/\/frcs-research.com\/product\/cocaine\/#breadcrumb\",\"itemListElement\":[{\"@type\":\"ListItem\",\"position\":1,\"name\":\"Home\",\"item\":\"https:\/\/frcs-research.com\/\"},{\"@type\":\"ListItem\",\"position\":2,\"name\":\"Shop\",\"item\":\"https:\/\/frcs-research.com\/shop\/\"},{\"@type\":\"ListItem\",\"position\":3,\"name\":\"Cocaine\"}]},{\"@type\":\"WebSite\",\"@id\":\"https:\/\/frcs-research.com\/#website\",\"url\":\"https:\/\/frcs-research.com\/\",\"name\":\"wholesale supplier of research chemicals, 4mmc, 3mmc, MDPHP, Alpha PVP and more\",\"description\":\"Wholesale research chemicals\",\"potentialAction\":[{\"@type\":\"SearchAction\",\"target\":{\"@type\":\"EntryPoint\",\"urlTemplate\":\"https:\/\/frcs-research.com\/?s={search_term_string}\"},\"query-input\":{\"@type\":\"PropertyValueSpecification\",\"valueRequired\":true,\"valueName\":\"search_term_string\"}}],\"inLanguage\":\"es\"}]}<\/script>\n<meta property=\"og:availability\" content=\"instock\" \/>\n<meta property=\"product:availability\" content=\"instock\" \/>\n<meta property=\"product:condition\" content=\"new\" \/>\n<!-- \/ Yoast SEO plugin. -->","yoast_head_json":{"title":"Cocaine - wholesale supplier of research chemicals, 4mmc, 3mmc, MDPHP, Alpha PVP and more","robots":{"index":"index","follow":"follow","max-snippet":"max-snippet:-1","max-image-preview":"max-image-preview:large","max-video-preview":"max-video-preview:-1"},"canonical":"https:\/\/frcs-research.com\/es\/product\/cocaine\/","og_locale":"es_ES","og_type":"article","og_title":"Cocaine - wholesale supplier of research chemicals, 4mmc, 3mmc, MDPHP, Alpha PVP and more","og_description":"Cocaine Cocaine is a powerfully addictive stimulant that directly affects the brain. It was labeled the drug of the 1980s and \u201990s, because of its extensive popularity and use during&hellip;&euro;190.00 - &euro;2,900.00Rango de precios: desde &euro;190.00 hasta &euro;2,900.00Seleccionar opciones  Este producto tiene m\u00faltiples variantes. Las opciones se pueden elegir en la p\u00e1gina de producto","og_url":"https:\/\/frcs-research.com\/es\/product\/cocaine\/","og_site_name":"wholesale supplier of research chemicals, 4mmc, 3mmc, MDPHP, Alpha PVP and more","article_modified_time":"2026-04-04T05:22:31+00:00","twitter_card":"summary_large_image","twitter_misc":{"Disponibilidad":"Disponible"},"schema":{"@context":"https:\/\/schema.org","@graph":[{"@type":["WebPage","ItemPage"],"@id":"https:\/\/frcs-research.com\/product\/cocaine\/","url":"https:\/\/frcs-research.com\/product\/cocaine\/","name":"Cocaine - wholesale supplier of research chemicals, 4mmc, 3mmc, MDPHP, Alpha PVP and more","isPartOf":{"@id":"https:\/\/frcs-research.com\/#website"},"primaryImageOfPage":{"@id":"https:\/\/frcs-research.com\/product\/cocaine\/#primaryimage"},"image":{"@id":"https:\/\/frcs-research.com\/product\/cocaine\/#primaryimage"},"thumbnailUrl":"https:\/\/frcs-research.com\/wp-content\/uploads\/2026\/01\/Cocaine.png","datePublished":"2026-01-29T18:55:14+00:00","dateModified":"2026-04-04T05:22:31+00:00","breadcrumb":{"@id":"https:\/\/frcs-research.com\/product\/cocaine\/#breadcrumb"},"inLanguage":"es","potentialAction":[{"@type":"ReadAction","target":["https:\/\/frcs-research.com\/product\/cocaine\/"]}]},{"@type":"ImageObject","inLanguage":"es","@id":"https:\/\/frcs-research.com\/product\/cocaine\/#primaryimage","url":"https:\/\/frcs-research.com\/wp-content\/uploads\/2026\/01\/Cocaine.png","contentUrl":"https:\/\/frcs-research.com\/wp-content\/uploads\/2026\/01\/Cocaine.png","width":650,"height":650},{"@type":"BreadcrumbList","@id":"https:\/\/frcs-research.com\/product\/cocaine\/#breadcrumb","itemListElement":[{"@type":"ListItem","position":1,"name":"Home","item":"https:\/\/frcs-research.com\/"},{"@type":"ListItem","position":2,"name":"Shop","item":"https:\/\/frcs-research.com\/shop\/"},{"@type":"ListItem","position":3,"name":"Cocaine"}]},{"@type":"WebSite","@id":"https:\/\/frcs-research.com\/#website","url":"https:\/\/frcs-research.com\/","name":"Proveedor mayorista de productos qu\u00edmicos de investigaci\u00f3n, 4 mmc, 3 mmc, MDPHP, Alpha PVP y m\u00e1s","description":"Productos qu\u00edmicos de investigaci\u00f3n al por mayor","potentialAction":[{"@type":"SearchAction","target":{"@type":"EntryPoint","urlTemplate":"https:\/\/frcs-research.com\/?s={search_term_string}"},"query-input":{"@type":"PropertyValueSpecification","valueRequired":true,"valueName":"search_term_string"}}],"inLanguage":"es"}]},"og_availability":"instock","product_availability":"instock","product_condition":"new"},"uagb_featured_image_src":{"full":["https:\/\/frcs-research.com\/wp-content\/uploads\/2026\/01\/Cocaine.png",650,650,false],"thumbnail":["https:\/\/frcs-research.com\/wp-content\/uploads\/2026\/01\/Cocaine-150x150.png",150,150,true],"medium":["https:\/\/frcs-research.com\/wp-content\/uploads\/2026\/01\/Cocaine-300x300.png",300,300,true],"medium_large":["https:\/\/frcs-research.com\/wp-content\/uploads\/2026\/01\/Cocaine.png",650,650,false],"large":["https:\/\/frcs-research.com\/wp-content\/uploads\/2026\/01\/Cocaine.png",650,650,false],"1536x1536":["https:\/\/frcs-research.com\/wp-content\/uploads\/2026\/01\/Cocaine.png",650,650,false],"2048x2048":["https:\/\/frcs-research.com\/wp-content\/uploads\/2026\/01\/Cocaine.png",650,650,false],"trp-custom-language-flag":["https:\/\/frcs-research.com\/wp-content\/uploads\/2026\/01\/Cocaine-12x12.png",12,12,true],"post-thumbnail":["https:\/\/frcs-research.com\/wp-content\/uploads\/2026\/01\/Cocaine-620x620.png",620,620,true],"elite-commerce-slider":["https:\/\/frcs-research.com\/wp-content\/uploads\/2026\/01\/Cocaine.png",650,650,false],"elite-commerce-hero":["https:\/\/frcs-research.com\/wp-content\/uploads\/2026\/01\/Cocaine-600x600.png",600,600,true],"elite-commerce-portfolio":["https:\/\/frcs-research.com\/wp-content\/uploads\/2026\/01\/Cocaine-400x400.png",400,400,true],"woocommerce_thumbnail":["https:\/\/frcs-research.com\/wp-content\/uploads\/2026\/01\/Cocaine-300x300.png",300,300,true],"woocommerce_single":["https:\/\/frcs-research.com\/wp-content\/uploads\/2026\/01\/Cocaine-600x600.png",600,600,true],"woocommerce_gallery_thumbnail":["https:\/\/frcs-research.com\/wp-content\/uploads\/2026\/01\/Cocaine-100x100.png",100,100,true]},"uagb_author_info":{"display_name":"Richard Wood","author_link":"https:\/\/frcs-research.com\/es\/author\/"},"uagb_comment_info":84,"uagb_excerpt":"Cocaine Cocaine is a powerfully addictive stimulant that directly affects the brain. It was labeled the drug of the 1980s and \u201990s, because of its extensive popularity and use during&hellip;&euro;190.00 - &euro;2,900.00Rango de precios: desde &euro;190.00 hasta &euro;2,900.00Seleccionar opciones Este producto tiene m\u00faltiples variantes. Las opciones se pueden elegir en la&hellip;","_links":{"self":[{"href":"https:\/\/frcs-research.com\/es\/wp-json\/wp\/v2\/product\/1453","targetHints":{"allow":["GET"]}}],"collection":[{"href":"https:\/\/frcs-research.com\/es\/wp-json\/wp\/v2\/product"}],"about":[{"href":"https:\/\/frcs-research.com\/es\/wp-json\/wp\/v2\/types\/product"}],"replies":[{"embeddable":true,"href":"https:\/\/frcs-research.com\/es\/wp-json\/wp\/v2\/comments?post=1453"}],"wp:featuredmedia":[{"embeddable":true,"href":"https:\/\/frcs-research.com\/es\/wp-json\/wp\/v2\/media\/1481"}],"wp:attachment":[{"href":"https:\/\/frcs-research.com\/es\/wp-json\/wp\/v2\/media?parent=1453"}],"wp:term":[{"taxonomy":"product_brand","embeddable":true,"href":"https:\/\/frcs-research.com\/es\/wp-json\/wp\/v2\/product_brand?post=1453"},{"taxonomy":"product_cat","embeddable":true,"href":"https:\/\/frcs-research.com\/es\/wp-json\/wp\/v2\/product_cat?post=1453"},{"taxonomy":"product_tag","embeddable":true,"href":"https:\/\/frcs-research.com\/es\/wp-json\/wp\/v2\/product_tag?post=1453"}],"curies":[{"name":"wp","href":"https:\/\/api.w.org\/{rel}","templated":true}]}}