{"id":1531,"date":"2026-01-29T18:55:53","date_gmt":"2026-01-29T18:55:53","guid":{"rendered":"https:\/\/frcs-research.com\/?post_type=product&#038;p=1531"},"modified":"2026-04-05T10:52:19","modified_gmt":"2026-04-05T10:52:19","slug":"5-apdb","status":"publish","type":"product","link":"https:\/\/frcs-research.com\/es\/product\/5-apdb\/","title":{"rendered":"5-APDB"},"content":{"rendered":"<h3 style=\"text-align: center\"><strong>5-APDB<\/strong><\/h3>\n<p>5-APDB belongs to phenethylamine and amphetamine chemical classes and has the molecular formula C18H22ClNO3 \u2022 HCl . The formula weight has the value 177.242 g\/mol. The toxicological and physiological properties are not known<a href=\"https:\/\/wholemeltextractsonline.com\/shop\/\">.<\/a><\/p>\n<h2>How To Buy 5-APDB Online?<\/h2>\n<p>We offers you the possibility to get it online without hassles or awkwardness. We work endlessly to make sure you save money every time you order online from our research chemicals <a href=\"https:\/\/researchchemicalshop.com\/shop\/\">comercio<\/a>. Our goal is to make our clients pay less and get more.<\/p>\n<h3>Product Information<\/h3>\n<table class=\"shop_attributes\">\n<tbody>\n<tr>\n<th>Synonyms<\/th>\n<td>1-(2,3-dihydro-1-benzofuran-5-yl)propan-2-amine<\/td>\n<\/tr>\n<tr>\n<th>IUPAC<\/th>\n<td>5-(2-Aminopropyl)-2,3-dihydrobenzofuran<\/td>\n<\/tr>\n<tr>\n<th>Formula<\/th>\n<td>C11H15NO<\/td>\n<\/tr>\n<tr>\n<th>Molecular weight<\/th>\n<td>177.242 g\/mol<\/td>\n<\/tr>\n<tr>\n<th>CAS<\/th>\n<td>152623-94-4<\/td>\n<\/tr>\n<tr>\n<th>Apariencia<\/th>\n<td>A crystalline solid<\/td>\n<\/tr>\n<tr>\n<th>Purity<\/th>\n<td>\u226598%<\/td>\n<\/tr>\n<\/tbody>\n<\/table>","protected":false},"excerpt":{"rendered":"<p>5-APDB 5-APDB belongs to phenethylamine and amphetamine chemical classes and has the molecular formula C18H22ClNO3 \u2022 HCl . The formula weight has the value 177.242 g\/mol. The toxicological and physiological&hellip;<\/p>\n<p class=\"product woocommerce add_to_cart_inline\" style=\"border:4px solid #ccc; padding: 12px;\"><span class=\"woocommerce-Price-amount amount\" aria-hidden=\"true\"><bdi><span class=\"woocommerce-Price-currencySymbol\">&euro;<\/span>160.00<\/bdi><\/span> <span aria-hidden=\"true\">&#8211;<\/span> <span class=\"woocommerce-Price-amount amount\" aria-hidden=\"true\"><bdi><span class=\"woocommerce-Price-currencySymbol\">&euro;<\/span>2,550.00<\/bdi><\/span><span class=\"screen-reader-text\" data-no-translation=\"\" data-trp-gettext=\"\">Rango de precios: desde &euro;160.00 hasta &euro;2,550.00<\/span><a href=\"https:\/\/frcs-research.com\/es\/product\/5-apdb\/\" aria-describedby=\"woocommerce_loop_add_to_cart_link_describedby_1531\" data-quantity=\"1\" class=\"button product_type_variable add_to_cart_button\" data-product_id=\"1531\" data-product_sku=\"\" aria-label=\"Elige las opciones para \u201c5-APDB\u201d\" rel=\"nofollow\" data-no-translation=\"\" data-trp-gettext=\"\" data-no-translation-aria-label=\"\">Seleccionar opciones<\/a>\t<span id=\"woocommerce_loop_add_to_cart_link_describedby_1531\" class=\"screen-reader-text\"><br \/>\n\t\tEste producto tiene m\u00faltiples variantes. Las opciones se pueden elegir en la p\u00e1gina de producto\t<\/span><\/p>","protected":false},"featured_media":1545,"comment_status":"closed","ping_status":"closed","template":"","meta":{"_uag_custom_page_level_css":""},"product_brand":[],"product_cat":[25],"product_tag":[397,1206,1207,1208,1209,400,401,402,403,404,405,406,421,422,424,425,426,427,428,429,430,431,432,433,434,435,436,437,438,439,440,441,442,443,444,445,446,447,449,450,451,452,453,456],"class_list":{"0":"post-1531","1":"product","2":"type-product","3":"status-publish","4":"has-post-thumbnail","6":"product_cat-synthetic-cannabinoids","7":"product_tag-2c-research-chemical","8":"product_tag-5-apdb","9":"product_tag-5-apdb-buy","10":"product_tag-5-apdb-erowid","11":"product_tag-5-apdb-reddit","12":"product_tag-buy-research-chemical","13":"product_tag-buy-research-chemicals","14":"product_tag-buy-research-chemicals-online","15":"product_tag-cabergoline-research-chemical","16":"product_tag-canadian-research-chemicals","17":"product_tag-domestic-research-chemicals","18":"product_tag-enclomiphene-research-chemical","19":"product_tag-legal-research-chemicals","20":"product_tag-opioid-research-chemicals","21":"product_tag-order-research-chemicals","22":"product_tag-quality-research-chemicals","23":"product_tag-reddit-research-chemicals","24":"product_tag-research-chemical","25":"product_tag-research-chemical-drugs","26":"product_tag-research-chemical-forum","27":"product_tag-research-chemical-opiates","28":"product_tag-research-chemical-reddit","29":"product_tag-research-chemical-shop","30":"product_tag-research-chemical-sources","31":"product_tag-research-chemical-store","32":"product_tag-research-chemical-supply","33":"product_tag-research-chemical-vendor-usa","34":"product_tag-research-chemical-vendors","35":"product_tag-research-chemical-vendors-reddit","36":"product_tag-research-chemicals","37":"product_tag-research-chemicals-for-sale","38":"product_tag-research-chemicals-kopen","39":"product_tag-research-chemicals-online","40":"product_tag-research-chemicals-reddit","41":"product_tag-research-chemicals-sale","42":"product_tag-research-chemicals-store","43":"product_tag-semaglutide-research-chemical","44":"product_tag-sunnyside-research-chemicals","45":"product_tag-tadalafil-research-chemical","46":"product_tag-tirzepatide-research-chemical","47":"product_tag-tirzepatide-research-chemical-for-sale","48":"product_tag-toronto-research-chemicals","49":"product_tag-what-are-research-chemicals","50":"product_tag-where-to-buy-research-chemicals","52":"first","53":"instock","54":"shipping-taxable","55":"purchasable","56":"product-type-variable"},"yoast_head":"<!-- This site is optimized with the Yoast SEO plugin v27.1.1 - https:\/\/yoast.com\/product\/yoast-seo-wordpress\/ -->\n<title>5-APDB - wholesale supplier of research chemicals, 4mmc, 3mmc, MDPHP, Alpha PVP and more<\/title>\n<meta name=\"robots\" content=\"index, follow, max-snippet:-1, max-image-preview:large, max-video-preview:-1\" \/>\n<link rel=\"canonical\" href=\"https:\/\/frcs-research.com\/es\/product\/5-apdb\/\" \/>\n<meta property=\"og:locale\" content=\"es_ES\" \/>\n<meta property=\"og:type\" content=\"article\" \/>\n<meta property=\"og:title\" content=\"5-APDB - wholesale supplier of research chemicals, 4mmc, 3mmc, MDPHP, Alpha PVP and more\" \/>\n<meta property=\"og:description\" content=\"5-APDB 5-APDB belongs to phenethylamine and amphetamine chemical classes and has the molecular formula C18H22ClNO3 \u2022 HCl . The formula weight has the value 177.242 g\/mol. The toxicological and physiological&hellip;&euro;160.00 - &euro;2,550.00Rango de precios: desde &euro;160.00 hasta &euro;2,550.00Seleccionar opciones  Este producto tiene m\u00faltiples variantes. Las opciones se pueden elegir en la p\u00e1gina de producto\" \/>\n<meta property=\"og:url\" content=\"https:\/\/frcs-research.com\/es\/product\/5-apdb\/\" \/>\n<meta property=\"og:site_name\" content=\"wholesale supplier of research chemicals, 4mmc, 3mmc, MDPHP, Alpha PVP and more\" \/>\n<meta property=\"article:modified_time\" content=\"2026-04-05T10:52:19+00:00\" \/>\n<meta name=\"twitter:card\" content=\"summary_large_image\" \/>\n<meta name=\"twitter:label1\" content=\"Disponibilidad\" \/>\n\t<meta name=\"twitter:data1\" content=\"Disponible\" \/>\n<script type=\"application\/ld+json\" class=\"yoast-schema-graph\">{\"@context\":\"https:\/\/schema.org\",\"@graph\":[{\"@type\":[\"WebPage\",\"ItemPage\"],\"@id\":\"https:\/\/frcs-research.com\/product\/5-apdb\/\",\"url\":\"https:\/\/frcs-research.com\/product\/5-apdb\/\",\"name\":\"5-APDB - wholesale supplier of research chemicals, 4mmc, 3mmc, MDPHP, Alpha PVP and more\",\"isPartOf\":{\"@id\":\"https:\/\/frcs-research.com\/#website\"},\"primaryImageOfPage\":{\"@id\":\"https:\/\/frcs-research.com\/product\/5-apdb\/#primaryimage\"},\"image\":{\"@id\":\"https:\/\/frcs-research.com\/product\/5-apdb\/#primaryimage\"},\"thumbnailUrl\":\"https:\/\/frcs-research.com\/wp-content\/uploads\/2026\/01\/5-APDB.jpg\",\"datePublished\":\"2026-01-29T18:55:53+00:00\",\"dateModified\":\"2026-04-05T10:52:19+00:00\",\"breadcrumb\":{\"@id\":\"https:\/\/frcs-research.com\/product\/5-apdb\/#breadcrumb\"},\"inLanguage\":\"es\",\"potentialAction\":[{\"@type\":\"ReadAction\",\"target\":[\"https:\/\/frcs-research.com\/product\/5-apdb\/\"]}]},{\"@type\":\"ImageObject\",\"inLanguage\":\"es\",\"@id\":\"https:\/\/frcs-research.com\/product\/5-apdb\/#primaryimage\",\"url\":\"https:\/\/frcs-research.com\/wp-content\/uploads\/2026\/01\/5-APDB.jpg\",\"contentUrl\":\"https:\/\/frcs-research.com\/wp-content\/uploads\/2026\/01\/5-APDB.jpg\",\"width\":650,\"height\":650},{\"@type\":\"BreadcrumbList\",\"@id\":\"https:\/\/frcs-research.com\/product\/5-apdb\/#breadcrumb\",\"itemListElement\":[{\"@type\":\"ListItem\",\"position\":1,\"name\":\"Home\",\"item\":\"https:\/\/frcs-research.com\/\"},{\"@type\":\"ListItem\",\"position\":2,\"name\":\"Shop\",\"item\":\"https:\/\/frcs-research.com\/shop\/\"},{\"@type\":\"ListItem\",\"position\":3,\"name\":\"5-APDB\"}]},{\"@type\":\"WebSite\",\"@id\":\"https:\/\/frcs-research.com\/#website\",\"url\":\"https:\/\/frcs-research.com\/\",\"name\":\"wholesale supplier of research chemicals, 4mmc, 3mmc, MDPHP, Alpha PVP and more\",\"description\":\"Wholesale research chemicals\",\"potentialAction\":[{\"@type\":\"SearchAction\",\"target\":{\"@type\":\"EntryPoint\",\"urlTemplate\":\"https:\/\/frcs-research.com\/?s={search_term_string}\"},\"query-input\":{\"@type\":\"PropertyValueSpecification\",\"valueRequired\":true,\"valueName\":\"search_term_string\"}}],\"inLanguage\":\"es\"}]}<\/script>\n<meta property=\"og:availability\" content=\"instock\" \/>\n<meta property=\"product:availability\" content=\"instock\" \/>\n<meta property=\"product:condition\" content=\"new\" \/>\n<!-- \/ Yoast SEO plugin. -->","yoast_head_json":{"title":"5-APDB - wholesale supplier of research chemicals, 4mmc, 3mmc, MDPHP, Alpha PVP and more","robots":{"index":"index","follow":"follow","max-snippet":"max-snippet:-1","max-image-preview":"max-image-preview:large","max-video-preview":"max-video-preview:-1"},"canonical":"https:\/\/frcs-research.com\/es\/product\/5-apdb\/","og_locale":"es_ES","og_type":"article","og_title":"5-APDB - wholesale supplier of research chemicals, 4mmc, 3mmc, MDPHP, Alpha PVP and more","og_description":"5-APDB 5-APDB belongs to phenethylamine and amphetamine chemical classes and has the molecular formula C18H22ClNO3 \u2022 HCl . The formula weight has the value 177.242 g\/mol. The toxicological and physiological&hellip;&euro;160.00 - &euro;2,550.00Rango de precios: desde &euro;160.00 hasta &euro;2,550.00Seleccionar opciones  Este producto tiene m\u00faltiples variantes. Las opciones se pueden elegir en la p\u00e1gina de producto","og_url":"https:\/\/frcs-research.com\/es\/product\/5-apdb\/","og_site_name":"wholesale supplier of research chemicals, 4mmc, 3mmc, MDPHP, Alpha PVP and more","article_modified_time":"2026-04-05T10:52:19+00:00","twitter_card":"summary_large_image","twitter_misc":{"Disponibilidad":"Disponible"},"schema":{"@context":"https:\/\/schema.org","@graph":[{"@type":["WebPage","ItemPage"],"@id":"https:\/\/frcs-research.com\/product\/5-apdb\/","url":"https:\/\/frcs-research.com\/product\/5-apdb\/","name":"5-APDB - wholesale supplier of research chemicals, 4mmc, 3mmc, MDPHP, Alpha PVP and more","isPartOf":{"@id":"https:\/\/frcs-research.com\/#website"},"primaryImageOfPage":{"@id":"https:\/\/frcs-research.com\/product\/5-apdb\/#primaryimage"},"image":{"@id":"https:\/\/frcs-research.com\/product\/5-apdb\/#primaryimage"},"thumbnailUrl":"https:\/\/frcs-research.com\/wp-content\/uploads\/2026\/01\/5-APDB.jpg","datePublished":"2026-01-29T18:55:53+00:00","dateModified":"2026-04-05T10:52:19+00:00","breadcrumb":{"@id":"https:\/\/frcs-research.com\/product\/5-apdb\/#breadcrumb"},"inLanguage":"es","potentialAction":[{"@type":"ReadAction","target":["https:\/\/frcs-research.com\/product\/5-apdb\/"]}]},{"@type":"ImageObject","inLanguage":"es","@id":"https:\/\/frcs-research.com\/product\/5-apdb\/#primaryimage","url":"https:\/\/frcs-research.com\/wp-content\/uploads\/2026\/01\/5-APDB.jpg","contentUrl":"https:\/\/frcs-research.com\/wp-content\/uploads\/2026\/01\/5-APDB.jpg","width":650,"height":650},{"@type":"BreadcrumbList","@id":"https:\/\/frcs-research.com\/product\/5-apdb\/#breadcrumb","itemListElement":[{"@type":"ListItem","position":1,"name":"Home","item":"https:\/\/frcs-research.com\/"},{"@type":"ListItem","position":2,"name":"Shop","item":"https:\/\/frcs-research.com\/shop\/"},{"@type":"ListItem","position":3,"name":"5-APDB"}]},{"@type":"WebSite","@id":"https:\/\/frcs-research.com\/#website","url":"https:\/\/frcs-research.com\/","name":"Proveedor mayorista de productos qu\u00edmicos de investigaci\u00f3n, 4 mmc, 3 mmc, MDPHP, Alpha PVP y m\u00e1s","description":"Productos qu\u00edmicos de investigaci\u00f3n al por mayor","potentialAction":[{"@type":"SearchAction","target":{"@type":"EntryPoint","urlTemplate":"https:\/\/frcs-research.com\/?s={search_term_string}"},"query-input":{"@type":"PropertyValueSpecification","valueRequired":true,"valueName":"search_term_string"}}],"inLanguage":"es"}]},"og_availability":"instock","product_availability":"instock","product_condition":"new"},"uagb_featured_image_src":{"full":["https:\/\/frcs-research.com\/wp-content\/uploads\/2026\/01\/5-APDB.jpg",650,650,false],"thumbnail":["https:\/\/frcs-research.com\/wp-content\/uploads\/2026\/01\/5-APDB-150x150.jpg",150,150,true],"medium":["https:\/\/frcs-research.com\/wp-content\/uploads\/2026\/01\/5-APDB-300x300.jpg",300,300,true],"medium_large":["https:\/\/frcs-research.com\/wp-content\/uploads\/2026\/01\/5-APDB.jpg",650,650,false],"large":["https:\/\/frcs-research.com\/wp-content\/uploads\/2026\/01\/5-APDB.jpg",650,650,false],"1536x1536":["https:\/\/frcs-research.com\/wp-content\/uploads\/2026\/01\/5-APDB.jpg",650,650,false],"2048x2048":["https:\/\/frcs-research.com\/wp-content\/uploads\/2026\/01\/5-APDB.jpg",650,650,false],"trp-custom-language-flag":["https:\/\/frcs-research.com\/wp-content\/uploads\/2026\/01\/5-APDB-12x12.jpg",12,12,true],"post-thumbnail":["https:\/\/frcs-research.com\/wp-content\/uploads\/2026\/01\/5-APDB-620x620.jpg",620,620,true],"elite-commerce-slider":["https:\/\/frcs-research.com\/wp-content\/uploads\/2026\/01\/5-APDB.jpg",650,650,false],"elite-commerce-hero":["https:\/\/frcs-research.com\/wp-content\/uploads\/2026\/01\/5-APDB-600x600.jpg",600,600,true],"elite-commerce-portfolio":["https:\/\/frcs-research.com\/wp-content\/uploads\/2026\/01\/5-APDB-400x400.jpg",400,400,true],"woocommerce_thumbnail":["https:\/\/frcs-research.com\/wp-content\/uploads\/2026\/01\/5-APDB-300x300.jpg",300,300,true],"woocommerce_single":["https:\/\/frcs-research.com\/wp-content\/uploads\/2026\/01\/5-APDB-600x600.jpg",600,600,true],"woocommerce_gallery_thumbnail":["https:\/\/frcs-research.com\/wp-content\/uploads\/2026\/01\/5-APDB-100x100.jpg",100,100,true]},"uagb_author_info":{"display_name":"Richard Wood","author_link":"https:\/\/frcs-research.com\/es\/author\/"},"uagb_comment_info":80,"uagb_excerpt":"5-APDB 5-APDB belongs to phenethylamine and amphetamine chemical classes and has the molecular formula C18H22ClNO3 \u2022 HCl . The formula weight has the value 177.242 g\/mol. The toxicological and physiological&hellip;&euro;160.00 - &euro;2,550.00Rango de precios: desde &euro;160.00 hasta &euro;2,550.00Seleccionar opciones Este producto tiene m\u00faltiples variantes. Las opciones se pueden elegir en la&hellip;","_links":{"self":[{"href":"https:\/\/frcs-research.com\/es\/wp-json\/wp\/v2\/product\/1531","targetHints":{"allow":["GET"]}}],"collection":[{"href":"https:\/\/frcs-research.com\/es\/wp-json\/wp\/v2\/product"}],"about":[{"href":"https:\/\/frcs-research.com\/es\/wp-json\/wp\/v2\/types\/product"}],"replies":[{"embeddable":true,"href":"https:\/\/frcs-research.com\/es\/wp-json\/wp\/v2\/comments?post=1531"}],"wp:featuredmedia":[{"embeddable":true,"href":"https:\/\/frcs-research.com\/es\/wp-json\/wp\/v2\/media\/1545"}],"wp:attachment":[{"href":"https:\/\/frcs-research.com\/es\/wp-json\/wp\/v2\/media?parent=1531"}],"wp:term":[{"taxonomy":"product_brand","embeddable":true,"href":"https:\/\/frcs-research.com\/es\/wp-json\/wp\/v2\/product_brand?post=1531"},{"taxonomy":"product_cat","embeddable":true,"href":"https:\/\/frcs-research.com\/es\/wp-json\/wp\/v2\/product_cat?post=1531"},{"taxonomy":"product_tag","embeddable":true,"href":"https:\/\/frcs-research.com\/es\/wp-json\/wp\/v2\/product_tag?post=1531"}],"curies":[{"name":"wp","href":"https:\/\/api.w.org\/{rel}","templated":true}]}}