{"id":1549,"date":"2026-01-29T18:56:06","date_gmt":"2026-01-29T18:56:06","guid":{"rendered":"https:\/\/frcs-research.com\/?post_type=product&#038;p=1549"},"modified":"2026-04-20T15:33:06","modified_gmt":"2026-04-20T15:33:06","slug":"4-mec","status":"publish","type":"product","link":"https:\/\/frcs-research.com\/es\/product\/4-mec\/","title":{"rendered":"4-MEC"},"content":{"rendered":"<h3 style=\"text-align: center\"><strong>4-MEC<\/strong><\/h3>\n<p>4-MEC is the most famous cathinone research chemical synthesised during the last century. Its pharmacology can provide strong binding to noradrenalin, dopamine and serotonin transporters. Which could potentially be used as a potential anti-depressant like Ephedrone in 1940 was used in the Soviet Union. Further it give the chemical compound the possibility to be used in medical trials as a weight loss supplement. It might have also a similar way of action like the synthetic cathinone and amfepramone. Please note that it can be studied only under optimal laboratory conditions. Further more, that in vivo research involving live organisms is not allowed. \u00a0It can be safely stored for up to 2 years on room temperature<a href=\"https:\/\/weightlossmedicationpharmacy.com\/shop\/\">. <\/a><\/p>\n<p>Please verify local legislation for the legal status of it in your country before placing an order. Is a substituted cathinone which has a similar chemical structure to methcathinone. On like the most cathinones it is a psychocactive stimulant. It shares many of the same chemical properties. In addition like 4-MMC and is currently enjoying just as much attention from the global research community. We have recently made it possible to purchase 4-MEC, which has been used as a viable research alternative to much sought-after. Never the less largely illegal psychoactive synthetic cathinones like mephedrone or 4-MEC. It provides you with the amazing possibility to <a href=\"https:\/\/researchchemicalshop.com\/shop\/\">comprar<\/a> and a very pure form from a certified vendor, so that you can make your scientific research with the best available chemical materials.<\/p>","protected":false},"excerpt":{"rendered":"<p>4-MEC 4-MEC is the most famous cathinone research chemical synthesised during the last century. Its pharmacology can provide strong binding to noradrenalin, dopamine and serotonin transporters. Which could potentially be&hellip;<\/p>\n<p class=\"product woocommerce add_to_cart_inline\" style=\"border:4px solid #ccc; padding: 12px;\"><span class=\"woocommerce-Price-amount amount\" aria-hidden=\"true\"><bdi><span class=\"woocommerce-Price-currencySymbol\">&euro;<\/span>160.00<\/bdi><\/span> <span aria-hidden=\"true\">&#8211;<\/span> <span class=\"woocommerce-Price-amount amount\" aria-hidden=\"true\"><bdi><span class=\"woocommerce-Price-currencySymbol\">&euro;<\/span>2,550.00<\/bdi><\/span><span class=\"screen-reader-text\" data-no-translation=\"\" data-trp-gettext=\"\">Rango de precios: desde &euro;160.00 hasta &euro;2,550.00<\/span><a href=\"https:\/\/frcs-research.com\/es\/product\/4-mec\/\" aria-describedby=\"woocommerce_loop_add_to_cart_link_describedby_1549\" data-quantity=\"1\" class=\"button product_type_variable add_to_cart_button\" data-product_id=\"1549\" data-product_sku=\"\" aria-label=\"Elige las opciones para \u201c4-MEC\u201d\" rel=\"nofollow\" data-no-translation=\"\" data-trp-gettext=\"\" data-no-translation-aria-label=\"\">Seleccionar opciones<\/a>\t<span id=\"woocommerce_loop_add_to_cart_link_describedby_1549\" class=\"screen-reader-text\"><br \/>\n\t\tEste producto tiene m\u00faltiples variantes. Las opciones se pueden elegir en la p\u00e1gina de producto\t<\/span><\/p>","protected":false},"featured_media":1577,"comment_status":"closed","ping_status":"closed","template":"","meta":{"_uag_custom_page_level_css":""},"product_brand":[],"product_cat":[25],"product_tag":[397,1212,1213,1214,1215,1216,1217,1218,1219,1220,1221,1222,1223,1224,1225,1226,400,401,402,403,404,405,406,421,422,424,425,426,427,428,429,430,431,432,433,434,435,436,437,438,439,440,441,442,443,444,445,446,447,449,450,451,452,453,1227,456],"class_list":{"0":"post-1549","1":"product","2":"type-product","3":"status-publish","4":"has-post-thumbnail","6":"product_cat-synthetic-cannabinoids","7":"product_tag-2c-research-chemical","8":"product_tag-4-mec","9":"product_tag-4-mec-achat","10":"product_tag-4-mec-buy","11":"product_tag-4-mec-drug","12":"product_tag-4-mec-effects","13":"product_tag-4-mec-experience","14":"product_tag-4-mec-for-sale-usa","15":"product_tag-4-mec-psychonaut","16":"product_tag-4-mec-reddit","17":"product_tag-4-mec-review","18":"product_tag-4-mec-vs-3-mmc","19":"product_tag-4-mmc-vs-4-mec","20":"product_tag-buy-4-mec","21":"product_tag-buy-4-mec-online","22":"product_tag-buy-4-mec-online-san-francisco","23":"product_tag-buy-research-chemical","24":"product_tag-buy-research-chemicals","25":"product_tag-buy-research-chemicals-online","26":"product_tag-cabergoline-research-chemical","27":"product_tag-canadian-research-chemicals","28":"product_tag-domestic-research-chemicals","29":"product_tag-enclomiphene-research-chemical","30":"product_tag-legal-research-chemicals","31":"product_tag-opioid-research-chemicals","32":"product_tag-order-research-chemicals","33":"product_tag-quality-research-chemicals","34":"product_tag-reddit-research-chemicals","35":"product_tag-research-chemical","36":"product_tag-research-chemical-drugs","37":"product_tag-research-chemical-forum","38":"product_tag-research-chemical-opiates","39":"product_tag-research-chemical-reddit","40":"product_tag-research-chemical-shop","41":"product_tag-research-chemical-sources","42":"product_tag-research-chemical-store","43":"product_tag-research-chemical-supply","44":"product_tag-research-chemical-vendor-usa","45":"product_tag-research-chemical-vendors","46":"product_tag-research-chemical-vendors-reddit","47":"product_tag-research-chemicals","48":"product_tag-research-chemicals-for-sale","49":"product_tag-research-chemicals-kopen","50":"product_tag-research-chemicals-online","51":"product_tag-research-chemicals-reddit","52":"product_tag-research-chemicals-sale","53":"product_tag-research-chemicals-store","54":"product_tag-semaglutide-research-chemical","55":"product_tag-sunnyside-research-chemicals","56":"product_tag-tadalafil-research-chemical","57":"product_tag-tirzepatide-research-chemical","58":"product_tag-tirzepatide-research-chemical-for-sale","59":"product_tag-toronto-research-chemicals","60":"product_tag-what-are-research-chemicals","61":"product_tag-what-is-4-mec","62":"product_tag-where-to-buy-research-chemicals","64":"first","65":"instock","66":"shipping-taxable","67":"purchasable","68":"product-type-variable"},"yoast_head":"<!-- This site is optimized with the Yoast SEO plugin v27.1.1 - https:\/\/yoast.com\/product\/yoast-seo-wordpress\/ -->\n<title>4-MEC - wholesale supplier of research chemicals, 4mmc, 3mmc, MDPHP, Alpha PVP and more<\/title>\n<meta name=\"robots\" content=\"index, follow, max-snippet:-1, max-image-preview:large, max-video-preview:-1\" \/>\n<link rel=\"canonical\" href=\"https:\/\/frcs-research.com\/es\/product\/4-mec\/\" \/>\n<meta property=\"og:locale\" content=\"es_ES\" \/>\n<meta property=\"og:type\" content=\"article\" \/>\n<meta property=\"og:title\" content=\"4-MEC - wholesale supplier of research chemicals, 4mmc, 3mmc, MDPHP, Alpha PVP and more\" \/>\n<meta property=\"og:description\" content=\"4-MEC 4-MEC is the most famous cathinone research chemical synthesised during the last century. Its pharmacology can provide strong binding to noradrenalin, dopamine and serotonin transporters. Which could potentially be&hellip;&euro;160.00 - &euro;2,550.00Rango de precios: desde &euro;160.00 hasta &euro;2,550.00Seleccionar opciones  Este producto tiene m\u00faltiples variantes. Las opciones se pueden elegir en la p\u00e1gina de producto\" \/>\n<meta property=\"og:url\" content=\"https:\/\/frcs-research.com\/es\/product\/4-mec\/\" \/>\n<meta property=\"og:site_name\" content=\"wholesale supplier of research chemicals, 4mmc, 3mmc, MDPHP, Alpha PVP and more\" \/>\n<meta property=\"article:modified_time\" content=\"2026-04-20T15:33:06+00:00\" \/>\n<meta name=\"twitter:card\" content=\"summary_large_image\" \/>\n<meta name=\"twitter:label1\" content=\"Disponibilidad\" \/>\n\t<meta name=\"twitter:data1\" content=\"Disponible\" \/>\n<script type=\"application\/ld+json\" class=\"yoast-schema-graph\">{\"@context\":\"https:\/\/schema.org\",\"@graph\":[{\"@type\":[\"WebPage\",\"ItemPage\"],\"@id\":\"https:\/\/frcs-research.com\/product\/4-mec\/\",\"url\":\"https:\/\/frcs-research.com\/product\/4-mec\/\",\"name\":\"4-MEC - wholesale supplier of research chemicals, 4mmc, 3mmc, MDPHP, Alpha PVP and more\",\"isPartOf\":{\"@id\":\"https:\/\/frcs-research.com\/#website\"},\"primaryImageOfPage\":{\"@id\":\"https:\/\/frcs-research.com\/product\/4-mec\/#primaryimage\"},\"image\":{\"@id\":\"https:\/\/frcs-research.com\/product\/4-mec\/#primaryimage\"},\"thumbnailUrl\":\"https:\/\/frcs-research.com\/wp-content\/uploads\/2026\/01\/4-MEC.jpg\",\"datePublished\":\"2026-01-29T18:56:06+00:00\",\"dateModified\":\"2026-04-20T15:33:06+00:00\",\"breadcrumb\":{\"@id\":\"https:\/\/frcs-research.com\/product\/4-mec\/#breadcrumb\"},\"inLanguage\":\"es\",\"potentialAction\":[{\"@type\":\"ReadAction\",\"target\":[\"https:\/\/frcs-research.com\/product\/4-mec\/\"]}]},{\"@type\":\"ImageObject\",\"inLanguage\":\"es\",\"@id\":\"https:\/\/frcs-research.com\/product\/4-mec\/#primaryimage\",\"url\":\"https:\/\/frcs-research.com\/wp-content\/uploads\/2026\/01\/4-MEC.jpg\",\"contentUrl\":\"https:\/\/frcs-research.com\/wp-content\/uploads\/2026\/01\/4-MEC.jpg\",\"width\":600,\"height\":600},{\"@type\":\"BreadcrumbList\",\"@id\":\"https:\/\/frcs-research.com\/product\/4-mec\/#breadcrumb\",\"itemListElement\":[{\"@type\":\"ListItem\",\"position\":1,\"name\":\"Home\",\"item\":\"https:\/\/frcs-research.com\/\"},{\"@type\":\"ListItem\",\"position\":2,\"name\":\"Shop\",\"item\":\"https:\/\/frcs-research.com\/shop\/\"},{\"@type\":\"ListItem\",\"position\":3,\"name\":\"4-MEC\"}]},{\"@type\":\"WebSite\",\"@id\":\"https:\/\/frcs-research.com\/#website\",\"url\":\"https:\/\/frcs-research.com\/\",\"name\":\"wholesale supplier of research chemicals, 4mmc, 3mmc, MDPHP, Alpha PVP and more\",\"description\":\"Wholesale research chemicals\",\"potentialAction\":[{\"@type\":\"SearchAction\",\"target\":{\"@type\":\"EntryPoint\",\"urlTemplate\":\"https:\/\/frcs-research.com\/?s={search_term_string}\"},\"query-input\":{\"@type\":\"PropertyValueSpecification\",\"valueRequired\":true,\"valueName\":\"search_term_string\"}}],\"inLanguage\":\"es\"}]}<\/script>\n<meta property=\"og:availability\" content=\"instock\" \/>\n<meta property=\"product:availability\" content=\"instock\" \/>\n<meta property=\"product:condition\" content=\"new\" \/>\n<!-- \/ Yoast SEO plugin. -->","yoast_head_json":{"title":"4-MEC - wholesale supplier of research chemicals, 4mmc, 3mmc, MDPHP, Alpha PVP and more","robots":{"index":"index","follow":"follow","max-snippet":"max-snippet:-1","max-image-preview":"max-image-preview:large","max-video-preview":"max-video-preview:-1"},"canonical":"https:\/\/frcs-research.com\/es\/product\/4-mec\/","og_locale":"es_ES","og_type":"article","og_title":"4-MEC - wholesale supplier of research chemicals, 4mmc, 3mmc, MDPHP, Alpha PVP and more","og_description":"4-MEC 4-MEC is the most famous cathinone research chemical synthesised during the last century. Its pharmacology can provide strong binding to noradrenalin, dopamine and serotonin transporters. Which could potentially be&hellip;&euro;160.00 - &euro;2,550.00Rango de precios: desde &euro;160.00 hasta &euro;2,550.00Seleccionar opciones  Este producto tiene m\u00faltiples variantes. Las opciones se pueden elegir en la p\u00e1gina de producto","og_url":"https:\/\/frcs-research.com\/es\/product\/4-mec\/","og_site_name":"wholesale supplier of research chemicals, 4mmc, 3mmc, MDPHP, Alpha PVP and more","article_modified_time":"2026-04-20T15:33:06+00:00","twitter_card":"summary_large_image","twitter_misc":{"Disponibilidad":"Disponible"},"schema":{"@context":"https:\/\/schema.org","@graph":[{"@type":["WebPage","ItemPage"],"@id":"https:\/\/frcs-research.com\/product\/4-mec\/","url":"https:\/\/frcs-research.com\/product\/4-mec\/","name":"4-MEC - wholesale supplier of research chemicals, 4mmc, 3mmc, MDPHP, Alpha PVP and more","isPartOf":{"@id":"https:\/\/frcs-research.com\/#website"},"primaryImageOfPage":{"@id":"https:\/\/frcs-research.com\/product\/4-mec\/#primaryimage"},"image":{"@id":"https:\/\/frcs-research.com\/product\/4-mec\/#primaryimage"},"thumbnailUrl":"https:\/\/frcs-research.com\/wp-content\/uploads\/2026\/01\/4-MEC.jpg","datePublished":"2026-01-29T18:56:06+00:00","dateModified":"2026-04-20T15:33:06+00:00","breadcrumb":{"@id":"https:\/\/frcs-research.com\/product\/4-mec\/#breadcrumb"},"inLanguage":"es","potentialAction":[{"@type":"ReadAction","target":["https:\/\/frcs-research.com\/product\/4-mec\/"]}]},{"@type":"ImageObject","inLanguage":"es","@id":"https:\/\/frcs-research.com\/product\/4-mec\/#primaryimage","url":"https:\/\/frcs-research.com\/wp-content\/uploads\/2026\/01\/4-MEC.jpg","contentUrl":"https:\/\/frcs-research.com\/wp-content\/uploads\/2026\/01\/4-MEC.jpg","width":600,"height":600},{"@type":"BreadcrumbList","@id":"https:\/\/frcs-research.com\/product\/4-mec\/#breadcrumb","itemListElement":[{"@type":"ListItem","position":1,"name":"Home","item":"https:\/\/frcs-research.com\/"},{"@type":"ListItem","position":2,"name":"Shop","item":"https:\/\/frcs-research.com\/shop\/"},{"@type":"ListItem","position":3,"name":"4-MEC"}]},{"@type":"WebSite","@id":"https:\/\/frcs-research.com\/#website","url":"https:\/\/frcs-research.com\/","name":"Proveedor mayorista de productos qu\u00edmicos de investigaci\u00f3n, 4 mmc, 3 mmc, MDPHP, Alpha PVP y m\u00e1s","description":"Productos qu\u00edmicos de investigaci\u00f3n al por mayor","potentialAction":[{"@type":"SearchAction","target":{"@type":"EntryPoint","urlTemplate":"https:\/\/frcs-research.com\/?s={search_term_string}"},"query-input":{"@type":"PropertyValueSpecification","valueRequired":true,"valueName":"search_term_string"}}],"inLanguage":"es"}]},"og_availability":"instock","product_availability":"instock","product_condition":"new"},"uagb_featured_image_src":{"full":["https:\/\/frcs-research.com\/wp-content\/uploads\/2026\/01\/4-MEC.jpg",600,600,false],"thumbnail":["https:\/\/frcs-research.com\/wp-content\/uploads\/2026\/01\/4-MEC-150x150.jpg",150,150,true],"medium":["https:\/\/frcs-research.com\/wp-content\/uploads\/2026\/01\/4-MEC-300x300.jpg",300,300,true],"medium_large":["https:\/\/frcs-research.com\/wp-content\/uploads\/2026\/01\/4-MEC.jpg",600,600,false],"large":["https:\/\/frcs-research.com\/wp-content\/uploads\/2026\/01\/4-MEC.jpg",600,600,false],"1536x1536":["https:\/\/frcs-research.com\/wp-content\/uploads\/2026\/01\/4-MEC.jpg",600,600,false],"2048x2048":["https:\/\/frcs-research.com\/wp-content\/uploads\/2026\/01\/4-MEC.jpg",600,600,false],"trp-custom-language-flag":["https:\/\/frcs-research.com\/wp-content\/uploads\/2026\/01\/4-MEC-12x12.jpg",12,12,true],"post-thumbnail":["https:\/\/frcs-research.com\/wp-content\/uploads\/2026\/01\/4-MEC.jpg",600,600,false],"elite-commerce-slider":["https:\/\/frcs-research.com\/wp-content\/uploads\/2026\/01\/4-MEC.jpg",600,600,false],"elite-commerce-hero":["https:\/\/frcs-research.com\/wp-content\/uploads\/2026\/01\/4-MEC.jpg",600,600,false],"elite-commerce-portfolio":["https:\/\/frcs-research.com\/wp-content\/uploads\/2026\/01\/4-MEC-400x400.jpg",400,400,true],"woocommerce_thumbnail":["https:\/\/frcs-research.com\/wp-content\/uploads\/2026\/01\/4-MEC-300x300.jpg",300,300,true],"woocommerce_single":["https:\/\/frcs-research.com\/wp-content\/uploads\/2026\/01\/4-MEC.jpg",600,600,false],"woocommerce_gallery_thumbnail":["https:\/\/frcs-research.com\/wp-content\/uploads\/2026\/01\/4-MEC-100x100.jpg",100,100,true]},"uagb_author_info":{"display_name":"Richard Wood","author_link":"https:\/\/frcs-research.com\/es\/author\/"},"uagb_comment_info":99,"uagb_excerpt":"4-MEC 4-MEC is the most famous cathinone research chemical synthesised during the last century. Its pharmacology can provide strong binding to noradrenalin, dopamine and serotonin transporters. Which could potentially be&hellip;&euro;160.00 - &euro;2,550.00Rango de precios: desde &euro;160.00 hasta &euro;2,550.00Seleccionar opciones Este producto tiene m\u00faltiples variantes. Las opciones se pueden elegir en la&hellip;","_links":{"self":[{"href":"https:\/\/frcs-research.com\/es\/wp-json\/wp\/v2\/product\/1549","targetHints":{"allow":["GET"]}}],"collection":[{"href":"https:\/\/frcs-research.com\/es\/wp-json\/wp\/v2\/product"}],"about":[{"href":"https:\/\/frcs-research.com\/es\/wp-json\/wp\/v2\/types\/product"}],"replies":[{"embeddable":true,"href":"https:\/\/frcs-research.com\/es\/wp-json\/wp\/v2\/comments?post=1549"}],"wp:featuredmedia":[{"embeddable":true,"href":"https:\/\/frcs-research.com\/es\/wp-json\/wp\/v2\/media\/1577"}],"wp:attachment":[{"href":"https:\/\/frcs-research.com\/es\/wp-json\/wp\/v2\/media?parent=1549"}],"wp:term":[{"taxonomy":"product_brand","embeddable":true,"href":"https:\/\/frcs-research.com\/es\/wp-json\/wp\/v2\/product_brand?post=1549"},{"taxonomy":"product_cat","embeddable":true,"href":"https:\/\/frcs-research.com\/es\/wp-json\/wp\/v2\/product_cat?post=1549"},{"taxonomy":"product_tag","embeddable":true,"href":"https:\/\/frcs-research.com\/es\/wp-json\/wp\/v2\/product_tag?post=1549"}],"curies":[{"name":"wp","href":"https:\/\/api.w.org\/{rel}","templated":true}]}}