{"id":699,"date":"2024-10-12T20:06:11","date_gmt":"2024-10-12T20:06:11","guid":{"rendered":"https:\/\/frcs-research.com\/?post_type=product&#038;p=699"},"modified":"2026-04-03T16:42:40","modified_gmt":"2026-04-03T16:42:40","slug":"comprar-diazepam-en-polvo","status":"publish","type":"product","link":"https:\/\/frcs-research.com\/es\/product\/comprar-diazepam-en-polvo\/","title":{"rendered":"Diazepam (Valium) en polvo"},"content":{"rendered":"<h1>Comprar Diazepam en polvo en l\u00ednea: alivio de la ansiedad y la relajaci\u00f3n de confianza<\/h1>\n<p>Compra <strong>Polvo de diazepam<\/strong> en l\u00ednea para tratar eficazmente la ansiedad y los espasmos musculares. Esta benzodiazepina de acci\u00f3n prolongada, conocida como Valium, est\u00e1 disponible para su compra segura. \u00a1Compre ahora para obtener sedaci\u00f3n y relajaci\u00f3n confiables!<\/p>\n<p>En <a href=\"https:\/\/frcs-research.com\/es\/\">Investigaci\u00f3n de FRCS<\/a>Ofrecemos alta calidad <strong>Polvo de diazepam<\/strong> Para quienes buscan un alivio eficaz de la ansiedad, los espasmos musculares y otras afecciones. Valium es un medicamento confiable que ofrece efectos duraderos y nuestra presentaci\u00f3n en polvo garantiza una dosificaci\u00f3n precisa para obtener resultados \u00f3ptimos. Con un empaque discreto y un env\u00edo r\u00e1pido, puede comprar Diazepam en polvo con confianza. \u00a1Descubra los beneficios del Diazepam hoy y experimente la tranquilidad que se merece!<\/p>","protected":false},"excerpt":{"rendered":"<p>Order Diazepam Powder Online &#8211; Reliable Anxiety and Relaxation Purchase Diazepam powder online to effectively treat anxiety and muscle spasms. Known as Valium, this long-acting benzodiazepine is available for safe&hellip;<\/p>\n<p class=\"product woocommerce add_to_cart_inline\" style=\"border:4px solid #ccc; padding: 12px;\"><del aria-hidden=\"true\"><span class=\"woocommerce-Price-amount amount\"><bdi><span class=\"woocommerce-Price-currencySymbol\">&euro;<\/span>1,900.00<\/bdi><\/span><\/del> <span class=\"screen-reader-text\" data-no-translation=\"\" data-trp-gettext=\"\">El precio original era: &euro;1,900.00.<\/span><ins aria-hidden=\"true\"><span class=\"woocommerce-Price-amount amount\"><bdi><span class=\"woocommerce-Price-currencySymbol\">&euro;<\/span>1,700.00<\/bdi><\/span><\/ins><span class=\"screen-reader-text\" data-no-translation=\"\" data-trp-gettext=\"\">El precio actual es: &euro;1,700.00.<\/span><a href=\"\/es\/wp-json\/wp\/v2\/product\/699?add-to-cart=699\" aria-describedby=\"woocommerce_loop_add_to_cart_link_describedby_699\" data-quantity=\"1\" class=\"button product_type_simple add_to_cart_button ajax_add_to_cart\" data-product_id=\"699\" data-product_sku=\"\" aria-label=\"A\u00f1adir al carrito: \u201cDiazepam (Valium) Powder\u201d\" rel=\"nofollow\" data-success_message=\"\u00abDiazepam (Valium) Powder\u00bb se ha a\u00f1adido a tu carrito\" data-no-translation=\"\" data-trp-gettext=\"\" data-no-translation-aria-label=\"\" data-no-translation-data-success_message=\"\">A\u00f1adir a la cesta<\/a>\t<span id=\"woocommerce_loop_add_to_cart_link_describedby_699\" class=\"screen-reader-text\"><br \/>\n\t\t\t<\/span><\/p>","protected":false},"featured_media":700,"comment_status":"open","ping_status":"closed","template":"","meta":{"_uag_custom_page_level_css":""},"product_brand":[],"product_cat":[27],"product_tag":[],"class_list":{"0":"post-699","1":"product","2":"type-product","3":"status-publish","4":"has-post-thumbnail","6":"product_cat-benzodiazepine-analogs","8":"first","9":"instock","10":"sale","11":"shipping-taxable","12":"purchasable","13":"product-type-simple"},"yoast_head":"<!-- This site is optimized with the Yoast SEO plugin v27.1.1 - https:\/\/yoast.com\/product\/yoast-seo-wordpress\/ -->\n<title>Order Diazepam Powder Online - Reliable Anxiety and Relaxation<\/title>\n<meta name=\"description\" content=\"Purchase Diazepam powder online to effectively treat anxiety and muscle spasms. Known as Valium, this long-acting benzodiazepine is available for safe purchase\" \/>\n<meta name=\"robots\" content=\"index, follow, max-snippet:-1, max-image-preview:large, max-video-preview:-1\" \/>\n<link rel=\"canonical\" href=\"https:\/\/frcs-research.com\/es\/product\/comprar-diazepam-en-polvo\/\" \/>\n<meta property=\"og:locale\" content=\"es_ES\" \/>\n<meta property=\"og:type\" content=\"article\" \/>\n<meta property=\"og:title\" content=\"Order Diazepam Powder Online - Reliable Anxiety and Relaxation\" \/>\n<meta property=\"og:description\" content=\"Purchase Diazepam powder online to effectively treat anxiety and muscle spasms. Known as Valium, this long-acting benzodiazepine is available for safe purchase\" \/>\n<meta property=\"og:url\" content=\"https:\/\/frcs-research.com\/es\/product\/comprar-diazepam-en-polvo\/\" \/>\n<meta property=\"og:site_name\" content=\"wholesale supplier of research chemicals, 4mmc, 3mmc, MDPHP, Alpha PVP and more\" \/>\n<meta property=\"article:modified_time\" content=\"2026-04-03T16:42:40+00:00\" \/>\n<meta property=\"og:image\" content=\"https:\/\/frcs-research.com\/wp-content\/uploads\/2024\/10\/img-6933-500x500-1.webp\" \/>\n\t<meta property=\"og:image:width\" content=\"500\" \/>\n\t<meta property=\"og:image:height\" content=\"500\" \/>\n\t<meta property=\"og:image:type\" content=\"image\/webp\" \/>\n<meta name=\"twitter:card\" content=\"summary_large_image\" \/>\n<meta name=\"twitter:label1\" content=\"Precio\" \/>\n\t<meta name=\"twitter:data1\" content=\"&euro;1,700.00\" \/>\n\t<meta name=\"twitter:label2\" content=\"Disponibilidad\" \/>\n\t<meta name=\"twitter:data2\" content=\"Disponible\" \/>\n<script type=\"application\/ld+json\" class=\"yoast-schema-graph\">{\"@context\":\"https:\/\/schema.org\",\"@graph\":[{\"@type\":[\"WebPage\",\"ItemPage\"],\"@id\":\"https:\/\/frcs-research.com\/product\/order-diazepam-powder\/\",\"url\":\"https:\/\/frcs-research.com\/product\/order-diazepam-powder\/\",\"name\":\"Order Diazepam Powder Online - Reliable Anxiety and Relaxation\",\"isPartOf\":{\"@id\":\"https:\/\/frcs-research.com\/#website\"},\"primaryImageOfPage\":{\"@id\":\"https:\/\/frcs-research.com\/product\/order-diazepam-powder\/#primaryimage\"},\"image\":{\"@id\":\"https:\/\/frcs-research.com\/product\/order-diazepam-powder\/#primaryimage\"},\"thumbnailUrl\":\"https:\/\/frcs-research.com\/wp-content\/uploads\/2024\/10\/img-6933-500x500-1.webp\",\"datePublished\":\"2024-10-12T20:06:11+00:00\",\"dateModified\":\"2026-04-03T16:42:40+00:00\",\"description\":\"Purchase Diazepam powder online to effectively treat anxiety and muscle spasms. Known as Valium, this long-acting benzodiazepine is available for safe purchase\",\"breadcrumb\":{\"@id\":\"https:\/\/frcs-research.com\/product\/order-diazepam-powder\/#breadcrumb\"},\"inLanguage\":\"es\",\"potentialAction\":[{\"@type\":\"ReadAction\",\"target\":[\"https:\/\/frcs-research.com\/product\/order-diazepam-powder\/\"]}]},{\"@type\":\"ImageObject\",\"inLanguage\":\"es\",\"@id\":\"https:\/\/frcs-research.com\/product\/order-diazepam-powder\/#primaryimage\",\"url\":\"https:\/\/frcs-research.com\/wp-content\/uploads\/2024\/10\/img-6933-500x500-1.webp\",\"contentUrl\":\"https:\/\/frcs-research.com\/wp-content\/uploads\/2024\/10\/img-6933-500x500-1.webp\",\"width\":500,\"height\":500,\"caption\":\"Purchase Diazepam powder\"},{\"@type\":\"BreadcrumbList\",\"@id\":\"https:\/\/frcs-research.com\/product\/order-diazepam-powder\/#breadcrumb\",\"itemListElement\":[{\"@type\":\"ListItem\",\"position\":1,\"name\":\"Home\",\"item\":\"https:\/\/frcs-research.com\/\"},{\"@type\":\"ListItem\",\"position\":2,\"name\":\"Shop\",\"item\":\"https:\/\/frcs-research.com\/shop\/\"},{\"@type\":\"ListItem\",\"position\":3,\"name\":\"Diazepam (Valium) Powder\"}]},{\"@type\":\"WebSite\",\"@id\":\"https:\/\/frcs-research.com\/#website\",\"url\":\"https:\/\/frcs-research.com\/\",\"name\":\"wholesale supplier of research chemicals, 4mmc, 3mmc, MDPHP, Alpha PVP and more\",\"description\":\"Wholesale research chemicals\",\"potentialAction\":[{\"@type\":\"SearchAction\",\"target\":{\"@type\":\"EntryPoint\",\"urlTemplate\":\"https:\/\/frcs-research.com\/?s={search_term_string}\"},\"query-input\":{\"@type\":\"PropertyValueSpecification\",\"valueRequired\":true,\"valueName\":\"search_term_string\"}}],\"inLanguage\":\"es\"}]}<\/script>\n<meta property=\"product:price:amount\" content=\"1700.00\" \/>\n<meta property=\"product:price:currency\" content=\"EUR\" \/>\n<meta property=\"og:availability\" content=\"instock\" \/>\n<meta property=\"product:availability\" content=\"instock\" \/>\n<meta property=\"product:condition\" content=\"new\" \/>\n<!-- \/ Yoast SEO plugin. -->","yoast_head_json":{"title":"Comprar Diazepam en polvo en l\u00ednea: alivio de la ansiedad y la relajaci\u00f3n de confianza","description":"Compre polvo de diazepam en l\u00ednea para tratar eficazmente la ansiedad y los espasmos musculares. Esta benzodiazepina de acci\u00f3n prolongada, conocida como Valium, est\u00e1 disponible para su compra segura","robots":{"index":"index","follow":"follow","max-snippet":"max-snippet:-1","max-image-preview":"max-image-preview:large","max-video-preview":"max-video-preview:-1"},"canonical":"https:\/\/frcs-research.com\/es\/product\/comprar-diazepam-en-polvo\/","og_locale":"es_ES","og_type":"article","og_title":"Order Diazepam Powder Online - Reliable Anxiety and Relaxation","og_description":"Purchase Diazepam powder online to effectively treat anxiety and muscle spasms. Known as Valium, this long-acting benzodiazepine is available for safe purchase","og_url":"https:\/\/frcs-research.com\/es\/product\/comprar-diazepam-en-polvo\/","og_site_name":"wholesale supplier of research chemicals, 4mmc, 3mmc, MDPHP, Alpha PVP and more","article_modified_time":"2026-04-03T16:42:40+00:00","og_image":[{"width":500,"height":500,"url":"https:\/\/frcs-research.com\/wp-content\/uploads\/2024\/10\/img-6933-500x500-1.webp","type":"image\/webp"}],"twitter_card":"summary_large_image","twitter_misc":{"Precio":"&euro;1,700.00","Disponibilidad":"Disponible"},"schema":{"@context":"https:\/\/schema.org","@graph":[{"@type":["WebPage","ItemPage"],"@id":"https:\/\/frcs-research.com\/product\/order-diazepam-powder\/","url":"https:\/\/frcs-research.com\/product\/order-diazepam-powder\/","name":"Comprar Diazepam en polvo en l\u00ednea: alivio de la ansiedad y la relajaci\u00f3n de confianza","isPartOf":{"@id":"https:\/\/frcs-research.com\/#website"},"primaryImageOfPage":{"@id":"https:\/\/frcs-research.com\/product\/order-diazepam-powder\/#primaryimage"},"image":{"@id":"https:\/\/frcs-research.com\/product\/order-diazepam-powder\/#primaryimage"},"thumbnailUrl":"https:\/\/frcs-research.com\/wp-content\/uploads\/2024\/10\/img-6933-500x500-1.webp","datePublished":"2024-10-12T20:06:11+00:00","dateModified":"2026-04-03T16:42:40+00:00","description":"Compre polvo de diazepam en l\u00ednea para tratar eficazmente la ansiedad y los espasmos musculares. Esta benzodiazepina de acci\u00f3n prolongada, conocida como Valium, est\u00e1 disponible para su compra segura","breadcrumb":{"@id":"https:\/\/frcs-research.com\/product\/order-diazepam-powder\/#breadcrumb"},"inLanguage":"es","potentialAction":[{"@type":"ReadAction","target":["https:\/\/frcs-research.com\/product\/order-diazepam-powder\/"]}]},{"@type":"ImageObject","inLanguage":"es","@id":"https:\/\/frcs-research.com\/product\/order-diazepam-powder\/#primaryimage","url":"https:\/\/frcs-research.com\/wp-content\/uploads\/2024\/10\/img-6933-500x500-1.webp","contentUrl":"https:\/\/frcs-research.com\/wp-content\/uploads\/2024\/10\/img-6933-500x500-1.webp","width":500,"height":500,"caption":"Purchase Diazepam powder"},{"@type":"BreadcrumbList","@id":"https:\/\/frcs-research.com\/product\/order-diazepam-powder\/#breadcrumb","itemListElement":[{"@type":"ListItem","position":1,"name":"Home","item":"https:\/\/frcs-research.com\/"},{"@type":"ListItem","position":2,"name":"Shop","item":"https:\/\/frcs-research.com\/shop\/"},{"@type":"ListItem","position":3,"name":"Diazepam (Valium) Powder"}]},{"@type":"WebSite","@id":"https:\/\/frcs-research.com\/#website","url":"https:\/\/frcs-research.com\/","name":"Proveedor mayorista de productos qu\u00edmicos de investigaci\u00f3n, 4 mmc, 3 mmc, MDPHP, Alpha PVP y m\u00e1s","description":"Productos qu\u00edmicos de investigaci\u00f3n al por mayor","potentialAction":[{"@type":"SearchAction","target":{"@type":"EntryPoint","urlTemplate":"https:\/\/frcs-research.com\/?s={search_term_string}"},"query-input":{"@type":"PropertyValueSpecification","valueRequired":true,"valueName":"search_term_string"}}],"inLanguage":"es"}]},"product_price_amount":"1700.00","product_price_currency":"EUR","og_availability":"instock","product_availability":"instock","product_condition":"new"},"uagb_featured_image_src":{"full":["https:\/\/frcs-research.com\/wp-content\/uploads\/2024\/10\/img-6933-500x500-1.webp",500,500,false],"thumbnail":["https:\/\/frcs-research.com\/wp-content\/uploads\/2024\/10\/img-6933-500x500-1-150x150.webp",150,150,true],"medium":["https:\/\/frcs-research.com\/wp-content\/uploads\/2024\/10\/img-6933-500x500-1-300x300.webp",300,300,true],"medium_large":["https:\/\/frcs-research.com\/wp-content\/uploads\/2024\/10\/img-6933-500x500-1.webp",500,500,false],"large":["https:\/\/frcs-research.com\/wp-content\/uploads\/2024\/10\/img-6933-500x500-1.webp",500,500,false],"1536x1536":["https:\/\/frcs-research.com\/wp-content\/uploads\/2024\/10\/img-6933-500x500-1.webp",500,500,false],"2048x2048":["https:\/\/frcs-research.com\/wp-content\/uploads\/2024\/10\/img-6933-500x500-1.webp",500,500,false],"trp-custom-language-flag":["https:\/\/frcs-research.com\/wp-content\/uploads\/2024\/10\/img-6933-500x500-1.webp",12,12,false],"post-thumbnail":["https:\/\/frcs-research.com\/wp-content\/uploads\/2024\/10\/img-6933-500x500-1.webp",500,500,false],"elite-commerce-slider":["https:\/\/frcs-research.com\/wp-content\/uploads\/2024\/10\/img-6933-500x500-1.webp",500,500,false],"elite-commerce-hero":["https:\/\/frcs-research.com\/wp-content\/uploads\/2024\/10\/img-6933-500x500-1.webp",500,500,false],"elite-commerce-portfolio":["https:\/\/frcs-research.com\/wp-content\/uploads\/2024\/10\/img-6933-500x500-1.webp",400,400,false],"woocommerce_thumbnail":["https:\/\/frcs-research.com\/wp-content\/uploads\/2024\/10\/img-6933-500x500-1-300x300.webp",300,300,true],"woocommerce_single":["https:\/\/frcs-research.com\/wp-content\/uploads\/2024\/10\/img-6933-500x500-1.webp",500,500,false],"woocommerce_gallery_thumbnail":["https:\/\/frcs-research.com\/wp-content\/uploads\/2024\/10\/img-6933-500x500-1-100x100.webp",100,100,true]},"uagb_author_info":{"display_name":"Richard Wood","author_link":"https:\/\/frcs-research.com\/es\/author\/"},"uagb_comment_info":794,"uagb_excerpt":"Order Diazepam Powder Online &#8211; Reliable Anxiety and Relaxation Purchase Diazepam powder online to effectively treat anxiety and muscle spasms. Known as Valium, this long-acting benzodiazepine is available for safe&hellip;&euro;1,900.00 El precio original era: &euro;1,900.00.&euro;1,700.00El precio actual es: &euro;1,700.00.A\u00f1adir a la cesta","_links":{"self":[{"href":"https:\/\/frcs-research.com\/es\/wp-json\/wp\/v2\/product\/699","targetHints":{"allow":["GET"]}}],"collection":[{"href":"https:\/\/frcs-research.com\/es\/wp-json\/wp\/v2\/product"}],"about":[{"href":"https:\/\/frcs-research.com\/es\/wp-json\/wp\/v2\/types\/product"}],"replies":[{"embeddable":true,"href":"https:\/\/frcs-research.com\/es\/wp-json\/wp\/v2\/comments?post=699"}],"wp:featuredmedia":[{"embeddable":true,"href":"https:\/\/frcs-research.com\/es\/wp-json\/wp\/v2\/media\/700"}],"wp:attachment":[{"href":"https:\/\/frcs-research.com\/es\/wp-json\/wp\/v2\/media?parent=699"}],"wp:term":[{"taxonomy":"product_brand","embeddable":true,"href":"https:\/\/frcs-research.com\/es\/wp-json\/wp\/v2\/product_brand?post=699"},{"taxonomy":"product_cat","embeddable":true,"href":"https:\/\/frcs-research.com\/es\/wp-json\/wp\/v2\/product_cat?post=699"},{"taxonomy":"product_tag","embeddable":true,"href":"https:\/\/frcs-research.com\/es\/wp-json\/wp\/v2\/product_tag?post=699"}],"curies":[{"name":"wp","href":"https:\/\/api.w.org\/{rel}","templated":true}]}}