{"id":701,"date":"2024-10-12T20:12:57","date_gmt":"2024-10-12T20:12:57","guid":{"rendered":"https:\/\/frcs-research.com\/?post_type=product&#038;p=701"},"modified":"2026-04-03T13:12:34","modified_gmt":"2026-04-03T13:12:34","slug":"comprar-clonazepam-en-polvo","status":"publish","type":"product","link":"https:\/\/frcs-research.com\/es\/product\/comprar-clonazepam-en-polvo\/","title":{"rendered":"Clonazepam (Klonopin) en polvo"},"content":{"rendered":"<h1>Compre Clonazepam en polvo en l\u00ednea: tratamiento eficaz para el trastorno de p\u00e1nico<\/h1>\n<p>&nbsp;<\/p>\n<p>Buscando comprar <strong>Clonazepam en polvo<\/strong> \u00bfEn l\u00ednea? Conocida como Klonopin, esta benzodiazepina ofrece un alivio duradero para los trastornos de p\u00e1nico y la ansiedad. \u00a1Ordene ahora de fuentes confiables para obtener calidad y seguridad!<\/p>\n<p>Bienvenido a <a href=\"https:\/\/frcs-research.com\/es\/\">Investigaci\u00f3n de FRCS<\/a>, su fuente de referencia para <strong>Clonazepam en polvo<\/strong>! Klonopin es reconocido por su eficacia para controlar los trastornos de p\u00e1nico y la ansiedad. Nuestro Clonazepam en polvo de alta calidad permite una dosificaci\u00f3n precisa adaptada a sus necesidades. Cuando nos pide Klonopin en polvo, recibe un env\u00edo r\u00e1pido, un embalaje discreto y un excelente servicio al cliente. Tome el control de su ansiedad hoy mismo<\/p>","protected":false},"excerpt":{"rendered":"<p>Buy Clonazepam Powder Online &#8211; Effective Panic Disorder Treatment &nbsp; Looking to buy Clonazepam powder online? Known as Klonopin, this benzodiazepine offers long-lasting relief for panic disorders and anxiety. Order&hellip;<\/p>\n<p class=\"product woocommerce add_to_cart_inline\" style=\"border:4px solid #ccc; padding: 12px;\"><del aria-hidden=\"true\"><span class=\"woocommerce-Price-amount amount\"><bdi><span class=\"woocommerce-Price-currencySymbol\">&euro;<\/span>1,400.00<\/bdi><\/span><\/del> <span class=\"screen-reader-text\" data-no-translation=\"\" data-trp-gettext=\"\">El precio original era: &euro;1,400.00.<\/span><ins aria-hidden=\"true\"><span class=\"woocommerce-Price-amount amount\"><bdi><span class=\"woocommerce-Price-currencySymbol\">&euro;<\/span>1,250.00<\/bdi><\/span><\/ins><span class=\"screen-reader-text\" data-no-translation=\"\" data-trp-gettext=\"\">El precio actual es: &euro;1,250.00.<\/span><a href=\"\/es\/wp-json\/wp\/v2\/product\/701?add-to-cart=701\" aria-describedby=\"woocommerce_loop_add_to_cart_link_describedby_701\" data-quantity=\"1\" class=\"button product_type_simple add_to_cart_button ajax_add_to_cart\" data-product_id=\"701\" data-product_sku=\"\" aria-label=\"A\u00f1adir al carrito: \u201cClonazepam (Klonopin) Powder\u201d\" rel=\"nofollow\" data-success_message=\"\u00abClonazepam (Klonopin) Powder\u00bb se ha a\u00f1adido a tu carrito\" data-no-translation=\"\" data-trp-gettext=\"\" data-no-translation-aria-label=\"\" data-no-translation-data-success_message=\"\">A\u00f1adir a la cesta<\/a>\t<span id=\"woocommerce_loop_add_to_cart_link_describedby_701\" class=\"screen-reader-text\"><br \/>\n\t\t\t<\/span><\/p>","protected":false},"featured_media":702,"comment_status":"open","ping_status":"closed","template":"","meta":{"_uag_custom_page_level_css":""},"product_brand":[],"product_cat":[27],"product_tag":[],"class_list":{"0":"post-701","1":"product","2":"type-product","3":"status-publish","4":"has-post-thumbnail","6":"product_cat-benzodiazepine-analogs","8":"first","9":"instock","10":"sale","11":"shipping-taxable","12":"purchasable","13":"product-type-simple"},"yoast_head":"<!-- This site is optimized with the Yoast SEO plugin v27.1.1 - https:\/\/yoast.com\/product\/yoast-seo-wordpress\/ -->\n<title>Buy Clonazepam Powder Online - Effective Panic Disorder Treat<\/title>\n<meta name=\"description\" content=\"&quot;Looking to buy Clonazepam powder online? Known as Klonopin, this benzodiazepine offers long-lasting relief for panic disorders and anxiety.\" \/>\n<meta name=\"robots\" content=\"index, follow, max-snippet:-1, max-image-preview:large, max-video-preview:-1\" \/>\n<link rel=\"canonical\" href=\"https:\/\/frcs-research.com\/es\/product\/comprar-clonazepam-en-polvo\/\" \/>\n<meta property=\"og:locale\" content=\"es_ES\" \/>\n<meta property=\"og:type\" content=\"article\" \/>\n<meta property=\"og:title\" content=\"Buy Clonazepam Powder Online - Effective Panic Disorder Treat\" \/>\n<meta property=\"og:description\" content=\"&quot;Looking to buy Clonazepam powder online? Known as Klonopin, this benzodiazepine offers long-lasting relief for panic disorders and anxiety.\" \/>\n<meta property=\"og:url\" content=\"https:\/\/frcs-research.com\/es\/product\/comprar-clonazepam-en-polvo\/\" \/>\n<meta property=\"og:site_name\" content=\"wholesale supplier of research chemicals, 4mmc, 3mmc, MDPHP, Alpha PVP and more\" \/>\n<meta property=\"article:modified_time\" content=\"2026-04-03T13:12:34+00:00\" \/>\n<meta property=\"og:image\" content=\"https:\/\/frcs-research.com\/wp-content\/uploads\/2024\/10\/download-3.jpg\" \/>\n\t<meta property=\"og:image:width\" content=\"225\" \/>\n\t<meta property=\"og:image:height\" content=\"225\" \/>\n\t<meta property=\"og:image:type\" content=\"image\/jpeg\" \/>\n<meta name=\"twitter:card\" content=\"summary_large_image\" \/>\n<meta name=\"twitter:label1\" content=\"Precio\" \/>\n\t<meta name=\"twitter:data1\" content=\"&euro;1,250.00\" \/>\n\t<meta name=\"twitter:label2\" content=\"Disponibilidad\" \/>\n\t<meta name=\"twitter:data2\" content=\"Disponible\" \/>\n<script type=\"application\/ld+json\" class=\"yoast-schema-graph\">{\"@context\":\"https:\/\/schema.org\",\"@graph\":[{\"@type\":[\"WebPage\",\"ItemPage\"],\"@id\":\"https:\/\/frcs-research.com\/product\/buy-clonazepam-powder\/\",\"url\":\"https:\/\/frcs-research.com\/product\/buy-clonazepam-powder\/\",\"name\":\"Buy Clonazepam Powder Online - Effective Panic Disorder Treat\",\"isPartOf\":{\"@id\":\"https:\/\/frcs-research.com\/#website\"},\"primaryImageOfPage\":{\"@id\":\"https:\/\/frcs-research.com\/product\/buy-clonazepam-powder\/#primaryimage\"},\"image\":{\"@id\":\"https:\/\/frcs-research.com\/product\/buy-clonazepam-powder\/#primaryimage\"},\"thumbnailUrl\":\"https:\/\/frcs-research.com\/wp-content\/uploads\/2024\/10\/download-3.jpg\",\"datePublished\":\"2024-10-12T20:12:57+00:00\",\"dateModified\":\"2026-04-03T13:12:34+00:00\",\"description\":\"\\\"Looking to buy Clonazepam powder online? Known as Klonopin, this benzodiazepine offers long-lasting relief for panic disorders and anxiety.\",\"breadcrumb\":{\"@id\":\"https:\/\/frcs-research.com\/product\/buy-clonazepam-powder\/#breadcrumb\"},\"inLanguage\":\"es\",\"potentialAction\":[{\"@type\":\"ReadAction\",\"target\":[\"https:\/\/frcs-research.com\/product\/buy-clonazepam-powder\/\"]}]},{\"@type\":\"ImageObject\",\"inLanguage\":\"es\",\"@id\":\"https:\/\/frcs-research.com\/product\/buy-clonazepam-powder\/#primaryimage\",\"url\":\"https:\/\/frcs-research.com\/wp-content\/uploads\/2024\/10\/download-3.jpg\",\"contentUrl\":\"https:\/\/frcs-research.com\/wp-content\/uploads\/2024\/10\/download-3.jpg\",\"width\":225,\"height\":225,\"caption\":\"Clonazepam (Klonopin) Powder\"},{\"@type\":\"BreadcrumbList\",\"@id\":\"https:\/\/frcs-research.com\/product\/buy-clonazepam-powder\/#breadcrumb\",\"itemListElement\":[{\"@type\":\"ListItem\",\"position\":1,\"name\":\"Home\",\"item\":\"https:\/\/frcs-research.com\/\"},{\"@type\":\"ListItem\",\"position\":2,\"name\":\"Shop\",\"item\":\"https:\/\/frcs-research.com\/shop\/\"},{\"@type\":\"ListItem\",\"position\":3,\"name\":\"Clonazepam (Klonopin) Powder\"}]},{\"@type\":\"WebSite\",\"@id\":\"https:\/\/frcs-research.com\/#website\",\"url\":\"https:\/\/frcs-research.com\/\",\"name\":\"wholesale supplier of research chemicals, 4mmc, 3mmc, MDPHP, Alpha PVP and more\",\"description\":\"Wholesale research chemicals\",\"potentialAction\":[{\"@type\":\"SearchAction\",\"target\":{\"@type\":\"EntryPoint\",\"urlTemplate\":\"https:\/\/frcs-research.com\/?s={search_term_string}\"},\"query-input\":{\"@type\":\"PropertyValueSpecification\",\"valueRequired\":true,\"valueName\":\"search_term_string\"}}],\"inLanguage\":\"es\"}]}<\/script>\n<meta property=\"product:price:amount\" content=\"1250.00\" \/>\n<meta property=\"product:price:currency\" content=\"EUR\" \/>\n<meta property=\"og:availability\" content=\"instock\" \/>\n<meta property=\"product:availability\" content=\"instock\" \/>\n<meta property=\"product:condition\" content=\"new\" \/>\n<!-- \/ Yoast SEO plugin. -->","yoast_head_json":{"title":"Compre Clonazepam en polvo en l\u00ednea: tratamiento eficaz para el trastorno de p\u00e1nico","description":"&quot;\u00bfEst\u00e1 buscando comprar Clonazepam en polvo en l\u00ednea? Esta benzodiazepina, conocida como Klonopin, ofrece un alivio duradero para los trastornos de p\u00e1nico y la ansiedad.","robots":{"index":"index","follow":"follow","max-snippet":"max-snippet:-1","max-image-preview":"max-image-preview:large","max-video-preview":"max-video-preview:-1"},"canonical":"https:\/\/frcs-research.com\/es\/product\/comprar-clonazepam-en-polvo\/","og_locale":"es_ES","og_type":"article","og_title":"Buy Clonazepam Powder Online - Effective Panic Disorder Treat","og_description":"\"Looking to buy Clonazepam powder online? Known as Klonopin, this benzodiazepine offers long-lasting relief for panic disorders and anxiety.","og_url":"https:\/\/frcs-research.com\/es\/product\/comprar-clonazepam-en-polvo\/","og_site_name":"wholesale supplier of research chemicals, 4mmc, 3mmc, MDPHP, Alpha PVP and more","article_modified_time":"2026-04-03T13:12:34+00:00","og_image":[{"width":225,"height":225,"url":"https:\/\/frcs-research.com\/wp-content\/uploads\/2024\/10\/download-3.jpg","type":"image\/jpeg"}],"twitter_card":"summary_large_image","twitter_misc":{"Precio":"&euro;1,250.00","Disponibilidad":"Disponible"},"schema":{"@context":"https:\/\/schema.org","@graph":[{"@type":["WebPage","ItemPage"],"@id":"https:\/\/frcs-research.com\/product\/buy-clonazepam-powder\/","url":"https:\/\/frcs-research.com\/product\/buy-clonazepam-powder\/","name":"Compre Clonazepam en polvo en l\u00ednea: tratamiento eficaz para el trastorno de p\u00e1nico","isPartOf":{"@id":"https:\/\/frcs-research.com\/#website"},"primaryImageOfPage":{"@id":"https:\/\/frcs-research.com\/product\/buy-clonazepam-powder\/#primaryimage"},"image":{"@id":"https:\/\/frcs-research.com\/product\/buy-clonazepam-powder\/#primaryimage"},"thumbnailUrl":"https:\/\/frcs-research.com\/wp-content\/uploads\/2024\/10\/download-3.jpg","datePublished":"2024-10-12T20:12:57+00:00","dateModified":"2026-04-03T13:12:34+00:00","description":"&quot;\u00bfEst\u00e1 buscando comprar Clonazepam en polvo en l\u00ednea? Esta benzodiazepina, conocida como Klonopin, ofrece un alivio duradero para los trastornos de p\u00e1nico y la ansiedad.","breadcrumb":{"@id":"https:\/\/frcs-research.com\/product\/buy-clonazepam-powder\/#breadcrumb"},"inLanguage":"es","potentialAction":[{"@type":"ReadAction","target":["https:\/\/frcs-research.com\/product\/buy-clonazepam-powder\/"]}]},{"@type":"ImageObject","inLanguage":"es","@id":"https:\/\/frcs-research.com\/product\/buy-clonazepam-powder\/#primaryimage","url":"https:\/\/frcs-research.com\/wp-content\/uploads\/2024\/10\/download-3.jpg","contentUrl":"https:\/\/frcs-research.com\/wp-content\/uploads\/2024\/10\/download-3.jpg","width":225,"height":225,"caption":"Clonazepam (Klonopin) Powder"},{"@type":"BreadcrumbList","@id":"https:\/\/frcs-research.com\/product\/buy-clonazepam-powder\/#breadcrumb","itemListElement":[{"@type":"ListItem","position":1,"name":"Home","item":"https:\/\/frcs-research.com\/"},{"@type":"ListItem","position":2,"name":"Shop","item":"https:\/\/frcs-research.com\/shop\/"},{"@type":"ListItem","position":3,"name":"Clonazepam (Klonopin) Powder"}]},{"@type":"WebSite","@id":"https:\/\/frcs-research.com\/#website","url":"https:\/\/frcs-research.com\/","name":"Proveedor mayorista de productos qu\u00edmicos de investigaci\u00f3n, 4 mmc, 3 mmc, MDPHP, Alpha PVP y m\u00e1s","description":"Productos qu\u00edmicos de investigaci\u00f3n al por mayor","potentialAction":[{"@type":"SearchAction","target":{"@type":"EntryPoint","urlTemplate":"https:\/\/frcs-research.com\/?s={search_term_string}"},"query-input":{"@type":"PropertyValueSpecification","valueRequired":true,"valueName":"search_term_string"}}],"inLanguage":"es"}]},"product_price_amount":"1250.00","product_price_currency":"EUR","og_availability":"instock","product_availability":"instock","product_condition":"new"},"uagb_featured_image_src":{"full":["https:\/\/frcs-research.com\/wp-content\/uploads\/2024\/10\/download-3.jpg",225,225,false],"thumbnail":["https:\/\/frcs-research.com\/wp-content\/uploads\/2024\/10\/download-3-150x150.jpg",150,150,true],"medium":["https:\/\/frcs-research.com\/wp-content\/uploads\/2024\/10\/download-3.jpg",225,225,false],"medium_large":["https:\/\/frcs-research.com\/wp-content\/uploads\/2024\/10\/download-3.jpg",225,225,false],"large":["https:\/\/frcs-research.com\/wp-content\/uploads\/2024\/10\/download-3.jpg",225,225,false],"1536x1536":["https:\/\/frcs-research.com\/wp-content\/uploads\/2024\/10\/download-3.jpg",225,225,false],"2048x2048":["https:\/\/frcs-research.com\/wp-content\/uploads\/2024\/10\/download-3.jpg",225,225,false],"trp-custom-language-flag":["https:\/\/frcs-research.com\/wp-content\/uploads\/2024\/10\/download-3.jpg",12,12,false],"post-thumbnail":["https:\/\/frcs-research.com\/wp-content\/uploads\/2024\/10\/download-3.jpg",225,225,false],"elite-commerce-slider":["https:\/\/frcs-research.com\/wp-content\/uploads\/2024\/10\/download-3.jpg",225,225,false],"elite-commerce-hero":["https:\/\/frcs-research.com\/wp-content\/uploads\/2024\/10\/download-3.jpg",225,225,false],"elite-commerce-portfolio":["https:\/\/frcs-research.com\/wp-content\/uploads\/2024\/10\/download-3.jpg",225,225,false],"woocommerce_thumbnail":["https:\/\/frcs-research.com\/wp-content\/uploads\/2024\/10\/download-3.jpg",225,225,false],"woocommerce_single":["https:\/\/frcs-research.com\/wp-content\/uploads\/2024\/10\/download-3.jpg",225,225,false],"woocommerce_gallery_thumbnail":["https:\/\/frcs-research.com\/wp-content\/uploads\/2024\/10\/download-3-100x100.jpg",100,100,true]},"uagb_author_info":{"display_name":"Richard Wood","author_link":"https:\/\/frcs-research.com\/es\/author\/"},"uagb_comment_info":801,"uagb_excerpt":"Buy Clonazepam Powder Online &#8211; Effective Panic Disorder Treatment &nbsp; Looking to buy Clonazepam powder online? Known as Klonopin, this benzodiazepine offers long-lasting relief for panic disorders and anxiety. Order&hellip;&euro;1,400.00 El precio original era: &euro;1,400.00.&euro;1,250.00El precio actual es: &euro;1,250.00.A\u00f1adir a la cesta","_links":{"self":[{"href":"https:\/\/frcs-research.com\/es\/wp-json\/wp\/v2\/product\/701","targetHints":{"allow":["GET"]}}],"collection":[{"href":"https:\/\/frcs-research.com\/es\/wp-json\/wp\/v2\/product"}],"about":[{"href":"https:\/\/frcs-research.com\/es\/wp-json\/wp\/v2\/types\/product"}],"replies":[{"embeddable":true,"href":"https:\/\/frcs-research.com\/es\/wp-json\/wp\/v2\/comments?post=701"}],"wp:featuredmedia":[{"embeddable":true,"href":"https:\/\/frcs-research.com\/es\/wp-json\/wp\/v2\/media\/702"}],"wp:attachment":[{"href":"https:\/\/frcs-research.com\/es\/wp-json\/wp\/v2\/media?parent=701"}],"wp:term":[{"taxonomy":"product_brand","embeddable":true,"href":"https:\/\/frcs-research.com\/es\/wp-json\/wp\/v2\/product_brand?post=701"},{"taxonomy":"product_cat","embeddable":true,"href":"https:\/\/frcs-research.com\/es\/wp-json\/wp\/v2\/product_cat?post=701"},{"taxonomy":"product_tag","embeddable":true,"href":"https:\/\/frcs-research.com\/es\/wp-json\/wp\/v2\/product_tag?post=701"}],"curies":[{"name":"wp","href":"https:\/\/api.w.org\/{rel}","templated":true}]}}