{"id":703,"date":"2024-10-12T20:16:35","date_gmt":"2024-10-12T20:16:35","guid":{"rendered":"https:\/\/frcs-research.com\/?post_type=product&#038;p=703"},"modified":"2026-04-05T17:22:23","modified_gmt":"2026-04-05T17:22:23","slug":"comprar-lorazepam-en-polvo","status":"publish","type":"product","link":"https:\/\/frcs-research.com\/es\/product\/comprar-lorazepam-en-polvo\/","title":{"rendered":"Lorazepam (Ativan) en polvo"},"content":{"rendered":"<h1>Compre Lorazepam en polvo en l\u00ednea: alivio de la ansiedad de acci\u00f3n r\u00e1pida<\/h1>\n<p>Orden <strong>Polvo de lorazepam<\/strong> en l\u00ednea para una ansiedad eficaz y sedaci\u00f3n a corto plazo. Ativan es una benzodiazepina de acci\u00f3n r\u00e1pida disponible para compra segura. \u00a1Compre ahora para su tranquilidad!\u201d<\/p>\n<p><strong>Gui\u00f3n SEO:<\/strong><br \/>\nEn <a href=\"https:\/\/frcs-research.com\/es\/\">Investigaci\u00f3n de FRCS<\/a>Nos especializamos en alta calidad. <strong>Polvo de lorazepam<\/strong> Para aliviar la ansiedad de forma r\u00e1pida. Ativan es ideal para episodios agudos de ansiedad e insomnio, ya que proporciona efectos calmantes inmediatos. Nuestro lorazepam en polvo garantiza una dosificaci\u00f3n precisa, lo que le permite controlar su ansiedad de forma eficaz. Disfrute de un embalaje discreto y un env\u00edo r\u00e1pido cuando solicite el lorazepam en polvo con nosotros. \u00a1No deje que la ansiedad tome el control: compre el lorazepam en polvo hoy mismo!<\/p>","protected":false},"excerpt":{"rendered":"<p>Purchase Lorazepam Powder Online &#8211; Fast-Acting Anxiety Relief Order Lorazepam powder online for effective anxiety and short-term sedation. Ativan is a fast-acting benzodiazepine available for secure purchase. Buy now for&hellip;<\/p>\n<p class=\"product woocommerce add_to_cart_inline\" style=\"border:4px solid #ccc; padding: 12px;\"><del aria-hidden=\"true\"><span class=\"woocommerce-Price-amount amount\"><bdi><span class=\"woocommerce-Price-currencySymbol\">&euro;<\/span>3,000.00<\/bdi><\/span><\/del> <span class=\"screen-reader-text\" data-no-translation=\"\" data-trp-gettext=\"\">El precio original era: &euro;3,000.00.<\/span><ins aria-hidden=\"true\"><span class=\"woocommerce-Price-amount amount\"><bdi><span class=\"woocommerce-Price-currencySymbol\">&euro;<\/span>2,700.00<\/bdi><\/span><\/ins><span class=\"screen-reader-text\" data-no-translation=\"\" data-trp-gettext=\"\">El precio actual es: &euro;2,700.00.<\/span><a href=\"\/es\/wp-json\/wp\/v2\/product\/703?add-to-cart=703\" aria-describedby=\"woocommerce_loop_add_to_cart_link_describedby_703\" data-quantity=\"1\" class=\"button product_type_simple add_to_cart_button ajax_add_to_cart\" data-product_id=\"703\" data-product_sku=\"\" aria-label=\"A\u00f1adir al carrito: \u201cLorazepam (Ativan) Powder\u201d\" rel=\"nofollow\" data-success_message=\"\u00abLorazepam (Ativan) Powder\u00bb se ha a\u00f1adido a tu carrito\" data-no-translation=\"\" data-trp-gettext=\"\" data-no-translation-aria-label=\"\" data-no-translation-data-success_message=\"\">A\u00f1adir a la cesta<\/a>\t<span id=\"woocommerce_loop_add_to_cart_link_describedby_703\" class=\"screen-reader-text\"><br \/>\n\t\t\t<\/span><\/p>","protected":false},"featured_media":704,"comment_status":"open","ping_status":"closed","template":"","meta":{"_uag_custom_page_level_css":""},"product_brand":[],"product_cat":[27],"product_tag":[],"class_list":{"0":"post-703","1":"product","2":"type-product","3":"status-publish","4":"has-post-thumbnail","6":"product_cat-benzodiazepine-analogs","8":"first","9":"instock","10":"sale","11":"shipping-taxable","12":"purchasable","13":"product-type-simple"},"yoast_head":"<!-- This site is optimized with the Yoast SEO plugin v27.1.1 - https:\/\/yoast.com\/product\/yoast-seo-wordpress\/ -->\n<title>Order Lorazepam Powder Online - Fast-Acting Anxiety Relief<\/title>\n<meta name=\"description\" content=\"Order Lorazepam powder online for effective anxiety and short-term sedation. Ativan is a fast-acting benzodiazepine available for secure purchase\" \/>\n<meta name=\"robots\" content=\"index, follow, max-snippet:-1, max-image-preview:large, max-video-preview:-1\" \/>\n<link rel=\"canonical\" href=\"https:\/\/frcs-research.com\/es\/product\/comprar-lorazepam-en-polvo\/\" \/>\n<meta property=\"og:locale\" content=\"es_ES\" \/>\n<meta property=\"og:type\" content=\"article\" \/>\n<meta property=\"og:title\" content=\"Order Lorazepam Powder Online - Fast-Acting Anxiety Relief\" \/>\n<meta property=\"og:description\" content=\"Order Lorazepam powder online for effective anxiety and short-term sedation. Ativan is a fast-acting benzodiazepine available for secure purchase\" \/>\n<meta property=\"og:url\" content=\"https:\/\/frcs-research.com\/es\/product\/comprar-lorazepam-en-polvo\/\" \/>\n<meta property=\"og:site_name\" content=\"wholesale supplier of research chemicals, 4mmc, 3mmc, MDPHP, Alpha PVP and more\" \/>\n<meta property=\"article:modified_time\" content=\"2026-04-05T17:22:23+00:00\" \/>\n<meta property=\"og:image\" content=\"https:\/\/frcs-research.com\/wp-content\/uploads\/2024\/10\/cilostazol-powder-antiplatelet-aggregation-drug.jpeg\" \/>\n\t<meta property=\"og:image:width\" content=\"959\" \/>\n\t<meta property=\"og:image:height\" content=\"1280\" \/>\n\t<meta property=\"og:image:type\" content=\"image\/jpeg\" \/>\n<meta name=\"twitter:card\" content=\"summary_large_image\" \/>\n<meta name=\"twitter:label1\" content=\"Precio\" \/>\n\t<meta name=\"twitter:data1\" content=\"&euro;2,700.00\" \/>\n\t<meta name=\"twitter:label2\" content=\"Disponibilidad\" \/>\n\t<meta name=\"twitter:data2\" content=\"Disponible\" \/>\n<script type=\"application\/ld+json\" class=\"yoast-schema-graph\">{\"@context\":\"https:\/\/schema.org\",\"@graph\":[{\"@type\":[\"WebPage\",\"ItemPage\"],\"@id\":\"https:\/\/frcs-research.com\/product\/order-lorazepam-powder\/\",\"url\":\"https:\/\/frcs-research.com\/product\/order-lorazepam-powder\/\",\"name\":\"Order Lorazepam Powder Online - Fast-Acting Anxiety Relief\",\"isPartOf\":{\"@id\":\"https:\/\/frcs-research.com\/#website\"},\"primaryImageOfPage\":{\"@id\":\"https:\/\/frcs-research.com\/product\/order-lorazepam-powder\/#primaryimage\"},\"image\":{\"@id\":\"https:\/\/frcs-research.com\/product\/order-lorazepam-powder\/#primaryimage\"},\"thumbnailUrl\":\"https:\/\/frcs-research.com\/wp-content\/uploads\/2024\/10\/cilostazol-powder-antiplatelet-aggregation-drug.jpeg\",\"datePublished\":\"2024-10-12T20:16:35+00:00\",\"dateModified\":\"2026-04-05T17:22:23+00:00\",\"description\":\"Order Lorazepam powder online for effective anxiety and short-term sedation. Ativan is a fast-acting benzodiazepine available for secure purchase\",\"breadcrumb\":{\"@id\":\"https:\/\/frcs-research.com\/product\/order-lorazepam-powder\/#breadcrumb\"},\"inLanguage\":\"es\",\"potentialAction\":[{\"@type\":\"ReadAction\",\"target\":[\"https:\/\/frcs-research.com\/product\/order-lorazepam-powder\/\"]}]},{\"@type\":\"ImageObject\",\"inLanguage\":\"es\",\"@id\":\"https:\/\/frcs-research.com\/product\/order-lorazepam-powder\/#primaryimage\",\"url\":\"https:\/\/frcs-research.com\/wp-content\/uploads\/2024\/10\/cilostazol-powder-antiplatelet-aggregation-drug.jpeg\",\"contentUrl\":\"https:\/\/frcs-research.com\/wp-content\/uploads\/2024\/10\/cilostazol-powder-antiplatelet-aggregation-drug.jpeg\",\"width\":959,\"height\":1280,\"caption\":\"Order Lorazepam powder\"},{\"@type\":\"BreadcrumbList\",\"@id\":\"https:\/\/frcs-research.com\/product\/order-lorazepam-powder\/#breadcrumb\",\"itemListElement\":[{\"@type\":\"ListItem\",\"position\":1,\"name\":\"Home\",\"item\":\"https:\/\/frcs-research.com\/\"},{\"@type\":\"ListItem\",\"position\":2,\"name\":\"Shop\",\"item\":\"https:\/\/frcs-research.com\/shop\/\"},{\"@type\":\"ListItem\",\"position\":3,\"name\":\"Lorazepam (Ativan) Powder\"}]},{\"@type\":\"WebSite\",\"@id\":\"https:\/\/frcs-research.com\/#website\",\"url\":\"https:\/\/frcs-research.com\/\",\"name\":\"wholesale supplier of research chemicals, 4mmc, 3mmc, MDPHP, Alpha PVP and more\",\"description\":\"Wholesale research chemicals\",\"potentialAction\":[{\"@type\":\"SearchAction\",\"target\":{\"@type\":\"EntryPoint\",\"urlTemplate\":\"https:\/\/frcs-research.com\/?s={search_term_string}\"},\"query-input\":{\"@type\":\"PropertyValueSpecification\",\"valueRequired\":true,\"valueName\":\"search_term_string\"}}],\"inLanguage\":\"es\"}]}<\/script>\n<meta property=\"product:price:amount\" content=\"2700.00\" \/>\n<meta property=\"product:price:currency\" content=\"EUR\" \/>\n<meta property=\"og:availability\" content=\"instock\" \/>\n<meta property=\"product:availability\" content=\"instock\" \/>\n<meta property=\"product:condition\" content=\"new\" \/>\n<!-- \/ Yoast SEO plugin. -->","yoast_head_json":{"title":"Comprar Lorazepam en polvo en l\u00ednea: alivio de la ansiedad de acci\u00f3n r\u00e1pida","description":"Pida Lorazepam en polvo en l\u00ednea para una sedaci\u00f3n a corto plazo y un tratamiento eficaz contra la ansiedad. Ativan es una benzodiazepina de acci\u00f3n r\u00e1pida disponible para compra segura","robots":{"index":"index","follow":"follow","max-snippet":"max-snippet:-1","max-image-preview":"max-image-preview:large","max-video-preview":"max-video-preview:-1"},"canonical":"https:\/\/frcs-research.com\/es\/product\/comprar-lorazepam-en-polvo\/","og_locale":"es_ES","og_type":"article","og_title":"Order Lorazepam Powder Online - Fast-Acting Anxiety Relief","og_description":"Order Lorazepam powder online for effective anxiety and short-term sedation. Ativan is a fast-acting benzodiazepine available for secure purchase","og_url":"https:\/\/frcs-research.com\/es\/product\/comprar-lorazepam-en-polvo\/","og_site_name":"wholesale supplier of research chemicals, 4mmc, 3mmc, MDPHP, Alpha PVP and more","article_modified_time":"2026-04-05T17:22:23+00:00","og_image":[{"width":959,"height":1280,"url":"https:\/\/frcs-research.com\/wp-content\/uploads\/2024\/10\/cilostazol-powder-antiplatelet-aggregation-drug.jpeg","type":"image\/jpeg"}],"twitter_card":"summary_large_image","twitter_misc":{"Precio":"&euro;2,700.00","Disponibilidad":"Disponible"},"schema":{"@context":"https:\/\/schema.org","@graph":[{"@type":["WebPage","ItemPage"],"@id":"https:\/\/frcs-research.com\/product\/order-lorazepam-powder\/","url":"https:\/\/frcs-research.com\/product\/order-lorazepam-powder\/","name":"Comprar Lorazepam en polvo en l\u00ednea: alivio de la ansiedad de acci\u00f3n r\u00e1pida","isPartOf":{"@id":"https:\/\/frcs-research.com\/#website"},"primaryImageOfPage":{"@id":"https:\/\/frcs-research.com\/product\/order-lorazepam-powder\/#primaryimage"},"image":{"@id":"https:\/\/frcs-research.com\/product\/order-lorazepam-powder\/#primaryimage"},"thumbnailUrl":"https:\/\/frcs-research.com\/wp-content\/uploads\/2024\/10\/cilostazol-powder-antiplatelet-aggregation-drug.jpeg","datePublished":"2024-10-12T20:16:35+00:00","dateModified":"2026-04-05T17:22:23+00:00","description":"Pida Lorazepam en polvo en l\u00ednea para una sedaci\u00f3n a corto plazo y un tratamiento eficaz contra la ansiedad. Ativan es una benzodiazepina de acci\u00f3n r\u00e1pida disponible para compra segura","breadcrumb":{"@id":"https:\/\/frcs-research.com\/product\/order-lorazepam-powder\/#breadcrumb"},"inLanguage":"es","potentialAction":[{"@type":"ReadAction","target":["https:\/\/frcs-research.com\/product\/order-lorazepam-powder\/"]}]},{"@type":"ImageObject","inLanguage":"es","@id":"https:\/\/frcs-research.com\/product\/order-lorazepam-powder\/#primaryimage","url":"https:\/\/frcs-research.com\/wp-content\/uploads\/2024\/10\/cilostazol-powder-antiplatelet-aggregation-drug.jpeg","contentUrl":"https:\/\/frcs-research.com\/wp-content\/uploads\/2024\/10\/cilostazol-powder-antiplatelet-aggregation-drug.jpeg","width":959,"height":1280,"caption":"Order Lorazepam powder"},{"@type":"BreadcrumbList","@id":"https:\/\/frcs-research.com\/product\/order-lorazepam-powder\/#breadcrumb","itemListElement":[{"@type":"ListItem","position":1,"name":"Home","item":"https:\/\/frcs-research.com\/"},{"@type":"ListItem","position":2,"name":"Shop","item":"https:\/\/frcs-research.com\/shop\/"},{"@type":"ListItem","position":3,"name":"Lorazepam (Ativan) Powder"}]},{"@type":"WebSite","@id":"https:\/\/frcs-research.com\/#website","url":"https:\/\/frcs-research.com\/","name":"Proveedor mayorista de productos qu\u00edmicos de investigaci\u00f3n, 4 mmc, 3 mmc, MDPHP, Alpha PVP y m\u00e1s","description":"Productos qu\u00edmicos de investigaci\u00f3n al por mayor","potentialAction":[{"@type":"SearchAction","target":{"@type":"EntryPoint","urlTemplate":"https:\/\/frcs-research.com\/?s={search_term_string}"},"query-input":{"@type":"PropertyValueSpecification","valueRequired":true,"valueName":"search_term_string"}}],"inLanguage":"es"}]},"product_price_amount":"2700.00","product_price_currency":"EUR","og_availability":"instock","product_availability":"instock","product_condition":"new"},"uagb_featured_image_src":{"full":["https:\/\/frcs-research.com\/wp-content\/uploads\/2024\/10\/cilostazol-powder-antiplatelet-aggregation-drug.jpeg",959,1280,false],"thumbnail":["https:\/\/frcs-research.com\/wp-content\/uploads\/2024\/10\/cilostazol-powder-antiplatelet-aggregation-drug-150x150.jpeg",150,150,true],"medium":["https:\/\/frcs-research.com\/wp-content\/uploads\/2024\/10\/cilostazol-powder-antiplatelet-aggregation-drug-225x300.jpeg",225,300,true],"medium_large":["https:\/\/frcs-research.com\/wp-content\/uploads\/2024\/10\/cilostazol-powder-antiplatelet-aggregation-drug-768x1025.jpeg",768,1025,true],"large":["https:\/\/frcs-research.com\/wp-content\/uploads\/2024\/10\/cilostazol-powder-antiplatelet-aggregation-drug-767x1024.jpeg",767,1024,true],"1536x1536":["https:\/\/frcs-research.com\/wp-content\/uploads\/2024\/10\/cilostazol-powder-antiplatelet-aggregation-drug.jpeg",959,1280,false],"2048x2048":["https:\/\/frcs-research.com\/wp-content\/uploads\/2024\/10\/cilostazol-powder-antiplatelet-aggregation-drug.jpeg",959,1280,false],"trp-custom-language-flag":["https:\/\/frcs-research.com\/wp-content\/uploads\/2024\/10\/cilostazol-powder-antiplatelet-aggregation-drug.jpeg",9,12,false],"post-thumbnail":["https:\/\/frcs-research.com\/wp-content\/uploads\/2024\/10\/cilostazol-powder-antiplatelet-aggregation-drug.jpeg",465,620,false],"elite-commerce-slider":["https:\/\/frcs-research.com\/wp-content\/uploads\/2024\/10\/cilostazol-powder-antiplatelet-aggregation-drug.jpeg",749,1000,false],"elite-commerce-hero":["https:\/\/frcs-research.com\/wp-content\/uploads\/2024\/10\/cilostazol-powder-antiplatelet-aggregation-drug.jpeg",487,650,false],"elite-commerce-portfolio":["https:\/\/frcs-research.com\/wp-content\/uploads\/2024\/10\/cilostazol-powder-antiplatelet-aggregation-drug.jpeg",337,450,false],"woocommerce_thumbnail":["https:\/\/frcs-research.com\/wp-content\/uploads\/2024\/10\/cilostazol-powder-antiplatelet-aggregation-drug-300x300.jpeg",300,300,true],"woocommerce_single":["https:\/\/frcs-research.com\/wp-content\/uploads\/2024\/10\/cilostazol-powder-antiplatelet-aggregation-drug-600x801.jpeg",600,801,true],"woocommerce_gallery_thumbnail":["https:\/\/frcs-research.com\/wp-content\/uploads\/2024\/10\/cilostazol-powder-antiplatelet-aggregation-drug-100x100.jpeg",100,100,true]},"uagb_author_info":{"display_name":"Richard Wood","author_link":"https:\/\/frcs-research.com\/es\/author\/"},"uagb_comment_info":814,"uagb_excerpt":"Purchase Lorazepam Powder Online &#8211; Fast-Acting Anxiety Relief Order Lorazepam powder online for effective anxiety and short-term sedation. Ativan is a fast-acting benzodiazepine available for secure purchase. Buy now for&hellip;&euro;3,000.00 El precio original era: &euro;3,000.00.&euro;2,700.00El precio actual es: &euro;2,700.00.A\u00f1adir a la cesta","_links":{"self":[{"href":"https:\/\/frcs-research.com\/es\/wp-json\/wp\/v2\/product\/703","targetHints":{"allow":["GET"]}}],"collection":[{"href":"https:\/\/frcs-research.com\/es\/wp-json\/wp\/v2\/product"}],"about":[{"href":"https:\/\/frcs-research.com\/es\/wp-json\/wp\/v2\/types\/product"}],"replies":[{"embeddable":true,"href":"https:\/\/frcs-research.com\/es\/wp-json\/wp\/v2\/comments?post=703"}],"wp:featuredmedia":[{"embeddable":true,"href":"https:\/\/frcs-research.com\/es\/wp-json\/wp\/v2\/media\/704"}],"wp:attachment":[{"href":"https:\/\/frcs-research.com\/es\/wp-json\/wp\/v2\/media?parent=703"}],"wp:term":[{"taxonomy":"product_brand","embeddable":true,"href":"https:\/\/frcs-research.com\/es\/wp-json\/wp\/v2\/product_brand?post=703"},{"taxonomy":"product_cat","embeddable":true,"href":"https:\/\/frcs-research.com\/es\/wp-json\/wp\/v2\/product_cat?post=703"},{"taxonomy":"product_tag","embeddable":true,"href":"https:\/\/frcs-research.com\/es\/wp-json\/wp\/v2\/product_tag?post=703"}],"curies":[{"name":"wp","href":"https:\/\/api.w.org\/{rel}","templated":true}]}}