{"id":706,"date":"2024-10-12T20:29:28","date_gmt":"2024-10-12T20:29:28","guid":{"rendered":"https:\/\/frcs-research.com\/?post_type=product&#038;p=706"},"modified":"2026-04-04T00:02:30","modified_gmt":"2026-04-04T00:02:30","slug":"ordenar-fenibut-en-polvo","status":"publish","type":"product","link":"https:\/\/frcs-research.com\/es\/product\/ordenar-fenibut-en-polvo\/","title":{"rendered":"Polvo de fenibut"},"content":{"rendered":"<h1>Compre Phenibut en polvo en l\u00ednea: mejora natural del estado de \u00e1nimo y la ansiedad<\/h1>\n<p>Orden <strong>Polvo de fenibut<\/strong> en l\u00ednea como una alternativa natural para la ansiedad y la mejora cognitiva. Disponible a trav\u00e9s de proveedores de confianza, \u00a1compre Phenibut hoy para explorar sus beneficios!\u201d<\/p>\n<p><strong>Gui\u00f3n SEO:<\/strong><br \/>\nBienvenido a <a href=\"https:\/\/frcs-research.com\/es\/\">Investigaci\u00f3n de FRCS<\/a>, su fuente confiable para <strong>Polvo de fenibut<\/strong>Este an\u00e1logo de GABA es conocido por su capacidad para reducir la ansiedad y mejorar el estado de \u00e1nimo. Nuestro Phenibut en polvo de alta calidad permite una dosificaci\u00f3n personalizada, lo que garantiza que pueda experimentar sus beneficios por completo. Priorizamos su seguridad con transacciones seguras y empaques discretos. \u00a1Explore las ventajas de Phenibut y compre su polvo hoy!<\/p>","protected":false},"excerpt":{"rendered":"<p>Buy Phenibut Powder Online &#8211; Natural Anxiety and Mood Enhancement Order Phenibut powder online as a natural alternative for anxiety and cognitive enhancement. Available from reputable suppliers, buy Phenibut today&hellip;<\/p>\n<p class=\"product woocommerce add_to_cart_inline\" style=\"border:4px solid #ccc; padding: 12px;\"><del aria-hidden=\"true\"><span class=\"woocommerce-Price-amount amount\"><bdi><span class=\"woocommerce-Price-currencySymbol\">&euro;<\/span>1,900.00<\/bdi><\/span><\/del> <span class=\"screen-reader-text\" data-no-translation=\"\" data-trp-gettext=\"\">El precio original era: &euro;1,900.00.<\/span><ins aria-hidden=\"true\"><span class=\"woocommerce-Price-amount amount\"><bdi><span class=\"woocommerce-Price-currencySymbol\">&euro;<\/span>1,700.00<\/bdi><\/span><\/ins><span class=\"screen-reader-text\" data-no-translation=\"\" data-trp-gettext=\"\">El precio actual es: &euro;1,700.00.<\/span><a href=\"\/es\/wp-json\/wp\/v2\/product\/706?add-to-cart=706\" aria-describedby=\"woocommerce_loop_add_to_cart_link_describedby_706\" data-quantity=\"1\" class=\"button product_type_simple add_to_cart_button ajax_add_to_cart\" data-product_id=\"706\" data-product_sku=\"\" aria-label=\"A\u00f1adir al carrito: \u201cPhenibut Powder\u201d\" rel=\"nofollow\" data-success_message=\"\u00abPhenibut Powder\u00bb se ha a\u00f1adido a tu carrito\" data-no-translation=\"\" data-trp-gettext=\"\" data-no-translation-aria-label=\"\" data-no-translation-data-success_message=\"\">A\u00f1adir a la cesta<\/a>\t<span id=\"woocommerce_loop_add_to_cart_link_describedby_706\" class=\"screen-reader-text\"><br \/>\n\t\t\t<\/span><\/p>","protected":false},"featured_media":707,"comment_status":"open","ping_status":"closed","template":"","meta":{"_uag_custom_page_level_css":""},"product_brand":[],"product_cat":[27],"product_tag":[],"class_list":{"0":"post-706","1":"product","2":"type-product","3":"status-publish","4":"has-post-thumbnail","6":"product_cat-benzodiazepine-analogs","8":"first","9":"instock","10":"sale","11":"shipping-taxable","12":"purchasable","13":"product-type-simple"},"yoast_head":"<!-- This site is optimized with the Yoast SEO plugin v27.1.1 - https:\/\/yoast.com\/product\/yoast-seo-wordpress\/ -->\n<title>Buy Phenibut Powder Online - Natural Anxiety and Mood<\/title>\n<meta name=\"description\" content=\"Order Phenibut powder online as a natural alternative for anxiety and cognitive enhancement. Available from reputable suppliers\" \/>\n<meta name=\"robots\" content=\"index, follow, max-snippet:-1, max-image-preview:large, max-video-preview:-1\" \/>\n<link rel=\"canonical\" href=\"https:\/\/frcs-research.com\/es\/product\/ordenar-fenibut-en-polvo\/\" \/>\n<meta property=\"og:locale\" content=\"es_ES\" \/>\n<meta property=\"og:type\" content=\"article\" \/>\n<meta property=\"og:title\" content=\"Buy Phenibut Powder Online - Natural Anxiety and Mood\" \/>\n<meta property=\"og:description\" content=\"Order Phenibut powder online as a natural alternative for anxiety and cognitive enhancement. Available from reputable suppliers\" \/>\n<meta property=\"og:url\" content=\"https:\/\/frcs-research.com\/es\/product\/ordenar-fenibut-en-polvo\/\" \/>\n<meta property=\"og:site_name\" content=\"wholesale supplier of research chemicals, 4mmc, 3mmc, MDPHP, Alpha PVP and more\" \/>\n<meta property=\"article:modified_time\" content=\"2026-04-04T00:02:30+00:00\" \/>\n<meta property=\"og:image\" content=\"https:\/\/frcs-research.com\/wp-content\/uploads\/2024\/10\/141976235803521.jpg\" \/>\n\t<meta property=\"og:image:width\" content=\"750\" \/>\n\t<meta property=\"og:image:height\" content=\"750\" \/>\n\t<meta property=\"og:image:type\" content=\"image\/jpeg\" \/>\n<meta name=\"twitter:card\" content=\"summary_large_image\" \/>\n<meta name=\"twitter:label1\" content=\"Precio\" \/>\n\t<meta name=\"twitter:data1\" content=\"&euro;1,700.00\" \/>\n\t<meta name=\"twitter:label2\" content=\"Disponibilidad\" \/>\n\t<meta name=\"twitter:data2\" content=\"Disponible\" \/>\n<script type=\"application\/ld+json\" class=\"yoast-schema-graph\">{\"@context\":\"https:\/\/schema.org\",\"@graph\":[{\"@type\":[\"WebPage\",\"ItemPage\"],\"@id\":\"https:\/\/frcs-research.com\/product\/order-phenibut-powder\/\",\"url\":\"https:\/\/frcs-research.com\/product\/order-phenibut-powder\/\",\"name\":\"Buy Phenibut Powder Online - Natural Anxiety and Mood\",\"isPartOf\":{\"@id\":\"https:\/\/frcs-research.com\/#website\"},\"primaryImageOfPage\":{\"@id\":\"https:\/\/frcs-research.com\/product\/order-phenibut-powder\/#primaryimage\"},\"image\":{\"@id\":\"https:\/\/frcs-research.com\/product\/order-phenibut-powder\/#primaryimage\"},\"thumbnailUrl\":\"https:\/\/frcs-research.com\/wp-content\/uploads\/2024\/10\/141976235803521.jpg\",\"datePublished\":\"2024-10-12T20:29:28+00:00\",\"dateModified\":\"2026-04-04T00:02:30+00:00\",\"description\":\"Order Phenibut powder online as a natural alternative for anxiety and cognitive enhancement. Available from reputable suppliers\",\"breadcrumb\":{\"@id\":\"https:\/\/frcs-research.com\/product\/order-phenibut-powder\/#breadcrumb\"},\"inLanguage\":\"es\",\"potentialAction\":[{\"@type\":\"ReadAction\",\"target\":[\"https:\/\/frcs-research.com\/product\/order-phenibut-powder\/\"]}]},{\"@type\":\"ImageObject\",\"inLanguage\":\"es\",\"@id\":\"https:\/\/frcs-research.com\/product\/order-phenibut-powder\/#primaryimage\",\"url\":\"https:\/\/frcs-research.com\/wp-content\/uploads\/2024\/10\/141976235803521.jpg\",\"contentUrl\":\"https:\/\/frcs-research.com\/wp-content\/uploads\/2024\/10\/141976235803521.jpg\",\"width\":750,\"height\":750,\"caption\":\"Order Phenibut powder\"},{\"@type\":\"BreadcrumbList\",\"@id\":\"https:\/\/frcs-research.com\/product\/order-phenibut-powder\/#breadcrumb\",\"itemListElement\":[{\"@type\":\"ListItem\",\"position\":1,\"name\":\"Home\",\"item\":\"https:\/\/frcs-research.com\/\"},{\"@type\":\"ListItem\",\"position\":2,\"name\":\"Shop\",\"item\":\"https:\/\/frcs-research.com\/shop\/\"},{\"@type\":\"ListItem\",\"position\":3,\"name\":\"Phenibut Powder\"}]},{\"@type\":\"WebSite\",\"@id\":\"https:\/\/frcs-research.com\/#website\",\"url\":\"https:\/\/frcs-research.com\/\",\"name\":\"wholesale supplier of research chemicals, 4mmc, 3mmc, MDPHP, Alpha PVP and more\",\"description\":\"Wholesale research chemicals\",\"potentialAction\":[{\"@type\":\"SearchAction\",\"target\":{\"@type\":\"EntryPoint\",\"urlTemplate\":\"https:\/\/frcs-research.com\/?s={search_term_string}\"},\"query-input\":{\"@type\":\"PropertyValueSpecification\",\"valueRequired\":true,\"valueName\":\"search_term_string\"}}],\"inLanguage\":\"es\"}]}<\/script>\n<meta property=\"product:price:amount\" content=\"1700.00\" \/>\n<meta property=\"product:price:currency\" content=\"EUR\" \/>\n<meta property=\"og:availability\" content=\"instock\" \/>\n<meta property=\"product:availability\" content=\"instock\" \/>\n<meta property=\"product:condition\" content=\"new\" \/>\n<!-- \/ Yoast SEO plugin. -->","yoast_head_json":{"title":"Comprar Phenibut en polvo en l\u00ednea: ansiedad natural y estado de \u00e1nimo","description":"Pida Phenibut en polvo en l\u00ednea como una alternativa natural para la ansiedad y la mejora cognitiva. Disponible a trav\u00e9s de proveedores de confianza","robots":{"index":"index","follow":"follow","max-snippet":"max-snippet:-1","max-image-preview":"max-image-preview:large","max-video-preview":"max-video-preview:-1"},"canonical":"https:\/\/frcs-research.com\/es\/product\/ordenar-fenibut-en-polvo\/","og_locale":"es_ES","og_type":"article","og_title":"Buy Phenibut Powder Online - Natural Anxiety and Mood","og_description":"Order Phenibut powder online as a natural alternative for anxiety and cognitive enhancement. Available from reputable suppliers","og_url":"https:\/\/frcs-research.com\/es\/product\/ordenar-fenibut-en-polvo\/","og_site_name":"wholesale supplier of research chemicals, 4mmc, 3mmc, MDPHP, Alpha PVP and more","article_modified_time":"2026-04-04T00:02:30+00:00","og_image":[{"width":750,"height":750,"url":"https:\/\/frcs-research.com\/wp-content\/uploads\/2024\/10\/141976235803521.jpg","type":"image\/jpeg"}],"twitter_card":"summary_large_image","twitter_misc":{"Precio":"&euro;1,700.00","Disponibilidad":"Disponible"},"schema":{"@context":"https:\/\/schema.org","@graph":[{"@type":["WebPage","ItemPage"],"@id":"https:\/\/frcs-research.com\/product\/order-phenibut-powder\/","url":"https:\/\/frcs-research.com\/product\/order-phenibut-powder\/","name":"Comprar Phenibut en polvo en l\u00ednea: ansiedad natural y estado de \u00e1nimo","isPartOf":{"@id":"https:\/\/frcs-research.com\/#website"},"primaryImageOfPage":{"@id":"https:\/\/frcs-research.com\/product\/order-phenibut-powder\/#primaryimage"},"image":{"@id":"https:\/\/frcs-research.com\/product\/order-phenibut-powder\/#primaryimage"},"thumbnailUrl":"https:\/\/frcs-research.com\/wp-content\/uploads\/2024\/10\/141976235803521.jpg","datePublished":"2024-10-12T20:29:28+00:00","dateModified":"2026-04-04T00:02:30+00:00","description":"Pida Phenibut en polvo en l\u00ednea como una alternativa natural para la ansiedad y la mejora cognitiva. Disponible a trav\u00e9s de proveedores de confianza","breadcrumb":{"@id":"https:\/\/frcs-research.com\/product\/order-phenibut-powder\/#breadcrumb"},"inLanguage":"es","potentialAction":[{"@type":"ReadAction","target":["https:\/\/frcs-research.com\/product\/order-phenibut-powder\/"]}]},{"@type":"ImageObject","inLanguage":"es","@id":"https:\/\/frcs-research.com\/product\/order-phenibut-powder\/#primaryimage","url":"https:\/\/frcs-research.com\/wp-content\/uploads\/2024\/10\/141976235803521.jpg","contentUrl":"https:\/\/frcs-research.com\/wp-content\/uploads\/2024\/10\/141976235803521.jpg","width":750,"height":750,"caption":"Order Phenibut powder"},{"@type":"BreadcrumbList","@id":"https:\/\/frcs-research.com\/product\/order-phenibut-powder\/#breadcrumb","itemListElement":[{"@type":"ListItem","position":1,"name":"Home","item":"https:\/\/frcs-research.com\/"},{"@type":"ListItem","position":2,"name":"Shop","item":"https:\/\/frcs-research.com\/shop\/"},{"@type":"ListItem","position":3,"name":"Phenibut Powder"}]},{"@type":"WebSite","@id":"https:\/\/frcs-research.com\/#website","url":"https:\/\/frcs-research.com\/","name":"Proveedor mayorista de productos qu\u00edmicos de investigaci\u00f3n, 4 mmc, 3 mmc, MDPHP, Alpha PVP y m\u00e1s","description":"Productos qu\u00edmicos de investigaci\u00f3n al por mayor","potentialAction":[{"@type":"SearchAction","target":{"@type":"EntryPoint","urlTemplate":"https:\/\/frcs-research.com\/?s={search_term_string}"},"query-input":{"@type":"PropertyValueSpecification","valueRequired":true,"valueName":"search_term_string"}}],"inLanguage":"es"}]},"product_price_amount":"1700.00","product_price_currency":"EUR","og_availability":"instock","product_availability":"instock","product_condition":"new"},"uagb_featured_image_src":{"full":["https:\/\/frcs-research.com\/wp-content\/uploads\/2024\/10\/141976235803521.jpg",750,750,false],"thumbnail":["https:\/\/frcs-research.com\/wp-content\/uploads\/2024\/10\/141976235803521-150x150.jpg",150,150,true],"medium":["https:\/\/frcs-research.com\/wp-content\/uploads\/2024\/10\/141976235803521-300x300.jpg",300,300,true],"medium_large":["https:\/\/frcs-research.com\/wp-content\/uploads\/2024\/10\/141976235803521.jpg",750,750,false],"large":["https:\/\/frcs-research.com\/wp-content\/uploads\/2024\/10\/141976235803521.jpg",750,750,false],"1536x1536":["https:\/\/frcs-research.com\/wp-content\/uploads\/2024\/10\/141976235803521.jpg",750,750,false],"2048x2048":["https:\/\/frcs-research.com\/wp-content\/uploads\/2024\/10\/141976235803521.jpg",750,750,false],"trp-custom-language-flag":["https:\/\/frcs-research.com\/wp-content\/uploads\/2024\/10\/141976235803521.jpg",12,12,false],"post-thumbnail":["https:\/\/frcs-research.com\/wp-content\/uploads\/2024\/10\/141976235803521.jpg",620,620,false],"elite-commerce-slider":["https:\/\/frcs-research.com\/wp-content\/uploads\/2024\/10\/141976235803521.jpg",750,750,false],"elite-commerce-hero":["https:\/\/frcs-research.com\/wp-content\/uploads\/2024\/10\/141976235803521.jpg",600,600,false],"elite-commerce-portfolio":["https:\/\/frcs-research.com\/wp-content\/uploads\/2024\/10\/141976235803521.jpg",400,400,false],"woocommerce_thumbnail":["https:\/\/frcs-research.com\/wp-content\/uploads\/2024\/10\/141976235803521-300x300.jpg",300,300,true],"woocommerce_single":["https:\/\/frcs-research.com\/wp-content\/uploads\/2024\/10\/141976235803521-600x600.jpg",600,600,true],"woocommerce_gallery_thumbnail":["https:\/\/frcs-research.com\/wp-content\/uploads\/2024\/10\/141976235803521-100x100.jpg",100,100,true]},"uagb_author_info":{"display_name":"Richard Wood","author_link":"https:\/\/frcs-research.com\/es\/author\/"},"uagb_comment_info":808,"uagb_excerpt":"Buy Phenibut Powder Online &#8211; Natural Anxiety and Mood Enhancement Order Phenibut powder online as a natural alternative for anxiety and cognitive enhancement. Available from reputable suppliers, buy Phenibut today&hellip;&euro;1,900.00 El precio original era: &euro;1,900.00.&euro;1,700.00El precio actual es: &euro;1,700.00.A\u00f1adir a la cesta","_links":{"self":[{"href":"https:\/\/frcs-research.com\/es\/wp-json\/wp\/v2\/product\/706","targetHints":{"allow":["GET"]}}],"collection":[{"href":"https:\/\/frcs-research.com\/es\/wp-json\/wp\/v2\/product"}],"about":[{"href":"https:\/\/frcs-research.com\/es\/wp-json\/wp\/v2\/types\/product"}],"replies":[{"embeddable":true,"href":"https:\/\/frcs-research.com\/es\/wp-json\/wp\/v2\/comments?post=706"}],"wp:featuredmedia":[{"embeddable":true,"href":"https:\/\/frcs-research.com\/es\/wp-json\/wp\/v2\/media\/707"}],"wp:attachment":[{"href":"https:\/\/frcs-research.com\/es\/wp-json\/wp\/v2\/media?parent=706"}],"wp:term":[{"taxonomy":"product_brand","embeddable":true,"href":"https:\/\/frcs-research.com\/es\/wp-json\/wp\/v2\/product_brand?post=706"},{"taxonomy":"product_cat","embeddable":true,"href":"https:\/\/frcs-research.com\/es\/wp-json\/wp\/v2\/product_cat?post=706"},{"taxonomy":"product_tag","embeddable":true,"href":"https:\/\/frcs-research.com\/es\/wp-json\/wp\/v2\/product_tag?post=706"}],"curies":[{"name":"wp","href":"https:\/\/api.w.org\/{rel}","templated":true}]}}