{"id":712,"date":"2024-10-12T21:03:28","date_gmt":"2024-10-12T21:03:28","guid":{"rendered":"https:\/\/frcs-research.com\/?post_type=product&#038;p=712"},"modified":"2026-04-04T10:32:23","modified_gmt":"2026-04-04T10:32:23","slug":"comprar-jwh-018-en-linea","status":"publish","type":"product","link":"https:\/\/frcs-research.com\/es\/product\/comprar-jwh-018-en-linea\/","title":{"rendered":"JWH-018"},"content":{"rendered":"<h1>Compre JWH-018 en l\u00ednea, polvo de JWH-018 a la venta, compre productos qu\u00edmicos de investigaci\u00f3n JWH-018<\/h1>\n<p><strong>JWH-018<\/strong> El THC es uno de los cannabinoides sint\u00e9ticos originales y m\u00e1s conocidos, ampliamente utilizado en investigaci\u00f3n. Es muy valorado por su capacidad de imitar los efectos psicoactivos del THC, lo que lo convierte en un compuesto clave en el estudio de <strong>receptores cannabinoides<\/strong>. Nuestro <strong>Polvo JWH-018<\/strong> est\u00e1 disponible para <strong>Env\u00edo r\u00e1pido y discreto<\/strong>, garantizando un producto de alta calidad entregado directamente a su puerta.<\/p>","protected":false},"excerpt":{"rendered":"<p>Buy JWH-018 online, JWH-018 powder for sale, purchase JWH-018 research chemicals JWH-018 is one of the original and most well-known synthetic cannabinoids, widely used in research. It is highly valued&hellip;<\/p>\n<p class=\"product woocommerce add_to_cart_inline\" style=\"border:4px solid #ccc; padding: 12px;\"><del aria-hidden=\"true\"><span class=\"woocommerce-Price-amount amount\"><bdi><span class=\"woocommerce-Price-currencySymbol\">&euro;<\/span>2,500.00<\/bdi><\/span><\/del> <span class=\"screen-reader-text\" data-no-translation=\"\" data-trp-gettext=\"\">El precio original era: &euro;2,500.00.<\/span><ins aria-hidden=\"true\"><span class=\"woocommerce-Price-amount amount\"><bdi><span class=\"woocommerce-Price-currencySymbol\">&euro;<\/span>2,350.00<\/bdi><\/span><\/ins><span class=\"screen-reader-text\" data-no-translation=\"\" data-trp-gettext=\"\">El precio actual es: &euro;2,350.00.<\/span><a href=\"\/es\/wp-json\/wp\/v2\/product\/712?add-to-cart=712\" aria-describedby=\"woocommerce_loop_add_to_cart_link_describedby_712\" data-quantity=\"1\" class=\"button product_type_simple add_to_cart_button ajax_add_to_cart\" data-product_id=\"712\" data-product_sku=\"\" aria-label=\"A\u00f1adir al carrito: \u201cJWH-018\u201d\" rel=\"nofollow\" data-success_message=\"\u00abJWH-018\u00bb se ha a\u00f1adido a tu carrito\" data-no-translation=\"\" data-trp-gettext=\"\" data-no-translation-aria-label=\"\" data-no-translation-data-success_message=\"\">A\u00f1adir a la cesta<\/a>\t<span id=\"woocommerce_loop_add_to_cart_link_describedby_712\" class=\"screen-reader-text\"><br \/>\n\t\t\t<\/span><\/p>","protected":false},"featured_media":713,"comment_status":"open","ping_status":"closed","template":"","meta":{"_uag_custom_page_level_css":""},"product_brand":[],"product_cat":[25],"product_tag":[],"class_list":{"0":"post-712","1":"product","2":"type-product","3":"status-publish","4":"has-post-thumbnail","6":"product_cat-synthetic-cannabinoids","8":"first","9":"instock","10":"sale","11":"shipping-taxable","12":"purchasable","13":"product-type-simple"},"yoast_head":"<!-- This site is optimized with the Yoast SEO plugin v27.1.1 - https:\/\/yoast.com\/product\/yoast-seo-wordpress\/ -->\n<title>Buy JWH-018 online now from FRCS Research<\/title>\n<meta name=\"description\" content=\"Buy JWH-018 powder online at FRCS Research. High-purity JWH-018 for sale with discreet worldwide shipping. Perfect for cannabinoid receptor research.\" \/>\n<meta name=\"robots\" content=\"index, follow, max-snippet:-1, max-image-preview:large, max-video-preview:-1\" \/>\n<link rel=\"canonical\" href=\"https:\/\/frcs-research.com\/es\/product\/comprar-jwh-018-en-linea\/\" \/>\n<meta property=\"og:locale\" content=\"es_ES\" \/>\n<meta property=\"og:type\" content=\"article\" \/>\n<meta property=\"og:title\" content=\"Buy JWH-018 online now from FRCS Research\" \/>\n<meta property=\"og:description\" content=\"Buy JWH-018 powder online at FRCS Research. High-purity JWH-018 for sale with discreet worldwide shipping. Perfect for cannabinoid receptor research.\" \/>\n<meta property=\"og:url\" content=\"https:\/\/frcs-research.com\/es\/product\/comprar-jwh-018-en-linea\/\" \/>\n<meta property=\"og:site_name\" content=\"wholesale supplier of research chemicals, 4mmc, 3mmc, MDPHP, Alpha PVP and more\" \/>\n<meta property=\"article:modified_time\" content=\"2026-04-04T10:32:23+00:00\" \/>\n<meta property=\"og:image\" content=\"https:\/\/frcs-research.com\/wp-content\/uploads\/2024\/10\/unnamed-file.jpg\" \/>\n\t<meta property=\"og:image:width\" content=\"300\" \/>\n\t<meta property=\"og:image:height\" content=\"202\" \/>\n\t<meta property=\"og:image:type\" content=\"image\/jpeg\" \/>\n<meta name=\"twitter:card\" content=\"summary_large_image\" \/>\n<meta name=\"twitter:label1\" content=\"Precio\" \/>\n\t<meta name=\"twitter:data1\" content=\"&euro;2,350.00\" \/>\n\t<meta name=\"twitter:label2\" content=\"Disponibilidad\" \/>\n\t<meta name=\"twitter:data2\" content=\"Disponible\" \/>\n<script type=\"application\/ld+json\" class=\"yoast-schema-graph\">{\"@context\":\"https:\/\/schema.org\",\"@graph\":[{\"@type\":[\"WebPage\",\"ItemPage\"],\"@id\":\"https:\/\/frcs-research.com\/product\/buy-jwh-018-online\/\",\"url\":\"https:\/\/frcs-research.com\/product\/buy-jwh-018-online\/\",\"name\":\"Buy JWH-018 online now from FRCS Research\",\"isPartOf\":{\"@id\":\"https:\/\/frcs-research.com\/#website\"},\"primaryImageOfPage\":{\"@id\":\"https:\/\/frcs-research.com\/product\/buy-jwh-018-online\/#primaryimage\"},\"image\":{\"@id\":\"https:\/\/frcs-research.com\/product\/buy-jwh-018-online\/#primaryimage\"},\"thumbnailUrl\":\"https:\/\/frcs-research.com\/wp-content\/uploads\/2024\/10\/unnamed-file.jpg\",\"datePublished\":\"2024-10-12T21:03:28+00:00\",\"dateModified\":\"2026-04-04T10:32:23+00:00\",\"description\":\"Buy JWH-018 powder online at FRCS Research. High-purity JWH-018 for sale with discreet worldwide shipping. Perfect for cannabinoid receptor research.\",\"breadcrumb\":{\"@id\":\"https:\/\/frcs-research.com\/product\/buy-jwh-018-online\/#breadcrumb\"},\"inLanguage\":\"es\",\"potentialAction\":[{\"@type\":\"ReadAction\",\"target\":[\"https:\/\/frcs-research.com\/product\/buy-jwh-018-online\/\"]}]},{\"@type\":\"ImageObject\",\"inLanguage\":\"es\",\"@id\":\"https:\/\/frcs-research.com\/product\/buy-jwh-018-online\/#primaryimage\",\"url\":\"https:\/\/frcs-research.com\/wp-content\/uploads\/2024\/10\/unnamed-file.jpg\",\"contentUrl\":\"https:\/\/frcs-research.com\/wp-content\/uploads\/2024\/10\/unnamed-file.jpg\",\"width\":300,\"height\":202,\"caption\":\"buy JWH-018 online\"},{\"@type\":\"BreadcrumbList\",\"@id\":\"https:\/\/frcs-research.com\/product\/buy-jwh-018-online\/#breadcrumb\",\"itemListElement\":[{\"@type\":\"ListItem\",\"position\":1,\"name\":\"Home\",\"item\":\"https:\/\/frcs-research.com\/\"},{\"@type\":\"ListItem\",\"position\":2,\"name\":\"Shop\",\"item\":\"https:\/\/frcs-research.com\/shop\/\"},{\"@type\":\"ListItem\",\"position\":3,\"name\":\"JWH-018\"}]},{\"@type\":\"WebSite\",\"@id\":\"https:\/\/frcs-research.com\/#website\",\"url\":\"https:\/\/frcs-research.com\/\",\"name\":\"wholesale supplier of research chemicals, 4mmc, 3mmc, MDPHP, Alpha PVP and more\",\"description\":\"Wholesale research chemicals\",\"potentialAction\":[{\"@type\":\"SearchAction\",\"target\":{\"@type\":\"EntryPoint\",\"urlTemplate\":\"https:\/\/frcs-research.com\/?s={search_term_string}\"},\"query-input\":{\"@type\":\"PropertyValueSpecification\",\"valueRequired\":true,\"valueName\":\"search_term_string\"}}],\"inLanguage\":\"es\"}]}<\/script>\n<meta property=\"product:price:amount\" content=\"2350.00\" \/>\n<meta property=\"product:price:currency\" content=\"EUR\" \/>\n<meta property=\"og:availability\" content=\"instock\" \/>\n<meta property=\"product:availability\" content=\"instock\" \/>\n<meta property=\"product:condition\" content=\"new\" \/>\n<!-- \/ Yoast SEO plugin. -->","yoast_head_json":{"title":"Compre JWH-018 en l\u00ednea ahora en FRCS Research","description":"Compre polvo de JWH-018 en l\u00ednea en FRCS Research. Venta de JWH-018 de alta pureza con env\u00edo discreto a todo el mundo. Perfecto para la investigaci\u00f3n de receptores de cannabinoides.","robots":{"index":"index","follow":"follow","max-snippet":"max-snippet:-1","max-image-preview":"max-image-preview:large","max-video-preview":"max-video-preview:-1"},"canonical":"https:\/\/frcs-research.com\/es\/product\/comprar-jwh-018-en-linea\/","og_locale":"es_ES","og_type":"article","og_title":"Buy JWH-018 online now from FRCS Research","og_description":"Buy JWH-018 powder online at FRCS Research. High-purity JWH-018 for sale with discreet worldwide shipping. Perfect for cannabinoid receptor research.","og_url":"https:\/\/frcs-research.com\/es\/product\/comprar-jwh-018-en-linea\/","og_site_name":"wholesale supplier of research chemicals, 4mmc, 3mmc, MDPHP, Alpha PVP and more","article_modified_time":"2026-04-04T10:32:23+00:00","og_image":[{"width":300,"height":202,"url":"https:\/\/frcs-research.com\/wp-content\/uploads\/2024\/10\/unnamed-file.jpg","type":"image\/jpeg"}],"twitter_card":"summary_large_image","twitter_misc":{"Precio":"&euro;2,350.00","Disponibilidad":"Disponible"},"schema":{"@context":"https:\/\/schema.org","@graph":[{"@type":["WebPage","ItemPage"],"@id":"https:\/\/frcs-research.com\/product\/buy-jwh-018-online\/","url":"https:\/\/frcs-research.com\/product\/buy-jwh-018-online\/","name":"Compre JWH-018 en l\u00ednea ahora en FRCS Research","isPartOf":{"@id":"https:\/\/frcs-research.com\/#website"},"primaryImageOfPage":{"@id":"https:\/\/frcs-research.com\/product\/buy-jwh-018-online\/#primaryimage"},"image":{"@id":"https:\/\/frcs-research.com\/product\/buy-jwh-018-online\/#primaryimage"},"thumbnailUrl":"https:\/\/frcs-research.com\/wp-content\/uploads\/2024\/10\/unnamed-file.jpg","datePublished":"2024-10-12T21:03:28+00:00","dateModified":"2026-04-04T10:32:23+00:00","description":"Compre polvo de JWH-018 en l\u00ednea en FRCS Research. Venta de JWH-018 de alta pureza con env\u00edo discreto a todo el mundo. Perfecto para la investigaci\u00f3n de receptores de cannabinoides.","breadcrumb":{"@id":"https:\/\/frcs-research.com\/product\/buy-jwh-018-online\/#breadcrumb"},"inLanguage":"es","potentialAction":[{"@type":"ReadAction","target":["https:\/\/frcs-research.com\/product\/buy-jwh-018-online\/"]}]},{"@type":"ImageObject","inLanguage":"es","@id":"https:\/\/frcs-research.com\/product\/buy-jwh-018-online\/#primaryimage","url":"https:\/\/frcs-research.com\/wp-content\/uploads\/2024\/10\/unnamed-file.jpg","contentUrl":"https:\/\/frcs-research.com\/wp-content\/uploads\/2024\/10\/unnamed-file.jpg","width":300,"height":202,"caption":"buy JWH-018 online"},{"@type":"BreadcrumbList","@id":"https:\/\/frcs-research.com\/product\/buy-jwh-018-online\/#breadcrumb","itemListElement":[{"@type":"ListItem","position":1,"name":"Home","item":"https:\/\/frcs-research.com\/"},{"@type":"ListItem","position":2,"name":"Shop","item":"https:\/\/frcs-research.com\/shop\/"},{"@type":"ListItem","position":3,"name":"JWH-018"}]},{"@type":"WebSite","@id":"https:\/\/frcs-research.com\/#website","url":"https:\/\/frcs-research.com\/","name":"Proveedor mayorista de productos qu\u00edmicos de investigaci\u00f3n, 4 mmc, 3 mmc, MDPHP, Alpha PVP y m\u00e1s","description":"Productos qu\u00edmicos de investigaci\u00f3n al por mayor","potentialAction":[{"@type":"SearchAction","target":{"@type":"EntryPoint","urlTemplate":"https:\/\/frcs-research.com\/?s={search_term_string}"},"query-input":{"@type":"PropertyValueSpecification","valueRequired":true,"valueName":"search_term_string"}}],"inLanguage":"es"}]},"product_price_amount":"2350.00","product_price_currency":"EUR","og_availability":"instock","product_availability":"instock","product_condition":"new"},"uagb_featured_image_src":{"full":["https:\/\/frcs-research.com\/wp-content\/uploads\/2024\/10\/unnamed-file.jpg",300,202,false],"thumbnail":["https:\/\/frcs-research.com\/wp-content\/uploads\/2024\/10\/unnamed-file-150x150.jpg",150,150,true],"medium":["https:\/\/frcs-research.com\/wp-content\/uploads\/2024\/10\/unnamed-file.jpg",300,202,false],"medium_large":["https:\/\/frcs-research.com\/wp-content\/uploads\/2024\/10\/unnamed-file.jpg",300,202,false],"large":["https:\/\/frcs-research.com\/wp-content\/uploads\/2024\/10\/unnamed-file.jpg",300,202,false],"1536x1536":["https:\/\/frcs-research.com\/wp-content\/uploads\/2024\/10\/unnamed-file.jpg",300,202,false],"2048x2048":["https:\/\/frcs-research.com\/wp-content\/uploads\/2024\/10\/unnamed-file.jpg",300,202,false],"trp-custom-language-flag":["https:\/\/frcs-research.com\/wp-content\/uploads\/2024\/10\/unnamed-file.jpg",18,12,false],"post-thumbnail":["https:\/\/frcs-research.com\/wp-content\/uploads\/2024\/10\/unnamed-file.jpg",300,202,false],"elite-commerce-slider":["https:\/\/frcs-research.com\/wp-content\/uploads\/2024\/10\/unnamed-file.jpg",300,202,false],"elite-commerce-hero":["https:\/\/frcs-research.com\/wp-content\/uploads\/2024\/10\/unnamed-file.jpg",300,202,false],"elite-commerce-portfolio":["https:\/\/frcs-research.com\/wp-content\/uploads\/2024\/10\/unnamed-file.jpg",300,202,false],"woocommerce_thumbnail":["https:\/\/frcs-research.com\/wp-content\/uploads\/2024\/10\/unnamed-file.jpg",300,202,false],"woocommerce_single":["https:\/\/frcs-research.com\/wp-content\/uploads\/2024\/10\/unnamed-file.jpg",300,202,false],"woocommerce_gallery_thumbnail":["https:\/\/frcs-research.com\/wp-content\/uploads\/2024\/10\/unnamed-file-100x100.jpg",100,100,true]},"uagb_author_info":{"display_name":"Richard Wood","author_link":"https:\/\/frcs-research.com\/es\/author\/"},"uagb_comment_info":752,"uagb_excerpt":"Buy JWH-018 online, JWH-018 powder for sale, purchase JWH-018 research chemicals JWH-018 is one of the original and most well-known synthetic cannabinoids, widely used in research. It is highly valued&hellip;&euro;2,500.00 El precio original era: &euro;2,500.00.&euro;2,350.00El precio actual es: &euro;2,350.00.A\u00f1adir a la cesta","_links":{"self":[{"href":"https:\/\/frcs-research.com\/es\/wp-json\/wp\/v2\/product\/712","targetHints":{"allow":["GET"]}}],"collection":[{"href":"https:\/\/frcs-research.com\/es\/wp-json\/wp\/v2\/product"}],"about":[{"href":"https:\/\/frcs-research.com\/es\/wp-json\/wp\/v2\/types\/product"}],"replies":[{"embeddable":true,"href":"https:\/\/frcs-research.com\/es\/wp-json\/wp\/v2\/comments?post=712"}],"wp:featuredmedia":[{"embeddable":true,"href":"https:\/\/frcs-research.com\/es\/wp-json\/wp\/v2\/media\/713"}],"wp:attachment":[{"href":"https:\/\/frcs-research.com\/es\/wp-json\/wp\/v2\/media?parent=712"}],"wp:term":[{"taxonomy":"product_brand","embeddable":true,"href":"https:\/\/frcs-research.com\/es\/wp-json\/wp\/v2\/product_brand?post=712"},{"taxonomy":"product_cat","embeddable":true,"href":"https:\/\/frcs-research.com\/es\/wp-json\/wp\/v2\/product_cat?post=712"},{"taxonomy":"product_tag","embeddable":true,"href":"https:\/\/frcs-research.com\/es\/wp-json\/wp\/v2\/product_tag?post=712"}],"curies":[{"name":"wp","href":"https:\/\/api.w.org\/{rel}","templated":true}]}}