{"id":722,"date":"2024-10-12T21:25:52","date_gmt":"2024-10-12T21:25:52","guid":{"rendered":"https:\/\/frcs-research.com\/?post_type=product&#038;p=722"},"modified":"2026-04-03T18:52:22","modified_gmt":"2026-04-03T18:52:22","slug":"compra-tu-144","status":"publish","type":"product","link":"https:\/\/frcs-research.com\/es\/product\/compra-tu-144\/","title":{"rendered":"UR-144"},"content":{"rendered":"<h1>Comprar UR-144, cannabinoides sint\u00e9ticos UR-144, polvo UR-144 para investigaci\u00f3n<\/h1>\n<p><strong>Descripci\u00f3n<\/strong>: <strong>UR-144<\/strong> es otro cannabinoide sint\u00e9tico que ha ganado popularidad en <strong>Investigaci\u00f3n sobre los receptores cannabinoides<\/strong>Produce fuertes efectos psicoactivos y se utiliza a menudo para estudiar el papel de los cannabinoides sint\u00e9ticos en el cerebro. <strong>Polvo UR-144<\/strong> Est\u00e1 probado en laboratorio para garantizar una alta pureza, lo que lo hace ideal para una investigaci\u00f3n confiable.<\/p>","protected":false},"excerpt":{"rendered":"<p>Buy UR-144, UR-144 synthetic cannabinoids, UR-144 powder for research Description: UR-144 is another synthetic cannabinoid that has gained popularity in cannabinoid receptor research. It produces strong psychoactive effects and is&hellip;<\/p>\n<p class=\"product woocommerce add_to_cart_inline\" style=\"border:4px solid #ccc; padding: 12px;\"><a href=\"https:\/\/frcs-research.com\/es\/product\/compra-tu-144\/\" aria-describedby=\"woocommerce_loop_add_to_cart_link_describedby_722\" data-quantity=\"1\" class=\"button product_type_simple\" data-product_id=\"722\" data-product_sku=\"\" aria-label=\"Lee m\u00e1s sobre \u201cUR-144\u201d\" rel=\"nofollow\" data-success_message=\"\" data-no-translation=\"\" data-trp-gettext=\"\" data-no-translation-aria-label=\"\">Leer m\u00e1s<\/a>\t<span id=\"woocommerce_loop_add_to_cart_link_describedby_722\" class=\"screen-reader-text\"><br \/>\n\t\t\t<\/span><\/p>","protected":false},"featured_media":723,"comment_status":"open","ping_status":"closed","template":"","meta":{"_uag_custom_page_level_css":""},"product_brand":[],"product_cat":[25],"product_tag":[],"class_list":{"0":"post-722","1":"product","2":"type-product","3":"status-publish","4":"has-post-thumbnail","6":"product_cat-synthetic-cannabinoids","8":"first","9":"instock","10":"shipping-taxable","11":"product-type-simple"},"yoast_head":"<!-- This site is optimized with the Yoast SEO plugin v27.1.1 - https:\/\/yoast.com\/product\/yoast-seo-wordpress\/ -->\n<title>Buy UR-144, UR-144 synthetic cannabinoids, UR-144 powder<\/title>\n<meta name=\"description\" content=\"Buy UR-144 synthetic cannabinoid powder online at FRCS Research. Pure UR-144 for research with discreet global shipping. Secure your order now\" \/>\n<meta name=\"robots\" content=\"index, follow, max-snippet:-1, max-image-preview:large, max-video-preview:-1\" \/>\n<link rel=\"canonical\" href=\"https:\/\/frcs-research.com\/es\/product\/compra-tu-144\/\" \/>\n<meta property=\"og:locale\" content=\"es_ES\" \/>\n<meta property=\"og:type\" content=\"article\" \/>\n<meta property=\"og:title\" content=\"Buy UR-144, UR-144 synthetic cannabinoids, UR-144 powder\" \/>\n<meta property=\"og:description\" content=\"Buy UR-144 synthetic cannabinoid powder online at FRCS Research. Pure UR-144 for research with discreet global shipping. Secure your order now\" \/>\n<meta property=\"og:url\" content=\"https:\/\/frcs-research.com\/es\/product\/compra-tu-144\/\" \/>\n<meta property=\"og:site_name\" content=\"wholesale supplier of research chemicals, 4mmc, 3mmc, MDPHP, Alpha PVP and more\" \/>\n<meta property=\"article:modified_time\" content=\"2026-04-03T18:52:22+00:00\" \/>\n<meta property=\"og:image\" content=\"https:\/\/frcs-research.com\/wp-content\/uploads\/2024\/10\/5f-ur144-research-chemical-1709227819-7316931.jpeg\" \/>\n\t<meta property=\"og:image:width\" content=\"300\" \/>\n\t<meta property=\"og:image:height\" content=\"300\" \/>\n\t<meta property=\"og:image:type\" content=\"image\/jpeg\" \/>\n<meta name=\"twitter:card\" content=\"summary_large_image\" \/>\n<meta name=\"twitter:label1\" content=\"Precio\" \/>\n\t<meta name=\"twitter:data1\" content=\"\" \/>\n\t<meta name=\"twitter:label2\" content=\"Disponibilidad\" \/>\n\t<meta name=\"twitter:data2\" content=\"Disponible\" \/>\n<script type=\"application\/ld+json\" class=\"yoast-schema-graph\">{\"@context\":\"https:\/\/schema.org\",\"@graph\":[{\"@type\":[\"WebPage\",\"ItemPage\"],\"@id\":\"https:\/\/frcs-research.com\/product\/buy-ur-144\/\",\"url\":\"https:\/\/frcs-research.com\/product\/buy-ur-144\/\",\"name\":\"Buy UR-144, UR-144 synthetic cannabinoids, UR-144 powder\",\"isPartOf\":{\"@id\":\"https:\/\/frcs-research.com\/#website\"},\"primaryImageOfPage\":{\"@id\":\"https:\/\/frcs-research.com\/product\/buy-ur-144\/#primaryimage\"},\"image\":{\"@id\":\"https:\/\/frcs-research.com\/product\/buy-ur-144\/#primaryimage\"},\"thumbnailUrl\":\"https:\/\/frcs-research.com\/wp-content\/uploads\/2024\/10\/5f-ur144-research-chemical-1709227819-7316931.jpeg\",\"datePublished\":\"2024-10-12T21:25:52+00:00\",\"dateModified\":\"2026-04-03T18:52:22+00:00\",\"description\":\"Buy UR-144 synthetic cannabinoid powder online at FRCS Research. Pure UR-144 for research with discreet global shipping. Secure your order now\",\"breadcrumb\":{\"@id\":\"https:\/\/frcs-research.com\/product\/buy-ur-144\/#breadcrumb\"},\"inLanguage\":\"es\",\"potentialAction\":[{\"@type\":\"ReadAction\",\"target\":[\"https:\/\/frcs-research.com\/product\/buy-ur-144\/\"]}]},{\"@type\":\"ImageObject\",\"inLanguage\":\"es\",\"@id\":\"https:\/\/frcs-research.com\/product\/buy-ur-144\/#primaryimage\",\"url\":\"https:\/\/frcs-research.com\/wp-content\/uploads\/2024\/10\/5f-ur144-research-chemical-1709227819-7316931.jpeg\",\"contentUrl\":\"https:\/\/frcs-research.com\/wp-content\/uploads\/2024\/10\/5f-ur144-research-chemical-1709227819-7316931.jpeg\",\"width\":300,\"height\":300,\"caption\":\"Buy UR-144\"},{\"@type\":\"BreadcrumbList\",\"@id\":\"https:\/\/frcs-research.com\/product\/buy-ur-144\/#breadcrumb\",\"itemListElement\":[{\"@type\":\"ListItem\",\"position\":1,\"name\":\"Home\",\"item\":\"https:\/\/frcs-research.com\/\"},{\"@type\":\"ListItem\",\"position\":2,\"name\":\"Shop\",\"item\":\"https:\/\/frcs-research.com\/shop\/\"},{\"@type\":\"ListItem\",\"position\":3,\"name\":\"UR-144\"}]},{\"@type\":\"WebSite\",\"@id\":\"https:\/\/frcs-research.com\/#website\",\"url\":\"https:\/\/frcs-research.com\/\",\"name\":\"wholesale supplier of research chemicals, 4mmc, 3mmc, MDPHP, Alpha PVP and more\",\"description\":\"Wholesale research chemicals\",\"potentialAction\":[{\"@type\":\"SearchAction\",\"target\":{\"@type\":\"EntryPoint\",\"urlTemplate\":\"https:\/\/frcs-research.com\/?s={search_term_string}\"},\"query-input\":{\"@type\":\"PropertyValueSpecification\",\"valueRequired\":true,\"valueName\":\"search_term_string\"}}],\"inLanguage\":\"es\"}]}<\/script>\n<meta property=\"product:price:currency\" content=\"EUR\" \/>\n<meta property=\"og:availability\" content=\"instock\" \/>\n<meta property=\"product:availability\" content=\"instock\" \/>\n<meta property=\"product:condition\" content=\"new\" \/>\n<!-- \/ Yoast SEO plugin. -->","yoast_head_json":{"title":"Comprar UR-144, cannabinoides sint\u00e9ticos UR-144, polvo UR-144","description":"Compre polvo de cannabinoide sint\u00e9tico UR-144 en l\u00ednea en FRCS Research. UR-144 puro para investigaci\u00f3n con env\u00edo discreto a todo el mundo. Asegure su pedido ahora","robots":{"index":"index","follow":"follow","max-snippet":"max-snippet:-1","max-image-preview":"max-image-preview:large","max-video-preview":"max-video-preview:-1"},"canonical":"https:\/\/frcs-research.com\/es\/product\/compra-tu-144\/","og_locale":"es_ES","og_type":"article","og_title":"Buy UR-144, UR-144 synthetic cannabinoids, UR-144 powder","og_description":"Buy UR-144 synthetic cannabinoid powder online at FRCS Research. Pure UR-144 for research with discreet global shipping. Secure your order now","og_url":"https:\/\/frcs-research.com\/es\/product\/compra-tu-144\/","og_site_name":"wholesale supplier of research chemicals, 4mmc, 3mmc, MDPHP, Alpha PVP and more","article_modified_time":"2026-04-03T18:52:22+00:00","og_image":[{"width":300,"height":300,"url":"https:\/\/frcs-research.com\/wp-content\/uploads\/2024\/10\/5f-ur144-research-chemical-1709227819-7316931.jpeg","type":"image\/jpeg"}],"twitter_card":"summary_large_image","twitter_misc":{"Precio":"","Disponibilidad":"Disponible"},"schema":{"@context":"https:\/\/schema.org","@graph":[{"@type":["WebPage","ItemPage"],"@id":"https:\/\/frcs-research.com\/product\/buy-ur-144\/","url":"https:\/\/frcs-research.com\/product\/buy-ur-144\/","name":"Comprar UR-144, cannabinoides sint\u00e9ticos UR-144, polvo UR-144","isPartOf":{"@id":"https:\/\/frcs-research.com\/#website"},"primaryImageOfPage":{"@id":"https:\/\/frcs-research.com\/product\/buy-ur-144\/#primaryimage"},"image":{"@id":"https:\/\/frcs-research.com\/product\/buy-ur-144\/#primaryimage"},"thumbnailUrl":"https:\/\/frcs-research.com\/wp-content\/uploads\/2024\/10\/5f-ur144-research-chemical-1709227819-7316931.jpeg","datePublished":"2024-10-12T21:25:52+00:00","dateModified":"2026-04-03T18:52:22+00:00","description":"Compre polvo de cannabinoide sint\u00e9tico UR-144 en l\u00ednea en FRCS Research. UR-144 puro para investigaci\u00f3n con env\u00edo discreto a todo el mundo. Asegure su pedido ahora","breadcrumb":{"@id":"https:\/\/frcs-research.com\/product\/buy-ur-144\/#breadcrumb"},"inLanguage":"es","potentialAction":[{"@type":"ReadAction","target":["https:\/\/frcs-research.com\/product\/buy-ur-144\/"]}]},{"@type":"ImageObject","inLanguage":"es","@id":"https:\/\/frcs-research.com\/product\/buy-ur-144\/#primaryimage","url":"https:\/\/frcs-research.com\/wp-content\/uploads\/2024\/10\/5f-ur144-research-chemical-1709227819-7316931.jpeg","contentUrl":"https:\/\/frcs-research.com\/wp-content\/uploads\/2024\/10\/5f-ur144-research-chemical-1709227819-7316931.jpeg","width":300,"height":300,"caption":"Buy UR-144"},{"@type":"BreadcrumbList","@id":"https:\/\/frcs-research.com\/product\/buy-ur-144\/#breadcrumb","itemListElement":[{"@type":"ListItem","position":1,"name":"Home","item":"https:\/\/frcs-research.com\/"},{"@type":"ListItem","position":2,"name":"Shop","item":"https:\/\/frcs-research.com\/shop\/"},{"@type":"ListItem","position":3,"name":"UR-144"}]},{"@type":"WebSite","@id":"https:\/\/frcs-research.com\/#website","url":"https:\/\/frcs-research.com\/","name":"Proveedor mayorista de productos qu\u00edmicos de investigaci\u00f3n, 4 mmc, 3 mmc, MDPHP, Alpha PVP y m\u00e1s","description":"Productos qu\u00edmicos de investigaci\u00f3n al por mayor","potentialAction":[{"@type":"SearchAction","target":{"@type":"EntryPoint","urlTemplate":"https:\/\/frcs-research.com\/?s={search_term_string}"},"query-input":{"@type":"PropertyValueSpecification","valueRequired":true,"valueName":"search_term_string"}}],"inLanguage":"es"}]},"product_price_currency":"EUR","og_availability":"instock","product_availability":"instock","product_condition":"new"},"uagb_featured_image_src":{"full":["https:\/\/frcs-research.com\/wp-content\/uploads\/2024\/10\/5f-ur144-research-chemical-1709227819-7316931.jpeg",300,300,false],"thumbnail":["https:\/\/frcs-research.com\/wp-content\/uploads\/2024\/10\/5f-ur144-research-chemical-1709227819-7316931-150x150.jpeg",150,150,true],"medium":["https:\/\/frcs-research.com\/wp-content\/uploads\/2024\/10\/5f-ur144-research-chemical-1709227819-7316931.jpeg",300,300,false],"medium_large":["https:\/\/frcs-research.com\/wp-content\/uploads\/2024\/10\/5f-ur144-research-chemical-1709227819-7316931.jpeg",300,300,false],"large":["https:\/\/frcs-research.com\/wp-content\/uploads\/2024\/10\/5f-ur144-research-chemical-1709227819-7316931.jpeg",300,300,false],"1536x1536":["https:\/\/frcs-research.com\/wp-content\/uploads\/2024\/10\/5f-ur144-research-chemical-1709227819-7316931.jpeg",300,300,false],"2048x2048":["https:\/\/frcs-research.com\/wp-content\/uploads\/2024\/10\/5f-ur144-research-chemical-1709227819-7316931.jpeg",300,300,false],"trp-custom-language-flag":["https:\/\/frcs-research.com\/wp-content\/uploads\/2024\/10\/5f-ur144-research-chemical-1709227819-7316931.jpeg",12,12,false],"post-thumbnail":["https:\/\/frcs-research.com\/wp-content\/uploads\/2024\/10\/5f-ur144-research-chemical-1709227819-7316931.jpeg",300,300,false],"elite-commerce-slider":["https:\/\/frcs-research.com\/wp-content\/uploads\/2024\/10\/5f-ur144-research-chemical-1709227819-7316931.jpeg",300,300,false],"elite-commerce-hero":["https:\/\/frcs-research.com\/wp-content\/uploads\/2024\/10\/5f-ur144-research-chemical-1709227819-7316931.jpeg",300,300,false],"elite-commerce-portfolio":["https:\/\/frcs-research.com\/wp-content\/uploads\/2024\/10\/5f-ur144-research-chemical-1709227819-7316931.jpeg",300,300,false],"woocommerce_thumbnail":["https:\/\/frcs-research.com\/wp-content\/uploads\/2024\/10\/5f-ur144-research-chemical-1709227819-7316931.jpeg",300,300,false],"woocommerce_single":["https:\/\/frcs-research.com\/wp-content\/uploads\/2024\/10\/5f-ur144-research-chemical-1709227819-7316931.jpeg",300,300,false],"woocommerce_gallery_thumbnail":["https:\/\/frcs-research.com\/wp-content\/uploads\/2024\/10\/5f-ur144-research-chemical-1709227819-7316931-100x100.jpeg",100,100,true]},"uagb_author_info":{"display_name":"Richard Wood","author_link":"https:\/\/frcs-research.com\/es\/author\/"},"uagb_comment_info":740,"uagb_excerpt":"Buy UR-144, UR-144 synthetic cannabinoids, UR-144 powder for research Description: UR-144 is another synthetic cannabinoid that has gained popularity in cannabinoid receptor research. It produces strong psychoactive effects and is&hellip;Leer m\u00e1s","_links":{"self":[{"href":"https:\/\/frcs-research.com\/es\/wp-json\/wp\/v2\/product\/722","targetHints":{"allow":["GET"]}}],"collection":[{"href":"https:\/\/frcs-research.com\/es\/wp-json\/wp\/v2\/product"}],"about":[{"href":"https:\/\/frcs-research.com\/es\/wp-json\/wp\/v2\/types\/product"}],"replies":[{"embeddable":true,"href":"https:\/\/frcs-research.com\/es\/wp-json\/wp\/v2\/comments?post=722"}],"wp:featuredmedia":[{"embeddable":true,"href":"https:\/\/frcs-research.com\/es\/wp-json\/wp\/v2\/media\/723"}],"wp:attachment":[{"href":"https:\/\/frcs-research.com\/es\/wp-json\/wp\/v2\/media?parent=722"}],"wp:term":[{"taxonomy":"product_brand","embeddable":true,"href":"https:\/\/frcs-research.com\/es\/wp-json\/wp\/v2\/product_brand?post=722"},{"taxonomy":"product_cat","embeddable":true,"href":"https:\/\/frcs-research.com\/es\/wp-json\/wp\/v2\/product_cat?post=722"},{"taxonomy":"product_tag","embeddable":true,"href":"https:\/\/frcs-research.com\/es\/wp-json\/wp\/v2\/product_tag?post=722"}],"curies":[{"name":"wp","href":"https:\/\/api.w.org\/{rel}","templated":true}]}}