{"id":728,"date":"2024-10-12T21:48:40","date_gmt":"2024-10-12T21:48:40","guid":{"rendered":"https:\/\/frcs-research.com\/?post_type=product&#038;p=728"},"modified":"2026-04-03T23:33:15","modified_gmt":"2026-04-03T23:33:15","slug":"comprar-pvp-alfa","status":"publish","type":"product","link":"https:\/\/frcs-research.com\/es\/product\/comprar-pvp-alfa\/","title":{"rendered":"Alpha PvP 1kg"},"content":{"rendered":"<h1>Comprar \u03b1-PVP (alfa-pirrolidinopentiofenona) en l\u00ednea<\/h1>\n<p>Com\u00fanmente conocido como \u201cflakka\u201d, Comprar <strong>alfa-PVP<\/strong> Es un potente estimulante sint\u00e9tico. Es bien conocido tanto en la comunidad de investigaci\u00f3n como en la recreativa por su capacidad de actuar como un <strong>inhibidor de la recaptaci\u00f3n de dopamina y noradrenalina<\/strong>. La \u03b1-PVP es particularmente \u00fatil en investigaciones destinadas a estudiar <strong>conductas cognitivas<\/strong> y <strong>interacciones neuroqu\u00edmicas<\/strong>. <strong>Investigaci\u00f3n del FRCS<\/strong> proporciona <strong>Polvo de \u03b1-PVP<\/strong> En su forma m\u00e1s pura para <strong>uso de investigaci\u00f3n<\/strong>.<\/p>\n<ul>\n<li><strong>Palabras clave<\/strong>: comprar alfa-PVP, flakka en venta, comprar polvo de alfa-PVP, comprar catinonas sint\u00e9ticas.<\/li>\n<li><strong>Llamado a la acci\u00f3n<\/strong>:Asegura tu pedido de <strong>alfa-PVP<\/strong> de <strong>Investigaci\u00f3n del FRCS<\/strong> y disfrute de env\u00edos discretos y pagos online seguros.<\/li>\n<\/ul>","protected":false},"excerpt":{"rendered":"<p>Order \u03b1-PVP (Alpha-Pyrrolidinopentiophenone) Online Commonly referred to as &#8220;flakka,&#8221; Buy \u03b1-PVP is a powerful synthetic stimulant. It is well-known in both research and recreational communities for its ability to act&hellip;<\/p>\n<p class=\"product woocommerce add_to_cart_inline\" style=\"border:4px solid #ccc; padding: 12px;\"><del aria-hidden=\"true\"><span class=\"woocommerce-Price-amount amount\"><bdi><span class=\"woocommerce-Price-currencySymbol\">&euro;<\/span>2,800.00<\/bdi><\/span><\/del> <span class=\"screen-reader-text\" data-no-translation=\"\" data-trp-gettext=\"\">El precio original era: &euro;2,800.00.<\/span><ins aria-hidden=\"true\"><span class=\"woocommerce-Price-amount amount\"><bdi><span class=\"woocommerce-Price-currencySymbol\">&euro;<\/span>2,400.00<\/bdi><\/span><\/ins><span class=\"screen-reader-text\" data-no-translation=\"\" data-trp-gettext=\"\">El precio actual es: &euro;2,400.00.<\/span><a href=\"\/es\/wp-json\/wp\/v2\/product\/728?add-to-cart=728\" aria-describedby=\"woocommerce_loop_add_to_cart_link_describedby_728\" data-quantity=\"1\" class=\"button product_type_simple add_to_cart_button ajax_add_to_cart\" data-product_id=\"728\" data-product_sku=\"\" aria-label=\"A\u00f1adir al carrito: \u201cAlpha PvP 1kg\u201d\" rel=\"nofollow\" data-success_message=\"\u00abAlpha PvP 1kg\u00bb se ha a\u00f1adido a tu carrito\" data-no-translation=\"\" data-trp-gettext=\"\" data-no-translation-aria-label=\"\" data-no-translation-data-success_message=\"\">A\u00f1adir a la cesta<\/a>\t<span id=\"woocommerce_loop_add_to_cart_link_describedby_728\" class=\"screen-reader-text\"><br \/>\n\t\t\t<\/span><\/p>","protected":false},"featured_media":729,"comment_status":"open","ping_status":"closed","template":"","meta":{"_uag_custom_page_level_css":""},"product_brand":[],"product_cat":[26],"product_tag":[285,283,273,286,279,276,284,282,272,275,280,278,281,277,274],"class_list":{"0":"post-728","1":"product","2":"type-product","3":"status-publish","4":"has-post-thumbnail","6":"product_cat-synthetic-cathinones","7":"product_tag-alpha-pvp-bulk-buy","8":"product_tag-alpha-pvp-distributor","9":"product_tag-alpha-pvp-for-sale","10":"product_tag-alpha-pvp-reviews","11":"product_tag-alpha-pvp-shipping","12":"product_tag-alpha-pvp-vendor","13":"product_tag-best-place-to-buy-alpha-pvp","14":"product_tag-buy-alpha-pvp-legally","15":"product_tag-buy-alpha-pvp-online","16":"product_tag-buy-alpha-pvp-powder","17":"product_tag-buy-pure-alpha-pvp","18":"product_tag-buy-research-chemicals-alpha-pvp","19":"product_tag-cheap-alpha-pvp-for-sale","20":"product_tag-order-alpha-pvp","21":"product_tag-purchase-alpha-pvp","23":"first","24":"instock","25":"sale","26":"shipping-taxable","27":"purchasable","28":"product-type-simple"},"yoast_head":"<!-- This site is optimized with the Yoast SEO plugin v27.1.1 - https:\/\/yoast.com\/product\/yoast-seo-wordpress\/ -->\n<title>Buy \u03b1-PVP (Flakka) Powder | Top-Quality Research Chemicals<\/title>\n<meta name=\"description\" content=\"Buy alpha PVP (Flakka) powder online at FRCS Research. Get high-purity alpha-PVP for research with fast and secure worldwide shipping. Perfect for lab studies. Order today!\" \/>\n<meta name=\"robots\" content=\"index, follow, max-snippet:-1, max-image-preview:large, max-video-preview:-1\" \/>\n<link rel=\"canonical\" href=\"https:\/\/frcs-research.com\/es\/product\/comprar-pvp-alfa\/\" \/>\n<meta property=\"og:locale\" content=\"es_ES\" \/>\n<meta property=\"og:type\" content=\"article\" \/>\n<meta property=\"og:title\" content=\"Buy \u03b1-PVP (Flakka) Powder | Top-Quality Research Chemicals\" \/>\n<meta property=\"og:description\" content=\"Buy alpha PVP (Flakka) powder online at FRCS Research. Get high-purity alpha-PVP for research with fast and secure worldwide shipping. Perfect for lab studies. Order today!\" \/>\n<meta property=\"og:url\" content=\"https:\/\/frcs-research.com\/es\/product\/comprar-pvp-alfa\/\" \/>\n<meta property=\"og:site_name\" content=\"wholesale supplier of research chemicals, 4mmc, 3mmc, MDPHP, Alpha PVP and more\" \/>\n<meta property=\"article:modified_time\" content=\"2026-04-03T23:33:15+00:00\" \/>\n<meta property=\"og:image\" content=\"https:\/\/frcs-research.com\/wp-content\/uploads\/2024\/10\/Flakka.jpg\" \/>\n\t<meta property=\"og:image:width\" content=\"374\" \/>\n\t<meta property=\"og:image:height\" content=\"374\" \/>\n\t<meta property=\"og:image:type\" content=\"image\/jpeg\" \/>\n<meta name=\"twitter:card\" content=\"summary_large_image\" \/>\n<meta name=\"twitter:label1\" content=\"Precio\" \/>\n\t<meta name=\"twitter:data1\" content=\"&euro;2,400.00\" \/>\n\t<meta name=\"twitter:label2\" content=\"Disponibilidad\" \/>\n\t<meta name=\"twitter:data2\" content=\"Disponible\" \/>\n<script type=\"application\/ld+json\" class=\"yoast-schema-graph\">{\"@context\":\"https:\/\/schema.org\",\"@graph\":[{\"@type\":[\"WebPage\",\"ItemPage\"],\"@id\":\"https:\/\/frcs-research.com\/product\/buy-alpha-pvp\/\",\"url\":\"https:\/\/frcs-research.com\/product\/buy-alpha-pvp\/\",\"name\":\"Buy \u03b1-PVP (Flakka) Powder | Top-Quality Research Chemicals\",\"isPartOf\":{\"@id\":\"https:\/\/frcs-research.com\/#website\"},\"primaryImageOfPage\":{\"@id\":\"https:\/\/frcs-research.com\/product\/buy-alpha-pvp\/#primaryimage\"},\"image\":{\"@id\":\"https:\/\/frcs-research.com\/product\/buy-alpha-pvp\/#primaryimage\"},\"thumbnailUrl\":\"https:\/\/frcs-research.com\/wp-content\/uploads\/2024\/10\/Flakka.jpg\",\"datePublished\":\"2024-10-12T21:48:40+00:00\",\"dateModified\":\"2026-04-03T23:33:15+00:00\",\"description\":\"Buy alpha PVP (Flakka) powder online at FRCS Research. Get high-purity alpha-PVP for research with fast and secure worldwide shipping. Perfect for lab studies. Order today!\",\"breadcrumb\":{\"@id\":\"https:\/\/frcs-research.com\/product\/buy-alpha-pvp\/#breadcrumb\"},\"inLanguage\":\"es\",\"potentialAction\":[{\"@type\":\"ReadAction\",\"target\":[\"https:\/\/frcs-research.com\/product\/buy-alpha-pvp\/\"]}]},{\"@type\":\"ImageObject\",\"inLanguage\":\"es\",\"@id\":\"https:\/\/frcs-research.com\/product\/buy-alpha-pvp\/#primaryimage\",\"url\":\"https:\/\/frcs-research.com\/wp-content\/uploads\/2024\/10\/Flakka.jpg\",\"contentUrl\":\"https:\/\/frcs-research.com\/wp-content\/uploads\/2024\/10\/Flakka.jpg\",\"width\":374,\"height\":374,\"caption\":\"Buy alpha pvp\"},{\"@type\":\"BreadcrumbList\",\"@id\":\"https:\/\/frcs-research.com\/product\/buy-alpha-pvp\/#breadcrumb\",\"itemListElement\":[{\"@type\":\"ListItem\",\"position\":1,\"name\":\"Home\",\"item\":\"https:\/\/frcs-research.com\/\"},{\"@type\":\"ListItem\",\"position\":2,\"name\":\"Shop\",\"item\":\"https:\/\/frcs-research.com\/shop\/\"},{\"@type\":\"ListItem\",\"position\":3,\"name\":\"Alpha PvP 1kg\"}]},{\"@type\":\"WebSite\",\"@id\":\"https:\/\/frcs-research.com\/#website\",\"url\":\"https:\/\/frcs-research.com\/\",\"name\":\"wholesale supplier of research chemicals, 4mmc, 3mmc, MDPHP, Alpha PVP and more\",\"description\":\"Wholesale research chemicals\",\"potentialAction\":[{\"@type\":\"SearchAction\",\"target\":{\"@type\":\"EntryPoint\",\"urlTemplate\":\"https:\/\/frcs-research.com\/?s={search_term_string}\"},\"query-input\":{\"@type\":\"PropertyValueSpecification\",\"valueRequired\":true,\"valueName\":\"search_term_string\"}}],\"inLanguage\":\"es\"}]}<\/script>\n<meta property=\"product:price:amount\" content=\"2400.00\" \/>\n<meta property=\"product:price:currency\" content=\"EUR\" \/>\n<meta property=\"og:availability\" content=\"instock\" \/>\n<meta property=\"product:availability\" content=\"instock\" \/>\n<meta property=\"product:condition\" content=\"new\" \/>\n<!-- \/ Yoast SEO plugin. -->","yoast_head_json":{"title":"Compre polvo de \u03b1-PVP (Flakka) | Productos qu\u00edmicos de investigaci\u00f3n de m\u00e1xima calidad","description":"Compre alfa-PVP (Flakka) en polvo en l\u00ednea en FRCS Research. Obtenga alfa-PVP de alta pureza para investigaci\u00f3n con env\u00edo r\u00e1pido y seguro a todo el mundo. Perfecto para estudios de laboratorio. \u00a1Ordene hoy!","robots":{"index":"index","follow":"follow","max-snippet":"max-snippet:-1","max-image-preview":"max-image-preview:large","max-video-preview":"max-video-preview:-1"},"canonical":"https:\/\/frcs-research.com\/es\/product\/comprar-pvp-alfa\/","og_locale":"es_ES","og_type":"article","og_title":"Buy \u03b1-PVP (Flakka) Powder | Top-Quality Research Chemicals","og_description":"Buy alpha PVP (Flakka) powder online at FRCS Research. Get high-purity alpha-PVP for research with fast and secure worldwide shipping. Perfect for lab studies. Order today!","og_url":"https:\/\/frcs-research.com\/es\/product\/comprar-pvp-alfa\/","og_site_name":"wholesale supplier of research chemicals, 4mmc, 3mmc, MDPHP, Alpha PVP and more","article_modified_time":"2026-04-03T23:33:15+00:00","og_image":[{"width":374,"height":374,"url":"https:\/\/frcs-research.com\/wp-content\/uploads\/2024\/10\/Flakka.jpg","type":"image\/jpeg"}],"twitter_card":"summary_large_image","twitter_misc":{"Precio":"&euro;2,400.00","Disponibilidad":"Disponible"},"schema":{"@context":"https:\/\/schema.org","@graph":[{"@type":["WebPage","ItemPage"],"@id":"https:\/\/frcs-research.com\/product\/buy-alpha-pvp\/","url":"https:\/\/frcs-research.com\/product\/buy-alpha-pvp\/","name":"Compre polvo de \u03b1-PVP (Flakka) | Productos qu\u00edmicos de investigaci\u00f3n de m\u00e1xima calidad","isPartOf":{"@id":"https:\/\/frcs-research.com\/#website"},"primaryImageOfPage":{"@id":"https:\/\/frcs-research.com\/product\/buy-alpha-pvp\/#primaryimage"},"image":{"@id":"https:\/\/frcs-research.com\/product\/buy-alpha-pvp\/#primaryimage"},"thumbnailUrl":"https:\/\/frcs-research.com\/wp-content\/uploads\/2024\/10\/Flakka.jpg","datePublished":"2024-10-12T21:48:40+00:00","dateModified":"2026-04-03T23:33:15+00:00","description":"Compre alfa-PVP (Flakka) en polvo en l\u00ednea en FRCS Research. Obtenga alfa-PVP de alta pureza para investigaci\u00f3n con env\u00edo r\u00e1pido y seguro a todo el mundo. Perfecto para estudios de laboratorio. \u00a1Ordene hoy!","breadcrumb":{"@id":"https:\/\/frcs-research.com\/product\/buy-alpha-pvp\/#breadcrumb"},"inLanguage":"es","potentialAction":[{"@type":"ReadAction","target":["https:\/\/frcs-research.com\/product\/buy-alpha-pvp\/"]}]},{"@type":"ImageObject","inLanguage":"es","@id":"https:\/\/frcs-research.com\/product\/buy-alpha-pvp\/#primaryimage","url":"https:\/\/frcs-research.com\/wp-content\/uploads\/2024\/10\/Flakka.jpg","contentUrl":"https:\/\/frcs-research.com\/wp-content\/uploads\/2024\/10\/Flakka.jpg","width":374,"height":374,"caption":"Buy alpha pvp"},{"@type":"BreadcrumbList","@id":"https:\/\/frcs-research.com\/product\/buy-alpha-pvp\/#breadcrumb","itemListElement":[{"@type":"ListItem","position":1,"name":"Home","item":"https:\/\/frcs-research.com\/"},{"@type":"ListItem","position":2,"name":"Shop","item":"https:\/\/frcs-research.com\/shop\/"},{"@type":"ListItem","position":3,"name":"Alpha PvP 1kg"}]},{"@type":"WebSite","@id":"https:\/\/frcs-research.com\/#website","url":"https:\/\/frcs-research.com\/","name":"Proveedor mayorista de productos qu\u00edmicos de investigaci\u00f3n, 4 mmc, 3 mmc, MDPHP, Alpha PVP y m\u00e1s","description":"Productos qu\u00edmicos de investigaci\u00f3n al por mayor","potentialAction":[{"@type":"SearchAction","target":{"@type":"EntryPoint","urlTemplate":"https:\/\/frcs-research.com\/?s={search_term_string}"},"query-input":{"@type":"PropertyValueSpecification","valueRequired":true,"valueName":"search_term_string"}}],"inLanguage":"es"}]},"product_price_amount":"2400.00","product_price_currency":"EUR","og_availability":"instock","product_availability":"instock","product_condition":"new"},"uagb_featured_image_src":{"full":["https:\/\/frcs-research.com\/wp-content\/uploads\/2024\/10\/Flakka.jpg",374,374,false],"thumbnail":["https:\/\/frcs-research.com\/wp-content\/uploads\/2024\/10\/Flakka-150x150.jpg",150,150,true],"medium":["https:\/\/frcs-research.com\/wp-content\/uploads\/2024\/10\/Flakka-300x300.jpg",300,300,true],"medium_large":["https:\/\/frcs-research.com\/wp-content\/uploads\/2024\/10\/Flakka.jpg",374,374,false],"large":["https:\/\/frcs-research.com\/wp-content\/uploads\/2024\/10\/Flakka.jpg",374,374,false],"1536x1536":["https:\/\/frcs-research.com\/wp-content\/uploads\/2024\/10\/Flakka.jpg",374,374,false],"2048x2048":["https:\/\/frcs-research.com\/wp-content\/uploads\/2024\/10\/Flakka.jpg",374,374,false],"trp-custom-language-flag":["https:\/\/frcs-research.com\/wp-content\/uploads\/2024\/10\/Flakka.jpg",12,12,false],"post-thumbnail":["https:\/\/frcs-research.com\/wp-content\/uploads\/2024\/10\/Flakka.jpg",374,374,false],"elite-commerce-slider":["https:\/\/frcs-research.com\/wp-content\/uploads\/2024\/10\/Flakka.jpg",374,374,false],"elite-commerce-hero":["https:\/\/frcs-research.com\/wp-content\/uploads\/2024\/10\/Flakka.jpg",374,374,false],"elite-commerce-portfolio":["https:\/\/frcs-research.com\/wp-content\/uploads\/2024\/10\/Flakka.jpg",374,374,false],"woocommerce_thumbnail":["https:\/\/frcs-research.com\/wp-content\/uploads\/2024\/10\/Flakka-300x300.jpg",300,300,true],"woocommerce_single":["https:\/\/frcs-research.com\/wp-content\/uploads\/2024\/10\/Flakka.jpg",374,374,false],"woocommerce_gallery_thumbnail":["https:\/\/frcs-research.com\/wp-content\/uploads\/2024\/10\/Flakka-100x100.jpg",100,100,true]},"uagb_author_info":{"display_name":"Richard Wood","author_link":"https:\/\/frcs-research.com\/es\/author\/"},"uagb_comment_info":1212,"uagb_excerpt":"Order \u03b1-PVP (Alpha-Pyrrolidinopentiophenone) Online Commonly referred to as &#8220;flakka,&#8221; Buy \u03b1-PVP is a powerful synthetic stimulant. It is well-known in both research and recreational communities for its ability to act&hellip;&euro;2,800.00 El precio original era: &euro;2,800.00.&euro;2,400.00El precio actual es: &euro;2,400.00.A\u00f1adir a la cesta","_links":{"self":[{"href":"https:\/\/frcs-research.com\/es\/wp-json\/wp\/v2\/product\/728","targetHints":{"allow":["GET"]}}],"collection":[{"href":"https:\/\/frcs-research.com\/es\/wp-json\/wp\/v2\/product"}],"about":[{"href":"https:\/\/frcs-research.com\/es\/wp-json\/wp\/v2\/types\/product"}],"replies":[{"embeddable":true,"href":"https:\/\/frcs-research.com\/es\/wp-json\/wp\/v2\/comments?post=728"}],"wp:featuredmedia":[{"embeddable":true,"href":"https:\/\/frcs-research.com\/es\/wp-json\/wp\/v2\/media\/729"}],"wp:attachment":[{"href":"https:\/\/frcs-research.com\/es\/wp-json\/wp\/v2\/media?parent=728"}],"wp:term":[{"taxonomy":"product_brand","embeddable":true,"href":"https:\/\/frcs-research.com\/es\/wp-json\/wp\/v2\/product_brand?post=728"},{"taxonomy":"product_cat","embeddable":true,"href":"https:\/\/frcs-research.com\/es\/wp-json\/wp\/v2\/product_cat?post=728"},{"taxonomy":"product_tag","embeddable":true,"href":"https:\/\/frcs-research.com\/es\/wp-json\/wp\/v2\/product_tag?post=728"}],"curies":[{"name":"wp","href":"https:\/\/api.w.org\/{rel}","templated":true}]}}