{"id":730,"date":"2024-10-12T21:53:13","date_gmt":"2024-10-12T21:53:13","guid":{"rendered":"https:\/\/frcs-research.com\/?post_type=product&#038;p=730"},"modified":"2026-04-07T05:32:26","modified_gmt":"2026-04-07T05:32:26","slug":"n-etilhexedrona","status":"publish","type":"product","link":"https:\/\/frcs-research.com\/es\/product\/n-etilhexedrona\/","title":{"rendered":"N-Ethylhexedrone 1kg"},"content":{"rendered":"<h3><strong>Comprar polvo de N-etilhexedrona en l\u00ednea<\/strong><\/h3>\n<p>La N-etilhexedrona es un potente estimulante en el <strong>Familia de las catinonas<\/strong>, conocida por sus efectos euf\u00f3ricos y energizantes. Se utiliza a menudo en <strong>investigaci\u00f3n<\/strong>, es qu\u00edmicamente similar a <strong>alfa-PVP<\/strong> y otros estimulantes sint\u00e9ticos populares. <strong>Investigaci\u00f3n del FRCS<\/strong>, ofrecemos <strong>Polvo de N-etilhexedrona<\/strong> En su m\u00e1s alta pureza, perfecto para <strong>estudios de laboratorio<\/strong> y con fines cient\u00edficos. Ya sea que est\u00e9 investigando sus efectos estimulantes o investigando su acci\u00f3n sobre el <strong>sistema nervioso central<\/strong>Este compuesto es una gran adici\u00f3n a cualquier laboratorio.<\/p>\n<ul>\n<li><strong>Palabras clave<\/strong>:comprar N-etilhexedrona, N-etilhexedrona en venta, comprar estimulantes sint\u00e9ticos, ordenar productos qu\u00edmicos de investigaci\u00f3n en l\u00ednea.<\/li>\n<li><strong>Llamado a la acci\u00f3n<\/strong>: Orden <strong>Polvo de N-etilhexedrona<\/strong> de <strong>Investigaci\u00f3n del FRCS<\/strong> y experimente un env\u00edo r\u00e1pido y seguro a nivel mundial.<\/li>\n<\/ul>","protected":false},"excerpt":{"rendered":"<p>Buy N-Ethylhexedrone Powder Online N-Ethylhexedrone is a potent stimulant in the cathinone family, known for its euphoric and energizing effects. Often used in research, it is chemically similar to \u03b1-PVP&hellip;<\/p>\n<p class=\"product woocommerce add_to_cart_inline\" style=\"border:4px solid #ccc; padding: 12px;\"><del aria-hidden=\"true\"><span class=\"woocommerce-Price-amount amount\"><bdi><span class=\"woocommerce-Price-currencySymbol\">&euro;<\/span>2,700.00<\/bdi><\/span><\/del> <span class=\"screen-reader-text\" data-no-translation=\"\" data-trp-gettext=\"\">El precio original era: &euro;2,700.00.<\/span><ins aria-hidden=\"true\"><span class=\"woocommerce-Price-amount amount\"><bdi><span class=\"woocommerce-Price-currencySymbol\">&euro;<\/span>2,350.00<\/bdi><\/span><\/ins><span class=\"screen-reader-text\" data-no-translation=\"\" data-trp-gettext=\"\">El precio actual es: &euro;2,350.00.<\/span><a href=\"\/es\/wp-json\/wp\/v2\/product\/730?add-to-cart=730\" aria-describedby=\"woocommerce_loop_add_to_cart_link_describedby_730\" data-quantity=\"1\" class=\"button product_type_simple add_to_cart_button ajax_add_to_cart\" data-product_id=\"730\" data-product_sku=\"\" aria-label=\"A\u00f1adir al carrito: \u201cN-Ethylhexedrone 1kg\u201d\" rel=\"nofollow\" data-success_message=\"\u00abN-Ethylhexedrone 1kg\u00bb se ha a\u00f1adido a tu carrito\" data-no-translation=\"\" data-trp-gettext=\"\" data-no-translation-aria-label=\"\" data-no-translation-data-success_message=\"\">A\u00f1adir a la cesta<\/a>\t<span id=\"woocommerce_loop_add_to_cart_link_describedby_730\" class=\"screen-reader-text\"><br \/>\n\t\t\t<\/span><\/p>","protected":false},"featured_media":731,"comment_status":"open","ping_status":"closed","template":"","meta":{"_uag_custom_page_level_css":""},"product_brand":[],"product_cat":[26],"product_tag":[],"class_list":{"0":"post-730","1":"product","2":"type-product","3":"status-publish","4":"has-post-thumbnail","6":"product_cat-synthetic-cathinones","8":"first","9":"instock","10":"sale","11":"shipping-taxable","12":"purchasable","13":"product-type-simple"},"yoast_head":"<!-- This site is optimized with the Yoast SEO plugin v27.1.1 - https:\/\/yoast.com\/product\/yoast-seo-wordpress\/ -->\n<title>Buy N-Ethylhexedrone Powder | Top-Quality Stimulant for Research<\/title>\n<meta name=\"description\" content=\"Buy N-Ethylhexedrone Powder high-purity for research from FRCS Research. Fast, discreet shipping available worldwide. Secure your research chemicals today!\" \/>\n<meta name=\"robots\" content=\"index, follow, max-snippet:-1, max-image-preview:large, max-video-preview:-1\" \/>\n<link rel=\"canonical\" href=\"https:\/\/frcs-research.com\/es\/product\/n-etilhexedrona\/\" \/>\n<meta property=\"og:locale\" content=\"es_ES\" \/>\n<meta property=\"og:type\" content=\"article\" \/>\n<meta property=\"og:title\" content=\"Buy N-Ethylhexedrone Powder | Top-Quality Stimulant for Research\" \/>\n<meta property=\"og:description\" content=\"Buy N-Ethylhexedrone Powder high-purity for research from FRCS Research. Fast, discreet shipping available worldwide. Secure your research chemicals today!\" \/>\n<meta property=\"og:url\" content=\"https:\/\/frcs-research.com\/es\/product\/n-etilhexedrona\/\" \/>\n<meta property=\"og:site_name\" content=\"wholesale supplier of research chemicals, 4mmc, 3mmc, MDPHP, Alpha PVP and more\" \/>\n<meta property=\"article:modified_time\" content=\"2026-04-07T05:32:26+00:00\" \/>\n<meta property=\"og:image\" content=\"https:\/\/frcs-research.com\/wp-content\/uploads\/2024\/10\/Buy-4-CEC-Crystals-300x300-1.jpg\" \/>\n\t<meta property=\"og:image:width\" content=\"300\" \/>\n\t<meta property=\"og:image:height\" content=\"300\" \/>\n\t<meta property=\"og:image:type\" content=\"image\/jpeg\" \/>\n<meta name=\"twitter:card\" content=\"summary_large_image\" \/>\n<meta name=\"twitter:label1\" content=\"Precio\" \/>\n\t<meta name=\"twitter:data1\" content=\"&euro;2,350.00\" \/>\n\t<meta name=\"twitter:label2\" content=\"Disponibilidad\" \/>\n\t<meta name=\"twitter:data2\" content=\"Disponible\" \/>\n<script type=\"application\/ld+json\" class=\"yoast-schema-graph\">{\"@context\":\"https:\/\/schema.org\",\"@graph\":[{\"@type\":[\"WebPage\",\"ItemPage\"],\"@id\":\"https:\/\/frcs-research.com\/product\/n-ethylhexedrone\/\",\"url\":\"https:\/\/frcs-research.com\/product\/n-ethylhexedrone\/\",\"name\":\"Buy N-Ethylhexedrone Powder | Top-Quality Stimulant for Research\",\"isPartOf\":{\"@id\":\"https:\/\/frcs-research.com\/#website\"},\"primaryImageOfPage\":{\"@id\":\"https:\/\/frcs-research.com\/product\/n-ethylhexedrone\/#primaryimage\"},\"image\":{\"@id\":\"https:\/\/frcs-research.com\/product\/n-ethylhexedrone\/#primaryimage\"},\"thumbnailUrl\":\"https:\/\/frcs-research.com\/wp-content\/uploads\/2024\/10\/Buy-4-CEC-Crystals-300x300-1.jpg\",\"datePublished\":\"2024-10-12T21:53:13+00:00\",\"dateModified\":\"2026-04-07T05:32:26+00:00\",\"description\":\"Buy N-Ethylhexedrone Powder high-purity for research from FRCS Research. Fast, discreet shipping available worldwide. Secure your research chemicals today!\",\"breadcrumb\":{\"@id\":\"https:\/\/frcs-research.com\/product\/n-ethylhexedrone\/#breadcrumb\"},\"inLanguage\":\"es\",\"potentialAction\":[{\"@type\":\"ReadAction\",\"target\":[\"https:\/\/frcs-research.com\/product\/n-ethylhexedrone\/\"]}]},{\"@type\":\"ImageObject\",\"inLanguage\":\"es\",\"@id\":\"https:\/\/frcs-research.com\/product\/n-ethylhexedrone\/#primaryimage\",\"url\":\"https:\/\/frcs-research.com\/wp-content\/uploads\/2024\/10\/Buy-4-CEC-Crystals-300x300-1.jpg\",\"contentUrl\":\"https:\/\/frcs-research.com\/wp-content\/uploads\/2024\/10\/Buy-4-CEC-Crystals-300x300-1.jpg\",\"width\":300,\"height\":300,\"caption\":\"Buy N-Ethylhexedrone\"},{\"@type\":\"BreadcrumbList\",\"@id\":\"https:\/\/frcs-research.com\/product\/n-ethylhexedrone\/#breadcrumb\",\"itemListElement\":[{\"@type\":\"ListItem\",\"position\":1,\"name\":\"Home\",\"item\":\"https:\/\/frcs-research.com\/\"},{\"@type\":\"ListItem\",\"position\":2,\"name\":\"Shop\",\"item\":\"https:\/\/frcs-research.com\/shop\/\"},{\"@type\":\"ListItem\",\"position\":3,\"name\":\"N-Ethylhexedrone 1kg\"}]},{\"@type\":\"WebSite\",\"@id\":\"https:\/\/frcs-research.com\/#website\",\"url\":\"https:\/\/frcs-research.com\/\",\"name\":\"wholesale supplier of research chemicals, 4mmc, 3mmc, MDPHP, Alpha PVP and more\",\"description\":\"Wholesale research chemicals\",\"potentialAction\":[{\"@type\":\"SearchAction\",\"target\":{\"@type\":\"EntryPoint\",\"urlTemplate\":\"https:\/\/frcs-research.com\/?s={search_term_string}\"},\"query-input\":{\"@type\":\"PropertyValueSpecification\",\"valueRequired\":true,\"valueName\":\"search_term_string\"}}],\"inLanguage\":\"es\"}]}<\/script>\n<meta property=\"product:price:amount\" content=\"2350.00\" \/>\n<meta property=\"product:price:currency\" content=\"EUR\" \/>\n<meta property=\"og:availability\" content=\"instock\" \/>\n<meta property=\"product:availability\" content=\"instock\" \/>\n<meta property=\"product:condition\" content=\"new\" \/>\n<!-- \/ Yoast SEO plugin. -->","yoast_head_json":{"title":"Comprar polvo de N-etilhexedrona | Estimulante de m\u00e1xima calidad para la investigaci\u00f3n","description":"Compre polvo de N-etilhexedrona de alta pureza para investigaci\u00f3n de FRCS Research. Env\u00edo r\u00e1pido y discreto disponible en todo el mundo. \u00a1Asegure sus productos qu\u00edmicos de investigaci\u00f3n hoy mismo!","robots":{"index":"index","follow":"follow","max-snippet":"max-snippet:-1","max-image-preview":"max-image-preview:large","max-video-preview":"max-video-preview:-1"},"canonical":"https:\/\/frcs-research.com\/es\/product\/n-etilhexedrona\/","og_locale":"es_ES","og_type":"article","og_title":"Buy N-Ethylhexedrone Powder | Top-Quality Stimulant for Research","og_description":"Buy N-Ethylhexedrone Powder high-purity for research from FRCS Research. Fast, discreet shipping available worldwide. Secure your research chemicals today!","og_url":"https:\/\/frcs-research.com\/es\/product\/n-etilhexedrona\/","og_site_name":"wholesale supplier of research chemicals, 4mmc, 3mmc, MDPHP, Alpha PVP and more","article_modified_time":"2026-04-07T05:32:26+00:00","og_image":[{"width":300,"height":300,"url":"https:\/\/frcs-research.com\/wp-content\/uploads\/2024\/10\/Buy-4-CEC-Crystals-300x300-1.jpg","type":"image\/jpeg"}],"twitter_card":"summary_large_image","twitter_misc":{"Precio":"&euro;2,350.00","Disponibilidad":"Disponible"},"schema":{"@context":"https:\/\/schema.org","@graph":[{"@type":["WebPage","ItemPage"],"@id":"https:\/\/frcs-research.com\/product\/n-ethylhexedrone\/","url":"https:\/\/frcs-research.com\/product\/n-ethylhexedrone\/","name":"Comprar polvo de N-etilhexedrona | Estimulante de m\u00e1xima calidad para la investigaci\u00f3n","isPartOf":{"@id":"https:\/\/frcs-research.com\/#website"},"primaryImageOfPage":{"@id":"https:\/\/frcs-research.com\/product\/n-ethylhexedrone\/#primaryimage"},"image":{"@id":"https:\/\/frcs-research.com\/product\/n-ethylhexedrone\/#primaryimage"},"thumbnailUrl":"https:\/\/frcs-research.com\/wp-content\/uploads\/2024\/10\/Buy-4-CEC-Crystals-300x300-1.jpg","datePublished":"2024-10-12T21:53:13+00:00","dateModified":"2026-04-07T05:32:26+00:00","description":"Compre polvo de N-etilhexedrona de alta pureza para investigaci\u00f3n de FRCS Research. Env\u00edo r\u00e1pido y discreto disponible en todo el mundo. \u00a1Asegure sus productos qu\u00edmicos de investigaci\u00f3n hoy mismo!","breadcrumb":{"@id":"https:\/\/frcs-research.com\/product\/n-ethylhexedrone\/#breadcrumb"},"inLanguage":"es","potentialAction":[{"@type":"ReadAction","target":["https:\/\/frcs-research.com\/product\/n-ethylhexedrone\/"]}]},{"@type":"ImageObject","inLanguage":"es","@id":"https:\/\/frcs-research.com\/product\/n-ethylhexedrone\/#primaryimage","url":"https:\/\/frcs-research.com\/wp-content\/uploads\/2024\/10\/Buy-4-CEC-Crystals-300x300-1.jpg","contentUrl":"https:\/\/frcs-research.com\/wp-content\/uploads\/2024\/10\/Buy-4-CEC-Crystals-300x300-1.jpg","width":300,"height":300,"caption":"Buy N-Ethylhexedrone"},{"@type":"BreadcrumbList","@id":"https:\/\/frcs-research.com\/product\/n-ethylhexedrone\/#breadcrumb","itemListElement":[{"@type":"ListItem","position":1,"name":"Home","item":"https:\/\/frcs-research.com\/"},{"@type":"ListItem","position":2,"name":"Shop","item":"https:\/\/frcs-research.com\/shop\/"},{"@type":"ListItem","position":3,"name":"N-Ethylhexedrone 1kg"}]},{"@type":"WebSite","@id":"https:\/\/frcs-research.com\/#website","url":"https:\/\/frcs-research.com\/","name":"Proveedor mayorista de productos qu\u00edmicos de investigaci\u00f3n, 4 mmc, 3 mmc, MDPHP, Alpha PVP y m\u00e1s","description":"Productos qu\u00edmicos de investigaci\u00f3n al por mayor","potentialAction":[{"@type":"SearchAction","target":{"@type":"EntryPoint","urlTemplate":"https:\/\/frcs-research.com\/?s={search_term_string}"},"query-input":{"@type":"PropertyValueSpecification","valueRequired":true,"valueName":"search_term_string"}}],"inLanguage":"es"}]},"product_price_amount":"2350.00","product_price_currency":"EUR","og_availability":"instock","product_availability":"instock","product_condition":"new"},"uagb_featured_image_src":{"full":["https:\/\/frcs-research.com\/wp-content\/uploads\/2024\/10\/Buy-4-CEC-Crystals-300x300-1.jpg",300,300,false],"thumbnail":["https:\/\/frcs-research.com\/wp-content\/uploads\/2024\/10\/Buy-4-CEC-Crystals-300x300-1-150x150.jpg",150,150,true],"medium":["https:\/\/frcs-research.com\/wp-content\/uploads\/2024\/10\/Buy-4-CEC-Crystals-300x300-1.jpg",300,300,false],"medium_large":["https:\/\/frcs-research.com\/wp-content\/uploads\/2024\/10\/Buy-4-CEC-Crystals-300x300-1.jpg",300,300,false],"large":["https:\/\/frcs-research.com\/wp-content\/uploads\/2024\/10\/Buy-4-CEC-Crystals-300x300-1.jpg",300,300,false],"1536x1536":["https:\/\/frcs-research.com\/wp-content\/uploads\/2024\/10\/Buy-4-CEC-Crystals-300x300-1.jpg",300,300,false],"2048x2048":["https:\/\/frcs-research.com\/wp-content\/uploads\/2024\/10\/Buy-4-CEC-Crystals-300x300-1.jpg",300,300,false],"trp-custom-language-flag":["https:\/\/frcs-research.com\/wp-content\/uploads\/2024\/10\/Buy-4-CEC-Crystals-300x300-1.jpg",12,12,false],"post-thumbnail":["https:\/\/frcs-research.com\/wp-content\/uploads\/2024\/10\/Buy-4-CEC-Crystals-300x300-1.jpg",300,300,false],"elite-commerce-slider":["https:\/\/frcs-research.com\/wp-content\/uploads\/2024\/10\/Buy-4-CEC-Crystals-300x300-1.jpg",300,300,false],"elite-commerce-hero":["https:\/\/frcs-research.com\/wp-content\/uploads\/2024\/10\/Buy-4-CEC-Crystals-300x300-1.jpg",300,300,false],"elite-commerce-portfolio":["https:\/\/frcs-research.com\/wp-content\/uploads\/2024\/10\/Buy-4-CEC-Crystals-300x300-1.jpg",300,300,false],"woocommerce_thumbnail":["https:\/\/frcs-research.com\/wp-content\/uploads\/2024\/10\/Buy-4-CEC-Crystals-300x300-1.jpg",300,300,false],"woocommerce_single":["https:\/\/frcs-research.com\/wp-content\/uploads\/2024\/10\/Buy-4-CEC-Crystals-300x300-1.jpg",300,300,false],"woocommerce_gallery_thumbnail":["https:\/\/frcs-research.com\/wp-content\/uploads\/2024\/10\/Buy-4-CEC-Crystals-300x300-1-100x100.jpg",100,100,true]},"uagb_author_info":{"display_name":"Richard Wood","author_link":"https:\/\/frcs-research.com\/es\/author\/"},"uagb_comment_info":764,"uagb_excerpt":"Buy N-Ethylhexedrone Powder Online N-Ethylhexedrone is a potent stimulant in the cathinone family, known for its euphoric and energizing effects. Often used in research, it is chemically similar to \u03b1-PVP&hellip;&euro;2,700.00 El precio original era: &euro;2,700.00.&euro;2,350.00El precio actual es: &euro;2,350.00.A\u00f1adir a la cesta","_links":{"self":[{"href":"https:\/\/frcs-research.com\/es\/wp-json\/wp\/v2\/product\/730","targetHints":{"allow":["GET"]}}],"collection":[{"href":"https:\/\/frcs-research.com\/es\/wp-json\/wp\/v2\/product"}],"about":[{"href":"https:\/\/frcs-research.com\/es\/wp-json\/wp\/v2\/types\/product"}],"replies":[{"embeddable":true,"href":"https:\/\/frcs-research.com\/es\/wp-json\/wp\/v2\/comments?post=730"}],"wp:featuredmedia":[{"embeddable":true,"href":"https:\/\/frcs-research.com\/es\/wp-json\/wp\/v2\/media\/731"}],"wp:attachment":[{"href":"https:\/\/frcs-research.com\/es\/wp-json\/wp\/v2\/media?parent=730"}],"wp:term":[{"taxonomy":"product_brand","embeddable":true,"href":"https:\/\/frcs-research.com\/es\/wp-json\/wp\/v2\/product_brand?post=730"},{"taxonomy":"product_cat","embeddable":true,"href":"https:\/\/frcs-research.com\/es\/wp-json\/wp\/v2\/product_cat?post=730"},{"taxonomy":"product_tag","embeddable":true,"href":"https:\/\/frcs-research.com\/es\/wp-json\/wp\/v2\/product_tag?post=730"}],"curies":[{"name":"wp","href":"https:\/\/api.w.org\/{rel}","templated":true}]}}