{"id":735,"date":"2024-10-12T22:10:25","date_gmt":"2024-10-12T22:10:25","guid":{"rendered":"https:\/\/frcs-research.com\/?post_type=product&#038;p=735"},"modified":"2026-04-05T01:12:35","modified_gmt":"2026-04-05T01:12:35","slug":"comprar-ketamina-en-polvo","status":"publish","type":"product","link":"https:\/\/frcs-research.com\/es\/product\/comprar-ketamina-en-polvo\/","title":{"rendered":"Ketamine 1kg"},"content":{"rendered":"<h1>Comprar Ketamina en polvo para investigaci\u00f3n<\/h1>\n<p>Si est\u00e1s buscando <strong>comprar ketamina en polvo<\/strong> Para sus necesidades de investigaci\u00f3n, usted est\u00e1 en el lugar correcto. <strong>Ketamina<\/strong> es muy eficaz <strong>anest\u00e9sico disociativo<\/strong> Se utiliza ampliamente en estudios cl\u00ednicos y cient\u00edficos. Es esencial para examinar sus efectos sobre el <strong>Receptor NMDA<\/strong>, neuroplasticidad y sus posibles aplicaciones en el tratamiento <strong>depresi\u00f3n<\/strong> y <strong>Dolor cr\u00f3nico<\/strong>. <strong>Investigaci\u00f3n del FRCS<\/strong> proporciona ketamina de alta pureza espec\u00edficamente para fines de investigaci\u00f3n, lo que garantiza que recibir\u00e1 un producto que cumpla con los estrictos est\u00e1ndares de su laboratorio.<\/p>\n<table>\n<thead>\n<tr>\n<th><strong>Propiedad<\/strong><\/th>\n<th><strong>Especificaci\u00f3n<\/strong><\/th>\n<\/tr>\n<\/thead>\n<tbody>\n<tr>\n<td><strong>Nombre qu\u00edmico<\/strong><\/td>\n<td>Clorhidrato de (RS)-2-(2-clorofenil)-2-(metilamino)ciclohexanona<\/td>\n<\/tr>\n<tr>\n<td><strong>F\u00f3rmula molecular<\/strong><\/td>\n<td>C\u2081\u2083H\u2081\u2086ClNO\u00b7HCl<\/td>\n<\/tr>\n<tr>\n<td><strong>Peso molecular<\/strong><\/td>\n<td>274,2 g\/mol<\/td>\n<\/tr>\n<tr>\n<td><strong>Apariencia<\/strong><\/td>\n<td>Polvo cristalino blanco o l\u00edquido transparente para soluciones inyectables.<\/td>\n<\/tr>\n<tr>\n<td><strong>Solubilidad<\/strong><\/td>\n<td>Altamente soluble en agua; generalmente se administra en soluci\u00f3n salina u otras soluciones acuosas.<\/td>\n<\/tr>\n<tr>\n<td><strong>Punto de fusi\u00f3n<\/strong><\/td>\n<td>266-267\u00b0C (sal clorhidrato)<\/td>\n<\/tr>\n<tr>\n<td><strong>Mecanismo de acci\u00f3n<\/strong><\/td>\n<td>Primordialmente un <strong>Antagonista del receptor NMDA<\/strong>, con acci\u00f3n secundaria sobre los receptores opioides y los sistemas monoamin\u00e9rgicos<\/td>\n<\/tr>\n<tr>\n<td><strong>Usos m\u00e9dicos<\/strong><\/td>\n<td>\u2013 Inducci\u00f3n y mantenimiento de la anestesia<br \/>\n\u2013 Manejo del dolor en condiciones cr\u00f3nicas y agudas<br \/>\n\u2013 Tratamiento de la depresi\u00f3n y el TEPT en dosis bajas<\/td>\n<\/tr>\n<tr>\n<td><strong>Rutas de administraci\u00f3n<\/strong><\/td>\n<td>Intravenosa (IV), intramuscular (IM), oral, nasal (bajo supervisi\u00f3n m\u00e9dica)<\/td>\n<\/tr>\n<tr>\n<td><strong>Inicio de los efectos<\/strong><\/td>\n<td>Inicio r\u00e1pido, generalmente en cuesti\u00f3n de minutos cuando se administra por v\u00eda intravenosa o intramuscular.<\/td>\n<\/tr>\n<tr>\n<td><strong>Duraci\u00f3n de los efectos<\/strong><\/td>\n<td>Var\u00eda seg\u00fan la dosis y la v\u00eda: los efectos de la anestesia duran entre 10 y 20 minutos por v\u00eda intravenosa, hasta 1 hora por v\u00eda intramuscular; los efectos analg\u00e9sicos y antidepresivos pueden durar m\u00e1s tiempo.<\/td>\n<\/tr>\n<tr>\n<td><strong>Efectos secundarios<\/strong><\/td>\n<td>N\u00e1useas, mareos, confusi\u00f3n, alucinaciones, disociaci\u00f3n, aumento de la presi\u00f3n arterial; riesgo de mal uso con uso no m\u00e9dico.<\/td>\n<\/tr>\n<tr>\n<td><strong>Estatus legal<\/strong><\/td>\n<td>Clasificado como un <strong>Sustancia controlada de la Lista III<\/strong> En los EE. UU., se usa legalmente solo con receta m\u00e9dica o en entornos m\u00e9dicos; a menudo est\u00e1 restringido a nivel mundial.<\/td>\n<\/tr>\n<\/tbody>\n<\/table>\n<p>&nbsp;<\/p>\n<table>\n<thead>\n<tr>\n<th><strong>Tipo<\/strong><\/th>\n<th><strong>Nombres \/ Identificadores<\/strong><\/th>\n<\/tr>\n<\/thead>\n<tbody>\n<tr>\n<td><strong>Nombres gen\u00e9ricos<\/strong><\/td>\n<td>Ketamina, clorhidrato de ketamina<\/td>\n<\/tr>\n<tr>\n<td><strong>Nombres de marca<\/strong><\/td>\n<td>Ketalar, Ketaject, Ketavet, Vetalar<\/td>\n<\/tr>\n<tr>\n<td><strong>Nombres de calles<\/strong><\/td>\n<td>Special K, K, Kit Kat, Vitamina K, Valium para gatos<\/td>\n<\/tr>\n<tr>\n<td><strong>Nombres qu\u00edmicos<\/strong><\/td>\n<td>Clorhidrato de (RS)-2-(2-clorofenil)-2-(metilamino)ciclohexanona, 2-(O-clorofenil)-2-(metilamino)ciclohexanona<\/td>\n<\/tr>\n<tr>\n<td><strong>N\u00famero CAS<\/strong><\/td>\n<td>6740-88-1<\/td>\n<\/tr>\n<tr>\n<td><strong>Sin\u00f3nimos en la investigaci\u00f3n<\/strong><\/td>\n<td>CI-581, CI-581a<\/td>\n<\/tr>\n<\/tbody>\n<\/table>\n<p><strong>Palabras clave<\/strong>:ordenar ketamina en l\u00ednea, comprar ketamina, productos qu\u00edmicos de investigaci\u00f3n, ketamina para fines de investigaci\u00f3n, ketamina de alta pureza a la venta.<\/p>\n<ul>\n<li><strong>Llamado a la acci\u00f3n<\/strong>:Comprar alta pureza <strong>polvo de ketamina<\/strong> de <a href=\"https:\/\/frcs-research.com\/es\/\"><strong>Investigaci\u00f3n del FRCS<\/strong><\/a> y explorar sus profundas aplicaciones en <strong>neuroplasticidad<\/strong> y <strong>anestesia<\/strong> Investigaci\u00f3n. Env\u00edo seguro y discreto disponible en todo el mundo.<\/li>\n<\/ul>","protected":false},"excerpt":{"rendered":"<div style=\"max-width: 300px; padding: 20px; border: 1px solid #ddd; border-radius: 5px; text-align: center;\">\n<h4>Cont\u00e1ctenos para consultas sobre productos<\/h4>\n<p><!-- WhatsApp Contact --><\/p>\n<p class=\"product woocommerce add_to_cart_inline\" style=\"border:4px solid #ccc; padding: 12px;\"><del aria-hidden=\"true\"><span class=\"woocommerce-Price-amount amount\"><bdi><span class=\"woocommerce-Price-currencySymbol\">&euro;<\/span>5,600.00<\/bdi><\/span><\/del> <span class=\"screen-reader-text\" data-no-translation=\"\" data-trp-gettext=\"\">El precio original era: &euro;5,600.00.<\/span><ins aria-hidden=\"true\"><span class=\"woocommerce-Price-amount amount\"><bdi><span class=\"woocommerce-Price-currencySymbol\">&euro;<\/span>5,300.00<\/bdi><\/span><\/ins><span class=\"screen-reader-text\" data-no-translation=\"\" data-trp-gettext=\"\">El precio actual es: &euro;5,300.00.<\/span><a href=\"\/es\/wp-json\/wp\/v2\/product\/735?add-to-cart=735\" aria-describedby=\"woocommerce_loop_add_to_cart_link_describedby_735\" data-quantity=\"1\" class=\"button product_type_simple add_to_cart_button ajax_add_to_cart\" data-product_id=\"735\" data-product_sku=\"\" aria-label=\"A\u00f1adir al carrito: \u201cKetamine 1kg\u201d\" rel=\"nofollow\" data-success_message=\"\u00abKetamine 1kg\u00bb se ha a\u00f1adido a tu carrito\" data-no-translation=\"\" data-trp-gettext=\"\" data-no-translation-aria-label=\"\" data-no-translation-data-success_message=\"\">A\u00f1adir a la cesta<\/a>\t<span id=\"woocommerce_loop_add_to_cart_link_describedby_735\" class=\"screen-reader-text\"><br \/>\n\t\t\t<\/span>\n<\/p>\n<p><!-- Email Contact --><\/p>\n<p class=\"product woocommerce add_to_cart_inline\" style=\"border:4px solid #ccc; padding: 12px;\"><del aria-hidden=\"true\"><span class=\"woocommerce-Price-amount amount\"><bdi><span class=\"woocommerce-Price-currencySymbol\">&euro;<\/span>5,600.00<\/bdi><\/span><\/del> <span class=\"screen-reader-text\" data-no-translation=\"\" data-trp-gettext=\"\">El precio original era: &euro;5,600.00.<\/span><ins aria-hidden=\"true\"><span class=\"woocommerce-Price-amount amount\"><bdi><span class=\"woocommerce-Price-currencySymbol\">&euro;<\/span>5,300.00<\/bdi><\/span><\/ins><span class=\"screen-reader-text\" data-no-translation=\"\" data-trp-gettext=\"\">El precio actual es: &euro;5,300.00.<\/span><a href=\"\/es\/wp-json\/wp\/v2\/product\/735?add-to-cart=735\" aria-describedby=\"woocommerce_loop_add_to_cart_link_describedby_735\" data-quantity=\"1\" class=\"button product_type_simple add_to_cart_button ajax_add_to_cart\" data-product_id=\"735\" data-product_sku=\"\" aria-label=\"A\u00f1adir al carrito: \u201cKetamine 1kg\u201d\" rel=\"nofollow\" data-success_message=\"\u00abKetamine 1kg\u00bb se ha a\u00f1adido a tu carrito\" data-no-translation=\"\" data-trp-gettext=\"\" data-no-translation-aria-label=\"\" data-no-translation-data-success_message=\"\">A\u00f1adir a la cesta<\/a>\t<span id=\"woocommerce_loop_add_to_cart_link_describedby_735\" class=\"screen-reader-text\"><br \/>\n\t\t\t<\/span>\n<\/p>\n<\/div>\n<p>&hellip;<\/p>\n<p class=\"product woocommerce add_to_cart_inline\" style=\"border:4px solid #ccc; padding: 12px;\"><del aria-hidden=\"true\"><span class=\"woocommerce-Price-amount amount\"><bdi><span class=\"woocommerce-Price-currencySymbol\">&euro;<\/span>5,600.00<\/bdi><\/span><\/del> <span class=\"screen-reader-text\" data-no-translation=\"\" data-trp-gettext=\"\">El precio original era: &euro;5,600.00.<\/span><ins aria-hidden=\"true\"><span class=\"woocommerce-Price-amount amount\"><bdi><span class=\"woocommerce-Price-currencySymbol\">&euro;<\/span>5,300.00<\/bdi><\/span><\/ins><span class=\"screen-reader-text\" data-no-translation=\"\" data-trp-gettext=\"\">El precio actual es: &euro;5,300.00.<\/span><a href=\"\/es\/wp-json\/wp\/v2\/product\/735?add-to-cart=735\" aria-describedby=\"woocommerce_loop_add_to_cart_link_describedby_735\" data-quantity=\"1\" class=\"button product_type_simple add_to_cart_button ajax_add_to_cart\" data-product_id=\"735\" data-product_sku=\"\" aria-label=\"A\u00f1adir al carrito: \u201cKetamine 1kg\u201d\" rel=\"nofollow\" data-success_message=\"\u00abKetamine 1kg\u00bb se ha a\u00f1adido a tu carrito\" data-no-translation=\"\" data-trp-gettext=\"\" data-no-translation-aria-label=\"\" data-no-translation-data-success_message=\"\">A\u00f1adir a la cesta<\/a>\t<span id=\"woocommerce_loop_add_to_cart_link_describedby_735\" class=\"screen-reader-text\"><br \/>\n\t\t\t<\/span><\/p>","protected":false},"featured_media":736,"comment_status":"open","ping_status":"closed","template":"","meta":{"_uag_custom_page_level_css":""},"product_brand":[],"product_cat":[28],"product_tag":[],"class_list":{"0":"post-735","1":"product","2":"type-product","3":"status-publish","4":"has-post-thumbnail","6":"product_cat-dissociatives","8":"first","9":"instock","10":"sale","11":"shipping-taxable","12":"purchasable","13":"product-type-simple"},"yoast_head":"<!-- This site is optimized with the Yoast SEO plugin v27.1.1 - https:\/\/yoast.com\/product\/yoast-seo-wordpress\/ -->\n<title>Buy Ketamine Powder High-Purity for Research | FRCS Research<\/title>\n<meta name=\"description\" content=\"Buy ketamine powder for research at FRCS Research. Ideal for studying neuroplasticity and chronic pain treatment. Secure online ordering and discreet shipping available.\" \/>\n<meta name=\"robots\" content=\"index, follow, max-snippet:-1, max-image-preview:large, max-video-preview:-1\" \/>\n<link rel=\"canonical\" href=\"https:\/\/frcs-research.com\/es\/product\/comprar-ketamina-en-polvo\/\" \/>\n<meta property=\"og:locale\" content=\"es_ES\" \/>\n<meta property=\"og:type\" content=\"article\" \/>\n<meta property=\"og:title\" content=\"Buy Ketamine Powder High-Purity for Research | FRCS Research\" \/>\n<meta property=\"og:description\" content=\"Buy ketamine powder for research at FRCS Research. Ideal for studying neuroplasticity and chronic pain treatment. Secure online ordering and discreet shipping available.\" \/>\n<meta property=\"og:url\" content=\"https:\/\/frcs-research.com\/es\/product\/comprar-ketamina-en-polvo\/\" \/>\n<meta property=\"og:site_name\" content=\"wholesale supplier of research chemicals, 4mmc, 3mmc, MDPHP, Alpha PVP and more\" \/>\n<meta property=\"article:modified_time\" content=\"2026-04-05T01:12:35+00:00\" \/>\n<meta property=\"og:image\" content=\"https:\/\/frcs-research.com\/wp-content\/uploads\/2024\/10\/OIP.jpg\" \/>\n\t<meta property=\"og:image:width\" content=\"474\" \/>\n\t<meta property=\"og:image:height\" content=\"283\" \/>\n\t<meta property=\"og:image:type\" content=\"image\/jpeg\" \/>\n<meta name=\"twitter:card\" content=\"summary_large_image\" \/>\n<meta name=\"twitter:label1\" content=\"Precio\" \/>\n\t<meta name=\"twitter:data1\" content=\"&euro;5,300.00\" \/>\n\t<meta name=\"twitter:label2\" content=\"Disponibilidad\" \/>\n\t<meta name=\"twitter:data2\" content=\"Disponible\" \/>\n<script type=\"application\/ld+json\" class=\"yoast-schema-graph\">{\"@context\":\"https:\/\/schema.org\",\"@graph\":[{\"@type\":[\"WebPage\",\"ItemPage\"],\"@id\":\"https:\/\/frcs-research.com\/product\/buy-ketamine-powder\/\",\"url\":\"https:\/\/frcs-research.com\/product\/buy-ketamine-powder\/\",\"name\":\"Buy Ketamine Powder High-Purity for Research | FRCS Research\",\"isPartOf\":{\"@id\":\"https:\/\/frcs-research.com\/#website\"},\"primaryImageOfPage\":{\"@id\":\"https:\/\/frcs-research.com\/product\/buy-ketamine-powder\/#primaryimage\"},\"image\":{\"@id\":\"https:\/\/frcs-research.com\/product\/buy-ketamine-powder\/#primaryimage\"},\"thumbnailUrl\":\"https:\/\/frcs-research.com\/wp-content\/uploads\/2024\/10\/OIP.jpg\",\"datePublished\":\"2024-10-12T22:10:25+00:00\",\"dateModified\":\"2026-04-05T01:12:35+00:00\",\"description\":\"Buy ketamine powder for research at FRCS Research. Ideal for studying neuroplasticity and chronic pain treatment. Secure online ordering and discreet shipping available.\",\"breadcrumb\":{\"@id\":\"https:\/\/frcs-research.com\/product\/buy-ketamine-powder\/#breadcrumb\"},\"inLanguage\":\"es\",\"potentialAction\":[{\"@type\":\"ReadAction\",\"target\":[\"https:\/\/frcs-research.com\/product\/buy-ketamine-powder\/\"]}]},{\"@type\":\"ImageObject\",\"inLanguage\":\"es\",\"@id\":\"https:\/\/frcs-research.com\/product\/buy-ketamine-powder\/#primaryimage\",\"url\":\"https:\/\/frcs-research.com\/wp-content\/uploads\/2024\/10\/OIP.jpg\",\"contentUrl\":\"https:\/\/frcs-research.com\/wp-content\/uploads\/2024\/10\/OIP.jpg\",\"width\":474,\"height\":283,\"caption\":\"Buy Ketamine Powder\"},{\"@type\":\"BreadcrumbList\",\"@id\":\"https:\/\/frcs-research.com\/product\/buy-ketamine-powder\/#breadcrumb\",\"itemListElement\":[{\"@type\":\"ListItem\",\"position\":1,\"name\":\"Home\",\"item\":\"https:\/\/frcs-research.com\/\"},{\"@type\":\"ListItem\",\"position\":2,\"name\":\"Shop\",\"item\":\"https:\/\/frcs-research.com\/shop\/\"},{\"@type\":\"ListItem\",\"position\":3,\"name\":\"Ketamine 1kg\"}]},{\"@type\":\"WebSite\",\"@id\":\"https:\/\/frcs-research.com\/#website\",\"url\":\"https:\/\/frcs-research.com\/\",\"name\":\"wholesale supplier of research chemicals, 4mmc, 3mmc, MDPHP, Alpha PVP and more\",\"description\":\"Wholesale research chemicals\",\"potentialAction\":[{\"@type\":\"SearchAction\",\"target\":{\"@type\":\"EntryPoint\",\"urlTemplate\":\"https:\/\/frcs-research.com\/?s={search_term_string}\"},\"query-input\":{\"@type\":\"PropertyValueSpecification\",\"valueRequired\":true,\"valueName\":\"search_term_string\"}}],\"inLanguage\":\"es\"}]}<\/script>\n<meta property=\"product:price:amount\" content=\"5300.00\" \/>\n<meta property=\"product:price:currency\" content=\"EUR\" \/>\n<meta property=\"og:availability\" content=\"instock\" \/>\n<meta property=\"product:availability\" content=\"instock\" \/>\n<meta property=\"product:condition\" content=\"new\" \/>\n<!-- \/ Yoast SEO plugin. -->","yoast_head_json":{"title":"Compre ketamina en polvo de alta pureza para investigaci\u00f3n | Investigaci\u00f3n de FRCS","description":"Compre ketamina en polvo para investigaci\u00f3n en FRCS Research. Ideal para estudiar la neuroplasticidad y el tratamiento del dolor cr\u00f3nico. Pedidos en l\u00ednea seguros y env\u00edo discreto disponibles.","robots":{"index":"index","follow":"follow","max-snippet":"max-snippet:-1","max-image-preview":"max-image-preview:large","max-video-preview":"max-video-preview:-1"},"canonical":"https:\/\/frcs-research.com\/es\/product\/comprar-ketamina-en-polvo\/","og_locale":"es_ES","og_type":"article","og_title":"Buy Ketamine Powder High-Purity for Research | FRCS Research","og_description":"Buy ketamine powder for research at FRCS Research. Ideal for studying neuroplasticity and chronic pain treatment. Secure online ordering and discreet shipping available.","og_url":"https:\/\/frcs-research.com\/es\/product\/comprar-ketamina-en-polvo\/","og_site_name":"wholesale supplier of research chemicals, 4mmc, 3mmc, MDPHP, Alpha PVP and more","article_modified_time":"2026-04-05T01:12:35+00:00","og_image":[{"width":474,"height":283,"url":"https:\/\/frcs-research.com\/wp-content\/uploads\/2024\/10\/OIP.jpg","type":"image\/jpeg"}],"twitter_card":"summary_large_image","twitter_misc":{"Precio":"&euro;5,300.00","Disponibilidad":"Disponible"},"schema":{"@context":"https:\/\/schema.org","@graph":[{"@type":["WebPage","ItemPage"],"@id":"https:\/\/frcs-research.com\/product\/buy-ketamine-powder\/","url":"https:\/\/frcs-research.com\/product\/buy-ketamine-powder\/","name":"Compre ketamina en polvo de alta pureza para investigaci\u00f3n | Investigaci\u00f3n de FRCS","isPartOf":{"@id":"https:\/\/frcs-research.com\/#website"},"primaryImageOfPage":{"@id":"https:\/\/frcs-research.com\/product\/buy-ketamine-powder\/#primaryimage"},"image":{"@id":"https:\/\/frcs-research.com\/product\/buy-ketamine-powder\/#primaryimage"},"thumbnailUrl":"https:\/\/frcs-research.com\/wp-content\/uploads\/2024\/10\/OIP.jpg","datePublished":"2024-10-12T22:10:25+00:00","dateModified":"2026-04-05T01:12:35+00:00","description":"Compre ketamina en polvo para investigaci\u00f3n en FRCS Research. Ideal para estudiar la neuroplasticidad y el tratamiento del dolor cr\u00f3nico. Pedidos en l\u00ednea seguros y env\u00edo discreto disponibles.","breadcrumb":{"@id":"https:\/\/frcs-research.com\/product\/buy-ketamine-powder\/#breadcrumb"},"inLanguage":"es","potentialAction":[{"@type":"ReadAction","target":["https:\/\/frcs-research.com\/product\/buy-ketamine-powder\/"]}]},{"@type":"ImageObject","inLanguage":"es","@id":"https:\/\/frcs-research.com\/product\/buy-ketamine-powder\/#primaryimage","url":"https:\/\/frcs-research.com\/wp-content\/uploads\/2024\/10\/OIP.jpg","contentUrl":"https:\/\/frcs-research.com\/wp-content\/uploads\/2024\/10\/OIP.jpg","width":474,"height":283,"caption":"Buy Ketamine Powder"},{"@type":"BreadcrumbList","@id":"https:\/\/frcs-research.com\/product\/buy-ketamine-powder\/#breadcrumb","itemListElement":[{"@type":"ListItem","position":1,"name":"Home","item":"https:\/\/frcs-research.com\/"},{"@type":"ListItem","position":2,"name":"Shop","item":"https:\/\/frcs-research.com\/shop\/"},{"@type":"ListItem","position":3,"name":"Ketamine 1kg"}]},{"@type":"WebSite","@id":"https:\/\/frcs-research.com\/#website","url":"https:\/\/frcs-research.com\/","name":"Proveedor mayorista de productos qu\u00edmicos de investigaci\u00f3n, 4 mmc, 3 mmc, MDPHP, Alpha PVP y m\u00e1s","description":"Productos qu\u00edmicos de investigaci\u00f3n al por mayor","potentialAction":[{"@type":"SearchAction","target":{"@type":"EntryPoint","urlTemplate":"https:\/\/frcs-research.com\/?s={search_term_string}"},"query-input":{"@type":"PropertyValueSpecification","valueRequired":true,"valueName":"search_term_string"}}],"inLanguage":"es"}]},"product_price_amount":"5300.00","product_price_currency":"EUR","og_availability":"instock","product_availability":"instock","product_condition":"new"},"uagb_featured_image_src":{"full":["https:\/\/frcs-research.com\/wp-content\/uploads\/2024\/10\/OIP.jpg",474,283,false],"thumbnail":["https:\/\/frcs-research.com\/wp-content\/uploads\/2024\/10\/OIP-150x150.jpg",150,150,true],"medium":["https:\/\/frcs-research.com\/wp-content\/uploads\/2024\/10\/OIP-300x179.jpg",300,179,true],"medium_large":["https:\/\/frcs-research.com\/wp-content\/uploads\/2024\/10\/OIP.jpg",474,283,false],"large":["https:\/\/frcs-research.com\/wp-content\/uploads\/2024\/10\/OIP.jpg",474,283,false],"1536x1536":["https:\/\/frcs-research.com\/wp-content\/uploads\/2024\/10\/OIP.jpg",474,283,false],"2048x2048":["https:\/\/frcs-research.com\/wp-content\/uploads\/2024\/10\/OIP.jpg",474,283,false],"trp-custom-language-flag":["https:\/\/frcs-research.com\/wp-content\/uploads\/2024\/10\/OIP.jpg",18,12,false],"post-thumbnail":["https:\/\/frcs-research.com\/wp-content\/uploads\/2024\/10\/OIP.jpg",474,283,false],"elite-commerce-slider":["https:\/\/frcs-research.com\/wp-content\/uploads\/2024\/10\/OIP.jpg",474,283,false],"elite-commerce-hero":["https:\/\/frcs-research.com\/wp-content\/uploads\/2024\/10\/OIP.jpg",474,283,false],"elite-commerce-portfolio":["https:\/\/frcs-research.com\/wp-content\/uploads\/2024\/10\/OIP.jpg",400,239,false],"woocommerce_thumbnail":["https:\/\/frcs-research.com\/wp-content\/uploads\/2024\/10\/OIP-300x283.jpg",300,283,true],"woocommerce_single":["https:\/\/frcs-research.com\/wp-content\/uploads\/2024\/10\/OIP.jpg",474,283,false],"woocommerce_gallery_thumbnail":["https:\/\/frcs-research.com\/wp-content\/uploads\/2024\/10\/OIP-100x100.jpg",100,100,true]},"uagb_author_info":{"display_name":"Richard Wood","author_link":"https:\/\/frcs-research.com\/es\/author\/"},"uagb_comment_info":841,"uagb_excerpt":"Contact Us for Product Inquiry &euro;5,600.00 El precio original era: &euro;5,600.00.&euro;5,300.00El precio actual es: &euro;5,300.00.A\u00f1adir a la cesta &euro;5,600.00 El precio original era: &euro;5,600.00.&euro;5,300.00El precio actual es: &euro;5,300.00.A\u00f1adir a la cesta &hellip;&euro;5,600.00 El precio original era: &euro;5,600.00.&euro;5,300.00El precio actual es: &euro;5,300.00.A\u00f1adir a la cesta","_links":{"self":[{"href":"https:\/\/frcs-research.com\/es\/wp-json\/wp\/v2\/product\/735","targetHints":{"allow":["GET"]}}],"collection":[{"href":"https:\/\/frcs-research.com\/es\/wp-json\/wp\/v2\/product"}],"about":[{"href":"https:\/\/frcs-research.com\/es\/wp-json\/wp\/v2\/types\/product"}],"replies":[{"embeddable":true,"href":"https:\/\/frcs-research.com\/es\/wp-json\/wp\/v2\/comments?post=735"}],"wp:featuredmedia":[{"embeddable":true,"href":"https:\/\/frcs-research.com\/es\/wp-json\/wp\/v2\/media\/736"}],"wp:attachment":[{"href":"https:\/\/frcs-research.com\/es\/wp-json\/wp\/v2\/media?parent=735"}],"wp:term":[{"taxonomy":"product_brand","embeddable":true,"href":"https:\/\/frcs-research.com\/es\/wp-json\/wp\/v2\/product_brand?post=735"},{"taxonomy":"product_cat","embeddable":true,"href":"https:\/\/frcs-research.com\/es\/wp-json\/wp\/v2\/product_cat?post=735"},{"taxonomy":"product_tag","embeddable":true,"href":"https:\/\/frcs-research.com\/es\/wp-json\/wp\/v2\/product_tag?post=735"}],"curies":[{"name":"wp","href":"https:\/\/api.w.org\/{rel}","templated":true}]}}