{"id":751,"date":"2024-10-12T22:37:14","date_gmt":"2024-10-12T22:37:14","guid":{"rendered":"https:\/\/frcs-research.com\/?post_type=product&#038;p=751"},"modified":"2026-04-23T10:32:23","modified_gmt":"2026-04-23T10:32:23","slug":"comprar-dmt-en-linea","status":"publish","type":"product","link":"https:\/\/frcs-research.com\/es\/product\/comprar-dmt-en-linea\/","title":{"rendered":"N,N-Dimethyltryptamine (DMT) 1kg"},"content":{"rendered":"<h4>Comprar polvo de DMT para investigaci\u00f3n | Investigaci\u00f3n de FRCS<\/h4>\n<h4><\/h4>\n<p>Para aquellos que buscan <strong>comprar DMT en l\u00ednea<\/strong>, <strong>N,N-Dimetiltriptamina<\/strong> (DMT) es un potente compuesto psicod\u00e9lico conocido por sus efectos intensos y de corta duraci\u00f3n. Presente en diversas plantas, la DMT es conocida por inducir alteraciones profundas en la conciencia y la percepci\u00f3n.<\/p>\n<p>La DMT act\u00faa sobre los receptores de serotonina, lo que provoca experiencias caracterizadas por v\u00edvidas alucinaciones visuales y auditivas. Sus propiedades \u00fanicas han despertado el inter\u00e9s por explorar sus posibles beneficios terap\u00e9uticos, en particular en el tratamiento de la ansiedad y la depresi\u00f3n. A medida que se ampl\u00eda la investigaci\u00f3n sobre la DMT, la demanda de DMT de alta pureza para estudios cient\u00edficos sigue creciendo.<\/p>\n<p>En <strong>Investigaci\u00f3n del FRCS<\/strong>Ofrecemos polvo de DMT de alta calidad, espec\u00edficamente formulado para fines de investigaci\u00f3n. Nuestro DMT proviene de proveedores de confianza, lo que garantiza que recibir\u00e1 un producto que cumple con los m\u00e1s altos est\u00e1ndares de pureza y calidad.<\/p>\n<h4>Palabras clave: comprar DMT en l\u00ednea, comprar DMT en polvo, DMT de alta calidad para investigaci\u00f3n, productos qu\u00edmicos de investigaci\u00f3n DMT.<\/h4>\n<p>&nbsp;<\/p>\n<p>&nbsp;<\/p>","protected":false},"excerpt":{"rendered":"<p>Buy DMT Powder for Research | FRCS Research For those seeking to buy DMT online, N,N-Dimethyltryptamine (DMT) is a powerful psychedelic compound renowned for its intense and short-lived effects. Found&hellip;<\/p>\n<p class=\"product woocommerce add_to_cart_inline\" style=\"border:4px solid #ccc; padding: 12px;\"><del aria-hidden=\"true\"><span class=\"woocommerce-Price-amount amount\"><bdi><span class=\"woocommerce-Price-currencySymbol\">&euro;<\/span>6,000.00<\/bdi><\/span><\/del> <span class=\"screen-reader-text\" data-no-translation=\"\" data-trp-gettext=\"\">El precio original era: &euro;6,000.00.<\/span><ins aria-hidden=\"true\"><span class=\"woocommerce-Price-amount amount\"><bdi><span class=\"woocommerce-Price-currencySymbol\">&euro;<\/span>5,700.00<\/bdi><\/span><\/ins><span class=\"screen-reader-text\" data-no-translation=\"\" data-trp-gettext=\"\">El precio actual es: &euro;5,700.00.<\/span><a href=\"\/es\/wp-json\/wp\/v2\/product\/751?add-to-cart=751\" aria-describedby=\"woocommerce_loop_add_to_cart_link_describedby_751\" data-quantity=\"1\" class=\"button product_type_simple add_to_cart_button ajax_add_to_cart\" data-product_id=\"751\" data-product_sku=\"\" aria-label=\"A\u00f1adir al carrito: \u201cN,N-Dimethyltryptamine (DMT) 1kg\u201d\" rel=\"nofollow\" data-success_message=\"\u00abN,N-Dimethyltryptamine (DMT) 1kg\u00bb se ha a\u00f1adido a tu carrito\" data-no-translation=\"\" data-trp-gettext=\"\" data-no-translation-aria-label=\"\" data-no-translation-data-success_message=\"\">A\u00f1adir a la cesta<\/a>\t<span id=\"woocommerce_loop_add_to_cart_link_describedby_751\" class=\"screen-reader-text\"><br \/>\n\t\t\t<\/span><\/p>","protected":false},"featured_media":752,"comment_status":"open","ping_status":"closed","template":"","meta":{"_uag_custom_page_level_css":""},"product_brand":[],"product_cat":[29],"product_tag":[173,175,168,177,171,176,174,169,172,170],"class_list":{"0":"post-751","1":"product","2":"type-product","3":"status-publish","4":"has-post-thumbnail","6":"product_cat-psychedelics","7":"product_tag-best-place-to-buy-dmt","8":"product_tag-buy-dmt-in-the-usa","9":"product_tag-buy-dmt-online","10":"product_tag-buy-dmt-online-legally","11":"product_tag-dmt-for-sale","12":"product_tag-dmt-shipping","13":"product_tag-dmt-vendor","14":"product_tag-order-dmt-crystals","15":"product_tag-purchase-dmt-legally","16":"product_tag-where-to-buy-dmt","18":"first","19":"instock","20":"sale","21":"shipping-taxable","22":"purchasable","23":"product-type-simple"},"yoast_head":"<!-- This site is optimized with the Yoast SEO plugin v27.1.1 - https:\/\/yoast.com\/product\/yoast-seo-wordpress\/ -->\n<title>N,N-Dimethyltryptamine (DMT) 1kg - wholesale supplier of research chemicals, 4mmc, 3mmc, MDPHP, Alpha PVP and more<\/title>\n<meta name=\"description\" content=\"Buy DMT powder for research purposes at FRCS Research. Explore its potential therapeutic benefits with our high-quality product.\" \/>\n<meta name=\"robots\" content=\"index, follow, max-snippet:-1, max-image-preview:large, max-video-preview:-1\" \/>\n<link rel=\"canonical\" href=\"https:\/\/frcs-research.com\/es\/product\/comprar-dmt-en-linea\/\" \/>\n<meta property=\"og:locale\" content=\"es_ES\" \/>\n<meta property=\"og:type\" content=\"article\" \/>\n<meta property=\"og:title\" content=\"N,N-Dimethyltryptamine (DMT) 1kg - wholesale supplier of research chemicals, 4mmc, 3mmc, MDPHP, Alpha PVP and more\" \/>\n<meta property=\"og:description\" content=\"Buy DMT powder for research purposes at FRCS Research. Explore its potential therapeutic benefits with our high-quality product.\" \/>\n<meta property=\"og:url\" content=\"https:\/\/frcs-research.com\/es\/product\/comprar-dmt-en-linea\/\" \/>\n<meta property=\"og:site_name\" content=\"wholesale supplier of research chemicals, 4mmc, 3mmc, MDPHP, Alpha PVP and more\" \/>\n<meta property=\"article:modified_time\" content=\"2026-04-23T10:32:23+00:00\" \/>\n<meta property=\"og:image\" content=\"https:\/\/frcs-research.com\/wp-content\/uploads\/2024\/10\/zircon-sand-500x500-1.webp\" \/>\n\t<meta property=\"og:image:width\" content=\"500\" \/>\n\t<meta property=\"og:image:height\" content=\"500\" \/>\n\t<meta property=\"og:image:type\" content=\"image\/webp\" \/>\n<meta name=\"twitter:card\" content=\"summary_large_image\" \/>\n<meta name=\"twitter:label1\" content=\"Precio\" \/>\n\t<meta name=\"twitter:data1\" content=\"&euro;5,700.00\" \/>\n\t<meta name=\"twitter:label2\" content=\"Disponibilidad\" \/>\n\t<meta name=\"twitter:data2\" content=\"Disponible\" \/>\n<script type=\"application\/ld+json\" class=\"yoast-schema-graph\">{\"@context\":\"https:\/\/schema.org\",\"@graph\":[{\"@type\":[\"WebPage\",\"ItemPage\"],\"@id\":\"https:\/\/frcs-research.com\/product\/buy-dmt-online\/\",\"url\":\"https:\/\/frcs-research.com\/product\/buy-dmt-online\/\",\"name\":\"N,N-Dimethyltryptamine (DMT) 1kg - wholesale supplier of research chemicals, 4mmc, 3mmc, MDPHP, Alpha PVP and more\",\"isPartOf\":{\"@id\":\"https:\/\/frcs-research.com\/#website\"},\"primaryImageOfPage\":{\"@id\":\"https:\/\/frcs-research.com\/product\/buy-dmt-online\/#primaryimage\"},\"image\":{\"@id\":\"https:\/\/frcs-research.com\/product\/buy-dmt-online\/#primaryimage\"},\"thumbnailUrl\":\"https:\/\/frcs-research.com\/wp-content\/uploads\/2024\/10\/zircon-sand-500x500-1.webp\",\"datePublished\":\"2024-10-12T22:37:14+00:00\",\"dateModified\":\"2026-04-23T10:32:23+00:00\",\"description\":\"Buy DMT powder for research purposes at FRCS Research. Explore its potential therapeutic benefits with our high-quality product.\",\"breadcrumb\":{\"@id\":\"https:\/\/frcs-research.com\/product\/buy-dmt-online\/#breadcrumb\"},\"inLanguage\":\"es\",\"potentialAction\":[{\"@type\":\"ReadAction\",\"target\":[\"https:\/\/frcs-research.com\/product\/buy-dmt-online\/\"]}]},{\"@type\":\"ImageObject\",\"inLanguage\":\"es\",\"@id\":\"https:\/\/frcs-research.com\/product\/buy-dmt-online\/#primaryimage\",\"url\":\"https:\/\/frcs-research.com\/wp-content\/uploads\/2024\/10\/zircon-sand-500x500-1.webp\",\"contentUrl\":\"https:\/\/frcs-research.com\/wp-content\/uploads\/2024\/10\/zircon-sand-500x500-1.webp\",\"width\":500,\"height\":500,\"caption\":\"buy DMT online\"},{\"@type\":\"BreadcrumbList\",\"@id\":\"https:\/\/frcs-research.com\/product\/buy-dmt-online\/#breadcrumb\",\"itemListElement\":[{\"@type\":\"ListItem\",\"position\":1,\"name\":\"Home\",\"item\":\"https:\/\/frcs-research.com\/\"},{\"@type\":\"ListItem\",\"position\":2,\"name\":\"Shop\",\"item\":\"https:\/\/frcs-research.com\/shop\/\"},{\"@type\":\"ListItem\",\"position\":3,\"name\":\"N,N-Dimethyltryptamine (DMT) 1kg\"}]},{\"@type\":\"WebSite\",\"@id\":\"https:\/\/frcs-research.com\/#website\",\"url\":\"https:\/\/frcs-research.com\/\",\"name\":\"wholesale supplier of research chemicals, 4mmc, 3mmc, MDPHP, Alpha PVP and more\",\"description\":\"Wholesale research chemicals\",\"potentialAction\":[{\"@type\":\"SearchAction\",\"target\":{\"@type\":\"EntryPoint\",\"urlTemplate\":\"https:\/\/frcs-research.com\/?s={search_term_string}\"},\"query-input\":{\"@type\":\"PropertyValueSpecification\",\"valueRequired\":true,\"valueName\":\"search_term_string\"}}],\"inLanguage\":\"es\"}]}<\/script>\n<meta property=\"product:price:amount\" content=\"5700.00\" \/>\n<meta property=\"product:price:currency\" content=\"EUR\" \/>\n<meta property=\"og:availability\" content=\"instock\" \/>\n<meta property=\"product:availability\" content=\"instock\" \/>\n<meta property=\"product:condition\" content=\"new\" \/>\n<!-- \/ Yoast SEO plugin. -->","yoast_head_json":{"title":"N,N-Dimethyltryptamine (DMT) 1kg - wholesale supplier of research chemicals, 4mmc, 3mmc, MDPHP, Alpha PVP and more","description":"Compre polvo de DMT para fines de investigaci\u00f3n en FRCS Research. Explore sus posibles beneficios terap\u00e9uticos con nuestro producto de alta calidad.","robots":{"index":"index","follow":"follow","max-snippet":"max-snippet:-1","max-image-preview":"max-image-preview:large","max-video-preview":"max-video-preview:-1"},"canonical":"https:\/\/frcs-research.com\/es\/product\/comprar-dmt-en-linea\/","og_locale":"es_ES","og_type":"article","og_title":"N,N-Dimethyltryptamine (DMT) 1kg - wholesale supplier of research chemicals, 4mmc, 3mmc, MDPHP, Alpha PVP and more","og_description":"Buy DMT powder for research purposes at FRCS Research. Explore its potential therapeutic benefits with our high-quality product.","og_url":"https:\/\/frcs-research.com\/es\/product\/comprar-dmt-en-linea\/","og_site_name":"wholesale supplier of research chemicals, 4mmc, 3mmc, MDPHP, Alpha PVP and more","article_modified_time":"2026-04-23T10:32:23+00:00","og_image":[{"width":500,"height":500,"url":"https:\/\/frcs-research.com\/wp-content\/uploads\/2024\/10\/zircon-sand-500x500-1.webp","type":"image\/webp"}],"twitter_card":"summary_large_image","twitter_misc":{"Precio":"&euro;5,700.00","Disponibilidad":"Disponible"},"schema":{"@context":"https:\/\/schema.org","@graph":[{"@type":["WebPage","ItemPage"],"@id":"https:\/\/frcs-research.com\/product\/buy-dmt-online\/","url":"https:\/\/frcs-research.com\/product\/buy-dmt-online\/","name":"N,N-Dimethyltryptamine (DMT) 1kg - wholesale supplier of research chemicals, 4mmc, 3mmc, MDPHP, Alpha PVP and more","isPartOf":{"@id":"https:\/\/frcs-research.com\/#website"},"primaryImageOfPage":{"@id":"https:\/\/frcs-research.com\/product\/buy-dmt-online\/#primaryimage"},"image":{"@id":"https:\/\/frcs-research.com\/product\/buy-dmt-online\/#primaryimage"},"thumbnailUrl":"https:\/\/frcs-research.com\/wp-content\/uploads\/2024\/10\/zircon-sand-500x500-1.webp","datePublished":"2024-10-12T22:37:14+00:00","dateModified":"2026-04-23T10:32:23+00:00","description":"Compre polvo de DMT para fines de investigaci\u00f3n en FRCS Research. Explore sus posibles beneficios terap\u00e9uticos con nuestro producto de alta calidad.","breadcrumb":{"@id":"https:\/\/frcs-research.com\/product\/buy-dmt-online\/#breadcrumb"},"inLanguage":"es","potentialAction":[{"@type":"ReadAction","target":["https:\/\/frcs-research.com\/product\/buy-dmt-online\/"]}]},{"@type":"ImageObject","inLanguage":"es","@id":"https:\/\/frcs-research.com\/product\/buy-dmt-online\/#primaryimage","url":"https:\/\/frcs-research.com\/wp-content\/uploads\/2024\/10\/zircon-sand-500x500-1.webp","contentUrl":"https:\/\/frcs-research.com\/wp-content\/uploads\/2024\/10\/zircon-sand-500x500-1.webp","width":500,"height":500,"caption":"buy DMT online"},{"@type":"BreadcrumbList","@id":"https:\/\/frcs-research.com\/product\/buy-dmt-online\/#breadcrumb","itemListElement":[{"@type":"ListItem","position":1,"name":"Home","item":"https:\/\/frcs-research.com\/"},{"@type":"ListItem","position":2,"name":"Shop","item":"https:\/\/frcs-research.com\/shop\/"},{"@type":"ListItem","position":3,"name":"N,N-Dimethyltryptamine (DMT) 1kg"}]},{"@type":"WebSite","@id":"https:\/\/frcs-research.com\/#website","url":"https:\/\/frcs-research.com\/","name":"Proveedor mayorista de productos qu\u00edmicos de investigaci\u00f3n, 4 mmc, 3 mmc, MDPHP, Alpha PVP y m\u00e1s","description":"Productos qu\u00edmicos de investigaci\u00f3n al por mayor","potentialAction":[{"@type":"SearchAction","target":{"@type":"EntryPoint","urlTemplate":"https:\/\/frcs-research.com\/?s={search_term_string}"},"query-input":{"@type":"PropertyValueSpecification","valueRequired":true,"valueName":"search_term_string"}}],"inLanguage":"es"}]},"product_price_amount":"5700.00","product_price_currency":"EUR","og_availability":"instock","product_availability":"instock","product_condition":"new"},"uagb_featured_image_src":{"full":["https:\/\/frcs-research.com\/wp-content\/uploads\/2024\/10\/zircon-sand-500x500-1.webp",500,500,false],"thumbnail":["https:\/\/frcs-research.com\/wp-content\/uploads\/2024\/10\/zircon-sand-500x500-1-150x150.webp",150,150,true],"medium":["https:\/\/frcs-research.com\/wp-content\/uploads\/2024\/10\/zircon-sand-500x500-1-300x300.webp",300,300,true],"medium_large":["https:\/\/frcs-research.com\/wp-content\/uploads\/2024\/10\/zircon-sand-500x500-1.webp",500,500,false],"large":["https:\/\/frcs-research.com\/wp-content\/uploads\/2024\/10\/zircon-sand-500x500-1.webp",500,500,false],"1536x1536":["https:\/\/frcs-research.com\/wp-content\/uploads\/2024\/10\/zircon-sand-500x500-1.webp",500,500,false],"2048x2048":["https:\/\/frcs-research.com\/wp-content\/uploads\/2024\/10\/zircon-sand-500x500-1.webp",500,500,false],"trp-custom-language-flag":["https:\/\/frcs-research.com\/wp-content\/uploads\/2024\/10\/zircon-sand-500x500-1.webp",12,12,false],"post-thumbnail":["https:\/\/frcs-research.com\/wp-content\/uploads\/2024\/10\/zircon-sand-500x500-1.webp",500,500,false],"elite-commerce-slider":["https:\/\/frcs-research.com\/wp-content\/uploads\/2024\/10\/zircon-sand-500x500-1.webp",500,500,false],"elite-commerce-hero":["https:\/\/frcs-research.com\/wp-content\/uploads\/2024\/10\/zircon-sand-500x500-1.webp",500,500,false],"elite-commerce-portfolio":["https:\/\/frcs-research.com\/wp-content\/uploads\/2024\/10\/zircon-sand-500x500-1.webp",400,400,false],"woocommerce_thumbnail":["https:\/\/frcs-research.com\/wp-content\/uploads\/2024\/10\/zircon-sand-500x500-1-300x300.webp",300,300,true],"woocommerce_single":["https:\/\/frcs-research.com\/wp-content\/uploads\/2024\/10\/zircon-sand-500x500-1.webp",500,500,false],"woocommerce_gallery_thumbnail":["https:\/\/frcs-research.com\/wp-content\/uploads\/2024\/10\/zircon-sand-500x500-1-100x100.webp",100,100,true]},"uagb_author_info":{"display_name":"Richard Wood","author_link":"https:\/\/frcs-research.com\/es\/author\/"},"uagb_comment_info":760,"uagb_excerpt":"Buy DMT Powder for Research | FRCS Research For those seeking to buy DMT online, N,N-Dimethyltryptamine (DMT) is a powerful psychedelic compound renowned for its intense and short-lived effects. Found&hellip;&euro;6,000.00 El precio original era: &euro;6,000.00.&euro;5,700.00El precio actual es: &euro;5,700.00.A\u00f1adir a la cesta","_links":{"self":[{"href":"https:\/\/frcs-research.com\/es\/wp-json\/wp\/v2\/product\/751","targetHints":{"allow":["GET"]}}],"collection":[{"href":"https:\/\/frcs-research.com\/es\/wp-json\/wp\/v2\/product"}],"about":[{"href":"https:\/\/frcs-research.com\/es\/wp-json\/wp\/v2\/types\/product"}],"replies":[{"embeddable":true,"href":"https:\/\/frcs-research.com\/es\/wp-json\/wp\/v2\/comments?post=751"}],"wp:featuredmedia":[{"embeddable":true,"href":"https:\/\/frcs-research.com\/es\/wp-json\/wp\/v2\/media\/752"}],"wp:attachment":[{"href":"https:\/\/frcs-research.com\/es\/wp-json\/wp\/v2\/media?parent=751"}],"wp:term":[{"taxonomy":"product_brand","embeddable":true,"href":"https:\/\/frcs-research.com\/es\/wp-json\/wp\/v2\/product_brand?post=751"},{"taxonomy":"product_cat","embeddable":true,"href":"https:\/\/frcs-research.com\/es\/wp-json\/wp\/v2\/product_cat?post=751"},{"taxonomy":"product_tag","embeddable":true,"href":"https:\/\/frcs-research.com\/es\/wp-json\/wp\/v2\/product_tag?post=751"}],"curies":[{"name":"wp","href":"https:\/\/api.w.org\/{rel}","templated":true}]}}