{"id":753,"date":"2024-10-12T22:39:09","date_gmt":"2024-10-12T22:39:09","guid":{"rendered":"https:\/\/frcs-research.com\/?post_type=product&#038;p=753"},"modified":"2026-04-03T06:02:26","modified_gmt":"2026-04-03T06:02:26","slug":"comprar-2c-b-en-polvo","status":"publish","type":"product","link":"https:\/\/frcs-research.com\/es\/product\/comprar-2c-b-en-polvo\/","title":{"rendered":"2C-B (4-Bromo-2,5-dimethoxyphenethylamine) 50g"},"content":{"rendered":"<h4>Compre polvo de 2C-B en l\u00ednea para investigaci\u00f3n | Investigaci\u00f3n de FRCS<\/h4>\n<h4><\/h4>\n<p>Si est\u00e1s interesado en <strong>Comprar 2C-B en l\u00ednea<\/strong>, <strong>2C-B<\/strong> es un psicod\u00e9lico sint\u00e9tico conocido por su combinaci\u00f3n \u00fanica de efectos alucin\u00f3genos y entact\u00f3genos. Desarrollado originalmente en la d\u00e9cada de 1970, el 2C-B ha ganado popularidad por sus posibles aplicaciones terap\u00e9uticas y se estudia com\u00fanmente en entornos cl\u00ednicos.<\/p>\n<table>\n<thead>\n<tr>\n<th><strong>Propiedad<\/strong><\/th>\n<th><strong>Especificaci\u00f3n<\/strong><\/th>\n<\/tr>\n<\/thead>\n<tbody>\n<tr>\n<td><strong>Nombre qu\u00edmico<\/strong><\/td>\n<td>2,5-Dimetoxi-4-bromofenetilamina<\/td>\n<\/tr>\n<tr>\n<td><strong>F\u00f3rmula molecular<\/strong><\/td>\n<td>C\u2081\u2080H\u2081\u2084BrNO\u2082<\/td>\n<\/tr>\n<tr>\n<td><strong>Peso molecular<\/strong><\/td>\n<td>260,13 g\/mol<\/td>\n<\/tr>\n<tr>\n<td><strong>Apariencia<\/strong><\/td>\n<td>Generalmente se encuentra como un polvo cristalino blanco o blanquecino o en tabletas prensadas.<\/td>\n<\/tr>\n<tr>\n<td><strong>Solubilidad<\/strong><\/td>\n<td>Soluble en etanol y otros disolventes org\u00e1nicos polares; solubilidad limitada en agua.<\/td>\n<\/tr>\n<tr>\n<td><strong>Punto de fusi\u00f3n<\/strong><\/td>\n<td>Aproximadamente 238-240\u00b0C<\/td>\n<\/tr>\n<tr>\n<td><strong>Estructura qu\u00edmica<\/strong><\/td>\n<td>Cadena principal de fenetilamina con bromo unido al anillo de benceno en la posici\u00f3n 4 y dos grupos metoxi en las posiciones 2 y 5<\/td>\n<\/tr>\n<tr>\n<td><strong>Mecanismo de acci\u00f3n<\/strong><\/td>\n<td>Act\u00faa como un <strong>agonista parcial<\/strong> en <strong>5-HT\u2082A<\/strong> y <strong>Receptores 5-HT\u2082C<\/strong>, con efectos adicionales sobre los receptores de dopamina<\/td>\n<\/tr>\n<tr>\n<td><strong>Efectos<\/strong><\/td>\n<td>Alucinaciones visuales de leves a moderadas, intensificaci\u00f3n de colores y sonidos, euforia, efectos empat\u00f3genos, percepci\u00f3n alterada del espacio y el tiempo.<\/td>\n<\/tr>\n<tr>\n<td><strong>Inicio de los efectos<\/strong><\/td>\n<td>T\u00edpicamente <strong>20-90 minutos<\/strong> cuando se toma por v\u00eda oral<\/td>\n<\/tr>\n<tr>\n<td><strong>Duraci\u00f3n de los efectos<\/strong><\/td>\n<td>Apenas <strong>4-8 horas<\/strong>, dependiendo de la dosis y de factores individuales<\/td>\n<\/tr>\n<tr>\n<td><strong>Rango de dosis<\/strong><\/td>\n<td>La dosis oral com\u00fan var\u00eda de <strong>10-25 mg<\/strong>; los efectos var\u00edan significativamente seg\u00fan la dosis<\/td>\n<\/tr>\n<tr>\n<td><strong>Seguridad y efectos secundarios<\/strong><\/td>\n<td>Los posibles efectos secundarios incluyen n\u00e1useas, ansiedad, taquicardia, sudoraci\u00f3n y confusi\u00f3n; las dosis m\u00e1s altas aumentan el riesgo de efectos adversos.<\/td>\n<\/tr>\n<tr>\n<td><strong>Estatus legal<\/strong><\/td>\n<td>Clasificado como un <strong>Sustancia de la Lista I<\/strong> en muchos pa\u00edses, pero la legalidad var\u00eda globalmente<\/td>\n<\/tr>\n<\/tbody>\n<\/table>\n<p>Las investigaciones indican que el 2C-B puede mejorar las conexiones emocionales y aumentar la percepci\u00f3n sensorial, lo que lo convierte en un tema interesante tanto para psic\u00f3logos como para investigadores. Sus efectos suelen ser m\u00e1s leves que los de otros psicod\u00e9licos, lo que contribuye a su atractivo en entornos terap\u00e9uticos.<\/p>\n<p>En <strong>Investigaci\u00f3n del FRCS<\/strong>Ofrecemos polvo 2C-B de alta calidad, adecuado para la investigaci\u00f3n y el an\u00e1lisis cient\u00edficos. Nuestro compromiso con la pureza garantiza que reciba un producto perfecto para sus estudios sobre los efectos de los psicod\u00e9licos.<\/p>\n<p>&nbsp;<\/p>","protected":false},"excerpt":{"rendered":"<p>Buy 2C-B Powder Online for Research | FRCS Research If you&#8217;re interested in buying 2C-B online, 2C-B is a synthetic psychedelic known for its unique combination of hallucinogenic and entactogenic&hellip;<\/p>\n<p class=\"product woocommerce add_to_cart_inline\" style=\"border:4px solid #ccc; padding: 12px;\"><del aria-hidden=\"true\"><span class=\"woocommerce-Price-amount amount\"><bdi><span class=\"woocommerce-Price-currencySymbol\">&euro;<\/span>260.00<\/bdi><\/span><\/del> <span class=\"screen-reader-text\" data-no-translation=\"\" data-trp-gettext=\"\">El precio original era: &euro;260.00.<\/span><ins aria-hidden=\"true\"><span class=\"woocommerce-Price-amount amount\"><bdi><span class=\"woocommerce-Price-currencySymbol\">&euro;<\/span>250.00<\/bdi><\/span><\/ins><span class=\"screen-reader-text\" data-no-translation=\"\" data-trp-gettext=\"\">El precio actual es: &euro;250.00.<\/span><a href=\"\/es\/wp-json\/wp\/v2\/product\/753?add-to-cart=753\" aria-describedby=\"woocommerce_loop_add_to_cart_link_describedby_753\" data-quantity=\"1\" class=\"button product_type_simple add_to_cart_button ajax_add_to_cart\" data-product_id=\"753\" data-product_sku=\"\" aria-label=\"A\u00f1adir al carrito: \u201c2C-B (4-Bromo-2,5-dimethoxyphenethylamine) 50g\u201d\" rel=\"nofollow\" data-success_message=\"\u00ab2C-B (4-Bromo-2,5-dimethoxyphenethylamine) 50g\u00bb se ha a\u00f1adido a tu carrito\" data-no-translation=\"\" data-trp-gettext=\"\" data-no-translation-aria-label=\"\" data-no-translation-data-success_message=\"\">A\u00f1adir a la cesta<\/a>\t<span id=\"woocommerce_loop_add_to_cart_link_describedby_753\" class=\"screen-reader-text\"><br \/>\n\t\t\t<\/span><\/p>","protected":false},"featured_media":754,"comment_status":"open","ping_status":"closed","template":"","meta":{"_uag_custom_page_level_css":""},"product_brand":[],"product_cat":[29],"product_tag":[108,103,102,101,110,106,109,107,105,104],"class_list":{"0":"post-753","1":"product","2":"type-product","3":"status-publish","4":"has-post-thumbnail","6":"product_cat-psychedelics","7":"product_tag-108","8":"product_tag-2c-b-crystal","9":"product_tag-2c-b-powder","10":"product_tag-2c-b-fly","11":"product_tag-2c-bromine","12":"product_tag-4-bromo-2","13":"product_tag-5-dimethoxy-4-bromophenethylamine","14":"product_tag-5-dimethoxyphenethylamine","15":"product_tag-pink-champagne","16":"product_tag-psychedelic-phenethylamine","18":"first","19":"instock","20":"sale","21":"shipping-taxable","22":"purchasable","23":"product-type-simple"},"yoast_head":"<!-- This site is optimized with the Yoast SEO plugin v27.1.1 - https:\/\/yoast.com\/product\/yoast-seo-wordpress\/ -->\n<title>Buy 2C-B Powder Online for Research | FRCS Research<\/title>\n<meta name=\"description\" content=\"Order 2C-B powder online from FRCS Research for your research needs. Discover its unique effects in therapeutic applications. Fast, secure shipping available\" \/>\n<meta name=\"robots\" content=\"index, follow, max-snippet:-1, max-image-preview:large, max-video-preview:-1\" \/>\n<link rel=\"canonical\" href=\"https:\/\/frcs-research.com\/es\/product\/comprar-2c-b-en-polvo\/\" \/>\n<meta property=\"og:locale\" content=\"es_ES\" \/>\n<meta property=\"og:type\" content=\"article\" \/>\n<meta property=\"og:title\" content=\"Buy 2C-B Powder Online for Research | FRCS Research\" \/>\n<meta property=\"og:description\" content=\"Order 2C-B powder online from FRCS Research for your research needs. Discover its unique effects in therapeutic applications. Fast, secure shipping available\" \/>\n<meta property=\"og:url\" content=\"https:\/\/frcs-research.com\/es\/product\/comprar-2c-b-en-polvo\/\" \/>\n<meta property=\"og:site_name\" content=\"wholesale supplier of research chemicals, 4mmc, 3mmc, MDPHP, Alpha PVP and more\" \/>\n<meta property=\"article:modified_time\" content=\"2026-04-03T06:02:26+00:00\" \/>\n<meta property=\"og:image\" content=\"https:\/\/frcs-research.com\/wp-content\/uploads\/2024\/10\/R.jpg\" \/>\n\t<meta property=\"og:image:width\" content=\"524\" \/>\n\t<meta property=\"og:image:height\" content=\"424\" \/>\n\t<meta property=\"og:image:type\" content=\"image\/jpeg\" \/>\n<meta name=\"twitter:card\" content=\"summary_large_image\" \/>\n<meta name=\"twitter:label1\" content=\"Precio\" \/>\n\t<meta name=\"twitter:data1\" content=\"&euro;250.00\" \/>\n\t<meta name=\"twitter:label2\" content=\"Disponibilidad\" \/>\n\t<meta name=\"twitter:data2\" content=\"Disponible\" \/>\n<script type=\"application\/ld+json\" class=\"yoast-schema-graph\">{\"@context\":\"https:\/\/schema.org\",\"@graph\":[{\"@type\":[\"WebPage\",\"ItemPage\"],\"@id\":\"https:\/\/frcs-research.com\/product\/buy-2c-b-powder\/\",\"url\":\"https:\/\/frcs-research.com\/product\/buy-2c-b-powder\/\",\"name\":\"Buy 2C-B Powder Online for Research | FRCS Research\",\"isPartOf\":{\"@id\":\"https:\/\/frcs-research.com\/#website\"},\"primaryImageOfPage\":{\"@id\":\"https:\/\/frcs-research.com\/product\/buy-2c-b-powder\/#primaryimage\"},\"image\":{\"@id\":\"https:\/\/frcs-research.com\/product\/buy-2c-b-powder\/#primaryimage\"},\"thumbnailUrl\":\"https:\/\/frcs-research.com\/wp-content\/uploads\/2024\/10\/R.jpg\",\"datePublished\":\"2024-10-12T22:39:09+00:00\",\"dateModified\":\"2026-04-03T06:02:26+00:00\",\"description\":\"Order 2C-B powder online from FRCS Research for your research needs. Discover its unique effects in therapeutic applications. Fast, secure shipping available\",\"breadcrumb\":{\"@id\":\"https:\/\/frcs-research.com\/product\/buy-2c-b-powder\/#breadcrumb\"},\"inLanguage\":\"es\",\"potentialAction\":[{\"@type\":\"ReadAction\",\"target\":[\"https:\/\/frcs-research.com\/product\/buy-2c-b-powder\/\"]}]},{\"@type\":\"ImageObject\",\"inLanguage\":\"es\",\"@id\":\"https:\/\/frcs-research.com\/product\/buy-2c-b-powder\/#primaryimage\",\"url\":\"https:\/\/frcs-research.com\/wp-content\/uploads\/2024\/10\/R.jpg\",\"contentUrl\":\"https:\/\/frcs-research.com\/wp-content\/uploads\/2024\/10\/R.jpg\",\"width\":524,\"height\":424,\"caption\":\"Buy 2C-B Powder\"},{\"@type\":\"BreadcrumbList\",\"@id\":\"https:\/\/frcs-research.com\/product\/buy-2c-b-powder\/#breadcrumb\",\"itemListElement\":[{\"@type\":\"ListItem\",\"position\":1,\"name\":\"Home\",\"item\":\"https:\/\/frcs-research.com\/\"},{\"@type\":\"ListItem\",\"position\":2,\"name\":\"Shop\",\"item\":\"https:\/\/frcs-research.com\/shop\/\"},{\"@type\":\"ListItem\",\"position\":3,\"name\":\"2C-B (4-Bromo-2,5-dimethoxyphenethylamine) 50g\"}]},{\"@type\":\"WebSite\",\"@id\":\"https:\/\/frcs-research.com\/#website\",\"url\":\"https:\/\/frcs-research.com\/\",\"name\":\"wholesale supplier of research chemicals, 4mmc, 3mmc, MDPHP, Alpha PVP and more\",\"description\":\"Wholesale research chemicals\",\"potentialAction\":[{\"@type\":\"SearchAction\",\"target\":{\"@type\":\"EntryPoint\",\"urlTemplate\":\"https:\/\/frcs-research.com\/?s={search_term_string}\"},\"query-input\":{\"@type\":\"PropertyValueSpecification\",\"valueRequired\":true,\"valueName\":\"search_term_string\"}}],\"inLanguage\":\"es\"}]}<\/script>\n<meta property=\"product:price:amount\" content=\"250.00\" \/>\n<meta property=\"product:price:currency\" content=\"EUR\" \/>\n<meta property=\"og:availability\" content=\"instock\" \/>\n<meta property=\"product:availability\" content=\"instock\" \/>\n<meta property=\"product:condition\" content=\"new\" \/>\n<!-- \/ Yoast SEO plugin. -->","yoast_head_json":{"title":"Compre polvo de 2C-B en l\u00ednea para investigaci\u00f3n | Investigaci\u00f3n de FRCS","description":"Pida en l\u00ednea el polvo 2C-B de FRCS Research para sus necesidades de investigaci\u00f3n. Descubra sus efectos \u00fanicos en aplicaciones terap\u00e9uticas. Env\u00edo r\u00e1pido y seguro disponible","robots":{"index":"index","follow":"follow","max-snippet":"max-snippet:-1","max-image-preview":"max-image-preview:large","max-video-preview":"max-video-preview:-1"},"canonical":"https:\/\/frcs-research.com\/es\/product\/comprar-2c-b-en-polvo\/","og_locale":"es_ES","og_type":"article","og_title":"Buy 2C-B Powder Online for Research | FRCS Research","og_description":"Order 2C-B powder online from FRCS Research for your research needs. Discover its unique effects in therapeutic applications. Fast, secure shipping available","og_url":"https:\/\/frcs-research.com\/es\/product\/comprar-2c-b-en-polvo\/","og_site_name":"wholesale supplier of research chemicals, 4mmc, 3mmc, MDPHP, Alpha PVP and more","article_modified_time":"2026-04-03T06:02:26+00:00","og_image":[{"width":524,"height":424,"url":"https:\/\/frcs-research.com\/wp-content\/uploads\/2024\/10\/R.jpg","type":"image\/jpeg"}],"twitter_card":"summary_large_image","twitter_misc":{"Precio":"&euro;250.00","Disponibilidad":"Disponible"},"schema":{"@context":"https:\/\/schema.org","@graph":[{"@type":["WebPage","ItemPage"],"@id":"https:\/\/frcs-research.com\/product\/buy-2c-b-powder\/","url":"https:\/\/frcs-research.com\/product\/buy-2c-b-powder\/","name":"Compre polvo de 2C-B en l\u00ednea para investigaci\u00f3n | Investigaci\u00f3n de FRCS","isPartOf":{"@id":"https:\/\/frcs-research.com\/#website"},"primaryImageOfPage":{"@id":"https:\/\/frcs-research.com\/product\/buy-2c-b-powder\/#primaryimage"},"image":{"@id":"https:\/\/frcs-research.com\/product\/buy-2c-b-powder\/#primaryimage"},"thumbnailUrl":"https:\/\/frcs-research.com\/wp-content\/uploads\/2024\/10\/R.jpg","datePublished":"2024-10-12T22:39:09+00:00","dateModified":"2026-04-03T06:02:26+00:00","description":"Pida en l\u00ednea el polvo 2C-B de FRCS Research para sus necesidades de investigaci\u00f3n. Descubra sus efectos \u00fanicos en aplicaciones terap\u00e9uticas. Env\u00edo r\u00e1pido y seguro disponible","breadcrumb":{"@id":"https:\/\/frcs-research.com\/product\/buy-2c-b-powder\/#breadcrumb"},"inLanguage":"es","potentialAction":[{"@type":"ReadAction","target":["https:\/\/frcs-research.com\/product\/buy-2c-b-powder\/"]}]},{"@type":"ImageObject","inLanguage":"es","@id":"https:\/\/frcs-research.com\/product\/buy-2c-b-powder\/#primaryimage","url":"https:\/\/frcs-research.com\/wp-content\/uploads\/2024\/10\/R.jpg","contentUrl":"https:\/\/frcs-research.com\/wp-content\/uploads\/2024\/10\/R.jpg","width":524,"height":424,"caption":"Buy 2C-B Powder"},{"@type":"BreadcrumbList","@id":"https:\/\/frcs-research.com\/product\/buy-2c-b-powder\/#breadcrumb","itemListElement":[{"@type":"ListItem","position":1,"name":"Home","item":"https:\/\/frcs-research.com\/"},{"@type":"ListItem","position":2,"name":"Shop","item":"https:\/\/frcs-research.com\/shop\/"},{"@type":"ListItem","position":3,"name":"2C-B (4-Bromo-2,5-dimethoxyphenethylamine) 50g"}]},{"@type":"WebSite","@id":"https:\/\/frcs-research.com\/#website","url":"https:\/\/frcs-research.com\/","name":"Proveedor mayorista de productos qu\u00edmicos de investigaci\u00f3n, 4 mmc, 3 mmc, MDPHP, Alpha PVP y m\u00e1s","description":"Productos qu\u00edmicos de investigaci\u00f3n al por mayor","potentialAction":[{"@type":"SearchAction","target":{"@type":"EntryPoint","urlTemplate":"https:\/\/frcs-research.com\/?s={search_term_string}"},"query-input":{"@type":"PropertyValueSpecification","valueRequired":true,"valueName":"search_term_string"}}],"inLanguage":"es"}]},"product_price_amount":"250.00","product_price_currency":"EUR","og_availability":"instock","product_availability":"instock","product_condition":"new"},"uagb_featured_image_src":{"full":["https:\/\/frcs-research.com\/wp-content\/uploads\/2024\/10\/R.jpg",524,424,false],"thumbnail":["https:\/\/frcs-research.com\/wp-content\/uploads\/2024\/10\/R-150x150.jpg",150,150,true],"medium":["https:\/\/frcs-research.com\/wp-content\/uploads\/2024\/10\/R-300x243.jpg",300,243,true],"medium_large":["https:\/\/frcs-research.com\/wp-content\/uploads\/2024\/10\/R.jpg",524,424,false],"large":["https:\/\/frcs-research.com\/wp-content\/uploads\/2024\/10\/R.jpg",524,424,false],"1536x1536":["https:\/\/frcs-research.com\/wp-content\/uploads\/2024\/10\/R.jpg",524,424,false],"2048x2048":["https:\/\/frcs-research.com\/wp-content\/uploads\/2024\/10\/R.jpg",524,424,false],"trp-custom-language-flag":["https:\/\/frcs-research.com\/wp-content\/uploads\/2024\/10\/R.jpg",15,12,false],"post-thumbnail":["https:\/\/frcs-research.com\/wp-content\/uploads\/2024\/10\/R.jpg",524,424,false],"elite-commerce-slider":["https:\/\/frcs-research.com\/wp-content\/uploads\/2024\/10\/R.jpg",524,424,false],"elite-commerce-hero":["https:\/\/frcs-research.com\/wp-content\/uploads\/2024\/10\/R.jpg",524,424,false],"elite-commerce-portfolio":["https:\/\/frcs-research.com\/wp-content\/uploads\/2024\/10\/R.jpg",400,324,false],"woocommerce_thumbnail":["https:\/\/frcs-research.com\/wp-content\/uploads\/2024\/10\/R-300x300.jpg",300,300,true],"woocommerce_single":["https:\/\/frcs-research.com\/wp-content\/uploads\/2024\/10\/R.jpg",524,424,false],"woocommerce_gallery_thumbnail":["https:\/\/frcs-research.com\/wp-content\/uploads\/2024\/10\/R-100x100.jpg",100,100,true]},"uagb_author_info":{"display_name":"Richard Wood","author_link":"https:\/\/frcs-research.com\/es\/author\/"},"uagb_comment_info":779,"uagb_excerpt":"Buy 2C-B Powder Online for Research | FRCS Research If you&#8217;re interested in buying 2C-B online, 2C-B is a synthetic psychedelic known for its unique combination of hallucinogenic and entactogenic&hellip;&euro;260.00 El precio original era: &euro;260.00.&euro;250.00El precio actual es: &euro;250.00.A\u00f1adir a la cesta","_links":{"self":[{"href":"https:\/\/frcs-research.com\/es\/wp-json\/wp\/v2\/product\/753","targetHints":{"allow":["GET"]}}],"collection":[{"href":"https:\/\/frcs-research.com\/es\/wp-json\/wp\/v2\/product"}],"about":[{"href":"https:\/\/frcs-research.com\/es\/wp-json\/wp\/v2\/types\/product"}],"replies":[{"embeddable":true,"href":"https:\/\/frcs-research.com\/es\/wp-json\/wp\/v2\/comments?post=753"}],"wp:featuredmedia":[{"embeddable":true,"href":"https:\/\/frcs-research.com\/es\/wp-json\/wp\/v2\/media\/754"}],"wp:attachment":[{"href":"https:\/\/frcs-research.com\/es\/wp-json\/wp\/v2\/media?parent=753"}],"wp:term":[{"taxonomy":"product_brand","embeddable":true,"href":"https:\/\/frcs-research.com\/es\/wp-json\/wp\/v2\/product_brand?post=753"},{"taxonomy":"product_cat","embeddable":true,"href":"https:\/\/frcs-research.com\/es\/wp-json\/wp\/v2\/product_cat?post=753"},{"taxonomy":"product_tag","embeddable":true,"href":"https:\/\/frcs-research.com\/es\/wp-json\/wp\/v2\/product_tag?post=753"}],"curies":[{"name":"wp","href":"https:\/\/api.w.org\/{rel}","templated":true}]}}