{"id":807,"date":"2024-10-13T09:49:18","date_gmt":"2024-10-13T09:49:18","guid":{"rendered":"https:\/\/frcs-research.com\/?post_type=product&#038;p=807"},"modified":"2026-04-05T22:22:36","modified_gmt":"2026-04-05T22:22:36","slug":"comprar-spray-diablo-k2","status":"publish","type":"product","link":"https:\/\/frcs-research.com\/es\/product\/comprar-spray-diablo-k2\/","title":{"rendered":"Aerosol Diablo K2"},"content":{"rendered":"<h1><strong>Compre Diablo K2 Spray en l\u00ednea: el spray K2 m\u00e1s potente a la venta en FRCSResearch<\/strong><\/h1>\n<p>Buscando el <strong>El spray K2 m\u00e1s fuerte<\/strong> \u00bfen el mercado? <strong>Aerosol Diablo K2<\/strong> \u00a1Es tu mejor opci\u00f3n! En <strong>Investigaci\u00f3n de FRCS<\/strong>Ofrecemos premium <strong>Venta de spray Diablo K2<\/strong>, lo que proporciona una experiencia potente y duradera que no tiene comparaci\u00f3n. Ya sea que sea un usuario experimentado o nuevo en el mundo de <strong>Aerosoles de especias K2<\/strong>Este producto promete brindarte la intensidad que buscas.<\/p>\n<hr \/>\n<h3>\u00bfPor qu\u00e9 comprar Diablo K2 Spray?<\/h3>\n<p><strong>Aerosol Diablo K2<\/strong> Es conocido por ser uno de los m\u00e1s potentes <strong>Aerosoles de especias K2<\/strong> Disponible. Conocida por sus efectos de acci\u00f3n r\u00e1pida y su potente efecto, es perfecta para quienes buscan una experiencia fuerte que altere la mente. Aqu\u00ed te contamos por qu\u00e9 deber\u00edas probarla. <strong>Comprar spray Diablo K2 online<\/strong> de <strong>Investigaci\u00f3n de FRCS<\/strong>:<\/p>\n<ul>\n<li><strong>Extremadamente potente<\/strong>:Uno de los <strong>Los aerosoles de especias K2 m\u00e1s fuertes<\/strong> en el mercado, dise\u00f1ado para usuarios experimentados.<\/li>\n<li><strong>Efectos duraderos<\/strong>:Disfruta de la euforia y relajaci\u00f3n duraderas que <strong>Diablo K2<\/strong> entrega, proporcionando un subid\u00f3n sin igual.<\/li>\n<li><strong>Env\u00edo discreto y seguro<\/strong>:Todos los pedidos se env\u00edan con cuidado, garantizando su privacidad.<\/li>\n<li><strong>Probado en laboratorio para garantizar su calidad<\/strong>: Nuestro <a href=\"https:\/\/frcs-research.com\/es\/product-category\/cannabinoides-sinteticos\/especias-y-k2\/\"><strong>Aerosoles K2<\/strong><\/a> Est\u00e1n probados en laboratorio para garantizar los m\u00e1s altos est\u00e1ndares de calidad y seguridad.<\/li>\n<\/ul>\n<hr \/>\n<h3>Diablo K2 Spray: lo mejor en productos K2 Spice<\/h3>\n<p>Si est\u00e1s buscando el <strong>El mejor spray de especias K2<\/strong>, <strong>Diablo K2<\/strong> Deber\u00eda estar en la parte superior de tu lista. Este producto de alta potencia se ha ganado la reputaci\u00f3n de ser uno de los cannabinoides sint\u00e9ticos m\u00e1s intensos del mercado. Con solo una peque\u00f1a cantidad, puedes experimentar un subid\u00f3n que dura horas.<\/p>\n<p><strong>Caracter\u00edsticas principales del spray Diablo K2<\/strong>:<\/p>\n<ul>\n<li>Uno de los <strong>Los sprays K2 m\u00e1s potentes a la venta<\/strong><\/li>\n<li>Perfecto para aquellos que buscan un <strong>droga legal<\/strong> y efectos intensos<\/li>\n<li>F\u00f3rmula de acci\u00f3n r\u00e1pida para resultados inmediatos.<\/li>\n<li>Ideal para usar en <strong>Papel K2<\/strong> o <strong>incienso de hierbas<\/strong><\/li>\n<\/ul>\n<hr \/>\n<h3>\u00bfD\u00f3nde comprar Diablo K2 Spray online?<\/h3>\n<p>Puedes hacerlo f\u00e1cilmente <strong>comprar spray diablo k2<\/strong> de <strong>Investigaci\u00f3n de FRCS<\/strong>, su fuente de confianza para productos K2 de la m\u00e1s alta calidad. Con nuestro proceso de pago simple y seguro y opciones de env\u00edo discretas, comprar <strong>Aerosol Diablo K2<\/strong> Nunca ha sido tan f\u00e1cil.<\/p>\n<p>En <strong>Investigaci\u00f3n de FRCS<\/strong>Entendemos su necesidad de una fuente confiable para <strong>Compre spray de especias K2 en l\u00ednea<\/strong>Nos aseguramos de que cada botella de <strong>Aerosol Diablo K2<\/strong> Cumple estrictos est\u00e1ndares de calidad, para que puedas disfrutar de lo mejor. <strong>Especia K2<\/strong> Experiencia disponible.<\/p>\n<hr \/>\n<h3>Compra el spray Diablo K2 en FRCSResearch<\/h3>\n<p><strong>Investigaci\u00f3n de FRCS<\/strong> es el mejor lugar para <strong>Comprar spray Diablo K2 online<\/strong>Contamos con stock \u00fanicamente de la m\u00e1s alta calidad. <strong>Aerosoles de especias K2<\/strong>, ofreci\u00e9ndote lo mejor <strong>incienso de hierbas<\/strong> y <a href=\"https:\/\/frcs-research.com\/es\/product-category\/cannabinoides-sinteticos\/especias-y-k2\/\"><strong>Productos K2<\/strong><\/a> en el mercado. Nuestros precios competitivos, env\u00edos r\u00e1pidos y compromiso con la calidad nos convierten en la mejor opci\u00f3n para los compradores de K2.<\/p>\n<hr \/>\n<h3>\u00bfPor qu\u00e9 elegir FRCSResearch?<\/h3>\n<ul>\n<li><strong>El spray K2 m\u00e1s potente del mercado<\/strong>Nos especializamos en productos K2 de alta potencia como <strong>Aerosol Diablo K2<\/strong>.<\/li>\n<li><strong>Precios asequibles<\/strong>:Consiga aerosoles de especias K2 de primera calidad a precios competitivos.<\/li>\n<li><strong>Env\u00edo discreto<\/strong>:Todos los pedidos se gestionan con confidencialidad y se entregan r\u00e1pidamente.<\/li>\n<li><strong>Fuente confiable<\/strong>:Somos un proveedor confiable para todo tipo de <strong>Especia K2<\/strong> productos, incluidos <strong>K2 en spray sobre papel<\/strong> y <strong>Incienso K2<\/strong>.<\/li>\n<\/ul>\n<hr \/>\n<h3>\u00a1Compra Diablo K2 Spray hoy!<\/h3>\n<p>\u00a1No esperes! <strong>Comprar spray Diablo K2 online<\/strong> Ahora en <strong>Investigaci\u00f3n de FRCS<\/strong> y experimente el espray de especias K2 m\u00e1s potente y confiable disponible. Ya sea que sea un usuario frecuente o que simplemente est\u00e9 probando <strong>Spray de especias K2<\/strong> Por primera vez, te encantar\u00e1n los efectos potentes y duraderos de <strong>Diablo K2<\/strong>Haga su pedido hoy para disfrutar de un env\u00edo r\u00e1pido y discreto y los mejores precios del mercado.<\/p>","protected":false},"excerpt":{"rendered":"<p>Buy Diablo K2 Spray Online \u2013 The Strongest K2 Spray for Sale at FRCSResearch Looking for the strongest K2 spray on the market? Diablo K2 Spray is your ultimate choice!&hellip;<\/p>\n<p class=\"product woocommerce add_to_cart_inline\" style=\"border:4px solid #ccc; padding: 12px;\"><del aria-hidden=\"true\"><span class=\"woocommerce-Price-amount amount\"><bdi><span class=\"woocommerce-Price-currencySymbol\">&euro;<\/span>250.00<\/bdi><\/span><\/del> <span class=\"screen-reader-text\" data-no-translation=\"\" data-trp-gettext=\"\">El precio original era: &euro;250.00.<\/span><ins aria-hidden=\"true\"><span class=\"woocommerce-Price-amount amount\"><bdi><span class=\"woocommerce-Price-currencySymbol\">&euro;<\/span>245.00<\/bdi><\/span><\/ins><span class=\"screen-reader-text\" data-no-translation=\"\" data-trp-gettext=\"\">El precio actual es: &euro;245.00.<\/span><a href=\"\/es\/wp-json\/wp\/v2\/product\/807?add-to-cart=807\" aria-describedby=\"woocommerce_loop_add_to_cart_link_describedby_807\" data-quantity=\"1\" class=\"button product_type_simple add_to_cart_button ajax_add_to_cart\" data-product_id=\"807\" data-product_sku=\"\" aria-label=\"A\u00f1adir al carrito: \u201cDiablo K2 Spray\u201d\" rel=\"nofollow\" data-success_message=\"\u00abDiablo K2 Spray\u00bb se ha a\u00f1adido a tu carrito\" data-no-translation=\"\" data-trp-gettext=\"\" data-no-translation-aria-label=\"\" data-no-translation-data-success_message=\"\">A\u00f1adir a la cesta<\/a>\t<span id=\"woocommerce_loop_add_to_cart_link_describedby_807\" class=\"screen-reader-text\"><br \/>\n\t\t\t<\/span><\/p>","protected":false},"featured_media":808,"comment_status":"open","ping_status":"closed","template":"","meta":{"_uag_custom_page_level_css":""},"product_brand":[],"product_cat":[124],"product_tag":[],"class_list":{"0":"post-807","1":"product","2":"type-product","3":"status-publish","4":"has-post-thumbnail","6":"product_cat-spice-and-k2","8":"first","9":"instock","10":"sale","11":"shipping-taxable","12":"purchasable","13":"product-type-simple"},"yoast_head":"<!-- This site is optimized with the Yoast SEO plugin v27.1.1 - https:\/\/yoast.com\/product\/yoast-seo-wordpress\/ -->\n<title>Buy Diablo K2 Spray Online \u2013 Strongest K2 Spice Spray for Sale<\/title>\n<meta name=\"description\" content=\"Purchase the strongest Diablo K2 spray online at FRCSResearch. Enjoy potent, long-lasting effects from the best K2 spice spray on the market. Fast, discreet shipping available.\" \/>\n<meta name=\"robots\" content=\"index, follow, max-snippet:-1, max-image-preview:large, max-video-preview:-1\" \/>\n<link rel=\"canonical\" href=\"https:\/\/frcs-research.com\/es\/product\/comprar-spray-diablo-k2\/\" \/>\n<meta property=\"og:locale\" content=\"es_ES\" \/>\n<meta property=\"og:type\" content=\"article\" \/>\n<meta property=\"og:title\" content=\"Buy Diablo K2 Spray Online \u2013 Strongest K2 Spice Spray for Sale\" \/>\n<meta property=\"og:description\" content=\"Purchase the strongest Diablo K2 spray online at FRCSResearch. Enjoy potent, long-lasting effects from the best K2 spice spray on the market. Fast, discreet shipping available.\" \/>\n<meta property=\"og:url\" content=\"https:\/\/frcs-research.com\/es\/product\/comprar-spray-diablo-k2\/\" \/>\n<meta property=\"og:site_name\" content=\"wholesale supplier of research chemicals, 4mmc, 3mmc, MDPHP, Alpha PVP and more\" \/>\n<meta property=\"article:modified_time\" content=\"2026-04-05T22:22:36+00:00\" \/>\n<meta property=\"og:image\" content=\"https:\/\/frcs-research.com\/wp-content\/uploads\/2024\/10\/Diablo-K2-spice-spray-768x687-1.jpeg\" \/>\n\t<meta property=\"og:image:width\" content=\"768\" \/>\n\t<meta property=\"og:image:height\" content=\"687\" \/>\n\t<meta property=\"og:image:type\" content=\"image\/jpeg\" \/>\n<meta name=\"twitter:card\" content=\"summary_large_image\" \/>\n<meta name=\"twitter:label1\" content=\"Precio\" \/>\n\t<meta name=\"twitter:data1\" content=\"&euro;245.00\" \/>\n\t<meta name=\"twitter:label2\" content=\"Disponibilidad\" \/>\n\t<meta name=\"twitter:data2\" content=\"Disponible\" \/>\n<script type=\"application\/ld+json\" class=\"yoast-schema-graph\">{\"@context\":\"https:\/\/schema.org\",\"@graph\":[{\"@type\":[\"WebPage\",\"ItemPage\"],\"@id\":\"https:\/\/frcs-research.com\/product\/buy-diablo-k2-spray\/\",\"url\":\"https:\/\/frcs-research.com\/product\/buy-diablo-k2-spray\/\",\"name\":\"Buy Diablo K2 Spray Online \u2013 Strongest K2 Spice Spray for Sale\",\"isPartOf\":{\"@id\":\"https:\/\/frcs-research.com\/#website\"},\"primaryImageOfPage\":{\"@id\":\"https:\/\/frcs-research.com\/product\/buy-diablo-k2-spray\/#primaryimage\"},\"image\":{\"@id\":\"https:\/\/frcs-research.com\/product\/buy-diablo-k2-spray\/#primaryimage\"},\"thumbnailUrl\":\"https:\/\/frcs-research.com\/wp-content\/uploads\/2024\/10\/Diablo-K2-spice-spray-768x687-1.jpeg\",\"datePublished\":\"2024-10-13T09:49:18+00:00\",\"dateModified\":\"2026-04-05T22:22:36+00:00\",\"description\":\"Purchase the strongest Diablo K2 spray online at FRCSResearch. Enjoy potent, long-lasting effects from the best K2 spice spray on the market. Fast, discreet shipping available.\",\"breadcrumb\":{\"@id\":\"https:\/\/frcs-research.com\/product\/buy-diablo-k2-spray\/#breadcrumb\"},\"inLanguage\":\"es\",\"potentialAction\":[{\"@type\":\"ReadAction\",\"target\":[\"https:\/\/frcs-research.com\/product\/buy-diablo-k2-spray\/\"]}]},{\"@type\":\"ImageObject\",\"inLanguage\":\"es\",\"@id\":\"https:\/\/frcs-research.com\/product\/buy-diablo-k2-spray\/#primaryimage\",\"url\":\"https:\/\/frcs-research.com\/wp-content\/uploads\/2024\/10\/Diablo-K2-spice-spray-768x687-1.jpeg\",\"contentUrl\":\"https:\/\/frcs-research.com\/wp-content\/uploads\/2024\/10\/Diablo-K2-spice-spray-768x687-1.jpeg\",\"width\":768,\"height\":687,\"caption\":\"Diablo K2 Spray\"},{\"@type\":\"BreadcrumbList\",\"@id\":\"https:\/\/frcs-research.com\/product\/buy-diablo-k2-spray\/#breadcrumb\",\"itemListElement\":[{\"@type\":\"ListItem\",\"position\":1,\"name\":\"Home\",\"item\":\"https:\/\/frcs-research.com\/\"},{\"@type\":\"ListItem\",\"position\":2,\"name\":\"Shop\",\"item\":\"https:\/\/frcs-research.com\/shop\/\"},{\"@type\":\"ListItem\",\"position\":3,\"name\":\"Diablo K2 Spray\"}]},{\"@type\":\"WebSite\",\"@id\":\"https:\/\/frcs-research.com\/#website\",\"url\":\"https:\/\/frcs-research.com\/\",\"name\":\"wholesale supplier of research chemicals, 4mmc, 3mmc, MDPHP, Alpha PVP and more\",\"description\":\"Wholesale research chemicals\",\"potentialAction\":[{\"@type\":\"SearchAction\",\"target\":{\"@type\":\"EntryPoint\",\"urlTemplate\":\"https:\/\/frcs-research.com\/?s={search_term_string}\"},\"query-input\":{\"@type\":\"PropertyValueSpecification\",\"valueRequired\":true,\"valueName\":\"search_term_string\"}}],\"inLanguage\":\"es\"}]}<\/script>\n<meta property=\"product:price:amount\" content=\"245.00\" \/>\n<meta property=\"product:price:currency\" content=\"EUR\" \/>\n<meta property=\"og:availability\" content=\"instock\" \/>\n<meta property=\"product:availability\" content=\"instock\" \/>\n<meta property=\"product:condition\" content=\"new\" \/>\n<!-- \/ Yoast SEO plugin. -->","yoast_head_json":{"title":"Compre Diablo K2 Spray en l\u00ednea: el spray de especias K2 m\u00e1s potente a la venta","description":"Compra el espray Diablo K2 m\u00e1s potente en l\u00ednea en FRCSResearch. Disfruta de los efectos potentes y duraderos del mejor espray de especias K2 del mercado. Env\u00edo r\u00e1pido y discreto disponible.","robots":{"index":"index","follow":"follow","max-snippet":"max-snippet:-1","max-image-preview":"max-image-preview:large","max-video-preview":"max-video-preview:-1"},"canonical":"https:\/\/frcs-research.com\/es\/product\/comprar-spray-diablo-k2\/","og_locale":"es_ES","og_type":"article","og_title":"Buy Diablo K2 Spray Online \u2013 Strongest K2 Spice Spray for Sale","og_description":"Purchase the strongest Diablo K2 spray online at FRCSResearch. Enjoy potent, long-lasting effects from the best K2 spice spray on the market. Fast, discreet shipping available.","og_url":"https:\/\/frcs-research.com\/es\/product\/comprar-spray-diablo-k2\/","og_site_name":"wholesale supplier of research chemicals, 4mmc, 3mmc, MDPHP, Alpha PVP and more","article_modified_time":"2026-04-05T22:22:36+00:00","og_image":[{"width":768,"height":687,"url":"https:\/\/frcs-research.com\/wp-content\/uploads\/2024\/10\/Diablo-K2-spice-spray-768x687-1.jpeg","type":"image\/jpeg"}],"twitter_card":"summary_large_image","twitter_misc":{"Precio":"&euro;245.00","Disponibilidad":"Disponible"},"schema":{"@context":"https:\/\/schema.org","@graph":[{"@type":["WebPage","ItemPage"],"@id":"https:\/\/frcs-research.com\/product\/buy-diablo-k2-spray\/","url":"https:\/\/frcs-research.com\/product\/buy-diablo-k2-spray\/","name":"Compre Diablo K2 Spray en l\u00ednea: el spray de especias K2 m\u00e1s potente a la venta","isPartOf":{"@id":"https:\/\/frcs-research.com\/#website"},"primaryImageOfPage":{"@id":"https:\/\/frcs-research.com\/product\/buy-diablo-k2-spray\/#primaryimage"},"image":{"@id":"https:\/\/frcs-research.com\/product\/buy-diablo-k2-spray\/#primaryimage"},"thumbnailUrl":"https:\/\/frcs-research.com\/wp-content\/uploads\/2024\/10\/Diablo-K2-spice-spray-768x687-1.jpeg","datePublished":"2024-10-13T09:49:18+00:00","dateModified":"2026-04-05T22:22:36+00:00","description":"Compra el espray Diablo K2 m\u00e1s potente en l\u00ednea en FRCSResearch. Disfruta de los efectos potentes y duraderos del mejor espray de especias K2 del mercado. Env\u00edo r\u00e1pido y discreto disponible.","breadcrumb":{"@id":"https:\/\/frcs-research.com\/product\/buy-diablo-k2-spray\/#breadcrumb"},"inLanguage":"es","potentialAction":[{"@type":"ReadAction","target":["https:\/\/frcs-research.com\/product\/buy-diablo-k2-spray\/"]}]},{"@type":"ImageObject","inLanguage":"es","@id":"https:\/\/frcs-research.com\/product\/buy-diablo-k2-spray\/#primaryimage","url":"https:\/\/frcs-research.com\/wp-content\/uploads\/2024\/10\/Diablo-K2-spice-spray-768x687-1.jpeg","contentUrl":"https:\/\/frcs-research.com\/wp-content\/uploads\/2024\/10\/Diablo-K2-spice-spray-768x687-1.jpeg","width":768,"height":687,"caption":"Diablo K2 Spray"},{"@type":"BreadcrumbList","@id":"https:\/\/frcs-research.com\/product\/buy-diablo-k2-spray\/#breadcrumb","itemListElement":[{"@type":"ListItem","position":1,"name":"Home","item":"https:\/\/frcs-research.com\/"},{"@type":"ListItem","position":2,"name":"Shop","item":"https:\/\/frcs-research.com\/shop\/"},{"@type":"ListItem","position":3,"name":"Diablo K2 Spray"}]},{"@type":"WebSite","@id":"https:\/\/frcs-research.com\/#website","url":"https:\/\/frcs-research.com\/","name":"Proveedor mayorista de productos qu\u00edmicos de investigaci\u00f3n, 4 mmc, 3 mmc, MDPHP, Alpha PVP y m\u00e1s","description":"Productos qu\u00edmicos de investigaci\u00f3n al por mayor","potentialAction":[{"@type":"SearchAction","target":{"@type":"EntryPoint","urlTemplate":"https:\/\/frcs-research.com\/?s={search_term_string}"},"query-input":{"@type":"PropertyValueSpecification","valueRequired":true,"valueName":"search_term_string"}}],"inLanguage":"es"}]},"product_price_amount":"245.00","product_price_currency":"EUR","og_availability":"instock","product_availability":"instock","product_condition":"new"},"uagb_featured_image_src":{"full":["https:\/\/frcs-research.com\/wp-content\/uploads\/2024\/10\/Diablo-K2-spice-spray-768x687-1.jpeg",768,687,false],"thumbnail":["https:\/\/frcs-research.com\/wp-content\/uploads\/2024\/10\/Diablo-K2-spice-spray-768x687-1-150x150.jpeg",150,150,true],"medium":["https:\/\/frcs-research.com\/wp-content\/uploads\/2024\/10\/Diablo-K2-spice-spray-768x687-1-300x268.jpeg",300,268,true],"medium_large":["https:\/\/frcs-research.com\/wp-content\/uploads\/2024\/10\/Diablo-K2-spice-spray-768x687-1.jpeg",768,687,false],"large":["https:\/\/frcs-research.com\/wp-content\/uploads\/2024\/10\/Diablo-K2-spice-spray-768x687-1.jpeg",768,687,false],"1536x1536":["https:\/\/frcs-research.com\/wp-content\/uploads\/2024\/10\/Diablo-K2-spice-spray-768x687-1.jpeg",768,687,false],"2048x2048":["https:\/\/frcs-research.com\/wp-content\/uploads\/2024\/10\/Diablo-K2-spice-spray-768x687-1.jpeg",768,687,false],"trp-custom-language-flag":["https:\/\/frcs-research.com\/wp-content\/uploads\/2024\/10\/Diablo-K2-spice-spray-768x687-1.jpeg",13,12,false],"post-thumbnail":["https:\/\/frcs-research.com\/wp-content\/uploads\/2024\/10\/Diablo-K2-spice-spray-768x687-1.jpeg",693,620,false],"elite-commerce-slider":["https:\/\/frcs-research.com\/wp-content\/uploads\/2024\/10\/Diablo-K2-spice-spray-768x687-1.jpeg",768,687,false],"elite-commerce-hero":["https:\/\/frcs-research.com\/wp-content\/uploads\/2024\/10\/Diablo-K2-spice-spray-768x687-1.jpeg",600,537,false],"elite-commerce-portfolio":["https:\/\/frcs-research.com\/wp-content\/uploads\/2024\/10\/Diablo-K2-spice-spray-768x687-1.jpeg",400,358,false],"woocommerce_thumbnail":["https:\/\/frcs-research.com\/wp-content\/uploads\/2024\/10\/Diablo-K2-spice-spray-768x687-1-300x300.jpeg",300,300,true],"woocommerce_single":["https:\/\/frcs-research.com\/wp-content\/uploads\/2024\/10\/Diablo-K2-spice-spray-768x687-1-600x537.jpeg",600,537,true],"woocommerce_gallery_thumbnail":["https:\/\/frcs-research.com\/wp-content\/uploads\/2024\/10\/Diablo-K2-spice-spray-768x687-1-100x100.jpeg",100,100,true]},"uagb_author_info":{"display_name":"Richard Wood","author_link":"https:\/\/frcs-research.com\/es\/author\/"},"uagb_comment_info":807,"uagb_excerpt":"Buy Diablo K2 Spray Online \u2013 The Strongest K2 Spray for Sale at FRCSResearch Looking for the strongest K2 spray on the market? Diablo K2 Spray is your ultimate choice!&hellip;&euro;250.00 El precio original era: &euro;250.00.&euro;245.00El precio actual es: &euro;245.00.A\u00f1adir a la cesta","_links":{"self":[{"href":"https:\/\/frcs-research.com\/es\/wp-json\/wp\/v2\/product\/807","targetHints":{"allow":["GET"]}}],"collection":[{"href":"https:\/\/frcs-research.com\/es\/wp-json\/wp\/v2\/product"}],"about":[{"href":"https:\/\/frcs-research.com\/es\/wp-json\/wp\/v2\/types\/product"}],"replies":[{"embeddable":true,"href":"https:\/\/frcs-research.com\/es\/wp-json\/wp\/v2\/comments?post=807"}],"wp:featuredmedia":[{"embeddable":true,"href":"https:\/\/frcs-research.com\/es\/wp-json\/wp\/v2\/media\/808"}],"wp:attachment":[{"href":"https:\/\/frcs-research.com\/es\/wp-json\/wp\/v2\/media?parent=807"}],"wp:term":[{"taxonomy":"product_brand","embeddable":true,"href":"https:\/\/frcs-research.com\/es\/wp-json\/wp\/v2\/product_brand?post=807"},{"taxonomy":"product_cat","embeddable":true,"href":"https:\/\/frcs-research.com\/es\/wp-json\/wp\/v2\/product_cat?post=807"},{"taxonomy":"product_tag","embeddable":true,"href":"https:\/\/frcs-research.com\/es\/wp-json\/wp\/v2\/product_tag?post=807"}],"curies":[{"name":"wp","href":"https:\/\/api.w.org\/{rel}","templated":true}]}}