{"id":810,"date":"2024-10-13T10:00:39","date_gmt":"2024-10-13T10:00:39","guid":{"rendered":"https:\/\/frcs-research.com\/?post_type=product&#038;p=810"},"modified":"2026-04-05T09:42:21","modified_gmt":"2026-04-05T09:42:21","slug":"comprar-liquido-k2-cloud-9","status":"publish","type":"product","link":"https:\/\/frcs-research.com\/es\/product\/comprar-liquido-k2-cloud-9\/","title":{"rendered":"Spray l\u00edquido K2 de Cloud 9"},"content":{"rendered":"<h1><strong>Compre Cloud 9 Liquid K2 Spray en l\u00ednea: spray de especias K2 premium a la venta en FRCSResearch<\/strong><\/h1>\n<p>\u00bfBuscas una experiencia K2 suave y potente? <strong>Spray l\u00edquido K2 de Cloud 9<\/strong> es una de las principales opciones entre los usuarios de K2, ya que ofrece un efecto potente y alucin\u00f3geno que no encontrar\u00e1s en ning\u00fan otro lugar. <strong>Investigaci\u00f3n de FRCS<\/strong>, puede <strong>comprar spray liquido k2 cloud 9<\/strong> Compre en l\u00ednea con confianza, sabiendo que est\u00e1 obteniendo la m\u00e1s alta calidad. <strong>Spray de especias K2<\/strong> Disponible. Ya sea que sea un usuario experimentado o nuevo en el mundo de <strong>Productos K2<\/strong>Cloud 9 ofrece un efecto euf\u00f3rico y duradero que es a la vez agradable y relajante.<\/p>\n<hr \/>\n<h3>\u00bfPor qu\u00e9 comprar Cloud 9 Liquid K2 Spray?<\/h3>\n<p><strong>Spray l\u00edquido K2 de Cloud 9<\/strong> Destaca como uno de los m\u00e1s populares. <strong>Aerosoles de especias K2<\/strong> por su alta potencia y experiencia equilibrada. Este producto ofrece una combinaci\u00f3n \u00fanica de efectos, lo que lo convierte en un favorito entre quienes buscan lograr un estado de calma y euforia. <strong>Comprar Cloud 9 K2 Spray en l\u00ednea<\/strong>Obtendr\u00e1s un producto que ofrece:<\/p>\n<ul>\n<li><strong>Potencia equilibrada<\/strong>:Lo suficientemente fuerte como para proporcionar un efecto profundo y envolvente, pero lo suficientemente suave para una experiencia m\u00e1s relajada.<\/li>\n<li><strong>Efectos duraderos<\/strong>:Los efectos de <strong>Aerosol Cloud 9 K2<\/strong> duran horas, lo que garantiza que aproveches al m\u00e1ximo cada uso.<\/li>\n<li><strong>Uso vers\u00e1til<\/strong>:Perfecto para usar en <strong>Papel K2<\/strong> o como complemento a tu favorito <a href=\"https:\/\/frcs-research.com\/es\/product-category\/cannabinoides-sinteticos\/especias-y-k2\/\"><strong>incienso de hierbas<\/strong><\/a>.<\/li>\n<li><strong>Calidad Premium<\/strong>:Solo obtenemos la m\u00e1s alta calidad. <strong>Especia K2<\/strong> productos, asegur\u00e1ndonos de que obtengas lo mejor <strong>Pulverizador K2<\/strong> en el mercado.<\/li>\n<\/ul>\n<hr \/>\n<h3>Venta de spray l\u00edquido K2 de Cloud 9: un producto de confianza<\/h3>\n<p>Cuando se trata de <strong>Comprar spray de especias K2 online<\/strong>, <strong>Spray l\u00edquido K2 de Cloud 9<\/strong> es uno de los productos m\u00e1s confiables disponibles. Conocido por su potencia constante y efectos suaves, es perfecto tanto para la relajaci\u00f3n como para un subid\u00f3n intenso. Este producto vers\u00e1til se puede rociar sobre <strong>incienso de hierbas<\/strong>, <strong>Papel K2<\/strong>, o utilizado solo para una experiencia poderosa.<\/p>\n<p><strong>Caracter\u00edsticas del spray l\u00edquido K2 de Cloud 9<\/strong>:<\/p>\n<ul>\n<li>Uno de los <strong>Los sprays K2 m\u00e1s populares<\/strong> En venta<\/li>\n<li>F\u00e1cil de usar en <strong>Papel con infusi\u00f3n de K2<\/strong> o <strong>incienso de hierbas<\/strong><\/li>\n<li>Proporciona un efecto calmante y euf\u00f3rico.<\/li>\n<li>Probado en laboratorio para garantizar su seguridad y potencia.<\/li>\n<\/ul>\n<hr \/>\n<h3>\u00bfPor qu\u00e9 comprar en FRCSResearch?<\/h3>\n<p>En <strong>Investigaci\u00f3n de FRCS<\/strong>Estamos comprometidos a brindar la mejor calidad. <strong>Aerosoles de especias K2<\/strong> En venta, incluyendo <strong>Spray l\u00edquido K2 de Cloud 9<\/strong>. Cuando tu <strong>Comprar spray K2 online<\/strong> De nosotros puedes esperar:<\/p>\n<ul>\n<li><strong>Productos de primera calidad<\/strong>:Nuestros productos K2, incluidos <strong>Nube 9 en aerosol<\/strong>Se prueban su pureza y potencia para garantizar que obtenga la mejor experiencia.<\/li>\n<li><strong>Env\u00edo discreto y r\u00e1pido<\/strong>:Su privacidad es nuestra prioridad. Ofrecemos env\u00edos seguros y discretos en todos los pedidos.<\/li>\n<li><strong>Precios asequibles<\/strong>\u00bfBuscas las mejores ofertas? Te ofrecemos <strong>Aerosol Cloud 9 K2<\/strong> a precios competitivos sin comprometer la calidad.<\/li>\n<\/ul>\n<hr \/>\n<h3>C\u00f3mo utilizar el spray l\u00edquido K2 de Cloud 9<\/h3>\n<p>Usando <strong>Spray l\u00edquido K2 de Cloud 9<\/strong> Es simple y conveniente. Ya sea que lo est\u00e9s aplicando a <strong>Papel K2<\/strong> o agregarlo a <strong>incienso de hierbas<\/strong>Basta con una peque\u00f1a cantidad para obtener los efectos deseados, lo que la convierte en una opci\u00f3n muy eficaz y rentable para quienes buscan un efecto potente y fiable.<\/p>\n<hr \/>\n<h3>\u00bfD\u00f3nde comprar Cloud 9 Liquid K2 Spray online?<\/h3>\n<p>Si est\u00e1s buscando d\u00f3nde <strong>Comprar Cloud 9 Liquid K2 Spray<\/strong>No busque m\u00e1s all\u00e1 de <strong>Investigaci\u00f3n de FRCS<\/strong>Hacemos que sea f\u00e1cil comprar este producto popular. <strong>Spray de especias K2<\/strong> En l\u00ednea, ofrecemos env\u00edos r\u00e1pidos y opciones de pago seguras. Adem\u00e1s, todos nuestros productos son probados para garantizar que cumplen con los m\u00e1s altos est\u00e1ndares de calidad.<\/p>\n<hr \/>\n<h3>\u00a1Compra hoy el spray l\u00edquido K2 de Cloud 9!<\/h3>\n<p>\u00bfEst\u00e1s listo para mejorar tu experiencia en K2? <strong>Comprar Cloud 9 Liquid K2 Spray<\/strong> de <strong>Investigaci\u00f3n de FRCS<\/strong> Hoy y disfruta de uno de los mejores <strong>Aerosoles de especias K2<\/strong> Disponible. Ya sea que seas un usuario frecuente o reci\u00e9n est\u00e9s comenzando, te encantar\u00e1n los efectos suaves y euf\u00f3ricos que <strong>Nube 9<\/strong> \u00a1Haz tu pedido ahora y disfruta de una entrega r\u00e1pida y discreta a precios inmejorables!<\/p>\n<hr \/>\n<p><strong>Palabras clave integradas<\/strong>:<\/p>\n<ul>\n<li>Comprar Cloud 9 Liquid K2 spray online,<\/li>\n<li>Venta de spray Cloud 9 K2,<\/li>\n<li>El spray de especias K2 m\u00e1s potente.<\/li>\n<li>D\u00f3nde comprar el spray Cloud 9 K2,<\/li>\n<li>Spray l\u00edquido K2 de Cloud 9,<\/li>\n<li>Spray de especias K2 en l\u00ednea,<\/li>\n<li>K2 en spray sobre papel,<\/li>\n<li>Incienso de hierbas K2,<\/li>\n<\/ul>","protected":false},"excerpt":{"rendered":"<p>Buy Cloud 9 Liquid K2 Spray Online \u2013 Premium K2 Spice Spray for Sale at FRCSResearch Looking for a smooth and powerful K2 experience? Cloud 9 Liquid K2 Spray is&hellip;<\/p>\n<p class=\"product woocommerce add_to_cart_inline\" style=\"border:4px solid #ccc; padding: 12px;\"><del aria-hidden=\"true\"><span class=\"woocommerce-Price-amount amount\"><bdi><span class=\"woocommerce-Price-currencySymbol\">&euro;<\/span>270.00<\/bdi><\/span><\/del> <span class=\"screen-reader-text\" data-no-translation=\"\" data-trp-gettext=\"\">El precio original era: &euro;270.00.<\/span><ins aria-hidden=\"true\"><span class=\"woocommerce-Price-amount amount\"><bdi><span class=\"woocommerce-Price-currencySymbol\">&euro;<\/span>250.00<\/bdi><\/span><\/ins><span class=\"screen-reader-text\" data-no-translation=\"\" data-trp-gettext=\"\">El precio actual es: &euro;250.00.<\/span><a href=\"\/es\/wp-json\/wp\/v2\/product\/810?add-to-cart=810\" aria-describedby=\"woocommerce_loop_add_to_cart_link_describedby_810\" data-quantity=\"1\" class=\"button product_type_simple add_to_cart_button ajax_add_to_cart\" data-product_id=\"810\" data-product_sku=\"\" aria-label=\"A\u00f1adir al carrito: \u201cCloud 9 Liquid K2 Spray\u201d\" rel=\"nofollow\" data-success_message=\"\u00abCloud 9 Liquid K2 Spray\u00bb se ha a\u00f1adido a tu carrito\" data-no-translation=\"\" data-trp-gettext=\"\" data-no-translation-aria-label=\"\" data-no-translation-data-success_message=\"\">A\u00f1adir a la cesta<\/a>\t<span id=\"woocommerce_loop_add_to_cart_link_describedby_810\" class=\"screen-reader-text\"><br \/>\n\t\t\t<\/span><\/p>","protected":false},"featured_media":811,"comment_status":"open","ping_status":"closed","template":"","meta":{"_uag_custom_page_level_css":""},"product_brand":[],"product_cat":[124],"product_tag":[125,126,129,132,130,131,127,128],"class_list":{"0":"post-810","1":"product","2":"type-product","3":"status-publish","4":"has-post-thumbnail","6":"product_cat-spice-and-k2","7":"product_tag-buy-cloud-9-liquid-k2-spray-online","8":"product_tag-cloud-9-k2-spray-for-sale","9":"product_tag-cloud-9-liquid-k2-spray","10":"product_tag-k2-herbal-incense","11":"product_tag-k2-spice-spray-online","12":"product_tag-k2-spray-on-paper","13":"product_tag-strongest-k2-spice-spray","14":"product_tag-where-to-buy-cloud-9-k2-spray","16":"first","17":"instock","18":"sale","19":"shipping-taxable","20":"purchasable","21":"product-type-simple"},"yoast_head":"<!-- This site is optimized with the Yoast SEO plugin v27.1.1 - https:\/\/yoast.com\/product\/yoast-seo-wordpress\/ -->\n<title>Buy Cloud 9 Liquid K2 Spray for sale Online \u2013 Buy K2 Spice Spray<\/title>\n<meta name=\"description\" content=\"Purchase Cloud 9 Liquid K2 Spray online at FRCSResearch. Experience the smooth, potent effects of this top-rated K2 spice spray.\" \/>\n<meta name=\"robots\" content=\"index, follow, max-snippet:-1, max-image-preview:large, max-video-preview:-1\" \/>\n<link rel=\"canonical\" href=\"https:\/\/frcs-research.com\/es\/product\/comprar-liquido-k2-cloud-9\/\" \/>\n<meta property=\"og:locale\" content=\"es_ES\" \/>\n<meta property=\"og:type\" content=\"article\" \/>\n<meta property=\"og:title\" content=\"Buy Cloud 9 Liquid K2 Spray for sale Online \u2013 Buy K2 Spice Spray\" \/>\n<meta property=\"og:description\" content=\"Purchase Cloud 9 Liquid K2 Spray online at FRCSResearch. Experience the smooth, potent effects of this top-rated K2 spice spray.\" \/>\n<meta property=\"og:url\" content=\"https:\/\/frcs-research.com\/es\/product\/comprar-liquido-k2-cloud-9\/\" \/>\n<meta property=\"og:site_name\" content=\"wholesale supplier of research chemicals, 4mmc, 3mmc, MDPHP, Alpha PVP and more\" \/>\n<meta property=\"article:modified_time\" content=\"2026-04-05T09:42:21+00:00\" \/>\n<meta property=\"og:image\" content=\"https:\/\/frcs-research.com\/wp-content\/uploads\/2024\/10\/Magical-quick-dry-200ml-potion-gallery_2_1.webp\" \/>\n\t<meta property=\"og:image:width\" content=\"900\" \/>\n\t<meta property=\"og:image:height\" content=\"1000\" \/>\n\t<meta property=\"og:image:type\" content=\"image\/webp\" \/>\n<meta name=\"twitter:card\" content=\"summary_large_image\" \/>\n<meta name=\"twitter:label1\" content=\"Precio\" \/>\n\t<meta name=\"twitter:data1\" content=\"&euro;250.00\" \/>\n\t<meta name=\"twitter:label2\" content=\"Disponibilidad\" \/>\n\t<meta name=\"twitter:data2\" content=\"Disponible\" \/>\n<script type=\"application\/ld+json\" class=\"yoast-schema-graph\">{\"@context\":\"https:\/\/schema.org\",\"@graph\":[{\"@type\":[\"WebPage\",\"ItemPage\"],\"@id\":\"https:\/\/frcs-research.com\/product\/buy-cloud-9-liquid-k2\/\",\"url\":\"https:\/\/frcs-research.com\/product\/buy-cloud-9-liquid-k2\/\",\"name\":\"Buy Cloud 9 Liquid K2 Spray for sale Online \u2013 Buy K2 Spice Spray\",\"isPartOf\":{\"@id\":\"https:\/\/frcs-research.com\/#website\"},\"primaryImageOfPage\":{\"@id\":\"https:\/\/frcs-research.com\/product\/buy-cloud-9-liquid-k2\/#primaryimage\"},\"image\":{\"@id\":\"https:\/\/frcs-research.com\/product\/buy-cloud-9-liquid-k2\/#primaryimage\"},\"thumbnailUrl\":\"https:\/\/frcs-research.com\/wp-content\/uploads\/2024\/10\/Magical-quick-dry-200ml-potion-gallery_2_1.webp\",\"datePublished\":\"2024-10-13T10:00:39+00:00\",\"dateModified\":\"2026-04-05T09:42:21+00:00\",\"description\":\"Purchase Cloud 9 Liquid K2 Spray online at FRCSResearch. Experience the smooth, potent effects of this top-rated K2 spice spray.\",\"breadcrumb\":{\"@id\":\"https:\/\/frcs-research.com\/product\/buy-cloud-9-liquid-k2\/#breadcrumb\"},\"inLanguage\":\"es\",\"potentialAction\":[{\"@type\":\"ReadAction\",\"target\":[\"https:\/\/frcs-research.com\/product\/buy-cloud-9-liquid-k2\/\"]}]},{\"@type\":\"ImageObject\",\"inLanguage\":\"es\",\"@id\":\"https:\/\/frcs-research.com\/product\/buy-cloud-9-liquid-k2\/#primaryimage\",\"url\":\"https:\/\/frcs-research.com\/wp-content\/uploads\/2024\/10\/Magical-quick-dry-200ml-potion-gallery_2_1.webp\",\"contentUrl\":\"https:\/\/frcs-research.com\/wp-content\/uploads\/2024\/10\/Magical-quick-dry-200ml-potion-gallery_2_1.webp\",\"width\":900,\"height\":1000,\"caption\":\"Cloud 9 Liquid K2 Spray\"},{\"@type\":\"BreadcrumbList\",\"@id\":\"https:\/\/frcs-research.com\/product\/buy-cloud-9-liquid-k2\/#breadcrumb\",\"itemListElement\":[{\"@type\":\"ListItem\",\"position\":1,\"name\":\"Home\",\"item\":\"https:\/\/frcs-research.com\/\"},{\"@type\":\"ListItem\",\"position\":2,\"name\":\"Shop\",\"item\":\"https:\/\/frcs-research.com\/shop\/\"},{\"@type\":\"ListItem\",\"position\":3,\"name\":\"Cloud 9 Liquid K2 Spray\"}]},{\"@type\":\"WebSite\",\"@id\":\"https:\/\/frcs-research.com\/#website\",\"url\":\"https:\/\/frcs-research.com\/\",\"name\":\"wholesale supplier of research chemicals, 4mmc, 3mmc, MDPHP, Alpha PVP and more\",\"description\":\"Wholesale research chemicals\",\"potentialAction\":[{\"@type\":\"SearchAction\",\"target\":{\"@type\":\"EntryPoint\",\"urlTemplate\":\"https:\/\/frcs-research.com\/?s={search_term_string}\"},\"query-input\":{\"@type\":\"PropertyValueSpecification\",\"valueRequired\":true,\"valueName\":\"search_term_string\"}}],\"inLanguage\":\"es\"}]}<\/script>\n<meta property=\"product:price:amount\" content=\"250.00\" \/>\n<meta property=\"product:price:currency\" content=\"EUR\" \/>\n<meta property=\"og:availability\" content=\"instock\" \/>\n<meta property=\"product:availability\" content=\"instock\" \/>\n<meta property=\"product:condition\" content=\"new\" \/>\n<!-- \/ Yoast SEO plugin. -->","yoast_head_json":{"title":"Compre el aerosol l\u00edquido K2 de Cloud 9 en venta en l\u00ednea: compre el aerosol de especias K2","description":"Compra el espray l\u00edquido K2 de Cloud 9 en l\u00ednea en FRCSResearch. Experimenta los efectos suaves y potentes de este espray de especias K2 de primera categor\u00eda.","robots":{"index":"index","follow":"follow","max-snippet":"max-snippet:-1","max-image-preview":"max-image-preview:large","max-video-preview":"max-video-preview:-1"},"canonical":"https:\/\/frcs-research.com\/es\/product\/comprar-liquido-k2-cloud-9\/","og_locale":"es_ES","og_type":"article","og_title":"Buy Cloud 9 Liquid K2 Spray for sale Online \u2013 Buy K2 Spice Spray","og_description":"Purchase Cloud 9 Liquid K2 Spray online at FRCSResearch. Experience the smooth, potent effects of this top-rated K2 spice spray.","og_url":"https:\/\/frcs-research.com\/es\/product\/comprar-liquido-k2-cloud-9\/","og_site_name":"wholesale supplier of research chemicals, 4mmc, 3mmc, MDPHP, Alpha PVP and more","article_modified_time":"2026-04-05T09:42:21+00:00","og_image":[{"width":900,"height":1000,"url":"https:\/\/frcs-research.com\/wp-content\/uploads\/2024\/10\/Magical-quick-dry-200ml-potion-gallery_2_1.webp","type":"image\/webp"}],"twitter_card":"summary_large_image","twitter_misc":{"Precio":"&euro;250.00","Disponibilidad":"Disponible"},"schema":{"@context":"https:\/\/schema.org","@graph":[{"@type":["WebPage","ItemPage"],"@id":"https:\/\/frcs-research.com\/product\/buy-cloud-9-liquid-k2\/","url":"https:\/\/frcs-research.com\/product\/buy-cloud-9-liquid-k2\/","name":"Compre el aerosol l\u00edquido K2 de Cloud 9 en venta en l\u00ednea: compre el aerosol de especias K2","isPartOf":{"@id":"https:\/\/frcs-research.com\/#website"},"primaryImageOfPage":{"@id":"https:\/\/frcs-research.com\/product\/buy-cloud-9-liquid-k2\/#primaryimage"},"image":{"@id":"https:\/\/frcs-research.com\/product\/buy-cloud-9-liquid-k2\/#primaryimage"},"thumbnailUrl":"https:\/\/frcs-research.com\/wp-content\/uploads\/2024\/10\/Magical-quick-dry-200ml-potion-gallery_2_1.webp","datePublished":"2024-10-13T10:00:39+00:00","dateModified":"2026-04-05T09:42:21+00:00","description":"Compra el espray l\u00edquido K2 de Cloud 9 en l\u00ednea en FRCSResearch. Experimenta los efectos suaves y potentes de este espray de especias K2 de primera categor\u00eda.","breadcrumb":{"@id":"https:\/\/frcs-research.com\/product\/buy-cloud-9-liquid-k2\/#breadcrumb"},"inLanguage":"es","potentialAction":[{"@type":"ReadAction","target":["https:\/\/frcs-research.com\/product\/buy-cloud-9-liquid-k2\/"]}]},{"@type":"ImageObject","inLanguage":"es","@id":"https:\/\/frcs-research.com\/product\/buy-cloud-9-liquid-k2\/#primaryimage","url":"https:\/\/frcs-research.com\/wp-content\/uploads\/2024\/10\/Magical-quick-dry-200ml-potion-gallery_2_1.webp","contentUrl":"https:\/\/frcs-research.com\/wp-content\/uploads\/2024\/10\/Magical-quick-dry-200ml-potion-gallery_2_1.webp","width":900,"height":1000,"caption":"Cloud 9 Liquid K2 Spray"},{"@type":"BreadcrumbList","@id":"https:\/\/frcs-research.com\/product\/buy-cloud-9-liquid-k2\/#breadcrumb","itemListElement":[{"@type":"ListItem","position":1,"name":"Home","item":"https:\/\/frcs-research.com\/"},{"@type":"ListItem","position":2,"name":"Shop","item":"https:\/\/frcs-research.com\/shop\/"},{"@type":"ListItem","position":3,"name":"Cloud 9 Liquid K2 Spray"}]},{"@type":"WebSite","@id":"https:\/\/frcs-research.com\/#website","url":"https:\/\/frcs-research.com\/","name":"Proveedor mayorista de productos qu\u00edmicos de investigaci\u00f3n, 4 mmc, 3 mmc, MDPHP, Alpha PVP y m\u00e1s","description":"Productos qu\u00edmicos de investigaci\u00f3n al por mayor","potentialAction":[{"@type":"SearchAction","target":{"@type":"EntryPoint","urlTemplate":"https:\/\/frcs-research.com\/?s={search_term_string}"},"query-input":{"@type":"PropertyValueSpecification","valueRequired":true,"valueName":"search_term_string"}}],"inLanguage":"es"}]},"product_price_amount":"250.00","product_price_currency":"EUR","og_availability":"instock","product_availability":"instock","product_condition":"new"},"uagb_featured_image_src":{"full":["https:\/\/frcs-research.com\/wp-content\/uploads\/2024\/10\/Magical-quick-dry-200ml-potion-gallery_2_1.webp",900,1000,false],"thumbnail":["https:\/\/frcs-research.com\/wp-content\/uploads\/2024\/10\/Magical-quick-dry-200ml-potion-gallery_2_1-150x150.webp",150,150,true],"medium":["https:\/\/frcs-research.com\/wp-content\/uploads\/2024\/10\/Magical-quick-dry-200ml-potion-gallery_2_1-270x300.webp",270,300,true],"medium_large":["https:\/\/frcs-research.com\/wp-content\/uploads\/2024\/10\/Magical-quick-dry-200ml-potion-gallery_2_1-768x853.webp",768,853,true],"large":["https:\/\/frcs-research.com\/wp-content\/uploads\/2024\/10\/Magical-quick-dry-200ml-potion-gallery_2_1.webp",900,1000,false],"1536x1536":["https:\/\/frcs-research.com\/wp-content\/uploads\/2024\/10\/Magical-quick-dry-200ml-potion-gallery_2_1.webp",900,1000,false],"2048x2048":["https:\/\/frcs-research.com\/wp-content\/uploads\/2024\/10\/Magical-quick-dry-200ml-potion-gallery_2_1.webp",900,1000,false],"trp-custom-language-flag":["https:\/\/frcs-research.com\/wp-content\/uploads\/2024\/10\/Magical-quick-dry-200ml-potion-gallery_2_1.webp",11,12,false],"post-thumbnail":["https:\/\/frcs-research.com\/wp-content\/uploads\/2024\/10\/Magical-quick-dry-200ml-potion-gallery_2_1.webp",558,620,false],"elite-commerce-slider":["https:\/\/frcs-research.com\/wp-content\/uploads\/2024\/10\/Magical-quick-dry-200ml-potion-gallery_2_1.webp",900,1000,false],"elite-commerce-hero":["https:\/\/frcs-research.com\/wp-content\/uploads\/2024\/10\/Magical-quick-dry-200ml-potion-gallery_2_1.webp",585,650,false],"elite-commerce-portfolio":["https:\/\/frcs-research.com\/wp-content\/uploads\/2024\/10\/Magical-quick-dry-200ml-potion-gallery_2_1.webp",400,444,false],"woocommerce_thumbnail":["https:\/\/frcs-research.com\/wp-content\/uploads\/2024\/10\/Magical-quick-dry-200ml-potion-gallery_2_1-300x300.webp",300,300,true],"woocommerce_single":["https:\/\/frcs-research.com\/wp-content\/uploads\/2024\/10\/Magical-quick-dry-200ml-potion-gallery_2_1-600x667.webp",600,667,true],"woocommerce_gallery_thumbnail":["https:\/\/frcs-research.com\/wp-content\/uploads\/2024\/10\/Magical-quick-dry-200ml-potion-gallery_2_1-100x100.webp",100,100,true]},"uagb_author_info":{"display_name":"Richard Wood","author_link":"https:\/\/frcs-research.com\/es\/author\/"},"uagb_comment_info":735,"uagb_excerpt":"Buy Cloud 9 Liquid K2 Spray Online \u2013 Premium K2 Spice Spray for Sale at FRCSResearch Looking for a smooth and powerful K2 experience? Cloud 9 Liquid K2 Spray is&hellip;&euro;270.00 El precio original era: &euro;270.00.&euro;250.00El precio actual es: &euro;250.00.A\u00f1adir a la cesta","_links":{"self":[{"href":"https:\/\/frcs-research.com\/es\/wp-json\/wp\/v2\/product\/810","targetHints":{"allow":["GET"]}}],"collection":[{"href":"https:\/\/frcs-research.com\/es\/wp-json\/wp\/v2\/product"}],"about":[{"href":"https:\/\/frcs-research.com\/es\/wp-json\/wp\/v2\/types\/product"}],"replies":[{"embeddable":true,"href":"https:\/\/frcs-research.com\/es\/wp-json\/wp\/v2\/comments?post=810"}],"wp:featuredmedia":[{"embeddable":true,"href":"https:\/\/frcs-research.com\/es\/wp-json\/wp\/v2\/media\/811"}],"wp:attachment":[{"href":"https:\/\/frcs-research.com\/es\/wp-json\/wp\/v2\/media?parent=810"}],"wp:term":[{"taxonomy":"product_brand","embeddable":true,"href":"https:\/\/frcs-research.com\/es\/wp-json\/wp\/v2\/product_brand?post=810"},{"taxonomy":"product_cat","embeddable":true,"href":"https:\/\/frcs-research.com\/es\/wp-json\/wp\/v2\/product_cat?post=810"},{"taxonomy":"product_tag","embeddable":true,"href":"https:\/\/frcs-research.com\/es\/wp-json\/wp\/v2\/product_tag?post=810"}],"curies":[{"name":"wp","href":"https:\/\/api.w.org\/{rel}","templated":true}]}}