{"id":812,"date":"2024-10-13T10:07:47","date_gmt":"2024-10-13T10:07:47","guid":{"rendered":"https:\/\/frcs-research.com\/?post_type=product&#038;p=812"},"modified":"2026-04-02T13:52:22","modified_gmt":"2026-04-02T13:52:22","slug":"pistola-pulverizadora-ak-47-k2","status":"publish","type":"product","link":"https:\/\/frcs-research.com\/es\/product\/pistola-pulverizadora-ak-47-k2\/","title":{"rendered":"AK-47 K2 Spray 20ml"},"content":{"rendered":"<h1><strong>Compre AK-47 K2 Spray en l\u00ednea: experimente la potencia del spray de especias K2 m\u00e1s potente en FRCSResearch<\/strong><\/h1>\n<p>Si buscas una experiencia K2 intensa y potente, <strong>Pistola pulverizadora AK-47 K2<\/strong> \u00a1AK-47 es el producto ideal para ti! Conocido por su alta potencia y efectos excepcionales, AK-47 es uno de los productos m\u00e1s buscados. <strong>Aerosoles de especias K2<\/strong> en el mercado. <strong>Investigaci\u00f3n de FRCS<\/strong>, te ofrecemos la oportunidad de <strong>Comprar spray AK-47 K2 online<\/strong>, garantizando que tenga acceso a productos de primera calidad que brinden los resultados que busca.<\/p>\n<hr \/>\n<h3>\u00bfPor qu\u00e9 elegir el spray AK-47 K2?<\/h3>\n<p><strong>Pistola pulverizadora AK-47 K2<\/strong> es famoso por sus efectos robustos, lo que lo convierte en uno de los favoritos entre los entusiastas de K2. Ya sea que sea un usuario experimentado o que pruebe K2 por primera vez, este producto garantiza una experiencia potente y memorable. Esto es lo que hace <strong>Pistola pulverizadora AK-47 K2<\/strong> destacar:<\/p>\n<ul>\n<li><strong>Potencia intensa<\/strong>Conocido por sus altos niveles de potencia, AK-47 K2 Spray ofrece uno de los efectos m\u00e1s fuertes disponibles en el mercado K2.<\/li>\n<li><strong>Efectos duraderos<\/strong>:Disfrute de horas de euforia y relajaci\u00f3n que proporciona este spray K2 premium.<\/li>\n<li><strong>Uso vers\u00e1til<\/strong>:Perfecto para rociar. <strong>Papel con infusi\u00f3n de K2<\/strong> o como un producto independiente para efectos inmediatos.<\/li>\n<li><strong>Seguro de calidad<\/strong>:Nuestros productos K2, incluido el AK-47, se prueban en laboratorio para garantizar que cumplen con los m\u00e1s altos est\u00e1ndares de seguridad y calidad.<\/li>\n<\/ul>\n<hr \/>\n<h3>Caracter\u00edsticas del spray AK-47 K2<\/h3>\n<p>Cuando tu <strong>Comprar spray AK-47 K2 online<\/strong>Obtendr\u00e1s un producto que ofrece:<\/p>\n<ul>\n<li><strong>F\u00e1cil aplicaci\u00f3n<\/strong>:El formato en spray facilita su aplicaci\u00f3n sobre papel u otros productos a base de hierbas.<\/li>\n<li><strong>Experiencia poderosa<\/strong>:Los usuarios informan intensas sensaciones de euforia y relajaci\u00f3n, lo que lo hace ideal para relajarse despu\u00e9s de un largo d\u00eda.<\/li>\n<li><strong>Marca de confianza<\/strong>:AK-47 es un nombre reconocido en la comunidad K2, conocido por su consistencia y calidad.<\/li>\n<\/ul>\n<hr \/>\n<h3>\u00bfD\u00f3nde comprar spray AK-47 K2 online?<\/h3>\n<p>Puedes hacerlo f\u00e1cilmente <strong>comprar spray AK-47 K2<\/strong> de <strong>Investigaci\u00f3n de FRCS<\/strong>, su fuente de confianza en l\u00ednea para productos K2 de alta calidad. Nuestro sitio web ofrece una experiencia de compra sencilla, que le permite explorar nuestra amplia selecci\u00f3n de <a href=\"https:\/\/frcs-research.com\/es\/product-category\/cannabinoides-sinteticos\/especias-y-k2\/\"><strong>Aerosoles de especias K2<\/strong><\/a> y realiza tu compra de forma segura.<\/p>\n<p>En <strong>Investigaci\u00f3n de FRCS<\/strong>Priorizamos la satisfacci\u00f3n del cliente ofreciendo:<\/p>\n<ul>\n<li><strong>Env\u00edo discreto<\/strong>:Tu privacidad es importante para nosotros. Todos los pedidos se env\u00edan de forma segura y discreta.<\/li>\n<li><strong>Precios competitivos<\/strong>:Ofrecemos los mejores precios en productos K2 de alta calidad, garantizando que obtenga el m\u00e1ximo valor por su dinero.<\/li>\n<li><strong>Entrega r\u00e1pida<\/strong>:Disfruta de tiempos de env\u00edo r\u00e1pidos para que puedas comenzar tu experiencia K2 lo antes posible.<\/li>\n<\/ul>\n<hr \/>\n<h3>C\u00f3mo utilizar el spray AK-47 K2<\/h3>\n<p>Usando <strong>Pistola pulverizadora AK-47 K2<\/strong> Es muy sencillo. Simplemente roc\u00ede una peque\u00f1a cantidad en su <strong>Papel K2<\/strong> o el producto herbal deseado y espere unos minutos para que los efectos surtan efecto. Un poco rinde mucho, lo que hace de esta una opci\u00f3n rentable para quienes buscan explorar la experiencia K2.<\/p>\n<hr \/>\n<h3>\u00a1Compra AK-47 K2 Spray hoy mismo!<\/h3>\n<p>No pierdas la oportunidad de mejorar tu experiencia en K2. <strong>Comprar spray AK-47 K2 online<\/strong> de <strong>Investigaci\u00f3n de FRCS<\/strong> hoy y descubre por qu\u00e9 este potente producto es uno de los favoritos entre los usuarios de K2. Con un env\u00edo r\u00e1pido y discreto y una calidad inigualable, puedes confiar en que te entregaremos lo mejor. <strong>Aerosoles de especias K2<\/strong> disponible.<\/p>\n<p>Ordene ahora y experimente los poderosos efectos de <strong>Pistola pulverizadora AK-47 K2<\/strong>!<\/p>\n<hr \/>\n<p><strong>Palabras clave integradas<\/strong>:<\/p>\n<ul>\n<li>Comprar spray AK-47 K2 online<\/li>\n<li>Venta de spray AK-47 K2<\/li>\n<li>El spray de especias K2 m\u00e1s potente<\/li>\n<li>K2 en spray sobre papel<\/li>\n<li>D\u00f3nde comprar spray AK-47 K2<\/li>\n<li>Spray de especias K2 en l\u00ednea<\/li>\n<li>Productos K2 Premium<\/li>\n<\/ul>","protected":false},"excerpt":{"rendered":"<p>Buy AK-47 K2 Spray Online \u2013 Experience the Potency of the Strongest K2 Spice Spray at FRCSResearch If you\u2019re looking for an intense and powerful K2 experience, AK-47 K2 Spray&hellip;<\/p>\n<p class=\"product woocommerce add_to_cart_inline\" style=\"border:4px solid #ccc; padding: 12px;\"><del aria-hidden=\"true\"><span class=\"woocommerce-Price-amount amount\"><bdi><span class=\"woocommerce-Price-currencySymbol\">&euro;<\/span>90.00<\/bdi><\/span><\/del> <span class=\"screen-reader-text\" data-no-translation=\"\" data-trp-gettext=\"\">El precio original era: &euro;90.00.<\/span><ins aria-hidden=\"true\"><span class=\"woocommerce-Price-amount amount\"><bdi><span class=\"woocommerce-Price-currencySymbol\">&euro;<\/span>80.00<\/bdi><\/span><\/ins><span class=\"screen-reader-text\" data-no-translation=\"\" data-trp-gettext=\"\">El precio actual es: &euro;80.00.<\/span><a href=\"\/es\/wp-json\/wp\/v2\/product\/812?add-to-cart=812\" aria-describedby=\"woocommerce_loop_add_to_cart_link_describedby_812\" data-quantity=\"1\" class=\"button product_type_simple add_to_cart_button ajax_add_to_cart\" data-product_id=\"812\" data-product_sku=\"\" aria-label=\"A\u00f1adir al carrito: \u201cAK-47 K2 Spray 20ml\u201d\" rel=\"nofollow\" data-success_message=\"\u00abAK-47 K2 Spray 20ml\u00bb se ha a\u00f1adido a tu carrito\" data-no-translation=\"\" data-trp-gettext=\"\" data-no-translation-aria-label=\"\" data-no-translation-data-success_message=\"\">A\u00f1adir a la cesta<\/a>\t<span id=\"woocommerce_loop_add_to_cart_link_describedby_812\" class=\"screen-reader-text\"><br \/>\n\t\t\t<\/span><\/p>","protected":false},"featured_media":813,"comment_status":"open","ping_status":"closed","template":"","meta":{"_uag_custom_page_level_css":""},"product_brand":[],"product_cat":[124],"product_tag":[],"class_list":{"0":"post-812","1":"product","2":"type-product","3":"status-publish","4":"has-post-thumbnail","6":"product_cat-spice-and-k2","8":"first","9":"instock","10":"sale","11":"shipping-taxable","12":"purchasable","13":"product-type-simple"},"yoast_head":"<!-- This site is optimized with the Yoast SEO plugin v27.1.1 - https:\/\/yoast.com\/product\/yoast-seo-wordpress\/ -->\n<title>Buy AK-47 K2 Spray Online \u2013 Strongest K2 Spice Spray for Sale<\/title>\n<meta name=\"description\" content=\"Buy AK-47 K2 Spray online at FRCSResearch. Experience intense potency and long-lasting effects from this top-rated K2 spice spray.\" \/>\n<meta name=\"robots\" content=\"index, follow, max-snippet:-1, max-image-preview:large, max-video-preview:-1\" \/>\n<link rel=\"canonical\" href=\"https:\/\/frcs-research.com\/es\/product\/pistola-pulverizadora-ak-47-k2\/\" \/>\n<meta property=\"og:locale\" content=\"es_ES\" \/>\n<meta property=\"og:type\" content=\"article\" \/>\n<meta property=\"og:title\" content=\"Buy AK-47 K2 Spray Online \u2013 Strongest K2 Spice Spray for Sale\" \/>\n<meta property=\"og:description\" content=\"Buy AK-47 K2 Spray online at FRCSResearch. Experience intense potency and long-lasting effects from this top-rated K2 spice spray.\" \/>\n<meta property=\"og:url\" content=\"https:\/\/frcs-research.com\/es\/product\/pistola-pulverizadora-ak-47-k2\/\" \/>\n<meta property=\"og:site_name\" content=\"wholesale supplier of research chemicals, 4mmc, 3mmc, MDPHP, Alpha PVP and more\" \/>\n<meta property=\"article:modified_time\" content=\"2026-04-02T13:52:22+00:00\" \/>\n<meta property=\"og:image\" content=\"https:\/\/frcs-research.com\/wp-content\/uploads\/2024\/10\/terpenes-e-liquid-ak-47.jpg\" \/>\n\t<meta property=\"og:image:width\" content=\"250\" \/>\n\t<meta property=\"og:image:height\" content=\"250\" \/>\n\t<meta property=\"og:image:type\" content=\"image\/jpeg\" \/>\n<meta name=\"twitter:card\" content=\"summary_large_image\" \/>\n<meta name=\"twitter:label1\" content=\"Precio\" \/>\n\t<meta name=\"twitter:data1\" content=\"&euro;80.00\" \/>\n\t<meta name=\"twitter:label2\" content=\"Disponibilidad\" \/>\n\t<meta name=\"twitter:data2\" content=\"Disponible\" \/>\n<script type=\"application\/ld+json\" class=\"yoast-schema-graph\">{\"@context\":\"https:\/\/schema.org\",\"@graph\":[{\"@type\":[\"WebPage\",\"ItemPage\"],\"@id\":\"https:\/\/frcs-research.com\/product\/ak-47-k2-spray\/\",\"url\":\"https:\/\/frcs-research.com\/product\/ak-47-k2-spray\/\",\"name\":\"Buy AK-47 K2 Spray Online \u2013 Strongest K2 Spice Spray for Sale\",\"isPartOf\":{\"@id\":\"https:\/\/frcs-research.com\/#website\"},\"primaryImageOfPage\":{\"@id\":\"https:\/\/frcs-research.com\/product\/ak-47-k2-spray\/#primaryimage\"},\"image\":{\"@id\":\"https:\/\/frcs-research.com\/product\/ak-47-k2-spray\/#primaryimage\"},\"thumbnailUrl\":\"https:\/\/frcs-research.com\/wp-content\/uploads\/2024\/10\/terpenes-e-liquid-ak-47.jpg\",\"datePublished\":\"2024-10-13T10:07:47+00:00\",\"dateModified\":\"2026-04-02T13:52:22+00:00\",\"description\":\"Buy AK-47 K2 Spray online at FRCSResearch. Experience intense potency and long-lasting effects from this top-rated K2 spice spray.\",\"breadcrumb\":{\"@id\":\"https:\/\/frcs-research.com\/product\/ak-47-k2-spray\/#breadcrumb\"},\"inLanguage\":\"es\",\"potentialAction\":[{\"@type\":\"ReadAction\",\"target\":[\"https:\/\/frcs-research.com\/product\/ak-47-k2-spray\/\"]}]},{\"@type\":\"ImageObject\",\"inLanguage\":\"es\",\"@id\":\"https:\/\/frcs-research.com\/product\/ak-47-k2-spray\/#primaryimage\",\"url\":\"https:\/\/frcs-research.com\/wp-content\/uploads\/2024\/10\/terpenes-e-liquid-ak-47.jpg\",\"contentUrl\":\"https:\/\/frcs-research.com\/wp-content\/uploads\/2024\/10\/terpenes-e-liquid-ak-47.jpg\",\"width\":250,\"height\":250,\"caption\":\"Buy AK-47 K2 Spray Online\"},{\"@type\":\"BreadcrumbList\",\"@id\":\"https:\/\/frcs-research.com\/product\/ak-47-k2-spray\/#breadcrumb\",\"itemListElement\":[{\"@type\":\"ListItem\",\"position\":1,\"name\":\"Home\",\"item\":\"https:\/\/frcs-research.com\/\"},{\"@type\":\"ListItem\",\"position\":2,\"name\":\"Shop\",\"item\":\"https:\/\/frcs-research.com\/shop\/\"},{\"@type\":\"ListItem\",\"position\":3,\"name\":\"AK-47 K2 Spray 20ml\"}]},{\"@type\":\"WebSite\",\"@id\":\"https:\/\/frcs-research.com\/#website\",\"url\":\"https:\/\/frcs-research.com\/\",\"name\":\"wholesale supplier of research chemicals, 4mmc, 3mmc, MDPHP, Alpha PVP and more\",\"description\":\"Wholesale research chemicals\",\"potentialAction\":[{\"@type\":\"SearchAction\",\"target\":{\"@type\":\"EntryPoint\",\"urlTemplate\":\"https:\/\/frcs-research.com\/?s={search_term_string}\"},\"query-input\":{\"@type\":\"PropertyValueSpecification\",\"valueRequired\":true,\"valueName\":\"search_term_string\"}}],\"inLanguage\":\"es\"}]}<\/script>\n<meta property=\"product:price:amount\" content=\"80.00\" \/>\n<meta property=\"product:price:currency\" content=\"EUR\" \/>\n<meta property=\"og:availability\" content=\"instock\" \/>\n<meta property=\"product:availability\" content=\"instock\" \/>\n<meta property=\"product:condition\" content=\"new\" \/>\n<!-- \/ Yoast SEO plugin. -->","yoast_head_json":{"title":"Compre AK-47 K2 Spray en l\u00ednea: el spray de especias K2 m\u00e1s potente a la venta","description":"Compre AK-47 K2 Spray en l\u00ednea en FRCSResearch. Experimente una potencia intensa y efectos duraderos con este espray de especias K2 de primera categor\u00eda.","robots":{"index":"index","follow":"follow","max-snippet":"max-snippet:-1","max-image-preview":"max-image-preview:large","max-video-preview":"max-video-preview:-1"},"canonical":"https:\/\/frcs-research.com\/es\/product\/pistola-pulverizadora-ak-47-k2\/","og_locale":"es_ES","og_type":"article","og_title":"Buy AK-47 K2 Spray Online \u2013 Strongest K2 Spice Spray for Sale","og_description":"Buy AK-47 K2 Spray online at FRCSResearch. Experience intense potency and long-lasting effects from this top-rated K2 spice spray.","og_url":"https:\/\/frcs-research.com\/es\/product\/pistola-pulverizadora-ak-47-k2\/","og_site_name":"wholesale supplier of research chemicals, 4mmc, 3mmc, MDPHP, Alpha PVP and more","article_modified_time":"2026-04-02T13:52:22+00:00","og_image":[{"width":250,"height":250,"url":"https:\/\/frcs-research.com\/wp-content\/uploads\/2024\/10\/terpenes-e-liquid-ak-47.jpg","type":"image\/jpeg"}],"twitter_card":"summary_large_image","twitter_misc":{"Precio":"&euro;80.00","Disponibilidad":"Disponible"},"schema":{"@context":"https:\/\/schema.org","@graph":[{"@type":["WebPage","ItemPage"],"@id":"https:\/\/frcs-research.com\/product\/ak-47-k2-spray\/","url":"https:\/\/frcs-research.com\/product\/ak-47-k2-spray\/","name":"Compre AK-47 K2 Spray en l\u00ednea: el spray de especias K2 m\u00e1s potente a la venta","isPartOf":{"@id":"https:\/\/frcs-research.com\/#website"},"primaryImageOfPage":{"@id":"https:\/\/frcs-research.com\/product\/ak-47-k2-spray\/#primaryimage"},"image":{"@id":"https:\/\/frcs-research.com\/product\/ak-47-k2-spray\/#primaryimage"},"thumbnailUrl":"https:\/\/frcs-research.com\/wp-content\/uploads\/2024\/10\/terpenes-e-liquid-ak-47.jpg","datePublished":"2024-10-13T10:07:47+00:00","dateModified":"2026-04-02T13:52:22+00:00","description":"Compre AK-47 K2 Spray en l\u00ednea en FRCSResearch. Experimente una potencia intensa y efectos duraderos con este espray de especias K2 de primera categor\u00eda.","breadcrumb":{"@id":"https:\/\/frcs-research.com\/product\/ak-47-k2-spray\/#breadcrumb"},"inLanguage":"es","potentialAction":[{"@type":"ReadAction","target":["https:\/\/frcs-research.com\/product\/ak-47-k2-spray\/"]}]},{"@type":"ImageObject","inLanguage":"es","@id":"https:\/\/frcs-research.com\/product\/ak-47-k2-spray\/#primaryimage","url":"https:\/\/frcs-research.com\/wp-content\/uploads\/2024\/10\/terpenes-e-liquid-ak-47.jpg","contentUrl":"https:\/\/frcs-research.com\/wp-content\/uploads\/2024\/10\/terpenes-e-liquid-ak-47.jpg","width":250,"height":250,"caption":"Buy AK-47 K2 Spray Online"},{"@type":"BreadcrumbList","@id":"https:\/\/frcs-research.com\/product\/ak-47-k2-spray\/#breadcrumb","itemListElement":[{"@type":"ListItem","position":1,"name":"Home","item":"https:\/\/frcs-research.com\/"},{"@type":"ListItem","position":2,"name":"Shop","item":"https:\/\/frcs-research.com\/shop\/"},{"@type":"ListItem","position":3,"name":"AK-47 K2 Spray 20ml"}]},{"@type":"WebSite","@id":"https:\/\/frcs-research.com\/#website","url":"https:\/\/frcs-research.com\/","name":"Proveedor mayorista de productos qu\u00edmicos de investigaci\u00f3n, 4 mmc, 3 mmc, MDPHP, Alpha PVP y m\u00e1s","description":"Productos qu\u00edmicos de investigaci\u00f3n al por mayor","potentialAction":[{"@type":"SearchAction","target":{"@type":"EntryPoint","urlTemplate":"https:\/\/frcs-research.com\/?s={search_term_string}"},"query-input":{"@type":"PropertyValueSpecification","valueRequired":true,"valueName":"search_term_string"}}],"inLanguage":"es"}]},"product_price_amount":"80.00","product_price_currency":"EUR","og_availability":"instock","product_availability":"instock","product_condition":"new"},"uagb_featured_image_src":{"full":["https:\/\/frcs-research.com\/wp-content\/uploads\/2024\/10\/terpenes-e-liquid-ak-47.jpg",250,250,false],"thumbnail":["https:\/\/frcs-research.com\/wp-content\/uploads\/2024\/10\/terpenes-e-liquid-ak-47-150x150.jpg",150,150,true],"medium":["https:\/\/frcs-research.com\/wp-content\/uploads\/2024\/10\/terpenes-e-liquid-ak-47.jpg",250,250,false],"medium_large":["https:\/\/frcs-research.com\/wp-content\/uploads\/2024\/10\/terpenes-e-liquid-ak-47.jpg",250,250,false],"large":["https:\/\/frcs-research.com\/wp-content\/uploads\/2024\/10\/terpenes-e-liquid-ak-47.jpg",250,250,false],"1536x1536":["https:\/\/frcs-research.com\/wp-content\/uploads\/2024\/10\/terpenes-e-liquid-ak-47.jpg",250,250,false],"2048x2048":["https:\/\/frcs-research.com\/wp-content\/uploads\/2024\/10\/terpenes-e-liquid-ak-47.jpg",250,250,false],"trp-custom-language-flag":["https:\/\/frcs-research.com\/wp-content\/uploads\/2024\/10\/terpenes-e-liquid-ak-47.jpg",12,12,false],"post-thumbnail":["https:\/\/frcs-research.com\/wp-content\/uploads\/2024\/10\/terpenes-e-liquid-ak-47.jpg",250,250,false],"elite-commerce-slider":["https:\/\/frcs-research.com\/wp-content\/uploads\/2024\/10\/terpenes-e-liquid-ak-47.jpg",250,250,false],"elite-commerce-hero":["https:\/\/frcs-research.com\/wp-content\/uploads\/2024\/10\/terpenes-e-liquid-ak-47.jpg",250,250,false],"elite-commerce-portfolio":["https:\/\/frcs-research.com\/wp-content\/uploads\/2024\/10\/terpenes-e-liquid-ak-47.jpg",250,250,false],"woocommerce_thumbnail":["https:\/\/frcs-research.com\/wp-content\/uploads\/2024\/10\/terpenes-e-liquid-ak-47.jpg",250,250,false],"woocommerce_single":["https:\/\/frcs-research.com\/wp-content\/uploads\/2024\/10\/terpenes-e-liquid-ak-47.jpg",250,250,false],"woocommerce_gallery_thumbnail":["https:\/\/frcs-research.com\/wp-content\/uploads\/2024\/10\/terpenes-e-liquid-ak-47-100x100.jpg",100,100,true]},"uagb_author_info":{"display_name":"Richard Wood","author_link":"https:\/\/frcs-research.com\/es\/author\/"},"uagb_comment_info":752,"uagb_excerpt":"Buy AK-47 K2 Spray Online \u2013 Experience the Potency of the Strongest K2 Spice Spray at FRCSResearch If you\u2019re looking for an intense and powerful K2 experience, AK-47 K2 Spray&hellip;&euro;90.00 El precio original era: &euro;90.00.&euro;80.00El precio actual es: &euro;80.00.A\u00f1adir a la cesta","_links":{"self":[{"href":"https:\/\/frcs-research.com\/es\/wp-json\/wp\/v2\/product\/812","targetHints":{"allow":["GET"]}}],"collection":[{"href":"https:\/\/frcs-research.com\/es\/wp-json\/wp\/v2\/product"}],"about":[{"href":"https:\/\/frcs-research.com\/es\/wp-json\/wp\/v2\/types\/product"}],"replies":[{"embeddable":true,"href":"https:\/\/frcs-research.com\/es\/wp-json\/wp\/v2\/comments?post=812"}],"wp:featuredmedia":[{"embeddable":true,"href":"https:\/\/frcs-research.com\/es\/wp-json\/wp\/v2\/media\/813"}],"wp:attachment":[{"href":"https:\/\/frcs-research.com\/es\/wp-json\/wp\/v2\/media?parent=812"}],"wp:term":[{"taxonomy":"product_brand","embeddable":true,"href":"https:\/\/frcs-research.com\/es\/wp-json\/wp\/v2\/product_brand?post=812"},{"taxonomy":"product_cat","embeddable":true,"href":"https:\/\/frcs-research.com\/es\/wp-json\/wp\/v2\/product_cat?post=812"},{"taxonomy":"product_tag","embeddable":true,"href":"https:\/\/frcs-research.com\/es\/wp-json\/wp\/v2\/product_tag?post=812"}],"curies":[{"name":"wp","href":"https:\/\/api.w.org\/{rel}","templated":true}]}}