{"id":814,"date":"2024-10-13T10:16:09","date_gmt":"2024-10-13T10:16:09","guid":{"rendered":"https:\/\/frcs-research.com\/?post_type=product&#038;p=814"},"modified":"2026-04-04T06:53:05","modified_gmt":"2026-04-04T06:53:05","slug":"comprar-papel-k2","status":"publish","type":"product","link":"https:\/\/frcs-research.com\/es\/product\/comprar-papel-k2\/","title":{"rendered":"K2 Paper 1sheet"},"content":{"rendered":"<h1><strong>Bienvenido a FRCSResearch: su fuente confiable de los productos K2 m\u00e1s potentes<\/strong><\/h1>\n<p>En <strong>Investigaci\u00f3n de FRCS<\/strong>Nos especializamos en brindar la <strong>El spray K2 m\u00e1s fuerte sobre papel<\/strong> y otros productos K2 de alta calidad. Ya sea que est\u00e9 buscando mejorar su experiencia con <strong>Papel con infusi\u00f3n de K2<\/strong> o buscando el <strong>El spray K2 m\u00e1s potente a la venta<\/strong>Lo tenemos cubierto. Nuestra misi\u00f3n es ofrecer productos excepcionales a precios asequibles y al mismo tiempo garantizar los m\u00e1s altos est\u00e1ndares de calidad y seguridad.<\/p>\n<hr \/>\n<h3>Descubra el spray K2 m\u00e1s potente del mercado<\/h3>\n<p>Buscando el <strong>El spray K2 m\u00e1s potente a la venta<\/strong>? \u00a1Has llegado al lugar correcto! Nuestra selecci\u00f3n incluye varios productos de alta potencia. <a href=\"https:\/\/frcs-research.com\/es\/product-category\/cannabinoides-sinteticos\/especias-y-k2\/\">Aerosoles K2<\/a> Dise\u00f1ado para brindar una experiencia intensa y duradera. Aqu\u00ed te contamos por qu\u00e9 deber\u00edas elegir <strong>Investigaci\u00f3n de FRCS<\/strong> Para sus necesidades de K2:<\/p>\n<ul>\n<li><strong>Sprays K2 de m\u00e1xima calidad<\/strong>:Nuestros aerosoles est\u00e1n formulados para brindar efectos poderosos, lo que garantiza que aproveche al m\u00e1ximo su compra.<\/li>\n<li><strong>Opciones vers\u00e1tiles<\/strong>:Utilice nuestros sprays K2 en <strong>Papel con infusi\u00f3n de K2<\/strong> para mayor comodidad y eficacia.<\/li>\n<\/ul>\n<hr \/>\n<h3>Explore nuestro papel con infusi\u00f3n K2 a la venta<\/h3>\n<p>Ofrecemos una variedad de <strong>Papel con infusi\u00f3n de K2 a la venta<\/strong>Dise\u00f1ado para maximizar su experiencia con K2. Nuestro papel es perfecto para quienes desean disfrutar de K2 de una manera discreta y sencilla. Esto es lo que puede esperar cuando compre con nosotros:<\/p>\n<ul>\n<li><strong>Papel con infusi\u00f3n K2 barato<\/strong>:La calidad no tiene por qu\u00e9 ser costosa. Ofrecemos precios competitivos. <strong>Papel con infusi\u00f3n de K2<\/strong>, haci\u00e9ndolo accesible a todos.<\/li>\n<li><strong>El papel K2 m\u00e1s resistente disponible<\/strong>:Nuestro papel con infusi\u00f3n de K2 est\u00e1 dise\u00f1ado para brindar los efectos m\u00e1s fuertes, garantizando que tenga una experiencia poderosa y agradable.<\/li>\n<\/ul>\n<hr \/>\n<h3>D\u00f3nde comprar papel K2<\/h3>\n<p>Si te lo est\u00e1s preguntando <strong>D\u00f3nde comprar papel K2<\/strong>\u00a1No busques m\u00e1s! <strong>Investigaci\u00f3n de FRCS<\/strong> ofrece una experiencia de compra sencilla con una amplia selecci\u00f3n de productos K2:<\/p>\n<ul>\n<li><strong>Documento de la c\u00e1rcel K2<\/strong>:Ofrecemos la opci\u00f3n \u00fanica de <strong>Compre papel de c\u00e1rcel K2 en l\u00ednea<\/strong>, perfecto para quienes buscan casos de uso espec\u00edficos. Nuestro papel de c\u00e1rcel est\u00e1 dise\u00f1ado para una aplicaci\u00f3n sencilla y un uso eficaz.<\/li>\n<li><strong>K2 Spice D\u00f3nde comprar<\/strong>:Nuestro sitio web es su tienda \u00fanica para todo lo relacionado con K2. Ya sea que necesite aerosoles, papel impregnado u otros productos K2, puede encontrarlos todos en un solo lugar conveniente.<\/li>\n<\/ul>\n<hr \/>\n<h3>\u00bfPor qu\u00e9 elegir FRCSResearch?<\/h3>\n<p>En <strong>Investigaci\u00f3n de FRCS<\/strong>Nos dedicamos a ofrecer los mejores productos K2 del mercado. Estas son las razones por las que deber\u00eda comprar con nosotros:<\/p>\n<ul>\n<li><strong>Seguro de calidad<\/strong>:Todos nuestros productos est\u00e1n probados en cuanto a seguridad y potencia, garantizando que usted reciba solo lo mejor.<\/li>\n<li><strong>Env\u00edo discreto<\/strong>:Valoramos su privacidad. Todos los pedidos se env\u00edan de forma discreta, lo que garantiza la confidencialidad.<\/li>\n<li><strong>Satisfacci\u00f3n del cliente<\/strong>:Nuestra m\u00e1xima prioridad es su satisfacci\u00f3n. Nos esforzamos por ofrecer una experiencia de compra excepcional.<\/li>\n<\/ul>\n<hr \/>\n<h3>\u00a1Compre hoy los productos K2 m\u00e1s potentes!<\/h3>\n<p>\u00bfEst\u00e1s listo para mejorar tu experiencia? <strong>Compra papel K2 y los sprays K2 m\u00e1s potentes<\/strong> de <strong>Investigaci\u00f3n de FRCS<\/strong> \u00a1Hoy mismo! Con nuestra amplia selecci\u00f3n, precios competitivos y compromiso con la calidad, encontrar\u00e1 todo lo que necesita para vivir la mejor experiencia K2. \u00a1No espere, haga su pedido ahora y descubra lo mejor en productos K2!<\/p>\n<hr \/>\n<p><strong>Palabras clave integradas<\/strong>:<\/p>\n<ul>\n<li>El spray K2 m\u00e1s fuerte sobre papel.<\/li>\n<li>El spray K2 m\u00e1s potente a la venta.<\/li>\n<li>Papel infundido con K2 a la venta,<\/li>\n<li>Papel barato con infusi\u00f3n K2,<\/li>\n<li>D\u00f3nde comprar papel K2,<\/li>\n<li>Papel K2 m\u00e1s resistente,<\/li>\n<li>Compre papel de la c\u00e1rcel K2 en l\u00ednea,<\/li>\n<\/ul>","protected":false},"excerpt":{"rendered":"<p>Welcome to FRCSResearch \u2013 Your Trusted Source for the Strongest K2 Products At FRCSResearch, we specialize in providing the strongest K2 spray on paper and other high-quality K2 products. Whether&hellip;<\/p>\n<p class=\"product woocommerce add_to_cart_inline\" style=\"border:4px solid #ccc; padding: 12px;\"><del aria-hidden=\"true\"><span class=\"woocommerce-Price-amount amount\"><bdi><span class=\"woocommerce-Price-currencySymbol\">&euro;<\/span>130.00<\/bdi><\/span><\/del> <span class=\"screen-reader-text\" data-no-translation=\"\" data-trp-gettext=\"\">El precio original era: &euro;130.00.<\/span><ins aria-hidden=\"true\"><span class=\"woocommerce-Price-amount amount\"><bdi><span class=\"woocommerce-Price-currencySymbol\">&euro;<\/span>120.00<\/bdi><\/span><\/ins><span class=\"screen-reader-text\" data-no-translation=\"\" data-trp-gettext=\"\">El precio actual es: &euro;120.00.<\/span><a href=\"\/es\/wp-json\/wp\/v2\/product\/814?add-to-cart=814\" aria-describedby=\"woocommerce_loop_add_to_cart_link_describedby_814\" data-quantity=\"1\" class=\"button product_type_simple add_to_cart_button ajax_add_to_cart\" data-product_id=\"814\" data-product_sku=\"\" aria-label=\"A\u00f1adir al carrito: \u201cK2 Paper 1sheet\u201d\" rel=\"nofollow\" data-success_message=\"\u00abK2 Paper 1sheet\u00bb se ha a\u00f1adido a tu carrito\" data-no-translation=\"\" data-trp-gettext=\"\" data-no-translation-aria-label=\"\" data-no-translation-data-success_message=\"\">A\u00f1adir a la cesta<\/a>\t<span id=\"woocommerce_loop_add_to_cart_link_describedby_814\" class=\"screen-reader-text\"><br \/>\n\t\t\t<\/span><\/p>","protected":false},"featured_media":816,"comment_status":"open","ping_status":"closed","template":"","meta":{"_uag_custom_page_level_css":""},"product_brand":[],"product_cat":[124],"product_tag":[139,136,135,138,134,133,137],"class_list":{"0":"post-814","1":"product","2":"type-product","3":"status-publish","4":"has-post-thumbnail","6":"product_cat-spice-and-k2","7":"product_tag-buy-k2-jail-paper-online","8":"product_tag-cheap-k2-infused-paper","9":"product_tag-k2-infused-paper-for-sale","10":"product_tag-strongest-k2-paper","11":"product_tag-strongest-k2-spray-for-sale","12":"product_tag-strongest-k2-spray-on-paper","13":"product_tag-where-to-buy-k2-paper","15":"first","16":"instock","17":"sale","18":"shipping-taxable","19":"purchasable","20":"product-type-simple"},"yoast_head":"<!-- This site is optimized with the Yoast SEO plugin v27.1.1 - https:\/\/yoast.com\/product\/yoast-seo-wordpress\/ -->\n<title>Where to buy K2 paper, Strongest K2 Spray<\/title>\n<meta name=\"description\" content=\"Buy k2 paper and K2-infused paper for sale at FRCSResearch. Enjoy affordable prices on high-quality K2 products, including cheap K2 infused paper and K2 jail paper.\" \/>\n<meta name=\"robots\" content=\"index, follow, max-snippet:-1, max-image-preview:large, max-video-preview:-1\" \/>\n<link rel=\"canonical\" href=\"https:\/\/frcs-research.com\/es\/product\/comprar-papel-k2\/\" \/>\n<meta property=\"og:locale\" content=\"es_ES\" \/>\n<meta property=\"og:type\" content=\"article\" \/>\n<meta property=\"og:title\" content=\"Where to buy K2 paper, Strongest K2 Spray\" \/>\n<meta property=\"og:description\" content=\"Buy k2 paper and K2-infused paper for sale at FRCSResearch. Enjoy affordable prices on high-quality K2 products, including cheap K2 infused paper and K2 jail paper.\" \/>\n<meta property=\"og:url\" content=\"https:\/\/frcs-research.com\/es\/product\/comprar-papel-k2\/\" \/>\n<meta property=\"og:site_name\" content=\"wholesale supplier of research chemicals, 4mmc, 3mmc, MDPHP, Alpha PVP and more\" \/>\n<meta property=\"article:modified_time\" content=\"2026-04-04T06:53:05+00:00\" \/>\n<meta property=\"og:image\" content=\"https:\/\/frcs-research.com\/wp-content\/uploads\/2024\/10\/225407533669842a25f6c2922768036.jpg\" \/>\n\t<meta property=\"og:image:width\" content=\"614\" \/>\n\t<meta property=\"og:image:height\" content=\"768\" \/>\n\t<meta property=\"og:image:type\" content=\"image\/jpeg\" \/>\n<meta name=\"twitter:card\" content=\"summary_large_image\" \/>\n<meta name=\"twitter:label1\" content=\"Precio\" \/>\n\t<meta name=\"twitter:data1\" content=\"&euro;120.00\" \/>\n\t<meta name=\"twitter:label2\" content=\"Disponibilidad\" \/>\n\t<meta name=\"twitter:data2\" content=\"Disponible\" \/>\n<script type=\"application\/ld+json\" class=\"yoast-schema-graph\">{\"@context\":\"https:\/\/schema.org\",\"@graph\":[{\"@type\":[\"WebPage\",\"ItemPage\"],\"@id\":\"https:\/\/frcs-research.com\/product\/buy-k2-paper\/\",\"url\":\"https:\/\/frcs-research.com\/product\/buy-k2-paper\/\",\"name\":\"Where to buy K2 paper, Strongest K2 Spray\",\"isPartOf\":{\"@id\":\"https:\/\/frcs-research.com\/#website\"},\"primaryImageOfPage\":{\"@id\":\"https:\/\/frcs-research.com\/product\/buy-k2-paper\/#primaryimage\"},\"image\":{\"@id\":\"https:\/\/frcs-research.com\/product\/buy-k2-paper\/#primaryimage\"},\"thumbnailUrl\":\"https:\/\/frcs-research.com\/wp-content\/uploads\/2024\/10\/225407533669842a25f6c2922768036.jpg\",\"datePublished\":\"2024-10-13T10:16:09+00:00\",\"dateModified\":\"2026-04-04T06:53:05+00:00\",\"description\":\"Buy k2 paper and K2-infused paper for sale at FRCSResearch. Enjoy affordable prices on high-quality K2 products, including cheap K2 infused paper and K2 jail paper.\",\"breadcrumb\":{\"@id\":\"https:\/\/frcs-research.com\/product\/buy-k2-paper\/#breadcrumb\"},\"inLanguage\":\"es\",\"potentialAction\":[{\"@type\":\"ReadAction\",\"target\":[\"https:\/\/frcs-research.com\/product\/buy-k2-paper\/\"]}]},{\"@type\":\"ImageObject\",\"inLanguage\":\"es\",\"@id\":\"https:\/\/frcs-research.com\/product\/buy-k2-paper\/#primaryimage\",\"url\":\"https:\/\/frcs-research.com\/wp-content\/uploads\/2024\/10\/225407533669842a25f6c2922768036.jpg\",\"contentUrl\":\"https:\/\/frcs-research.com\/wp-content\/uploads\/2024\/10\/225407533669842a25f6c2922768036.jpg\",\"width\":614,\"height\":768},{\"@type\":\"BreadcrumbList\",\"@id\":\"https:\/\/frcs-research.com\/product\/buy-k2-paper\/#breadcrumb\",\"itemListElement\":[{\"@type\":\"ListItem\",\"position\":1,\"name\":\"Home\",\"item\":\"https:\/\/frcs-research.com\/\"},{\"@type\":\"ListItem\",\"position\":2,\"name\":\"Shop\",\"item\":\"https:\/\/frcs-research.com\/shop\/\"},{\"@type\":\"ListItem\",\"position\":3,\"name\":\"K2 Paper 1sheet\"}]},{\"@type\":\"WebSite\",\"@id\":\"https:\/\/frcs-research.com\/#website\",\"url\":\"https:\/\/frcs-research.com\/\",\"name\":\"wholesale supplier of research chemicals, 4mmc, 3mmc, MDPHP, Alpha PVP and more\",\"description\":\"Wholesale research chemicals\",\"potentialAction\":[{\"@type\":\"SearchAction\",\"target\":{\"@type\":\"EntryPoint\",\"urlTemplate\":\"https:\/\/frcs-research.com\/?s={search_term_string}\"},\"query-input\":{\"@type\":\"PropertyValueSpecification\",\"valueRequired\":true,\"valueName\":\"search_term_string\"}}],\"inLanguage\":\"es\"}]}<\/script>\n<meta property=\"product:price:amount\" content=\"120.00\" \/>\n<meta property=\"product:price:currency\" content=\"EUR\" \/>\n<meta property=\"og:availability\" content=\"instock\" \/>\n<meta property=\"product:availability\" content=\"instock\" \/>\n<meta property=\"product:condition\" content=\"new\" \/>\n<!-- \/ Yoast SEO plugin. -->","yoast_head_json":{"title":"D\u00f3nde comprar papel K2, spray K2 m\u00e1s fuerte","description":"Compre papel K2 y papel con infusi\u00f3n de K2 a la venta en FRCSResearch. Disfrute de precios asequibles en productos K2 de alta calidad, incluidos papel con infusi\u00f3n de K2 econ\u00f3mico y papel de c\u00e1rcel de K2.","robots":{"index":"index","follow":"follow","max-snippet":"max-snippet:-1","max-image-preview":"max-image-preview:large","max-video-preview":"max-video-preview:-1"},"canonical":"https:\/\/frcs-research.com\/es\/product\/comprar-papel-k2\/","og_locale":"es_ES","og_type":"article","og_title":"Where to buy K2 paper, Strongest K2 Spray","og_description":"Buy k2 paper and K2-infused paper for sale at FRCSResearch. Enjoy affordable prices on high-quality K2 products, including cheap K2 infused paper and K2 jail paper.","og_url":"https:\/\/frcs-research.com\/es\/product\/comprar-papel-k2\/","og_site_name":"wholesale supplier of research chemicals, 4mmc, 3mmc, MDPHP, Alpha PVP and more","article_modified_time":"2026-04-04T06:53:05+00:00","og_image":[{"width":614,"height":768,"url":"https:\/\/frcs-research.com\/wp-content\/uploads\/2024\/10\/225407533669842a25f6c2922768036.jpg","type":"image\/jpeg"}],"twitter_card":"summary_large_image","twitter_misc":{"Precio":"&euro;120.00","Disponibilidad":"Disponible"},"schema":{"@context":"https:\/\/schema.org","@graph":[{"@type":["WebPage","ItemPage"],"@id":"https:\/\/frcs-research.com\/product\/buy-k2-paper\/","url":"https:\/\/frcs-research.com\/product\/buy-k2-paper\/","name":"D\u00f3nde comprar papel K2, spray K2 m\u00e1s fuerte","isPartOf":{"@id":"https:\/\/frcs-research.com\/#website"},"primaryImageOfPage":{"@id":"https:\/\/frcs-research.com\/product\/buy-k2-paper\/#primaryimage"},"image":{"@id":"https:\/\/frcs-research.com\/product\/buy-k2-paper\/#primaryimage"},"thumbnailUrl":"https:\/\/frcs-research.com\/wp-content\/uploads\/2024\/10\/225407533669842a25f6c2922768036.jpg","datePublished":"2024-10-13T10:16:09+00:00","dateModified":"2026-04-04T06:53:05+00:00","description":"Compre papel K2 y papel con infusi\u00f3n de K2 a la venta en FRCSResearch. Disfrute de precios asequibles en productos K2 de alta calidad, incluidos papel con infusi\u00f3n de K2 econ\u00f3mico y papel de c\u00e1rcel de K2.","breadcrumb":{"@id":"https:\/\/frcs-research.com\/product\/buy-k2-paper\/#breadcrumb"},"inLanguage":"es","potentialAction":[{"@type":"ReadAction","target":["https:\/\/frcs-research.com\/product\/buy-k2-paper\/"]}]},{"@type":"ImageObject","inLanguage":"es","@id":"https:\/\/frcs-research.com\/product\/buy-k2-paper\/#primaryimage","url":"https:\/\/frcs-research.com\/wp-content\/uploads\/2024\/10\/225407533669842a25f6c2922768036.jpg","contentUrl":"https:\/\/frcs-research.com\/wp-content\/uploads\/2024\/10\/225407533669842a25f6c2922768036.jpg","width":614,"height":768},{"@type":"BreadcrumbList","@id":"https:\/\/frcs-research.com\/product\/buy-k2-paper\/#breadcrumb","itemListElement":[{"@type":"ListItem","position":1,"name":"Home","item":"https:\/\/frcs-research.com\/"},{"@type":"ListItem","position":2,"name":"Shop","item":"https:\/\/frcs-research.com\/shop\/"},{"@type":"ListItem","position":3,"name":"K2 Paper 1sheet"}]},{"@type":"WebSite","@id":"https:\/\/frcs-research.com\/#website","url":"https:\/\/frcs-research.com\/","name":"Proveedor mayorista de productos qu\u00edmicos de investigaci\u00f3n, 4 mmc, 3 mmc, MDPHP, Alpha PVP y m\u00e1s","description":"Productos qu\u00edmicos de investigaci\u00f3n al por mayor","potentialAction":[{"@type":"SearchAction","target":{"@type":"EntryPoint","urlTemplate":"https:\/\/frcs-research.com\/?s={search_term_string}"},"query-input":{"@type":"PropertyValueSpecification","valueRequired":true,"valueName":"search_term_string"}}],"inLanguage":"es"}]},"product_price_amount":"120.00","product_price_currency":"EUR","og_availability":"instock","product_availability":"instock","product_condition":"new"},"uagb_featured_image_src":{"full":["https:\/\/frcs-research.com\/wp-content\/uploads\/2024\/10\/225407533669842a25f6c2922768036.jpg",614,768,false],"thumbnail":["https:\/\/frcs-research.com\/wp-content\/uploads\/2024\/10\/225407533669842a25f6c2922768036-150x150.jpg",150,150,true],"medium":["https:\/\/frcs-research.com\/wp-content\/uploads\/2024\/10\/225407533669842a25f6c2922768036-240x300.jpg",240,300,true],"medium_large":["https:\/\/frcs-research.com\/wp-content\/uploads\/2024\/10\/225407533669842a25f6c2922768036.jpg",614,768,false],"large":["https:\/\/frcs-research.com\/wp-content\/uploads\/2024\/10\/225407533669842a25f6c2922768036.jpg",614,768,false],"1536x1536":["https:\/\/frcs-research.com\/wp-content\/uploads\/2024\/10\/225407533669842a25f6c2922768036.jpg",614,768,false],"2048x2048":["https:\/\/frcs-research.com\/wp-content\/uploads\/2024\/10\/225407533669842a25f6c2922768036.jpg",614,768,false],"trp-custom-language-flag":["https:\/\/frcs-research.com\/wp-content\/uploads\/2024\/10\/225407533669842a25f6c2922768036.jpg",10,12,false],"post-thumbnail":["https:\/\/frcs-research.com\/wp-content\/uploads\/2024\/10\/225407533669842a25f6c2922768036.jpg",496,620,false],"elite-commerce-slider":["https:\/\/frcs-research.com\/wp-content\/uploads\/2024\/10\/225407533669842a25f6c2922768036.jpg",614,768,false],"elite-commerce-hero":["https:\/\/frcs-research.com\/wp-content\/uploads\/2024\/10\/225407533669842a25f6c2922768036.jpg",520,650,false],"elite-commerce-portfolio":["https:\/\/frcs-research.com\/wp-content\/uploads\/2024\/10\/225407533669842a25f6c2922768036.jpg",360,450,false],"woocommerce_thumbnail":["https:\/\/frcs-research.com\/wp-content\/uploads\/2024\/10\/225407533669842a25f6c2922768036-300x300.jpg",300,300,true],"woocommerce_single":["https:\/\/frcs-research.com\/wp-content\/uploads\/2024\/10\/225407533669842a25f6c2922768036-600x750.jpg",600,750,true],"woocommerce_gallery_thumbnail":["https:\/\/frcs-research.com\/wp-content\/uploads\/2024\/10\/225407533669842a25f6c2922768036-100x100.jpg",100,100,true]},"uagb_author_info":{"display_name":"Richard Wood","author_link":"https:\/\/frcs-research.com\/es\/author\/"},"uagb_comment_info":773,"uagb_excerpt":"Welcome to FRCSResearch \u2013 Your Trusted Source for the Strongest K2 Products At FRCSResearch, we specialize in providing the strongest K2 spray on paper and other high-quality K2 products. Whether&hellip;&euro;130.00 El precio original era: &euro;130.00.&euro;120.00El precio actual es: &euro;120.00.A\u00f1adir a la cesta","_links":{"self":[{"href":"https:\/\/frcs-research.com\/es\/wp-json\/wp\/v2\/product\/814","targetHints":{"allow":["GET"]}}],"collection":[{"href":"https:\/\/frcs-research.com\/es\/wp-json\/wp\/v2\/product"}],"about":[{"href":"https:\/\/frcs-research.com\/es\/wp-json\/wp\/v2\/types\/product"}],"replies":[{"embeddable":true,"href":"https:\/\/frcs-research.com\/es\/wp-json\/wp\/v2\/comments?post=814"}],"wp:featuredmedia":[{"embeddable":true,"href":"https:\/\/frcs-research.com\/es\/wp-json\/wp\/v2\/media\/816"}],"wp:attachment":[{"href":"https:\/\/frcs-research.com\/es\/wp-json\/wp\/v2\/media?parent=814"}],"wp:term":[{"taxonomy":"product_brand","embeddable":true,"href":"https:\/\/frcs-research.com\/es\/wp-json\/wp\/v2\/product_brand?post=814"},{"taxonomy":"product_cat","embeddable":true,"href":"https:\/\/frcs-research.com\/es\/wp-json\/wp\/v2\/product_cat?post=814"},{"taxonomy":"product_tag","embeddable":true,"href":"https:\/\/frcs-research.com\/es\/wp-json\/wp\/v2\/product_tag?post=814"}],"curies":[{"name":"wp","href":"https:\/\/api.w.org\/{rel}","templated":true}]}}