{"id":817,"date":"2024-10-13T10:30:41","date_gmt":"2024-10-13T10:30:41","guid":{"rendered":"https:\/\/frcs-research.com\/?post_type=product&#038;p=817"},"modified":"2026-04-03T19:52:22","modified_gmt":"2026-04-03T19:52:22","slug":"comprar-incienso-herbal-k2-online","status":"publish","type":"product","link":"https:\/\/frcs-research.com\/es\/product\/comprar-incienso-herbal-k2-online\/","title":{"rendered":"Incienso de hierbas K2"},"content":{"rendered":"<h1><strong>Compre incienso de hierbas K2 en l\u00ednea: experimente lo mejor en mezclas arom\u00e1ticas en FRCSResearch<\/strong><\/h1>\n<p>\u00bfEst\u00e1s listo para mejorar tu experiencia de relajaci\u00f3n? No busques m\u00e1s. <strong>Incienso de hierbas K2<\/strong>! En <strong>F<a href=\"https:\/\/frcs-research.com\/es\/\">Investigaci\u00f3n RCS<\/a><\/strong>Ofrecemos la m\u00e1s alta calidad. <strong>Incienso de hierbas K2<\/strong> A la venta, que le permitir\u00e1 disfrutar de una mezcla rica y arom\u00e1tica que mejora su estado de \u00e1nimo y su entorno. Nuestros productos K2 est\u00e1n elaborados para garantizar la m\u00e1xima satisfacci\u00f3n, ya sea que se est\u00e9 relajando despu\u00e9s de un largo d\u00eda o creando el ambiente para una ocasi\u00f3n especial.<\/p>\n<hr \/>\n<h3>\u00bfPor qu\u00e9 comprar incienso herbal K2?<\/h3>\n<p>Cuando tu <strong>comprar incienso de hierbas k2<\/strong>Est\u00e1s eligiendo un producto vers\u00e1til que combina relajaci\u00f3n y disfrute. Esto es lo que hace que nuestro incienso de hierbas K2 se destaque:<\/p>\n<ul>\n<li><strong>Mezclas arom\u00e1ticas ricas<\/strong>Nuestro incienso presenta una combinaci\u00f3n \u00fanica de ingredientes herbales que crean un aroma cautivador, perfecto para cualquier entorno.<\/li>\n<li><strong>Efectos potentes<\/strong>:A los usuarios les encantan los efectos relajantes de nuestro incienso herbal K2, que puede ayudar a aliviar el estr\u00e9s y promover una sensaci\u00f3n de calma.<\/li>\n<li><strong>C\u00f3modo y f\u00e1cil de usar<\/strong>:Simplemente enciende el incienso y deja que la fragancia relajante llene tu espacio, haci\u00e9ndolo perfecto para la meditaci\u00f3n, el yoga o reuniones informales.<\/li>\n<\/ul>\n<hr \/>\n<h3>C\u00f3mo comprar incienso de hierbas K2 en l\u00ednea<\/h3>\n<p>Realizar pedidos <strong>Incienso de hierbas K2<\/strong> de <strong>Investigaci\u00f3n de FRCS<\/strong> Es sencillo y c\u00f3modo. Aqu\u00ed te contamos c\u00f3mo puedes realizar tu pedido y disfrutar de una experiencia arom\u00e1tica de primera calidad:<\/p>\n<ol>\n<li><strong>Explora nuestra selecci\u00f3n<\/strong>:Explora nuestra amplia variedad de <strong>Incienso de hierbas K2<\/strong> productos, cada uno dise\u00f1ado para satisfacer diferentes preferencias y necesidades.<\/li>\n<li><strong>Seleccione su favorito<\/strong>:Elige el incienso herbal K2 que mejor se adapte a tus gustos y necesidades.<\/li>\n<li><strong>Pago f\u00e1cil<\/strong>Nuestro proceso de pago f\u00e1cil de usar garantiza una transacci\u00f3n sin problemas, para que pueda obtener su incienso de forma r\u00e1pida y segura.<\/li>\n<li><strong>Env\u00edo r\u00e1pido y discreto<\/strong>:Disfrute de una entrega r\u00e1pida en su puerta, con todos los pedidos enviados discretamente para proteger su privacidad.<\/li>\n<\/ol>\n<hr \/>\n<h3>\u00bfPor qu\u00e9 elegir FRCSResearch para el incienso herbal K2?<\/h3>\n<p>En <strong>Investigaci\u00f3n de FRCS<\/strong>Nos enorgullecemos de ser una fuente confiable de alta calidad. <strong>Incienso de hierbas K2<\/strong>Estos son los motivos por los que nuestros clientes vuelven una y otra vez:<\/p>\n<ul>\n<li><strong>Seguro de calidad<\/strong>:Todos nuestros productos K2 se someten a rigurosas pruebas de calidad y seguridad, para que pueda disfrutar de tranquilidad con cada compra.<\/li>\n<li><strong>Precios competitivos<\/strong>:Ofrecemos algunos de los mejores precios para <strong>Incienso de hierbas K2<\/strong>, lo que facilita encontrar una opci\u00f3n que se ajuste a su presupuesto.<\/li>\n<li><strong>Satisfacci\u00f3n del cliente<\/strong>Nuestro dedicado equipo de atenci\u00f3n al cliente est\u00e1 siempre listo para ayudarlo, garantizando que tenga una experiencia de compra perfecta.<\/li>\n<\/ul>\n<hr \/>\n<h3>\u00a1Compre incienso herbal K2 hoy!<\/h3>\n<p>\u00bfEst\u00e1s listo para transformar tu rutina de relajaci\u00f3n? <strong>Comprar incienso de hierbas K2 en l\u00ednea<\/strong> en <strong>Investigaci\u00f3n de FRCS<\/strong> y descubre la mezcla arom\u00e1tica perfecta para realzar tu espacio. Con nuestra selecci\u00f3n inigualable y nuestro compromiso con la calidad, puedes confiar en que te entregaremos los mejores productos K2 disponibles. \u00a1No esperes, haz tu pedido hoy y sum\u00e9rgete en un mundo de aromas relajantes y efectos calmantes!<\/p>\n<p>&nbsp;<\/p>","protected":false},"excerpt":{"rendered":"<p>Buy K2 Herbal Incense Online \u2013 Experience the Best in Aromatic Blends at FRCSResearch Are you ready to elevate your relaxation experience? Look no further than K2 Herbal Incense! At&hellip;<\/p>\n<p class=\"product woocommerce add_to_cart_inline\" style=\"border:4px solid #ccc; padding: 12px;\"><a href=\"https:\/\/frcs-research.com\/es\/product\/comprar-incienso-herbal-k2-online\/\" aria-describedby=\"woocommerce_loop_add_to_cart_link_describedby_817\" data-quantity=\"1\" class=\"button product_type_simple\" data-product_id=\"817\" data-product_sku=\"\" aria-label=\"Lee m\u00e1s sobre \u201cK2 Herbal Incense\u201d\" rel=\"nofollow\" data-success_message=\"\" data-no-translation=\"\" data-trp-gettext=\"\" data-no-translation-aria-label=\"\">Leer m\u00e1s<\/a>\t<span id=\"woocommerce_loop_add_to_cart_link_describedby_817\" class=\"screen-reader-text\"><br \/>\n\t\t\t<\/span><\/p>","protected":false},"featured_media":818,"comment_status":"open","ping_status":"closed","template":"","meta":{"_uag_custom_page_level_css":""},"product_brand":[],"product_cat":[25],"product_tag":[143,140,145,144,141,146,142],"class_list":{"0":"post-817","1":"product","2":"type-product","3":"status-publish","4":"has-post-thumbnail","6":"product_cat-synthetic-cannabinoids","7":"product_tag-best-k2-incense","8":"product_tag-buy-k2-herbal-incense","9":"product_tag-buy-k2-incense-stick-online","10":"product_tag-high-quality-k2-products","11":"product_tag-k2-herbal-incense-for-sale","12":"product_tag-k2-incense-where-to-buy","13":"product_tag-order-k2-herbal-incense-online","15":"first","16":"instock","17":"shipping-taxable","18":"product-type-simple"},"yoast_head":"<!-- This site is optimized with the Yoast SEO plugin v27.1.1 - https:\/\/yoast.com\/product\/yoast-seo-wordpress\/ -->\n<title>Buy K2 Herbal Incense Online \u2013 Premium Aromatic Blends<\/title>\n<meta name=\"description\" content=\"Discover the best K2 herbal incense for sale at FRCSResearch. Enjoy rich aromas and potent effects with fast, discreet shipping. Order now for an elevated experience!\" \/>\n<meta name=\"robots\" content=\"index, follow, max-snippet:-1, max-image-preview:large, max-video-preview:-1\" \/>\n<link rel=\"canonical\" href=\"https:\/\/frcs-research.com\/es\/product\/comprar-incienso-herbal-k2-online\/\" \/>\n<meta property=\"og:locale\" content=\"es_ES\" \/>\n<meta property=\"og:type\" content=\"article\" \/>\n<meta property=\"og:title\" content=\"Buy K2 Herbal Incense Online \u2013 Premium Aromatic Blends\" \/>\n<meta property=\"og:description\" content=\"Discover the best K2 herbal incense for sale at FRCSResearch. Enjoy rich aromas and potent effects with fast, discreet shipping. Order now for an elevated experience!\" \/>\n<meta property=\"og:url\" content=\"https:\/\/frcs-research.com\/es\/product\/comprar-incienso-herbal-k2-online\/\" \/>\n<meta property=\"og:site_name\" content=\"wholesale supplier of research chemicals, 4mmc, 3mmc, MDPHP, Alpha PVP and more\" \/>\n<meta property=\"article:modified_time\" content=\"2026-04-03T19:52:22+00:00\" \/>\n<meta property=\"og:image\" content=\"https:\/\/frcs-research.com\/wp-content\/uploads\/2024\/10\/images-3.jpg\" \/>\n\t<meta property=\"og:image:width\" content=\"241\" \/>\n\t<meta property=\"og:image:height\" content=\"209\" \/>\n\t<meta property=\"og:image:type\" content=\"image\/jpeg\" \/>\n<meta name=\"twitter:card\" content=\"summary_large_image\" \/>\n<meta name=\"twitter:label1\" content=\"Precio\" \/>\n\t<meta name=\"twitter:data1\" content=\"\" \/>\n\t<meta name=\"twitter:label2\" content=\"Disponibilidad\" \/>\n\t<meta name=\"twitter:data2\" content=\"Disponible\" \/>\n<script type=\"application\/ld+json\" class=\"yoast-schema-graph\">{\"@context\":\"https:\/\/schema.org\",\"@graph\":[{\"@type\":[\"WebPage\",\"ItemPage\"],\"@id\":\"https:\/\/frcs-research.com\/product\/buy-k2-herbal-incense-online\/\",\"url\":\"https:\/\/frcs-research.com\/product\/buy-k2-herbal-incense-online\/\",\"name\":\"Buy K2 Herbal Incense Online \u2013 Premium Aromatic Blends\",\"isPartOf\":{\"@id\":\"https:\/\/frcs-research.com\/#website\"},\"primaryImageOfPage\":{\"@id\":\"https:\/\/frcs-research.com\/product\/buy-k2-herbal-incense-online\/#primaryimage\"},\"image\":{\"@id\":\"https:\/\/frcs-research.com\/product\/buy-k2-herbal-incense-online\/#primaryimage\"},\"thumbnailUrl\":\"https:\/\/frcs-research.com\/wp-content\/uploads\/2024\/10\/images-3.jpg\",\"datePublished\":\"2024-10-13T10:30:41+00:00\",\"dateModified\":\"2026-04-03T19:52:22+00:00\",\"description\":\"Discover the best K2 herbal incense for sale at FRCSResearch. Enjoy rich aromas and potent effects with fast, discreet shipping. Order now for an elevated experience!\",\"breadcrumb\":{\"@id\":\"https:\/\/frcs-research.com\/product\/buy-k2-herbal-incense-online\/#breadcrumb\"},\"inLanguage\":\"es\",\"potentialAction\":[{\"@type\":\"ReadAction\",\"target\":[\"https:\/\/frcs-research.com\/product\/buy-k2-herbal-incense-online\/\"]}]},{\"@type\":\"ImageObject\",\"inLanguage\":\"es\",\"@id\":\"https:\/\/frcs-research.com\/product\/buy-k2-herbal-incense-online\/#primaryimage\",\"url\":\"https:\/\/frcs-research.com\/wp-content\/uploads\/2024\/10\/images-3.jpg\",\"contentUrl\":\"https:\/\/frcs-research.com\/wp-content\/uploads\/2024\/10\/images-3.jpg\",\"width\":241,\"height\":209,\"caption\":\"Buy K2 Herbal Incense\"},{\"@type\":\"BreadcrumbList\",\"@id\":\"https:\/\/frcs-research.com\/product\/buy-k2-herbal-incense-online\/#breadcrumb\",\"itemListElement\":[{\"@type\":\"ListItem\",\"position\":1,\"name\":\"Home\",\"item\":\"https:\/\/frcs-research.com\/\"},{\"@type\":\"ListItem\",\"position\":2,\"name\":\"Shop\",\"item\":\"https:\/\/frcs-research.com\/shop\/\"},{\"@type\":\"ListItem\",\"position\":3,\"name\":\"K2 Herbal Incense\"}]},{\"@type\":\"WebSite\",\"@id\":\"https:\/\/frcs-research.com\/#website\",\"url\":\"https:\/\/frcs-research.com\/\",\"name\":\"wholesale supplier of research chemicals, 4mmc, 3mmc, MDPHP, Alpha PVP and more\",\"description\":\"Wholesale research chemicals\",\"potentialAction\":[{\"@type\":\"SearchAction\",\"target\":{\"@type\":\"EntryPoint\",\"urlTemplate\":\"https:\/\/frcs-research.com\/?s={search_term_string}\"},\"query-input\":{\"@type\":\"PropertyValueSpecification\",\"valueRequired\":true,\"valueName\":\"search_term_string\"}}],\"inLanguage\":\"es\"}]}<\/script>\n<meta property=\"product:price:currency\" content=\"EUR\" \/>\n<meta property=\"og:availability\" content=\"instock\" \/>\n<meta property=\"product:availability\" content=\"instock\" \/>\n<meta property=\"product:condition\" content=\"new\" \/>\n<!-- \/ Yoast SEO plugin. -->","yoast_head_json":{"title":"Compre incienso de hierbas K2 en l\u00ednea: mezclas arom\u00e1ticas de primera calidad","description":"Descubra el mejor incienso de hierbas K2 a la venta en FRCSResearch. Disfrute de aromas intensos y efectos potentes con env\u00edo r\u00e1pido y discreto. \u00a1Haga su pedido ahora para disfrutar de una experiencia superior!","robots":{"index":"index","follow":"follow","max-snippet":"max-snippet:-1","max-image-preview":"max-image-preview:large","max-video-preview":"max-video-preview:-1"},"canonical":"https:\/\/frcs-research.com\/es\/product\/comprar-incienso-herbal-k2-online\/","og_locale":"es_ES","og_type":"article","og_title":"Buy K2 Herbal Incense Online \u2013 Premium Aromatic Blends","og_description":"Discover the best K2 herbal incense for sale at FRCSResearch. Enjoy rich aromas and potent effects with fast, discreet shipping. Order now for an elevated experience!","og_url":"https:\/\/frcs-research.com\/es\/product\/comprar-incienso-herbal-k2-online\/","og_site_name":"wholesale supplier of research chemicals, 4mmc, 3mmc, MDPHP, Alpha PVP and more","article_modified_time":"2026-04-03T19:52:22+00:00","og_image":[{"width":241,"height":209,"url":"https:\/\/frcs-research.com\/wp-content\/uploads\/2024\/10\/images-3.jpg","type":"image\/jpeg"}],"twitter_card":"summary_large_image","twitter_misc":{"Precio":"","Disponibilidad":"Disponible"},"schema":{"@context":"https:\/\/schema.org","@graph":[{"@type":["WebPage","ItemPage"],"@id":"https:\/\/frcs-research.com\/product\/buy-k2-herbal-incense-online\/","url":"https:\/\/frcs-research.com\/product\/buy-k2-herbal-incense-online\/","name":"Compre incienso de hierbas K2 en l\u00ednea: mezclas arom\u00e1ticas de primera calidad","isPartOf":{"@id":"https:\/\/frcs-research.com\/#website"},"primaryImageOfPage":{"@id":"https:\/\/frcs-research.com\/product\/buy-k2-herbal-incense-online\/#primaryimage"},"image":{"@id":"https:\/\/frcs-research.com\/product\/buy-k2-herbal-incense-online\/#primaryimage"},"thumbnailUrl":"https:\/\/frcs-research.com\/wp-content\/uploads\/2024\/10\/images-3.jpg","datePublished":"2024-10-13T10:30:41+00:00","dateModified":"2026-04-03T19:52:22+00:00","description":"Descubra el mejor incienso de hierbas K2 a la venta en FRCSResearch. Disfrute de aromas intensos y efectos potentes con env\u00edo r\u00e1pido y discreto. \u00a1Haga su pedido ahora para disfrutar de una experiencia superior!","breadcrumb":{"@id":"https:\/\/frcs-research.com\/product\/buy-k2-herbal-incense-online\/#breadcrumb"},"inLanguage":"es","potentialAction":[{"@type":"ReadAction","target":["https:\/\/frcs-research.com\/product\/buy-k2-herbal-incense-online\/"]}]},{"@type":"ImageObject","inLanguage":"es","@id":"https:\/\/frcs-research.com\/product\/buy-k2-herbal-incense-online\/#primaryimage","url":"https:\/\/frcs-research.com\/wp-content\/uploads\/2024\/10\/images-3.jpg","contentUrl":"https:\/\/frcs-research.com\/wp-content\/uploads\/2024\/10\/images-3.jpg","width":241,"height":209,"caption":"Buy K2 Herbal Incense"},{"@type":"BreadcrumbList","@id":"https:\/\/frcs-research.com\/product\/buy-k2-herbal-incense-online\/#breadcrumb","itemListElement":[{"@type":"ListItem","position":1,"name":"Home","item":"https:\/\/frcs-research.com\/"},{"@type":"ListItem","position":2,"name":"Shop","item":"https:\/\/frcs-research.com\/shop\/"},{"@type":"ListItem","position":3,"name":"K2 Herbal Incense"}]},{"@type":"WebSite","@id":"https:\/\/frcs-research.com\/#website","url":"https:\/\/frcs-research.com\/","name":"Proveedor mayorista de productos qu\u00edmicos de investigaci\u00f3n, 4 mmc, 3 mmc, MDPHP, Alpha PVP y m\u00e1s","description":"Productos qu\u00edmicos de investigaci\u00f3n al por mayor","potentialAction":[{"@type":"SearchAction","target":{"@type":"EntryPoint","urlTemplate":"https:\/\/frcs-research.com\/?s={search_term_string}"},"query-input":{"@type":"PropertyValueSpecification","valueRequired":true,"valueName":"search_term_string"}}],"inLanguage":"es"}]},"product_price_currency":"EUR","og_availability":"instock","product_availability":"instock","product_condition":"new"},"uagb_featured_image_src":{"full":["https:\/\/frcs-research.com\/wp-content\/uploads\/2024\/10\/images-3.jpg",241,209,false],"thumbnail":["https:\/\/frcs-research.com\/wp-content\/uploads\/2024\/10\/images-3-150x150.jpg",150,150,true],"medium":["https:\/\/frcs-research.com\/wp-content\/uploads\/2024\/10\/images-3.jpg",241,209,false],"medium_large":["https:\/\/frcs-research.com\/wp-content\/uploads\/2024\/10\/images-3.jpg",241,209,false],"large":["https:\/\/frcs-research.com\/wp-content\/uploads\/2024\/10\/images-3.jpg",241,209,false],"1536x1536":["https:\/\/frcs-research.com\/wp-content\/uploads\/2024\/10\/images-3.jpg",241,209,false],"2048x2048":["https:\/\/frcs-research.com\/wp-content\/uploads\/2024\/10\/images-3.jpg",241,209,false],"trp-custom-language-flag":["https:\/\/frcs-research.com\/wp-content\/uploads\/2024\/10\/images-3.jpg",14,12,false],"post-thumbnail":["https:\/\/frcs-research.com\/wp-content\/uploads\/2024\/10\/images-3.jpg",241,209,false],"elite-commerce-slider":["https:\/\/frcs-research.com\/wp-content\/uploads\/2024\/10\/images-3.jpg",241,209,false],"elite-commerce-hero":["https:\/\/frcs-research.com\/wp-content\/uploads\/2024\/10\/images-3.jpg",241,209,false],"elite-commerce-portfolio":["https:\/\/frcs-research.com\/wp-content\/uploads\/2024\/10\/images-3.jpg",241,209,false],"woocommerce_thumbnail":["https:\/\/frcs-research.com\/wp-content\/uploads\/2024\/10\/images-3.jpg",241,209,false],"woocommerce_single":["https:\/\/frcs-research.com\/wp-content\/uploads\/2024\/10\/images-3.jpg",241,209,false],"woocommerce_gallery_thumbnail":["https:\/\/frcs-research.com\/wp-content\/uploads\/2024\/10\/images-3-100x100.jpg",100,100,true]},"uagb_author_info":{"display_name":"Richard Wood","author_link":"https:\/\/frcs-research.com\/es\/author\/"},"uagb_comment_info":749,"uagb_excerpt":"Buy K2 Herbal Incense Online \u2013 Experience the Best in Aromatic Blends at FRCSResearch Are you ready to elevate your relaxation experience? Look no further than K2 Herbal Incense! At&hellip;Leer m\u00e1s","_links":{"self":[{"href":"https:\/\/frcs-research.com\/es\/wp-json\/wp\/v2\/product\/817","targetHints":{"allow":["GET"]}}],"collection":[{"href":"https:\/\/frcs-research.com\/es\/wp-json\/wp\/v2\/product"}],"about":[{"href":"https:\/\/frcs-research.com\/es\/wp-json\/wp\/v2\/types\/product"}],"replies":[{"embeddable":true,"href":"https:\/\/frcs-research.com\/es\/wp-json\/wp\/v2\/comments?post=817"}],"wp:featuredmedia":[{"embeddable":true,"href":"https:\/\/frcs-research.com\/es\/wp-json\/wp\/v2\/media\/818"}],"wp:attachment":[{"href":"https:\/\/frcs-research.com\/es\/wp-json\/wp\/v2\/media?parent=817"}],"wp:term":[{"taxonomy":"product_brand","embeddable":true,"href":"https:\/\/frcs-research.com\/es\/wp-json\/wp\/v2\/product_brand?post=817"},{"taxonomy":"product_cat","embeddable":true,"href":"https:\/\/frcs-research.com\/es\/wp-json\/wp\/v2\/product_cat?post=817"},{"taxonomy":"product_tag","embeddable":true,"href":"https:\/\/frcs-research.com\/es\/wp-json\/wp\/v2\/product_tag?post=817"}],"curies":[{"name":"wp","href":"https:\/\/api.w.org\/{rel}","templated":true}]}}