{"id":898,"date":"2024-10-18T14:56:42","date_gmt":"2024-10-18T14:56:42","guid":{"rendered":"https:\/\/frcs-research.com\/?post_type=product&#038;p=898"},"modified":"2026-04-04T01:22:32","modified_gmt":"2026-04-04T01:22:32","slug":"mdmb-butinaca-al-por-mayor","status":"publish","type":"product","link":"https:\/\/frcs-research.com\/es\/product\/mdmb-butinaca-al-por-mayor\/","title":{"rendered":"MDMB-Butinaca 1kg"},"content":{"rendered":"<p><strong>La gu\u00eda definitiva para la venta al por mayor de MDMB-Butinaca: suministro a granel, pureza y est\u00e1ndares de la industria<\/strong><\/p>\n<p>En los \u00faltimos a\u00f1os, los cannabinoides sint\u00e9ticos han ganado una atenci\u00f3n significativa en varias industrias, particularmente en la investigaci\u00f3n y el an\u00e1lisis qu\u00edmico. Uno de esos compuestos, <strong>MDMB-Butinaca<\/strong>, ha surgido como un actor clave debido a sus propiedades \u00fanicas. Si est\u00e1 buscando <strong>Pedidos al por mayor de MDMB-Butinaca<\/strong>Esta gu\u00eda cubrir\u00e1 todo lo que necesita saber, desde encontrar un proveedor confiable <strong>Proveedor mayorista de MDMB-Butinaca<\/strong> para garantizar que cumpla con todos <strong>normas de cumplimiento normativo<\/strong>.<\/p>\n<h3>\u00bfQu\u00e9 es MDMB-Butinaca?<\/h3>\n<p><strong>MDMB-Butinaca<\/strong>, tambi\u00e9n conocido por su <strong>N\u00famero CAS<\/strong>, es un potente <strong>cannabinoide sint\u00e9tico<\/strong> Se utiliza principalmente en la investigaci\u00f3n cient\u00edfica. Investigadores y laboratorios de todo el mundo buscan <strong>MDMB-Butinaca para la investigaci\u00f3n cient\u00edfica<\/strong> Debido a su capacidad para imitar los efectos de los cannabinoides naturales, su uso est\u00e1 muy regulado, por lo que es fundamental obtenerlo de una fuente confiable. <strong>Proveedor certificado de MDMB-Butinaca<\/strong>.<\/p>\n<h3>\u00bfPor qu\u00e9 elegir MDMB-Butinaca?<\/h3>\n<p>El alto <strong>Pureza de MDMB-Butinaca<\/strong> lo convierte en un producto qu\u00edmico muy buscado para diversas aplicaciones, en particular en el estudio de los cannabinoides y sus efectos en el cuerpo humano. Cuando se obtiene de un <strong><a href=\"https:\/\/www.iso.org\/certification.html\">Certificaci\u00f3n ISO<\/a> Proveedor de MDMB-Butinaca<\/strong>, garantiza la confiabilidad y consistencia del producto en entornos de investigaci\u00f3n.<\/p>\n<h3>C\u00f3mo encontrar un proveedor mayorista confiable de MDMB-Butinaca<\/h3>\n<p>Cuando se trata de <strong>Compra de MDMB-Butinaca al por mayor<\/strong>Seleccionar al proveedor adecuado es crucial. Esto es lo que debe buscar:<\/p>\n<ol>\n<li><strong>Certificaci\u00f3n de pureza y seguridad<\/strong>:Aseg\u00farese de que su proveedor proporcione <strong>Certificados de pureza de MDMB-Butinaca<\/strong>Esto garantiza que el compuesto cumple con los est\u00e1ndares de la industria y es seguro para fines de investigaci\u00f3n.<\/li>\n<li><strong>Cumplimiento normativo<\/strong>:Los cannabinoides sint\u00e9ticos como el MDMB-Butinaca est\u00e1n sujetos a estrictas regulaciones. <strong>Proveedor de MDMB-Butinaca que cumple con las normas<\/strong> Cumplir\u00e1 con los est\u00e1ndares legales, reduciendo el riesgo de manipular productos qu\u00edmicos no aprobados o peligrosos.<\/li>\n<li><strong>Est\u00e1ndares de alta calidad<\/strong>:Asociarse con proveedores que ofrecen <strong>cannabinoides sint\u00e9ticos de seguridad probada<\/strong>Esto garantiza que el producto ha pasado rigurosos controles de seguridad, lo que lo hace adecuado para aplicaciones industriales o de investigaci\u00f3n.<\/li>\n<li><strong>Certificaci\u00f3n ISO<\/strong>: <strong>Certificaci\u00f3n ISO <a href=\"https:\/\/frcs-research.com\/es\/product-tag\/mdmb-butinaca-suministro-industrial\/\">Proveedores de MDMB-Butinaca<\/a><\/strong> seguir protocolos estrictos para mantener la calidad y seguridad de sus productos. Busque proveedores que puedan ofrecer <strong>Fabricaci\u00f3n de cannabinoides sint\u00e9ticos a granel<\/strong> con una norma ISO.<\/li>\n<\/ol>\n<h3>Los beneficios de los pedidos masivos de MDMB-Butinaca<\/h3>\n<p>Para laboratorios de investigaci\u00f3n, instituciones acad\u00e9micas y aplicaciones industriales, <a href=\"https:\/\/frcs-research.com\/es\/product-tag\/pedido-al-por-mayor-de-mdmb-butinaca\/\"><strong>Pedidos al por mayor de MDMB-Butinaca<\/strong><\/a> Puede resultar rentable y ahorrar tiempo. <strong>Proveedores mayoristas de MDMB-Butinaca<\/strong> A menudo se ofrecen descuentos para cantidades mayores, lo que hace que sea m\u00e1s asequible para las organizaciones realizar una investigaci\u00f3n exhaustiva. Adem\u00e1s, tener <strong>MDMB-Butinaca a granel<\/strong> garantiza que sus proyectos se desarrollen sin problemas y sin riesgo de escasez de suministro.<\/p>\n<h3>MDMB-Butinaca para la Investigaci\u00f3n Cient\u00edfica<\/h3>\n<p>El creciente inter\u00e9s por los cannabinoides ha provocado una mayor demanda de <strong>Productos de grado de laboratorio de MDMB-Butinaca<\/strong>Muchos investigadores recurren a <strong>MDMB-Butinaca para est\u00e1ndares anal\u00edticos<\/strong>, lo que ayuda a garantizar resultados consistentes en los estudios. Compras <a href=\"https:\/\/frcs-research.com\/es\/product-tag\/mdmb-butinaca-de-alta-pureza\/\"><strong>MDMB-Butinaca de alta pureza<\/strong><\/a> De un <strong>Proveedor de graneles confiable<\/strong> es crucial para lograr resultados precisos en cualquier estudio cient\u00edfico.<\/p>\n<h3>Suministros industriales MDMB-Butinaca<\/h3>\n<p>Adem\u00e1s de su papel en la investigaci\u00f3n, <a href=\"https:\/\/frcs-research.com\/es\/product-tag\/suministro-a-granel-de-polvo-de-butinaca-mdmb\/\"><strong>Suministro industrial MDMB-Butinaca<\/strong><\/a> es esencial para aplicaciones a gran escala. Muchas industrias dependen de <strong>compuestos cannabinoides a granel<\/strong> para la fabricaci\u00f3n y el desarrollo de productos. Al abastecerse de una <strong>Fabricante confiable de MDMB-Butinaca<\/strong>, las empresas pueden asegurarse de que est\u00e1n recibiendo <strong>Formulaciones personalizadas de MDMB-Butinaca<\/strong> adaptado a sus necesidades espec\u00edficas.<\/p>\n<h3>C\u00f3mo elegir el distribuidor de productos a granel adecuado de MDMB-Butinaca<\/h3>\n<p>Con tantos proveedores disponibles, es esencial trabajar con un <strong>acreditado <a href=\"https:\/\/frcs-research.com\/es\/product-tag\/distribuidor-mdmb-butinaca-a-granel\/\">Distribuidor a granel MDMB-Butinaca<\/a><\/strong> que pueda satisfacer sus necesidades. Un proveedor de primer nivel no solo le ofrecer\u00e1 <a href=\"https:\/\/frcs-research.com\/es\/product-tag\/mdmb-butinaca-suministro-industrial\/\"><strong>Suministro a granel de polvo de MDMB-Butinaca<\/strong><\/a> pero tambi\u00e9n proporcionar <strong>Formulaciones personalizadas de MDMB-Butinaca<\/strong> Si es necesario.<\/p>\n<h3>Conclusi\u00f3n<\/h3>\n<p>A medida que aumenta la demanda de <strong>cannabinoides sint\u00e9ticos<\/strong> Sigue creciendo, abasteci\u00e9ndose <strong>MDMB-Butinaca a granel<\/strong> se ha vuelto crucial tanto para los investigadores como para las industrias. Ya sea que est\u00e9 buscando <strong>Distribuci\u00f3n a gran escala MDMB-Butinaca<\/strong> o necesitas una <strong>Proveedor certificado de MDMB-Butinaca<\/strong> Para su laboratorio, encontrar el socio mayorista adecuado puede marcar la diferencia.<\/p>\n<p>Aseg\u00farese de que su proveedor ofrezca <strong>MDMB-Butinaca de alta pureza<\/strong> con lo necesario <strong>certificados de pureza<\/strong> y se adhiere a estrictas <strong>Normas de seguridad y reglamentarias<\/strong>Si sigues estos consejos, podr\u00e1s comprar con confianza. <strong>MDMB-Butinaca a granel<\/strong> Para cualquier aplicaci\u00f3n.<\/p>","protected":false},"excerpt":{"rendered":"<p>The Ultimate Guide to MDMB-Butinaca Wholesale: Bulk Supply, Purity, and Industry Standards In recent years, synthetic cannabinoids have gained significant attention in various industries, particularly in research and chemical analysis.&hellip;<\/p>\n<p class=\"product woocommerce add_to_cart_inline\" style=\"border:4px solid #ccc; padding: 12px;\"><del aria-hidden=\"true\"><span class=\"woocommerce-Price-amount amount\"><bdi><span class=\"woocommerce-Price-currencySymbol\">&euro;<\/span>550.00<\/bdi><\/span><\/del> <span class=\"screen-reader-text\" data-no-translation=\"\" data-trp-gettext=\"\">El precio original era: &euro;550.00.<\/span><ins aria-hidden=\"true\"><span class=\"woocommerce-Price-amount amount\"><bdi><span class=\"woocommerce-Price-currencySymbol\">&euro;<\/span>500.00<\/bdi><\/span><\/ins><span class=\"screen-reader-text\" data-no-translation=\"\" data-trp-gettext=\"\">El precio actual es: &euro;500.00.<\/span><a href=\"\/es\/wp-json\/wp\/v2\/product\/898?add-to-cart=898\" aria-describedby=\"woocommerce_loop_add_to_cart_link_describedby_898\" data-quantity=\"1\" class=\"button product_type_simple add_to_cart_button ajax_add_to_cart\" data-product_id=\"898\" data-product_sku=\"\" aria-label=\"A\u00f1adir al carrito: \u201cMDMB-Butinaca 1kg\u201d\" rel=\"nofollow\" data-success_message=\"\u00abMDMB-Butinaca 1kg\u00bb se ha a\u00f1adido a tu carrito\" data-no-translation=\"\" data-trp-gettext=\"\" data-no-translation-aria-label=\"\" data-no-translation-data-success_message=\"\">A\u00f1adir a la cesta<\/a>\t<span id=\"woocommerce_loop_add_to_cart_link_describedby_898\" class=\"screen-reader-text\"><br \/>\n\t\t\t<\/span><\/p>","protected":false},"featured_media":899,"comment_status":"open","ping_status":"closed","template":"","meta":{"_uag_custom_page_level_css":""},"product_brand":[],"product_cat":[25],"product_tag":[323,326,318,324,325,320,321,328,317,322,319,327],"class_list":{"0":"post-898","1":"product","2":"type-product","3":"status-publish","4":"has-post-thumbnail","6":"product_cat-synthetic-cannabinoids","7":"product_tag-bulk-mdmb-butinaca-distributor","8":"product_tag-high-purity-mdmb-butinaca","9":"product_tag-mdmb-butinaca-bulk-order","10":"product_tag-mdmb-butinaca-cas-number","11":"product_tag-mdmb-butinaca-industrial-supply","12":"product_tag-mdmb-butinaca-large-scale-distribution","13":"product_tag-mdmb-butinaca-manufacturer","14":"product_tag-mdmb-butinaca-powder-bulk-supply","15":"product_tag-mdmb-butinaca-wholesale-supplier","16":"product_tag-research-chemicals-wholesale","17":"product_tag-synthetic-cannabinoids-bulk","18":"product_tag-wholesale-synthetic-cannabinoids","20":"first","21":"instock","22":"sale","23":"shipping-taxable","24":"purchasable","25":"product-type-simple"},"yoast_head":"<!-- This site is optimized with the Yoast SEO plugin v27.1.1 - https:\/\/yoast.com\/product\/yoast-seo-wordpress\/ -->\n<title>MDMB-Butinaca Wholesale: Bulk Supply, High Purity, and Industry<\/title>\n<meta name=\"description\" content=\"Looking for a reliable MDMB-Butinaca wholesale supplier? Learn how to buy high-purity MDMB-Butinaca in bulk with safety certifications and regulatory compliance for research or industrial applications.\" \/>\n<meta name=\"robots\" content=\"index, follow, max-snippet:-1, max-image-preview:large, max-video-preview:-1\" \/>\n<link rel=\"canonical\" href=\"https:\/\/frcs-research.com\/es\/product\/mdmb-butinaca-al-por-mayor\/\" \/>\n<meta property=\"og:locale\" content=\"es_ES\" \/>\n<meta property=\"og:type\" content=\"article\" \/>\n<meta property=\"og:title\" content=\"MDMB-Butinaca Wholesale: Bulk Supply, High Purity, and Industry\" \/>\n<meta property=\"og:description\" content=\"Looking for a reliable MDMB-Butinaca wholesale supplier? Learn how to buy high-purity MDMB-Butinaca in bulk with safety certifications and regulatory compliance for research or industrial applications.\" \/>\n<meta property=\"og:url\" content=\"https:\/\/frcs-research.com\/es\/product\/mdmb-butinaca-al-por-mayor\/\" \/>\n<meta property=\"og:site_name\" content=\"wholesale supplier of research chemicals, 4mmc, 3mmc, MDPHP, Alpha PVP and more\" \/>\n<meta property=\"article:modified_time\" content=\"2026-04-04T01:22:32+00:00\" \/>\n<meta property=\"og:image\" content=\"https:\/\/frcs-research.com\/wp-content\/uploads\/2024\/10\/1711485862-2.jpg\" \/>\n\t<meta property=\"og:image:width\" content=\"768\" \/>\n\t<meta property=\"og:image:height\" content=\"1024\" \/>\n\t<meta property=\"og:image:type\" content=\"image\/jpeg\" \/>\n<meta name=\"twitter:card\" content=\"summary_large_image\" \/>\n<meta name=\"twitter:label1\" content=\"Precio\" \/>\n\t<meta name=\"twitter:data1\" content=\"&euro;500.00\" \/>\n\t<meta name=\"twitter:label2\" content=\"Disponibilidad\" \/>\n\t<meta name=\"twitter:data2\" content=\"Disponible\" \/>\n<script type=\"application\/ld+json\" class=\"yoast-schema-graph\">{\"@context\":\"https:\/\/schema.org\",\"@graph\":[{\"@type\":[\"WebPage\",\"ItemPage\"],\"@id\":\"https:\/\/frcs-research.com\/product\/mdmb-butinaca-wholesale\/\",\"url\":\"https:\/\/frcs-research.com\/product\/mdmb-butinaca-wholesale\/\",\"name\":\"MDMB-Butinaca Wholesale: Bulk Supply, High Purity, and Industry\",\"isPartOf\":{\"@id\":\"https:\/\/frcs-research.com\/#website\"},\"primaryImageOfPage\":{\"@id\":\"https:\/\/frcs-research.com\/product\/mdmb-butinaca-wholesale\/#primaryimage\"},\"image\":{\"@id\":\"https:\/\/frcs-research.com\/product\/mdmb-butinaca-wholesale\/#primaryimage\"},\"thumbnailUrl\":\"https:\/\/frcs-research.com\/wp-content\/uploads\/2024\/10\/1711485862-2.jpg\",\"datePublished\":\"2024-10-18T14:56:42+00:00\",\"dateModified\":\"2026-04-04T01:22:32+00:00\",\"description\":\"Looking for a reliable MDMB-Butinaca wholesale supplier? Learn how to buy high-purity MDMB-Butinaca in bulk with safety certifications and regulatory compliance for research or industrial applications.\",\"breadcrumb\":{\"@id\":\"https:\/\/frcs-research.com\/product\/mdmb-butinaca-wholesale\/#breadcrumb\"},\"inLanguage\":\"es\",\"potentialAction\":[{\"@type\":\"ReadAction\",\"target\":[\"https:\/\/frcs-research.com\/product\/mdmb-butinaca-wholesale\/\"]}]},{\"@type\":\"ImageObject\",\"inLanguage\":\"es\",\"@id\":\"https:\/\/frcs-research.com\/product\/mdmb-butinaca-wholesale\/#primaryimage\",\"url\":\"https:\/\/frcs-research.com\/wp-content\/uploads\/2024\/10\/1711485862-2.jpg\",\"contentUrl\":\"https:\/\/frcs-research.com\/wp-content\/uploads\/2024\/10\/1711485862-2.jpg\",\"width\":768,\"height\":1024,\"caption\":\"MDMB-Butinaca Wholesale\"},{\"@type\":\"BreadcrumbList\",\"@id\":\"https:\/\/frcs-research.com\/product\/mdmb-butinaca-wholesale\/#breadcrumb\",\"itemListElement\":[{\"@type\":\"ListItem\",\"position\":1,\"name\":\"Home\",\"item\":\"https:\/\/frcs-research.com\/\"},{\"@type\":\"ListItem\",\"position\":2,\"name\":\"Shop\",\"item\":\"https:\/\/frcs-research.com\/shop\/\"},{\"@type\":\"ListItem\",\"position\":3,\"name\":\"MDMB-Butinaca 1kg\"}]},{\"@type\":\"WebSite\",\"@id\":\"https:\/\/frcs-research.com\/#website\",\"url\":\"https:\/\/frcs-research.com\/\",\"name\":\"wholesale supplier of research chemicals, 4mmc, 3mmc, MDPHP, Alpha PVP and more\",\"description\":\"Wholesale research chemicals\",\"potentialAction\":[{\"@type\":\"SearchAction\",\"target\":{\"@type\":\"EntryPoint\",\"urlTemplate\":\"https:\/\/frcs-research.com\/?s={search_term_string}\"},\"query-input\":{\"@type\":\"PropertyValueSpecification\",\"valueRequired\":true,\"valueName\":\"search_term_string\"}}],\"inLanguage\":\"es\"}]}<\/script>\n<meta property=\"product:price:amount\" content=\"500.00\" \/>\n<meta property=\"product:price:currency\" content=\"EUR\" \/>\n<meta property=\"og:availability\" content=\"instock\" \/>\n<meta property=\"product:availability\" content=\"instock\" \/>\n<meta property=\"product:condition\" content=\"new\" \/>\n<!-- \/ Yoast SEO plugin. -->","yoast_head_json":{"title":"Venta al por mayor de MDMB-Butinaca: suministro a granel, alta pureza e industria","description":"\u00bfEst\u00e1 buscando un proveedor mayorista confiable de MDMB-Butinaca? Descubra c\u00f3mo comprar MDMB-Butinaca de alta pureza a granel con certificaciones de seguridad y cumplimiento normativo para aplicaciones industriales o de investigaci\u00f3n.","robots":{"index":"index","follow":"follow","max-snippet":"max-snippet:-1","max-image-preview":"max-image-preview:large","max-video-preview":"max-video-preview:-1"},"canonical":"https:\/\/frcs-research.com\/es\/product\/mdmb-butinaca-al-por-mayor\/","og_locale":"es_ES","og_type":"article","og_title":"MDMB-Butinaca Wholesale: Bulk Supply, High Purity, and Industry","og_description":"Looking for a reliable MDMB-Butinaca wholesale supplier? Learn how to buy high-purity MDMB-Butinaca in bulk with safety certifications and regulatory compliance for research or industrial applications.","og_url":"https:\/\/frcs-research.com\/es\/product\/mdmb-butinaca-al-por-mayor\/","og_site_name":"wholesale supplier of research chemicals, 4mmc, 3mmc, MDPHP, Alpha PVP and more","article_modified_time":"2026-04-04T01:22:32+00:00","og_image":[{"width":768,"height":1024,"url":"https:\/\/frcs-research.com\/wp-content\/uploads\/2024\/10\/1711485862-2.jpg","type":"image\/jpeg"}],"twitter_card":"summary_large_image","twitter_misc":{"Precio":"&euro;500.00","Disponibilidad":"Disponible"},"schema":{"@context":"https:\/\/schema.org","@graph":[{"@type":["WebPage","ItemPage"],"@id":"https:\/\/frcs-research.com\/product\/mdmb-butinaca-wholesale\/","url":"https:\/\/frcs-research.com\/product\/mdmb-butinaca-wholesale\/","name":"Venta al por mayor de MDMB-Butinaca: suministro a granel, alta pureza e industria","isPartOf":{"@id":"https:\/\/frcs-research.com\/#website"},"primaryImageOfPage":{"@id":"https:\/\/frcs-research.com\/product\/mdmb-butinaca-wholesale\/#primaryimage"},"image":{"@id":"https:\/\/frcs-research.com\/product\/mdmb-butinaca-wholesale\/#primaryimage"},"thumbnailUrl":"https:\/\/frcs-research.com\/wp-content\/uploads\/2024\/10\/1711485862-2.jpg","datePublished":"2024-10-18T14:56:42+00:00","dateModified":"2026-04-04T01:22:32+00:00","description":"\u00bfEst\u00e1 buscando un proveedor mayorista confiable de MDMB-Butinaca? Descubra c\u00f3mo comprar MDMB-Butinaca de alta pureza a granel con certificaciones de seguridad y cumplimiento normativo para aplicaciones industriales o de investigaci\u00f3n.","breadcrumb":{"@id":"https:\/\/frcs-research.com\/product\/mdmb-butinaca-wholesale\/#breadcrumb"},"inLanguage":"es","potentialAction":[{"@type":"ReadAction","target":["https:\/\/frcs-research.com\/product\/mdmb-butinaca-wholesale\/"]}]},{"@type":"ImageObject","inLanguage":"es","@id":"https:\/\/frcs-research.com\/product\/mdmb-butinaca-wholesale\/#primaryimage","url":"https:\/\/frcs-research.com\/wp-content\/uploads\/2024\/10\/1711485862-2.jpg","contentUrl":"https:\/\/frcs-research.com\/wp-content\/uploads\/2024\/10\/1711485862-2.jpg","width":768,"height":1024,"caption":"MDMB-Butinaca Wholesale"},{"@type":"BreadcrumbList","@id":"https:\/\/frcs-research.com\/product\/mdmb-butinaca-wholesale\/#breadcrumb","itemListElement":[{"@type":"ListItem","position":1,"name":"Home","item":"https:\/\/frcs-research.com\/"},{"@type":"ListItem","position":2,"name":"Shop","item":"https:\/\/frcs-research.com\/shop\/"},{"@type":"ListItem","position":3,"name":"MDMB-Butinaca 1kg"}]},{"@type":"WebSite","@id":"https:\/\/frcs-research.com\/#website","url":"https:\/\/frcs-research.com\/","name":"Proveedor mayorista de productos qu\u00edmicos de investigaci\u00f3n, 4 mmc, 3 mmc, MDPHP, Alpha PVP y m\u00e1s","description":"Productos qu\u00edmicos de investigaci\u00f3n al por mayor","potentialAction":[{"@type":"SearchAction","target":{"@type":"EntryPoint","urlTemplate":"https:\/\/frcs-research.com\/?s={search_term_string}"},"query-input":{"@type":"PropertyValueSpecification","valueRequired":true,"valueName":"search_term_string"}}],"inLanguage":"es"}]},"product_price_amount":"500.00","product_price_currency":"EUR","og_availability":"instock","product_availability":"instock","product_condition":"new"},"uagb_featured_image_src":{"full":["https:\/\/frcs-research.com\/wp-content\/uploads\/2024\/10\/1711485862-2.jpg",768,1024,false],"thumbnail":["https:\/\/frcs-research.com\/wp-content\/uploads\/2024\/10\/1711485862-2-150x150.jpg",150,150,true],"medium":["https:\/\/frcs-research.com\/wp-content\/uploads\/2024\/10\/1711485862-2-225x300.jpg",225,300,true],"medium_large":["https:\/\/frcs-research.com\/wp-content\/uploads\/2024\/10\/1711485862-2.jpg",768,1024,false],"large":["https:\/\/frcs-research.com\/wp-content\/uploads\/2024\/10\/1711485862-2.jpg",768,1024,false],"1536x1536":["https:\/\/frcs-research.com\/wp-content\/uploads\/2024\/10\/1711485862-2.jpg",768,1024,false],"2048x2048":["https:\/\/frcs-research.com\/wp-content\/uploads\/2024\/10\/1711485862-2.jpg",768,1024,false],"trp-custom-language-flag":["https:\/\/frcs-research.com\/wp-content\/uploads\/2024\/10\/1711485862-2.jpg",9,12,false],"post-thumbnail":["https:\/\/frcs-research.com\/wp-content\/uploads\/2024\/10\/1711485862-2.jpg",465,620,false],"elite-commerce-slider":["https:\/\/frcs-research.com\/wp-content\/uploads\/2024\/10\/1711485862-2.jpg",750,1000,false],"elite-commerce-hero":["https:\/\/frcs-research.com\/wp-content\/uploads\/2024\/10\/1711485862-2.jpg",488,650,false],"elite-commerce-portfolio":["https:\/\/frcs-research.com\/wp-content\/uploads\/2024\/10\/1711485862-2.jpg",338,450,false],"woocommerce_thumbnail":["https:\/\/frcs-research.com\/wp-content\/uploads\/2024\/10\/1711485862-2-300x300.jpg",300,300,true],"woocommerce_single":["https:\/\/frcs-research.com\/wp-content\/uploads\/2024\/10\/1711485862-2-600x800.jpg",600,800,true],"woocommerce_gallery_thumbnail":["https:\/\/frcs-research.com\/wp-content\/uploads\/2024\/10\/1711485862-2-100x100.jpg",100,100,true]},"uagb_author_info":{"display_name":"cho","author_link":"https:\/\/frcs-research.com\/es\/author\/"},"uagb_comment_info":738,"uagb_excerpt":"The Ultimate Guide to MDMB-Butinaca Wholesale: Bulk Supply, Purity, and Industry Standards In recent years, synthetic cannabinoids have gained significant attention in various industries, particularly in research and chemical analysis.&hellip;&euro;550.00 El precio original era: &euro;550.00.&euro;500.00El precio actual es: &euro;500.00.A\u00f1adir a la cesta","_links":{"self":[{"href":"https:\/\/frcs-research.com\/es\/wp-json\/wp\/v2\/product\/898","targetHints":{"allow":["GET"]}}],"collection":[{"href":"https:\/\/frcs-research.com\/es\/wp-json\/wp\/v2\/product"}],"about":[{"href":"https:\/\/frcs-research.com\/es\/wp-json\/wp\/v2\/types\/product"}],"replies":[{"embeddable":true,"href":"https:\/\/frcs-research.com\/es\/wp-json\/wp\/v2\/comments?post=898"}],"wp:featuredmedia":[{"embeddable":true,"href":"https:\/\/frcs-research.com\/es\/wp-json\/wp\/v2\/media\/899"}],"wp:attachment":[{"href":"https:\/\/frcs-research.com\/es\/wp-json\/wp\/v2\/media?parent=898"}],"wp:term":[{"taxonomy":"product_brand","embeddable":true,"href":"https:\/\/frcs-research.com\/es\/wp-json\/wp\/v2\/product_brand?post=898"},{"taxonomy":"product_cat","embeddable":true,"href":"https:\/\/frcs-research.com\/es\/wp-json\/wp\/v2\/product_cat?post=898"},{"taxonomy":"product_tag","embeddable":true,"href":"https:\/\/frcs-research.com\/es\/wp-json\/wp\/v2\/product_tag?post=898"}],"curies":[{"name":"wp","href":"https:\/\/api.w.org\/{rel}","templated":true}]}}