{"id":10,"date":"2024-10-06T20:27:37","date_gmt":"2024-10-06T20:27:37","guid":{"rendered":"https:\/\/frcs-research.com\/home\/"},"modified":"2026-01-28T18:27:08","modified_gmt":"2026-01-28T18:27:08","slug":"home","status":"publish","type":"page","link":"https:\/\/frcs-research.com\/fr\/","title":{"rendered":"Maison"},"content":{"rendered":"<div class=\"wp-block-uagb-container uagb-layout-grid uagb-block-f2002f91 alignfull uagb-is-root-container\"><div class=\"uagb-container-inner-blocks-wrap\">\n<div class=\"wp-block-uagb-info-box uagb-block-180ac6e6 uagb-infobox__content-wrap  uagb-infobox-icon-above-title uagb-infobox-image-valign-top\"><div class=\"uagb-ifb-content\"><div class=\"uagb-ifb-title-wrap\"><h1 class=\"uagb-ifb-title\">Bienvenue sur FRCS Research : votre source fiable de m\u00e9ph\u00e9drone (4-MMC), de 3-MMC et de cathinones synth\u00e9tiques<\/h1><\/div><p class=\"uagb-ifb-desc\">Vous cherchez <strong>produits chimiques de recherche de qualit\u00e9 sup\u00e9rieure<\/strong>? \u00c0 <strong>Recherche FRCS<\/strong>, nous nous sp\u00e9cialisons dans la fourniture de produits de la plus haute qualit\u00e9 <strong>M\u00e9ph\u00e9drone (4-MMC)<\/strong>, <strong>3-MMC<\/strong>, et d&#039;autres technologies de pointe <strong>cathinones synth\u00e9tiques<\/strong> pour r\u00e9pondre \u00e0 vos besoins de recherche et d&#039;exp\u00e9rimentation.<\/p><div class=\"uagb-ifb-button-wrapper wp-block-button\"><a href=\"\/fr\/boutique\/\" class=\"uagb-infobox-cta-link wp-block-button__link\" target=\"_self\" rel=\"noopener noreferrer\" onclick=\"return true;\"><span class=\"uagb-inline-editing\">BOUTIQUE<\/span><svg xmlns=\"https:\/\/www.w3.org\/2000\/svg\" viewbox=\"0 0 448 512\"><path d=\"M438.6 278.6l-160 160C272.4 444.9 264.2 448 256 448s-16.38-3.125-22.62-9.375c-12.5-12.5-12.5-32.75 0-45.25L338.8 288H32C14.33 288 .0016 273.7 .0016 256S14.33 224 32 224h306.8l-105.4-105.4c-12.5-12.5-12.5-32.75 0-45.25s32.75-12.5 45.25 0l160 160C451.1 245.9 451.1 266.1 438.6 278.6z\"><\/path><\/svg><\/a><\/div><\/div><\/div>\n\n\n\n<div class=\"wp-block-uagb-image alignleft uagb-block-28621110 wp-block-uagb-image--layout-default wp-block-uagb-image--effect-static wp-block-uagb-image--align-left aligncenter\"><figure class=\"wp-block-uagb-image__figure\"><img decoding=\"async\" srcset=\"https:\/\/frcs-research.com\/wp-content\/uploads\/2024\/10\/photo_2024-10-09_01-16-43-559x1024.jpg ,https:\/\/frcs-research.com\/wp-content\/uploads\/2024\/10\/photo_2024-10-09_01-16-43.jpg 780w, https:\/\/frcs-research.com\/wp-content\/uploads\/2024\/10\/photo_2024-10-09_01-16-43.jpg 360w\" sizes=\"auto, (max-width: 480px) 150px\" src=\"https:\/\/frcs-research.com\/wp-content\/uploads\/2024\/10\/photo_2024-10-09_01-16-43-559x1024.jpg\" alt=\"ACHETEZ 3 MMC EN LIGNE\" class=\"uag-image-591\" width=\"559\" height=\"653\" title=\"photo_2024-10-09_01-16-43\" loading=\"lazy\" role=\"img\"\/><\/figure><\/div>\n<\/div><\/div>\n\n\n\n<div class=\"wp-block-uagb-container uagb-layout-grid uagb-block-c3878d39 alignfull uagb-is-root-container\"><div class=\"uagb-container-inner-blocks-wrap\">\n<div class=\"wp-block-uagb-image alignleft uagb-block-1c92cac7 wp-block-uagb-image--layout-default wp-block-uagb-image--effect-static wp-block-uagb-image--align-left\"><figure class=\"wp-block-uagb-image__figure\"><img decoding=\"async\" srcset=\"https:\/\/frcs-research.com\/wp-content\/uploads\/2024\/10\/photo_2024-09-17_13-36-27.jpg ,https:\/\/frcs-research.com\/wp-content\/uploads\/2024\/10\/photo_2024-09-17_13-36-27.jpg 780w, https:\/\/frcs-research.com\/wp-content\/uploads\/2024\/10\/photo_2024-09-17_13-36-27.jpg 360w\" sizes=\"auto, (max-width: 480px) 150px\" src=\"https:\/\/frcs-research.com\/wp-content\/uploads\/2024\/10\/photo_2024-09-17_13-36-27.jpg\" alt=\"ACHETER DE LA M\u00c9PH\u00c9DRONE EN LIGNE\" class=\"uag-image-593\" width=\"500\" height=\"500\" title=\"photo_2024-09-17_13-36-27\" loading=\"lazy\" role=\"img\"\/><\/figure><\/div>\n\n\n\n<div class=\"wp-block-uagb-info-box uagb-block-cc48bcab uagb-infobox__content-wrap  uagb-infobox-icon-above-title uagb-infobox-image-valign-top\"><div class=\"uagb-ifb-content\"><div class=\"uagb-ifb-title-wrap\"><h5 class=\"uagb-ifb-title-prefix\">Pourquoi choisir FRCS Research?<\/h5><h2 class=\"uagb-ifb-title\"><strong>Produits chimiques de haute puret\u00e9<\/strong>\u200b<\/h2><\/div><p class=\"uagb-ifb-desc\">Nous garantissons que tous nos produits, y compris <strong><a href=\"https:\/\/frcs-research.com\/fr\/product\/4-mmc-poudre-a-vendre\/\">4-MMC<\/a><\/strong> et <strong><a href=\"https:\/\/frcs-research.com\/fr\/product\/acheter-3-mmc\/\">3-MMC<\/a><\/strong>, sont soumis \u00e0 des tests rigoureux de qualit\u00e9 et de puret\u00e9.<br><strong>Transactions s\u00fbres et s\u00e9curis\u00e9es<\/strong>:Nous respectons votre vie priv\u00e9e. C&#039;est pourquoi nous vous fournissons <strong>exp\u00e9dition discr\u00e8te<\/strong> et <strong>options de paiement s\u00e9curis\u00e9es<\/strong>, rendant votre exp\u00e9rience d&#039;achat fluide.<br><strong>Exp\u00e9dition rapide dans le monde entier<\/strong>:Que vous cherchiez \u00e0 <strong>acheter 4-MMC en ligne<\/strong> ou d&#039;autres cathinones synth\u00e9tiques, nous proposons <strong>exp\u00e9dition rapide et fiable<\/strong> afin que votre commande vous parvienne en toute s\u00e9curit\u00e9 et dans les d\u00e9lais.<\/p><div class=\"uagb-ifb-button-wrapper wp-block-button\"><a href=\"\/fr\/boutique\/\" class=\"uagb-infobox-cta-link wp-block-button__link\" target=\"_self\" rel=\"noopener noreferrer\" onclick=\"return true;\"><span class=\"uagb-inline-editing\">BOUTIQUE<\/span><svg xmlns=\"https:\/\/www.w3.org\/2000\/svg\" viewbox=\"0 0 448 512\"><path d=\"M438.6 278.6l-160 160C272.4 444.9 264.2 448 256 448s-16.38-3.125-22.62-9.375c-12.5-12.5-12.5-32.75 0-45.25L338.8 288H32C14.33 288 .0016 273.7 .0016 256S14.33 224 32 224h306.8l-105.4-105.4c-12.5-12.5-12.5-32.75 0-45.25s32.75-12.5 45.25 0l160 160C451.1 245.9 451.1 266.1 438.6 278.6z\"><\/path><\/svg><\/a><\/div><\/div><\/div>\n<\/div><\/div>\n\n\n\n<div class=\"wp-block-uagb-container uagb-block-aee62949 alignfull uagb-is-root-container\"><div class=\"uagb-container-inner-blocks-wrap\">\n<div class=\"wp-block-uagb-advanced-heading uagb-block-5d255cf4\"><h2 class=\"uagb-heading-text\">Qu&#039;est-ce que la m\u00e9ph\u00e9drone (4-MMC) ?<\/h2><\/div>\n\n\n\n<p class=\"has-text-align-center\"><strong>M\u00e9ph\u00e9drone<\/strong>, commun\u00e9ment appel\u00e9 <strong>4-MMC<\/strong>, est un populaire <strong><a href=\"https:\/\/frcs-research.com\/fr\/product-category\/cathinones-synthetiques\/\">cathinone synth\u00e9tique<\/a><\/strong> largement utilis\u00e9 dans la recherche scientifique et exp\u00e9rimentale. Connu pour ses propri\u00e9t\u00e9s stimulantes et empathog\u00e8nes, <strong><a href=\"https:\/\/de.wikipedia.org\/wiki\/Mephedron\">4-MMC<\/a><\/strong> est structurellement similaire aux compos\u00e9s de cathinone pr\u00e9sents dans la plante de khat. Les chercheurs \u00e9tudient souvent ses effets sur le comportement, le syst\u00e8me nerveux et la psychostimulation.<\/p>\n\n\n\n<p class=\"has-text-align-center\">\u00c0 <strong>Recherche FRCS<\/strong>, nous offrons <strong>4-MMC \u00e0 vendre<\/strong> dans sa forme la plus pure. Que vous meniez des \u00e9tudes comportementales ou des analyses chimiques, notre <strong>m\u00e9ph\u00e9drone de haute puret\u00e9<\/strong> garantit des r\u00e9sultats fiables.<\/p>\n\n\n\n<div class=\"wp-block-uagb-container uagb-block-32b54f47\">\n<div class=\"wp-block-uagb-info-box uagb-block-dacf7df8 uagb-infobox__content-wrap  uagb-infobox-icon-above-title uagb-infobox-image-valign-top\"><div class=\"uagb-ifb-content\"><div class=\"uagb-ifb-image-content\"><img decoding=\"async\" src=\"https:\/\/frcs-research.com\/wp-content\/uploads\/2024\/10\/photo_2024-10-09_01-18-30.jpg\" alt=\"ACHETEZ 4 MMC EN LIGNE\" width=\"960\" height=\"1280\" loading=\"lazy\"\/><\/div><div class=\"uagb-ifb-title-wrap\"><h4 class=\"uagb-ifb-title\">Achetez 3-MMC \u2013 L\u2019alternative \u00e0 la m\u00e9ph\u00e9drone<\/h4><\/div><p class=\"uagb-ifb-desc\"><strong>3-MMC<\/strong> (3-m\u00e9thylm\u00e9thcathinone) est un autre puissant <strong>cathinone synth\u00e9tique<\/strong> qui a gagn\u00e9 en popularit\u00e9 en tant que <strong>produit chimique de recherche<\/strong> en raison de ses effets stimulants et empathog\u00e8nes, similaires \u00e0 ceux du 4-MMC. Il est souvent recherch\u00e9 par les chercheurs qui \u00e9tudient les effets des nouvelles substances psychoactives (NPS) sur le cerveau et le comportement.<br>Si vous \u00eates \u00e0 la recherche de <strong><a href=\"https:\/\/frcs-research.com\/fr\/product\/acheter-3-mmc\/\">3-MMC \u00e0 vendre<\/a> \u00e0 des fins de recherche<\/strong>, <strong>Recherche FRCS<\/strong> est votre fournisseur de confiance. Nous fournissons <strong>3-MMC pur et test\u00e9 en laboratoire<\/strong> pour tous vos besoins exp\u00e9rimentaux.<\/p><\/div><\/div>\n\n\n\n<div class=\"wp-block-uagb-info-box uagb-block-bc51b5c7 uagb-infobox__content-wrap  uagb-infobox-icon-above-title uagb-infobox-image-valign-top\"><div class=\"uagb-ifb-content\"><div class=\"uagb-ifb-image-content\"><img decoding=\"async\" src=\"https:\/\/frcs-research.com\/wp-content\/uploads\/2024\/10\/photo_2024-10-09_01-16-43.jpg\" alt=\"ACHETEZ 3 MMC EN LIGNE\" width=\"699\" height=\"1280\" loading=\"lazy\"\/><\/div><div class=\"uagb-ifb-title-wrap\"><h4 class=\"uagb-ifb-title\">Autres produits chimiques de recherche populaires<\/h4><\/div><p class=\"uagb-ifb-desc\">En plus de <strong>M\u00e9ph\u00e9drone (4-MMC)<\/strong> et <strong>3-MMC<\/strong>, nous proposons une large gamme de cathinones synth\u00e9tiques et de produits chimiques de recherche, notamment :<br><strong><a href=\"https:\/\/frcs-research.com\/fr\/product\/acheter-alpha-pvp\/\">Alpha-PVP<\/a> (\u03b1-pyrrolidinopentioph\u00e9none)<\/strong><br><strong>MDPHP (3\u2032,4\u2032-m\u00e9thyl\u00e8nedioxy-\u03b1-pyrrolidinohexioph\u00e9none)<\/strong><br><strong><a href=\"https:\/\/frcs-research.com\/fr\/product\/n-ethylhexedrone\/\">NEP (N-\u00e9thylpentylone)<\/a><\/strong><br>Chacun de nos produits provient de fabricants r\u00e9put\u00e9s et test\u00e9 pour r\u00e9pondre aux normes les plus \u00e9lev\u00e9es de l&#039;industrie.<\/p><\/div><\/div>\n\n\n\n<div class=\"wp-block-uagb-info-box uagb-block-273c6546 uagb-infobox__content-wrap  uagb-infobox-icon-above-title uagb-infobox-image-valign-top\"><div class=\"uagb-ifb-content\"><div class=\"uagb-ifb-image-content\"><img decoding=\"async\" src=\"https:\/\/frcs-research.com\/wp-content\/uploads\/2024\/10\/photo_2024-09-17_13-36-27.jpg\" alt=\"\" width=\"450\" height=\"800\" loading=\"lazy\"\/><\/div><div class=\"uagb-ifb-title-wrap\"><h4 class=\"uagb-ifb-title\">Achetez vos produits chimiques de recherche en toute s\u00e9curit\u00e9<\/h4><\/div><p class=\"uagb-ifb-desc\">Quand il s&#039;agit d&#039;acheter <strong><a href=\"https:\/\/frcs-research.com\/fr\/jwh-018\/\">recherche de produits chimiques en ligne<\/a><\/strong>, confiance <strong>Recherche FRCS<\/strong> pour la s\u00e9curit\u00e9, la fiabilit\u00e9 et la satisfaction de la client\u00e8le. Voici ce qui nous distingue :<br><strong>Emballage discret<\/strong>:Toutes les commandes sont emball\u00e9es avec soin afin de garantir une totale discr\u00e9tion et s\u00e9curit\u00e9 lors de la livraison.<br><strong>Prix comp\u00e9titifs<\/strong>:Nous offrons des prix comp\u00e9titifs sans compromettre la qualit\u00e9 de nos produits.<br><strong>Assistance client fiable<\/strong>:Vous avez des questions sur <strong><a href=\"https:\/\/frcs-research.com\/fr\/product\/4-mmc-poudre-a-vendre\/\">achat de 4-MMC<\/a><\/strong> ou l&#039;un de nos autres produits chimiques ? Notre \u00e9quipe comp\u00e9tente est pr\u00eate \u00e0 vous aider \u00e0 chaque \u00e9tape du processus.<\/p><\/div><\/div>\n<\/div>\n<\/div><\/div>\n\n\n\n<div class=\"wp-block-uagb-container uagb-block-6bb01f93 alignfull uagb-is-root-container\"><div class=\"uagb-container-inner-blocks-wrap\">\n<div class=\"wp-block-uagb-container uagb-block-2628b513\">\n<div class=\"wp-block-uagb-info-box uagb-block-cbe4f093 uagb-infobox__content-wrap  uagb-infobox-icon-above-title uagb-infobox-image-valign-top\"><div class=\"uagb-ifb-content\"><div class=\"uagb-ifb-title-wrap\"><h2 class=\"uagb-ifb-title\"><strong>M\u00e9ph\u00e9drone de haute puret\u00e9<\/strong><\/h2><\/div><p class=\"uagb-ifb-desc\"><strong>Acheter de la m\u00e9ph\u00e9drone en ligne<\/strong>, <strong>4-MMC \u00e0 vendre<\/strong>, <strong>acheter 3-MMC<\/strong>, <strong>recherche de produits chimiques en ligne<\/strong>, <strong>cathinones synth\u00e9tiques<\/strong>, <strong>fournisseur s\u00e9curis\u00e9 de produits chimiques de recherche<\/strong>, <strong>acheter des produits chimiques de recherche en toute s\u00e9curit\u00e9<\/strong>, <strong>Fournisseur de m\u00e9ph\u00e9drone<\/strong>, <strong>3-MMC acheter en ligne<\/strong>, <strong>commander des cathinones synth\u00e9tiques<\/strong>, <a href=\"https:\/\/frcs-research.com\/fr\/acheter-alpha-pvp-en-ligne\/\">acheter <strong>Alpha-PVP<\/strong><\/a>,<a href=\"https:\/\/frcs-research.com\/fr\/mdphp-freebase\/\"> <strong>acheter MDPHP en ligne<\/strong><\/a>, <strong>meilleur fournisseur de cathinone synth\u00e9tique<\/strong>, <strong>exp\u00e9dition discr\u00e8te de produits chimiques de recherche<\/strong>, <a href=\"https:\/\/frcs-research.com\/fr\/acheter-de-letizolam\/\"><strong>produits chimiques de recherche l\u00e9gale \u00e0 vendre<\/strong>.<\/a><\/p><div class=\"uagb-ifb-button-wrapper wp-block-button\"><a href=\"#\" class=\"uagb-infobox-cta-link wp-block-button__link\" target=\"_self\" rel=\"noopener noreferrer\" onclick=\"return false;\"><svg xmlns=\"https:\/\/www.w3.org\/2000\/svg\" viewbox=\"0 0 640 512\"><path d=\"M0 155.2C0 147.9 2.153 140.8 6.188 134.7L81.75 21.37C90.65 8.021 105.6 0 121.7 0H518.3C534.4 0 549.3 8.021 558.2 21.37L633.8 134.7C637.8 140.8 640 147.9 640 155.2C640 175.5 623.5 192 603.2 192H36.84C16.5 192 .0003 175.5 .0003 155.2H0zM64 224H128V384H320V224H384V464C384 490.5 362.5 512 336 512H112C85.49 512 64 490.5 64 464V224zM512 224H576V480C576 497.7 561.7 512 544 512C526.3 512 512 497.7 512 480V224z\"><\/path><\/svg><span class=\"uagb-inline-editing\">BOUTIQUE<\/span><\/a><\/div><\/div><\/div>\n<\/div>\n\n\n\n<div class=\"wp-block-uagb-image alignleft uagb-block-bfb8266b wp-block-uagb-image--layout-default wp-block-uagb-image--effect-static wp-block-uagb-image--align-left\"><figure class=\"wp-block-uagb-image__figure\"><img decoding=\"async\" srcset=\"https:\/\/frcs-research.com\/wp-content\/uploads\/2024\/10\/1_RpLx7mJH84OMoNkXThkJqQ.jpeg ,https:\/\/frcs-research.com\/wp-content\/uploads\/2024\/10\/1_RpLx7mJH84OMoNkXThkJqQ.jpeg 780w, https:\/\/frcs-research.com\/wp-content\/uploads\/2024\/10\/1_RpLx7mJH84OMoNkXThkJqQ.jpeg 360w\" sizes=\"auto, (max-width: 480px) 150px\" src=\"https:\/\/frcs-research.com\/wp-content\/uploads\/2024\/10\/1_RpLx7mJH84OMoNkXThkJqQ.jpeg\" alt=\"ACHETEZ 4 MMC\" class=\"uag-image-598\" width=\"600\" height=\"429\" title=\"1_RpLx7mJH84OMoNkXThkJqQ\" loading=\"lazy\" role=\"img\"\/><\/figure><\/div>\n<\/div><\/div>\n\n\n\n<p><\/p>","protected":false},"excerpt":{"rendered":"<p>What is Mephedrone (4-MMC)? Mephedrone, commonly known as 4-MMC, is a popular synthetic cathinone widely used in scientific and experimental research. Known for its stimulant and empathogenic properties, 4-MMC is&hellip;<a href=\"https:\/\/frcs-research.com\/fr\/\" class=\"more-link\"><span class=\"more-button\">Continue reading<span class=\"screen-reader-text\">Maison<\/span><\/span><\/a><\/p>","protected":false},"author":1,"featured_media":0,"parent":0,"menu_order":0,"comment_status":"closed","ping_status":"closed","template":"","meta":{"_uag_custom_page_level_css":"","footnotes":""},"class_list":["post-10","page","type-page","status-publish","hentry"],"yoast_head":"<!-- This site is optimized with the Yoast SEO plugin v27.1.1 - https:\/\/yoast.com\/product\/yoast-seo-wordpress\/ -->\n<title>Buy 4MMC Safe Online \u2013 High-Quality 4-MMC for Research<\/title>\n<meta name=\"description\" content=\"Buy premium-quality Mephedrone (4-MMC) online at FRCS Research. Trusted supplier of lab-tested Mephedrone for research purposes with secure payments and discreet worldwide shipping.\" \/>\n<meta name=\"robots\" content=\"index, follow, max-snippet:-1, max-image-preview:large, max-video-preview:-1\" \/>\n<link rel=\"canonical\" href=\"https:\/\/frcs-research.com\/fr\/\" \/>\n<meta property=\"og:locale\" content=\"fr_FR\" \/>\n<meta property=\"og:type\" content=\"article\" \/>\n<meta property=\"og:title\" content=\"Buy 4MMC Safe Online \u2013 High-Quality 4-MMC for Research\" \/>\n<meta property=\"og:description\" content=\"Buy premium-quality Mephedrone (4-MMC) online at FRCS Research. Trusted supplier of lab-tested Mephedrone for research purposes with secure payments and discreet worldwide shipping.\" \/>\n<meta property=\"og:url\" content=\"https:\/\/frcs-research.com\/fr\/\" \/>\n<meta property=\"og:site_name\" content=\"wholesale supplier of research chemicals, 4mmc, 3mmc, MDPHP, Alpha PVP and more\" \/>\n<meta property=\"article:modified_time\" content=\"2026-01-28T18:27:08+00:00\" \/>\n<meta property=\"og:image\" content=\"https:\/\/frcs-research.com\/wp-content\/uploads\/2024\/10\/photo_2024-10-09_01-16-43-559x1024.jpg\" \/>\n<meta name=\"twitter:card\" content=\"summary_large_image\" \/>\n<meta name=\"twitter:label1\" content=\"Dur\u00e9e de lecture estim\u00e9e\" \/>\n\t<meta name=\"twitter:data1\" content=\"4 minutes\" \/>\n<script type=\"application\/ld+json\" class=\"yoast-schema-graph\">{\"@context\":\"https:\/\/schema.org\",\"@graph\":[{\"@type\":\"WebPage\",\"@id\":\"https:\/\/frcs-research.com\/\",\"url\":\"https:\/\/frcs-research.com\/\",\"name\":\"Buy 4MMC Safe Online \u2013 High-Quality 4-MMC for Research\",\"isPartOf\":{\"@id\":\"https:\/\/frcs-research.com\/#website\"},\"primaryImageOfPage\":{\"@id\":\"https:\/\/frcs-research.com\/#primaryimage\"},\"image\":{\"@id\":\"https:\/\/frcs-research.com\/#primaryimage\"},\"thumbnailUrl\":\"https:\/\/frcs-research.com\/wp-content\/uploads\/2024\/10\/photo_2024-10-09_01-16-43-559x1024.jpg\",\"datePublished\":\"2024-10-06T20:27:37+00:00\",\"dateModified\":\"2026-01-28T18:27:08+00:00\",\"description\":\"Buy premium-quality Mephedrone (4-MMC) online at FRCS Research. Trusted supplier of lab-tested Mephedrone for research purposes with secure payments and discreet worldwide shipping.\",\"breadcrumb\":{\"@id\":\"https:\/\/frcs-research.com\/#breadcrumb\"},\"inLanguage\":\"fr-FR\",\"potentialAction\":[{\"@type\":\"ReadAction\",\"target\":[\"https:\/\/frcs-research.com\/\"]}]},{\"@type\":\"ImageObject\",\"inLanguage\":\"fr-FR\",\"@id\":\"https:\/\/frcs-research.com\/#primaryimage\",\"url\":\"https:\/\/frcs-research.com\/wp-content\/uploads\/2024\/10\/photo_2024-10-09_01-16-43-559x1024.jpg\",\"contentUrl\":\"https:\/\/frcs-research.com\/wp-content\/uploads\/2024\/10\/photo_2024-10-09_01-16-43-559x1024.jpg\"},{\"@type\":\"BreadcrumbList\",\"@id\":\"https:\/\/frcs-research.com\/#breadcrumb\",\"itemListElement\":[{\"@type\":\"ListItem\",\"position\":1,\"name\":\"Home\",\"item\":\"https:\/\/frcs-research.com\/\"},{\"@type\":\"ListItem\",\"position\":2,\"name\":\"Home\"}]},{\"@type\":\"WebSite\",\"@id\":\"https:\/\/frcs-research.com\/#website\",\"url\":\"https:\/\/frcs-research.com\/\",\"name\":\"wholesale supplier of research chemicals, 4mmc, 3mmc, MDPHP, Alpha PVP and more\",\"description\":\"Wholesale research chemicals\",\"potentialAction\":[{\"@type\":\"SearchAction\",\"target\":{\"@type\":\"EntryPoint\",\"urlTemplate\":\"https:\/\/frcs-research.com\/?s={search_term_string}\"},\"query-input\":{\"@type\":\"PropertyValueSpecification\",\"valueRequired\":true,\"valueName\":\"search_term_string\"}}],\"inLanguage\":\"fr-FR\"}]}<\/script>\n<!-- \/ Yoast SEO plugin. -->","yoast_head_json":{"title":"Buy 4MMC Safe Online \u2013 High-Quality 4-MMC for Research","description":"Achetez de la m\u00e9ph\u00e9drone (4-MMC) de qualit\u00e9 sup\u00e9rieure en ligne sur FRCS Research. Fournisseur de confiance de m\u00e9ph\u00e9drone test\u00e9e en laboratoire \u00e0 des fins de recherche avec des paiements s\u00e9curis\u00e9s et une exp\u00e9dition discr\u00e8te dans le monde entier.","robots":{"index":"index","follow":"follow","max-snippet":"max-snippet:-1","max-image-preview":"max-image-preview:large","max-video-preview":"max-video-preview:-1"},"canonical":"https:\/\/frcs-research.com\/fr\/","og_locale":"fr_FR","og_type":"article","og_title":"Buy 4MMC Safe Online \u2013 High-Quality 4-MMC for Research","og_description":"Buy premium-quality Mephedrone (4-MMC) online at FRCS Research. Trusted supplier of lab-tested Mephedrone for research purposes with secure payments and discreet worldwide shipping.","og_url":"https:\/\/frcs-research.com\/fr\/","og_site_name":"wholesale supplier of research chemicals, 4mmc, 3mmc, MDPHP, Alpha PVP and more","article_modified_time":"2026-01-28T18:27:08+00:00","og_image":[{"url":"https:\/\/frcs-research.com\/wp-content\/uploads\/2024\/10\/photo_2024-10-09_01-16-43-559x1024.jpg","type":"","width":"","height":""}],"twitter_card":"summary_large_image","twitter_misc":{"Dur\u00e9e de lecture estim\u00e9e":"4 minutes"},"schema":{"@context":"https:\/\/schema.org","@graph":[{"@type":"WebPage","@id":"https:\/\/frcs-research.com\/","url":"https:\/\/frcs-research.com\/","name":"Buy 4MMC Safe Online \u2013 High-Quality 4-MMC for Research","isPartOf":{"@id":"https:\/\/frcs-research.com\/#website"},"primaryImageOfPage":{"@id":"https:\/\/frcs-research.com\/#primaryimage"},"image":{"@id":"https:\/\/frcs-research.com\/#primaryimage"},"thumbnailUrl":"https:\/\/frcs-research.com\/wp-content\/uploads\/2024\/10\/photo_2024-10-09_01-16-43-559x1024.jpg","datePublished":"2024-10-06T20:27:37+00:00","dateModified":"2026-01-28T18:27:08+00:00","description":"Achetez de la m\u00e9ph\u00e9drone (4-MMC) de qualit\u00e9 sup\u00e9rieure en ligne sur FRCS Research. Fournisseur de confiance de m\u00e9ph\u00e9drone test\u00e9e en laboratoire \u00e0 des fins de recherche avec des paiements s\u00e9curis\u00e9s et une exp\u00e9dition discr\u00e8te dans le monde entier.","breadcrumb":{"@id":"https:\/\/frcs-research.com\/#breadcrumb"},"inLanguage":"fr-FR","potentialAction":[{"@type":"ReadAction","target":["https:\/\/frcs-research.com\/"]}]},{"@type":"ImageObject","inLanguage":"fr-FR","@id":"https:\/\/frcs-research.com\/#primaryimage","url":"https:\/\/frcs-research.com\/wp-content\/uploads\/2024\/10\/photo_2024-10-09_01-16-43-559x1024.jpg","contentUrl":"https:\/\/frcs-research.com\/wp-content\/uploads\/2024\/10\/photo_2024-10-09_01-16-43-559x1024.jpg"},{"@type":"BreadcrumbList","@id":"https:\/\/frcs-research.com\/#breadcrumb","itemListElement":[{"@type":"ListItem","position":1,"name":"Home","item":"https:\/\/frcs-research.com\/"},{"@type":"ListItem","position":2,"name":"Home"}]},{"@type":"WebSite","@id":"https:\/\/frcs-research.com\/#website","url":"https:\/\/frcs-research.com\/","name":"fournisseur en gros de produits chimiques de recherche, 4mmc, 3mmc, MDPHP, Alpha PVP et plus","description":"Vente en gros de produits chimiques de recherche","potentialAction":[{"@type":"SearchAction","target":{"@type":"EntryPoint","urlTemplate":"https:\/\/frcs-research.com\/?s={search_term_string}"},"query-input":{"@type":"PropertyValueSpecification","valueRequired":true,"valueName":"search_term_string"}}],"inLanguage":"fr-FR"}]}},"uagb_featured_image_src":{"full":false,"thumbnail":false,"medium":false,"medium_large":false,"large":false,"1536x1536":false,"2048x2048":false,"trp-custom-language-flag":false,"post-thumbnail":false,"elite-commerce-slider":false,"elite-commerce-hero":false,"elite-commerce-portfolio":false,"woocommerce_thumbnail":false,"woocommerce_single":false,"woocommerce_gallery_thumbnail":false},"uagb_author_info":{"display_name":"Richard Wood","author_link":"https:\/\/frcs-research.com\/fr\/author\/expireddomains1000gmail-com\/"},"uagb_comment_info":0,"uagb_excerpt":"What is Mephedrone (4-MMC)? Mephedrone, commonly known as 4-MMC, is a popular synthetic cathinone widely used in scientific and experimental research. Known for its stimulant and empathogenic properties, 4-MMC is&hellip;Continue readingHome","_links":{"self":[{"href":"https:\/\/frcs-research.com\/fr\/wp-json\/wp\/v2\/pages\/10","targetHints":{"allow":["GET"]}}],"collection":[{"href":"https:\/\/frcs-research.com\/fr\/wp-json\/wp\/v2\/pages"}],"about":[{"href":"https:\/\/frcs-research.com\/fr\/wp-json\/wp\/v2\/types\/page"}],"author":[{"embeddable":true,"href":"https:\/\/frcs-research.com\/fr\/wp-json\/wp\/v2\/users\/1"}],"replies":[{"embeddable":true,"href":"https:\/\/frcs-research.com\/fr\/wp-json\/wp\/v2\/comments?post=10"}],"version-history":[{"count":18,"href":"https:\/\/frcs-research.com\/fr\/wp-json\/wp\/v2\/pages\/10\/revisions"}],"predecessor-version":[{"id":1093,"href":"https:\/\/frcs-research.com\/fr\/wp-json\/wp\/v2\/pages\/10\/revisions\/1093"}],"wp:attachment":[{"href":"https:\/\/frcs-research.com\/fr\/wp-json\/wp\/v2\/media?parent=10"}],"curies":[{"name":"wp","href":"https:\/\/api.w.org\/{rel}","templated":true}]}}