{"id":11,"date":"2024-10-06T20:27:37","date_gmt":"2024-10-06T20:27:37","guid":{"rendered":"https:\/\/frcs-research.com\/about\/"},"modified":"2024-10-13T00:30:47","modified_gmt":"2024-10-13T00:30:47","slug":"mdphp-freebase","status":"publish","type":"page","link":"https:\/\/frcs-research.com\/fr\/mdphp-freebase\/","title":{"rendered":"Base libre MDPHP"},"content":{"rendered":"<div class=\"wp-block-uagb-container uagb-block-ddbe5c65 alignfull uagb-is-root-container\"><div class=\"uagb-container-inner-blocks-wrap\">\n<div class=\"wp-block-uagb-advanced-heading uagb-block-fa4e7c56\"><h1 class=\"uagb-heading-text\">Achetez du MDPHP en ligne \u2013 MDPHP de haute qualit\u00e9 pour la recherche chez FRCS Research<\/h1><p class=\"uagb-desc-text\">\u00c0 la recherche de <strong>acheter MDPHP en ligne<\/strong>? Bienvenue \u00e0 <strong><a href=\"https:\/\/frcs-research.com\/fr\/\">Recherche FRCS<\/a><\/strong>, votre source fiable de produits de qualit\u00e9 sup\u00e9rieure test\u00e9s en laboratoire <strong>MDPHP (3\u2032,4\u2032-m\u00e9thyl\u00e8nedioxy-\u03b1-pyrrolidinohexioph\u00e9none)<\/strong>. En tant que fournisseur leader de produits de haute puret\u00e9 <strong>produits chimiques de recherche<\/strong>, nous proposons du MDPHP \u00e0 des fins de recherche scientifique et analytique, garantissant la s\u00e9curit\u00e9, la qualit\u00e9 et des r\u00e9sultats fiables dans chaque commande.<\/p><\/div>\n<\/div><\/div>\n\n\n\n<div class=\"wp-block-uagb-container uagb-block-f4853f72 alignfull uagb-is-root-container\"><div class=\"uagb-container-inner-blocks-wrap\">\n<div class=\"wp-block-uagb-image uagb-block-066e3443 wp-block-uagb-image--layout-default wp-block-uagb-image--effect-static wp-block-uagb-image--align-none\"><figure class=\"wp-block-uagb-image__figure\"><img decoding=\"async\" srcset=\"https:\/\/frcs-research.com\/wp-content\/uploads\/2024\/10\/photo_2024-10-09_01-29-18-939x1024.jpg ,https:\/\/frcs-research.com\/wp-content\/uploads\/2024\/10\/photo_2024-10-09_01-29-18.jpg 780w, https:\/\/frcs-research.com\/wp-content\/uploads\/2024\/10\/photo_2024-10-09_01-29-18.jpg 360w\" sizes=\"auto, (max-width: 480px) 150px\" src=\"https:\/\/frcs-research.com\/wp-content\/uploads\/2024\/10\/photo_2024-10-09_01-29-18-939x1024.jpg\" alt=\"acheter mdphp en ligne\" class=\"uag-image-607\" width=\"560\" height=\"440\" title=\"photo_2024-10-09_01-29-18\" loading=\"lazy\" role=\"img\"\/><\/figure><\/div>\n\n\n\n<div class=\"wp-block-uagb-container uagb-block-959de5be\">\n<div class=\"wp-block-uagb-advanced-heading uagb-block-a679106e\"><h2 class=\"uagb-heading-text\">Qu&#039;est-ce que MDPHP?<\/h2><p class=\"uagb-desc-text\"><strong>MDPHP<\/strong> est un puissant <strong><a href=\"http:\/\/encrypted payment methods\">cathinone synth\u00e9tique<\/a><\/strong> connu pour son <strong>propri\u00e9t\u00e9s stimulantes<\/strong>Structurellement similaire \u00e0 d\u2019autres produits chimiques de recherche comme <strong><a href=\"https:\/\/frcs-research.com\/fr\/product\/acheter-alpha-pvp\/\">Alpha-PVP<\/a><\/strong> et <strong><a href=\"https:\/\/frcs-research.com\/fr\/product\/mdpv-methylenedioxypyrovalerone\/\">MDPV<\/a><\/strong>Le MDPHP est largement utilis\u00e9 dans les \u00e9tudes ax\u00e9es sur ses effets sur <strong>dopamine et noradr\u00e9naline<\/strong> dans le cerveau. Les chercheurs et les laboratoires \u00e9tudient le MDPHP pour comprendre son impact sur le syst\u00e8me nerveux central, ce qui en fait un produit chimique important pour la recherche comportementale, neurologique et psychostimulante.<\/p><\/div>\n<\/div>\n<\/div><\/div>\n\n\n\n<div class=\"wp-block-uagb-container uagb-layout-grid uagb-block-395f69b9 alignfull uagb-is-root-container\"><div class=\"uagb-container-inner-blocks-wrap\">\n<div class=\"wp-block-uagb-advanced-heading uagb-block-992e1d53\"><h3 class=\"uagb-heading-text\">Pourquoi choisir FRCS Research pour acheter MDPHP ?<\/h3><p class=\"uagb-desc-text\">\u00c0 <strong>Recherche FRCS<\/strong>, nous accordons la priorit\u00e9 \u00e0 la qualit\u00e9 et \u00e0 la puret\u00e9 de nos produits chimiques de recherche. Lorsque vous achetez du MDPHP chez nous, vous choisissez :<br><strong>Haute puret\u00e9<\/strong>: Notre <strong>MDPHP<\/strong> provient de fabricants de confiance et est test\u00e9 en laboratoire pour garantir qu&#039;il r\u00e9pond aux normes les plus \u00e9lev\u00e9es en mati\u00e8re d&#039;utilisation pour la recherche.<br><strong>Achats s\u00fbrs et s\u00e9curis\u00e9s<\/strong>: Nous offrons <strong>emballage discret<\/strong> et <strong>options de paiement s\u00e9curis\u00e9es<\/strong> pour prot\u00e9ger votre vie priv\u00e9e et garantir une exp\u00e9rience d&#039;achat fluide.<br><strong>Exp\u00e9dition rapide dans le monde entier<\/strong>:Avec des services fiables et <strong>exp\u00e9dition rapide<\/strong>, nous assurons votre <strong>Ordre du MDPHP<\/strong> arrive en toute s\u00e9curit\u00e9, peu importe o\u00f9 vous \u00eates.<\/p><\/div>\n\n\n\n<div class=\"wp-block-uagb-container uagb-block-6d4e5b67\">\n<div class=\"wp-block-uagb-advanced-heading uagb-block-bbe91d67\"><h3 class=\"uagb-heading-text\">Pourquoi acheter MDPHP pour la recherche ?<\/h3><\/div>\n\n\n\n<div class=\"wp-block-uagb-icon-list uagb-block-60b012d5\"><div class=\"uagb-icon-list__wrap\">\n<div class=\"wp-block-uagb-icon-list-child uagb-block-8bcb204e\"><a target=\"_self\" aria-label=\"Le MDPHP fait partie de la classe des cathinones synth\u00e9tiques, ce qui en fait un sujet int\u00e9ressant pour de nombreuses \u00e9tudes scientifiques. Les chercheurs utilisent le MDPHP pour examiner :Les effets psychostimulants : comprendre comment le MDPHP affecte les syst\u00e8mes de r\u00e9compense et de plaisir du cerveau.\" rel=\"noopener noreferrer\" href=\"#\"> <\/a><span class=\"uagb-icon-list__source-wrap\"><svg xmlns=\"https:\/\/www.w3.org\/2000\/svg\" viewbox=\"0 0 512 512\"><path d=\"M0 256C0 114.6 114.6 0 256 0C397.4 0 512 114.6 512 256C512 397.4 397.4 512 256 512C114.6 512 0 397.4 0 256zM371.8 211.8C382.7 200.9 382.7 183.1 371.8 172.2C360.9 161.3 343.1 161.3 332.2 172.2L224 280.4L179.8 236.2C168.9 225.3 151.1 225.3 140.2 236.2C129.3 247.1 129.3 264.9 140.2 275.8L204.2 339.8C215.1 350.7 232.9 350.7 243.8 339.8L371.8 211.8z\"><\/path><\/svg><\/span><span class=\"uagb-icon-list__label\"><strong>MDPHP<\/strong> fait partie de la <strong>cathinone synth\u00e9tique<\/strong> classe de produits chimiques, ce qui en fait un sujet int\u00e9ressant pour une vari\u00e9t\u00e9 d&#039;\u00e9tudes scientifiques. Les chercheurs utilisent le MDPHP pour examiner :<br><strong>Effets psychostimulants<\/strong>: Comprendre comment <strong>MDPHP<\/strong> affecte les syst\u00e8mes de r\u00e9compense et de plaisir du cerveau.<\/span><\/div>\n\n\n\n<div class=\"wp-block-uagb-icon-list-child uagb-block-d18e95cd\"><a target=\"_self\" aria-label=\"Voies neurologiques : recherche sur la mani\u00e8re dont le MDPHP influence les neurotransmetteurs tels que la dopamine et la noradr\u00e9naline. Si vous effectuez des recherches avanc\u00e9es sur les d\u00e9riv\u00e9s de la cathinone, le MDPHP est un compos\u00e9 pr\u00e9cieux pour explorer les effets des stimulants synth\u00e9tiques.\" rel=\"noopener noreferrer\" href=\"#\"> <\/a><span class=\"uagb-icon-list__source-wrap\"><svg xmlns=\"https:\/\/www.w3.org\/2000\/svg\" viewbox=\"0 0 512 512\"><path d=\"M0 256C0 114.6 114.6 0 256 0C397.4 0 512 114.6 512 256C512 397.4 397.4 512 256 512C114.6 512 0 397.4 0 256zM371.8 211.8C382.7 200.9 382.7 183.1 371.8 172.2C360.9 161.3 343.1 161.3 332.2 172.2L224 280.4L179.8 236.2C168.9 225.3 151.1 225.3 140.2 236.2C129.3 247.1 129.3 264.9 140.2 275.8L204.2 339.8C215.1 350.7 232.9 350.7 243.8 339.8L371.8 211.8z\"><\/path><\/svg><\/span><span class=\"uagb-icon-list__label\"><strong>Voies neurologiques<\/strong>:Rechercher comment le MDPHP influence les neurotransmetteurs tels que <strong>dopamine<\/strong> et <strong>noradr\u00e9naline<\/strong>.<br>Si vous effectuez des recherches avanc\u00e9es sur <strong>d\u00e9riv\u00e9s de la cathinone<\/strong>Le MDPHP est un compos\u00e9 pr\u00e9cieux pour explorer les effets des stimulants synth\u00e9tiques.<\/span><\/div>\n\n\n\n<div class=\"wp-block-uagb-icon-list-child uagb-block-fe34200d\"><a target=\"_self\" aria-label=\"Impact comportemental : \u00e9tude de l\u2019impact du compos\u00e9 sur l\u2019activit\u00e9, la motivation et la concentration.\" rel=\"noopener noreferrer\" href=\"#\"> <\/a><span class=\"uagb-icon-list__source-wrap\"><svg xmlns=\"https:\/\/www.w3.org\/2000\/svg\" viewbox=\"0 0 512 512\"><path d=\"M0 256C0 114.6 114.6 0 256 0C397.4 0 512 114.6 512 256C512 397.4 397.4 512 256 512C114.6 512 0 397.4 0 256zM371.8 211.8C382.7 200.9 382.7 183.1 371.8 172.2C360.9 161.3 343.1 161.3 332.2 172.2L224 280.4L179.8 236.2C168.9 225.3 151.1 225.3 140.2 236.2C129.3 247.1 129.3 264.9 140.2 275.8L204.2 339.8C215.1 350.7 232.9 350.7 243.8 339.8L371.8 211.8z\"><\/path><\/svg><\/span><span class=\"uagb-icon-list__label\"><strong>Impact comportemental<\/strong>:\u00c9tudier l\u2019impact du compos\u00e9 sur l\u2019activit\u00e9, la motivation et la concentration.<\/span><\/div>\n<\/div><\/div>\n<\/div>\n<\/div><\/div>\n\n\n\n<div class=\"wp-block-uagb-container uagb-layout-flex uagb-block-cd23d4e7 alignfull uagb-is-root-container\"><div class=\"uagb-container-inner-blocks-wrap\">\n<div class=\"wp-block-uagb-container uagb-block-38ac57af\">\n<div class=\"wp-block-uagb-advanced-heading uagb-block-ab8e889b\"><h2 class=\"uagb-heading-text\">Acheter MDPHP en ligne \u2013 \u00c0 quoi s\u2019attendre de la recherche FRCS<\/h2><p class=\"uagb-desc-text\">\u00c0 <strong>Recherche FRCS<\/strong>, nous garantissons la qualit\u00e9 et la s\u00e9curit\u00e9 lorsque vous achetez du MDPHP chez nous. Voici pourquoi vous pouvez nous faire confiance pour vos besoins de recherche :<br><strong>Test\u00e9 et certifi\u00e9<\/strong>:Tous nos produits chimiques, y compris <strong>MDPHP<\/strong>, sont test\u00e9s pour leur puret\u00e9 et leur coh\u00e9rence afin de garantir que vous recevez des r\u00e9sultats fiables dans vos \u00e9tudes.<br><strong>Transactions s\u00e9curis\u00e9es<\/strong>:Nous utilisons des m\u00e9thodes de paiement crypt\u00e9es et des processus de paiement s\u00e9curis\u00e9s pour garantir la protection de vos informations.<br><strong>Livraison discr\u00e8te<\/strong>:Nous comprenons l\u2019importance de la confidentialit\u00e9, c\u2019est pourquoi nous proposons une exp\u00e9dition discr\u00e8te et fiable dans le monde entier.<\/p><\/div>\n\n\n\n<div class=\"wp-block-uagb-icon-list uagb-block-e61dcdb2\"><div class=\"uagb-icon-list__wrap\"><\/div><\/div>\n<\/div>\n\n\n\n<div class=\"wp-block-uagb-image alignright uagb-block-1bba2fd8 wp-block-uagb-image--layout-default wp-block-uagb-image--effect-static wp-block-uagb-image--align-right\"><figure class=\"wp-block-uagb-image__figure\"><img decoding=\"async\" srcset=\"https:\/\/frcs-research.com\/wp-content\/uploads\/2024\/10\/ghvkbjl-768x1024.jpg ,https:\/\/frcs-research.com\/wp-content\/uploads\/2024\/10\/ghvkbjl.jpg 780w, https:\/\/frcs-research.com\/wp-content\/uploads\/2024\/10\/ghvkbjl.jpg 360w\" sizes=\"auto, (max-width: 480px) 150px\" src=\"https:\/\/frcs-research.com\/wp-content\/uploads\/2024\/10\/ghvkbjl-768x1024.jpg\" alt=\"acheter mdphp\" class=\"uag-image-609\" width=\"560\" height=\"448\" title=\"Ghvkbjl\" loading=\"lazy\" role=\"img\"\/><\/figure><\/div>\n<\/div><\/div>","protected":false},"excerpt":{"rendered":"<p>Buy MDPHP Online \u2013 High-Quality MDPHP for Research at FRCS Research Looking to buy MDPHP online? Welcome to FRCS Research, your trusted source for premium, lab-tested MDPHP (3&#8242;,4&#8242;-Methylenedioxy-\u03b1-pyrrolidinohexiophenone). As a&hellip;<a href=\"https:\/\/frcs-research.com\/fr\/mdphp-freebase\/\" class=\"more-link\"><span class=\"more-button\">Continue reading<span class=\"screen-reader-text\">Base libre MDPHP<\/span><\/span><\/a><\/p>","protected":false},"author":1,"featured_media":0,"parent":0,"menu_order":0,"comment_status":"closed","ping_status":"closed","template":"","meta":{"_uag_custom_page_level_css":"","footnotes":""},"class_list":["post-11","page","type-page","status-publish","hentry"],"yoast_head":"<!-- This site is optimized with the Yoast SEO plugin v27.1.1 - https:\/\/yoast.com\/product\/yoast-seo-wordpress\/ -->\n<title>Buy MDPHP Online \u2013 High-Quality Research Chemical<\/title>\n<meta name=\"description\" content=\"Buy premium MDPHP online at FRCS Research. Trusted source for lab-tested MDPHP for research purposes, offering secure payments and discreet worldwide shipping.\" \/>\n<meta name=\"robots\" content=\"index, follow, max-snippet:-1, max-image-preview:large, max-video-preview:-1\" \/>\n<link rel=\"canonical\" href=\"https:\/\/frcs-research.com\/fr\/mdphp-freebase\/\" \/>\n<meta property=\"og:locale\" content=\"fr_FR\" \/>\n<meta property=\"og:type\" content=\"article\" \/>\n<meta property=\"og:title\" content=\"Buy MDPHP Online \u2013 High-Quality Research Chemical\" \/>\n<meta property=\"og:description\" content=\"Buy premium MDPHP online at FRCS Research. Trusted source for lab-tested MDPHP for research purposes, offering secure payments and discreet worldwide shipping.\" \/>\n<meta property=\"og:url\" content=\"https:\/\/frcs-research.com\/fr\/mdphp-freebase\/\" \/>\n<meta property=\"og:site_name\" content=\"wholesale supplier of research chemicals, 4mmc, 3mmc, MDPHP, Alpha PVP and more\" \/>\n<meta property=\"article:modified_time\" content=\"2024-10-13T00:30:47+00:00\" \/>\n<meta property=\"og:image\" content=\"https:\/\/frcs-research.com\/wp-content\/uploads\/2024\/10\/photo_2024-10-09_01-29-18-939x1024.jpg\" \/>\n<meta name=\"twitter:card\" content=\"summary_large_image\" \/>\n<meta name=\"twitter:label1\" content=\"Dur\u00e9e de lecture estim\u00e9e\" \/>\n\t<meta name=\"twitter:data1\" content=\"3 minutes\" \/>\n<script type=\"application\/ld+json\" class=\"yoast-schema-graph\">{\"@context\":\"https:\/\/schema.org\",\"@graph\":[{\"@type\":\"WebPage\",\"@id\":\"https:\/\/frcs-research.com\/mdphp-freebase\/\",\"url\":\"https:\/\/frcs-research.com\/mdphp-freebase\/\",\"name\":\"Buy MDPHP Online \u2013 High-Quality Research Chemical\",\"isPartOf\":{\"@id\":\"https:\/\/frcs-research.com\/#website\"},\"primaryImageOfPage\":{\"@id\":\"https:\/\/frcs-research.com\/mdphp-freebase\/#primaryimage\"},\"image\":{\"@id\":\"https:\/\/frcs-research.com\/mdphp-freebase\/#primaryimage\"},\"thumbnailUrl\":\"https:\/\/frcs-research.com\/wp-content\/uploads\/2024\/10\/photo_2024-10-09_01-29-18-939x1024.jpg\",\"datePublished\":\"2024-10-06T20:27:37+00:00\",\"dateModified\":\"2024-10-13T00:30:47+00:00\",\"description\":\"Buy premium MDPHP online at FRCS Research. Trusted source for lab-tested MDPHP for research purposes, offering secure payments and discreet worldwide shipping.\",\"breadcrumb\":{\"@id\":\"https:\/\/frcs-research.com\/mdphp-freebase\/#breadcrumb\"},\"inLanguage\":\"fr-FR\",\"potentialAction\":[{\"@type\":\"ReadAction\",\"target\":[\"https:\/\/frcs-research.com\/mdphp-freebase\/\"]}]},{\"@type\":\"ImageObject\",\"inLanguage\":\"fr-FR\",\"@id\":\"https:\/\/frcs-research.com\/mdphp-freebase\/#primaryimage\",\"url\":\"https:\/\/frcs-research.com\/wp-content\/uploads\/2024\/10\/photo_2024-10-09_01-29-18-939x1024.jpg\",\"contentUrl\":\"https:\/\/frcs-research.com\/wp-content\/uploads\/2024\/10\/photo_2024-10-09_01-29-18-939x1024.jpg\"},{\"@type\":\"BreadcrumbList\",\"@id\":\"https:\/\/frcs-research.com\/mdphp-freebase\/#breadcrumb\",\"itemListElement\":[{\"@type\":\"ListItem\",\"position\":1,\"name\":\"Home\",\"item\":\"https:\/\/frcs-research.com\/\"},{\"@type\":\"ListItem\",\"position\":2,\"name\":\"MDPHP FREEBASE\"}]},{\"@type\":\"WebSite\",\"@id\":\"https:\/\/frcs-research.com\/#website\",\"url\":\"https:\/\/frcs-research.com\/\",\"name\":\"wholesale supplier of research chemicals, 4mmc, 3mmc, MDPHP, Alpha PVP and more\",\"description\":\"Wholesale research chemicals\",\"potentialAction\":[{\"@type\":\"SearchAction\",\"target\":{\"@type\":\"EntryPoint\",\"urlTemplate\":\"https:\/\/frcs-research.com\/?s={search_term_string}\"},\"query-input\":{\"@type\":\"PropertyValueSpecification\",\"valueRequired\":true,\"valueName\":\"search_term_string\"}}],\"inLanguage\":\"fr-FR\"}]}<\/script>\n<!-- \/ Yoast SEO plugin. -->","yoast_head_json":{"title":"Achetez du MDPHP en ligne \u2013 Produit chimique de recherche de haute qualit\u00e9","description":"Achetez du MDPHP de qualit\u00e9 sup\u00e9rieure en ligne chez FRCS Research. Source fiable de MDPHP test\u00e9 en laboratoire \u00e0 des fins de recherche, offrant des paiements s\u00e9curis\u00e9s et une exp\u00e9dition discr\u00e8te dans le monde entier.","robots":{"index":"index","follow":"follow","max-snippet":"max-snippet:-1","max-image-preview":"max-image-preview:large","max-video-preview":"max-video-preview:-1"},"canonical":"https:\/\/frcs-research.com\/fr\/mdphp-freebase\/","og_locale":"fr_FR","og_type":"article","og_title":"Buy MDPHP Online \u2013 High-Quality Research Chemical","og_description":"Buy premium MDPHP online at FRCS Research. Trusted source for lab-tested MDPHP for research purposes, offering secure payments and discreet worldwide shipping.","og_url":"https:\/\/frcs-research.com\/fr\/mdphp-freebase\/","og_site_name":"wholesale supplier of research chemicals, 4mmc, 3mmc, MDPHP, Alpha PVP and more","article_modified_time":"2024-10-13T00:30:47+00:00","og_image":[{"url":"https:\/\/frcs-research.com\/wp-content\/uploads\/2024\/10\/photo_2024-10-09_01-29-18-939x1024.jpg","type":"","width":"","height":""}],"twitter_card":"summary_large_image","twitter_misc":{"Dur\u00e9e de lecture estim\u00e9e":"3 minutes"},"schema":{"@context":"https:\/\/schema.org","@graph":[{"@type":"WebPage","@id":"https:\/\/frcs-research.com\/mdphp-freebase\/","url":"https:\/\/frcs-research.com\/mdphp-freebase\/","name":"Achetez du MDPHP en ligne \u2013 Produit chimique de recherche de haute qualit\u00e9","isPartOf":{"@id":"https:\/\/frcs-research.com\/#website"},"primaryImageOfPage":{"@id":"https:\/\/frcs-research.com\/mdphp-freebase\/#primaryimage"},"image":{"@id":"https:\/\/frcs-research.com\/mdphp-freebase\/#primaryimage"},"thumbnailUrl":"https:\/\/frcs-research.com\/wp-content\/uploads\/2024\/10\/photo_2024-10-09_01-29-18-939x1024.jpg","datePublished":"2024-10-06T20:27:37+00:00","dateModified":"2024-10-13T00:30:47+00:00","description":"Achetez du MDPHP de qualit\u00e9 sup\u00e9rieure en ligne chez FRCS Research. Source fiable de MDPHP test\u00e9 en laboratoire \u00e0 des fins de recherche, offrant des paiements s\u00e9curis\u00e9s et une exp\u00e9dition discr\u00e8te dans le monde entier.","breadcrumb":{"@id":"https:\/\/frcs-research.com\/mdphp-freebase\/#breadcrumb"},"inLanguage":"fr-FR","potentialAction":[{"@type":"ReadAction","target":["https:\/\/frcs-research.com\/mdphp-freebase\/"]}]},{"@type":"ImageObject","inLanguage":"fr-FR","@id":"https:\/\/frcs-research.com\/mdphp-freebase\/#primaryimage","url":"https:\/\/frcs-research.com\/wp-content\/uploads\/2024\/10\/photo_2024-10-09_01-29-18-939x1024.jpg","contentUrl":"https:\/\/frcs-research.com\/wp-content\/uploads\/2024\/10\/photo_2024-10-09_01-29-18-939x1024.jpg"},{"@type":"BreadcrumbList","@id":"https:\/\/frcs-research.com\/mdphp-freebase\/#breadcrumb","itemListElement":[{"@type":"ListItem","position":1,"name":"Home","item":"https:\/\/frcs-research.com\/"},{"@type":"ListItem","position":2,"name":"MDPHP FREEBASE"}]},{"@type":"WebSite","@id":"https:\/\/frcs-research.com\/#website","url":"https:\/\/frcs-research.com\/","name":"fournisseur en gros de produits chimiques de recherche, 4mmc, 3mmc, MDPHP, Alpha PVP et plus","description":"Vente en gros de produits chimiques de recherche","potentialAction":[{"@type":"SearchAction","target":{"@type":"EntryPoint","urlTemplate":"https:\/\/frcs-research.com\/?s={search_term_string}"},"query-input":{"@type":"PropertyValueSpecification","valueRequired":true,"valueName":"search_term_string"}}],"inLanguage":"fr-FR"}]}},"uagb_featured_image_src":{"full":false,"thumbnail":false,"medium":false,"medium_large":false,"large":false,"1536x1536":false,"2048x2048":false,"trp-custom-language-flag":false,"post-thumbnail":false,"elite-commerce-slider":false,"elite-commerce-hero":false,"elite-commerce-portfolio":false,"woocommerce_thumbnail":false,"woocommerce_single":false,"woocommerce_gallery_thumbnail":false},"uagb_author_info":{"display_name":"Richard Wood","author_link":"https:\/\/frcs-research.com\/fr\/author\/expireddomains1000gmail-com\/"},"uagb_comment_info":0,"uagb_excerpt":"Buy MDPHP Online \u2013 High-Quality MDPHP for Research at FRCS Research Looking to buy MDPHP online? Welcome to FRCS Research, your trusted source for premium, lab-tested MDPHP (3&#8242;,4&#8242;-Methylenedioxy-\u03b1-pyrrolidinohexiophenone). As a&hellip;Continue readingMDPHP FREEBASE","_links":{"self":[{"href":"https:\/\/frcs-research.com\/fr\/wp-json\/wp\/v2\/pages\/11","targetHints":{"allow":["GET"]}}],"collection":[{"href":"https:\/\/frcs-research.com\/fr\/wp-json\/wp\/v2\/pages"}],"about":[{"href":"https:\/\/frcs-research.com\/fr\/wp-json\/wp\/v2\/types\/page"}],"author":[{"embeddable":true,"href":"https:\/\/frcs-research.com\/fr\/wp-json\/wp\/v2\/users\/1"}],"replies":[{"embeddable":true,"href":"https:\/\/frcs-research.com\/fr\/wp-json\/wp\/v2\/comments?post=11"}],"version-history":[{"count":9,"href":"https:\/\/frcs-research.com\/fr\/wp-json\/wp\/v2\/pages\/11\/revisions"}],"predecessor-version":[{"id":780,"href":"https:\/\/frcs-research.com\/fr\/wp-json\/wp\/v2\/pages\/11\/revisions\/780"}],"wp:attachment":[{"href":"https:\/\/frcs-research.com\/fr\/wp-json\/wp\/v2\/media?parent=11"}],"curies":[{"name":"wp","href":"https:\/\/api.w.org\/{rel}","templated":true}]}}