{"id":612,"date":"2024-10-08T23:48:06","date_gmt":"2024-10-08T23:48:06","guid":{"rendered":"https:\/\/frcs-research.com\/mdphp-freebase-2\/"},"modified":"2024-10-09T00:42:43","modified_gmt":"2024-10-09T00:42:43","slug":"acheter-du-flualprazolam-en-ligne","status":"publish","type":"page","link":"https:\/\/frcs-research.com\/fr\/acheter-du-flualprazolam-en-ligne\/","title":{"rendered":"Acheter du flualprazolam en ligne"},"content":{"rendered":"<h1 class=\"wp-block-heading\">Achetez du Flualprazolam en ligne \u2013 Flualprazolam de haute qualit\u00e9 pour la recherche chez FRCS Research<\/h1>\n\n\n\n<div class=\"wp-block-uagb-container uagb-block-ddbe5c65 alignfull uagb-is-root-container\"><div class=\"uagb-container-inner-blocks-wrap\">\n<div class=\"wp-block-uagb-advanced-heading uagb-block-fa4e7c56\"><h1 class=\"uagb-heading-text\">Achetez du Flualprazolam en ligne \u2013 Flualprazolam de haute qualit\u00e9 pour la recherche chez FRCS Research<\/h1><p class=\"uagb-desc-text\">Vous cherchez \u00e0 <strong>acheter du Flualprazolam en ligne<\/strong> \u00e0 des fins de recherche ? \u00c0 <strong>Recherche FRCS<\/strong>, nous sommes fiers d&#039;offrir une qualit\u00e9 sup\u00e9rieure <strong>Flualprazolam<\/strong>, un puissant analogue de la benzodiaz\u00e9pine, destin\u00e9 \u00e0 la recherche en laboratoire et scientifique. Notre objectif est de fournir <strong>produits chimiques de recherche de haute puret\u00e9<\/strong> qui r\u00e9pondent aux normes les plus \u00e9lev\u00e9es de l\u2019industrie, garantissant que vos recherches produisent des r\u00e9sultats fiables et coh\u00e9rents.<\/p><\/div>\n<\/div><\/div>\n\n\n\n<div class=\"wp-block-uagb-container uagb-block-f4853f72 alignfull uagb-is-root-container\"><div class=\"uagb-container-inner-blocks-wrap\">\n<div class=\"wp-block-uagb-image uagb-block-066e3443 wp-block-uagb-image--layout-default wp-block-uagb-image--effect-static wp-block-uagb-image--align-none\"><figure class=\"wp-block-uagb-image__figure\"><img decoding=\"async\" srcset=\"https:\/\/frcs-research.com\/wp-content\/uploads\/2024\/10\/ket-powder.jpg ,https:\/\/frcs-research.com\/wp-content\/uploads\/2024\/10\/ket-powder.jpg 780w, https:\/\/frcs-research.com\/wp-content\/uploads\/2024\/10\/ket-powder.jpg 360w\" sizes=\"auto, (max-width: 480px) 150px\" src=\"https:\/\/frcs-research.com\/wp-content\/uploads\/2024\/10\/ket-powder.jpg\" alt=\"\" class=\"uag-image-616\" width=\"560\" height=\"440\" title=\"poudre de ketchup\" loading=\"lazy\" role=\"img\"\/><\/figure><\/div>\n\n\n\n<div class=\"wp-block-uagb-container uagb-block-959de5be\">\n<div class=\"wp-block-uagb-advanced-heading uagb-block-a679106e\"><h2 class=\"uagb-heading-text\">Qu&#039;est-ce que le Flualprazolam?<\/h2><p class=\"uagb-desc-text\">Le flualprazolam est un puissant d\u00e9riv\u00e9 de benzodiaz\u00e9pine, connu pour ses propri\u00e9t\u00e9s s\u00e9datives, anxiolytiques et hypnotiques. Il est structurellement apparent\u00e9 \u00e0 l&#039;alprazolam (Xanax) mais est consid\u00e9r\u00e9 comme encore plus puissant. Les chercheurs utilisent le flualprazolam pour \u00e9tudier ses effets sur les r\u00e9cepteurs GABA et ses applications potentielles dans le traitement de l&#039;anxi\u00e9t\u00e9, de l&#039;insomnie et d&#039;autres affections li\u00e9es au syst\u00e8me nerveux central. Chez FRCS Research, nous proposons du flualprazolam \u00e0 la vente pour aider les chercheurs \u00e0 mieux comprendre son profil pharmacologique et ses effets potentiels sur le comportement et la cognition.<\/p><\/div>\n<\/div>\n<\/div><\/div>\n\n\n\n<div class=\"wp-block-uagb-container uagb-layout-grid uagb-block-395f69b9 alignfull uagb-is-root-container\"><div class=\"uagb-container-inner-blocks-wrap\">\n<div class=\"wp-block-uagb-advanced-heading uagb-block-992e1d53\"><h3 class=\"uagb-heading-text\">Pourquoi acheter du Flualprazolam aupr\u00e8s de FRCS Research\u00a0?<\/h3><p class=\"uagb-desc-text\">Lorsque vous achetez <strong>Flualprazolam<\/strong> depuis <strong>Recherche FRCS<\/strong>, vous choisissez un fournisseur fiable et de confiance. Voici ce qui nous distingue :<br><strong>Haute puret\u00e9<\/strong>: Notre <strong>Flualprazolam<\/strong> est soigneusement s\u00e9lectionn\u00e9 aupr\u00e8s de fabricants r\u00e9put\u00e9s et subit des tests rigoureux pour garantir sa puret\u00e9 et sa puissance.<br><strong>Commande s\u00fbre et s\u00e9curis\u00e9e<\/strong>:Nous fournissons une plateforme s\u00e9curis\u00e9e avec des m\u00e9thodes de paiement crypt\u00e9es, garantissant que votre transaction est priv\u00e9e et prot\u00e9g\u00e9e.<br><strong>Exp\u00e9dition discr\u00e8te<\/strong>: Nous offrons <strong>emballage discret<\/strong> et <strong>exp\u00e9dition dans le monde entier<\/strong>, en assurant votre <strong>Flualprazolam<\/strong> la commande arrive en toute s\u00e9curit\u00e9 et rapidement.<br><strong>Livraison rapide<\/strong>:Nous accordons la priorit\u00e9 \u00e0 une livraison rapide et fiable afin que vous receviez vos produits chimiques de recherche rapidement, o\u00f9 que vous soyez.<\/p><\/div>\n\n\n\n<div class=\"wp-block-uagb-container uagb-block-6d4e5b67\">\n<div class=\"wp-block-uagb-advanced-heading uagb-block-bbe91d67\"><h3 class=\"uagb-heading-text\">Flualprazolam \u00e0 des fins de recherche<\/h3><\/div>\n\n\n\n<div class=\"wp-block-uagb-icon-list uagb-block-60b012d5\"><div class=\"uagb-icon-list__wrap\">\n<div class=\"wp-block-uagb-icon-list-child uagb-block-8bcb204e\"><a target=\"_self\" aria-label=\"Le flualprazolam est un compos\u00e9 populaire parmi les chercheurs qui \u00e9tudient les analogues des benzodiaz\u00e9pines. Sa puissance et son interaction avec les r\u00e9cepteurs GABA-A le rendent id\u00e9al pour \u00e9tudier les effets anxiolytiques, s\u00e9datifs et hypnotiques. Si vos recherches impliquent l&#039;examen de la fa\u00e7on dont les benzodiaz\u00e9pines affectent l&#039;anxi\u00e9t\u00e9, les troubles du sommeil ou les troubles neurologiques, le flualprazolam est un produit chimique essentiel pour vos exp\u00e9riences. Principales caract\u00e9ristiques de notre flualprazolam : Haute puissance : un compos\u00e9 puissant qui offre des r\u00e9sultats coh\u00e9rents dans les applications de recherche. Strictement destin\u00e9 \u00e0 la recherche : notre flualprazolam est vendu pour une utilisation en laboratoire uniquement et n&#039;est pas destin\u00e9 \u00e0 la consommation humaine ou \u00e0 un usage m\u00e9dical. Disponibilit\u00e9 mondiale : nous exp\u00e9dions le flualprazolam dans le monde entier, garantissant ainsi aux chercheurs du monde entier l&#039;acc\u00e8s \u00e0 nos produits de haute qualit\u00e9.\" rel=\"noopener noreferrer\" href=\"#\"> <\/a><span class=\"uagb-icon-list__source-wrap\"><svg xmlns=\"https:\/\/www.w3.org\/2000\/svg\" viewbox=\"0 0 512 512\"><path d=\"M0 256C0 114.6 114.6 0 256 0C397.4 0 512 114.6 512 256C512 397.4 397.4 512 256 512C114.6 512 0 397.4 0 256zM371.8 211.8C382.7 200.9 382.7 183.1 371.8 172.2C360.9 161.3 343.1 161.3 332.2 172.2L224 280.4L179.8 236.2C168.9 225.3 151.1 225.3 140.2 236.2C129.3 247.1 129.3 264.9 140.2 275.8L204.2 339.8C215.1 350.7 232.9 350.7 243.8 339.8L371.8 211.8z\"><\/path><\/svg><\/span><span class=\"uagb-icon-list__label\">Le flualprazolam est un compos\u00e9 populaire parmi les chercheurs qui \u00e9tudient les analogues des benzodiaz\u00e9pines. Sa puissance et son interaction avec les r\u00e9cepteurs GABA-A le rendent id\u00e9al pour \u00e9tudier les effets anxiolytiques, s\u00e9datifs et hypnotiques. Si vos recherches impliquent l&#039;examen de la fa\u00e7on dont les benzodiaz\u00e9pines affectent l&#039;anxi\u00e9t\u00e9, les troubles du sommeil ou les troubles neurologiques, le flualprazolam est un produit chimique essentiel pour vos exp\u00e9riences. Principales caract\u00e9ristiques de notre flualprazolam : Haute puissance : un compos\u00e9 puissant qui offre des r\u00e9sultats coh\u00e9rents dans les applications de recherche. Strictement destin\u00e9 \u00e0 la recherche : notre flualprazolam est vendu pour une utilisation en laboratoire uniquement et n&#039;est pas destin\u00e9 \u00e0 la consommation humaine ou \u00e0 un usage m\u00e9dical. Disponibilit\u00e9 mondiale : nous exp\u00e9dions le flualprazolam dans le monde entier, garantissant ainsi aux chercheurs du monde entier l&#039;acc\u00e8s \u00e0 nos produits de haute qualit\u00e9.<\/span><\/div>\n<\/div><\/div>\n<\/div>\n<\/div><\/div>\n\n\n\n<div class=\"wp-block-uagb-container uagb-layout-flex uagb-block-cd23d4e7 alignfull uagb-is-root-container\"><div class=\"uagb-container-inner-blocks-wrap\">\n<div class=\"wp-block-uagb-container uagb-block-38ac57af\">\n<div class=\"wp-block-uagb-advanced-heading uagb-block-ab8e889b\"><h2 class=\"uagb-heading-text\">Commandez du Flualprazolam en ligne en toute s\u00e9curit\u00e9<\/h2><p class=\"uagb-desc-text\">Quand vous \u00eates pr\u00eat \u00e0 <strong>acheter du Flualprazolam en ligne<\/strong>, <strong>Recherche FRCS<\/strong> est votre fournisseur de confiance pour <strong>analogues de benzodiaz\u00e9pine de haute puret\u00e9<\/strong>. Avec un accent sur <strong>qualit\u00e9<\/strong>, <strong>s\u00e9curit\u00e9<\/strong>, et <strong>service discret<\/strong>, nous offrons un environnement s\u00e9curis\u00e9 pour la commande de produits chimiques de recherche.<br>Voici pourquoi vous pouvez nous faire confiance <strong>Recherche FRCS<\/strong>:<br><strong>Transactions s\u00e9curis\u00e9es<\/strong>:Nous utilisons des m\u00e9thodes de paiement crypt\u00e9es pour garantir que votre transaction est s\u00fbre et priv\u00e9e.<br><strong>Des prix comp\u00e9titifs<\/strong>:Nous offrons certains des meilleurs prix pour <strong>Flualprazolam<\/strong> et d\u2019autres produits chimiques de recherche sans compromettre la qualit\u00e9.<br><strong>Exp\u00e9dition rapide et discr\u00e8te<\/strong>:Nous exp\u00e9dions vos commandes discr\u00e8tement pour prot\u00e9ger votre vie priv\u00e9e, avec une livraison rapide pour garantir que vos recherches ne soient pas retard\u00e9es.<strong>Test\u00e9 et certifi\u00e9<\/strong>:Tous nos produits chimiques, y compris <strong>MDPHP<\/strong>, sont test\u00e9s pour leur puret\u00e9 et leur coh\u00e9rence afin de garantir que vous recevez des r\u00e9sultats fiables dans vos \u00e9tudes.<br><strong>Transactions s\u00e9curis\u00e9es<\/strong>:Nous utilisons des m\u00e9thodes de paiement crypt\u00e9es et des processus de paiement s\u00e9curis\u00e9s pour garantir la protection de vos informations.<br><strong>Livraison discr\u00e8te<\/strong>:Nous comprenons l\u2019importance de la confidentialit\u00e9, c\u2019est pourquoi nous proposons une exp\u00e9dition discr\u00e8te et fiable dans le monde entier.<\/p><\/div>\n\n\n\n<div class=\"wp-block-uagb-icon-list uagb-block-e61dcdb2\"><div class=\"uagb-icon-list__wrap\">\n<div class=\"wp-block-uagb-icon-list-child uagb-block-56a9cd56\"><span class=\"uagb-icon-list__source-wrap\"><svg xmlns=\"https:\/\/www.w3.org\/2000\/svg\" viewbox=\"0 0 512 512\"><path d=\"M256 0C114.6 0 0 114.6 0 256c0 141.4 114.6 256 256 256s256-114.6 256-256C512 114.6 397.4 0 256 0zM406.6 278.6l-103.1 103.1c-12.5 12.5-32.75 12.5-45.25 0s-12.5-32.75 0-45.25L306.8 288H128C110.3 288 96 273.7 96 256s14.31-32 32-32h178.8l-49.38-49.38c-12.5-12.5-12.5-32.75 0-45.25s32.75-12.5 45.25 0l103.1 103.1C414.6 241.3 416 251.1 416 256C416 260.9 414.6 270.7 406.6 278.6z\"><\/path><\/svg><\/span><span class=\"uagb-icon-list__label\">\u00c9l\u00e9ment de liste<\/span><\/div>\n\n\n\n<div class=\"wp-block-uagb-icon-list-child uagb-block-5cb900a0\"><span class=\"uagb-icon-list__source-wrap\"><svg xmlns=\"https:\/\/www.w3.org\/2000\/svg\" viewbox=\"0 0 512 512\"><path d=\"M256 0C114.6 0 0 114.6 0 256c0 141.4 114.6 256 256 256s256-114.6 256-256C512 114.6 397.4 0 256 0zM406.6 278.6l-103.1 103.1c-12.5 12.5-32.75 12.5-45.25 0s-12.5-32.75 0-45.25L306.8 288H128C110.3 288 96 273.7 96 256s14.31-32 32-32h178.8l-49.38-49.38c-12.5-12.5-12.5-32.75 0-45.25s32.75-12.5 45.25 0l103.1 103.1C414.6 241.3 416 251.1 416 256C416 260.9 414.6 270.7 406.6 278.6z\"><\/path><\/svg><\/span><span class=\"uagb-icon-list__label\">\u00c9l\u00e9ment de liste<\/span><\/div>\n\n\n\n<div class=\"wp-block-uagb-icon-list-child uagb-block-e14a2666\"><span class=\"uagb-icon-list__source-wrap\"><svg xmlns=\"https:\/\/www.w3.org\/2000\/svg\" viewbox=\"0 0 512 512\"><path d=\"M256 0C114.6 0 0 114.6 0 256c0 141.4 114.6 256 256 256s256-114.6 256-256C512 114.6 397.4 0 256 0zM406.6 278.6l-103.1 103.1c-12.5 12.5-32.75 12.5-45.25 0s-12.5-32.75 0-45.25L306.8 288H128C110.3 288 96 273.7 96 256s14.31-32 32-32h178.8l-49.38-49.38c-12.5-12.5-12.5-32.75 0-45.25s32.75-12.5 45.25 0l103.1 103.1C414.6 241.3 416 251.1 416 256C416 260.9 414.6 270.7 406.6 278.6z\"><\/path><\/svg><\/span><span class=\"uagb-icon-list__label\">\u00c9l\u00e9ment de liste<\/span><\/div>\n<\/div><\/div>\n<\/div>\n\n\n\n<div class=\"wp-block-uagb-image alignright uagb-block-1bba2fd8 wp-block-uagb-image--layout-default wp-block-uagb-image--effect-static wp-block-uagb-image--align-right\"><figure class=\"wp-block-uagb-image__figure\"><img decoding=\"async\" srcset=\"https:\/\/frcs-research.com\/wp-content\/uploads\/2024\/10\/ghvkbjl-768x1024.jpg ,https:\/\/frcs-research.com\/wp-content\/uploads\/2024\/10\/ghvkbjl.jpg 780w, https:\/\/frcs-research.com\/wp-content\/uploads\/2024\/10\/ghvkbjl.jpg 360w\" sizes=\"auto, (max-width: 480px) 150px\" src=\"https:\/\/frcs-research.com\/wp-content\/uploads\/2024\/10\/ghvkbjl-768x1024.jpg\" alt=\"acheter mdphp\" class=\"uag-image-609\" width=\"560\" height=\"448\" title=\"Ghvkbjl\" loading=\"lazy\" role=\"img\"\/><\/figure><\/div>\n<\/div><\/div>\n\n\n\n<p><\/p>","protected":false},"excerpt":{"rendered":"<p>Buy Flualprazolam Online \u2013 High-Quality Flualprazolam for Research at FRCS Research Buy Flualprazolam Online \u2013 High-Quality Flualprazolam for Research at FRCS Research Are you looking to buy Flualprazolam online for&hellip;<a href=\"https:\/\/frcs-research.com\/fr\/acheter-du-flualprazolam-en-ligne\/\" class=\"more-link\"><span class=\"more-button\">Continue reading<span class=\"screen-reader-text\">Acheter du flualprazolam en ligne<\/span><\/span><\/a><\/p>","protected":false},"author":1,"featured_media":0,"parent":0,"menu_order":0,"comment_status":"closed","ping_status":"closed","template":"","meta":{"_uag_custom_page_level_css":"","footnotes":""},"class_list":["post-612","page","type-page","status-publish","hentry"],"yoast_head":"<!-- This site is optimized with the Yoast SEO plugin v27.1.1 - https:\/\/yoast.com\/product\/yoast-seo-wordpress\/ -->\n<title>Buy Flualprazolam Online \u2013 Premium Research Chemical<\/title>\n<meta name=\"description\" content=\"Buy high-purity Flualprazolam online at FRCS Research. Trusted supplier offering lab-tested Flualprazolam for research with secure payments and discreet worldwide shipping.\" \/>\n<meta name=\"robots\" content=\"index, follow, max-snippet:-1, max-image-preview:large, max-video-preview:-1\" \/>\n<link rel=\"canonical\" href=\"https:\/\/frcs-research.com\/fr\/acheter-du-flualprazolam-en-ligne\/\" \/>\n<meta property=\"og:locale\" content=\"fr_FR\" \/>\n<meta property=\"og:type\" content=\"article\" \/>\n<meta property=\"og:title\" content=\"Buy Flualprazolam Online \u2013 Premium Research Chemical\" \/>\n<meta property=\"og:description\" content=\"Buy high-purity Flualprazolam online at FRCS Research. Trusted supplier offering lab-tested Flualprazolam for research with secure payments and discreet worldwide shipping.\" \/>\n<meta property=\"og:url\" content=\"https:\/\/frcs-research.com\/fr\/acheter-du-flualprazolam-en-ligne\/\" \/>\n<meta property=\"og:site_name\" content=\"wholesale supplier of research chemicals, 4mmc, 3mmc, MDPHP, Alpha PVP and more\" \/>\n<meta property=\"article:modified_time\" content=\"2024-10-09T00:42:43+00:00\" \/>\n<meta property=\"og:image\" content=\"https:\/\/frcs-research.com\/wp-content\/uploads\/2024\/10\/ket-powder.jpg\" \/>\n<meta name=\"twitter:card\" content=\"summary_large_image\" \/>\n<meta name=\"twitter:label1\" content=\"Dur\u00e9e de lecture estim\u00e9e\" \/>\n\t<meta name=\"twitter:data1\" content=\"3 minutes\" \/>\n<script type=\"application\/ld+json\" class=\"yoast-schema-graph\">{\"@context\":\"https:\/\/schema.org\",\"@graph\":[{\"@type\":\"WebPage\",\"@id\":\"https:\/\/frcs-research.com\/buy-flualprazolam-online\/\",\"url\":\"https:\/\/frcs-research.com\/buy-flualprazolam-online\/\",\"name\":\"Buy Flualprazolam Online \u2013 Premium Research Chemical\",\"isPartOf\":{\"@id\":\"https:\/\/frcs-research.com\/#website\"},\"primaryImageOfPage\":{\"@id\":\"https:\/\/frcs-research.com\/buy-flualprazolam-online\/#primaryimage\"},\"image\":{\"@id\":\"https:\/\/frcs-research.com\/buy-flualprazolam-online\/#primaryimage\"},\"thumbnailUrl\":\"https:\/\/frcs-research.com\/wp-content\/uploads\/2024\/10\/ket-powder.jpg\",\"datePublished\":\"2024-10-08T23:48:06+00:00\",\"dateModified\":\"2024-10-09T00:42:43+00:00\",\"description\":\"Buy high-purity Flualprazolam online at FRCS Research. Trusted supplier offering lab-tested Flualprazolam for research with secure payments and discreet worldwide shipping.\",\"breadcrumb\":{\"@id\":\"https:\/\/frcs-research.com\/buy-flualprazolam-online\/#breadcrumb\"},\"inLanguage\":\"fr-FR\",\"potentialAction\":[{\"@type\":\"ReadAction\",\"target\":[\"https:\/\/frcs-research.com\/buy-flualprazolam-online\/\"]}]},{\"@type\":\"ImageObject\",\"inLanguage\":\"fr-FR\",\"@id\":\"https:\/\/frcs-research.com\/buy-flualprazolam-online\/#primaryimage\",\"url\":\"https:\/\/frcs-research.com\/wp-content\/uploads\/2024\/10\/ket-powder.jpg\",\"contentUrl\":\"https:\/\/frcs-research.com\/wp-content\/uploads\/2024\/10\/ket-powder.jpg\"},{\"@type\":\"BreadcrumbList\",\"@id\":\"https:\/\/frcs-research.com\/buy-flualprazolam-online\/#breadcrumb\",\"itemListElement\":[{\"@type\":\"ListItem\",\"position\":1,\"name\":\"Home\",\"item\":\"https:\/\/frcs-research.com\/\"},{\"@type\":\"ListItem\",\"position\":2,\"name\":\"Buy Flualprazolam Online\"}]},{\"@type\":\"WebSite\",\"@id\":\"https:\/\/frcs-research.com\/#website\",\"url\":\"https:\/\/frcs-research.com\/\",\"name\":\"wholesale supplier of research chemicals, 4mmc, 3mmc, MDPHP, Alpha PVP and more\",\"description\":\"Wholesale research chemicals\",\"potentialAction\":[{\"@type\":\"SearchAction\",\"target\":{\"@type\":\"EntryPoint\",\"urlTemplate\":\"https:\/\/frcs-research.com\/?s={search_term_string}\"},\"query-input\":{\"@type\":\"PropertyValueSpecification\",\"valueRequired\":true,\"valueName\":\"search_term_string\"}}],\"inLanguage\":\"fr-FR\"}]}<\/script>\n<!-- \/ Yoast SEO plugin. -->","yoast_head_json":{"title":"Achetez du flualprazolam en ligne \u2013 Produit chimique de recherche de qualit\u00e9 sup\u00e9rieure","description":"Achetez du Flualprazolam de haute puret\u00e9 en ligne sur FRCS Research. Fournisseur de confiance proposant du Flualprazolam test\u00e9 en laboratoire pour la recherche avec des paiements s\u00e9curis\u00e9s et une exp\u00e9dition discr\u00e8te dans le monde entier.","robots":{"index":"index","follow":"follow","max-snippet":"max-snippet:-1","max-image-preview":"max-image-preview:large","max-video-preview":"max-video-preview:-1"},"canonical":"https:\/\/frcs-research.com\/fr\/acheter-du-flualprazolam-en-ligne\/","og_locale":"fr_FR","og_type":"article","og_title":"Buy Flualprazolam Online \u2013 Premium Research Chemical","og_description":"Buy high-purity Flualprazolam online at FRCS Research. Trusted supplier offering lab-tested Flualprazolam for research with secure payments and discreet worldwide shipping.","og_url":"https:\/\/frcs-research.com\/fr\/acheter-du-flualprazolam-en-ligne\/","og_site_name":"wholesale supplier of research chemicals, 4mmc, 3mmc, MDPHP, Alpha PVP and more","article_modified_time":"2024-10-09T00:42:43+00:00","og_image":[{"url":"https:\/\/frcs-research.com\/wp-content\/uploads\/2024\/10\/ket-powder.jpg","type":"","width":"","height":""}],"twitter_card":"summary_large_image","twitter_misc":{"Dur\u00e9e de lecture estim\u00e9e":"3 minutes"},"schema":{"@context":"https:\/\/schema.org","@graph":[{"@type":"WebPage","@id":"https:\/\/frcs-research.com\/buy-flualprazolam-online\/","url":"https:\/\/frcs-research.com\/buy-flualprazolam-online\/","name":"Achetez du flualprazolam en ligne \u2013 Produit chimique de recherche de qualit\u00e9 sup\u00e9rieure","isPartOf":{"@id":"https:\/\/frcs-research.com\/#website"},"primaryImageOfPage":{"@id":"https:\/\/frcs-research.com\/buy-flualprazolam-online\/#primaryimage"},"image":{"@id":"https:\/\/frcs-research.com\/buy-flualprazolam-online\/#primaryimage"},"thumbnailUrl":"https:\/\/frcs-research.com\/wp-content\/uploads\/2024\/10\/ket-powder.jpg","datePublished":"2024-10-08T23:48:06+00:00","dateModified":"2024-10-09T00:42:43+00:00","description":"Achetez du Flualprazolam de haute puret\u00e9 en ligne sur FRCS Research. Fournisseur de confiance proposant du Flualprazolam test\u00e9 en laboratoire pour la recherche avec des paiements s\u00e9curis\u00e9s et une exp\u00e9dition discr\u00e8te dans le monde entier.","breadcrumb":{"@id":"https:\/\/frcs-research.com\/buy-flualprazolam-online\/#breadcrumb"},"inLanguage":"fr-FR","potentialAction":[{"@type":"ReadAction","target":["https:\/\/frcs-research.com\/buy-flualprazolam-online\/"]}]},{"@type":"ImageObject","inLanguage":"fr-FR","@id":"https:\/\/frcs-research.com\/buy-flualprazolam-online\/#primaryimage","url":"https:\/\/frcs-research.com\/wp-content\/uploads\/2024\/10\/ket-powder.jpg","contentUrl":"https:\/\/frcs-research.com\/wp-content\/uploads\/2024\/10\/ket-powder.jpg"},{"@type":"BreadcrumbList","@id":"https:\/\/frcs-research.com\/buy-flualprazolam-online\/#breadcrumb","itemListElement":[{"@type":"ListItem","position":1,"name":"Home","item":"https:\/\/frcs-research.com\/"},{"@type":"ListItem","position":2,"name":"Buy Flualprazolam Online"}]},{"@type":"WebSite","@id":"https:\/\/frcs-research.com\/#website","url":"https:\/\/frcs-research.com\/","name":"fournisseur en gros de produits chimiques de recherche, 4mmc, 3mmc, MDPHP, Alpha PVP et plus","description":"Vente en gros de produits chimiques de recherche","potentialAction":[{"@type":"SearchAction","target":{"@type":"EntryPoint","urlTemplate":"https:\/\/frcs-research.com\/?s={search_term_string}"},"query-input":{"@type":"PropertyValueSpecification","valueRequired":true,"valueName":"search_term_string"}}],"inLanguage":"fr-FR"}]}},"uagb_featured_image_src":{"full":false,"thumbnail":false,"medium":false,"medium_large":false,"large":false,"1536x1536":false,"2048x2048":false,"trp-custom-language-flag":false,"post-thumbnail":false,"elite-commerce-slider":false,"elite-commerce-hero":false,"elite-commerce-portfolio":false,"woocommerce_thumbnail":false,"woocommerce_single":false,"woocommerce_gallery_thumbnail":false},"uagb_author_info":{"display_name":"Richard Wood","author_link":"https:\/\/frcs-research.com\/fr\/author\/expireddomains1000gmail-com\/"},"uagb_comment_info":0,"uagb_excerpt":"Buy Flualprazolam Online \u2013 High-Quality Flualprazolam for Research at FRCS Research Buy Flualprazolam Online \u2013 High-Quality Flualprazolam for Research at FRCS Research Are you looking to buy Flualprazolam online for&hellip;Continue readingBuy Flualprazolam Online","_links":{"self":[{"href":"https:\/\/frcs-research.com\/fr\/wp-json\/wp\/v2\/pages\/612","targetHints":{"allow":["GET"]}}],"collection":[{"href":"https:\/\/frcs-research.com\/fr\/wp-json\/wp\/v2\/pages"}],"about":[{"href":"https:\/\/frcs-research.com\/fr\/wp-json\/wp\/v2\/types\/page"}],"author":[{"embeddable":true,"href":"https:\/\/frcs-research.com\/fr\/wp-json\/wp\/v2\/users\/1"}],"replies":[{"embeddable":true,"href":"https:\/\/frcs-research.com\/fr\/wp-json\/wp\/v2\/comments?post=612"}],"version-history":[{"count":6,"href":"https:\/\/frcs-research.com\/fr\/wp-json\/wp\/v2\/pages\/612\/revisions"}],"predecessor-version":[{"id":645,"href":"https:\/\/frcs-research.com\/fr\/wp-json\/wp\/v2\/pages\/612\/revisions\/645"}],"wp:attachment":[{"href":"https:\/\/frcs-research.com\/fr\/wp-json\/wp\/v2\/media?parent=612"}],"curies":[{"name":"wp","href":"https:\/\/api.w.org\/{rel}","templated":true}]}}