{"id":625,"date":"2024-10-09T00:10:24","date_gmt":"2024-10-09T00:10:24","guid":{"rendered":"https:\/\/frcs-research.com\/?page_id=625"},"modified":"2024-10-13T09:15:56","modified_gmt":"2024-10-13T09:15:56","slug":"acheter-alpha-pvp-en-ligne","status":"publish","type":"page","link":"https:\/\/frcs-research.com\/fr\/acheter-alpha-pvp-en-ligne\/","title":{"rendered":"Alpha PvP"},"content":{"rendered":"<div class=\"wp-block-uagb-container uagb-block-ddbe5c65 alignfull uagb-is-root-container\"><div class=\"uagb-container-inner-blocks-wrap\">\n<div class=\"wp-block-uagb-advanced-heading uagb-block-fa4e7c56\"><h1 class=\"uagb-heading-text\"><mark class=\"uagb-highlight\">Achetez Alpha-PVP en ligne \u2013 Alpha-PVP de haute qualit\u00e9 pour la recherche chez FRCS Research<\/mark><\/h1><p class=\"uagb-desc-text\">Bienvenue \u00e0 <strong>Recherche FRCS<\/strong>, votre source fiable de produits premium <strong>Alpha-PVP (\u03b1-pyrrolidinopentioph\u00e9none)<\/strong>Nous proposons des produits de haute qualit\u00e9, test\u00e9s en laboratoire <strong>Alpha-PVP<\/strong> pour les chercheurs et les laboratoires du monde entier. Que vous meniez des recherches comportementales, chimiques ou neurologiques, <strong>Alpha-PVP<\/strong> est un compos\u00e9 pr\u00e9cieux pour \u00e9tudier les effets de <strong>analogues stimulants et cathinone<\/strong>.<\/p><\/div>\n<\/div><\/div>\n\n\n\n<div class=\"wp-block-uagb-container uagb-block-f4853f72 alignfull uagb-is-root-container\"><div class=\"uagb-container-inner-blocks-wrap\">\n<div class=\"wp-block-uagb-image uagb-block-066e3443 wp-block-uagb-image--layout-default wp-block-uagb-image--effect-static wp-block-uagb-image--align-none\"><figure class=\"wp-block-uagb-image__figure\"><img decoding=\"async\" srcset=\"https:\/\/frcs-research.com\/wp-content\/uploads\/2024\/10\/buy-5f-sdb005-online-500x500-1.jpg ,https:\/\/frcs-research.com\/wp-content\/uploads\/2024\/10\/buy-5f-sdb005-online-500x500-1.jpg 780w, https:\/\/frcs-research.com\/wp-content\/uploads\/2024\/10\/buy-5f-sdb005-online-500x500-1.jpg 360w\" sizes=\"auto, (max-width: 480px) 150px\" src=\"https:\/\/frcs-research.com\/wp-content\/uploads\/2024\/10\/buy-5f-sdb005-online-500x500-1.jpg\" alt=\"Acheter Alpha PvP\" class=\"uag-image-635\" width=\"560\" height=\"440\" title=\"acheter-5f-sdb005-en-ligne-500x500\" loading=\"lazy\" role=\"img\"\/><\/figure><\/div>\n\n\n\n<div class=\"wp-block-uagb-container uagb-block-959de5be\">\n<div class=\"wp-block-uagb-advanced-heading uagb-block-a679106e\"><h2 class=\"uagb-heading-text\"><strong>Qu&#039;est-ce que l&#039;Alpha-PVP ?<\/strong><\/h2><p class=\"uagb-desc-text\">L&#039;alpha-PVP (\u03b1-pyrrolidinopentioph\u00e9none) est une cathinone synth\u00e9tique puissante appartenant \u00e0 la classe des compos\u00e9s pyrrolidines. Structurellement similaire \u00e0 d&#039;autres <a href=\"http:\/\/stimulants\">stimulants<\/a> Comme le MDPV et les d\u00e9riv\u00e9s de la cathinone, l&#039;Alpha-PVP est connu pour ses puissants effets stimulants et son interaction avec les syst\u00e8mes de dopamine et de noradr\u00e9naline dans le cerveau. Les chercheurs utilisent souvent l&#039;Alpha-PVP pour \u00e9tudier ses effets sur la neurotransmission, le comportement et la psychostimulation. Chez FRCS Research, nous proposons \u00e0 la vente l&#039;Alpha-PVP sous sa forme la plus pure, con\u00e7ue sp\u00e9cifiquement pour la recherche en laboratoire et les \u00e9tudes analytiques.<\/p><\/div>\n<\/div>\n<\/div><\/div>\n\n\n\n<div class=\"wp-block-uagb-container uagb-layout-grid uagb-block-395f69b9 alignfull uagb-is-root-container\"><div class=\"uagb-container-inner-blocks-wrap\">\n<div class=\"wp-block-uagb-advanced-heading uagb-block-992e1d53\"><h3 class=\"uagb-heading-text\">Pourquoi acheter Alpha-PVP chez FRCS Research ?<\/h3><p class=\"uagb-desc-text\">\u00c0 <strong>Recherche FRCS<\/strong>, nous nous engageons \u00e0 fournir des produits de haute qualit\u00e9 <strong>produits chimiques de recherche<\/strong> pour r\u00e9pondre \u00e0 vos besoins exp\u00e9rimentaux. Lorsque vous achetez <strong>Alpha-PVP<\/strong> chez nous, vous pouvez avoir confiance :<br><strong>Puret\u00e9 sup\u00e9rieure<\/strong>: Notre <strong>Alpha-PVP<\/strong> est soumis \u00e0 un contr\u00f4le de qualit\u00e9 strict et \u00e0 des tests en laboratoire pour garantir que vous obtenez un produit de haute puret\u00e9 pour vos recherches.<br><strong>Commande s\u00fbre et s\u00e9curis\u00e9e<\/strong>: Nous offrons <strong>options de paiement s\u00e9curis\u00e9es<\/strong> et un <strong>processus de paiement priv\u00e9<\/strong> pour prot\u00e9ger vos informations et garantir des transactions s\u00e9curis\u00e9es.<br><strong>Exp\u00e9dition rapide dans le monde entier<\/strong>:Avec un emballage discret et une exp\u00e9dition internationale fiable, votre <strong>Ordre Alpha-PVP<\/strong> arrivera en toute s\u00e9curit\u00e9 et \u00e0 l&#039;heure, peu importe o\u00f9 vous \u00eates.<br><strong>Prix comp\u00e9titifs<\/strong>:Nous offrons des prix comp\u00e9titifs sur <strong>Alpha-PVP<\/strong> et d\u2019autres produits chimiques de recherche sans compromettre la qualit\u00e9.<\/p><\/div>\n\n\n\n<div class=\"wp-block-uagb-container uagb-block-6d4e5b67\">\n<div class=\"wp-block-uagb-advanced-heading uagb-block-bbe91d67\"><h3 class=\"uagb-heading-text\">\u00c0 quoi sert l\u2019Alpha-PVP dans la recherche\u00a0?<\/h3><\/div>\n\n\n\n<div class=\"wp-block-uagb-icon-list uagb-block-60b012d5\"><div class=\"uagb-icon-list__wrap\">\n<div class=\"wp-block-uagb-icon-list-child uagb-block-8bcb204e\"><a target=\"_self\" aria-label=\"L&#039;alpha-PVP est largement utilis\u00e9 par les chercheurs pour \u00e9tudier une gamme de sujets li\u00e9s au comportement stimulant et \u00e0 l&#039;activit\u00e9 des neurotransmetteurs. Il est particuli\u00e8rement utile dans les \u00e9tudes ax\u00e9es sur :Les effets psychostimulants : les chercheurs explorent comment l&#039;alpha-PVP interagit avec la dopamine et la noradr\u00e9naline pour produire des effets stimulants et euphorisants.Les \u00e9tudes comportementales : l&#039;alpha-PVP est \u00e9tudi\u00e9e pour son impact sur les niveaux d&#039;activit\u00e9, la motivation et son potentiel d&#039;abus et de d\u00e9pendance.L&#039;analyse des neurotransmetteurs : les chercheurs examinent comment l&#039;alpha-PVP affecte les niveaux de neurotransmetteurs dans le cerveau, en particulier la dopamine et la noradr\u00e9naline, qui sont \u00e9troitement li\u00e9es aux syst\u00e8mes de r\u00e9compense et de plaisir.En achetant l&#039;alpha-PVP aupr\u00e8s de FRCS Research, vous avez acc\u00e8s \u00e0 un outil puissant pour \u00e9tudier les stimulants et leurs effets sur le cerveau et le corps.\" rel=\"noopener noreferrer\" href=\"#\"> <\/a><span class=\"uagb-icon-list__source-wrap\"><svg xmlns=\"https:\/\/www.w3.org\/2000\/svg\" viewbox=\"0 0 512 512\"><path d=\"M0 256C0 114.6 114.6 0 256 0C397.4 0 512 114.6 512 256C512 397.4 397.4 512 256 512C114.6 512 0 397.4 0 256zM371.8 211.8C382.7 200.9 382.7 183.1 371.8 172.2C360.9 161.3 343.1 161.3 332.2 172.2L224 280.4L179.8 236.2C168.9 225.3 151.1 225.3 140.2 236.2C129.3 247.1 129.3 264.9 140.2 275.8L204.2 339.8C215.1 350.7 232.9 350.7 243.8 339.8L371.8 211.8z\"><\/path><\/svg><\/span><span class=\"uagb-icon-list__label\"><strong>Alpha-PVP<\/strong> est largement utilis\u00e9 par les chercheurs pour \u00e9tudier une gamme de sujets li\u00e9s au comportement stimulant et \u00e0 l&#039;activit\u00e9 des neurotransmetteurs. Il est particuli\u00e8rement utile dans les \u00e9tudes ax\u00e9es sur :<br><strong>Effets psychostimulants<\/strong>: Les chercheurs \u00e9tudient comment <strong>Alpha-PVP<\/strong> interagit avec la dopamine et la noradr\u00e9naline pour produire des effets stimulants et euphorisants.<br><strong>\u00c9tudes comportementales<\/strong>:L&#039;Alpha-PVP est \u00e9tudi\u00e9 pour son impact sur les niveaux d&#039;activit\u00e9, la motivation et son potentiel d&#039;abus et de d\u00e9pendance.<br><strong>Analyse des neurotransmetteurs<\/strong>: Les chercheurs examinent comment <strong>Alpha-PVP<\/strong> affecte les niveaux de neurotransmetteurs dans le cerveau, en particulier la dopamine et la noradr\u00e9naline, qui sont \u00e9troitement li\u00e9es aux syst\u00e8mes de r\u00e9compense et de plaisir.<br>En achetant <strong>Alpha-PVP<\/strong> depuis <strong>Recherche FRCS<\/strong>, vous acc\u00e9dez \u00e0 un outil puissant pour \u00e9tudier <strong>stimulants<\/strong> et leurs effets sur le cerveau et le corps.<\/span><\/div>\n\n\n\n<div class=\"wp-block-uagb-icon-list-child uagb-block-d18e95cd\"><a target=\"_self\" aria-label=\"\" rel=\"noopener noreferrer\" href=\"#\"> <\/a><span class=\"uagb-icon-list__source-wrap\"><svg xmlns=\"https:\/\/www.w3.org\/2000\/svg\" viewbox=\"0 0 512 512\"><path d=\"M0 256C0 114.6 114.6 0 256 0C397.4 0 512 114.6 512 256C512 397.4 397.4 512 256 512C114.6 512 0 397.4 0 256zM371.8 211.8C382.7 200.9 382.7 183.1 371.8 172.2C360.9 161.3 343.1 161.3 332.2 172.2L224 280.4L179.8 236.2C168.9 225.3 151.1 225.3 140.2 236.2C129.3 247.1 129.3 264.9 140.2 275.8L204.2 339.8C215.1 350.7 232.9 350.7 243.8 339.8L371.8 211.8z\"><\/path><\/svg><\/span><\/div>\n<\/div><\/div>\n<\/div>\n<\/div><\/div>\n\n\n\n<div class=\"wp-block-uagb-container uagb-layout-flex uagb-block-cd23d4e7 alignfull uagb-is-root-container\"><div class=\"uagb-container-inner-blocks-wrap\">\n<div class=\"wp-block-uagb-container uagb-block-38ac57af\">\n<div class=\"wp-block-uagb-advanced-heading uagb-block-ab8e889b\"><h2 class=\"uagb-heading-text\"><strong>Achetez Alpha-PVP en ligne en toute s\u00e9curit\u00e9<\/strong><\/h2><p class=\"uagb-desc-text\">Lorsque vous cherchez \u00e0 <strong>acheter Alpha-PVP en ligne<\/strong>, il est important de choisir un fournisseur de confiance comme <strong>Recherche FRCS<\/strong>Voici pourquoi vous pouvez compter sur nous :<br><strong>Assurance qualit\u00e9<\/strong>:Nous garantissons que chaque lot de <strong>Alpha-PVP<\/strong> r\u00e9pond \u00e0 des normes rigoureuses de puret\u00e9 et de coh\u00e9rence, vous pouvez donc avoir confiance en l\u2019int\u00e9grit\u00e9 de vos recherches.<br><strong>Exp\u00e9dition discr\u00e8te<\/strong>: Nous exp\u00e9dions votre <strong>Alpha-PVP<\/strong> commandez dans un emballage discret et non marqu\u00e9 pour votre confidentialit\u00e9 et votre s\u00e9curit\u00e9.<br><strong>Disponibilit\u00e9 mondiale<\/strong>: Peu importe o\u00f9 se trouve votre laboratoire, nous exp\u00e9dions <strong>Alpha-PVP<\/strong> dans le monde entier avec des options de livraison fiables et rapides.<br><strong>Paiements s\u00e9curis\u00e9s<\/strong>:Nous proposons plusieurs options de paiement s\u00e9curis\u00e9es, notamment <strong>crypto-monnaie<\/strong>, pour une exp\u00e9rience de paiement fluide et priv\u00e9e.<\/p><\/div>\n<\/div>\n\n\n\n<div class=\"wp-block-uagb-image alignright uagb-block-1bba2fd8 wp-block-uagb-image--layout-default wp-block-uagb-image--effect-static wp-block-uagb-image--align-right\"><figure class=\"wp-block-uagb-image__figure\"><img decoding=\"async\" srcset=\"https:\/\/frcs-research.com\/wp-content\/uploads\/2024\/10\/white-small-crystal-ammonia-alum-500x500-1.webp ,https:\/\/frcs-research.com\/wp-content\/uploads\/2024\/10\/white-small-crystal-ammonia-alum-500x500-1.webp 780w, https:\/\/frcs-research.com\/wp-content\/uploads\/2024\/10\/white-small-crystal-ammonia-alum-500x500-1.webp 360w\" sizes=\"auto, (max-width: 480px) 150px\" src=\"https:\/\/frcs-research.com\/wp-content\/uploads\/2024\/10\/white-small-crystal-ammonia-alum-500x500-1.webp\" alt=\"Acheter Alpha PvP\" class=\"uag-image-636\" width=\"560\" height=\"448\" title=\"cristal d&#039;alun ammoniac blanc de petite taille 500x500\" loading=\"lazy\" role=\"img\"\/><\/figure><\/div>\n<\/div><\/div>\n\n\n\n<p><\/p>","protected":false},"excerpt":{"rendered":"<p>Buy Alpha-PVP Online \u2013 High-Quality Alpha-PVP for Research at FRCS Research Welcome to FRCS Research, your trusted source for premium Alpha-PVP (\u03b1-Pyrrolidinopentiophenone). We offer high-quality, lab-tested Alpha-PVP for researchers and&hellip;<a href=\"https:\/\/frcs-research.com\/fr\/acheter-alpha-pvp-en-ligne\/\" class=\"more-link\"><span class=\"more-button\">Continue reading<span class=\"screen-reader-text\">Alpha PvP<\/span><\/span><\/a><\/p>","protected":false},"author":1,"featured_media":0,"parent":0,"menu_order":0,"comment_status":"closed","ping_status":"closed","template":"","meta":{"_uag_custom_page_level_css":"","footnotes":""},"class_list":["post-625","page","type-page","status-publish","hentry"],"yoast_head":"<!-- This site is optimized with the Yoast SEO plugin v27.1.1 - https:\/\/yoast.com\/product\/yoast-seo-wordpress\/ -->\n<title>Buy Alpha-PVP online (Flakka) - wholesale supplier of research chemicals, 4mmc, 3mmc, MDPHP, Alpha PVP and more<\/title>\n<meta name=\"description\" content=\"Buy high-purity Alpha-PVP online at FRCS Research. Trusted supplier offering lab-tested Alpha-PVP for research purposes with discreet shipping and secure payment\" \/>\n<meta name=\"robots\" content=\"index, follow, max-snippet:-1, max-image-preview:large, max-video-preview:-1\" \/>\n<link rel=\"canonical\" href=\"https:\/\/frcs-research.com\/fr\/acheter-alpha-pvp-en-ligne\/\" \/>\n<meta property=\"og:locale\" content=\"fr_FR\" \/>\n<meta property=\"og:type\" content=\"article\" \/>\n<meta property=\"og:title\" content=\"Buy Alpha-PVP online (Flakka) - wholesale supplier of research chemicals, 4mmc, 3mmc, MDPHP, Alpha PVP and more\" \/>\n<meta property=\"og:description\" content=\"Buy high-purity Alpha-PVP online at FRCS Research. Trusted supplier offering lab-tested Alpha-PVP for research purposes with discreet shipping and secure payment\" \/>\n<meta property=\"og:url\" content=\"https:\/\/frcs-research.com\/fr\/acheter-alpha-pvp-en-ligne\/\" \/>\n<meta property=\"og:site_name\" content=\"wholesale supplier of research chemicals, 4mmc, 3mmc, MDPHP, Alpha PVP and more\" \/>\n<meta property=\"article:modified_time\" content=\"2024-10-13T09:15:56+00:00\" \/>\n<meta property=\"og:image\" content=\"https:\/\/frcs-research.com\/wp-content\/uploads\/2024\/10\/buy-5f-sdb005-online-500x500-1.jpg\" \/>\n<meta name=\"twitter:card\" content=\"summary_large_image\" \/>\n<meta name=\"twitter:label1\" content=\"Dur\u00e9e de lecture estim\u00e9e\" \/>\n\t<meta name=\"twitter:data1\" content=\"3 minutes\" \/>\n<script type=\"application\/ld+json\" class=\"yoast-schema-graph\">{\"@context\":\"https:\/\/schema.org\",\"@graph\":[{\"@type\":\"WebPage\",\"@id\":\"https:\/\/frcs-research.com\/buy-alpha-pvp-online\/\",\"url\":\"https:\/\/frcs-research.com\/buy-alpha-pvp-online\/\",\"name\":\"Buy Alpha-PVP online (Flakka) - wholesale supplier of research chemicals, 4mmc, 3mmc, MDPHP, Alpha PVP and more\",\"isPartOf\":{\"@id\":\"https:\/\/frcs-research.com\/#website\"},\"primaryImageOfPage\":{\"@id\":\"https:\/\/frcs-research.com\/buy-alpha-pvp-online\/#primaryimage\"},\"image\":{\"@id\":\"https:\/\/frcs-research.com\/buy-alpha-pvp-online\/#primaryimage\"},\"thumbnailUrl\":\"https:\/\/frcs-research.com\/wp-content\/uploads\/2024\/10\/buy-5f-sdb005-online-500x500-1.jpg\",\"datePublished\":\"2024-10-09T00:10:24+00:00\",\"dateModified\":\"2024-10-13T09:15:56+00:00\",\"description\":\"Buy high-purity Alpha-PVP online at FRCS Research. Trusted supplier offering lab-tested Alpha-PVP for research purposes with discreet shipping and secure payment\",\"breadcrumb\":{\"@id\":\"https:\/\/frcs-research.com\/buy-alpha-pvp-online\/#breadcrumb\"},\"inLanguage\":\"fr-FR\",\"potentialAction\":[{\"@type\":\"ReadAction\",\"target\":[\"https:\/\/frcs-research.com\/buy-alpha-pvp-online\/\"]}]},{\"@type\":\"ImageObject\",\"inLanguage\":\"fr-FR\",\"@id\":\"https:\/\/frcs-research.com\/buy-alpha-pvp-online\/#primaryimage\",\"url\":\"https:\/\/frcs-research.com\/wp-content\/uploads\/2024\/10\/buy-5f-sdb005-online-500x500-1.jpg\",\"contentUrl\":\"https:\/\/frcs-research.com\/wp-content\/uploads\/2024\/10\/buy-5f-sdb005-online-500x500-1.jpg\"},{\"@type\":\"BreadcrumbList\",\"@id\":\"https:\/\/frcs-research.com\/buy-alpha-pvp-online\/#breadcrumb\",\"itemListElement\":[{\"@type\":\"ListItem\",\"position\":1,\"name\":\"Home\",\"item\":\"https:\/\/frcs-research.com\/\"},{\"@type\":\"ListItem\",\"position\":2,\"name\":\"Alpha PVP\"}]},{\"@type\":\"WebSite\",\"@id\":\"https:\/\/frcs-research.com\/#website\",\"url\":\"https:\/\/frcs-research.com\/\",\"name\":\"wholesale supplier of research chemicals, 4mmc, 3mmc, MDPHP, Alpha PVP and more\",\"description\":\"Wholesale research chemicals\",\"potentialAction\":[{\"@type\":\"SearchAction\",\"target\":{\"@type\":\"EntryPoint\",\"urlTemplate\":\"https:\/\/frcs-research.com\/?s={search_term_string}\"},\"query-input\":{\"@type\":\"PropertyValueSpecification\",\"valueRequired\":true,\"valueName\":\"search_term_string\"}}],\"inLanguage\":\"fr-FR\"}]}<\/script>\n<!-- \/ Yoast SEO plugin. -->","yoast_head_json":{"title":"Achetez Alpha-PVP en ligne (Flakka) - fournisseur en gros de produits chimiques de recherche, 4mmc, 3mmc, MDPHP, Alpha PVP et plus","description":"Achetez de l&#039;Alpha-PVP de haute puret\u00e9 en ligne chez FRCS Research. Fournisseur de confiance proposant de l&#039;Alpha-PVP test\u00e9 en laboratoire \u00e0 des fins de recherche avec une exp\u00e9dition discr\u00e8te et un paiement s\u00e9curis\u00e9","robots":{"index":"index","follow":"follow","max-snippet":"max-snippet:-1","max-image-preview":"max-image-preview:large","max-video-preview":"max-video-preview:-1"},"canonical":"https:\/\/frcs-research.com\/fr\/acheter-alpha-pvp-en-ligne\/","og_locale":"fr_FR","og_type":"article","og_title":"Buy Alpha-PVP online (Flakka) - wholesale supplier of research chemicals, 4mmc, 3mmc, MDPHP, Alpha PVP and more","og_description":"Buy high-purity Alpha-PVP online at FRCS Research. Trusted supplier offering lab-tested Alpha-PVP for research purposes with discreet shipping and secure payment","og_url":"https:\/\/frcs-research.com\/fr\/acheter-alpha-pvp-en-ligne\/","og_site_name":"wholesale supplier of research chemicals, 4mmc, 3mmc, MDPHP, Alpha PVP and more","article_modified_time":"2024-10-13T09:15:56+00:00","og_image":[{"url":"https:\/\/frcs-research.com\/wp-content\/uploads\/2024\/10\/buy-5f-sdb005-online-500x500-1.jpg","type":"","width":"","height":""}],"twitter_card":"summary_large_image","twitter_misc":{"Dur\u00e9e de lecture estim\u00e9e":"3 minutes"},"schema":{"@context":"https:\/\/schema.org","@graph":[{"@type":"WebPage","@id":"https:\/\/frcs-research.com\/buy-alpha-pvp-online\/","url":"https:\/\/frcs-research.com\/buy-alpha-pvp-online\/","name":"Achetez Alpha-PVP en ligne (Flakka) - fournisseur en gros de produits chimiques de recherche, 4mmc, 3mmc, MDPHP, Alpha PVP et plus","isPartOf":{"@id":"https:\/\/frcs-research.com\/#website"},"primaryImageOfPage":{"@id":"https:\/\/frcs-research.com\/buy-alpha-pvp-online\/#primaryimage"},"image":{"@id":"https:\/\/frcs-research.com\/buy-alpha-pvp-online\/#primaryimage"},"thumbnailUrl":"https:\/\/frcs-research.com\/wp-content\/uploads\/2024\/10\/buy-5f-sdb005-online-500x500-1.jpg","datePublished":"2024-10-09T00:10:24+00:00","dateModified":"2024-10-13T09:15:56+00:00","description":"Achetez de l&#039;Alpha-PVP de haute puret\u00e9 en ligne chez FRCS Research. Fournisseur de confiance proposant de l&#039;Alpha-PVP test\u00e9 en laboratoire \u00e0 des fins de recherche avec une exp\u00e9dition discr\u00e8te et un paiement s\u00e9curis\u00e9","breadcrumb":{"@id":"https:\/\/frcs-research.com\/buy-alpha-pvp-online\/#breadcrumb"},"inLanguage":"fr-FR","potentialAction":[{"@type":"ReadAction","target":["https:\/\/frcs-research.com\/buy-alpha-pvp-online\/"]}]},{"@type":"ImageObject","inLanguage":"fr-FR","@id":"https:\/\/frcs-research.com\/buy-alpha-pvp-online\/#primaryimage","url":"https:\/\/frcs-research.com\/wp-content\/uploads\/2024\/10\/buy-5f-sdb005-online-500x500-1.jpg","contentUrl":"https:\/\/frcs-research.com\/wp-content\/uploads\/2024\/10\/buy-5f-sdb005-online-500x500-1.jpg"},{"@type":"BreadcrumbList","@id":"https:\/\/frcs-research.com\/buy-alpha-pvp-online\/#breadcrumb","itemListElement":[{"@type":"ListItem","position":1,"name":"Home","item":"https:\/\/frcs-research.com\/"},{"@type":"ListItem","position":2,"name":"Alpha PVP"}]},{"@type":"WebSite","@id":"https:\/\/frcs-research.com\/#website","url":"https:\/\/frcs-research.com\/","name":"fournisseur en gros de produits chimiques de recherche, 4mmc, 3mmc, MDPHP, Alpha PVP et plus","description":"Vente en gros de produits chimiques de recherche","potentialAction":[{"@type":"SearchAction","target":{"@type":"EntryPoint","urlTemplate":"https:\/\/frcs-research.com\/?s={search_term_string}"},"query-input":{"@type":"PropertyValueSpecification","valueRequired":true,"valueName":"search_term_string"}}],"inLanguage":"fr-FR"}]}},"uagb_featured_image_src":{"full":false,"thumbnail":false,"medium":false,"medium_large":false,"large":false,"1536x1536":false,"2048x2048":false,"trp-custom-language-flag":false,"post-thumbnail":false,"elite-commerce-slider":false,"elite-commerce-hero":false,"elite-commerce-portfolio":false,"woocommerce_thumbnail":false,"woocommerce_single":false,"woocommerce_gallery_thumbnail":false},"uagb_author_info":{"display_name":"Richard Wood","author_link":"https:\/\/frcs-research.com\/fr\/author\/expireddomains1000gmail-com\/"},"uagb_comment_info":0,"uagb_excerpt":"Buy Alpha-PVP Online \u2013 High-Quality Alpha-PVP for Research at FRCS Research Welcome to FRCS Research, your trusted source for premium Alpha-PVP (\u03b1-Pyrrolidinopentiophenone). We offer high-quality, lab-tested Alpha-PVP for researchers and&hellip;Continue readingAlpha PVP","_links":{"self":[{"href":"https:\/\/frcs-research.com\/fr\/wp-json\/wp\/v2\/pages\/625","targetHints":{"allow":["GET"]}}],"collection":[{"href":"https:\/\/frcs-research.com\/fr\/wp-json\/wp\/v2\/pages"}],"about":[{"href":"https:\/\/frcs-research.com\/fr\/wp-json\/wp\/v2\/types\/page"}],"author":[{"embeddable":true,"href":"https:\/\/frcs-research.com\/fr\/wp-json\/wp\/v2\/users\/1"}],"replies":[{"embeddable":true,"href":"https:\/\/frcs-research.com\/fr\/wp-json\/wp\/v2\/comments?post=625"}],"version-history":[{"count":11,"href":"https:\/\/frcs-research.com\/fr\/wp-json\/wp\/v2\/pages\/625\/revisions"}],"predecessor-version":[{"id":805,"href":"https:\/\/frcs-research.com\/fr\/wp-json\/wp\/v2\/pages\/625\/revisions\/805"}],"wp:attachment":[{"href":"https:\/\/frcs-research.com\/fr\/wp-json\/wp\/v2\/media?parent=625"}],"curies":[{"name":"wp","href":"https:\/\/api.w.org\/{rel}","templated":true}]}}