{"id":682,"date":"2024-10-12T19:22:08","date_gmt":"2024-10-12T19:22:08","guid":{"rendered":"https:\/\/frcs-research.com\/?page_id=682"},"modified":"2024-10-12T19:27:53","modified_gmt":"2024-10-12T19:27:53","slug":"acheter-de-letizolam","status":"publish","type":"page","link":"https:\/\/frcs-research.com\/fr\/acheter-de-letizolam\/","title":{"rendered":"Achetez de l&#039;\u00e9tizolam, du flualprazolam et du clonazolam"},"content":{"rendered":"<div class=\"wp-block-uagb-container uagb-block-ddbe5c65 alignfull uagb-is-root-container\"><div class=\"uagb-container-inner-blocks-wrap\">\n<div class=\"wp-block-uagb-advanced-heading uagb-block-fa4e7c56\"><h1 class=\"uagb-heading-text\">Achetez de l&#039;\u00e9tizolam, du flualprazolam et du clonazolam en ligne sur FRCS Research<\/h1><p class=\"uagb-desc-text\">Bienvenue chez FRCS Research, votre source fiable d&#039;analogues de benzodiaz\u00e9pines de haute qualit\u00e9. Nous sommes sp\u00e9cialis\u00e9s dans l&#039;offre de produits chimiques de recherche de qualit\u00e9 sup\u00e9rieure comme l&#039;\u00e9tizolam, le flualprazolam et le clonazolam, largement utilis\u00e9s \u00e0 des fins de recherche universitaire et scientifique.<\/p><\/div>\n<\/div><\/div>\n\n\n\n<div class=\"wp-block-uagb-container uagb-block-f4853f72 alignfull uagb-is-root-container\"><div class=\"uagb-container-inner-blocks-wrap\">\n<div class=\"wp-block-uagb-image uagb-block-6ad7b79b wp-block-uagb-image--layout-default wp-block-uagb-image--effect-static wp-block-uagb-image--align-none\"><figure class=\"wp-block-uagb-image__figure\"><img decoding=\"async\" srcset=\"https:\/\/frcs-research.com\/wp-content\/uploads\/2024\/10\/201810181043065236899.jpg ,https:\/\/frcs-research.com\/wp-content\/uploads\/2024\/10\/201810181043065236899.jpg 780w, https:\/\/frcs-research.com\/wp-content\/uploads\/2024\/10\/201810181043065236899.jpg 360w\" sizes=\"auto, (max-width: 480px) 150px\" src=\"https:\/\/frcs-research.com\/wp-content\/uploads\/2024\/10\/201810181043065236899.jpg\" alt=\"\" class=\"uag-image-685\" width=\"939\" height=\"1024\" title=\"201810181043065236899\" loading=\"lazy\" role=\"img\"\/><\/figure><\/div>\n\n\n\n<div class=\"wp-block-uagb-container uagb-block-959de5be\">\n<div class=\"wp-block-uagb-advanced-heading uagb-block-a679106e\"><h2 class=\"uagb-heading-text\"><strong>Achetez de l&#039;\u00e9tizolam en ligne pour la recherche<\/strong><\/h2><p class=\"uagb-desc-text\">Si vous cherchez \u00e0 <strong>acheter Etizolam en ligne<\/strong>, vous \u00eates au bon endroit. <strong>\u00c9tizolam<\/strong> est un puissant analogue de benzodiaz\u00e9pine utilis\u00e9 dans les \u00e9tudes ax\u00e9es sur l&#039;anxi\u00e9t\u00e9, la s\u00e9dation et le fonctionnement des r\u00e9cepteurs GABA. Chez FRCS Research, nous fournissons l&#039;\u00e9tizolam de la plus haute puret\u00e9, garantissant que vos recherches sont bas\u00e9es sur des r\u00e9sultats fiables. Nous accordons la priorit\u00e9 \u00e0 la s\u00e9curit\u00e9, \u00e0 la qualit\u00e9 et \u00e0 la livraison rapide, ce qui fait de nous la meilleure option d&#039;achat <strong>L&#039;\u00e9tizolam pour la recherche<\/strong>.<\/p><\/div>\n<\/div>\n<\/div><\/div>\n\n\n\n<div class=\"wp-block-uagb-container uagb-layout-grid uagb-block-395f69b9 alignfull uagb-is-root-container\"><div class=\"uagb-container-inner-blocks-wrap\">\n<div class=\"wp-block-uagb-advanced-heading uagb-block-992e1d53\"><h3 class=\"uagb-heading-text\"><strong>Commander du flualprazolam \u2013 un puissant analogue de la benzodiaz\u00e9pine<\/strong><\/h3><p class=\"uagb-desc-text\">\u00c0 la recherche de <strong>acheter du flualprazolam<\/strong> pour vos recherches ? FRCS Research vous propose <strong>Flualprazolam<\/strong>, un puissant analogue s\u00e9datif et anxiolytique aux effets puissants, souvent \u00e9tudi\u00e9 dans le domaine de la pharmacologie. Connu pour sa puissance intense et ses effets durables, le flualprazolam est une substance cl\u00e9 pour la recherche sur les tranquillisants et les compos\u00e9s s\u00e9datifs. Nous offrons une exp\u00e9dition rapide et un contr\u00f4le qualit\u00e9 strict pour garantir votre <strong>Flualprazolam<\/strong> est pr\u00eat pour une utilisation en laboratoire.<\/p><\/div>\n\n\n\n<div class=\"wp-block-uagb-container uagb-block-6d4e5b67\">\n<div class=\"wp-block-uagb-advanced-heading uagb-block-bbe91d67\"><h3 class=\"uagb-heading-text\"><strong>Achetez du clonazolam en ligne \u2013 pour une recherche fiable<\/strong><\/h3><\/div>\n\n\n\n<p>Chez FRCS Research, vous pouvez \u00e9galement <strong>acheter du clonazolam<\/strong>, un autre analogue puissant des benzodiaz\u00e9pines connu pour ses fortes propri\u00e9t\u00e9s s\u00e9datives et anxiolytiques. Le clonazolam est essentiel pour les chercheurs qui \u00e9tudient l&#039;impact des benzodiaz\u00e9pines sur la modulation des neurotransmetteurs et les troubles du sommeil. Tous nos <strong>Clonazolam<\/strong> les produits sont test\u00e9s en laboratoire pour leur puret\u00e9, vous pouvez donc faire confiance \u00e0 la qualit\u00e9 de votre achat pour vos besoins de recherche.<\/p>\n<\/div>\n<\/div><\/div>\n\n\n\n<div class=\"wp-block-uagb-container uagb-layout-flex uagb-block-cd23d4e7 alignfull uagb-is-root-container\"><div class=\"uagb-container-inner-blocks-wrap\">\n<div class=\"wp-block-uagb-container uagb-block-38ac57af\">\n<div class=\"wp-block-uagb-advanced-heading uagb-block-ab8e889b\"><h2 class=\"uagb-heading-text\"><strong>Pourquoi choisir FRCS Research?<\/strong><\/h2><p class=\"uagb-desc-text\">Produits de haute puret\u00e9 : chaque analogue de benzodiaz\u00e9pine que nous vendons est soumis \u00e0 des tests de qualit\u00e9 rigoureux pour garantir qu&#039;il r\u00e9pond aux normes les plus \u00e9lev\u00e9es en mati\u00e8re de recherche scientifique. Exp\u00e9dition discr\u00e8te : nous comprenons le besoin de confidentialit\u00e9, c&#039;est pourquoi nous proposons une exp\u00e9dition rapide et discr\u00e8te dans le monde entier sur toutes les commandes. Paiement s\u00e9curis\u00e9 : nous proposons des options de paiement s\u00e9curis\u00e9es, vous offrant une tranquillit\u00e9 d&#039;esprit lors de la commande de vos produits chimiques de recherche. Assistance client fiable : notre \u00e9quipe est disponible pour vous aider avec toutes vos demandes, des d\u00e9tails du produit au suivi de la commande, garantissant une exp\u00e9rience fluide.<\/p><\/div>\n\n\n\n<p><strong>Commandez aujourd&#039;hui<\/strong> de la recherche FRCS et acc\u00e9dez \u00e0 des informations de haute qualit\u00e9 <strong>\u00c9tizolam<\/strong>, <strong>Flualprazolam<\/strong>, et <strong>Clonazolam<\/strong> pour vos recherches. Une exp\u00e9dition rapide, un paiement s\u00e9curis\u00e9 et des produits haut de gamme font de FRCS Research votre choix id\u00e9al pour les analogues des benzodiaz\u00e9pines.<\/p>\n<\/div>\n\n\n\n<div class=\"wp-block-uagb-image alignright uagb-block-1bba2fd8 wp-block-uagb-image--layout-default wp-block-uagb-image--effect-static wp-block-uagb-image--align-right\"><figure class=\"wp-block-uagb-image__figure\"><img decoding=\"async\" srcset=\"https:\/\/frcs-research.com\/wp-content\/uploads\/2024\/10\/H73718925bafc45c5a22e001d6b5420d9w.jpg_300x300.avif ,https:\/\/frcs-research.com\/wp-content\/uploads\/2024\/10\/H73718925bafc45c5a22e001d6b5420d9w.jpg_300x300.avif 780w, https:\/\/frcs-research.com\/wp-content\/uploads\/2024\/10\/H73718925bafc45c5a22e001d6b5420d9w.jpg_300x300.avif 360w\" sizes=\"auto, (max-width: 480px) 150px\" src=\"https:\/\/frcs-research.com\/wp-content\/uploads\/2024\/10\/H73718925bafc45c5a22e001d6b5420d9w.jpg_300x300.avif\" alt=\"acheter de l&#039;\u00e9tizolam\" class=\"uag-image-687\" width=\"560\" height=\"448\" title=\"H73718925bafc45c5a22e001d6b5420d9w.jpg_300x300\" loading=\"lazy\" role=\"img\"\/><\/figure><\/div>\n<\/div><\/div>","protected":false},"excerpt":{"rendered":"<p>Buy Etizolam, Flualprazolam, and Clonazolam Online at FRCS Research Welcome to FRCS Research, your trusted source for high-quality benzodiazepine analogs. We specialize in offering premium-grade research chemicals like Etizolam, Flualprazolam,&hellip;<a href=\"https:\/\/frcs-research.com\/fr\/acheter-de-letizolam\/\" class=\"more-link\"><span class=\"more-button\">Continue reading<span class=\"screen-reader-text\">Achetez de l&#039;\u00e9tizolam, du flualprazolam et du clonazolam<\/span><\/span><\/a><\/p>","protected":false},"author":1,"featured_media":685,"parent":0,"menu_order":0,"comment_status":"closed","ping_status":"closed","template":"","meta":{"_uag_custom_page_level_css":"","footnotes":""},"class_list":["post-682","page","type-page","status-publish","has-post-thumbnail","hentry"],"yoast_head":"<!-- This site is optimized with the Yoast SEO plugin v27.1.1 - https:\/\/yoast.com\/product\/yoast-seo-wordpress\/ -->\n<title>Buy Etizolam, Flualprazolam, and Clonazolam Online<\/title>\n<meta name=\"description\" content=\"Buy Etizolam, Flualprazolam, and Clonazolam for research at FRCS Research. High-purity benzodiazepine analogs with fast, discreet shipping. Shop now!\" \/>\n<meta name=\"robots\" content=\"index, follow, max-snippet:-1, max-image-preview:large, max-video-preview:-1\" \/>\n<link rel=\"canonical\" href=\"https:\/\/frcs-research.com\/fr\/acheter-de-letizolam\/\" \/>\n<meta property=\"og:locale\" content=\"fr_FR\" \/>\n<meta property=\"og:type\" content=\"article\" \/>\n<meta property=\"og:title\" content=\"Buy Etizolam, Flualprazolam, and Clonazolam Online\" \/>\n<meta property=\"og:description\" content=\"Buy Etizolam, Flualprazolam, and Clonazolam for research at FRCS Research. High-purity benzodiazepine analogs with fast, discreet shipping. Shop now!\" \/>\n<meta property=\"og:url\" content=\"https:\/\/frcs-research.com\/fr\/acheter-de-letizolam\/\" \/>\n<meta property=\"og:site_name\" content=\"wholesale supplier of research chemicals, 4mmc, 3mmc, MDPHP, Alpha PVP and more\" \/>\n<meta property=\"article:modified_time\" content=\"2024-10-12T19:27:53+00:00\" \/>\n<meta property=\"og:image\" content=\"https:\/\/frcs-research.com\/wp-content\/uploads\/2024\/10\/201810181043065236899.jpg\" \/>\n\t<meta property=\"og:image:width\" content=\"350\" \/>\n\t<meta property=\"og:image:height\" content=\"350\" \/>\n\t<meta property=\"og:image:type\" content=\"image\/jpeg\" \/>\n<meta name=\"twitter:card\" content=\"summary_large_image\" \/>\n<meta name=\"twitter:label1\" content=\"Dur\u00e9e de lecture estim\u00e9e\" \/>\n\t<meta name=\"twitter:data1\" content=\"3 minutes\" \/>\n<script type=\"application\/ld+json\" class=\"yoast-schema-graph\">{\"@context\":\"https:\/\/schema.org\",\"@graph\":[{\"@type\":\"WebPage\",\"@id\":\"https:\/\/frcs-research.com\/buy-etizolam\/\",\"url\":\"https:\/\/frcs-research.com\/buy-etizolam\/\",\"name\":\"Buy Etizolam, Flualprazolam, and Clonazolam Online\",\"isPartOf\":{\"@id\":\"https:\/\/frcs-research.com\/#website\"},\"primaryImageOfPage\":{\"@id\":\"https:\/\/frcs-research.com\/buy-etizolam\/#primaryimage\"},\"image\":{\"@id\":\"https:\/\/frcs-research.com\/buy-etizolam\/#primaryimage\"},\"thumbnailUrl\":\"https:\/\/frcs-research.com\/wp-content\/uploads\/2024\/10\/201810181043065236899.jpg\",\"datePublished\":\"2024-10-12T19:22:08+00:00\",\"dateModified\":\"2024-10-12T19:27:53+00:00\",\"description\":\"Buy Etizolam, Flualprazolam, and Clonazolam for research at FRCS Research. High-purity benzodiazepine analogs with fast, discreet shipping. Shop now!\",\"breadcrumb\":{\"@id\":\"https:\/\/frcs-research.com\/buy-etizolam\/#breadcrumb\"},\"inLanguage\":\"fr-FR\",\"potentialAction\":[{\"@type\":\"ReadAction\",\"target\":[\"https:\/\/frcs-research.com\/buy-etizolam\/\"]}]},{\"@type\":\"ImageObject\",\"inLanguage\":\"fr-FR\",\"@id\":\"https:\/\/frcs-research.com\/buy-etizolam\/#primaryimage\",\"url\":\"https:\/\/frcs-research.com\/wp-content\/uploads\/2024\/10\/201810181043065236899.jpg\",\"contentUrl\":\"https:\/\/frcs-research.com\/wp-content\/uploads\/2024\/10\/201810181043065236899.jpg\",\"width\":350,\"height\":350},{\"@type\":\"BreadcrumbList\",\"@id\":\"https:\/\/frcs-research.com\/buy-etizolam\/#breadcrumb\",\"itemListElement\":[{\"@type\":\"ListItem\",\"position\":1,\"name\":\"Home\",\"item\":\"https:\/\/frcs-research.com\/\"},{\"@type\":\"ListItem\",\"position\":2,\"name\":\"Buy Etizolam, Flualprazolam, and Clonazolam\"}]},{\"@type\":\"WebSite\",\"@id\":\"https:\/\/frcs-research.com\/#website\",\"url\":\"https:\/\/frcs-research.com\/\",\"name\":\"wholesale supplier of research chemicals, 4mmc, 3mmc, MDPHP, Alpha PVP and more\",\"description\":\"Wholesale research chemicals\",\"potentialAction\":[{\"@type\":\"SearchAction\",\"target\":{\"@type\":\"EntryPoint\",\"urlTemplate\":\"https:\/\/frcs-research.com\/?s={search_term_string}\"},\"query-input\":{\"@type\":\"PropertyValueSpecification\",\"valueRequired\":true,\"valueName\":\"search_term_string\"}}],\"inLanguage\":\"fr-FR\"}]}<\/script>\n<!-- \/ Yoast SEO plugin. -->","yoast_head_json":{"title":"Achetez de l&#039;\u00e9tizolam, du flualprazolam et du clonazolam en ligne","description":"Achetez de l&#039;\u00e9tizolam, du flualprazolam et du clonazolam pour la recherche chez FRCS Research. Analogues de benzodiaz\u00e9pine de haute puret\u00e9 avec exp\u00e9dition rapide et discr\u00e8te. Achetez maintenant !","robots":{"index":"index","follow":"follow","max-snippet":"max-snippet:-1","max-image-preview":"max-image-preview:large","max-video-preview":"max-video-preview:-1"},"canonical":"https:\/\/frcs-research.com\/fr\/acheter-de-letizolam\/","og_locale":"fr_FR","og_type":"article","og_title":"Buy Etizolam, Flualprazolam, and Clonazolam Online","og_description":"Buy Etizolam, Flualprazolam, and Clonazolam for research at FRCS Research. High-purity benzodiazepine analogs with fast, discreet shipping. Shop now!","og_url":"https:\/\/frcs-research.com\/fr\/acheter-de-letizolam\/","og_site_name":"wholesale supplier of research chemicals, 4mmc, 3mmc, MDPHP, Alpha PVP and more","article_modified_time":"2024-10-12T19:27:53+00:00","og_image":[{"width":350,"height":350,"url":"https:\/\/frcs-research.com\/wp-content\/uploads\/2024\/10\/201810181043065236899.jpg","type":"image\/jpeg"}],"twitter_card":"summary_large_image","twitter_misc":{"Dur\u00e9e de lecture estim\u00e9e":"3 minutes"},"schema":{"@context":"https:\/\/schema.org","@graph":[{"@type":"WebPage","@id":"https:\/\/frcs-research.com\/buy-etizolam\/","url":"https:\/\/frcs-research.com\/buy-etizolam\/","name":"Achetez de l&#039;\u00e9tizolam, du flualprazolam et du clonazolam en ligne","isPartOf":{"@id":"https:\/\/frcs-research.com\/#website"},"primaryImageOfPage":{"@id":"https:\/\/frcs-research.com\/buy-etizolam\/#primaryimage"},"image":{"@id":"https:\/\/frcs-research.com\/buy-etizolam\/#primaryimage"},"thumbnailUrl":"https:\/\/frcs-research.com\/wp-content\/uploads\/2024\/10\/201810181043065236899.jpg","datePublished":"2024-10-12T19:22:08+00:00","dateModified":"2024-10-12T19:27:53+00:00","description":"Achetez de l&#039;\u00e9tizolam, du flualprazolam et du clonazolam pour la recherche chez FRCS Research. Analogues de benzodiaz\u00e9pine de haute puret\u00e9 avec exp\u00e9dition rapide et discr\u00e8te. Achetez maintenant !","breadcrumb":{"@id":"https:\/\/frcs-research.com\/buy-etizolam\/#breadcrumb"},"inLanguage":"fr-FR","potentialAction":[{"@type":"ReadAction","target":["https:\/\/frcs-research.com\/buy-etizolam\/"]}]},{"@type":"ImageObject","inLanguage":"fr-FR","@id":"https:\/\/frcs-research.com\/buy-etizolam\/#primaryimage","url":"https:\/\/frcs-research.com\/wp-content\/uploads\/2024\/10\/201810181043065236899.jpg","contentUrl":"https:\/\/frcs-research.com\/wp-content\/uploads\/2024\/10\/201810181043065236899.jpg","width":350,"height":350},{"@type":"BreadcrumbList","@id":"https:\/\/frcs-research.com\/buy-etizolam\/#breadcrumb","itemListElement":[{"@type":"ListItem","position":1,"name":"Home","item":"https:\/\/frcs-research.com\/"},{"@type":"ListItem","position":2,"name":"Buy Etizolam, Flualprazolam, and Clonazolam"}]},{"@type":"WebSite","@id":"https:\/\/frcs-research.com\/#website","url":"https:\/\/frcs-research.com\/","name":"fournisseur en gros de produits chimiques de recherche, 4mmc, 3mmc, MDPHP, Alpha PVP et plus","description":"Vente en gros de produits chimiques de recherche","potentialAction":[{"@type":"SearchAction","target":{"@type":"EntryPoint","urlTemplate":"https:\/\/frcs-research.com\/?s={search_term_string}"},"query-input":{"@type":"PropertyValueSpecification","valueRequired":true,"valueName":"search_term_string"}}],"inLanguage":"fr-FR"}]}},"uagb_featured_image_src":{"full":["https:\/\/frcs-research.com\/wp-content\/uploads\/2024\/10\/201810181043065236899.jpg",350,350,false],"thumbnail":["https:\/\/frcs-research.com\/wp-content\/uploads\/2024\/10\/201810181043065236899-150x150.jpg",150,150,true],"medium":["https:\/\/frcs-research.com\/wp-content\/uploads\/2024\/10\/201810181043065236899-300x300.jpg",300,300,true],"medium_large":["https:\/\/frcs-research.com\/wp-content\/uploads\/2024\/10\/201810181043065236899.jpg",350,350,false],"large":["https:\/\/frcs-research.com\/wp-content\/uploads\/2024\/10\/201810181043065236899.jpg",350,350,false],"1536x1536":["https:\/\/frcs-research.com\/wp-content\/uploads\/2024\/10\/201810181043065236899.jpg",350,350,false],"2048x2048":["https:\/\/frcs-research.com\/wp-content\/uploads\/2024\/10\/201810181043065236899.jpg",350,350,false],"trp-custom-language-flag":["https:\/\/frcs-research.com\/wp-content\/uploads\/2024\/10\/201810181043065236899.jpg",12,12,false],"post-thumbnail":["https:\/\/frcs-research.com\/wp-content\/uploads\/2024\/10\/201810181043065236899.jpg",350,350,false],"elite-commerce-slider":["https:\/\/frcs-research.com\/wp-content\/uploads\/2024\/10\/201810181043065236899.jpg",350,350,false],"elite-commerce-hero":["https:\/\/frcs-research.com\/wp-content\/uploads\/2024\/10\/201810181043065236899.jpg",350,350,false],"elite-commerce-portfolio":["https:\/\/frcs-research.com\/wp-content\/uploads\/2024\/10\/201810181043065236899.jpg",350,350,false],"woocommerce_thumbnail":["https:\/\/frcs-research.com\/wp-content\/uploads\/2024\/10\/201810181043065236899-300x300.jpg",300,300,true],"woocommerce_single":["https:\/\/frcs-research.com\/wp-content\/uploads\/2024\/10\/201810181043065236899.jpg",350,350,false],"woocommerce_gallery_thumbnail":["https:\/\/frcs-research.com\/wp-content\/uploads\/2024\/10\/201810181043065236899-100x100.jpg",100,100,true]},"uagb_author_info":{"display_name":"Richard Wood","author_link":"https:\/\/frcs-research.com\/fr\/author\/expireddomains1000gmail-com\/"},"uagb_comment_info":0,"uagb_excerpt":"Buy Etizolam, Flualprazolam, and Clonazolam Online at FRCS Research Welcome to FRCS Research, your trusted source for high-quality benzodiazepine analogs. We specialize in offering premium-grade research chemicals like Etizolam, Flualprazolam,&hellip;Continue readingBuy Etizolam, Flualprazolam, and Clonazolam","_links":{"self":[{"href":"https:\/\/frcs-research.com\/fr\/wp-json\/wp\/v2\/pages\/682","targetHints":{"allow":["GET"]}}],"collection":[{"href":"https:\/\/frcs-research.com\/fr\/wp-json\/wp\/v2\/pages"}],"about":[{"href":"https:\/\/frcs-research.com\/fr\/wp-json\/wp\/v2\/types\/page"}],"author":[{"embeddable":true,"href":"https:\/\/frcs-research.com\/fr\/wp-json\/wp\/v2\/users\/1"}],"replies":[{"embeddable":true,"href":"https:\/\/frcs-research.com\/fr\/wp-json\/wp\/v2\/comments?post=682"}],"version-history":[{"count":3,"href":"https:\/\/frcs-research.com\/fr\/wp-json\/wp\/v2\/pages\/682\/revisions"}],"predecessor-version":[{"id":689,"href":"https:\/\/frcs-research.com\/fr\/wp-json\/wp\/v2\/pages\/682\/revisions\/689"}],"wp:featuredmedia":[{"embeddable":true,"href":"https:\/\/frcs-research.com\/fr\/wp-json\/wp\/v2\/media\/685"}],"wp:attachment":[{"href":"https:\/\/frcs-research.com\/fr\/wp-json\/wp\/v2\/media?parent=682"}],"curies":[{"name":"wp","href":"https:\/\/api.w.org\/{rel}","templated":true}]}}