{"id":712,"date":"2024-10-12T21:03:28","date_gmt":"2024-10-12T21:03:28","guid":{"rendered":"https:\/\/frcs-research.com\/?post_type=product&#038;p=712"},"modified":"2026-04-05T13:32:20","modified_gmt":"2026-04-05T13:32:20","slug":"acheter-jwh-018-en-ligne","status":"publish","type":"product","link":"https:\/\/frcs-research.com\/fr\/product\/acheter-jwh-018-en-ligne\/","title":{"rendered":"JWH-018"},"content":{"rendered":"<h1>Achetez JWH-018 en ligne, poudre JWH-018 \u00e0 vendre, achetez des produits chimiques de recherche JWH-018<\/h1>\n<p><strong>JWH-018<\/strong> est l&#039;un des cannabino\u00efdes synth\u00e9tiques originaux et les plus connus, largement utilis\u00e9 dans la recherche. Il est tr\u00e8s appr\u00e9ci\u00e9 pour sa capacit\u00e9 \u00e0 imiter les effets psychoactifs du THC, ce qui en fait un compos\u00e9 cl\u00e9 dans l&#039;\u00e9tude de <strong>r\u00e9cepteurs cannabino\u00efdes<\/strong>. Notre <strong>Poudre JWH-018<\/strong> est disponible pour <strong>exp\u00e9dition rapide et discr\u00e8te<\/strong>, garantissant un produit de haute qualit\u00e9 livr\u00e9 directement \u00e0 votre porte.<\/p>","protected":false},"excerpt":{"rendered":"<p>Buy JWH-018 online, JWH-018 powder for sale, purchase JWH-018 research chemicals JWH-018 is one of the original and most well-known synthetic cannabinoids, widely used in research. It is highly valued&hellip;<\/p>\n<p class=\"product woocommerce add_to_cart_inline\" style=\"border:4px solid #ccc; padding: 12px;\"><del aria-hidden=\"true\"><span class=\"woocommerce-Price-amount amount\"><bdi><span class=\"woocommerce-Price-currencySymbol\">&euro;<\/span>2,500.00<\/bdi><\/span><\/del> <span class=\"screen-reader-text\" data-no-translation=\"\" data-trp-gettext=\"\">Le prix d&#039;origine \u00e9tait : &euro;2,500.00.<\/span><ins aria-hidden=\"true\"><span class=\"woocommerce-Price-amount amount\"><bdi><span class=\"woocommerce-Price-currencySymbol\">&euro;<\/span>2,350.00<\/bdi><\/span><\/ins><span class=\"screen-reader-text\" data-no-translation=\"\" data-trp-gettext=\"\">Le prix actuel est : &euro;2,350.00.<\/span><a href=\"\/fr\/wp-json\/wp\/v2\/product\/712?add-to-cart=712\" aria-describedby=\"woocommerce_loop_add_to_cart_link_describedby_712\" data-quantity=\"1\" class=\"button product_type_simple add_to_cart_button ajax_add_to_cart\" data-product_id=\"712\" data-product_sku=\"\" aria-label=\"Ajouter au panier\u00a0: \u201cJWH-018\u201d\" rel=\"nofollow\" data-success_message=\"\u00ab\u00a0JWH-018\u00a0\u00bb a \u00e9t\u00e9 ajout\u00e9 \u00e0 votre panier\" data-no-translation=\"\" data-trp-gettext=\"\" data-no-translation-aria-label=\"\" data-no-translation-data-success_message=\"\">Ajouter au panier<\/a>\t<span id=\"woocommerce_loop_add_to_cart_link_describedby_712\" class=\"screen-reader-text\"><br \/>\n\t\t\t<\/span><\/p>","protected":false},"featured_media":713,"comment_status":"open","ping_status":"closed","template":"","meta":{"_uag_custom_page_level_css":""},"product_brand":[],"product_cat":[25],"product_tag":[],"class_list":{"0":"post-712","1":"product","2":"type-product","3":"status-publish","4":"has-post-thumbnail","6":"product_cat-synthetic-cannabinoids","8":"first","9":"instock","10":"sale","11":"shipping-taxable","12":"purchasable","13":"product-type-simple"},"yoast_head":"<!-- This site is optimized with the Yoast SEO plugin v27.1.1 - https:\/\/yoast.com\/product\/yoast-seo-wordpress\/ -->\n<title>Buy JWH-018 online now from FRCS Research<\/title>\n<meta name=\"description\" content=\"Buy JWH-018 powder online at FRCS Research. High-purity JWH-018 for sale with discreet worldwide shipping. Perfect for cannabinoid receptor research.\" \/>\n<meta name=\"robots\" content=\"index, follow, max-snippet:-1, max-image-preview:large, max-video-preview:-1\" \/>\n<link rel=\"canonical\" href=\"https:\/\/frcs-research.com\/fr\/product\/acheter-jwh-018-en-ligne\/\" \/>\n<meta property=\"og:locale\" content=\"fr_FR\" \/>\n<meta property=\"og:type\" content=\"article\" \/>\n<meta property=\"og:title\" content=\"Buy JWH-018 online now from FRCS Research\" \/>\n<meta property=\"og:description\" content=\"Buy JWH-018 powder online at FRCS Research. High-purity JWH-018 for sale with discreet worldwide shipping. Perfect for cannabinoid receptor research.\" \/>\n<meta property=\"og:url\" content=\"https:\/\/frcs-research.com\/fr\/product\/acheter-jwh-018-en-ligne\/\" \/>\n<meta property=\"og:site_name\" content=\"wholesale supplier of research chemicals, 4mmc, 3mmc, MDPHP, Alpha PVP and more\" \/>\n<meta property=\"article:modified_time\" content=\"2026-04-05T13:32:20+00:00\" \/>\n<meta property=\"og:image\" content=\"https:\/\/frcs-research.com\/wp-content\/uploads\/2024\/10\/unnamed-file.jpg\" \/>\n\t<meta property=\"og:image:width\" content=\"300\" \/>\n\t<meta property=\"og:image:height\" content=\"202\" \/>\n\t<meta property=\"og:image:type\" content=\"image\/jpeg\" \/>\n<meta name=\"twitter:card\" content=\"summary_large_image\" \/>\n<meta name=\"twitter:label1\" content=\"Prix\" \/>\n\t<meta name=\"twitter:data1\" content=\"&euro;2,350.00\" \/>\n\t<meta name=\"twitter:label2\" content=\"Disponibilit\u00e9\" \/>\n\t<meta name=\"twitter:data2\" content=\"En stock\" \/>\n<script type=\"application\/ld+json\" class=\"yoast-schema-graph\">{\"@context\":\"https:\/\/schema.org\",\"@graph\":[{\"@type\":[\"WebPage\",\"ItemPage\"],\"@id\":\"https:\/\/frcs-research.com\/product\/buy-jwh-018-online\/\",\"url\":\"https:\/\/frcs-research.com\/product\/buy-jwh-018-online\/\",\"name\":\"Buy JWH-018 online now from FRCS Research\",\"isPartOf\":{\"@id\":\"https:\/\/frcs-research.com\/#website\"},\"primaryImageOfPage\":{\"@id\":\"https:\/\/frcs-research.com\/product\/buy-jwh-018-online\/#primaryimage\"},\"image\":{\"@id\":\"https:\/\/frcs-research.com\/product\/buy-jwh-018-online\/#primaryimage\"},\"thumbnailUrl\":\"https:\/\/frcs-research.com\/wp-content\/uploads\/2024\/10\/unnamed-file.jpg\",\"datePublished\":\"2024-10-12T21:03:28+00:00\",\"dateModified\":\"2026-04-05T13:32:20+00:00\",\"description\":\"Buy JWH-018 powder online at FRCS Research. High-purity JWH-018 for sale with discreet worldwide shipping. Perfect for cannabinoid receptor research.\",\"breadcrumb\":{\"@id\":\"https:\/\/frcs-research.com\/product\/buy-jwh-018-online\/#breadcrumb\"},\"inLanguage\":\"fr-FR\",\"potentialAction\":[{\"@type\":\"ReadAction\",\"target\":[\"https:\/\/frcs-research.com\/product\/buy-jwh-018-online\/\"]}]},{\"@type\":\"ImageObject\",\"inLanguage\":\"fr-FR\",\"@id\":\"https:\/\/frcs-research.com\/product\/buy-jwh-018-online\/#primaryimage\",\"url\":\"https:\/\/frcs-research.com\/wp-content\/uploads\/2024\/10\/unnamed-file.jpg\",\"contentUrl\":\"https:\/\/frcs-research.com\/wp-content\/uploads\/2024\/10\/unnamed-file.jpg\",\"width\":300,\"height\":202,\"caption\":\"buy JWH-018 online\"},{\"@type\":\"BreadcrumbList\",\"@id\":\"https:\/\/frcs-research.com\/product\/buy-jwh-018-online\/#breadcrumb\",\"itemListElement\":[{\"@type\":\"ListItem\",\"position\":1,\"name\":\"Home\",\"item\":\"https:\/\/frcs-research.com\/\"},{\"@type\":\"ListItem\",\"position\":2,\"name\":\"Shop\",\"item\":\"https:\/\/frcs-research.com\/shop\/\"},{\"@type\":\"ListItem\",\"position\":3,\"name\":\"JWH-018\"}]},{\"@type\":\"WebSite\",\"@id\":\"https:\/\/frcs-research.com\/#website\",\"url\":\"https:\/\/frcs-research.com\/\",\"name\":\"wholesale supplier of research chemicals, 4mmc, 3mmc, MDPHP, Alpha PVP and more\",\"description\":\"Wholesale research chemicals\",\"potentialAction\":[{\"@type\":\"SearchAction\",\"target\":{\"@type\":\"EntryPoint\",\"urlTemplate\":\"https:\/\/frcs-research.com\/?s={search_term_string}\"},\"query-input\":{\"@type\":\"PropertyValueSpecification\",\"valueRequired\":true,\"valueName\":\"search_term_string\"}}],\"inLanguage\":\"fr-FR\"}]}<\/script>\n<meta property=\"product:price:amount\" content=\"2350.00\" \/>\n<meta property=\"product:price:currency\" content=\"EUR\" \/>\n<meta property=\"og:availability\" content=\"instock\" \/>\n<meta property=\"product:availability\" content=\"instock\" \/>\n<meta property=\"product:condition\" content=\"new\" \/>\n<!-- \/ Yoast SEO plugin. -->","yoast_head_json":{"title":"Achetez JWH-018 en ligne d\u00e8s maintenant aupr\u00e8s de FRCS Research","description":"Achetez de la poudre JWH-018 en ligne chez FRCS Research. JWH-018 de haute puret\u00e9 \u00e0 vendre avec une exp\u00e9dition discr\u00e8te dans le monde entier. Parfait pour la recherche sur les r\u00e9cepteurs cannabino\u00efdes.","robots":{"index":"index","follow":"follow","max-snippet":"max-snippet:-1","max-image-preview":"max-image-preview:large","max-video-preview":"max-video-preview:-1"},"canonical":"https:\/\/frcs-research.com\/fr\/product\/acheter-jwh-018-en-ligne\/","og_locale":"fr_FR","og_type":"article","og_title":"Buy JWH-018 online now from FRCS Research","og_description":"Buy JWH-018 powder online at FRCS Research. High-purity JWH-018 for sale with discreet worldwide shipping. Perfect for cannabinoid receptor research.","og_url":"https:\/\/frcs-research.com\/fr\/product\/acheter-jwh-018-en-ligne\/","og_site_name":"wholesale supplier of research chemicals, 4mmc, 3mmc, MDPHP, Alpha PVP and more","article_modified_time":"2026-04-05T13:32:20+00:00","og_image":[{"width":300,"height":202,"url":"https:\/\/frcs-research.com\/wp-content\/uploads\/2024\/10\/unnamed-file.jpg","type":"image\/jpeg"}],"twitter_card":"summary_large_image","twitter_misc":{"Prix":"&euro;2,350.00","Disponibilit\u00e9":"En stock"},"schema":{"@context":"https:\/\/schema.org","@graph":[{"@type":["WebPage","ItemPage"],"@id":"https:\/\/frcs-research.com\/product\/buy-jwh-018-online\/","url":"https:\/\/frcs-research.com\/product\/buy-jwh-018-online\/","name":"Achetez JWH-018 en ligne d\u00e8s maintenant aupr\u00e8s de FRCS Research","isPartOf":{"@id":"https:\/\/frcs-research.com\/#website"},"primaryImageOfPage":{"@id":"https:\/\/frcs-research.com\/product\/buy-jwh-018-online\/#primaryimage"},"image":{"@id":"https:\/\/frcs-research.com\/product\/buy-jwh-018-online\/#primaryimage"},"thumbnailUrl":"https:\/\/frcs-research.com\/wp-content\/uploads\/2024\/10\/unnamed-file.jpg","datePublished":"2024-10-12T21:03:28+00:00","dateModified":"2026-04-05T13:32:20+00:00","description":"Achetez de la poudre JWH-018 en ligne chez FRCS Research. JWH-018 de haute puret\u00e9 \u00e0 vendre avec une exp\u00e9dition discr\u00e8te dans le monde entier. Parfait pour la recherche sur les r\u00e9cepteurs cannabino\u00efdes.","breadcrumb":{"@id":"https:\/\/frcs-research.com\/product\/buy-jwh-018-online\/#breadcrumb"},"inLanguage":"fr-FR","potentialAction":[{"@type":"ReadAction","target":["https:\/\/frcs-research.com\/product\/buy-jwh-018-online\/"]}]},{"@type":"ImageObject","inLanguage":"fr-FR","@id":"https:\/\/frcs-research.com\/product\/buy-jwh-018-online\/#primaryimage","url":"https:\/\/frcs-research.com\/wp-content\/uploads\/2024\/10\/unnamed-file.jpg","contentUrl":"https:\/\/frcs-research.com\/wp-content\/uploads\/2024\/10\/unnamed-file.jpg","width":300,"height":202,"caption":"buy JWH-018 online"},{"@type":"BreadcrumbList","@id":"https:\/\/frcs-research.com\/product\/buy-jwh-018-online\/#breadcrumb","itemListElement":[{"@type":"ListItem","position":1,"name":"Home","item":"https:\/\/frcs-research.com\/"},{"@type":"ListItem","position":2,"name":"Shop","item":"https:\/\/frcs-research.com\/shop\/"},{"@type":"ListItem","position":3,"name":"JWH-018"}]},{"@type":"WebSite","@id":"https:\/\/frcs-research.com\/#website","url":"https:\/\/frcs-research.com\/","name":"fournisseur en gros de produits chimiques de recherche, 4mmc, 3mmc, MDPHP, Alpha PVP et plus","description":"Vente en gros de produits chimiques de recherche","potentialAction":[{"@type":"SearchAction","target":{"@type":"EntryPoint","urlTemplate":"https:\/\/frcs-research.com\/?s={search_term_string}"},"query-input":{"@type":"PropertyValueSpecification","valueRequired":true,"valueName":"search_term_string"}}],"inLanguage":"fr-FR"}]},"product_price_amount":"2350.00","product_price_currency":"EUR","og_availability":"instock","product_availability":"instock","product_condition":"new"},"uagb_featured_image_src":{"full":["https:\/\/frcs-research.com\/wp-content\/uploads\/2024\/10\/unnamed-file.jpg",300,202,false],"thumbnail":["https:\/\/frcs-research.com\/wp-content\/uploads\/2024\/10\/unnamed-file-150x150.jpg",150,150,true],"medium":["https:\/\/frcs-research.com\/wp-content\/uploads\/2024\/10\/unnamed-file.jpg",300,202,false],"medium_large":["https:\/\/frcs-research.com\/wp-content\/uploads\/2024\/10\/unnamed-file.jpg",300,202,false],"large":["https:\/\/frcs-research.com\/wp-content\/uploads\/2024\/10\/unnamed-file.jpg",300,202,false],"1536x1536":["https:\/\/frcs-research.com\/wp-content\/uploads\/2024\/10\/unnamed-file.jpg",300,202,false],"2048x2048":["https:\/\/frcs-research.com\/wp-content\/uploads\/2024\/10\/unnamed-file.jpg",300,202,false],"trp-custom-language-flag":["https:\/\/frcs-research.com\/wp-content\/uploads\/2024\/10\/unnamed-file.jpg",18,12,false],"post-thumbnail":["https:\/\/frcs-research.com\/wp-content\/uploads\/2024\/10\/unnamed-file.jpg",300,202,false],"elite-commerce-slider":["https:\/\/frcs-research.com\/wp-content\/uploads\/2024\/10\/unnamed-file.jpg",300,202,false],"elite-commerce-hero":["https:\/\/frcs-research.com\/wp-content\/uploads\/2024\/10\/unnamed-file.jpg",300,202,false],"elite-commerce-portfolio":["https:\/\/frcs-research.com\/wp-content\/uploads\/2024\/10\/unnamed-file.jpg",300,202,false],"woocommerce_thumbnail":["https:\/\/frcs-research.com\/wp-content\/uploads\/2024\/10\/unnamed-file.jpg",300,202,false],"woocommerce_single":["https:\/\/frcs-research.com\/wp-content\/uploads\/2024\/10\/unnamed-file.jpg",300,202,false],"woocommerce_gallery_thumbnail":["https:\/\/frcs-research.com\/wp-content\/uploads\/2024\/10\/unnamed-file-100x100.jpg",100,100,true]},"uagb_author_info":{"display_name":"Richard Wood","author_link":"https:\/\/frcs-research.com\/fr\/author\/"},"uagb_comment_info":754,"uagb_excerpt":"Buy JWH-018 online, JWH-018 powder for sale, purchase JWH-018 research chemicals JWH-018 is one of the original and most well-known synthetic cannabinoids, widely used in research. It is highly valued&hellip;&euro;2,500.00 Le prix d&#039;origine \u00e9tait : &euro;2,500.00.&euro;2,350.00Le prix actuel est : &euro;2,350.00.Ajouter au panier","_links":{"self":[{"href":"https:\/\/frcs-research.com\/fr\/wp-json\/wp\/v2\/product\/712","targetHints":{"allow":["GET"]}}],"collection":[{"href":"https:\/\/frcs-research.com\/fr\/wp-json\/wp\/v2\/product"}],"about":[{"href":"https:\/\/frcs-research.com\/fr\/wp-json\/wp\/v2\/types\/product"}],"replies":[{"embeddable":true,"href":"https:\/\/frcs-research.com\/fr\/wp-json\/wp\/v2\/comments?post=712"}],"wp:featuredmedia":[{"embeddable":true,"href":"https:\/\/frcs-research.com\/fr\/wp-json\/wp\/v2\/media\/713"}],"wp:attachment":[{"href":"https:\/\/frcs-research.com\/fr\/wp-json\/wp\/v2\/media?parent=712"}],"wp:term":[{"taxonomy":"product_brand","embeddable":true,"href":"https:\/\/frcs-research.com\/fr\/wp-json\/wp\/v2\/product_brand?post=712"},{"taxonomy":"product_cat","embeddable":true,"href":"https:\/\/frcs-research.com\/fr\/wp-json\/wp\/v2\/product_cat?post=712"},{"taxonomy":"product_tag","embeddable":true,"href":"https:\/\/frcs-research.com\/fr\/wp-json\/wp\/v2\/product_tag?post=712"}],"curies":[{"name":"wp","href":"https:\/\/api.w.org\/{rel}","templated":true}]}}