{"id":728,"date":"2024-10-12T21:48:40","date_gmt":"2024-10-12T21:48:40","guid":{"rendered":"https:\/\/frcs-research.com\/?post_type=product&#038;p=728"},"modified":"2026-04-03T23:33:15","modified_gmt":"2026-04-03T23:33:15","slug":"acheter-alpha-pvp","status":"publish","type":"product","link":"https:\/\/frcs-research.com\/fr\/product\/acheter-alpha-pvp\/","title":{"rendered":"Alpha PvP 1kg"},"content":{"rendered":"<h1>Commander de l&#039;\u03b1-PVP (Alpha-Pyrrolidinopentioph\u00e9none) en ligne<\/h1>\n<p>Commun\u00e9ment appel\u00e9 \u00ab flakka \u00bb, achetez <strong>\u03b1-PVP<\/strong> est un puissant stimulant synth\u00e9tique. Il est bien connu dans les communaut\u00e9s de recherche et de loisirs pour sa capacit\u00e9 \u00e0 agir comme un <strong>inhibiteur de la recapture de la noradr\u00e9naline et de la dopamine<\/strong>. L&#039;\u03b1-PVP est particuli\u00e8rement utile dans la recherche visant \u00e0 \u00e9tudier <strong>comportements cognitifs<\/strong> et <strong>interactions neurochimiques<\/strong>. <strong>Recherche FRCS<\/strong> fournit <strong>Poudre d&#039;\u03b1-PVP<\/strong> dans sa forme la plus pure pour <strong>utilisation de la recherche<\/strong>.<\/p>\n<ul>\n<li><strong>Mots cl\u00e9s<\/strong>: acheter alpha-PVP, flakka \u00e0 vendre, acheter de la poudre alpha-PVP, acheter des cathinones synth\u00e9tiques.<\/li>\n<li><strong>Appel \u00e0 l&#039;action<\/strong>: S\u00e9curisez votre commande de <strong>\u03b1-PVP<\/strong> depuis <strong>Recherche FRCS<\/strong> et profitez d&#039;une livraison discr\u00e8te et d&#039;un paiement en ligne s\u00e9curis\u00e9.<\/li>\n<\/ul>","protected":false},"excerpt":{"rendered":"<p>Order \u03b1-PVP (Alpha-Pyrrolidinopentiophenone) Online Commonly referred to as &#8220;flakka,&#8221; Buy \u03b1-PVP is a powerful synthetic stimulant. It is well-known in both research and recreational communities for its ability to act&hellip;<\/p>\n<p class=\"product woocommerce add_to_cart_inline\" style=\"border:4px solid #ccc; padding: 12px;\"><del aria-hidden=\"true\"><span class=\"woocommerce-Price-amount amount\"><bdi><span class=\"woocommerce-Price-currencySymbol\">&euro;<\/span>2,800.00<\/bdi><\/span><\/del> <span class=\"screen-reader-text\" data-no-translation=\"\" data-trp-gettext=\"\">Le prix d&#039;origine \u00e9tait : &euro;2,800.00.<\/span><ins aria-hidden=\"true\"><span class=\"woocommerce-Price-amount amount\"><bdi><span class=\"woocommerce-Price-currencySymbol\">&euro;<\/span>2,400.00<\/bdi><\/span><\/ins><span class=\"screen-reader-text\" data-no-translation=\"\" data-trp-gettext=\"\">Le prix actuel est : &euro;2,400.00.<\/span><a href=\"\/fr\/wp-json\/wp\/v2\/product\/728?add-to-cart=728\" aria-describedby=\"woocommerce_loop_add_to_cart_link_describedby_728\" data-quantity=\"1\" class=\"button product_type_simple add_to_cart_button ajax_add_to_cart\" data-product_id=\"728\" data-product_sku=\"\" aria-label=\"Ajouter au panier\u00a0: \u201cAlpha PvP 1kg\u201d\" rel=\"nofollow\" data-success_message=\"\u00ab\u00a0Alpha PvP 1kg\u00a0\u00bb a \u00e9t\u00e9 ajout\u00e9 \u00e0 votre panier\" data-no-translation=\"\" data-trp-gettext=\"\" data-no-translation-aria-label=\"\" data-no-translation-data-success_message=\"\">Ajouter au panier<\/a>\t<span id=\"woocommerce_loop_add_to_cart_link_describedby_728\" class=\"screen-reader-text\"><br \/>\n\t\t\t<\/span><\/p>","protected":false},"featured_media":729,"comment_status":"open","ping_status":"closed","template":"","meta":{"_uag_custom_page_level_css":""},"product_brand":[],"product_cat":[26],"product_tag":[285,283,273,286,279,276,284,282,272,275,280,278,281,277,274],"class_list":{"0":"post-728","1":"product","2":"type-product","3":"status-publish","4":"has-post-thumbnail","6":"product_cat-synthetic-cathinones","7":"product_tag-alpha-pvp-bulk-buy","8":"product_tag-alpha-pvp-distributor","9":"product_tag-alpha-pvp-for-sale","10":"product_tag-alpha-pvp-reviews","11":"product_tag-alpha-pvp-shipping","12":"product_tag-alpha-pvp-vendor","13":"product_tag-best-place-to-buy-alpha-pvp","14":"product_tag-buy-alpha-pvp-legally","15":"product_tag-buy-alpha-pvp-online","16":"product_tag-buy-alpha-pvp-powder","17":"product_tag-buy-pure-alpha-pvp","18":"product_tag-buy-research-chemicals-alpha-pvp","19":"product_tag-cheap-alpha-pvp-for-sale","20":"product_tag-order-alpha-pvp","21":"product_tag-purchase-alpha-pvp","23":"first","24":"instock","25":"sale","26":"shipping-taxable","27":"purchasable","28":"product-type-simple"},"yoast_head":"<!-- This site is optimized with the Yoast SEO plugin v27.1.1 - https:\/\/yoast.com\/product\/yoast-seo-wordpress\/ -->\n<title>Buy \u03b1-PVP (Flakka) Powder | Top-Quality Research Chemicals<\/title>\n<meta name=\"description\" content=\"Buy alpha PVP (Flakka) powder online at FRCS Research. Get high-purity alpha-PVP for research with fast and secure worldwide shipping. Perfect for lab studies. Order today!\" \/>\n<meta name=\"robots\" content=\"index, follow, max-snippet:-1, max-image-preview:large, max-video-preview:-1\" \/>\n<link rel=\"canonical\" href=\"https:\/\/frcs-research.com\/fr\/product\/acheter-alpha-pvp\/\" \/>\n<meta property=\"og:locale\" content=\"fr_FR\" \/>\n<meta property=\"og:type\" content=\"article\" \/>\n<meta property=\"og:title\" content=\"Buy \u03b1-PVP (Flakka) Powder | Top-Quality Research Chemicals\" \/>\n<meta property=\"og:description\" content=\"Buy alpha PVP (Flakka) powder online at FRCS Research. Get high-purity alpha-PVP for research with fast and secure worldwide shipping. Perfect for lab studies. Order today!\" \/>\n<meta property=\"og:url\" content=\"https:\/\/frcs-research.com\/fr\/product\/acheter-alpha-pvp\/\" \/>\n<meta property=\"og:site_name\" content=\"wholesale supplier of research chemicals, 4mmc, 3mmc, MDPHP, Alpha PVP and more\" \/>\n<meta property=\"article:modified_time\" content=\"2026-04-03T23:33:15+00:00\" \/>\n<meta property=\"og:image\" content=\"https:\/\/frcs-research.com\/wp-content\/uploads\/2024\/10\/Flakka.jpg\" \/>\n\t<meta property=\"og:image:width\" content=\"374\" \/>\n\t<meta property=\"og:image:height\" content=\"374\" \/>\n\t<meta property=\"og:image:type\" content=\"image\/jpeg\" \/>\n<meta name=\"twitter:card\" content=\"summary_large_image\" \/>\n<meta name=\"twitter:label1\" content=\"Prix\" \/>\n\t<meta name=\"twitter:data1\" content=\"&euro;2,400.00\" \/>\n\t<meta name=\"twitter:label2\" content=\"Disponibilit\u00e9\" \/>\n\t<meta name=\"twitter:data2\" content=\"En stock\" \/>\n<script type=\"application\/ld+json\" class=\"yoast-schema-graph\">{\"@context\":\"https:\/\/schema.org\",\"@graph\":[{\"@type\":[\"WebPage\",\"ItemPage\"],\"@id\":\"https:\/\/frcs-research.com\/product\/buy-alpha-pvp\/\",\"url\":\"https:\/\/frcs-research.com\/product\/buy-alpha-pvp\/\",\"name\":\"Buy \u03b1-PVP (Flakka) Powder | Top-Quality Research Chemicals\",\"isPartOf\":{\"@id\":\"https:\/\/frcs-research.com\/#website\"},\"primaryImageOfPage\":{\"@id\":\"https:\/\/frcs-research.com\/product\/buy-alpha-pvp\/#primaryimage\"},\"image\":{\"@id\":\"https:\/\/frcs-research.com\/product\/buy-alpha-pvp\/#primaryimage\"},\"thumbnailUrl\":\"https:\/\/frcs-research.com\/wp-content\/uploads\/2024\/10\/Flakka.jpg\",\"datePublished\":\"2024-10-12T21:48:40+00:00\",\"dateModified\":\"2026-04-03T23:33:15+00:00\",\"description\":\"Buy alpha PVP (Flakka) powder online at FRCS Research. Get high-purity alpha-PVP for research with fast and secure worldwide shipping. Perfect for lab studies. Order today!\",\"breadcrumb\":{\"@id\":\"https:\/\/frcs-research.com\/product\/buy-alpha-pvp\/#breadcrumb\"},\"inLanguage\":\"fr-FR\",\"potentialAction\":[{\"@type\":\"ReadAction\",\"target\":[\"https:\/\/frcs-research.com\/product\/buy-alpha-pvp\/\"]}]},{\"@type\":\"ImageObject\",\"inLanguage\":\"fr-FR\",\"@id\":\"https:\/\/frcs-research.com\/product\/buy-alpha-pvp\/#primaryimage\",\"url\":\"https:\/\/frcs-research.com\/wp-content\/uploads\/2024\/10\/Flakka.jpg\",\"contentUrl\":\"https:\/\/frcs-research.com\/wp-content\/uploads\/2024\/10\/Flakka.jpg\",\"width\":374,\"height\":374,\"caption\":\"Buy alpha pvp\"},{\"@type\":\"BreadcrumbList\",\"@id\":\"https:\/\/frcs-research.com\/product\/buy-alpha-pvp\/#breadcrumb\",\"itemListElement\":[{\"@type\":\"ListItem\",\"position\":1,\"name\":\"Home\",\"item\":\"https:\/\/frcs-research.com\/\"},{\"@type\":\"ListItem\",\"position\":2,\"name\":\"Shop\",\"item\":\"https:\/\/frcs-research.com\/shop\/\"},{\"@type\":\"ListItem\",\"position\":3,\"name\":\"Alpha PvP 1kg\"}]},{\"@type\":\"WebSite\",\"@id\":\"https:\/\/frcs-research.com\/#website\",\"url\":\"https:\/\/frcs-research.com\/\",\"name\":\"wholesale supplier of research chemicals, 4mmc, 3mmc, MDPHP, Alpha PVP and more\",\"description\":\"Wholesale research chemicals\",\"potentialAction\":[{\"@type\":\"SearchAction\",\"target\":{\"@type\":\"EntryPoint\",\"urlTemplate\":\"https:\/\/frcs-research.com\/?s={search_term_string}\"},\"query-input\":{\"@type\":\"PropertyValueSpecification\",\"valueRequired\":true,\"valueName\":\"search_term_string\"}}],\"inLanguage\":\"fr-FR\"}]}<\/script>\n<meta property=\"product:price:amount\" content=\"2400.00\" \/>\n<meta property=\"product:price:currency\" content=\"EUR\" \/>\n<meta property=\"og:availability\" content=\"instock\" \/>\n<meta property=\"product:availability\" content=\"instock\" \/>\n<meta property=\"product:condition\" content=\"new\" \/>\n<!-- \/ Yoast SEO plugin. -->","yoast_head_json":{"title":"Acheter de la poudre \u03b1-PVP (Flakka) | Produits chimiques de recherche de qualit\u00e9 sup\u00e9rieure","description":"Achetez de la poudre d&#039;alpha PVP (Flakka) en ligne chez FRCS Research. Obtenez de l&#039;alpha-PVP de haute puret\u00e9 pour la recherche avec une exp\u00e9dition rapide et s\u00e9curis\u00e9e dans le monde entier. Parfait pour les \u00e9tudes en laboratoire. Commandez d\u00e8s aujourd&#039;hui !","robots":{"index":"index","follow":"follow","max-snippet":"max-snippet:-1","max-image-preview":"max-image-preview:large","max-video-preview":"max-video-preview:-1"},"canonical":"https:\/\/frcs-research.com\/fr\/product\/acheter-alpha-pvp\/","og_locale":"fr_FR","og_type":"article","og_title":"Buy \u03b1-PVP (Flakka) Powder | Top-Quality Research Chemicals","og_description":"Buy alpha PVP (Flakka) powder online at FRCS Research. Get high-purity alpha-PVP for research with fast and secure worldwide shipping. Perfect for lab studies. Order today!","og_url":"https:\/\/frcs-research.com\/fr\/product\/acheter-alpha-pvp\/","og_site_name":"wholesale supplier of research chemicals, 4mmc, 3mmc, MDPHP, Alpha PVP and more","article_modified_time":"2026-04-03T23:33:15+00:00","og_image":[{"width":374,"height":374,"url":"https:\/\/frcs-research.com\/wp-content\/uploads\/2024\/10\/Flakka.jpg","type":"image\/jpeg"}],"twitter_card":"summary_large_image","twitter_misc":{"Prix":"&euro;2,400.00","Disponibilit\u00e9":"En stock"},"schema":{"@context":"https:\/\/schema.org","@graph":[{"@type":["WebPage","ItemPage"],"@id":"https:\/\/frcs-research.com\/product\/buy-alpha-pvp\/","url":"https:\/\/frcs-research.com\/product\/buy-alpha-pvp\/","name":"Acheter de la poudre \u03b1-PVP (Flakka) | Produits chimiques de recherche de qualit\u00e9 sup\u00e9rieure","isPartOf":{"@id":"https:\/\/frcs-research.com\/#website"},"primaryImageOfPage":{"@id":"https:\/\/frcs-research.com\/product\/buy-alpha-pvp\/#primaryimage"},"image":{"@id":"https:\/\/frcs-research.com\/product\/buy-alpha-pvp\/#primaryimage"},"thumbnailUrl":"https:\/\/frcs-research.com\/wp-content\/uploads\/2024\/10\/Flakka.jpg","datePublished":"2024-10-12T21:48:40+00:00","dateModified":"2026-04-03T23:33:15+00:00","description":"Achetez de la poudre d&#039;alpha PVP (Flakka) en ligne chez FRCS Research. Obtenez de l&#039;alpha-PVP de haute puret\u00e9 pour la recherche avec une exp\u00e9dition rapide et s\u00e9curis\u00e9e dans le monde entier. Parfait pour les \u00e9tudes en laboratoire. Commandez d\u00e8s aujourd&#039;hui !","breadcrumb":{"@id":"https:\/\/frcs-research.com\/product\/buy-alpha-pvp\/#breadcrumb"},"inLanguage":"fr-FR","potentialAction":[{"@type":"ReadAction","target":["https:\/\/frcs-research.com\/product\/buy-alpha-pvp\/"]}]},{"@type":"ImageObject","inLanguage":"fr-FR","@id":"https:\/\/frcs-research.com\/product\/buy-alpha-pvp\/#primaryimage","url":"https:\/\/frcs-research.com\/wp-content\/uploads\/2024\/10\/Flakka.jpg","contentUrl":"https:\/\/frcs-research.com\/wp-content\/uploads\/2024\/10\/Flakka.jpg","width":374,"height":374,"caption":"Buy alpha pvp"},{"@type":"BreadcrumbList","@id":"https:\/\/frcs-research.com\/product\/buy-alpha-pvp\/#breadcrumb","itemListElement":[{"@type":"ListItem","position":1,"name":"Home","item":"https:\/\/frcs-research.com\/"},{"@type":"ListItem","position":2,"name":"Shop","item":"https:\/\/frcs-research.com\/shop\/"},{"@type":"ListItem","position":3,"name":"Alpha PvP 1kg"}]},{"@type":"WebSite","@id":"https:\/\/frcs-research.com\/#website","url":"https:\/\/frcs-research.com\/","name":"fournisseur en gros de produits chimiques de recherche, 4mmc, 3mmc, MDPHP, Alpha PVP et plus","description":"Vente en gros de produits chimiques de recherche","potentialAction":[{"@type":"SearchAction","target":{"@type":"EntryPoint","urlTemplate":"https:\/\/frcs-research.com\/?s={search_term_string}"},"query-input":{"@type":"PropertyValueSpecification","valueRequired":true,"valueName":"search_term_string"}}],"inLanguage":"fr-FR"}]},"product_price_amount":"2400.00","product_price_currency":"EUR","og_availability":"instock","product_availability":"instock","product_condition":"new"},"uagb_featured_image_src":{"full":["https:\/\/frcs-research.com\/wp-content\/uploads\/2024\/10\/Flakka.jpg",374,374,false],"thumbnail":["https:\/\/frcs-research.com\/wp-content\/uploads\/2024\/10\/Flakka-150x150.jpg",150,150,true],"medium":["https:\/\/frcs-research.com\/wp-content\/uploads\/2024\/10\/Flakka-300x300.jpg",300,300,true],"medium_large":["https:\/\/frcs-research.com\/wp-content\/uploads\/2024\/10\/Flakka.jpg",374,374,false],"large":["https:\/\/frcs-research.com\/wp-content\/uploads\/2024\/10\/Flakka.jpg",374,374,false],"1536x1536":["https:\/\/frcs-research.com\/wp-content\/uploads\/2024\/10\/Flakka.jpg",374,374,false],"2048x2048":["https:\/\/frcs-research.com\/wp-content\/uploads\/2024\/10\/Flakka.jpg",374,374,false],"trp-custom-language-flag":["https:\/\/frcs-research.com\/wp-content\/uploads\/2024\/10\/Flakka.jpg",12,12,false],"post-thumbnail":["https:\/\/frcs-research.com\/wp-content\/uploads\/2024\/10\/Flakka.jpg",374,374,false],"elite-commerce-slider":["https:\/\/frcs-research.com\/wp-content\/uploads\/2024\/10\/Flakka.jpg",374,374,false],"elite-commerce-hero":["https:\/\/frcs-research.com\/wp-content\/uploads\/2024\/10\/Flakka.jpg",374,374,false],"elite-commerce-portfolio":["https:\/\/frcs-research.com\/wp-content\/uploads\/2024\/10\/Flakka.jpg",374,374,false],"woocommerce_thumbnail":["https:\/\/frcs-research.com\/wp-content\/uploads\/2024\/10\/Flakka-300x300.jpg",300,300,true],"woocommerce_single":["https:\/\/frcs-research.com\/wp-content\/uploads\/2024\/10\/Flakka.jpg",374,374,false],"woocommerce_gallery_thumbnail":["https:\/\/frcs-research.com\/wp-content\/uploads\/2024\/10\/Flakka-100x100.jpg",100,100,true]},"uagb_author_info":{"display_name":"Richard Wood","author_link":"https:\/\/frcs-research.com\/fr\/author\/"},"uagb_comment_info":1212,"uagb_excerpt":"Order \u03b1-PVP (Alpha-Pyrrolidinopentiophenone) Online Commonly referred to as &#8220;flakka,&#8221; Buy \u03b1-PVP is a powerful synthetic stimulant. It is well-known in both research and recreational communities for its ability to act&hellip;&euro;2,800.00 Le prix d&#039;origine \u00e9tait : &euro;2,800.00.&euro;2,400.00Le prix actuel est : &euro;2,400.00.Ajouter au panier","_links":{"self":[{"href":"https:\/\/frcs-research.com\/fr\/wp-json\/wp\/v2\/product\/728","targetHints":{"allow":["GET"]}}],"collection":[{"href":"https:\/\/frcs-research.com\/fr\/wp-json\/wp\/v2\/product"}],"about":[{"href":"https:\/\/frcs-research.com\/fr\/wp-json\/wp\/v2\/types\/product"}],"replies":[{"embeddable":true,"href":"https:\/\/frcs-research.com\/fr\/wp-json\/wp\/v2\/comments?post=728"}],"wp:featuredmedia":[{"embeddable":true,"href":"https:\/\/frcs-research.com\/fr\/wp-json\/wp\/v2\/media\/729"}],"wp:attachment":[{"href":"https:\/\/frcs-research.com\/fr\/wp-json\/wp\/v2\/media?parent=728"}],"wp:term":[{"taxonomy":"product_brand","embeddable":true,"href":"https:\/\/frcs-research.com\/fr\/wp-json\/wp\/v2\/product_brand?post=728"},{"taxonomy":"product_cat","embeddable":true,"href":"https:\/\/frcs-research.com\/fr\/wp-json\/wp\/v2\/product_cat?post=728"},{"taxonomy":"product_tag","embeddable":true,"href":"https:\/\/frcs-research.com\/fr\/wp-json\/wp\/v2\/product_tag?post=728"}],"curies":[{"name":"wp","href":"https:\/\/api.w.org\/{rel}","templated":true}]}}