{"id":735,"date":"2024-10-12T22:10:25","date_gmt":"2024-10-12T22:10:25","guid":{"rendered":"https:\/\/frcs-research.com\/?post_type=product&#038;p=735"},"modified":"2026-04-05T01:12:35","modified_gmt":"2026-04-05T01:12:35","slug":"acheter-de-la-poudre-de-ketamine","status":"publish","type":"product","link":"https:\/\/frcs-research.com\/fr\/product\/acheter-de-la-poudre-de-ketamine\/","title":{"rendered":"Ketamine 1kg"},"content":{"rendered":"<h1>Commander de la poudre de k\u00e9tamine pour la recherche<\/h1>\n<p>Si vous cherchez \u00e0 <strong>acheter de la poudre de k\u00e9tamine<\/strong> pour vos besoins de recherche, vous \u00eates au bon endroit. <strong>K\u00e9tamine<\/strong> est tr\u00e8s efficace <strong>anesth\u00e9sique dissociatif<\/strong> largement utilis\u00e9 dans les \u00e9tudes cliniques et scientifiques. Il est essentiel pour examiner ses effets sur la <strong>R\u00e9cepteur NMDA<\/strong>, la neuroplasticit\u00e9 et ses applications potentielles dans le traitement <strong>d\u00e9pression<\/strong> et <strong>douleur chronique<\/strong>. <strong>Recherche FRCS<\/strong> fournit de la k\u00e9tamine de haute puret\u00e9 sp\u00e9cifiquement \u00e0 des fins de recherche, garantissant que vous recevez un produit qui r\u00e9pond aux normes strictes de votre laboratoire.<\/p>\n<table>\n<thead>\n<tr>\n<th><strong>Propri\u00e9t\u00e9<\/strong><\/th>\n<th><strong>Sp\u00e9cification<\/strong><\/th>\n<\/tr>\n<\/thead>\n<tbody>\n<tr>\n<td><strong>Nom chimique<\/strong><\/td>\n<td>Chlorhydrate de (RS)-2-(2-chloroph\u00e9nyl)-2-(m\u00e9thylamino)cyclohexanone<\/td>\n<\/tr>\n<tr>\n<td><strong>Formule mol\u00e9culaire<\/strong><\/td>\n<td>C\u2081\u2083H\u2081\u2086ClNO\u00b7HCl<\/td>\n<\/tr>\n<tr>\n<td><strong>Poids mol\u00e9culaire<\/strong><\/td>\n<td>274,2 g\/mol<\/td>\n<\/tr>\n<tr>\n<td><strong>Apparence<\/strong><\/td>\n<td>Poudre cristalline blanche ou liquide clair pour solutions injectables<\/td>\n<\/tr>\n<tr>\n<td><strong>Solubilit\u00e9<\/strong><\/td>\n<td>Tr\u00e8s soluble dans l&#039;eau ; g\u00e9n\u00e9ralement administr\u00e9 dans une solution saline ou d&#039;autres solutions aqueuses<\/td>\n<\/tr>\n<tr>\n<td><strong>Point de fusion<\/strong><\/td>\n<td>266-267\u00b0C (chlorhydrate de sel)<\/td>\n<\/tr>\n<tr>\n<td><strong>M\u00e9canisme d&#039;action<\/strong><\/td>\n<td>Principalement un <strong>Antagoniste du r\u00e9cepteur NMDA<\/strong>, avec une action secondaire sur les r\u00e9cepteurs opio\u00efdes et les syst\u00e8mes monoaminergiques<\/td>\n<\/tr>\n<tr>\n<td><strong>Utilisations m\u00e9dicales<\/strong><\/td>\n<td>\u2013 Induction et entretien de l\u2019anesth\u00e9sie<br \/>\n\u2013 Gestion de la douleur dans les conditions chroniques et aigu\u00ebs<br \/>\n\u2013 Traitement de la d\u00e9pression et du SSPT \u00e0 faibles doses<\/td>\n<\/tr>\n<tr>\n<td><strong>Voies administratives<\/strong><\/td>\n<td>Intraveineuse (IV), intramusculaire (IM), orale, nasale (sous surveillance m\u00e9dicale)<\/td>\n<\/tr>\n<tr>\n<td><strong>D\u00e9but des effets<\/strong><\/td>\n<td>D\u00e9but d&#039;action rapide, g\u00e9n\u00e9ralement en quelques minutes lorsqu&#039;il est administr\u00e9 par voie IV ou IM<\/td>\n<\/tr>\n<tr>\n<td><strong>Dur\u00e9e des effets<\/strong><\/td>\n<td>Varie selon la dose et la voie d&#039;administration : les effets de l&#039;anesth\u00e9sie durent de 10 \u00e0 20 minutes en IV, jusqu&#039;\u00e0 1 heure en IM ; les effets analg\u00e9siques et antid\u00e9presseurs peuvent durer plus longtemps<\/td>\n<\/tr>\n<tr>\n<td><strong>Effets secondaires<\/strong><\/td>\n<td>Naus\u00e9es, \u00e9tourdissements, confusion, hallucinations, dissociation, augmentation de la tension art\u00e9rielle ; risque de m\u00e9susage en cas d&#039;usage non m\u00e9dical<\/td>\n<\/tr>\n<tr>\n<td><strong>Statut juridique<\/strong><\/td>\n<td>Class\u00e9 comme un <strong>Substance contr\u00f4l\u00e9e de l&#039;annexe III<\/strong> aux \u00c9tats-Unis, utilis\u00e9 l\u00e9galement uniquement sur ordonnance ou dans des contextes m\u00e9dicaux ; souvent restreint \u00e0 l&#039;\u00e9chelle mondiale<\/td>\n<\/tr>\n<\/tbody>\n<\/table>\n<p>&nbsp;<\/p>\n<table>\n<thead>\n<tr>\n<th><strong>Taper<\/strong><\/th>\n<th><strong>Noms \/ Identifiants<\/strong><\/th>\n<\/tr>\n<\/thead>\n<tbody>\n<tr>\n<td><strong>Noms g\u00e9n\u00e9riques<\/strong><\/td>\n<td>K\u00e9tamine, chlorhydrate de k\u00e9tamine<\/td>\n<\/tr>\n<tr>\n<td><strong>Noms de marque<\/strong><\/td>\n<td>Ketalar, Ketaject, Ketavet, Vetalar<\/td>\n<\/tr>\n<tr>\n<td><strong>Noms de rue<\/strong><\/td>\n<td>Sp\u00e9cial K, K, Kit Kat, Vitamine K, Valium pour chat<\/td>\n<\/tr>\n<tr>\n<td><strong>Noms chimiques<\/strong><\/td>\n<td>Chlorhydrate de (RS)-2-(2-chloroph\u00e9nyl)-2-(m\u00e9thylamino)cyclohexanone, 2-(O-chloroph\u00e9nyl)-2-(m\u00e9thylamino)cyclohexanone<\/td>\n<\/tr>\n<tr>\n<td><strong>Num\u00e9ro CAS<\/strong><\/td>\n<td>6740-88-1<\/td>\n<\/tr>\n<tr>\n<td><strong>Synonymes dans la recherche<\/strong><\/td>\n<td>CI-581, CI-581a<\/td>\n<\/tr>\n<\/tbody>\n<\/table>\n<p><strong>Mots cl\u00e9s<\/strong>:commander de la k\u00e9tamine en ligne, acheter un produit chimique de recherche \u00e0 base de k\u00e9tamine, k\u00e9tamine \u00e0 des fins de recherche, k\u00e9tamine de haute puret\u00e9 \u00e0 vendre.<\/p>\n<ul>\n<li><strong>Appel \u00e0 l&#039;action<\/strong>: Achetez de l&#039;huile de haute puret\u00e9 <strong>poudre de k\u00e9tamine<\/strong> depuis <a href=\"https:\/\/frcs-research.com\/fr\/\"><strong>Recherche FRCS<\/strong><\/a> et explorer ses applications profondes dans <strong>neuroplasticit\u00e9<\/strong> et <strong>anesth\u00e9sie<\/strong> Recherche. Exp\u00e9dition s\u00e9curis\u00e9e et discr\u00e8te disponible dans le monde entier.<\/li>\n<\/ul>","protected":false},"excerpt":{"rendered":"<div style=\"max-width: 300px; padding: 20px; border: 1px solid #ddd; border-radius: 5px; text-align: center;\">\n<h4>Contactez-nous pour une demande de produit<\/h4>\n<p><!-- WhatsApp Contact --><\/p>\n<p class=\"product woocommerce add_to_cart_inline\" style=\"border:4px solid #ccc; padding: 12px;\"><del aria-hidden=\"true\"><span class=\"woocommerce-Price-amount amount\"><bdi><span class=\"woocommerce-Price-currencySymbol\">&euro;<\/span>5,600.00<\/bdi><\/span><\/del> <span class=\"screen-reader-text\" data-no-translation=\"\" data-trp-gettext=\"\">Le prix d&#039;origine \u00e9tait : &euro;5,600.00.<\/span><ins aria-hidden=\"true\"><span class=\"woocommerce-Price-amount amount\"><bdi><span class=\"woocommerce-Price-currencySymbol\">&euro;<\/span>5,300.00<\/bdi><\/span><\/ins><span class=\"screen-reader-text\" data-no-translation=\"\" data-trp-gettext=\"\">Le prix actuel est : &euro;5,300.00.<\/span><a href=\"\/fr\/wp-json\/wp\/v2\/product\/735?add-to-cart=735\" aria-describedby=\"woocommerce_loop_add_to_cart_link_describedby_735\" data-quantity=\"1\" class=\"button product_type_simple add_to_cart_button ajax_add_to_cart\" data-product_id=\"735\" data-product_sku=\"\" aria-label=\"Ajouter au panier\u00a0: \u201cKetamine 1kg\u201d\" rel=\"nofollow\" data-success_message=\"\u00ab\u00a0Ketamine 1kg\u00a0\u00bb a \u00e9t\u00e9 ajout\u00e9 \u00e0 votre panier\" data-no-translation=\"\" data-trp-gettext=\"\" data-no-translation-aria-label=\"\" data-no-translation-data-success_message=\"\">Ajouter au panier<\/a>\t<span id=\"woocommerce_loop_add_to_cart_link_describedby_735\" class=\"screen-reader-text\"><br \/>\n\t\t\t<\/span>\n<\/p>\n<p><!-- Email Contact --><\/p>\n<p class=\"product woocommerce add_to_cart_inline\" style=\"border:4px solid #ccc; padding: 12px;\"><del aria-hidden=\"true\"><span class=\"woocommerce-Price-amount amount\"><bdi><span class=\"woocommerce-Price-currencySymbol\">&euro;<\/span>5,600.00<\/bdi><\/span><\/del> <span class=\"screen-reader-text\" data-no-translation=\"\" data-trp-gettext=\"\">Le prix d&#039;origine \u00e9tait : &euro;5,600.00.<\/span><ins aria-hidden=\"true\"><span class=\"woocommerce-Price-amount amount\"><bdi><span class=\"woocommerce-Price-currencySymbol\">&euro;<\/span>5,300.00<\/bdi><\/span><\/ins><span class=\"screen-reader-text\" data-no-translation=\"\" data-trp-gettext=\"\">Le prix actuel est : &euro;5,300.00.<\/span><a href=\"\/fr\/wp-json\/wp\/v2\/product\/735?add-to-cart=735\" aria-describedby=\"woocommerce_loop_add_to_cart_link_describedby_735\" data-quantity=\"1\" class=\"button product_type_simple add_to_cart_button ajax_add_to_cart\" data-product_id=\"735\" data-product_sku=\"\" aria-label=\"Ajouter au panier\u00a0: \u201cKetamine 1kg\u201d\" rel=\"nofollow\" data-success_message=\"\u00ab\u00a0Ketamine 1kg\u00a0\u00bb a \u00e9t\u00e9 ajout\u00e9 \u00e0 votre panier\" data-no-translation=\"\" data-trp-gettext=\"\" data-no-translation-aria-label=\"\" data-no-translation-data-success_message=\"\">Ajouter au panier<\/a>\t<span id=\"woocommerce_loop_add_to_cart_link_describedby_735\" class=\"screen-reader-text\"><br \/>\n\t\t\t<\/span>\n<\/p>\n<\/div>\n<p>&hellip;<\/p>\n<p class=\"product woocommerce add_to_cart_inline\" style=\"border:4px solid #ccc; padding: 12px;\"><del aria-hidden=\"true\"><span class=\"woocommerce-Price-amount amount\"><bdi><span class=\"woocommerce-Price-currencySymbol\">&euro;<\/span>5,600.00<\/bdi><\/span><\/del> <span class=\"screen-reader-text\" data-no-translation=\"\" data-trp-gettext=\"\">Le prix d&#039;origine \u00e9tait : &euro;5,600.00.<\/span><ins aria-hidden=\"true\"><span class=\"woocommerce-Price-amount amount\"><bdi><span class=\"woocommerce-Price-currencySymbol\">&euro;<\/span>5,300.00<\/bdi><\/span><\/ins><span class=\"screen-reader-text\" data-no-translation=\"\" data-trp-gettext=\"\">Le prix actuel est : &euro;5,300.00.<\/span><a href=\"\/fr\/wp-json\/wp\/v2\/product\/735?add-to-cart=735\" aria-describedby=\"woocommerce_loop_add_to_cart_link_describedby_735\" data-quantity=\"1\" class=\"button product_type_simple add_to_cart_button ajax_add_to_cart\" data-product_id=\"735\" data-product_sku=\"\" aria-label=\"Ajouter au panier\u00a0: \u201cKetamine 1kg\u201d\" rel=\"nofollow\" data-success_message=\"\u00ab\u00a0Ketamine 1kg\u00a0\u00bb a \u00e9t\u00e9 ajout\u00e9 \u00e0 votre panier\" data-no-translation=\"\" data-trp-gettext=\"\" data-no-translation-aria-label=\"\" data-no-translation-data-success_message=\"\">Ajouter au panier<\/a>\t<span id=\"woocommerce_loop_add_to_cart_link_describedby_735\" class=\"screen-reader-text\"><br \/>\n\t\t\t<\/span><\/p>","protected":false},"featured_media":736,"comment_status":"open","ping_status":"closed","template":"","meta":{"_uag_custom_page_level_css":""},"product_brand":[],"product_cat":[28],"product_tag":[],"class_list":{"0":"post-735","1":"product","2":"type-product","3":"status-publish","4":"has-post-thumbnail","6":"product_cat-dissociatives","8":"first","9":"instock","10":"sale","11":"shipping-taxable","12":"purchasable","13":"product-type-simple"},"yoast_head":"<!-- This site is optimized with the Yoast SEO plugin v27.1.1 - https:\/\/yoast.com\/product\/yoast-seo-wordpress\/ -->\n<title>Buy Ketamine Powder High-Purity for Research | FRCS Research<\/title>\n<meta name=\"description\" content=\"Buy ketamine powder for research at FRCS Research. Ideal for studying neuroplasticity and chronic pain treatment. Secure online ordering and discreet shipping available.\" \/>\n<meta name=\"robots\" content=\"index, follow, max-snippet:-1, max-image-preview:large, max-video-preview:-1\" \/>\n<link rel=\"canonical\" href=\"https:\/\/frcs-research.com\/fr\/product\/acheter-de-la-poudre-de-ketamine\/\" \/>\n<meta property=\"og:locale\" content=\"fr_FR\" \/>\n<meta property=\"og:type\" content=\"article\" \/>\n<meta property=\"og:title\" content=\"Buy Ketamine Powder High-Purity for Research | FRCS Research\" \/>\n<meta property=\"og:description\" content=\"Buy ketamine powder for research at FRCS Research. Ideal for studying neuroplasticity and chronic pain treatment. Secure online ordering and discreet shipping available.\" \/>\n<meta property=\"og:url\" content=\"https:\/\/frcs-research.com\/fr\/product\/acheter-de-la-poudre-de-ketamine\/\" \/>\n<meta property=\"og:site_name\" content=\"wholesale supplier of research chemicals, 4mmc, 3mmc, MDPHP, Alpha PVP and more\" \/>\n<meta property=\"article:modified_time\" content=\"2026-04-05T01:12:35+00:00\" \/>\n<meta property=\"og:image\" content=\"https:\/\/frcs-research.com\/wp-content\/uploads\/2024\/10\/OIP.jpg\" \/>\n\t<meta property=\"og:image:width\" content=\"474\" \/>\n\t<meta property=\"og:image:height\" content=\"283\" \/>\n\t<meta property=\"og:image:type\" content=\"image\/jpeg\" \/>\n<meta name=\"twitter:card\" content=\"summary_large_image\" \/>\n<meta name=\"twitter:label1\" content=\"Prix\" \/>\n\t<meta name=\"twitter:data1\" content=\"&euro;5,300.00\" \/>\n\t<meta name=\"twitter:label2\" content=\"Disponibilit\u00e9\" \/>\n\t<meta name=\"twitter:data2\" content=\"En stock\" \/>\n<script type=\"application\/ld+json\" class=\"yoast-schema-graph\">{\"@context\":\"https:\/\/schema.org\",\"@graph\":[{\"@type\":[\"WebPage\",\"ItemPage\"],\"@id\":\"https:\/\/frcs-research.com\/product\/buy-ketamine-powder\/\",\"url\":\"https:\/\/frcs-research.com\/product\/buy-ketamine-powder\/\",\"name\":\"Buy Ketamine Powder High-Purity for Research | FRCS Research\",\"isPartOf\":{\"@id\":\"https:\/\/frcs-research.com\/#website\"},\"primaryImageOfPage\":{\"@id\":\"https:\/\/frcs-research.com\/product\/buy-ketamine-powder\/#primaryimage\"},\"image\":{\"@id\":\"https:\/\/frcs-research.com\/product\/buy-ketamine-powder\/#primaryimage\"},\"thumbnailUrl\":\"https:\/\/frcs-research.com\/wp-content\/uploads\/2024\/10\/OIP.jpg\",\"datePublished\":\"2024-10-12T22:10:25+00:00\",\"dateModified\":\"2026-04-05T01:12:35+00:00\",\"description\":\"Buy ketamine powder for research at FRCS Research. Ideal for studying neuroplasticity and chronic pain treatment. Secure online ordering and discreet shipping available.\",\"breadcrumb\":{\"@id\":\"https:\/\/frcs-research.com\/product\/buy-ketamine-powder\/#breadcrumb\"},\"inLanguage\":\"fr-FR\",\"potentialAction\":[{\"@type\":\"ReadAction\",\"target\":[\"https:\/\/frcs-research.com\/product\/buy-ketamine-powder\/\"]}]},{\"@type\":\"ImageObject\",\"inLanguage\":\"fr-FR\",\"@id\":\"https:\/\/frcs-research.com\/product\/buy-ketamine-powder\/#primaryimage\",\"url\":\"https:\/\/frcs-research.com\/wp-content\/uploads\/2024\/10\/OIP.jpg\",\"contentUrl\":\"https:\/\/frcs-research.com\/wp-content\/uploads\/2024\/10\/OIP.jpg\",\"width\":474,\"height\":283,\"caption\":\"Buy Ketamine Powder\"},{\"@type\":\"BreadcrumbList\",\"@id\":\"https:\/\/frcs-research.com\/product\/buy-ketamine-powder\/#breadcrumb\",\"itemListElement\":[{\"@type\":\"ListItem\",\"position\":1,\"name\":\"Home\",\"item\":\"https:\/\/frcs-research.com\/\"},{\"@type\":\"ListItem\",\"position\":2,\"name\":\"Shop\",\"item\":\"https:\/\/frcs-research.com\/shop\/\"},{\"@type\":\"ListItem\",\"position\":3,\"name\":\"Ketamine 1kg\"}]},{\"@type\":\"WebSite\",\"@id\":\"https:\/\/frcs-research.com\/#website\",\"url\":\"https:\/\/frcs-research.com\/\",\"name\":\"wholesale supplier of research chemicals, 4mmc, 3mmc, MDPHP, Alpha PVP and more\",\"description\":\"Wholesale research chemicals\",\"potentialAction\":[{\"@type\":\"SearchAction\",\"target\":{\"@type\":\"EntryPoint\",\"urlTemplate\":\"https:\/\/frcs-research.com\/?s={search_term_string}\"},\"query-input\":{\"@type\":\"PropertyValueSpecification\",\"valueRequired\":true,\"valueName\":\"search_term_string\"}}],\"inLanguage\":\"fr-FR\"}]}<\/script>\n<meta property=\"product:price:amount\" content=\"5300.00\" \/>\n<meta property=\"product:price:currency\" content=\"EUR\" \/>\n<meta property=\"og:availability\" content=\"instock\" \/>\n<meta property=\"product:availability\" content=\"instock\" \/>\n<meta property=\"product:condition\" content=\"new\" \/>\n<!-- \/ Yoast SEO plugin. -->","yoast_head_json":{"title":"Achetez de la poudre de k\u00e9tamine de haute puret\u00e9 pour la recherche | Recherche FRCS","description":"Achetez de la poudre de k\u00e9tamine pour la recherche chez FRCS Research. Id\u00e9al pour \u00e9tudier la neuroplasticit\u00e9 et le traitement de la douleur chronique. Commande en ligne s\u00e9curis\u00e9e et exp\u00e9dition discr\u00e8te disponibles.","robots":{"index":"index","follow":"follow","max-snippet":"max-snippet:-1","max-image-preview":"max-image-preview:large","max-video-preview":"max-video-preview:-1"},"canonical":"https:\/\/frcs-research.com\/fr\/product\/acheter-de-la-poudre-de-ketamine\/","og_locale":"fr_FR","og_type":"article","og_title":"Buy Ketamine Powder High-Purity for Research | FRCS Research","og_description":"Buy ketamine powder for research at FRCS Research. Ideal for studying neuroplasticity and chronic pain treatment. Secure online ordering and discreet shipping available.","og_url":"https:\/\/frcs-research.com\/fr\/product\/acheter-de-la-poudre-de-ketamine\/","og_site_name":"wholesale supplier of research chemicals, 4mmc, 3mmc, MDPHP, Alpha PVP and more","article_modified_time":"2026-04-05T01:12:35+00:00","og_image":[{"width":474,"height":283,"url":"https:\/\/frcs-research.com\/wp-content\/uploads\/2024\/10\/OIP.jpg","type":"image\/jpeg"}],"twitter_card":"summary_large_image","twitter_misc":{"Prix":"&euro;5,300.00","Disponibilit\u00e9":"En stock"},"schema":{"@context":"https:\/\/schema.org","@graph":[{"@type":["WebPage","ItemPage"],"@id":"https:\/\/frcs-research.com\/product\/buy-ketamine-powder\/","url":"https:\/\/frcs-research.com\/product\/buy-ketamine-powder\/","name":"Achetez de la poudre de k\u00e9tamine de haute puret\u00e9 pour la recherche | Recherche FRCS","isPartOf":{"@id":"https:\/\/frcs-research.com\/#website"},"primaryImageOfPage":{"@id":"https:\/\/frcs-research.com\/product\/buy-ketamine-powder\/#primaryimage"},"image":{"@id":"https:\/\/frcs-research.com\/product\/buy-ketamine-powder\/#primaryimage"},"thumbnailUrl":"https:\/\/frcs-research.com\/wp-content\/uploads\/2024\/10\/OIP.jpg","datePublished":"2024-10-12T22:10:25+00:00","dateModified":"2026-04-05T01:12:35+00:00","description":"Achetez de la poudre de k\u00e9tamine pour la recherche chez FRCS Research. Id\u00e9al pour \u00e9tudier la neuroplasticit\u00e9 et le traitement de la douleur chronique. Commande en ligne s\u00e9curis\u00e9e et exp\u00e9dition discr\u00e8te disponibles.","breadcrumb":{"@id":"https:\/\/frcs-research.com\/product\/buy-ketamine-powder\/#breadcrumb"},"inLanguage":"fr-FR","potentialAction":[{"@type":"ReadAction","target":["https:\/\/frcs-research.com\/product\/buy-ketamine-powder\/"]}]},{"@type":"ImageObject","inLanguage":"fr-FR","@id":"https:\/\/frcs-research.com\/product\/buy-ketamine-powder\/#primaryimage","url":"https:\/\/frcs-research.com\/wp-content\/uploads\/2024\/10\/OIP.jpg","contentUrl":"https:\/\/frcs-research.com\/wp-content\/uploads\/2024\/10\/OIP.jpg","width":474,"height":283,"caption":"Buy Ketamine Powder"},{"@type":"BreadcrumbList","@id":"https:\/\/frcs-research.com\/product\/buy-ketamine-powder\/#breadcrumb","itemListElement":[{"@type":"ListItem","position":1,"name":"Home","item":"https:\/\/frcs-research.com\/"},{"@type":"ListItem","position":2,"name":"Shop","item":"https:\/\/frcs-research.com\/shop\/"},{"@type":"ListItem","position":3,"name":"Ketamine 1kg"}]},{"@type":"WebSite","@id":"https:\/\/frcs-research.com\/#website","url":"https:\/\/frcs-research.com\/","name":"fournisseur en gros de produits chimiques de recherche, 4mmc, 3mmc, MDPHP, Alpha PVP et plus","description":"Vente en gros de produits chimiques de recherche","potentialAction":[{"@type":"SearchAction","target":{"@type":"EntryPoint","urlTemplate":"https:\/\/frcs-research.com\/?s={search_term_string}"},"query-input":{"@type":"PropertyValueSpecification","valueRequired":true,"valueName":"search_term_string"}}],"inLanguage":"fr-FR"}]},"product_price_amount":"5300.00","product_price_currency":"EUR","og_availability":"instock","product_availability":"instock","product_condition":"new"},"uagb_featured_image_src":{"full":["https:\/\/frcs-research.com\/wp-content\/uploads\/2024\/10\/OIP.jpg",474,283,false],"thumbnail":["https:\/\/frcs-research.com\/wp-content\/uploads\/2024\/10\/OIP-150x150.jpg",150,150,true],"medium":["https:\/\/frcs-research.com\/wp-content\/uploads\/2024\/10\/OIP-300x179.jpg",300,179,true],"medium_large":["https:\/\/frcs-research.com\/wp-content\/uploads\/2024\/10\/OIP.jpg",474,283,false],"large":["https:\/\/frcs-research.com\/wp-content\/uploads\/2024\/10\/OIP.jpg",474,283,false],"1536x1536":["https:\/\/frcs-research.com\/wp-content\/uploads\/2024\/10\/OIP.jpg",474,283,false],"2048x2048":["https:\/\/frcs-research.com\/wp-content\/uploads\/2024\/10\/OIP.jpg",474,283,false],"trp-custom-language-flag":["https:\/\/frcs-research.com\/wp-content\/uploads\/2024\/10\/OIP.jpg",18,12,false],"post-thumbnail":["https:\/\/frcs-research.com\/wp-content\/uploads\/2024\/10\/OIP.jpg",474,283,false],"elite-commerce-slider":["https:\/\/frcs-research.com\/wp-content\/uploads\/2024\/10\/OIP.jpg",474,283,false],"elite-commerce-hero":["https:\/\/frcs-research.com\/wp-content\/uploads\/2024\/10\/OIP.jpg",474,283,false],"elite-commerce-portfolio":["https:\/\/frcs-research.com\/wp-content\/uploads\/2024\/10\/OIP.jpg",400,239,false],"woocommerce_thumbnail":["https:\/\/frcs-research.com\/wp-content\/uploads\/2024\/10\/OIP-300x283.jpg",300,283,true],"woocommerce_single":["https:\/\/frcs-research.com\/wp-content\/uploads\/2024\/10\/OIP.jpg",474,283,false],"woocommerce_gallery_thumbnail":["https:\/\/frcs-research.com\/wp-content\/uploads\/2024\/10\/OIP-100x100.jpg",100,100,true]},"uagb_author_info":{"display_name":"Richard Wood","author_link":"https:\/\/frcs-research.com\/fr\/author\/"},"uagb_comment_info":841,"uagb_excerpt":"Contact Us for Product Inquiry &euro;5,600.00 Le prix d&#039;origine \u00e9tait : &euro;5,600.00.&euro;5,300.00Le prix actuel est : &euro;5,300.00.Ajouter au panier &euro;5,600.00 Le prix d&#039;origine \u00e9tait : &euro;5,600.00.&euro;5,300.00Le prix actuel est : &euro;5,300.00.Ajouter au panier &hellip;&euro;5,600.00 Le prix d&#039;origine \u00e9tait : &euro;5,600.00.&euro;5,300.00Le prix actuel est : &euro;5,300.00.Ajouter au\u2026","_links":{"self":[{"href":"https:\/\/frcs-research.com\/fr\/wp-json\/wp\/v2\/product\/735","targetHints":{"allow":["GET"]}}],"collection":[{"href":"https:\/\/frcs-research.com\/fr\/wp-json\/wp\/v2\/product"}],"about":[{"href":"https:\/\/frcs-research.com\/fr\/wp-json\/wp\/v2\/types\/product"}],"replies":[{"embeddable":true,"href":"https:\/\/frcs-research.com\/fr\/wp-json\/wp\/v2\/comments?post=735"}],"wp:featuredmedia":[{"embeddable":true,"href":"https:\/\/frcs-research.com\/fr\/wp-json\/wp\/v2\/media\/736"}],"wp:attachment":[{"href":"https:\/\/frcs-research.com\/fr\/wp-json\/wp\/v2\/media?parent=735"}],"wp:term":[{"taxonomy":"product_brand","embeddable":true,"href":"https:\/\/frcs-research.com\/fr\/wp-json\/wp\/v2\/product_brand?post=735"},{"taxonomy":"product_cat","embeddable":true,"href":"https:\/\/frcs-research.com\/fr\/wp-json\/wp\/v2\/product_cat?post=735"},{"taxonomy":"product_tag","embeddable":true,"href":"https:\/\/frcs-research.com\/fr\/wp-json\/wp\/v2\/product_tag?post=735"}],"curies":[{"name":"wp","href":"https:\/\/api.w.org\/{rel}","templated":true}]}}