{"id":739,"date":"2024-10-12T22:16:14","date_gmt":"2024-10-12T22:16:14","guid":{"rendered":"https:\/\/frcs-research.com\/?post_type=product&#038;p=739"},"modified":"2026-04-05T09:12:37","modified_gmt":"2026-04-05T09:12:37","slug":"acheter-de-la-methoxetamine","status":"publish","type":"product","link":"https:\/\/frcs-research.com\/fr\/product\/acheter-de-la-methoxetamine\/","title":{"rendered":"Methoxetamine (MXE) 100g"},"content":{"rendered":"<h3><strong>Acheter de la poudre de m\u00e9thox\u00e9tamine (MXE) en ligne<\/strong><\/h3>\n<p>\u00c0 la recherche de <strong>acheter de la poudre de m\u00e9thox\u00e9tamine (MXE)<\/strong> pour vos recherches ? <strong>M\u00e9thox\u00e9tamine<\/strong> est un produit chimique de recherche dissociatif notable connu pour sa similitude structurelle avec <strong>k\u00e9tamine<\/strong>, offrant des propri\u00e9t\u00e9s uniques pour \u00e9tudier <strong>R\u00e9cepteur NMDA<\/strong> interactions. Elle a attir\u00e9 l&#039;attention pour ses applications dans les \u00e9tudes cognitives et comportementales. <strong>Recherche FRCS<\/strong> offre une haute puret\u00e9 <strong>Poudre MXE<\/strong> sp\u00e9cifiquement \u00e0 des fins de recherche, garantissant coh\u00e9rence et qualit\u00e9 pour vos exp\u00e9riences en laboratoire.<\/p>\n<ul>\n<li><strong>Mots cl\u00e9s<\/strong>: acheter MXE en ligne, acheter de la m\u00e9thox\u00e9tamine, de la poudre MXE \u00e0 vendre, des produits chimiques de recherche MXE.<\/li>\n<li><strong>Appel \u00e0 l&#039;action<\/strong>: S\u00e9curisez votre <strong>poudre de m\u00e9thox\u00e9tamine<\/strong> depuis <strong>Recherche FRCS<\/strong> et b\u00e9n\u00e9ficiez d&#039;une exp\u00e9dition discr\u00e8te et mondiale. Id\u00e9al pour <strong>recherche cognitive et comportementale<\/strong>.<\/li>\n<\/ul>","protected":false},"excerpt":{"rendered":"<p>Purchase Methoxetamine (MXE) Powder Online Looking to buy methoxetamine (MXE) powder for your research? Methoxetamine is a notable dissociative research chemical known for its structural similarity to ketamine, offering unique&hellip;<\/p>\n<p class=\"product woocommerce add_to_cart_inline\" style=\"border:4px solid #ccc; padding: 12px;\"><del aria-hidden=\"true\"><span class=\"woocommerce-Price-amount amount\"><bdi><span class=\"woocommerce-Price-currencySymbol\">&euro;<\/span>280.00<\/bdi><\/span><\/del> <span class=\"screen-reader-text\" data-no-translation=\"\" data-trp-gettext=\"\">Le prix d&#039;origine \u00e9tait : &euro;280.00.<\/span><ins aria-hidden=\"true\"><span class=\"woocommerce-Price-amount amount\"><bdi><span class=\"woocommerce-Price-currencySymbol\">&euro;<\/span>265.00<\/bdi><\/span><\/ins><span class=\"screen-reader-text\" data-no-translation=\"\" data-trp-gettext=\"\">Le prix actuel est : &euro;265.00.<\/span><a href=\"\/fr\/wp-json\/wp\/v2\/product\/739?add-to-cart=739\" aria-describedby=\"woocommerce_loop_add_to_cart_link_describedby_739\" data-quantity=\"1\" class=\"button product_type_simple add_to_cart_button ajax_add_to_cart\" data-product_id=\"739\" data-product_sku=\"\" aria-label=\"Ajouter au panier\u00a0: \u201cMethoxetamine (MXE) 100g\u201d\" rel=\"nofollow\" data-success_message=\"\u00ab\u00a0Methoxetamine (MXE) 100g\u00a0\u00bb a \u00e9t\u00e9 ajout\u00e9 \u00e0 votre panier\" data-no-translation=\"\" data-trp-gettext=\"\" data-no-translation-aria-label=\"\" data-no-translation-data-success_message=\"\">Ajouter au panier<\/a>\t<span id=\"woocommerce_loop_add_to_cart_link_describedby_739\" class=\"screen-reader-text\"><br \/>\n\t\t\t<\/span><\/p>","protected":false},"featured_media":740,"comment_status":"open","ping_status":"closed","template":"","meta":{"_uag_custom_page_level_css":""},"product_brand":[],"product_cat":[28],"product_tag":[208,194,206,199,197,201,207,202,204,198,200,195,205,203,196],"class_list":{"0":"post-739","1":"product","2":"type-product","3":"status-publish","4":"has-post-thumbnail","6":"product_cat-dissociatives","7":"product_tag-buy-methoxetamine-in-bulk","8":"product_tag-buy-methoxetamine-online","9":"product_tag-buy-methoxetamine-safely","10":"product_tag-buy-methoxetamine-usa","11":"product_tag-buy-mxe-online-legally","12":"product_tag-buy-mxe-powder","13":"product_tag-find-methoxetamine-online","14":"product_tag-methoxetamine-for-sale","15":"product_tag-methoxetamine-online-shop","16":"product_tag-methoxetamine-vendors","17":"product_tag-order-methoxetamine-europe","18":"product_tag-order-mxe","19":"product_tag-purchase-mxe-powder","20":"product_tag-where-to-buy-mxe-online","21":"product_tag-where-to-purchase-methoxetamine","23":"first","24":"instock","25":"sale","26":"shipping-taxable","27":"purchasable","28":"product-type-simple"},"yoast_head":"<!-- This site is optimized with the Yoast SEO plugin v27.1.1 - https:\/\/yoast.com\/product\/yoast-seo-wordpress\/ -->\n<title>Buy Methoxetamine (MXE) Powder Online for Research<\/title>\n<meta name=\"description\" content=\"Buy methoxetamine (MXE) high purity powder for research at FRCS Research. Ideal for cognitive and behavioral studies. Enjoy secure shipping options.\" \/>\n<meta name=\"robots\" content=\"index, follow, max-snippet:-1, max-image-preview:large, max-video-preview:-1\" \/>\n<link rel=\"canonical\" href=\"https:\/\/frcs-research.com\/fr\/product\/acheter-de-la-methoxetamine\/\" \/>\n<meta property=\"og:locale\" content=\"fr_FR\" \/>\n<meta property=\"og:type\" content=\"article\" \/>\n<meta property=\"og:title\" content=\"Buy Methoxetamine (MXE) Powder Online for Research\" \/>\n<meta property=\"og:description\" content=\"Buy methoxetamine (MXE) high purity powder for research at FRCS Research. Ideal for cognitive and behavioral studies. Enjoy secure shipping options.\" \/>\n<meta property=\"og:url\" content=\"https:\/\/frcs-research.com\/fr\/product\/acheter-de-la-methoxetamine\/\" \/>\n<meta property=\"og:site_name\" content=\"wholesale supplier of research chemicals, 4mmc, 3mmc, MDPHP, Alpha PVP and more\" \/>\n<meta property=\"article:modified_time\" content=\"2026-04-05T09:12:37+00:00\" \/>\n<meta property=\"og:image\" content=\"https:\/\/frcs-research.com\/wp-content\/uploads\/2024\/10\/methoxetamine-powder-1642738.jpg\" \/>\n\t<meta property=\"og:image:width\" content=\"420\" \/>\n\t<meta property=\"og:image:height\" content=\"314\" \/>\n\t<meta property=\"og:image:type\" content=\"image\/jpeg\" \/>\n<meta name=\"twitter:card\" content=\"summary_large_image\" \/>\n<meta name=\"twitter:label1\" content=\"Prix\" \/>\n\t<meta name=\"twitter:data1\" content=\"&euro;265.00\" \/>\n\t<meta name=\"twitter:label2\" content=\"Disponibilit\u00e9\" \/>\n\t<meta name=\"twitter:data2\" content=\"En stock\" \/>\n<script type=\"application\/ld+json\" class=\"yoast-schema-graph\">{\"@context\":\"https:\/\/schema.org\",\"@graph\":[{\"@type\":[\"WebPage\",\"ItemPage\"],\"@id\":\"https:\/\/frcs-research.com\/product\/buy-methoxetamine\/\",\"url\":\"https:\/\/frcs-research.com\/product\/buy-methoxetamine\/\",\"name\":\"Buy Methoxetamine (MXE) Powder Online for Research\",\"isPartOf\":{\"@id\":\"https:\/\/frcs-research.com\/#website\"},\"primaryImageOfPage\":{\"@id\":\"https:\/\/frcs-research.com\/product\/buy-methoxetamine\/#primaryimage\"},\"image\":{\"@id\":\"https:\/\/frcs-research.com\/product\/buy-methoxetamine\/#primaryimage\"},\"thumbnailUrl\":\"https:\/\/frcs-research.com\/wp-content\/uploads\/2024\/10\/methoxetamine-powder-1642738.jpg\",\"datePublished\":\"2024-10-12T22:16:14+00:00\",\"dateModified\":\"2026-04-05T09:12:37+00:00\",\"description\":\"Buy methoxetamine (MXE) high purity powder for research at FRCS Research. Ideal for cognitive and behavioral studies. Enjoy secure shipping options.\",\"breadcrumb\":{\"@id\":\"https:\/\/frcs-research.com\/product\/buy-methoxetamine\/#breadcrumb\"},\"inLanguage\":\"fr-FR\",\"potentialAction\":[{\"@type\":\"ReadAction\",\"target\":[\"https:\/\/frcs-research.com\/product\/buy-methoxetamine\/\"]}]},{\"@type\":\"ImageObject\",\"inLanguage\":\"fr-FR\",\"@id\":\"https:\/\/frcs-research.com\/product\/buy-methoxetamine\/#primaryimage\",\"url\":\"https:\/\/frcs-research.com\/wp-content\/uploads\/2024\/10\/methoxetamine-powder-1642738.jpg\",\"contentUrl\":\"https:\/\/frcs-research.com\/wp-content\/uploads\/2024\/10\/methoxetamine-powder-1642738.jpg\",\"width\":420,\"height\":314,\"caption\":\"buy methoxetamine\"},{\"@type\":\"BreadcrumbList\",\"@id\":\"https:\/\/frcs-research.com\/product\/buy-methoxetamine\/#breadcrumb\",\"itemListElement\":[{\"@type\":\"ListItem\",\"position\":1,\"name\":\"Home\",\"item\":\"https:\/\/frcs-research.com\/\"},{\"@type\":\"ListItem\",\"position\":2,\"name\":\"Shop\",\"item\":\"https:\/\/frcs-research.com\/shop\/\"},{\"@type\":\"ListItem\",\"position\":3,\"name\":\"Methoxetamine (MXE) 100g\"}]},{\"@type\":\"WebSite\",\"@id\":\"https:\/\/frcs-research.com\/#website\",\"url\":\"https:\/\/frcs-research.com\/\",\"name\":\"wholesale supplier of research chemicals, 4mmc, 3mmc, MDPHP, Alpha PVP and more\",\"description\":\"Wholesale research chemicals\",\"potentialAction\":[{\"@type\":\"SearchAction\",\"target\":{\"@type\":\"EntryPoint\",\"urlTemplate\":\"https:\/\/frcs-research.com\/?s={search_term_string}\"},\"query-input\":{\"@type\":\"PropertyValueSpecification\",\"valueRequired\":true,\"valueName\":\"search_term_string\"}}],\"inLanguage\":\"fr-FR\"}]}<\/script>\n<meta property=\"product:price:amount\" content=\"265.00\" \/>\n<meta property=\"product:price:currency\" content=\"EUR\" \/>\n<meta property=\"og:availability\" content=\"instock\" \/>\n<meta property=\"product:availability\" content=\"instock\" \/>\n<meta property=\"product:condition\" content=\"new\" \/>\n<!-- \/ Yoast SEO plugin. -->","yoast_head_json":{"title":"Achetez de la poudre de m\u00e9thox\u00e9tamine (MXE) en ligne pour la recherche","description":"Achetez de la poudre de m\u00e9thox\u00e9tamine (MXE) de haute puret\u00e9 pour la recherche chez FRCS Research. Id\u00e9al pour les \u00e9tudes cognitives et comportementales. Profitez d&#039;options d&#039;exp\u00e9dition s\u00e9curis\u00e9es.","robots":{"index":"index","follow":"follow","max-snippet":"max-snippet:-1","max-image-preview":"max-image-preview:large","max-video-preview":"max-video-preview:-1"},"canonical":"https:\/\/frcs-research.com\/fr\/product\/acheter-de-la-methoxetamine\/","og_locale":"fr_FR","og_type":"article","og_title":"Buy Methoxetamine (MXE) Powder Online for Research","og_description":"Buy methoxetamine (MXE) high purity powder for research at FRCS Research. Ideal for cognitive and behavioral studies. Enjoy secure shipping options.","og_url":"https:\/\/frcs-research.com\/fr\/product\/acheter-de-la-methoxetamine\/","og_site_name":"wholesale supplier of research chemicals, 4mmc, 3mmc, MDPHP, Alpha PVP and more","article_modified_time":"2026-04-05T09:12:37+00:00","og_image":[{"width":420,"height":314,"url":"https:\/\/frcs-research.com\/wp-content\/uploads\/2024\/10\/methoxetamine-powder-1642738.jpg","type":"image\/jpeg"}],"twitter_card":"summary_large_image","twitter_misc":{"Prix":"&euro;265.00","Disponibilit\u00e9":"En stock"},"schema":{"@context":"https:\/\/schema.org","@graph":[{"@type":["WebPage","ItemPage"],"@id":"https:\/\/frcs-research.com\/product\/buy-methoxetamine\/","url":"https:\/\/frcs-research.com\/product\/buy-methoxetamine\/","name":"Achetez de la poudre de m\u00e9thox\u00e9tamine (MXE) en ligne pour la recherche","isPartOf":{"@id":"https:\/\/frcs-research.com\/#website"},"primaryImageOfPage":{"@id":"https:\/\/frcs-research.com\/product\/buy-methoxetamine\/#primaryimage"},"image":{"@id":"https:\/\/frcs-research.com\/product\/buy-methoxetamine\/#primaryimage"},"thumbnailUrl":"https:\/\/frcs-research.com\/wp-content\/uploads\/2024\/10\/methoxetamine-powder-1642738.jpg","datePublished":"2024-10-12T22:16:14+00:00","dateModified":"2026-04-05T09:12:37+00:00","description":"Achetez de la poudre de m\u00e9thox\u00e9tamine (MXE) de haute puret\u00e9 pour la recherche chez FRCS Research. Id\u00e9al pour les \u00e9tudes cognitives et comportementales. Profitez d&#039;options d&#039;exp\u00e9dition s\u00e9curis\u00e9es.","breadcrumb":{"@id":"https:\/\/frcs-research.com\/product\/buy-methoxetamine\/#breadcrumb"},"inLanguage":"fr-FR","potentialAction":[{"@type":"ReadAction","target":["https:\/\/frcs-research.com\/product\/buy-methoxetamine\/"]}]},{"@type":"ImageObject","inLanguage":"fr-FR","@id":"https:\/\/frcs-research.com\/product\/buy-methoxetamine\/#primaryimage","url":"https:\/\/frcs-research.com\/wp-content\/uploads\/2024\/10\/methoxetamine-powder-1642738.jpg","contentUrl":"https:\/\/frcs-research.com\/wp-content\/uploads\/2024\/10\/methoxetamine-powder-1642738.jpg","width":420,"height":314,"caption":"buy methoxetamine"},{"@type":"BreadcrumbList","@id":"https:\/\/frcs-research.com\/product\/buy-methoxetamine\/#breadcrumb","itemListElement":[{"@type":"ListItem","position":1,"name":"Home","item":"https:\/\/frcs-research.com\/"},{"@type":"ListItem","position":2,"name":"Shop","item":"https:\/\/frcs-research.com\/shop\/"},{"@type":"ListItem","position":3,"name":"Methoxetamine (MXE) 100g"}]},{"@type":"WebSite","@id":"https:\/\/frcs-research.com\/#website","url":"https:\/\/frcs-research.com\/","name":"fournisseur en gros de produits chimiques de recherche, 4mmc, 3mmc, MDPHP, Alpha PVP et plus","description":"Vente en gros de produits chimiques de recherche","potentialAction":[{"@type":"SearchAction","target":{"@type":"EntryPoint","urlTemplate":"https:\/\/frcs-research.com\/?s={search_term_string}"},"query-input":{"@type":"PropertyValueSpecification","valueRequired":true,"valueName":"search_term_string"}}],"inLanguage":"fr-FR"}]},"product_price_amount":"265.00","product_price_currency":"EUR","og_availability":"instock","product_availability":"instock","product_condition":"new"},"uagb_featured_image_src":{"full":["https:\/\/frcs-research.com\/wp-content\/uploads\/2024\/10\/methoxetamine-powder-1642738.jpg",420,314,false],"thumbnail":["https:\/\/frcs-research.com\/wp-content\/uploads\/2024\/10\/methoxetamine-powder-1642738-150x150.jpg",150,150,true],"medium":["https:\/\/frcs-research.com\/wp-content\/uploads\/2024\/10\/methoxetamine-powder-1642738-300x224.jpg",300,224,true],"medium_large":["https:\/\/frcs-research.com\/wp-content\/uploads\/2024\/10\/methoxetamine-powder-1642738.jpg",420,314,false],"large":["https:\/\/frcs-research.com\/wp-content\/uploads\/2024\/10\/methoxetamine-powder-1642738.jpg",420,314,false],"1536x1536":["https:\/\/frcs-research.com\/wp-content\/uploads\/2024\/10\/methoxetamine-powder-1642738.jpg",420,314,false],"2048x2048":["https:\/\/frcs-research.com\/wp-content\/uploads\/2024\/10\/methoxetamine-powder-1642738.jpg",420,314,false],"trp-custom-language-flag":["https:\/\/frcs-research.com\/wp-content\/uploads\/2024\/10\/methoxetamine-powder-1642738.jpg",16,12,false],"post-thumbnail":["https:\/\/frcs-research.com\/wp-content\/uploads\/2024\/10\/methoxetamine-powder-1642738.jpg",420,314,false],"elite-commerce-slider":["https:\/\/frcs-research.com\/wp-content\/uploads\/2024\/10\/methoxetamine-powder-1642738.jpg",420,314,false],"elite-commerce-hero":["https:\/\/frcs-research.com\/wp-content\/uploads\/2024\/10\/methoxetamine-powder-1642738.jpg",420,314,false],"elite-commerce-portfolio":["https:\/\/frcs-research.com\/wp-content\/uploads\/2024\/10\/methoxetamine-powder-1642738.jpg",400,299,false],"woocommerce_thumbnail":["https:\/\/frcs-research.com\/wp-content\/uploads\/2024\/10\/methoxetamine-powder-1642738-300x300.jpg",300,300,true],"woocommerce_single":["https:\/\/frcs-research.com\/wp-content\/uploads\/2024\/10\/methoxetamine-powder-1642738.jpg",420,314,false],"woocommerce_gallery_thumbnail":["https:\/\/frcs-research.com\/wp-content\/uploads\/2024\/10\/methoxetamine-powder-1642738-100x100.jpg",100,100,true]},"uagb_author_info":{"display_name":"Richard Wood","author_link":"https:\/\/frcs-research.com\/fr\/author\/"},"uagb_comment_info":780,"uagb_excerpt":"Purchase Methoxetamine (MXE) Powder Online Looking to buy methoxetamine (MXE) powder for your research? Methoxetamine is a notable dissociative research chemical known for its structural similarity to ketamine, offering unique&hellip;&euro;280.00 Le prix d&#039;origine \u00e9tait : &euro;280.00.&euro;265.00Le prix actuel est : &euro;265.00.Ajouter au panier","_links":{"self":[{"href":"https:\/\/frcs-research.com\/fr\/wp-json\/wp\/v2\/product\/739","targetHints":{"allow":["GET"]}}],"collection":[{"href":"https:\/\/frcs-research.com\/fr\/wp-json\/wp\/v2\/product"}],"about":[{"href":"https:\/\/frcs-research.com\/fr\/wp-json\/wp\/v2\/types\/product"}],"replies":[{"embeddable":true,"href":"https:\/\/frcs-research.com\/fr\/wp-json\/wp\/v2\/comments?post=739"}],"wp:featuredmedia":[{"embeddable":true,"href":"https:\/\/frcs-research.com\/fr\/wp-json\/wp\/v2\/media\/740"}],"wp:attachment":[{"href":"https:\/\/frcs-research.com\/fr\/wp-json\/wp\/v2\/media?parent=739"}],"wp:term":[{"taxonomy":"product_brand","embeddable":true,"href":"https:\/\/frcs-research.com\/fr\/wp-json\/wp\/v2\/product_brand?post=739"},{"taxonomy":"product_cat","embeddable":true,"href":"https:\/\/frcs-research.com\/fr\/wp-json\/wp\/v2\/product_cat?post=739"},{"taxonomy":"product_tag","embeddable":true,"href":"https:\/\/frcs-research.com\/fr\/wp-json\/wp\/v2\/product_tag?post=739"}],"curies":[{"name":"wp","href":"https:\/\/api.w.org\/{rel}","templated":true}]}}