{"id":751,"date":"2024-10-12T22:37:14","date_gmt":"2024-10-12T22:37:14","guid":{"rendered":"https:\/\/frcs-research.com\/?post_type=product&#038;p=751"},"modified":"2026-04-23T10:32:23","modified_gmt":"2026-04-23T10:32:23","slug":"acheter-du-dmt-en-ligne","status":"publish","type":"product","link":"https:\/\/frcs-research.com\/fr\/product\/acheter-du-dmt-en-ligne\/","title":{"rendered":"N,N-Dimethyltryptamine (DMT) 1kg"},"content":{"rendered":"<h4>Acheter de la poudre DMT pour la recherche | Recherche FRCS<\/h4>\n<h4><\/h4>\n<p>Pour ceux qui cherchent \u00e0 <strong>acheter du DMT en ligne<\/strong>, <strong>N,N-Dim\u00e9thyltryptamine<\/strong> (DMT) est un puissant compos\u00e9 psych\u00e9d\u00e9lique r\u00e9put\u00e9 pour ses effets intenses et de courte dur\u00e9e. Pr\u00e9sent dans diverses plantes, le DMT est connu pour induire de profondes alt\u00e9rations de la conscience et de la perception.<\/p>\n<p>Le DMT agit sur les r\u00e9cepteurs de la s\u00e9rotonine, ce qui entra\u00eene des exp\u00e9riences caract\u00e9ris\u00e9es par des hallucinations visuelles et auditives intenses. Ses propri\u00e9t\u00e9s uniques ont suscit\u00e9 un int\u00e9r\u00eat pour l&#039;exploration de ses bienfaits th\u00e9rapeutiques potentiels, en particulier dans le traitement de l&#039;anxi\u00e9t\u00e9 et de la d\u00e9pression. \u00c0 mesure que la recherche sur le DMT se d\u00e9veloppe, la demande de DMT de haute puret\u00e9 pour les \u00e9tudes scientifiques continue de cro\u00eetre.<\/p>\n<p>\u00c0 <strong>Recherche FRCS<\/strong>, nous proposons de la poudre DMT de haute qualit\u00e9, sp\u00e9cialement formul\u00e9e \u00e0 des fins de recherche. Notre DMT provient de fournisseurs r\u00e9put\u00e9s, ce qui vous garantit de recevoir un produit r\u00e9pondant aux normes de puret\u00e9 et de qualit\u00e9 les plus \u00e9lev\u00e9es.<\/p>\n<h4>Mots cl\u00e9s : acheter du DMT en ligne, acheter de la poudre de DMT, DMT de haute qualit\u00e9 pour la recherche, produits chimiques de recherche DMT.<\/h4>\n<p>&nbsp;<\/p>\n<p>&nbsp;<\/p>","protected":false},"excerpt":{"rendered":"<p>Buy DMT Powder for Research | FRCS Research For those seeking to buy DMT online, N,N-Dimethyltryptamine (DMT) is a powerful psychedelic compound renowned for its intense and short-lived effects. Found&hellip;<\/p>\n<p class=\"product woocommerce add_to_cart_inline\" style=\"border:4px solid #ccc; padding: 12px;\"><del aria-hidden=\"true\"><span class=\"woocommerce-Price-amount amount\"><bdi><span class=\"woocommerce-Price-currencySymbol\">&euro;<\/span>6,000.00<\/bdi><\/span><\/del> <span class=\"screen-reader-text\" data-no-translation=\"\" data-trp-gettext=\"\">Le prix d&#039;origine \u00e9tait : &euro;6,000.00.<\/span><ins aria-hidden=\"true\"><span class=\"woocommerce-Price-amount amount\"><bdi><span class=\"woocommerce-Price-currencySymbol\">&euro;<\/span>5,700.00<\/bdi><\/span><\/ins><span class=\"screen-reader-text\" data-no-translation=\"\" data-trp-gettext=\"\">Le prix actuel est : &euro;5,700.00.<\/span><a href=\"\/fr\/wp-json\/wp\/v2\/product\/751?add-to-cart=751\" aria-describedby=\"woocommerce_loop_add_to_cart_link_describedby_751\" data-quantity=\"1\" class=\"button product_type_simple add_to_cart_button ajax_add_to_cart\" data-product_id=\"751\" data-product_sku=\"\" aria-label=\"Ajouter au panier\u00a0: \u201cN,N-Dimethyltryptamine (DMT) 1kg\u201d\" rel=\"nofollow\" data-success_message=\"\u00ab\u00a0N,N-Dimethyltryptamine (DMT) 1kg\u00a0\u00bb a \u00e9t\u00e9 ajout\u00e9 \u00e0 votre panier\" data-no-translation=\"\" data-trp-gettext=\"\" data-no-translation-aria-label=\"\" data-no-translation-data-success_message=\"\">Ajouter au panier<\/a>\t<span id=\"woocommerce_loop_add_to_cart_link_describedby_751\" class=\"screen-reader-text\"><br \/>\n\t\t\t<\/span><\/p>","protected":false},"featured_media":752,"comment_status":"open","ping_status":"closed","template":"","meta":{"_uag_custom_page_level_css":""},"product_brand":[],"product_cat":[29],"product_tag":[173,175,168,177,171,176,174,169,172,170],"class_list":{"0":"post-751","1":"product","2":"type-product","3":"status-publish","4":"has-post-thumbnail","6":"product_cat-psychedelics","7":"product_tag-best-place-to-buy-dmt","8":"product_tag-buy-dmt-in-the-usa","9":"product_tag-buy-dmt-online","10":"product_tag-buy-dmt-online-legally","11":"product_tag-dmt-for-sale","12":"product_tag-dmt-shipping","13":"product_tag-dmt-vendor","14":"product_tag-order-dmt-crystals","15":"product_tag-purchase-dmt-legally","16":"product_tag-where-to-buy-dmt","18":"first","19":"instock","20":"sale","21":"shipping-taxable","22":"purchasable","23":"product-type-simple"},"yoast_head":"<!-- This site is optimized with the Yoast SEO plugin v27.1.1 - https:\/\/yoast.com\/product\/yoast-seo-wordpress\/ -->\n<title>N,N-Dimethyltryptamine (DMT) 1kg - wholesale supplier of research chemicals, 4mmc, 3mmc, MDPHP, Alpha PVP and more<\/title>\n<meta name=\"description\" content=\"Buy DMT powder for research purposes at FRCS Research. Explore its potential therapeutic benefits with our high-quality product.\" \/>\n<meta name=\"robots\" content=\"index, follow, max-snippet:-1, max-image-preview:large, max-video-preview:-1\" \/>\n<link rel=\"canonical\" href=\"https:\/\/frcs-research.com\/fr\/product\/acheter-du-dmt-en-ligne\/\" \/>\n<meta property=\"og:locale\" content=\"fr_FR\" \/>\n<meta property=\"og:type\" content=\"article\" \/>\n<meta property=\"og:title\" content=\"N,N-Dimethyltryptamine (DMT) 1kg - wholesale supplier of research chemicals, 4mmc, 3mmc, MDPHP, Alpha PVP and more\" \/>\n<meta property=\"og:description\" content=\"Buy DMT powder for research purposes at FRCS Research. Explore its potential therapeutic benefits with our high-quality product.\" \/>\n<meta property=\"og:url\" content=\"https:\/\/frcs-research.com\/fr\/product\/acheter-du-dmt-en-ligne\/\" \/>\n<meta property=\"og:site_name\" content=\"wholesale supplier of research chemicals, 4mmc, 3mmc, MDPHP, Alpha PVP and more\" \/>\n<meta property=\"article:modified_time\" content=\"2026-04-23T10:32:23+00:00\" \/>\n<meta property=\"og:image\" content=\"https:\/\/frcs-research.com\/wp-content\/uploads\/2024\/10\/zircon-sand-500x500-1.webp\" \/>\n\t<meta property=\"og:image:width\" content=\"500\" \/>\n\t<meta property=\"og:image:height\" content=\"500\" \/>\n\t<meta property=\"og:image:type\" content=\"image\/webp\" \/>\n<meta name=\"twitter:card\" content=\"summary_large_image\" \/>\n<meta name=\"twitter:label1\" content=\"Prix\" \/>\n\t<meta name=\"twitter:data1\" content=\"&euro;5,700.00\" \/>\n\t<meta name=\"twitter:label2\" content=\"Disponibilit\u00e9\" \/>\n\t<meta name=\"twitter:data2\" content=\"En stock\" \/>\n<script type=\"application\/ld+json\" class=\"yoast-schema-graph\">{\"@context\":\"https:\/\/schema.org\",\"@graph\":[{\"@type\":[\"WebPage\",\"ItemPage\"],\"@id\":\"https:\/\/frcs-research.com\/product\/buy-dmt-online\/\",\"url\":\"https:\/\/frcs-research.com\/product\/buy-dmt-online\/\",\"name\":\"N,N-Dimethyltryptamine (DMT) 1kg - wholesale supplier of research chemicals, 4mmc, 3mmc, MDPHP, Alpha PVP and more\",\"isPartOf\":{\"@id\":\"https:\/\/frcs-research.com\/#website\"},\"primaryImageOfPage\":{\"@id\":\"https:\/\/frcs-research.com\/product\/buy-dmt-online\/#primaryimage\"},\"image\":{\"@id\":\"https:\/\/frcs-research.com\/product\/buy-dmt-online\/#primaryimage\"},\"thumbnailUrl\":\"https:\/\/frcs-research.com\/wp-content\/uploads\/2024\/10\/zircon-sand-500x500-1.webp\",\"datePublished\":\"2024-10-12T22:37:14+00:00\",\"dateModified\":\"2026-04-23T10:32:23+00:00\",\"description\":\"Buy DMT powder for research purposes at FRCS Research. Explore its potential therapeutic benefits with our high-quality product.\",\"breadcrumb\":{\"@id\":\"https:\/\/frcs-research.com\/product\/buy-dmt-online\/#breadcrumb\"},\"inLanguage\":\"fr-FR\",\"potentialAction\":[{\"@type\":\"ReadAction\",\"target\":[\"https:\/\/frcs-research.com\/product\/buy-dmt-online\/\"]}]},{\"@type\":\"ImageObject\",\"inLanguage\":\"fr-FR\",\"@id\":\"https:\/\/frcs-research.com\/product\/buy-dmt-online\/#primaryimage\",\"url\":\"https:\/\/frcs-research.com\/wp-content\/uploads\/2024\/10\/zircon-sand-500x500-1.webp\",\"contentUrl\":\"https:\/\/frcs-research.com\/wp-content\/uploads\/2024\/10\/zircon-sand-500x500-1.webp\",\"width\":500,\"height\":500,\"caption\":\"buy DMT online\"},{\"@type\":\"BreadcrumbList\",\"@id\":\"https:\/\/frcs-research.com\/product\/buy-dmt-online\/#breadcrumb\",\"itemListElement\":[{\"@type\":\"ListItem\",\"position\":1,\"name\":\"Home\",\"item\":\"https:\/\/frcs-research.com\/\"},{\"@type\":\"ListItem\",\"position\":2,\"name\":\"Shop\",\"item\":\"https:\/\/frcs-research.com\/shop\/\"},{\"@type\":\"ListItem\",\"position\":3,\"name\":\"N,N-Dimethyltryptamine (DMT) 1kg\"}]},{\"@type\":\"WebSite\",\"@id\":\"https:\/\/frcs-research.com\/#website\",\"url\":\"https:\/\/frcs-research.com\/\",\"name\":\"wholesale supplier of research chemicals, 4mmc, 3mmc, MDPHP, Alpha PVP and more\",\"description\":\"Wholesale research chemicals\",\"potentialAction\":[{\"@type\":\"SearchAction\",\"target\":{\"@type\":\"EntryPoint\",\"urlTemplate\":\"https:\/\/frcs-research.com\/?s={search_term_string}\"},\"query-input\":{\"@type\":\"PropertyValueSpecification\",\"valueRequired\":true,\"valueName\":\"search_term_string\"}}],\"inLanguage\":\"fr-FR\"}]}<\/script>\n<meta property=\"product:price:amount\" content=\"5700.00\" \/>\n<meta property=\"product:price:currency\" content=\"EUR\" \/>\n<meta property=\"og:availability\" content=\"instock\" \/>\n<meta property=\"product:availability\" content=\"instock\" \/>\n<meta property=\"product:condition\" content=\"new\" \/>\n<!-- \/ Yoast SEO plugin. -->","yoast_head_json":{"title":"N,N-Dimethyltryptamine (DMT) 1kg - wholesale supplier of research chemicals, 4mmc, 3mmc, MDPHP, Alpha PVP and more","description":"Achetez de la poudre DMT \u00e0 des fins de recherche chez FRCS Research. Explorez ses bienfaits th\u00e9rapeutiques potentiels avec notre produit de haute qualit\u00e9.","robots":{"index":"index","follow":"follow","max-snippet":"max-snippet:-1","max-image-preview":"max-image-preview:large","max-video-preview":"max-video-preview:-1"},"canonical":"https:\/\/frcs-research.com\/fr\/product\/acheter-du-dmt-en-ligne\/","og_locale":"fr_FR","og_type":"article","og_title":"N,N-Dimethyltryptamine (DMT) 1kg - wholesale supplier of research chemicals, 4mmc, 3mmc, MDPHP, Alpha PVP and more","og_description":"Buy DMT powder for research purposes at FRCS Research. Explore its potential therapeutic benefits with our high-quality product.","og_url":"https:\/\/frcs-research.com\/fr\/product\/acheter-du-dmt-en-ligne\/","og_site_name":"wholesale supplier of research chemicals, 4mmc, 3mmc, MDPHP, Alpha PVP and more","article_modified_time":"2026-04-23T10:32:23+00:00","og_image":[{"width":500,"height":500,"url":"https:\/\/frcs-research.com\/wp-content\/uploads\/2024\/10\/zircon-sand-500x500-1.webp","type":"image\/webp"}],"twitter_card":"summary_large_image","twitter_misc":{"Prix":"&euro;5,700.00","Disponibilit\u00e9":"En stock"},"schema":{"@context":"https:\/\/schema.org","@graph":[{"@type":["WebPage","ItemPage"],"@id":"https:\/\/frcs-research.com\/product\/buy-dmt-online\/","url":"https:\/\/frcs-research.com\/product\/buy-dmt-online\/","name":"N,N-Dimethyltryptamine (DMT) 1kg - wholesale supplier of research chemicals, 4mmc, 3mmc, MDPHP, Alpha PVP and more","isPartOf":{"@id":"https:\/\/frcs-research.com\/#website"},"primaryImageOfPage":{"@id":"https:\/\/frcs-research.com\/product\/buy-dmt-online\/#primaryimage"},"image":{"@id":"https:\/\/frcs-research.com\/product\/buy-dmt-online\/#primaryimage"},"thumbnailUrl":"https:\/\/frcs-research.com\/wp-content\/uploads\/2024\/10\/zircon-sand-500x500-1.webp","datePublished":"2024-10-12T22:37:14+00:00","dateModified":"2026-04-23T10:32:23+00:00","description":"Achetez de la poudre DMT \u00e0 des fins de recherche chez FRCS Research. Explorez ses bienfaits th\u00e9rapeutiques potentiels avec notre produit de haute qualit\u00e9.","breadcrumb":{"@id":"https:\/\/frcs-research.com\/product\/buy-dmt-online\/#breadcrumb"},"inLanguage":"fr-FR","potentialAction":[{"@type":"ReadAction","target":["https:\/\/frcs-research.com\/product\/buy-dmt-online\/"]}]},{"@type":"ImageObject","inLanguage":"fr-FR","@id":"https:\/\/frcs-research.com\/product\/buy-dmt-online\/#primaryimage","url":"https:\/\/frcs-research.com\/wp-content\/uploads\/2024\/10\/zircon-sand-500x500-1.webp","contentUrl":"https:\/\/frcs-research.com\/wp-content\/uploads\/2024\/10\/zircon-sand-500x500-1.webp","width":500,"height":500,"caption":"buy DMT online"},{"@type":"BreadcrumbList","@id":"https:\/\/frcs-research.com\/product\/buy-dmt-online\/#breadcrumb","itemListElement":[{"@type":"ListItem","position":1,"name":"Home","item":"https:\/\/frcs-research.com\/"},{"@type":"ListItem","position":2,"name":"Shop","item":"https:\/\/frcs-research.com\/shop\/"},{"@type":"ListItem","position":3,"name":"N,N-Dimethyltryptamine (DMT) 1kg"}]},{"@type":"WebSite","@id":"https:\/\/frcs-research.com\/#website","url":"https:\/\/frcs-research.com\/","name":"fournisseur en gros de produits chimiques de recherche, 4mmc, 3mmc, MDPHP, Alpha PVP et plus","description":"Vente en gros de produits chimiques de recherche","potentialAction":[{"@type":"SearchAction","target":{"@type":"EntryPoint","urlTemplate":"https:\/\/frcs-research.com\/?s={search_term_string}"},"query-input":{"@type":"PropertyValueSpecification","valueRequired":true,"valueName":"search_term_string"}}],"inLanguage":"fr-FR"}]},"product_price_amount":"5700.00","product_price_currency":"EUR","og_availability":"instock","product_availability":"instock","product_condition":"new"},"uagb_featured_image_src":{"full":["https:\/\/frcs-research.com\/wp-content\/uploads\/2024\/10\/zircon-sand-500x500-1.webp",500,500,false],"thumbnail":["https:\/\/frcs-research.com\/wp-content\/uploads\/2024\/10\/zircon-sand-500x500-1-150x150.webp",150,150,true],"medium":["https:\/\/frcs-research.com\/wp-content\/uploads\/2024\/10\/zircon-sand-500x500-1-300x300.webp",300,300,true],"medium_large":["https:\/\/frcs-research.com\/wp-content\/uploads\/2024\/10\/zircon-sand-500x500-1.webp",500,500,false],"large":["https:\/\/frcs-research.com\/wp-content\/uploads\/2024\/10\/zircon-sand-500x500-1.webp",500,500,false],"1536x1536":["https:\/\/frcs-research.com\/wp-content\/uploads\/2024\/10\/zircon-sand-500x500-1.webp",500,500,false],"2048x2048":["https:\/\/frcs-research.com\/wp-content\/uploads\/2024\/10\/zircon-sand-500x500-1.webp",500,500,false],"trp-custom-language-flag":["https:\/\/frcs-research.com\/wp-content\/uploads\/2024\/10\/zircon-sand-500x500-1.webp",12,12,false],"post-thumbnail":["https:\/\/frcs-research.com\/wp-content\/uploads\/2024\/10\/zircon-sand-500x500-1.webp",500,500,false],"elite-commerce-slider":["https:\/\/frcs-research.com\/wp-content\/uploads\/2024\/10\/zircon-sand-500x500-1.webp",500,500,false],"elite-commerce-hero":["https:\/\/frcs-research.com\/wp-content\/uploads\/2024\/10\/zircon-sand-500x500-1.webp",500,500,false],"elite-commerce-portfolio":["https:\/\/frcs-research.com\/wp-content\/uploads\/2024\/10\/zircon-sand-500x500-1.webp",400,400,false],"woocommerce_thumbnail":["https:\/\/frcs-research.com\/wp-content\/uploads\/2024\/10\/zircon-sand-500x500-1-300x300.webp",300,300,true],"woocommerce_single":["https:\/\/frcs-research.com\/wp-content\/uploads\/2024\/10\/zircon-sand-500x500-1.webp",500,500,false],"woocommerce_gallery_thumbnail":["https:\/\/frcs-research.com\/wp-content\/uploads\/2024\/10\/zircon-sand-500x500-1-100x100.webp",100,100,true]},"uagb_author_info":{"display_name":"Richard Wood","author_link":"https:\/\/frcs-research.com\/fr\/author\/"},"uagb_comment_info":760,"uagb_excerpt":"Buy DMT Powder for Research | FRCS Research For those seeking to buy DMT online, N,N-Dimethyltryptamine (DMT) is a powerful psychedelic compound renowned for its intense and short-lived effects. Found&hellip;&euro;6,000.00 Le prix d&#039;origine \u00e9tait : &euro;6,000.00.&euro;5,700.00Le prix actuel est : &euro;5,700.00.Ajouter au panier","_links":{"self":[{"href":"https:\/\/frcs-research.com\/fr\/wp-json\/wp\/v2\/product\/751","targetHints":{"allow":["GET"]}}],"collection":[{"href":"https:\/\/frcs-research.com\/fr\/wp-json\/wp\/v2\/product"}],"about":[{"href":"https:\/\/frcs-research.com\/fr\/wp-json\/wp\/v2\/types\/product"}],"replies":[{"embeddable":true,"href":"https:\/\/frcs-research.com\/fr\/wp-json\/wp\/v2\/comments?post=751"}],"wp:featuredmedia":[{"embeddable":true,"href":"https:\/\/frcs-research.com\/fr\/wp-json\/wp\/v2\/media\/752"}],"wp:attachment":[{"href":"https:\/\/frcs-research.com\/fr\/wp-json\/wp\/v2\/media?parent=751"}],"wp:term":[{"taxonomy":"product_brand","embeddable":true,"href":"https:\/\/frcs-research.com\/fr\/wp-json\/wp\/v2\/product_brand?post=751"},{"taxonomy":"product_cat","embeddable":true,"href":"https:\/\/frcs-research.com\/fr\/wp-json\/wp\/v2\/product_cat?post=751"},{"taxonomy":"product_tag","embeddable":true,"href":"https:\/\/frcs-research.com\/fr\/wp-json\/wp\/v2\/product_tag?post=751"}],"curies":[{"name":"wp","href":"https:\/\/api.w.org\/{rel}","templated":true}]}}