{"id":753,"date":"2024-10-12T22:39:09","date_gmt":"2024-10-12T22:39:09","guid":{"rendered":"https:\/\/frcs-research.com\/?post_type=product&#038;p=753"},"modified":"2026-04-05T14:02:21","modified_gmt":"2026-04-05T14:02:21","slug":"acheter-2c-b-poudre","status":"publish","type":"product","link":"https:\/\/frcs-research.com\/fr\/product\/acheter-2c-b-poudre\/","title":{"rendered":"2C-B (4-Bromo-2,5-dimethoxyphenethylamine) 50g"},"content":{"rendered":"<h4>Achetez de la poudre 2C-B en ligne pour la recherche | Recherche FRCS<\/h4>\n<h4><\/h4>\n<p>Si vous \u00eates int\u00e9ress\u00e9 par <strong>achat de 2C-B en ligne<\/strong>, <strong>2C-B<\/strong> est un psych\u00e9d\u00e9lique synth\u00e9tique connu pour sa combinaison unique d&#039;effets hallucinog\u00e8nes et entactog\u00e8nes. D\u00e9velopp\u00e9 \u00e0 l&#039;origine dans les ann\u00e9es 1970, le 2C-B a gagn\u00e9 en popularit\u00e9 pour ses applications th\u00e9rapeutiques potentielles et est couramment \u00e9tudi\u00e9 en milieu clinique.<\/p>\n<table>\n<thead>\n<tr>\n<th><strong>Propri\u00e9t\u00e9<\/strong><\/th>\n<th><strong>Sp\u00e9cification<\/strong><\/th>\n<\/tr>\n<\/thead>\n<tbody>\n<tr>\n<td><strong>Nom chimique<\/strong><\/td>\n<td>2,5-Dim\u00e9thoxy-4-bromoph\u00e9n\u00e9thylamine<\/td>\n<\/tr>\n<tr>\n<td><strong>Formule mol\u00e9culaire<\/strong><\/td>\n<td>C\u2081\u2080H\u2081\u2084BrNO\u2082<\/td>\n<\/tr>\n<tr>\n<td><strong>Poids mol\u00e9culaire<\/strong><\/td>\n<td>260,13 g\/mol<\/td>\n<\/tr>\n<tr>\n<td><strong>Apparence<\/strong><\/td>\n<td>On le trouve g\u00e9n\u00e9ralement sous forme de poudre cristalline blanche ou blanc cass\u00e9 ou dans des comprim\u00e9s press\u00e9s<\/td>\n<\/tr>\n<tr>\n<td><strong>Solubilit\u00e9<\/strong><\/td>\n<td>Soluble dans l&#039;\u00e9thanol et d&#039;autres solvants organiques polaires ; solubilit\u00e9 limit\u00e9e dans l&#039;eau<\/td>\n<\/tr>\n<tr>\n<td><strong>Point de fusion<\/strong><\/td>\n<td>Environ 238-240\u00b0C<\/td>\n<\/tr>\n<tr>\n<td><strong>Structure chimique<\/strong><\/td>\n<td>Squelette de ph\u00e9n\u00e9thylamine avec du brome attach\u00e9 au cycle benz\u00e9nique en position 4 et deux groupes m\u00e9thoxy aux positions 2 et 5<\/td>\n<\/tr>\n<tr>\n<td><strong>M\u00e9canisme d&#039;action<\/strong><\/td>\n<td>Agit comme un <strong>agoniste partiel<\/strong> \u00e0 <strong>5-HT\u2082A<\/strong> et <strong>R\u00e9cepteurs 5-HT\u2082C<\/strong>, avec des effets suppl\u00e9mentaires sur les r\u00e9cepteurs de la dopamine<\/td>\n<\/tr>\n<tr>\n<td><strong>Effets<\/strong><\/td>\n<td>Hallucinations visuelles l\u00e9g\u00e8res \u00e0 mod\u00e9r\u00e9es, couleurs et sons renforc\u00e9s, euphorie, effets empathog\u00e8nes, perception alt\u00e9r\u00e9e de l&#039;espace et du temps<\/td>\n<\/tr>\n<tr>\n<td><strong>D\u00e9but des effets<\/strong><\/td>\n<td>Typiquement <strong>20 \u00e0 90 minutes<\/strong> lorsqu&#039;il est pris par voie orale<\/td>\n<\/tr>\n<tr>\n<td><strong>Dur\u00e9e des effets<\/strong><\/td>\n<td>\u00c0 peu pr\u00e8s <strong>4 \u00e0 8 heures<\/strong>, en fonction de la dose et des facteurs individuels<\/td>\n<\/tr>\n<tr>\n<td><strong>Plage de dosage<\/strong><\/td>\n<td>Les dosages oraux courants varient de <strong>10-25 mg<\/strong>; les effets varient consid\u00e9rablement selon la dose<\/td>\n<\/tr>\n<tr>\n<td><strong>S\u00e9curit\u00e9 et effets secondaires<\/strong><\/td>\n<td>Les effets secondaires possibles comprennent des naus\u00e9es, de l&#039;anxi\u00e9t\u00e9, de la tachycardie, de la transpiration et de la confusion\u00a0; des doses plus \u00e9lev\u00e9es augmentent le risque d&#039;effets ind\u00e9sirables<\/td>\n<\/tr>\n<tr>\n<td><strong>Statut juridique<\/strong><\/td>\n<td>Class\u00e9 comme un <strong>Substance de l&#039;annexe I<\/strong> dans de nombreux pays, mais la l\u00e9galit\u00e9 varie \u00e0 l&#039;\u00e9chelle mondiale<\/td>\n<\/tr>\n<\/tbody>\n<\/table>\n<p>Les recherches indiquent que le 2C-B peut am\u00e9liorer les connexions \u00e9motionnelles et augmenter la perception sensorielle, ce qui en fait un sujet int\u00e9ressant pour les psychologues et les chercheurs. Ses effets sont g\u00e9n\u00e9ralement plus l\u00e9gers que ceux des autres psych\u00e9d\u00e9liques, ce qui contribue \u00e0 son attrait dans les environnements th\u00e9rapeutiques.<\/p>\n<p>\u00c0 <strong>Recherche FRCS<\/strong>, nous fournissons de la poudre 2C-B de haute qualit\u00e9, adapt\u00e9e \u00e0 la recherche et \u00e0 l&#039;analyse scientifiques. Notre engagement envers la puret\u00e9 garantit que vous recevez un produit parfait pour vos \u00e9tudes sur les effets des psych\u00e9d\u00e9liques.<\/p>\n<p>&nbsp;<\/p>","protected":false},"excerpt":{"rendered":"<p>Buy 2C-B Powder Online for Research | FRCS Research If you&#8217;re interested in buying 2C-B online, 2C-B is a synthetic psychedelic known for its unique combination of hallucinogenic and entactogenic&hellip;<\/p>\n<p class=\"product woocommerce add_to_cart_inline\" style=\"border:4px solid #ccc; padding: 12px;\"><del aria-hidden=\"true\"><span class=\"woocommerce-Price-amount amount\"><bdi><span class=\"woocommerce-Price-currencySymbol\">&euro;<\/span>260.00<\/bdi><\/span><\/del> <span class=\"screen-reader-text\" data-no-translation=\"\" data-trp-gettext=\"\">Le prix d&#039;origine \u00e9tait : &euro;260.00.<\/span><ins aria-hidden=\"true\"><span class=\"woocommerce-Price-amount amount\"><bdi><span class=\"woocommerce-Price-currencySymbol\">&euro;<\/span>250.00<\/bdi><\/span><\/ins><span class=\"screen-reader-text\" data-no-translation=\"\" data-trp-gettext=\"\">Le prix actuel est : &euro;250.00.<\/span><a href=\"\/fr\/wp-json\/wp\/v2\/product\/753?add-to-cart=753\" aria-describedby=\"woocommerce_loop_add_to_cart_link_describedby_753\" data-quantity=\"1\" class=\"button product_type_simple add_to_cart_button ajax_add_to_cart\" data-product_id=\"753\" data-product_sku=\"\" aria-label=\"Ajouter au panier\u00a0: \u201c2C-B (4-Bromo-2,5-dimethoxyphenethylamine) 50g\u201d\" rel=\"nofollow\" data-success_message=\"\u00ab\u00a02C-B (4-Bromo-2,5-dimethoxyphenethylamine) 50g\u00a0\u00bb a \u00e9t\u00e9 ajout\u00e9 \u00e0 votre panier\" data-no-translation=\"\" data-trp-gettext=\"\" data-no-translation-aria-label=\"\" data-no-translation-data-success_message=\"\">Ajouter au panier<\/a>\t<span id=\"woocommerce_loop_add_to_cart_link_describedby_753\" class=\"screen-reader-text\"><br \/>\n\t\t\t<\/span><\/p>","protected":false},"featured_media":754,"comment_status":"open","ping_status":"closed","template":"","meta":{"_uag_custom_page_level_css":""},"product_brand":[],"product_cat":[29],"product_tag":[108,103,102,101,110,106,109,107,105,104],"class_list":{"0":"post-753","1":"product","2":"type-product","3":"status-publish","4":"has-post-thumbnail","6":"product_cat-psychedelics","7":"product_tag-108","8":"product_tag-2c-b-crystal","9":"product_tag-2c-b-powder","10":"product_tag-2c-b-fly","11":"product_tag-2c-bromine","12":"product_tag-4-bromo-2","13":"product_tag-5-dimethoxy-4-bromophenethylamine","14":"product_tag-5-dimethoxyphenethylamine","15":"product_tag-pink-champagne","16":"product_tag-psychedelic-phenethylamine","18":"first","19":"instock","20":"sale","21":"shipping-taxable","22":"purchasable","23":"product-type-simple"},"yoast_head":"<!-- This site is optimized with the Yoast SEO plugin v27.1.1 - https:\/\/yoast.com\/product\/yoast-seo-wordpress\/ -->\n<title>Buy 2C-B Powder Online for Research | FRCS Research<\/title>\n<meta name=\"description\" content=\"Order 2C-B powder online from FRCS Research for your research needs. Discover its unique effects in therapeutic applications. Fast, secure shipping available\" \/>\n<meta name=\"robots\" content=\"index, follow, max-snippet:-1, max-image-preview:large, max-video-preview:-1\" \/>\n<link rel=\"canonical\" href=\"https:\/\/frcs-research.com\/fr\/product\/acheter-2c-b-poudre\/\" \/>\n<meta property=\"og:locale\" content=\"fr_FR\" \/>\n<meta property=\"og:type\" content=\"article\" \/>\n<meta property=\"og:title\" content=\"Buy 2C-B Powder Online for Research | FRCS Research\" \/>\n<meta property=\"og:description\" content=\"Order 2C-B powder online from FRCS Research for your research needs. Discover its unique effects in therapeutic applications. Fast, secure shipping available\" \/>\n<meta property=\"og:url\" content=\"https:\/\/frcs-research.com\/fr\/product\/acheter-2c-b-poudre\/\" \/>\n<meta property=\"og:site_name\" content=\"wholesale supplier of research chemicals, 4mmc, 3mmc, MDPHP, Alpha PVP and more\" \/>\n<meta property=\"article:modified_time\" content=\"2026-04-05T14:02:21+00:00\" \/>\n<meta property=\"og:image\" content=\"https:\/\/frcs-research.com\/wp-content\/uploads\/2024\/10\/R.jpg\" \/>\n\t<meta property=\"og:image:width\" content=\"524\" \/>\n\t<meta property=\"og:image:height\" content=\"424\" \/>\n\t<meta property=\"og:image:type\" content=\"image\/jpeg\" \/>\n<meta name=\"twitter:card\" content=\"summary_large_image\" \/>\n<meta name=\"twitter:label1\" content=\"Prix\" \/>\n\t<meta name=\"twitter:data1\" content=\"&euro;250.00\" \/>\n\t<meta name=\"twitter:label2\" content=\"Disponibilit\u00e9\" \/>\n\t<meta name=\"twitter:data2\" content=\"En stock\" \/>\n<script type=\"application\/ld+json\" class=\"yoast-schema-graph\">{\"@context\":\"https:\/\/schema.org\",\"@graph\":[{\"@type\":[\"WebPage\",\"ItemPage\"],\"@id\":\"https:\/\/frcs-research.com\/product\/buy-2c-b-powder\/\",\"url\":\"https:\/\/frcs-research.com\/product\/buy-2c-b-powder\/\",\"name\":\"Buy 2C-B Powder Online for Research | FRCS Research\",\"isPartOf\":{\"@id\":\"https:\/\/frcs-research.com\/#website\"},\"primaryImageOfPage\":{\"@id\":\"https:\/\/frcs-research.com\/product\/buy-2c-b-powder\/#primaryimage\"},\"image\":{\"@id\":\"https:\/\/frcs-research.com\/product\/buy-2c-b-powder\/#primaryimage\"},\"thumbnailUrl\":\"https:\/\/frcs-research.com\/wp-content\/uploads\/2024\/10\/R.jpg\",\"datePublished\":\"2024-10-12T22:39:09+00:00\",\"dateModified\":\"2026-04-05T14:02:21+00:00\",\"description\":\"Order 2C-B powder online from FRCS Research for your research needs. Discover its unique effects in therapeutic applications. Fast, secure shipping available\",\"breadcrumb\":{\"@id\":\"https:\/\/frcs-research.com\/product\/buy-2c-b-powder\/#breadcrumb\"},\"inLanguage\":\"fr-FR\",\"potentialAction\":[{\"@type\":\"ReadAction\",\"target\":[\"https:\/\/frcs-research.com\/product\/buy-2c-b-powder\/\"]}]},{\"@type\":\"ImageObject\",\"inLanguage\":\"fr-FR\",\"@id\":\"https:\/\/frcs-research.com\/product\/buy-2c-b-powder\/#primaryimage\",\"url\":\"https:\/\/frcs-research.com\/wp-content\/uploads\/2024\/10\/R.jpg\",\"contentUrl\":\"https:\/\/frcs-research.com\/wp-content\/uploads\/2024\/10\/R.jpg\",\"width\":524,\"height\":424,\"caption\":\"Buy 2C-B Powder\"},{\"@type\":\"BreadcrumbList\",\"@id\":\"https:\/\/frcs-research.com\/product\/buy-2c-b-powder\/#breadcrumb\",\"itemListElement\":[{\"@type\":\"ListItem\",\"position\":1,\"name\":\"Home\",\"item\":\"https:\/\/frcs-research.com\/\"},{\"@type\":\"ListItem\",\"position\":2,\"name\":\"Shop\",\"item\":\"https:\/\/frcs-research.com\/shop\/\"},{\"@type\":\"ListItem\",\"position\":3,\"name\":\"2C-B (4-Bromo-2,5-dimethoxyphenethylamine) 50g\"}]},{\"@type\":\"WebSite\",\"@id\":\"https:\/\/frcs-research.com\/#website\",\"url\":\"https:\/\/frcs-research.com\/\",\"name\":\"wholesale supplier of research chemicals, 4mmc, 3mmc, MDPHP, Alpha PVP and more\",\"description\":\"Wholesale research chemicals\",\"potentialAction\":[{\"@type\":\"SearchAction\",\"target\":{\"@type\":\"EntryPoint\",\"urlTemplate\":\"https:\/\/frcs-research.com\/?s={search_term_string}\"},\"query-input\":{\"@type\":\"PropertyValueSpecification\",\"valueRequired\":true,\"valueName\":\"search_term_string\"}}],\"inLanguage\":\"fr-FR\"}]}<\/script>\n<meta property=\"product:price:amount\" content=\"250.00\" \/>\n<meta property=\"product:price:currency\" content=\"EUR\" \/>\n<meta property=\"og:availability\" content=\"instock\" \/>\n<meta property=\"product:availability\" content=\"instock\" \/>\n<meta property=\"product:condition\" content=\"new\" \/>\n<!-- \/ Yoast SEO plugin. -->","yoast_head_json":{"title":"Achetez de la poudre 2C-B en ligne pour la recherche | Recherche FRCS","description":"Commandez la poudre 2C-B en ligne aupr\u00e8s de FRCS Research pour vos besoins de recherche. D\u00e9couvrez ses effets uniques dans les applications th\u00e9rapeutiques. Exp\u00e9dition rapide et s\u00e9curis\u00e9e disponible","robots":{"index":"index","follow":"follow","max-snippet":"max-snippet:-1","max-image-preview":"max-image-preview:large","max-video-preview":"max-video-preview:-1"},"canonical":"https:\/\/frcs-research.com\/fr\/product\/acheter-2c-b-poudre\/","og_locale":"fr_FR","og_type":"article","og_title":"Buy 2C-B Powder Online for Research | FRCS Research","og_description":"Order 2C-B powder online from FRCS Research for your research needs. Discover its unique effects in therapeutic applications. Fast, secure shipping available","og_url":"https:\/\/frcs-research.com\/fr\/product\/acheter-2c-b-poudre\/","og_site_name":"wholesale supplier of research chemicals, 4mmc, 3mmc, MDPHP, Alpha PVP and more","article_modified_time":"2026-04-05T14:02:21+00:00","og_image":[{"width":524,"height":424,"url":"https:\/\/frcs-research.com\/wp-content\/uploads\/2024\/10\/R.jpg","type":"image\/jpeg"}],"twitter_card":"summary_large_image","twitter_misc":{"Prix":"&euro;250.00","Disponibilit\u00e9":"En stock"},"schema":{"@context":"https:\/\/schema.org","@graph":[{"@type":["WebPage","ItemPage"],"@id":"https:\/\/frcs-research.com\/product\/buy-2c-b-powder\/","url":"https:\/\/frcs-research.com\/product\/buy-2c-b-powder\/","name":"Achetez de la poudre 2C-B en ligne pour la recherche | Recherche FRCS","isPartOf":{"@id":"https:\/\/frcs-research.com\/#website"},"primaryImageOfPage":{"@id":"https:\/\/frcs-research.com\/product\/buy-2c-b-powder\/#primaryimage"},"image":{"@id":"https:\/\/frcs-research.com\/product\/buy-2c-b-powder\/#primaryimage"},"thumbnailUrl":"https:\/\/frcs-research.com\/wp-content\/uploads\/2024\/10\/R.jpg","datePublished":"2024-10-12T22:39:09+00:00","dateModified":"2026-04-05T14:02:21+00:00","description":"Commandez la poudre 2C-B en ligne aupr\u00e8s de FRCS Research pour vos besoins de recherche. D\u00e9couvrez ses effets uniques dans les applications th\u00e9rapeutiques. Exp\u00e9dition rapide et s\u00e9curis\u00e9e disponible","breadcrumb":{"@id":"https:\/\/frcs-research.com\/product\/buy-2c-b-powder\/#breadcrumb"},"inLanguage":"fr-FR","potentialAction":[{"@type":"ReadAction","target":["https:\/\/frcs-research.com\/product\/buy-2c-b-powder\/"]}]},{"@type":"ImageObject","inLanguage":"fr-FR","@id":"https:\/\/frcs-research.com\/product\/buy-2c-b-powder\/#primaryimage","url":"https:\/\/frcs-research.com\/wp-content\/uploads\/2024\/10\/R.jpg","contentUrl":"https:\/\/frcs-research.com\/wp-content\/uploads\/2024\/10\/R.jpg","width":524,"height":424,"caption":"Buy 2C-B Powder"},{"@type":"BreadcrumbList","@id":"https:\/\/frcs-research.com\/product\/buy-2c-b-powder\/#breadcrumb","itemListElement":[{"@type":"ListItem","position":1,"name":"Home","item":"https:\/\/frcs-research.com\/"},{"@type":"ListItem","position":2,"name":"Shop","item":"https:\/\/frcs-research.com\/shop\/"},{"@type":"ListItem","position":3,"name":"2C-B (4-Bromo-2,5-dimethoxyphenethylamine) 50g"}]},{"@type":"WebSite","@id":"https:\/\/frcs-research.com\/#website","url":"https:\/\/frcs-research.com\/","name":"fournisseur en gros de produits chimiques de recherche, 4mmc, 3mmc, MDPHP, Alpha PVP et plus","description":"Vente en gros de produits chimiques de recherche","potentialAction":[{"@type":"SearchAction","target":{"@type":"EntryPoint","urlTemplate":"https:\/\/frcs-research.com\/?s={search_term_string}"},"query-input":{"@type":"PropertyValueSpecification","valueRequired":true,"valueName":"search_term_string"}}],"inLanguage":"fr-FR"}]},"product_price_amount":"250.00","product_price_currency":"EUR","og_availability":"instock","product_availability":"instock","product_condition":"new"},"uagb_featured_image_src":{"full":["https:\/\/frcs-research.com\/wp-content\/uploads\/2024\/10\/R.jpg",524,424,false],"thumbnail":["https:\/\/frcs-research.com\/wp-content\/uploads\/2024\/10\/R-150x150.jpg",150,150,true],"medium":["https:\/\/frcs-research.com\/wp-content\/uploads\/2024\/10\/R-300x243.jpg",300,243,true],"medium_large":["https:\/\/frcs-research.com\/wp-content\/uploads\/2024\/10\/R.jpg",524,424,false],"large":["https:\/\/frcs-research.com\/wp-content\/uploads\/2024\/10\/R.jpg",524,424,false],"1536x1536":["https:\/\/frcs-research.com\/wp-content\/uploads\/2024\/10\/R.jpg",524,424,false],"2048x2048":["https:\/\/frcs-research.com\/wp-content\/uploads\/2024\/10\/R.jpg",524,424,false],"trp-custom-language-flag":["https:\/\/frcs-research.com\/wp-content\/uploads\/2024\/10\/R.jpg",15,12,false],"post-thumbnail":["https:\/\/frcs-research.com\/wp-content\/uploads\/2024\/10\/R.jpg",524,424,false],"elite-commerce-slider":["https:\/\/frcs-research.com\/wp-content\/uploads\/2024\/10\/R.jpg",524,424,false],"elite-commerce-hero":["https:\/\/frcs-research.com\/wp-content\/uploads\/2024\/10\/R.jpg",524,424,false],"elite-commerce-portfolio":["https:\/\/frcs-research.com\/wp-content\/uploads\/2024\/10\/R.jpg",400,324,false],"woocommerce_thumbnail":["https:\/\/frcs-research.com\/wp-content\/uploads\/2024\/10\/R-300x300.jpg",300,300,true],"woocommerce_single":["https:\/\/frcs-research.com\/wp-content\/uploads\/2024\/10\/R.jpg",524,424,false],"woocommerce_gallery_thumbnail":["https:\/\/frcs-research.com\/wp-content\/uploads\/2024\/10\/R-100x100.jpg",100,100,true]},"uagb_author_info":{"display_name":"Richard Wood","author_link":"https:\/\/frcs-research.com\/fr\/author\/"},"uagb_comment_info":782,"uagb_excerpt":"Buy 2C-B Powder Online for Research | FRCS Research If you&#8217;re interested in buying 2C-B online, 2C-B is a synthetic psychedelic known for its unique combination of hallucinogenic and entactogenic&hellip;&euro;260.00 Le prix d&#039;origine \u00e9tait : &euro;260.00.&euro;250.00Le prix actuel est : &euro;250.00.Ajouter au panier","_links":{"self":[{"href":"https:\/\/frcs-research.com\/fr\/wp-json\/wp\/v2\/product\/753","targetHints":{"allow":["GET"]}}],"collection":[{"href":"https:\/\/frcs-research.com\/fr\/wp-json\/wp\/v2\/product"}],"about":[{"href":"https:\/\/frcs-research.com\/fr\/wp-json\/wp\/v2\/types\/product"}],"replies":[{"embeddable":true,"href":"https:\/\/frcs-research.com\/fr\/wp-json\/wp\/v2\/comments?post=753"}],"wp:featuredmedia":[{"embeddable":true,"href":"https:\/\/frcs-research.com\/fr\/wp-json\/wp\/v2\/media\/754"}],"wp:attachment":[{"href":"https:\/\/frcs-research.com\/fr\/wp-json\/wp\/v2\/media?parent=753"}],"wp:term":[{"taxonomy":"product_brand","embeddable":true,"href":"https:\/\/frcs-research.com\/fr\/wp-json\/wp\/v2\/product_brand?post=753"},{"taxonomy":"product_cat","embeddable":true,"href":"https:\/\/frcs-research.com\/fr\/wp-json\/wp\/v2\/product_cat?post=753"},{"taxonomy":"product_tag","embeddable":true,"href":"https:\/\/frcs-research.com\/fr\/wp-json\/wp\/v2\/product_tag?post=753"}],"curies":[{"name":"wp","href":"https:\/\/api.w.org\/{rel}","templated":true}]}}