{"id":807,"date":"2024-10-13T09:49:18","date_gmt":"2024-10-13T09:49:18","guid":{"rendered":"https:\/\/frcs-research.com\/?post_type=product&#038;p=807"},"modified":"2026-04-17T02:22:22","modified_gmt":"2026-04-17T02:22:22","slug":"acheter-le-spray-diablo-k2","status":"publish","type":"product","link":"https:\/\/frcs-research.com\/fr\/product\/acheter-le-spray-diablo-k2\/","title":{"rendered":"Spray Diablo K2"},"content":{"rendered":"<h1><strong>Achetez le spray Diablo K2 en ligne \u2013 Le spray K2 le plus puissant en vente chez FRCSResearch<\/strong><\/h1>\n<p>\u00c0 la recherche de la <strong>Le spray K2 le plus puissant<\/strong> sur le march\u00e9 ? <strong>Spray Diablo K2<\/strong> est votre choix ultime ! Chez <strong>FRCSRecherche<\/strong>, nous offrons des produits premium <strong>Spray Diablo K2 \u00e0 vendre<\/strong>, offrant une exp\u00e9rience puissante et durable qui est in\u00e9gal\u00e9e. Que vous soyez un utilisateur exp\u00e9riment\u00e9 ou nouveau dans le monde de <strong>Sprays aux \u00e9pices K2<\/strong>, ce produit promet de vous offrir l&#039;intensit\u00e9 que vous recherchez.<\/p>\n<hr \/>\n<h3>Pourquoi acheter le spray Diablo K2 ?<\/h3>\n<p><strong>Spray Diablo K2<\/strong> est r\u00e9put\u00e9 pour \u00eatre l&#039;un des plus puissants <strong>Sprays aux \u00e9pices K2<\/strong> disponible. Connu pour ses effets rapides et son high puissant, il est parfait pour ceux qui recherchent une exp\u00e9rience forte et alt\u00e9rant l&#039;esprit. Voici pourquoi vous devriez <strong>acheter le spray Diablo K2 en ligne<\/strong> depuis <strong>FRCSRecherche<\/strong>:<\/p>\n<ul>\n<li><strong>Extr\u00eamement puissant<\/strong>: L&#039;un des <strong>les sprays d&#039;\u00e9pices K2 les plus puissants<\/strong> sur le march\u00e9, con\u00e7u pour les utilisateurs exp\u00e9riment\u00e9s.<\/li>\n<li><strong>Effets durables<\/strong>: Profitez de l&#039;euphorie et de la d\u00e9tente durables que <strong>Diablo K2<\/strong> d\u00e9livre, procurant un high in\u00e9gal\u00e9.<\/li>\n<li><strong>Exp\u00e9dition discr\u00e8te et s\u00e9curis\u00e9e<\/strong>:Toutes les commandes sont exp\u00e9di\u00e9es avec soin, garantissant votre confidentialit\u00e9.<\/li>\n<li><strong>Test\u00e9 en laboratoire pour la qualit\u00e9<\/strong>: Notre <a href=\"https:\/\/frcs-research.com\/fr\/product-category\/cannabinoides-synthetiques\/epices-et-k2\/\"><strong>Sprays K2<\/strong><\/a> sont test\u00e9s en laboratoire pour garantir les normes de qualit\u00e9 et de s\u00e9curit\u00e9 les plus \u00e9lev\u00e9es.<\/li>\n<\/ul>\n<hr \/>\n<h3>Spray K2 Diablo \u2013 Le meilleur des produits \u00e0 base d\u2019\u00e9pices K2<\/h3>\n<p>Si vous recherchez le <strong>meilleur spray aux \u00e9pices K2<\/strong>, <strong>Diablo K2<\/strong> devrait \u00eatre en t\u00eate de votre liste. Ce produit \u00e0 haute puissance a acquis la r\u00e9putation d&#039;\u00eatre l&#039;un des cannabino\u00efdes synth\u00e9tiques les plus intenses du march\u00e9. Avec seulement une petite quantit\u00e9, vous pouvez ressentir un high qui dure des heures.<\/p>\n<p><strong>Principales caract\u00e9ristiques du spray Diablo K2<\/strong>:<\/p>\n<ul>\n<li>L&#039;un des <strong>les sprays K2 les plus puissants \u00e0 vendre<\/strong><\/li>\n<li>Parfait pour ceux qui recherchent un <strong>l\u00e9gal \u00e9lev\u00e9<\/strong> et des effets intenses<\/li>\n<li>Formule \u00e0 action rapide pour des r\u00e9sultats imm\u00e9diats<\/li>\n<li>Id\u00e9al pour une utilisation sur <strong>Papier K2<\/strong> ou <strong>encens aux herbes<\/strong><\/li>\n<\/ul>\n<hr \/>\n<h3>O\u00f9 acheter le spray Diablo K2 en ligne ?<\/h3>\n<p>Vous pouvez facilement <strong>acheter le spray Diablo K2<\/strong> depuis <strong>FRCSRecherche<\/strong>, votre source de confiance pour les produits K2 de la plus haute qualit\u00e9. Avec notre processus de paiement simple et s\u00e9curis\u00e9 et nos options d&#039;exp\u00e9dition discr\u00e8tes, l&#039;achat <strong>Spray Diablo K2<\/strong> n&#039;a jamais \u00e9t\u00e9 aussi simple.<\/p>\n<p>\u00c0 <strong>FRCSRecherche<\/strong>, nous comprenons votre besoin d&#039;une source fiable pour <strong>acheter du spray aux \u00e9pices K2 en ligne<\/strong>Nous veillons \u00e0 ce que chaque bouteille de <strong>Spray Diablo K2<\/strong> r\u00e9pond \u00e0 des normes de qualit\u00e9 strictes, afin que vous puissiez profiter du meilleur <strong>\u00c9pice K2<\/strong> exp\u00e9rience disponible.<\/p>\n<hr \/>\n<h3>Achetez le spray Diablo K2 chez FRCSResearch<\/h3>\n<p><strong>FRCSRecherche<\/strong> est le meilleur endroit pour <strong>acheter le spray Diablo K2 en ligne<\/strong>Nous stockons uniquement la plus haute qualit\u00e9 <strong>Sprays aux \u00e9pices K2<\/strong>, vous offrant le meilleur <strong>encens aux herbes<\/strong> et <a href=\"https:\/\/frcs-research.com\/fr\/product-category\/cannabinoides-synthetiques\/epices-et-k2\/\"><strong>Produits K2<\/strong><\/a> sur le march\u00e9. Nos prix comp\u00e9titifs, notre exp\u00e9dition rapide et notre engagement envers la qualit\u00e9 font de nous le premier choix des acheteurs de K2.<\/p>\n<hr \/>\n<h3>Pourquoi choisir FRCSResearch?<\/h3>\n<ul>\n<li><strong>Le spray K2 le plus puissant \u00e0 vendre<\/strong>:Nous sommes sp\u00e9cialis\u00e9s dans les produits K2 \u00e0 haute puissance comme <strong>Spray Diablo K2<\/strong>.<\/li>\n<li><strong>Des prix abordables<\/strong>:Obtenez des sprays d&#039;\u00e9pices K2 de qualit\u00e9 sup\u00e9rieure \u00e0 des prix comp\u00e9titifs.<\/li>\n<li><strong>Exp\u00e9dition discr\u00e8te<\/strong>:Toutes les commandes sont trait\u00e9es en toute confidentialit\u00e9 et livr\u00e9es rapidement.<\/li>\n<li><strong>Source fiable<\/strong>:Nous sommes un fournisseur de confiance pour tous les types de <strong>\u00c9pice K2<\/strong> produits, y compris <strong>Spray K2 sur papier<\/strong> et <strong>Encens K2<\/strong>.<\/li>\n<\/ul>\n<hr \/>\n<h3>Achetez le spray Diablo K2 aujourd&#039;hui\u00a0!<\/h3>\n<p>N&#039;attendez pas ! <strong>Acheter le spray Diablo K2 en ligne<\/strong> maintenant \u00e0 <strong>FRCSRecherche<\/strong> et d\u00e9couvrez le spray aux \u00e9pices K2 le plus puissant et le plus fiable disponible. Que vous soyez un utilisateur fr\u00e9quent ou que vous essayiez simplement <strong>Spray aux \u00e9pices K2<\/strong> pour la premi\u00e8re fois, vous adorerez les effets puissants et durables de <strong>Diablo K2<\/strong>Commandez aujourd&#039;hui pour une exp\u00e9dition rapide et discr\u00e8te et les meilleurs prix du march\u00e9.<\/p>","protected":false},"excerpt":{"rendered":"<p>Buy Diablo K2 Spray Online \u2013 The Strongest K2 Spray for Sale at FRCSResearch Looking for the strongest K2 spray on the market? Diablo K2 Spray is your ultimate choice!&hellip;<\/p>\n<p class=\"product woocommerce add_to_cart_inline\" style=\"border:4px solid #ccc; padding: 12px;\"><del aria-hidden=\"true\"><span class=\"woocommerce-Price-amount amount\"><bdi><span class=\"woocommerce-Price-currencySymbol\">&euro;<\/span>250.00<\/bdi><\/span><\/del> <span class=\"screen-reader-text\" data-no-translation=\"\" data-trp-gettext=\"\">Le prix d&#039;origine \u00e9tait : &euro;250.00.<\/span><ins aria-hidden=\"true\"><span class=\"woocommerce-Price-amount amount\"><bdi><span class=\"woocommerce-Price-currencySymbol\">&euro;<\/span>245.00<\/bdi><\/span><\/ins><span class=\"screen-reader-text\" data-no-translation=\"\" data-trp-gettext=\"\">Le prix actuel est : &euro;245.00.<\/span><a href=\"\/fr\/wp-json\/wp\/v2\/product\/807?add-to-cart=807\" aria-describedby=\"woocommerce_loop_add_to_cart_link_describedby_807\" data-quantity=\"1\" class=\"button product_type_simple add_to_cart_button ajax_add_to_cart\" data-product_id=\"807\" data-product_sku=\"\" aria-label=\"Ajouter au panier\u00a0: \u201cDiablo K2 Spray\u201d\" rel=\"nofollow\" data-success_message=\"\u00ab\u00a0Diablo K2 Spray\u00a0\u00bb a \u00e9t\u00e9 ajout\u00e9 \u00e0 votre panier\" data-no-translation=\"\" data-trp-gettext=\"\" data-no-translation-aria-label=\"\" data-no-translation-data-success_message=\"\">Ajouter au panier<\/a>\t<span id=\"woocommerce_loop_add_to_cart_link_describedby_807\" class=\"screen-reader-text\"><br \/>\n\t\t\t<\/span><\/p>","protected":false},"featured_media":808,"comment_status":"open","ping_status":"closed","template":"","meta":{"_uag_custom_page_level_css":""},"product_brand":[],"product_cat":[124],"product_tag":[],"class_list":{"0":"post-807","1":"product","2":"type-product","3":"status-publish","4":"has-post-thumbnail","6":"product_cat-spice-and-k2","8":"first","9":"instock","10":"sale","11":"shipping-taxable","12":"purchasable","13":"product-type-simple"},"yoast_head":"<!-- This site is optimized with the Yoast SEO plugin v27.1.1 - https:\/\/yoast.com\/product\/yoast-seo-wordpress\/ -->\n<title>Buy Diablo K2 Spray Online \u2013 Strongest K2 Spice Spray for Sale<\/title>\n<meta name=\"description\" content=\"Purchase the strongest Diablo K2 spray online at FRCSResearch. Enjoy potent, long-lasting effects from the best K2 spice spray on the market. Fast, discreet shipping available.\" \/>\n<meta name=\"robots\" content=\"index, follow, max-snippet:-1, max-image-preview:large, max-video-preview:-1\" \/>\n<link rel=\"canonical\" href=\"https:\/\/frcs-research.com\/fr\/product\/acheter-le-spray-diablo-k2\/\" \/>\n<meta property=\"og:locale\" content=\"fr_FR\" \/>\n<meta property=\"og:type\" content=\"article\" \/>\n<meta property=\"og:title\" content=\"Buy Diablo K2 Spray Online \u2013 Strongest K2 Spice Spray for Sale\" \/>\n<meta property=\"og:description\" content=\"Purchase the strongest Diablo K2 spray online at FRCSResearch. Enjoy potent, long-lasting effects from the best K2 spice spray on the market. Fast, discreet shipping available.\" \/>\n<meta property=\"og:url\" content=\"https:\/\/frcs-research.com\/fr\/product\/acheter-le-spray-diablo-k2\/\" \/>\n<meta property=\"og:site_name\" content=\"wholesale supplier of research chemicals, 4mmc, 3mmc, MDPHP, Alpha PVP and more\" \/>\n<meta property=\"article:modified_time\" content=\"2026-04-17T02:22:22+00:00\" \/>\n<meta property=\"og:image\" content=\"https:\/\/frcs-research.com\/wp-content\/uploads\/2024\/10\/Diablo-K2-spice-spray-768x687-1.jpeg\" \/>\n\t<meta property=\"og:image:width\" content=\"768\" \/>\n\t<meta property=\"og:image:height\" content=\"687\" \/>\n\t<meta property=\"og:image:type\" content=\"image\/jpeg\" \/>\n<meta name=\"twitter:card\" content=\"summary_large_image\" \/>\n<meta name=\"twitter:label1\" content=\"Prix\" \/>\n\t<meta name=\"twitter:data1\" content=\"&euro;245.00\" \/>\n\t<meta name=\"twitter:label2\" content=\"Disponibilit\u00e9\" \/>\n\t<meta name=\"twitter:data2\" content=\"En stock\" \/>\n<script type=\"application\/ld+json\" class=\"yoast-schema-graph\">{\"@context\":\"https:\/\/schema.org\",\"@graph\":[{\"@type\":[\"WebPage\",\"ItemPage\"],\"@id\":\"https:\/\/frcs-research.com\/product\/buy-diablo-k2-spray\/\",\"url\":\"https:\/\/frcs-research.com\/product\/buy-diablo-k2-spray\/\",\"name\":\"Buy Diablo K2 Spray Online \u2013 Strongest K2 Spice Spray for Sale\",\"isPartOf\":{\"@id\":\"https:\/\/frcs-research.com\/#website\"},\"primaryImageOfPage\":{\"@id\":\"https:\/\/frcs-research.com\/product\/buy-diablo-k2-spray\/#primaryimage\"},\"image\":{\"@id\":\"https:\/\/frcs-research.com\/product\/buy-diablo-k2-spray\/#primaryimage\"},\"thumbnailUrl\":\"https:\/\/frcs-research.com\/wp-content\/uploads\/2024\/10\/Diablo-K2-spice-spray-768x687-1.jpeg\",\"datePublished\":\"2024-10-13T09:49:18+00:00\",\"dateModified\":\"2026-04-17T02:22:22+00:00\",\"description\":\"Purchase the strongest Diablo K2 spray online at FRCSResearch. Enjoy potent, long-lasting effects from the best K2 spice spray on the market. Fast, discreet shipping available.\",\"breadcrumb\":{\"@id\":\"https:\/\/frcs-research.com\/product\/buy-diablo-k2-spray\/#breadcrumb\"},\"inLanguage\":\"fr-FR\",\"potentialAction\":[{\"@type\":\"ReadAction\",\"target\":[\"https:\/\/frcs-research.com\/product\/buy-diablo-k2-spray\/\"]}]},{\"@type\":\"ImageObject\",\"inLanguage\":\"fr-FR\",\"@id\":\"https:\/\/frcs-research.com\/product\/buy-diablo-k2-spray\/#primaryimage\",\"url\":\"https:\/\/frcs-research.com\/wp-content\/uploads\/2024\/10\/Diablo-K2-spice-spray-768x687-1.jpeg\",\"contentUrl\":\"https:\/\/frcs-research.com\/wp-content\/uploads\/2024\/10\/Diablo-K2-spice-spray-768x687-1.jpeg\",\"width\":768,\"height\":687,\"caption\":\"Diablo K2 Spray\"},{\"@type\":\"BreadcrumbList\",\"@id\":\"https:\/\/frcs-research.com\/product\/buy-diablo-k2-spray\/#breadcrumb\",\"itemListElement\":[{\"@type\":\"ListItem\",\"position\":1,\"name\":\"Home\",\"item\":\"https:\/\/frcs-research.com\/\"},{\"@type\":\"ListItem\",\"position\":2,\"name\":\"Shop\",\"item\":\"https:\/\/frcs-research.com\/shop\/\"},{\"@type\":\"ListItem\",\"position\":3,\"name\":\"Diablo K2 Spray\"}]},{\"@type\":\"WebSite\",\"@id\":\"https:\/\/frcs-research.com\/#website\",\"url\":\"https:\/\/frcs-research.com\/\",\"name\":\"wholesale supplier of research chemicals, 4mmc, 3mmc, MDPHP, Alpha PVP and more\",\"description\":\"Wholesale research chemicals\",\"potentialAction\":[{\"@type\":\"SearchAction\",\"target\":{\"@type\":\"EntryPoint\",\"urlTemplate\":\"https:\/\/frcs-research.com\/?s={search_term_string}\"},\"query-input\":{\"@type\":\"PropertyValueSpecification\",\"valueRequired\":true,\"valueName\":\"search_term_string\"}}],\"inLanguage\":\"fr-FR\"}]}<\/script>\n<meta property=\"product:price:amount\" content=\"245.00\" \/>\n<meta property=\"product:price:currency\" content=\"EUR\" \/>\n<meta property=\"og:availability\" content=\"instock\" \/>\n<meta property=\"product:availability\" content=\"instock\" \/>\n<meta property=\"product:condition\" content=\"new\" \/>\n<!-- \/ Yoast SEO plugin. -->","yoast_head_json":{"title":"Achetez le spray Diablo K2 en ligne \u2013 Le spray aux \u00e9pices K2 le plus puissant en vente","description":"Achetez le spray Diablo K2 le plus puissant en ligne sur FRCSResearch. Profitez des effets puissants et durables du meilleur spray aux \u00e9pices K2 du march\u00e9. Exp\u00e9dition rapide et discr\u00e8te disponible.","robots":{"index":"index","follow":"follow","max-snippet":"max-snippet:-1","max-image-preview":"max-image-preview:large","max-video-preview":"max-video-preview:-1"},"canonical":"https:\/\/frcs-research.com\/fr\/product\/acheter-le-spray-diablo-k2\/","og_locale":"fr_FR","og_type":"article","og_title":"Buy Diablo K2 Spray Online \u2013 Strongest K2 Spice Spray for Sale","og_description":"Purchase the strongest Diablo K2 spray online at FRCSResearch. Enjoy potent, long-lasting effects from the best K2 spice spray on the market. Fast, discreet shipping available.","og_url":"https:\/\/frcs-research.com\/fr\/product\/acheter-le-spray-diablo-k2\/","og_site_name":"wholesale supplier of research chemicals, 4mmc, 3mmc, MDPHP, Alpha PVP and more","article_modified_time":"2026-04-17T02:22:22+00:00","og_image":[{"width":768,"height":687,"url":"https:\/\/frcs-research.com\/wp-content\/uploads\/2024\/10\/Diablo-K2-spice-spray-768x687-1.jpeg","type":"image\/jpeg"}],"twitter_card":"summary_large_image","twitter_misc":{"Prix":"&euro;245.00","Disponibilit\u00e9":"En stock"},"schema":{"@context":"https:\/\/schema.org","@graph":[{"@type":["WebPage","ItemPage"],"@id":"https:\/\/frcs-research.com\/product\/buy-diablo-k2-spray\/","url":"https:\/\/frcs-research.com\/product\/buy-diablo-k2-spray\/","name":"Achetez le spray Diablo K2 en ligne \u2013 Le spray aux \u00e9pices K2 le plus puissant en vente","isPartOf":{"@id":"https:\/\/frcs-research.com\/#website"},"primaryImageOfPage":{"@id":"https:\/\/frcs-research.com\/product\/buy-diablo-k2-spray\/#primaryimage"},"image":{"@id":"https:\/\/frcs-research.com\/product\/buy-diablo-k2-spray\/#primaryimage"},"thumbnailUrl":"https:\/\/frcs-research.com\/wp-content\/uploads\/2024\/10\/Diablo-K2-spice-spray-768x687-1.jpeg","datePublished":"2024-10-13T09:49:18+00:00","dateModified":"2026-04-17T02:22:22+00:00","description":"Achetez le spray Diablo K2 le plus puissant en ligne sur FRCSResearch. Profitez des effets puissants et durables du meilleur spray aux \u00e9pices K2 du march\u00e9. Exp\u00e9dition rapide et discr\u00e8te disponible.","breadcrumb":{"@id":"https:\/\/frcs-research.com\/product\/buy-diablo-k2-spray\/#breadcrumb"},"inLanguage":"fr-FR","potentialAction":[{"@type":"ReadAction","target":["https:\/\/frcs-research.com\/product\/buy-diablo-k2-spray\/"]}]},{"@type":"ImageObject","inLanguage":"fr-FR","@id":"https:\/\/frcs-research.com\/product\/buy-diablo-k2-spray\/#primaryimage","url":"https:\/\/frcs-research.com\/wp-content\/uploads\/2024\/10\/Diablo-K2-spice-spray-768x687-1.jpeg","contentUrl":"https:\/\/frcs-research.com\/wp-content\/uploads\/2024\/10\/Diablo-K2-spice-spray-768x687-1.jpeg","width":768,"height":687,"caption":"Diablo K2 Spray"},{"@type":"BreadcrumbList","@id":"https:\/\/frcs-research.com\/product\/buy-diablo-k2-spray\/#breadcrumb","itemListElement":[{"@type":"ListItem","position":1,"name":"Home","item":"https:\/\/frcs-research.com\/"},{"@type":"ListItem","position":2,"name":"Shop","item":"https:\/\/frcs-research.com\/shop\/"},{"@type":"ListItem","position":3,"name":"Diablo K2 Spray"}]},{"@type":"WebSite","@id":"https:\/\/frcs-research.com\/#website","url":"https:\/\/frcs-research.com\/","name":"fournisseur en gros de produits chimiques de recherche, 4mmc, 3mmc, MDPHP, Alpha PVP et plus","description":"Vente en gros de produits chimiques de recherche","potentialAction":[{"@type":"SearchAction","target":{"@type":"EntryPoint","urlTemplate":"https:\/\/frcs-research.com\/?s={search_term_string}"},"query-input":{"@type":"PropertyValueSpecification","valueRequired":true,"valueName":"search_term_string"}}],"inLanguage":"fr-FR"}]},"product_price_amount":"245.00","product_price_currency":"EUR","og_availability":"instock","product_availability":"instock","product_condition":"new"},"uagb_featured_image_src":{"full":["https:\/\/frcs-research.com\/wp-content\/uploads\/2024\/10\/Diablo-K2-spice-spray-768x687-1.jpeg",768,687,false],"thumbnail":["https:\/\/frcs-research.com\/wp-content\/uploads\/2024\/10\/Diablo-K2-spice-spray-768x687-1-150x150.jpeg",150,150,true],"medium":["https:\/\/frcs-research.com\/wp-content\/uploads\/2024\/10\/Diablo-K2-spice-spray-768x687-1-300x268.jpeg",300,268,true],"medium_large":["https:\/\/frcs-research.com\/wp-content\/uploads\/2024\/10\/Diablo-K2-spice-spray-768x687-1.jpeg",768,687,false],"large":["https:\/\/frcs-research.com\/wp-content\/uploads\/2024\/10\/Diablo-K2-spice-spray-768x687-1.jpeg",768,687,false],"1536x1536":["https:\/\/frcs-research.com\/wp-content\/uploads\/2024\/10\/Diablo-K2-spice-spray-768x687-1.jpeg",768,687,false],"2048x2048":["https:\/\/frcs-research.com\/wp-content\/uploads\/2024\/10\/Diablo-K2-spice-spray-768x687-1.jpeg",768,687,false],"trp-custom-language-flag":["https:\/\/frcs-research.com\/wp-content\/uploads\/2024\/10\/Diablo-K2-spice-spray-768x687-1.jpeg",13,12,false],"post-thumbnail":["https:\/\/frcs-research.com\/wp-content\/uploads\/2024\/10\/Diablo-K2-spice-spray-768x687-1.jpeg",693,620,false],"elite-commerce-slider":["https:\/\/frcs-research.com\/wp-content\/uploads\/2024\/10\/Diablo-K2-spice-spray-768x687-1.jpeg",768,687,false],"elite-commerce-hero":["https:\/\/frcs-research.com\/wp-content\/uploads\/2024\/10\/Diablo-K2-spice-spray-768x687-1.jpeg",600,537,false],"elite-commerce-portfolio":["https:\/\/frcs-research.com\/wp-content\/uploads\/2024\/10\/Diablo-K2-spice-spray-768x687-1.jpeg",400,358,false],"woocommerce_thumbnail":["https:\/\/frcs-research.com\/wp-content\/uploads\/2024\/10\/Diablo-K2-spice-spray-768x687-1-300x300.jpeg",300,300,true],"woocommerce_single":["https:\/\/frcs-research.com\/wp-content\/uploads\/2024\/10\/Diablo-K2-spice-spray-768x687-1-600x537.jpeg",600,537,true],"woocommerce_gallery_thumbnail":["https:\/\/frcs-research.com\/wp-content\/uploads\/2024\/10\/Diablo-K2-spice-spray-768x687-1-100x100.jpeg",100,100,true]},"uagb_author_info":{"display_name":"Richard Wood","author_link":"https:\/\/frcs-research.com\/fr\/author\/"},"uagb_comment_info":833,"uagb_excerpt":"Buy Diablo K2 Spray Online \u2013 The Strongest K2 Spray for Sale at FRCSResearch Looking for the strongest K2 spray on the market? Diablo K2 Spray is your ultimate choice!&hellip;&euro;250.00 Le prix d&#039;origine \u00e9tait : &euro;250.00.&euro;245.00Le prix actuel est : &euro;245.00.Ajouter au panier","_links":{"self":[{"href":"https:\/\/frcs-research.com\/fr\/wp-json\/wp\/v2\/product\/807","targetHints":{"allow":["GET"]}}],"collection":[{"href":"https:\/\/frcs-research.com\/fr\/wp-json\/wp\/v2\/product"}],"about":[{"href":"https:\/\/frcs-research.com\/fr\/wp-json\/wp\/v2\/types\/product"}],"replies":[{"embeddable":true,"href":"https:\/\/frcs-research.com\/fr\/wp-json\/wp\/v2\/comments?post=807"}],"wp:featuredmedia":[{"embeddable":true,"href":"https:\/\/frcs-research.com\/fr\/wp-json\/wp\/v2\/media\/808"}],"wp:attachment":[{"href":"https:\/\/frcs-research.com\/fr\/wp-json\/wp\/v2\/media?parent=807"}],"wp:term":[{"taxonomy":"product_brand","embeddable":true,"href":"https:\/\/frcs-research.com\/fr\/wp-json\/wp\/v2\/product_brand?post=807"},{"taxonomy":"product_cat","embeddable":true,"href":"https:\/\/frcs-research.com\/fr\/wp-json\/wp\/v2\/product_cat?post=807"},{"taxonomy":"product_tag","embeddable":true,"href":"https:\/\/frcs-research.com\/fr\/wp-json\/wp\/v2\/product_tag?post=807"}],"curies":[{"name":"wp","href":"https:\/\/api.w.org\/{rel}","templated":true}]}}